{"id":1568,"date":"2017-02-01T16:22:03","date_gmt":"2017-02-01T16:22:03","guid":{"rendered":"http:\/\/moverdb.com\/?page_id=1568"},"modified":"2026-01-08T14:40:03","modified_gmt":"2026-01-08T14:40:03","slug":"leo-packers-movers","status":"publish","type":"page","link":"https:\/\/moverdb.com\/sv\/leo-packers-movers\/","title":{"rendered":"Leo Packers and Movers - Internationell flyttning Recensioner"},"content":{"rendered":"<p>Leo Packers and Movers har sitt s\u00e4te i Bangalore, <a href=\"https:\/\/moverdb.com\/sv\/moving-to-india\/\" data-internallinksmanager029f6b8e52c=\"356\" title=\"Flytta till Indien? 2026 Levnadskostnader och tips om flyttning\">Indien<\/a>. F\u00f6retaget erbjuder sina kunder ett brett utbud av tj\u00e4nster som listas nedan, tillsammans med en f\u00f6retagsprofil och recensioner.<\/p>\n<p><strong>Internationella flyttar<\/strong><\/p>\n<ul>\n<li> D\u00f6rr till d\u00f6rr<\/li>\n<li> D\u00f6rr till terminal<\/li>\n<li> Fullst\u00e4ndig f\u00f6rpackningstj\u00e4nst, \u00f6mt\u00e5liga f\u00f6rem\u00e5l eller DIY-f\u00f6rpackning<\/li>\n<li> Demontering och \u00e5termontering av m\u00f6bler<\/li>\n<li> Fullst\u00e4ndig uppackningstj\u00e4nst tillg\u00e4nglig<\/li>\n<li> Borttagning av skr\u00e4p<\/li>\n<li> L\u00e5ng- och korttidsf\u00f6rvaring finns tillg\u00e4nglig<\/li>\n<li> Tullklarering och hj\u00e4lp med dokumentation<\/li>\n<li> Luftfrakt<\/li>\n<li> Sj\u00f6frakt<\/li>\n<li> F\u00f6rs\u00e4kring som ordnas<\/li>\n<\/ul>\n<p><strong>Flyttning av bost\u00e4der<\/strong><\/p>\n<ul>\n<li> D\u00f6rr till d\u00f6rr<\/li>\n<li> Fullst\u00e4ndig f\u00f6rpackningstj\u00e4nst finns tillg\u00e4nglig<\/li>\n<li> Demontering och \u00e5termontering av m\u00f6bler<\/li>\n<li> Uppackningstj\u00e4nst tillg\u00e4nglig<\/li>\n<li> Borttagning av skr\u00e4p<\/li>\n<li> Specialbyggda containerfordon<\/li>\n<li> L\u00e5ng- och korttidsf\u00f6rvaring<\/li>\n<li> F\u00f6rs\u00e4kring som ordnas<\/li>\n<\/ul>\n<p><strong>Flyttning av f\u00f6retag<\/strong><\/p>\n<ul>\n<li> D\u00f6rr till d\u00f6rr service<\/li>\n<li> Demontering och \u00e5termontering av m\u00f6bler<\/li>\n<li> Fullst\u00e4ndig packning<\/li>\n<li> Korrekt m\u00e4rkning<\/li>\n<li> Inst\u00e4llning av arbetsstationer<\/li>\n<li> Flyttningar efter arbetstid och p\u00e5 helger<\/li>\n<li> Borttagning av skr\u00e4p<\/li>\n<\/ul>\n<p><strong>Lagring<\/strong><\/p>\n<ul>\n<li> Skr\u00e4ddarsydda individuella stugor<\/li>\n<li> Dammfritt, termitfritt, luktfritt (skadedjurskontroll)<\/li>\n<li> RCC-byggnad med lokaler p\u00e5 f\u00f6rsta v\u00e5ningen<\/li>\n<li> Egen\u00e4gda lager<\/li>\n<li> S\u00e4kerhet dygnet runt<\/li>\n<li> \u00d6vervakning<\/li>\n<\/ul>\n<h2>Leo Packers and Movers f\u00f6retagsprofil<\/h2>\n<p>Leo Packers and Movers \u00f6ppnade sina d\u00f6rrar 1975 i Bangalore, Indien. F\u00f6retaget drivs fortfarande av grundarfamiljen Shah's och har nu tre generationer anst\u00e4llda. F\u00f6retaget \u00e4r ett oberoende flyttf\u00f6retag och \u00e4r k\u00e4nt i Indien som ett av de b\u00e4sta f\u00f6retagen f\u00f6r hush\u00e5lls- och f\u00f6retagsflyttar, b\u00e5de lokalt, regionalt och internationellt.<\/p>\n<p>F\u00f6retaget tror p\u00e5 att fr\u00e4mja och uppr\u00e4tth\u00e5lla en god relation med sina kunder. De vet att kostnaden \u00e4r en viktig faktor och str\u00e4var efter att h\u00e5lla priserna nere samtidigt som de erbjuder utm\u00e4rkt service. Leo Packers and Movers s\u00e4ger att varje flytt \u00e4r annorlunda och d\u00e4rf\u00f6r skr\u00e4ddarsys varje flytt f\u00f6r att passa kunden.<\/p>\n<p>Leo Packers and Movers har f\u00f6ljande ackrediteringar och anslutningar: -<\/p>\n<ul>\n<li> Inte omn\u00e4mnt p\u00e5 f\u00f6retagets webbplats<\/li>\n<\/ul>\n<h2>Leo Packers and Movers Recensioner<\/h2>\n<p><strong>Positivt:<\/strong><\/p>\n<ul>\n<li> <em>\"Medlemmarna i teamet uppf\u00f6rde sig inte bara bra utan h\u00f6ll sig ocks\u00e5 till sin uppgift och utf\u00f6rde sitt arbete fokuserat och t\u00e5lmodigt.\"<\/em> rarami20000 via <a href=\"http:\/\/www.mouthshut.com\/review\/Leo-Packers-and-Movers-Hyderabad-review-mmqtqrslsnm\" target=\"_blank\" rel=\"noopener\">MouthShut.com<\/a>\n<\/ul>\n<p><strong>Negativt:<\/strong><\/p>\n<ul>\n<li> <em>\"De h\u00e4r m\u00e4nniskorna \u00e4r de v\u00e4rsta, f\u00f6rst tar de pengarna fr\u00e5n dig och sedan lyssnar de aldrig p\u00e5 dig.\"<\/em> subbu2001978 via <a href=\"http:\/\/www.mouthshut.com\/review\/Leo-Packers-and-Movers-Hyderabad-review-sqtrrrmoqqm\" target=\"_blank\" rel=\"noopener\">MouthShut.com<\/a><\/li>\n<\/ul>\n<div itemprop=\"review\" itemscope itemtype=\"http:\/\/schema.org\/Review\">\n<span itemprop=\"author\" itemscope=\"\" itemtype=\"http:\/\/schema.org\/Organization\"><span itemprop=\"name\">MoverDB.com<\/span><\/span> Webbplatsgranskning p\u00e5 n\u00e4tet f\u00f6r <span itemprop=\"itemreviewed\" itemscope=\"\" itemtype=\"http:\/\/schema.org\/Brand\"><span itemprop=\"name\">Leo Packers and Movers<\/span><\/span>:<\/p>\n<ol>\n<li> Tydliga kontaktuppgifter p\u00e5 webbplatsen (inklusive telefonnummer): <strong>Ja<\/strong><\/li>\n<li> L\u00e4tt att f\u00e5 <a href=\"https:\/\/moverdb.com\/sv\/citat\/\">offerter f\u00f6r internationella flyttningar<\/a>? (Formul\u00e4r f\u00f6r beg\u00e4ran om uppskattning online): <strong>Ja<\/strong><\/li>\n<li> Tydlig information p\u00e5 webbplatsen: <strong>Begr\u00e4nsad<\/strong> Webbplatsen ger endast begr\u00e4nsad information om deras tj\u00e4nster.<\/li>\n<li> Medlemskap i internationellt erk\u00e4nda flyttorganisationer: <strong>Ej listad<\/strong><\/li>\n<li> F\u00f6rteckning \u00f6ver kunder och\/eller tidigare kundreferenser. <strong>Nej,<\/strong> men de har ett galleri med foton.<\/li>\n<\/ol>\n<div itemprop=\"reviewRating\" itemscope itemtype=\"http:\/\/schema.org\/Rating\"><meta itemprop=\"worstRating\" content = \"0\" \/><meta itemprop=\"bestRating\" content=\"5\" \/><meta itemprop=\"ratingValue\" content=\"3\"><\/div>\n<p><strong>Sammanfattande betyg: 3\/5<\/strong><br \/>\n<strong>Datum f\u00f6r granskning:<\/strong> <span itemprop=\"datePublished\" content=\"2017-02-01\">01\/02\/2017<\/span>\n<\/div>\n<p>L\u00e4s mer om <a href=\"https:\/\/moverdb.com\/sv\/flyttfirmor\/\">internationella flyttfirmor<\/a> och v\u00e5r <a href=\"https:\/\/moverdb.com\/sv\/recensioner\/\">granskningsprocess.<\/a>.<\/p>\n<p><strong>Webbplats:<\/strong> <a href=\"http:\/\/www.leopackersindia.com\/\" target=\"_blank\" rel=\"noopener\">http:\/\/www.leopackersindia.com\/<\/a><\/p>","protected":false},"excerpt":{"rendered":"<p>Leo Packers and Movers is based in Bangalore, India. The company offers its customers a wide range of services which are listed below, together with a company profile and reviews. International Moves Door to door Door to terminal Full packing service, fragile items or DIY packing Dismantling and reassembly of furniture Full unpacking service available [&hellip;]<\/p>\n","protected":false},"author":1,"featured_media":0,"parent":0,"menu_order":0,"comment_status":"closed","ping_status":"closed","template":"","meta":{"_genesis_hide_title":false,"_genesis_hide_breadcrumbs":false,"_genesis_hide_singular_image":false,"_genesis_hide_footer_widgets":false,"_genesis_custom_body_class":"","_genesis_custom_post_class":"","_genesis_layout":"","footnotes":""},"class_list":{"0":"post-1568","1":"page","2":"type-page","3":"status-publish","5":"entry"},"_links":{"self":[{"href":"https:\/\/moverdb.com\/sv\/wp-json\/wp\/v2\/pages\/1568","targetHints":{"allow":["GET"]}}],"collection":[{"href":"https:\/\/moverdb.com\/sv\/wp-json\/wp\/v2\/pages"}],"about":[{"href":"https:\/\/moverdb.com\/sv\/wp-json\/wp\/v2\/types\/page"}],"author":[{"embeddable":true,"href":"https:\/\/moverdb.com\/sv\/wp-json\/wp\/v2\/users\/1"}],"replies":[{"embeddable":true,"href":"https:\/\/moverdb.com\/sv\/wp-json\/wp\/v2\/comments?post=1568"}],"version-history":[{"count":3,"href":"https:\/\/moverdb.com\/sv\/wp-json\/wp\/v2\/pages\/1568\/revisions"}],"predecessor-version":[{"id":13170,"href":"https:\/\/moverdb.com\/sv\/wp-json\/wp\/v2\/pages\/1568\/revisions\/13170"}],"wp:attachment":[{"href":"https:\/\/moverdb.com\/sv\/wp-json\/wp\/v2\/media?parent=1568"}],"curies":[{"name":"wp","href":"https:\/\/api.w.org\/{rel}","templated":true}]}}