{"id":1558,"date":"2017-07-10T10:38:01","date_gmt":"2017-07-10T10:38:01","guid":{"rendered":"http:\/\/moverdb.com\/?page_id=1558"},"modified":"2026-01-08T15:20:30","modified_gmt":"2026-01-08T15:20:30","slug":"packimpex","status":"publish","type":"page","link":"https:\/\/moverdb.com\/sv\/packimpex\/","title":{"rendered":"Packimpex - Internationell flyttning och flyttning Recensioner"},"content":{"rendered":"<p>Packimpex \u00e4r ett f\u00f6retag f\u00f6r flyttning och <a href=\"https:\/\/moverdb.com\/sv\/international-removals\/\" data-internallinksmanager029f6b8e52c=\"27\" title=\"36 b\u00e4sta internationella flyttfirmor i Storbritannien\">flyttfirma<\/a> med s\u00e4te i <a href=\"https:\/\/moverdb.com\/sv\/moving-to-bern\/\" data-internallinksmanager029f6b8e52c=\"262\" title=\"Flyttar du till Bern? 2026 Levnadskostnader och flyttningstips\">Bern<\/a>, <a href=\"https:\/\/moverdb.com\/sv\/moving-to-switzerland\/\" data-internallinksmanager029f6b8e52c=\"327\" title=\"Flyttar du till Schweiz? 2026 Levnadskostnader och flyttningstips\">Schweiz<\/a>. F\u00f6retaget erbjuder sina kunder en rad tj\u00e4nster som listas nedan, tillsammans med en f\u00f6retagsprofil och recensioner.<\/p>\n<p><strong>Internationella flyttar<\/strong><\/p>\n<ul>\n<li> En dedikerad flyttledare<\/li>\n<li> Fullst\u00e4ndig f\u00f6rpackningstj\u00e4nst, partiell f\u00f6rpackning eller DIY-f\u00f6rpackning<\/li>\n<li> Flerspr\u00e5kiga packare<\/li>\n<li> \u00c5teranv\u00e4ndbara och \u00e5tervinningsbara f\u00f6rpackningar d\u00e4r det \u00e4r m\u00f6jligt.<\/li>\n<li> Luft-, v\u00e4g- eller sj\u00f6transport<\/li>\n<li> Flyttning av husdjur<\/li>\n<li> <a href=\"https:\/\/moverdb.com\/sv\/biltransport-frakt\/\">Bilar<\/a><\/li>\n<li> L\u00e5ng- och korttidsf\u00f6rvaring<\/li>\n<li> Hj\u00e4lp med tullklarering och dokumentation<\/li>\n<li> Fullst\u00e4ndig uppackningstj\u00e4nst tillg\u00e4nglig<\/li>\n<li> F\u00f6rs\u00e4kring som ordnas<\/li>\n<\/ul>\n<p><strong>Destinationstj\u00e4nster - Schweiz<\/strong><\/p>\n<ul>\n<li> Konsultverksamhet<\/li>\n<li> Invandringstj\u00e4nster<\/li>\n<li> Orienteringstur<\/li>\n<li> Ankomsttj\u00e4nst<\/li>\n<li> Tillf\u00e4lligt boende ordnas<\/li>\n<li> S\u00f6kning p\u00e5 hemsidan<\/li>\n<li> St\u00f6d till utbildning och barnomsorg<\/li>\n<li> Inskolning i tj\u00e4nsterna<\/li>\n<li> St\u00f6dprogram f\u00f6r integration<\/li>\n<li> Bilar - importera eller k\u00f6pa<\/li>\n<li> Gruppf\u00f6rflyttningar<\/li>\n<li> Tj\u00e4nster vid avresa<\/li>\n<\/ul>\n<p><strong>Corporate Housing Services<\/strong><\/p>\n<ul>\n<li> Hantering av bokningar<\/li>\n<li> F\u00f6rvaltning av l\u00e4genheter<\/li>\n<li> Kostnadsf\u00f6rvaltning<\/li>\n<li> St\u00f6d vid hyresg\u00e4stbyte<\/li>\n<li> Pooling av f\u00f6retagsl\u00e4genheter<\/li>\n<li> Uthyrning av m\u00f6bler<\/li>\n<li> F\u00f6rvaltning av m\u00f6bler<\/li>\n<li> M\u00f6blerade l\u00e4genheter fr\u00e5n Packimpex<\/li>\n<\/ul>\n<p><strong>Lokala flyttar<\/strong><\/p>\n<ul>\n<li> D\u00f6rr till d\u00f6rr<\/li>\n<li> Flytt med full service<\/li>\n<li> Begr\u00e4nsad servicef\u00f6rflyttning<\/li>\n<li> L\u00e5ng- och korttidsf\u00f6rvaring<\/li>\n<li> Uppackningstj\u00e4nst tillg\u00e4nglig<\/li>\n<li> F\u00f6rs\u00e4kring som tillhandah\u00e5lls<\/li>\n<li> Borttagning av skr\u00e4p<\/li>\n<\/ul>\n<h2>Packimpex f\u00f6retagsprofil<\/h2>\n<p>Packimpex b\u00f6rjade koncentrera sig p\u00e5 internationella flyttar 1977 och \u00e4r nu f\u00f6reg\u00e5ngare inom internationella flyttar och omlokaliseringar i Schweiz. F\u00f6retaget har tio kontor p\u00e5 olika platser i Schweiz och ett i Schweiz. <a href=\"https:\/\/moverdb.com\/sv\/moving-to-germany\/\" data-internallinksmanager029f6b8e52c=\"321\" title=\"Flyttar du till Tyskland? 2026 Levnadskostnader och flyttningstips\">Tyskland<\/a>. Packimpex har \u00f6ver 300 anst\u00e4llda, som alla enligt f\u00f6retaget \u00e4r experter inom sitt eget omr\u00e5de. F\u00f6retaget har en egen utbildningsakademi f\u00f6r att h\u00e5lla sig uppdaterad om de senaste innovationerna inom flytt- och flyttbranschen.<\/p>\n<p>\u00d6ver 60% av de 100 st\u00f6rsta f\u00f6retagen i Schweiz anv\u00e4nder Packimpex f\u00f6r sina lokala flyttar och personalflyttar. Packimpex \u00e4r en del av UniGroup Relocation Network, vilket ger tillg\u00e5ng till flyttfirmor i 63 l\u00e4nder och p\u00e5 1200 platser. F\u00f6retaget \u00e4ger ocks\u00e5 40 m\u00f6blerade l\u00e4genheter i st\u00f6rre st\u00e4der i Schweiz som hyrs ut till f\u00f6retag och deras utlandspersonal.<\/p>\n<p>Packimpex \u00e4r stolt \u00f6ver sin milj\u00f6v\u00e4nliga aff\u00e4rsmodell och \u00e5tervinner sina f\u00f6rpackningar d\u00e4r det \u00e4r m\u00f6jligt. F\u00f6retaget har hela tiden olika projekt f\u00f6r koldioxidkompensation p\u00e5 g\u00e5ng f\u00f6r att minska f\u00f6retagets koldioxidavtryck.<\/p>\n<p>Packimpex har f\u00f6ljande ackrediteringar och anslutningar:<\/p>\n<ul>\n<li> <a href=\"https:\/\/moverdb.com\/sv\/fidi-faim\/\">FIDI<\/a><\/li>\n<li> <a href=\"https:\/\/moverdb.com\/sv\/fidi-faim\/\" data-internallinksmanager029f6b8e52c=\"16\" title=\"FIDI &amp; FAIM (FIDI Accredited International Mover) f\u00f6rklaras\">FAIM<\/a>-ISO<\/li>\n<li> UniGroup Relocation Network<\/li>\n<li> OMNI<\/li>\n<li> <a href=\"https:\/\/moverdb.com\/sv\/radet-for-omplacering-av-arbetstagare\/\">R\u00e5det f\u00f6r omplacering av arbetstagare<\/a> (<a href=\"https:\/\/moverdb.com\/sv\/employee-relocation-council\/\" data-internallinksmanager029f6b8e52c=\"83\" title=\"F\u00f6rklaring av ERC (Employee Relocation Council) i hela v\u00e4rlden\">ERC<\/a>)<\/li>\n<li> <a href=\"https:\/\/moverdb.com\/sv\/eura\/\">Europeiska sammanslutningen f\u00f6r omlokalisering<\/a> (<a href=\"https:\/\/moverdb.com\/sv\/eura\/\" data-internallinksmanager029f6b8e52c=\"13\" title=\"European Relocation Association (EuRA) f\u00f6rklaras\">EURA<\/a>)<\/li>\n<li> ISO 9001<\/li>\n<li> ISO 14001<\/li>\n<li> ISO 27001<\/li>\n<\/ul>\n<h2>Recensioner av Packimpex<\/h2>\n<p><strong>Positivt:<\/strong><\/p>\n<p><em>\"De h\u00e4r killarna var fantastiska. Jag har ingen aning om hur <a href=\"https:\/\/moverdb.com\/sv\/flyttkostnader\/\" target=\"_blank\" rel=\"noopener\">kostnad<\/a> eftersom f\u00f6retaget tog hand om detta, men den omsorg de visade n\u00e4r de packade ner mitt hus i <a href=\"https:\/\/moverdb.com\/sv\/moving-to-london\/\" target=\"_blank\" rel=\"noopener\">London<\/a> och den omsorg de lade ner p\u00e5 att montera ihop allt p\u00e5 den h\u00e4r sidan var fantastisk.\"<\/em> - via <a href=\"https:\/\/www.englishforum.ch\/housing-general\/131431-packimpex-review.html\" target=\"_blank\" rel=\"noopener\">Engelska Forum Schweiz<\/a><\/p>\n<p><strong>Negativt: <\/strong><\/p>\n<p><em>\"Extremt d\u00e5lig hantering av avresearrangemang\"<\/em> - Anu via <a href=\"https:\/\/www.facebook.com\/pg\/packimpex\/reviews\/?ref=page_internal\" target=\"_blank\" rel=\"noopener\">Facebook<\/a><\/p>\n<div itemprop=\"review\" itemscope itemtype=\"http:\/\/schema.org\/Review\">\n<span itemprop=\"author\" itemscope=\"\" itemtype=\"http:\/\/schema.org\/Organization\"><span itemprop=\"name\">MoverDB.com<\/span><\/span> Webbplatsgranskning p\u00e5 n\u00e4tet f\u00f6r <span itemprop=\"itemreviewed\" itemscope=\"\" itemtype=\"http:\/\/schema.org\/Brand\"><span itemprop=\"name\">Packimpex<\/span><\/span>:<\/p>\n<ol>\n<li> Tydliga kontaktuppgifter p\u00e5 webbplatsen (inklusive telefonnummer): <strong>Ja<\/strong><\/li>\n<li> L\u00e4tt att f\u00e5 <a href=\"https:\/\/moverdb.com\/sv\/citat\/\">offerter f\u00f6r internationella flyttningar<\/a>? (Formul\u00e4r f\u00f6r beg\u00e4ran om uppskattning online): <strong>Ja<\/strong><\/li>\n<li> Tydlig information p\u00e5 webbplatsen: <strong>Ja,<\/strong> P\u00e5 webbplatsen finns en tydlig beskrivning av alla tj\u00e4nster som de erbjuder.<\/li>\n<li> Medlemskap i internationellt erk\u00e4nda flyttorganisationer: <strong>Ja<\/strong>, (se ovan)<\/li>\n<li> F\u00f6rteckning \u00f6ver kunder och\/eller tidigare kundreferenser. <strong>Nej,<\/strong> men de flesta recensioner p\u00e5 n\u00e4tet om f\u00f6retaget verkar vara positiva.<\/li>\n<\/ol>\n<div itemprop=\"reviewRating\" itemscope itemtype=\"http:\/\/schema.org\/Rating\"><meta itemprop=\"worstRating\" content = \"0\" \/><meta itemprop=\"bestRating\" content=\"5\" \/><meta itemprop=\"ratingValue\" content=\"4.5\"><\/div>\n<p><strong>Sammanfattande betyg: 4.5\/5<\/strong><br \/>\n<strong>Datum f\u00f6r granskning:<\/strong> <span itemprop=\"datePublished\" content=\"2017-07-10\">10\/07\/2017<\/span>\n<\/div>\n<p>L\u00e4s mer om <a href=\"https:\/\/moverdb.com\/sv\/flyttfirmor\/\">internationella flyttfirmor<\/a> och v\u00e5r <a href=\"https:\/\/moverdb.com\/sv\/recensioner\/\">f\u00f6rklaring av granskningsf\u00f6rfarandet<\/a>.<\/p>\n<p><strong>Webbplats:<\/strong> <a href=\"http:\/\/www.packimpex.ch\/\" target=\"_blank\" rel=\"noopener\">http:\/\/www.packimpex.ch\/<\/a><\/p>","protected":false},"excerpt":{"rendered":"<p>Packimpex is a relocation and removal company based in Bern, Switzerland. It offers its clients a range of services which are listed below, together with a company profile and reviews. International Moves Dedicated move manager Full packing service, partial packing or DIY packing Multilingual packers Reusable and recyclable packing where possible Air, road or sea [&hellip;]<\/p>\n","protected":false},"author":1,"featured_media":0,"parent":0,"menu_order":0,"comment_status":"closed","ping_status":"closed","template":"","meta":{"_genesis_hide_title":false,"_genesis_hide_breadcrumbs":false,"_genesis_hide_singular_image":false,"_genesis_hide_footer_widgets":false,"_genesis_custom_body_class":"","_genesis_custom_post_class":"","_genesis_layout":"","footnotes":""},"class_list":{"0":"post-1558","1":"page","2":"type-page","3":"status-publish","5":"entry"},"_links":{"self":[{"href":"https:\/\/moverdb.com\/sv\/wp-json\/wp\/v2\/pages\/1558","targetHints":{"allow":["GET"]}}],"collection":[{"href":"https:\/\/moverdb.com\/sv\/wp-json\/wp\/v2\/pages"}],"about":[{"href":"https:\/\/moverdb.com\/sv\/wp-json\/wp\/v2\/types\/page"}],"author":[{"embeddable":true,"href":"https:\/\/moverdb.com\/sv\/wp-json\/wp\/v2\/users\/1"}],"replies":[{"embeddable":true,"href":"https:\/\/moverdb.com\/sv\/wp-json\/wp\/v2\/comments?post=1558"}],"version-history":[{"count":4,"href":"https:\/\/moverdb.com\/sv\/wp-json\/wp\/v2\/pages\/1558\/revisions"}],"predecessor-version":[{"id":6228,"href":"https:\/\/moverdb.com\/sv\/wp-json\/wp\/v2\/pages\/1558\/revisions\/6228"}],"wp:attachment":[{"href":"https:\/\/moverdb.com\/sv\/wp-json\/wp\/v2\/media?parent=1558"}],"curies":[{"name":"wp","href":"https:\/\/api.w.org\/{rel}","templated":true}]}}