{"id":1548,"date":"2017-02-01T15:00:53","date_gmt":"2017-02-01T15:00:53","guid":{"rendered":"http:\/\/moverdb.com\/?page_id=1548"},"modified":"2026-01-08T15:20:43","modified_gmt":"2026-01-08T15:20:43","slug":"sirva","status":"publish","type":"page","link":"https:\/\/moverdb.com\/sv\/sirva\/","title":{"rendered":"SIRVA - Internationell flyttning och omlokalisering Recensioner"},"content":{"rendered":"<p>SIRVA \u00e4r ett globalt flyttf\u00f6retag med huvudkontor i <a href=\"https:\/\/moverdb.com\/sv\/moving-to-the-united-states\/moving-to-illinois\/\" data-internallinksmanager029f6b8e52c=\"401\" title=\"Flyttar till Illinois? 2026 Levnadskostnader &amp; tips om flyttning\">Illinois<\/a>. F\u00f6retaget erbjuder sina f\u00f6retags- och privatkunder en rad olika flyttj\u00e4nster. Dessa listas nedan tillsammans med en f\u00f6retagsprofil och recensioner.<\/p>\n<p><strong>Internationell flyttning<\/strong><\/p>\n<ul>\n<li> V\u00e4rldsomsp\u00e4nnande n\u00e4tverk av flyttresurser<\/li>\n<li> Sp\u00e5ra din f\u00f6rs\u00e4ndelse dygnet runt<\/li>\n<li> Unders\u00f6kning av huset f\u00f6r att fastst\u00e4lla f\u00f6rpackningsbehov etc.<\/li>\n<li> F\u00f6rs\u00e4kring som ordnas<\/li>\n<li> Den personliga samordnaren hj\u00e4lper till med den dokumentation som kr\u00e4vs.<\/li>\n<li> F\u00f6rpackning och lastning<\/li>\n<li> Tullklarering<\/li>\n<li> Leverans och uppackning<\/li>\n<li> Engelsktalande bes\u00e4ttningsledare kommer att vara tillg\u00e4ngliga f\u00f6r att hj\u00e4lpa dig vid leveransen.<\/li>\n<li> Alla f\u00f6rem\u00e5l kommer att lastas av noggrant och kontrolleras mot din inventarielista och placeras i r\u00e4tt rum.<\/li>\n<li> Br\u00e4ckliga f\u00f6rem\u00e5l, som glas och <a href=\"https:\/\/moverdb.com\/sv\/moving-to-china\/\" data-internallinksmanager029f6b8e52c=\"357\" title=\"Flytta till Kina? 2026 Levnadskostnader och tips om omlokalisering\">Kina<\/a>, packas upp p\u00e5 plana ytor<\/li>\n<li> Allt f\u00f6rpackningsmaterial och skr\u00e4p avl\u00e4gsnas snabbt fr\u00e5n ditt hem.<\/li>\n<\/ul>\n<p><strong>Tj\u00e4nster f\u00f6r f\u00f6retagsflyttning<\/strong><\/p>\n<ul>\n<li> Inskolning i tj\u00e4nsterna<\/li>\n<li> Visum och arbetstillst\u00e5nd<\/li>\n<li> S\u00f6kning av skola och hem<\/li>\n<li> Kulturell information<\/li>\n<li> St\u00f6d till partner\/maka\/make<\/li>\n<li> Specialiserad f\u00f6rpackning<\/li>\n<\/ul>\n<p><strong>Flyttj\u00e4nster<\/strong><\/p>\n<ul>\n<li> Flyttning av hush\u00e5ll<\/li>\n<li> F\u00f6retagsflytt<\/li>\n<li> Lokal flyttning<\/li>\n<li> Flytt mellan stater<\/li>\n<li> Internationell flyttning<\/li>\n<li> Personlig flyttplan<\/li>\n<\/ul>\n<h2>SIRVAs f\u00f6retagsprofil<\/h2>\n<p>Sirva Inc bildades 1997 och \u00e4r ett f\u00f6retag som tillhandah\u00e5ller flytt- och f\u00f6rflyttningstj\u00e4nster till f\u00f6retag och privatpersoner. F\u00f6retaget \u00e4r verksamt i mer \u00e4n 170 l\u00e4nder i \u00f6ver 1 400 st\u00e4der och dess nordamerikanska varum\u00e4rken \u00e4r bl.a. <a href=\"https:\/\/moverdb.com\/sv\/allied-van-lines\/\">Allied Van Lines<\/a> och <a href=\"https:\/\/moverdb.com\/sv\/north-american-van-lines\/\">North American Van Lines<\/a>.<\/p>\n<p>Sirva genomf\u00f6r cirka 385 000 flyttningar per \u00e5r i 43 l\u00e4nder runt om i v\u00e4rlden. Dessa omfattar s\u00e5v\u00e4l f\u00f6retagskunder som milit\u00e4r och statlig personal.<\/p>\n<p>Sirva har f\u00f6ljande ackrediteringar och anslutningar:<\/p>\n<ul>\n<li> <a href=\"https:\/\/moverdb.com\/sv\/jag-ar\/\">Internationella sammanslutningen av flyttfirmor<\/a> (<a href=\"https:\/\/moverdb.com\/sv\/iam\/\" data-internallinksmanager029f6b8e52c=\"23\" title=\"International Association of Movers (IAM) f\u00f6rklaras\">IAM<\/a>)<\/li>\n<\/ul>\n<h2>Recensioner av SIRVA<\/h2>\n<p><strong>Positivt:<\/strong><\/p>\n<ul>\n<li> <em>\"Min man och jag hade en fantastisk upplevelse n\u00e4r vi anv\u00e4nde Sirva hypoteksl\u00e5n i samband med v\u00e5r nyligen genomf\u00f6rda flytt.\"<\/em> Karlee via <a href=\"https:\/\/www.reputada.com\/company\/sirva.com\" target=\"_blank\" rel=\"noopener\">Renommerad<\/a>.\n<\/ul>\n<p><strong>Negativt:<\/strong><\/p>\n<ul>\n<li> <em>\"F\u00f6r att mitt svar inte ska ses som n\u00e5gon form av \"f\u00f6rtal\" ska jag g\u00f6ra mitt b\u00e4sta f\u00f6r att bara beskriva vad som h\u00e4nde och f\u00f6rs\u00f6ka anv\u00e4nda s\u00e5 f\u00e5 entusiastiska ord som rimligen kan f\u00f6rv\u00e4ntas.\" <\/em> - Lilaora via <a href=\"https:\/\/www.trulia.com\/voices\/Home_Selling\/Has_anyone_dealt_with_a_relocation_firm_called_SIR-29232\" target=\"_blank\" rel=\"noopener\">Trulia<\/a>.\n<\/ul>\n<p>F\u00f6r SIRVA-m\u00e4rken b\u00f6r du ocks\u00e5 l\u00e4sa <a href=\"https:\/\/moverdb.com\/sv\/allied-van-lines\/\">Allied Van Lines recensioner<\/a> och <a href=\"https:\/\/moverdb.com\/sv\/north-american-van-lines\/\">North American Van Lines recensioner<\/a>.<\/p>\n<div itemprop=\"review\" itemscope itemtype=\"http:\/\/schema.org\/Review\">\n<span itemprop=\"author\" itemscope=\"\" itemtype=\"http:\/\/schema.org\/Organization\"><span itemprop=\"name\">MoverDB.com<\/span><\/span> Webbplatsgranskning p\u00e5 n\u00e4tet f\u00f6r <span itemprop=\"itemreviewed\" itemscope=\"\" itemtype=\"http:\/\/schema.org\/Brand\"><span itemprop=\"name\">SIRVA<\/span><\/span>:<\/p>\n<ol>\n<li> Tydliga kontaktuppgifter p\u00e5 webbplatsen (inklusive telefonnummer): <strong>Ja<\/strong><\/li>\n<li> L\u00e4tt att f\u00e5 <a href=\"https:\/\/moverdb.com\/sv\/citat\/\">offerter f\u00f6r internationella flyttningar<\/a>? (Formul\u00e4r f\u00f6r beg\u00e4ran om uppskattning online): <strong>Ja<\/strong><\/li>\n<li> Tydlig information p\u00e5 webbplatsen: <strong>Ja,<\/strong> P\u00e5 webbplatsen finns en tydlig beskrivning av alla tj\u00e4nster som de erbjuder.<\/li>\n<li> Medlemskap i internationellt erk\u00e4nda flyttorganisationer: <strong>Ja<\/strong>, (dock endast IAM)<\/li>\n<li> F\u00f6rteckning \u00f6ver kunder och\/eller tidigare kundreferenser. <strong>Ja,<\/strong> De har en sektion med fallstudier p\u00e5 sin webbplats. Det finns dock ett begr\u00e4nsat antal recensioner fr\u00e5n hela webben, varav de flesta \u00e4r neutrala eller negativa.<\/li>\n<\/ol>\n<div itemprop=\"reviewRating\" itemscope itemtype=\"http:\/\/schema.org\/Rating\"><meta itemprop=\"worstRating\" content = \"0\" \/><meta itemprop=\"bestRating\" content=\"5\" \/><meta itemprop=\"ratingValue\" content=\"4.5\"><\/div>\n<p><strong>Sammanfattande betyg: 4.5\/5<\/strong><br \/>\n<strong>Datum f\u00f6r granskning:<\/strong> <span itemprop=\"datePublished\" content=\"2016-02-01\">01\/02\/2017<\/span>\n<\/div>\n<p>L\u00e4s mer om <a href=\"https:\/\/moverdb.com\/sv\/flyttfirmor\/\">internationella flyttfirmor<\/a> och v\u00e5r <a href=\"https:\/\/moverdb.com\/sv\/recensioner\/\">granskningsprocess.<\/a>.<\/p>\n<p><strong>Webbplats:<\/strong> <a href=\"https:\/\/www.sirva.com\/\" target=\"_blank\" rel=\"noopener\">https:\/\/www.sirva.com\/<\/a> <\/p>","protected":false},"excerpt":{"rendered":"<p>SIRVA is a global relocation company with its head office in Illinois. It offers its corporate and individual clients a variety of moving services. These are listed below together with a company profile and reviews. International Moving Worldwide network of moving resources Track your shipment 24\/7 House survey to ascertain packing requirements etc Insurance arranged [&hellip;]<\/p>\n","protected":false},"author":1,"featured_media":0,"parent":0,"menu_order":0,"comment_status":"closed","ping_status":"closed","template":"","meta":{"_genesis_hide_title":false,"_genesis_hide_breadcrumbs":false,"_genesis_hide_singular_image":false,"_genesis_hide_footer_widgets":false,"_genesis_custom_body_class":"","_genesis_custom_post_class":"","_genesis_layout":"","footnotes":""},"class_list":{"0":"post-1548","1":"page","2":"type-page","3":"status-publish","5":"entry"},"_links":{"self":[{"href":"https:\/\/moverdb.com\/sv\/wp-json\/wp\/v2\/pages\/1548","targetHints":{"allow":["GET"]}}],"collection":[{"href":"https:\/\/moverdb.com\/sv\/wp-json\/wp\/v2\/pages"}],"about":[{"href":"https:\/\/moverdb.com\/sv\/wp-json\/wp\/v2\/types\/page"}],"author":[{"embeddable":true,"href":"https:\/\/moverdb.com\/sv\/wp-json\/wp\/v2\/users\/1"}],"replies":[{"embeddable":true,"href":"https:\/\/moverdb.com\/sv\/wp-json\/wp\/v2\/comments?post=1548"}],"version-history":[{"count":5,"href":"https:\/\/moverdb.com\/sv\/wp-json\/wp\/v2\/pages\/1548\/revisions"}],"predecessor-version":[{"id":6239,"href":"https:\/\/moverdb.com\/sv\/wp-json\/wp\/v2\/pages\/1548\/revisions\/6239"}],"wp:attachment":[{"href":"https:\/\/moverdb.com\/sv\/wp-json\/wp\/v2\/media?parent=1548"}],"curies":[{"name":"wp","href":"https:\/\/api.w.org\/{rel}","templated":true}]}}