{"id":1542,"date":"2017-02-01T16:45:14","date_gmt":"2017-02-01T16:45:14","guid":{"rendered":"http:\/\/moverdb.com\/?page_id=1542"},"modified":"2026-01-08T15:30:38","modified_gmt":"2026-01-08T15:30:38","slug":"vip-transport","status":"publish","type":"page","link":"https:\/\/moverdb.com\/sv\/vip-transport\/","title":{"rendered":"VIP Transport - Internationell flyttning Recensioner"},"content":{"rendered":"<p>VIP Transports huvudkontor ligger i Corona, CA. F\u00f6retaget erbjuder sina kunder en m\u00e4ngd olika flyttj\u00e4nster som listas nedan, tillsammans med en f\u00f6retagsprofil och recensioner.<\/p>\n<p><strong>Internationella flyttar<\/strong><\/p>\n<p>Tj\u00e4nster f\u00f6re uppdragstilldelningen<\/p>\n<ul>\n<li>Visum- och invandringstj\u00e4nster<\/li>\n<li>F\u00f6rhandsgranskning av resan och orientering om omr\u00e5det<\/li>\n<li>Information om land och kultur<\/li>\n<\/ul>\n<p>Flyttj\u00e4nster<\/p>\n<ul>\n<li>Planering f\u00f6re flytten<\/li>\n<li>Transport av tillh\u00f6righeter<\/li>\n<li>Hantering av flytten<\/li>\n<li>Sp\u00e5rning av f\u00f6rs\u00e4ndelser<\/li>\n<\/ul>\n<p>Internationella tj\u00e4nster f\u00f6r destinationer<\/p>\n<ul>\n<li>Kulturell och spr\u00e5klig utbildning<\/li>\n<li>St\u00f6d till skolor<\/li>\n<li>St\u00f6d fr\u00e5n partner\/maka\/make<\/li>\n<li>Inskolning i tj\u00e4nsten<\/li>\n<li>Hj\u00e4lp vid avresa<\/li>\n<\/ul>\n<p>Skyddstj\u00e4nster<\/p>\n<ul>\n<li>Viktmultiplikator<\/li>\n<li>Inventarier av h\u00f6gt v\u00e4rde<\/li>\n<li>V\u00e4rderad inventarief\u00f6rteckning med specificerade uppgifter<\/li>\n<\/ul>\n<p>St\u00f6d till bost\u00e4der<\/p>\n<ul>\n<li>Tj\u00e4nster f\u00f6r att hitta ett hem<\/li>\n<li>Tillf\u00e4lligt boende<\/li>\n<li>F\u00f6rvaltning av fastigheter och hyresavtal<\/li>\n<\/ul>\n<p><strong>Flyttning av hem<\/strong><\/p>\n<ul>\n<li>Lokal, l\u00e5ngv\u00e4ga och internationell flyttning<\/li>\n<li>Lagring och klimatkontrollerad lagring<\/li>\n<li>Anpassad kasse<\/li>\n<li>Tj\u00e4nster f\u00f6r packning och uppackning<\/li>\n<li>Biltransporter<\/li>\n<li>N\u00e4tverk, PC och teater<\/li>\n<li>Fastighetstj\u00e4nster<\/li>\n<li>Tj\u00e4nster med vita handskar<\/li>\n<\/ul>\n<p><strong>Flyttning av f\u00f6retag<\/strong><\/p>\n<ul>\n<li>Personlig samordnare<\/li>\n<li>D\u00f6rr till d\u00f6rr<\/li>\n<li>Full service f\u00f6r packning och uppackning<\/li>\n<li>L\u00e5ng- och korttidsf\u00f6rvaring<\/li>\n<li>Omfattande rapportering och kostnadssp\u00e5rning<\/li>\n<li>Skiktade tj\u00e4nsteerbjudanden<\/li>\n<li>Flexibla tj\u00e4nster f\u00f6r bidragsbaserade utgifter<\/li>\n<li>Anpassade v\u00e4lkomstbroschyrer<\/li>\n<li>Sp\u00e5rning online<\/li>\n<li>S\u00e4rskild kundansvarig enbart f\u00f6r anst\u00e4llda<\/li>\n<li>Tillf\u00e4lliga bost\u00e4der<\/li>\n<\/ul>\n<p><strong>Specialiserade tj\u00e4nster<\/strong><\/p>\n<ul>\n<li>Tj\u00e4nster f\u00f6r flyttning och transport av vin<\/li>\n<li>Anpassad transport<\/li>\n<li>White Glove Service<\/li>\n<li>Samlingsf\u00f6rem\u00e5l av h\u00f6gt v\u00e4rde<\/li>\n<li>Transport av medicinsk utrustning<\/li>\n<li>Elektronik och robotik<\/li>\n<li>Hotell- och h\u00e4lsov\u00e5rd<\/li>\n<li>Musik och underh\u00e5llning<\/li>\n<li>Logistik f\u00f6r flyg- och rymdindustrin<\/li>\n<li>Flyttning av idrottare och idrottslag<\/li>\n<li>Service till Hawaii\u00f6arna<\/li>\n<li>Flyttning av laboratorier<\/li>\n<li>Konst och antikviteter<\/li>\n<li>Milit\u00e4r och GSA<\/li>\n<li>Omlokaliseringar av universitet och akademiska institutioner<\/li>\n<\/ul>\n<p><strong>Logistik<\/strong><\/p>\n<ul>\n<li>Logistik\/ LTL\/ Lastbilar<\/li>\n<li>Lagring och distribution<\/li>\n<li>Flottans kapacitet<\/li>\n<li>Tj\u00e4nster f\u00f6r m\u00e4ssor<\/li>\n<li>Kommersiell flyttning<\/li>\n<li>Tj\u00e4nster f\u00f6r platta lastb\u00e4ddar<\/li>\n<li>Riggtj\u00e4nster<\/li>\n<li><a href=\"https:\/\/moverdb.com\/sv\/container-shipping\/\" data-internallinksmanager029f6b8e52c=\"3\" title=\"Diagram \u00f6ver internationella containerfraktpriser: Maj 2026\">Internationell frakt<\/a><\/li>\n<\/ul>\n<p><strong>Lagring<\/strong><\/p>\n<ul>\n<li>L\u00e5ng och kort sikt<\/li>\n<li>Klimatkontrollerad med minimal UV-belysning<\/li>\n<li>Privat vinf\u00f6rvaring<\/li>\n<li>24 timmars s\u00e4kerhet<\/li>\n<li>Strikt testning av brand, larm och s\u00e4kerhet<\/li>\n<li>Privata klimatkontrollerade rum tillg\u00e4ngliga med s\u00e4krade kodentrissystem.<\/li>\n<\/ul>\n<h2>VIP Transport F\u00f6retagsprofil<\/h2>\n<p>VIP Transport \u00e4r en del av UniGroup, som \u00e4r moderbolag till <a href=\"https:\/\/moverdb.com\/sv\/mayflower-transit\/\">Mayflower Transit<\/a> och <a href=\"https:\/\/moverdb.com\/sv\/united-van-lines\/\">United Van Lines<\/a>. F\u00f6retaget, som startade 1982, transporterar m\u00e4nniskor och varor \u00f6ver hela v\u00e4rlden och anv\u00e4nder sig av UniGroups agentn\u00e4tverk. <\/p>\n<p>I <a href=\"https:\/\/moverdb.com\/sv\/moving-to-the-united-states\/\" data-internallinksmanager029f6b8e52c=\"94\" title=\"Flyttar du till USA? 2026 Levnadskostnader och flyttningstips\">F\u00f6renta staterna<\/a> Enbart i Europa finns det 1 100 agenter att v\u00e4nda sig till och internationellt finns det \u00f6ver 1 350 agenter. VIP Transport har ocks\u00e5 tillg\u00e5ng till 46 miljoner kvadratmeter lagerutrymme, varav 7 miljoner \u00e4r klimatkontrollerade.<\/p>\n<p>VIP Transport har en specialiserad fordonsflotta med bland annat klimatkontrollerade sl\u00e4pvagnar, generatordrivna laboratoriebussar och platta s\u00e4ngar med s\u00e4rskilda lastningsm\u00f6jligheter. F\u00f6retaget f\u00f6ljer ett strikt gr\u00f6nt program f\u00f6r att minimera sitt koldioxidavtryck.<br \/>\nVIP Transport har f\u00f6ljande ackrediteringar och anslutningar:<\/p>\n<ul>\n<li> <a href=\"https:\/\/moverdb.com\/sv\/amsa\/\">Amerikansk f\u00f6rening f\u00f6r flyttning och lagring<\/a> (<a href=\"https:\/\/moverdb.com\/sv\/amsa\/\" data-internallinksmanager029f6b8e52c=\"5\" title=\"American Moving &amp; Storage Association (AMSA) f\u00f6rklaras\">AMSA<\/a>)<\/li>\n<li> <a href=\"https:\/\/moverdb.com\/sv\/falg-promover\/\">ProMover<\/a><\/li>\n<li> Better Business Bureau (BBB) A+<\/li>\n<li> WBENC-certifierad<\/li>\n<li> ISO 9001<\/li>\n<\/ul>\n<h2>Recensioner av VIP Transport<\/h2>\n<p><strong>Positivt:<\/strong><\/p>\n<ul>\n<li> <em>\"Den <a href=\"https:\/\/moverdb.com\/sv\/flyttar-till-los-angeles\/\">Los Angeles<\/a> Clippers och VIP Transport har haft en fantastisk relation under \u00e5ren. De har alltid varit beredda att hj\u00e4lpa oss med flytten av flera nyckelspelare och har gjort det utan att n\u00e5gon av spelarna har klagat.\"<\/em> - via <a href=\"http:\/\/www.viptransport.com\/testimonials\/\" target=\"_blank\" rel=\"noopener\">f\u00f6retagets vittnesm\u00e5l<\/a> sida.<\/li>\n<li> <em>\"De h\u00e4r killarna f\u00e5r 10 av 10.  Fr\u00e5n den f\u00f6rsta kontakten till n\u00e4r jobbet var slutf\u00f6rt fick vi \"A-1 service\".  \"<\/em> - Robert via <a href=\"https:\/\/www.yelp.com\/biz\/vip-transport-corona-6?hrid=nuC3r_2wy6HRLOm4owqitg&#038;utm_campaign=www_review_share_popup&#038;utm_medium=copy_link&#038;utm_source=(direct)\" target=\"_blank\" rel=\"noopener\">Yelp<\/a><\/li>\n<li> <em>\"Jag hade en fantastisk upplevelse med VIP!\"<\/em> - Michelle via <a href=\"https:\/\/www.mymovingreviews.com\/movers\/vip-transport-781#53376\" target=\"_blank\" rel=\"noopener\">MyMovingReviews<\/a><\/li>\n<\/ul>\n<p><strong>Negativt:<\/strong><\/p>\n<ul>\n<li><em>\"Jag \u00f6nskar att jag kunde ge dem noll stj\u00e4rnor.\"<\/em> - Nancy T via <a href=\"https:\/\/www.yelp.com\/biz\/vip-transport-corona-6?hrid=DvJSu2LKWnFvj2WuqZXtoQ&#038;utm_campaign=www_review_share_popup&#038;utm_medium=copy_link&#038;utm_source=(direct)\" target=\"_blank\" rel=\"noopener\">Yelp<\/a><\/li>\n<li> <em>\"Jag valde Mayflower\/VIP Transport p\u00e5 grund av representanten som kom f\u00f6r att g\u00f6ra en uppskattning p\u00e5 plats. Hans f\u00f6rklaringar var de mest logiska f\u00f6r mig j\u00e4mf\u00f6rt med andra uppskattningar. Det visade sig dock att hans viktuppskattning l\u00e5g 6 000 pund \u00f6ver vad min faktiska vikt visade sig vara.\"<\/em> - Ruthie via <a href=\"https:\/\/www.mymovingreviews.com\/movers\/vip-transport-781#50382\" target=\"_blank\" rel=\"noopener\">MyMovingReviews<\/a><\/li>\n<\/ul>\n<div itemprop=\"review\" itemscope itemtype=\"http:\/\/schema.org\/Review\">\n<span itemprop=\"author\" itemscope=\"\" itemtype=\"http:\/\/schema.org\/Organization\"><span itemprop=\"name\">MoverDB.com<\/span><\/span> Webbplatsgranskning p\u00e5 n\u00e4tet f\u00f6r <span itemprop=\"itemreviewed\" itemscope=\"\" itemtype=\"http:\/\/schema.org\/Brand\"><span itemprop=\"name\">VIP-transporter<\/span><\/span>:<\/p>\n<ol>\n<li> Tydliga kontaktuppgifter p\u00e5 webbplatsen (inklusive telefonnummer): <strong>Ja<\/strong><\/li>\n<li> L\u00e4tt att f\u00e5 <a href=\"https:\/\/moverdb.com\/sv\/citat\/\">offerter f\u00f6r internationella flyttningar<\/a>? (Formul\u00e4r f\u00f6r beg\u00e4ran om uppskattning online): <strong>Ja<\/strong><\/li>\n<li> Tydlig information p\u00e5 webbplatsen: <strong>Ja,<\/strong> webbplatsen inneh\u00e5ller mycket detaljerad information om flyttningar.<\/li>\n<li> Medlemskap i internationellt erk\u00e4nda flyttorganisationer: <strong>Ja<\/strong>, (se ovan)<\/li>\n<li> F\u00f6rteckning \u00f6ver kunder och\/eller tidigare kundreferenser. <strong>Ja,<\/strong> M\u00e5nga positiva kundomd\u00f6men finns p\u00e5 deras webbplats och de har mestadels positiva recensioner p\u00e5 andra st\u00e4llen p\u00e5 n\u00e4tet.<\/li>\n<\/ol>\n<div itemprop=\"reviewRating\" itemscope itemtype=\"http:\/\/schema.org\/Rating\"><meta itemprop=\"worstRating\" content = \"0\" \/><meta itemprop=\"bestRating\" content=\"5\" \/><meta itemprop=\"ratingValue\" content=\"5\"><\/div>\n<p><strong>Sammanfattande betyg: 5\/5<\/strong><br \/>\n<strong>Datum f\u00f6r granskning:<\/strong> <span itemprop=\"datePublished\" content=\"2017-02-01\">01\/02\/2017<\/span>\n<\/div>\n<p>L\u00e4s mer om <a href=\"https:\/\/moverdb.com\/sv\/flyttfirmor\/\">internationella flyttfirmor<\/a> och v\u00e5r <a href=\"https:\/\/moverdb.com\/sv\/recensioner\/\">granskningsprocess.<\/a>.<\/p>\n<p><strong>Webbplatser:<\/strong> <a href=\"http:\/\/www.viptransport.com\/\" target=\"_blank\" rel=\"noopener\">http:\/\/www.viptransport.com\/<\/a><\/p>","protected":false},"excerpt":{"rendered":"<p>VIP Transport&#8217;s head office is in Corona, CA. The company offers its clients a variety of moving services which are listed below, together with a company profile and reviews. International Moves Pre-assignment Services Visa and immigration services Preview trip and area orientation Country and culture information Moving Services Pre-move planning Transportation of belongings Managing the [&hellip;]<\/p>\n","protected":false},"author":1,"featured_media":0,"parent":0,"menu_order":0,"comment_status":"closed","ping_status":"closed","template":"","meta":{"_genesis_hide_title":false,"_genesis_hide_breadcrumbs":false,"_genesis_hide_singular_image":false,"_genesis_hide_footer_widgets":false,"_genesis_custom_body_class":"","_genesis_custom_post_class":"","_genesis_layout":"","footnotes":""},"class_list":{"0":"post-1542","1":"page","2":"type-page","3":"status-publish","5":"entry"},"_links":{"self":[{"href":"https:\/\/moverdb.com\/sv\/wp-json\/wp\/v2\/pages\/1542","targetHints":{"allow":["GET"]}}],"collection":[{"href":"https:\/\/moverdb.com\/sv\/wp-json\/wp\/v2\/pages"}],"about":[{"href":"https:\/\/moverdb.com\/sv\/wp-json\/wp\/v2\/types\/page"}],"author":[{"embeddable":true,"href":"https:\/\/moverdb.com\/sv\/wp-json\/wp\/v2\/users\/1"}],"replies":[{"embeddable":true,"href":"https:\/\/moverdb.com\/sv\/wp-json\/wp\/v2\/comments?post=1542"}],"version-history":[{"count":5,"href":"https:\/\/moverdb.com\/sv\/wp-json\/wp\/v2\/pages\/1542\/revisions"}],"predecessor-version":[{"id":6250,"href":"https:\/\/moverdb.com\/sv\/wp-json\/wp\/v2\/pages\/1542\/revisions\/6250"}],"wp:attachment":[{"href":"https:\/\/moverdb.com\/sv\/wp-json\/wp\/v2\/media?parent=1542"}],"curies":[{"name":"wp","href":"https:\/\/api.w.org\/{rel}","templated":true}]}}