{"id":1528,"date":"2017-02-01T16:05:53","date_gmt":"2017-02-01T16:05:53","guid":{"rendered":"http:\/\/moverdb.com\/?page_id=1528"},"modified":"2026-01-08T15:20:40","modified_gmt":"2026-01-08T15:20:40","slug":"shipco-transport","status":"publish","type":"page","link":"https:\/\/moverdb.com\/sv\/shipco-transport\/","title":{"rendered":"Shipco Transport - Internationell flyttning Recensioner"},"content":{"rendered":"<p>Shipco Transport erbjuder sj\u00f6- och luftfrakttj\u00e4nster till professionella flyttfirmor f\u00f6r hush\u00e5llsvaror och flyttfirmor, inte till privatpersoner. Nedan finns en f\u00f6rteckning \u00f6ver f\u00f6retagets tj\u00e4nster, en f\u00f6retagsprofil och recensioner.<\/p>\n<p><strong>Internationell r\u00f6rlighet f\u00f6r hush\u00e5llsvaror<\/strong><\/p>\n<ul>\n<li> <a href=\"https:\/\/moverdb.com\/sv\/container-transport\/\">Internationell containertransport<\/a><\/li>\n<li>Genom professionella flyttfirmor f\u00f6r hush\u00e5llsvaror<\/li>\n<li>Genom professionella flyttfirmor<\/li>\n<li>LCL<\/li>\n<li>FCL<\/li>\n<li>Luftfrakt<\/li>\n<li>H\u00e4mtning fr\u00e5n f\u00f6rpackningsf\u00f6retagets lager \u00e4r m\u00f6jlig<\/li>\n<\/ul>\n<p><strong>Ocean frakt LCL<\/strong><\/p>\n<ul>\n<li>Garanterad neutral direkt intakt konsolidering med minimal godshantering.<\/li>\n<li>Engagerad kundtj\u00e4nst som levererar skr\u00e4ddarsydda l\u00f6sningar<\/li>\n<li>F\u00f6rstklassiga flygbolag och konkurrenskraftiga priser kopplade till globala tidtabeller i realtid.<\/li>\n<\/ul>\n<p><strong>Ocean frakt FCL<\/strong><\/p>\n<ul>\n<li> M\u00e5ngsidiga tj\u00e4nster genom \u00f6ver 40 serviceavtal med sj\u00f6fartsbolag<\/li>\n<li> Fullst\u00e4ndig t\u00e4ckning f\u00f6r landtransporter i <a href=\"https:\/\/moverdb.com\/sv\/moving-to-the-united-states\/\" data-internallinksmanager029f6b8e52c=\"94\" title=\"Flyttar du till USA? 2026 Levnadskostnader och flyttningstips\">USA<\/a> fr\u00e5n mer \u00e4n 44 000 postnummer<\/li>\n<li> Snabbt omslag p\u00e5 priser f\u00f6r d\u00f6rrar, ramper och <a href=\"https:\/\/moverdb.com\/sv\/top-49-container-ports\/\" data-internallinksmanager029f6b8e52c=\"80\" title=\"Topp 49 st\u00f6rsta och mest trafikerade containerhamnar 2025\">port<\/a> tj\u00e4nster. Tusentals rutter inom n\u00e5gra \u00f6gonblick<\/li>\n<\/ul>\n<p><strong>Havsprojekt och specialiserad last<\/strong><\/p>\n<ul>\n<li>Break Bulk, RoRo, Out of Gauge och Reefer service<\/li>\n<li>Landsomfattande transport av \u00f6verdimensionerad last, till\u00e5tna laster och containrar<\/li>\n<li>Lastning, packning och st\u00f6ttning<\/li>\n<li>Konkurrenskraftiga priser genom v\u00e5rt expansiva n\u00e4tverk av sj\u00f6- och lufttransport\u00f6rer, lager, lastbils- och kranf\u00f6retag.<\/li>\n<li>Split\/Full Air Charters och OAG-transporter<\/li>\n<\/ul>\n<p><strong>Luftfrakt<\/strong><\/p>\n<ul>\n<li>Avtal med mer \u00e4n 100 flygbolag<\/li>\n<li>Pickup<\/li>\n<li>Lagerh\u00e5llning<\/li>\n<li>Tj\u00e4nster f\u00f6r m\u00e4rkning och dokumentation<\/li>\n<li>Uppf\u00f6ljning av ink\u00f6psorder<\/li>\n<\/ul>\n<h2>Shipco Transport F\u00f6retagsprofil<\/h2>\n<p>Shipco Transport Inc \u00e4r ett dotterbolag till Scan Group A\/S, K\u00f6penhamn, och inledde sin verksamhet i september 1988 i <a href=\"https:\/\/moverdb.com\/sv\/flytta-till-nyc\/\">New York City<\/a>. Det \u00e4r en ledande <a href=\"https:\/\/moverdb.com\/sv\/speditor\/\">NVOCC<\/a>. Dess ursprungliga syfte var att ta emot FCL-frakt fr\u00e5n Asien. I dag \u00e4r f\u00f6retagets huvudinriktning en LCL-konsolidering.<\/p>\n<p>I dag har Shipco \u00f6ver 75 kontor i 30 l\u00e4nder runt om i v\u00e4rlden och syssels\u00e4tter \u00f6ver 2 200 personer. Shipco erbjuder sina kunder LCL- och FCL-transporter till sj\u00f6ss samt flygfrakttj\u00e4nster.<\/p>\n<p>Shipco Transport har f\u00f6ljande ackrediteringar och anslutningar: -<\/p>\n<ul>\n<li><a href=\"https:\/\/moverdb.com\/sv\/jag-ar\/\" target=\"_blank\" rel=\"noopener\">Internationella sammanslutningen av flyttfirmor<\/a> (<a href=\"https:\/\/moverdb.com\/sv\/iam\/\" data-internallinksmanager029f6b8e52c=\"23\" title=\"International Association of Movers (IAM) f\u00f6rklaras\">IAM<\/a>)<\/li>\n<li>Skanningsgrupp<\/li>\n<li>World Wide Alliance (WWA)<\/li>\n<li>Air Cargo Group<\/li>\n<\/ul>\n<h2>Recensioner av Shipco Transport<\/h2>\n<p><strong>Positivt:<\/strong><\/p>\n<ul>\n<li><em>\"Jag fraktade allt jag \u00e4gde fr\u00e5n San Diego till <a href=\"https:\/\/moverdb.com\/sv\/moving-companies\/moving-companies-honduras\/\" data-internallinksmanager029f6b8e52c=\"233\" title=\"2 b\u00e4sta internationella flyttfirmor i Honduras\">Honduras<\/a>, Shipco var bra.\" <\/em>Madison K via <a href=\"https:\/\/www.yelp.co.uk\/biz\/shipco-transport-long-beach?hrid=hfrOGEwsoHzhivf1ODT9DQ&#038;utm_campaign=www_review_share_popup&#038;utm_medium=copy_link&#038;utm_source=(direct)\" target=\"_blank\" rel=\"noopener\">Yelp<\/a>.\n<li><em>\"Riktigt bra service. Inga problem alls.\"<\/em> - Dawn C via <a href=\"https:\/\/www.tryfleet.com\/freight-forwarder-profile\/shipco-transport-inc\" target=\"_blank\" rel=\"noopener\">Flotta<\/a><\/li>\n<\/ul>\n<p><strong>Negativt:<\/strong><\/p>\n<ul>\n<li><em>\"Det s\u00e4msta f\u00f6retaget jag n\u00e5gonsin haft att g\u00f6ra med. Beh\u00f6ll min f\u00f6rs\u00e4ndelse i tv\u00e5 veckor trots att de hade betalat fullt ut och ville inte sl\u00e4ppa f\u00f6rs\u00e4ndelsen.\" <\/em>Houman M via <a href=\"https:\/\/www.yelp.co.uk\/biz\/shipco-transport-long-beach?hrid=0lZOxg3aNnePXUGvOv7fxw&#038;utm_campaign=www_review_share_popup&#038;utm_medium=copy_link&#038;utm_source=(direct)\" target=\"_blank\" rel=\"noopener\">Yelp<\/a><\/li>\n<\/ul>\n<div itemprop=\"review\" itemscope itemtype=\"http:\/\/schema.org\/Review\">\n<span itemprop=\"author\" itemscope=\"\" itemtype=\"http:\/\/schema.org\/Organization\"><span itemprop=\"name\">MoverDB.com<\/span><\/span> Webbplatsgranskning p\u00e5 n\u00e4tet f\u00f6r <span itemprop=\"itemreviewed\" itemscope=\"\" itemtype=\"http:\/\/schema.org\/Brand\"><span itemprop=\"name\">Shipco Transport<\/span><\/span>:<\/p>\n<ol>\n<li> Tydliga kontaktuppgifter p\u00e5 webbplatsen (inklusive telefonnummer): <strong>Ja<\/strong><\/li>\n<li> L\u00e4tt att f\u00e5 <a href=\"https:\/\/moverdb.com\/sv\/citat\/\">offerter f\u00f6r internationella flyttningar<\/a>? (Formul\u00e4r f\u00f6r beg\u00e4ran om uppskattning online): <strong>Ja<\/strong><\/li>\n<li> Tydlig information p\u00e5 webbplatsen: <strong>Ja,<\/strong> P\u00e5 webbplatsen beskrivs alla deras frakt- och frakttj\u00e4nster.<\/li>\n<li> Medlemskap i internationellt erk\u00e4nda flyttorganisationer: <strong>Ja<\/strong>, (se ovan)<\/li>\n<li> F\u00f6rteckning \u00f6ver kunder och\/eller tidigare kundreferenser. <strong>Nej,<\/strong> inte p\u00e5 deras webbplats, men de har i allm\u00e4nhet positiva recensioner.<\/li>\n<\/ol>\n<div itemprop=\"reviewRating\" itemscope itemtype=\"http:\/\/schema.org\/Rating\"><meta itemprop=\"worstRating\" content = \"0\" \/><meta itemprop=\"bestRating\" content=\"5\" \/><meta itemprop=\"ratingValue\" content=\"4\"><\/div>\n<p><strong>Sammanfattande betyg: 4\/5<\/strong><br \/>\n<strong>Datum f\u00f6r granskning:<\/strong> <span itemprop=\"datePublished\" content=\"2017-02-01\">01\/02\/2017<\/span>\n<\/div>\n<p>L\u00e4s mer om <a href=\"https:\/\/moverdb.com\/sv\/flyttfirmor\/\">internationella flyttfirmor<\/a>, <a href=\"https:\/\/moverdb.com\/sv\/rederier\/\">containerrederier<\/a> och v\u00e5r <a href=\"https:\/\/moverdb.com\/sv\/recensioner\/\">granskningsprocess.<\/a>.<\/p>\n<p><strong>Webbplats:<\/strong> <a href=\"https:\/\/www.shipco.com\/\" target=\"_blank\" rel=\"noopener\">https:\/\/www.shipco.com\/<\/a><\/p>","protected":false},"excerpt":{"rendered":"<p>Shipco Transport offers ocean and air freight services to professional household goods movers and relocation companies, not individuals. Its services are listed below, together with a company profile and reviews. International Movement of Household Goods International container shipping Through professional household goods movers Through professional relocation companies LCL FCL Airfreight Collection from packer&#8217;s warehouse available [&hellip;]<\/p>\n","protected":false},"author":1,"featured_media":0,"parent":0,"menu_order":0,"comment_status":"closed","ping_status":"closed","template":"","meta":{"_genesis_hide_title":false,"_genesis_hide_breadcrumbs":false,"_genesis_hide_singular_image":false,"_genesis_hide_footer_widgets":false,"_genesis_custom_body_class":"","_genesis_custom_post_class":"","_genesis_layout":"","footnotes":""},"class_list":{"0":"post-1528","1":"page","2":"type-page","3":"status-publish","5":"entry"},"_links":{"self":[{"href":"https:\/\/moverdb.com\/sv\/wp-json\/wp\/v2\/pages\/1528","targetHints":{"allow":["GET"]}}],"collection":[{"href":"https:\/\/moverdb.com\/sv\/wp-json\/wp\/v2\/pages"}],"about":[{"href":"https:\/\/moverdb.com\/sv\/wp-json\/wp\/v2\/types\/page"}],"author":[{"embeddable":true,"href":"https:\/\/moverdb.com\/sv\/wp-json\/wp\/v2\/users\/1"}],"replies":[{"embeddable":true,"href":"https:\/\/moverdb.com\/sv\/wp-json\/wp\/v2\/comments?post=1528"}],"version-history":[{"count":7,"href":"https:\/\/moverdb.com\/sv\/wp-json\/wp\/v2\/pages\/1528\/revisions"}],"predecessor-version":[{"id":6237,"href":"https:\/\/moverdb.com\/sv\/wp-json\/wp\/v2\/pages\/1528\/revisions\/6237"}],"wp:attachment":[{"href":"https:\/\/moverdb.com\/sv\/wp-json\/wp\/v2\/media?parent=1528"}],"curies":[{"name":"wp","href":"https:\/\/api.w.org\/{rel}","templated":true}]}}