{"id":14290,"date":"2023-11-08T15:55:55","date_gmt":"2023-11-08T15:55:55","guid":{"rendered":"https:\/\/moverdb.com\/freight-forwarder\/freight-forwarding-uk\/coulsdon-freight-forwarder\/"},"modified":"2026-01-08T14:51:17","modified_gmt":"2026-01-08T14:51:17","slug":"coulsdon-freight-forwarder","status":"publish","type":"page","link":"https:\/\/moverdb.com\/sv\/freight-forwarder\/freight-forwarding-uk\/coulsdon-freight-forwarder\/","title":{"rendered":"1 B\u00e4sta speditionsf\u00f6retag i Coulsdon (2024)"},"content":{"rendered":"<p>Nedan tittar vi p\u00e5 1 <em>\"b\u00e4sta\"<\/em> Speditionsf\u00f6retag i Coulsdon av 1.<\/p>\n<p>Om du vill veta mer om hur vi v\u00e4ljer de b\u00e4sta kan du l\u00e4sa v\u00e5r FAQ-sektion i slutet.<\/p>\n<p><em>Observera att f\u00f6ljande listor inte \u00e4r i n\u00e5gon s\u00e4rskild ordning och att vi inte ger n\u00e5gra rekommendationer f\u00f6r n\u00e5got s\u00e4rskilt f\u00f6retag.<\/em><\/p>\n<h2>JPN SHIPPING LTD<\/h2>\n<p><img decoding=\"async\" src=\"https:\/\/moverdb.com\/wp-content\/uploads\/AF1QipMoldjk_rL_iC91pZ1xMB1PvFB8c02voII51_ezw408-h544-k-no.jpg\" alt='JPN SHIPPING LTD' class=\"aligncenter\"><\/p>\n<p><strong>Beskrivning av verksamheten: <\/strong>Omedelbara expressdokumenttj\u00e4nster tillg\u00e4ngliga i hela landet, upph\u00e4mtning samma dag och snabbaste Airlines-anslutning till destinationen till b\u00e4sta prisbas.<\/p>\n<p><a href=\"https:\/\/moverdb.com\/sv\/moving-to-india\/\" data-internallinksmanager029f6b8e52c=\"356\" title=\"Flytta till Indien? 2026 Levnadskostnader och tips om flyttning\">Indien<\/a> Service Air &amp; Sea Door till <a href=\"https:\/\/moverdb.com\/sv\/top-49-container-ports\/\" data-internallinksmanager029f6b8e52c=\"80\" title=\"Topp 49 st\u00f6rsta och mest trafikerade containerhamnar 2025\">Hamn<\/a> och d\u00f6rr till d\u00f6rr.<\/p>\n<p>Vi hj\u00e4lper till med import fr\u00e5n Indien till <a href=\"https:\/\/moverdb.com\/sv\/moving-to-the-uk\/\" data-internallinksmanager029f6b8e52c=\"93\" title=\"Flyttar du till Storbritannien? 2026 Levnadskostnader och flyttningstips\">STORBRITANNIEN<\/a>, via Air and Sea.<\/p>\n<p>(dels\u00e4ndningar och fulla containerlaster)<\/p>\n<p>Tullklarering i alla hamnar (Air \/ Sea \/ EU Road Way import) Vi kan ocks\u00e5 hj\u00e4lpa till med omedelbar borttagning fr\u00e5n tullager n\u00e4r tullklarering och undvika h\u00f6ga lagringsavgifter vid tullager.<\/p>\n<p>Specialpriser f\u00f6r importcontainerleveranser fr\u00e5n alla hamnar.<\/p>\n<p> Denna tj\u00e4nst tillhandah\u00e5lls som 24\/7.<\/p>\n<p>Flyttj\u00e4nster f\u00f6r inlandet, EU och globalt, s\u00e4rskilda tj\u00e4nster tillg\u00e4ngliga f\u00f6r EU, <a href=\"https:\/\/moverdb.com\/sv\/moving-to-canada\/\" data-internallinksmanager029f6b8e52c=\"265\" title=\"Flytta till Kanada? 2026 Levnadskostnader och flyttningstips\">Kanada<\/a> och <a href=\"https:\/\/moverdb.com\/sv\/moving-to-australia\/living-in-australia\/\" data-internallinksmanager029f6b8e52c=\"240\" title=\"21 hemligheter om att bo i Australien som du b\u00f6r k\u00e4nna till innan du flyttar\">Australien<\/a> som End to End basis.<\/p>\n<p><strong>Ytterligare tj\u00e4nster:<\/strong><\/p>\n<p>Ingen listad<\/p>\n<p><strong>Adress:<\/strong> UNIT A2C, Redlands, Coulsdon CR5 2HT<\/p>\n<p><a href=\"http:\/\/www.jpnshippingltd.co.uk\/\" target=\"_new\" rel=\"noopener\">JPN SHIPPING LTD webbplats<\/a><\/p>\n<p><strong>Granskningsresultat: <\/strong>2.3<br \/> <strong>Antal recensioner:<\/strong> 29<br \/><a href=\"https:\/\/www.google.co.uk\/maps?cid=5163057026181300812&#038;hl=en&#038;gl=GB\" target=\"_new\" rel=\"noopener\">L\u00e4s recensioner<\/a><\/p>\n<h2>Hur vi valde de b\u00e4sta speditionsfirmorna i Coulsdon<\/h2>\n<p>Vi b\u00f6rjade med ett dataset p\u00e5 1 Coulsdon speditionsf\u00f6retag som vi kunde hitta via Google Maps och minskade ner det till de b\u00e4sta 1.<\/p>\n<p>F\u00f6r att g\u00f6ra detta tog vi bort alla f\u00f6retag som:<\/p>\n<ul>\n<li> Hade ingen webbplats<\/li>\n<li> Hade inga recensioner<\/li>\n<li> Hade ett genomsnittligt omd\u00f6me under 2,0<\/li>\n<\/ul>\n<p>Om vi vid denna tidpunkt hade 17 eller f\u00e4rre skotare listade vi dem alla.<\/p>\n<p>F\u00f6r st\u00e4der d\u00e4r vi hade kvar fler \u00e4n 17 spedit\u00f6rer gjorde vi ytterligare revideringar genom att antingen h\u00f6ja det erforderliga omd\u00f6met (t.ex. fr\u00e5n minst 2,0 till 4,0) och\/eller \u00f6ka det minsta antalet erforderliga omd\u00f6men (t.ex. fr\u00e5n minst 1 omd\u00f6me till minst 10).<\/p>\n<p>Observera att vi endast anv\u00e4nde granskningsdata fr\u00e5n Google Maps och inga andra webbplatser fr\u00e5n tredje part.<\/p>\n<p>Fler st\u00e4der:<\/p>\n<p><a href=\"https:\/\/moverdb.com\/sv\/speditor\/freight-forwarding-uk\/telford-freight-forwarder\/\">Telford Spedit\u00f6r<\/a><br \/><a href=\"https:\/\/moverdb.com\/sv\/speditor\/freight-forwarding-uk\/bilston-freight-forwarder\/\">Bilston Spedit\u00f6r<\/a><br \/><a href=\"https:\/\/moverdb.com\/sv\/speditor\/freight-forwarding-uk\/thornton-cleveleys-freight-forwarder\/\">Thornton-Cleveleys Spedit\u00f6r<\/a><br \/><a href=\"https:\/\/moverdb.com\/sv\/speditor\/freight-forwarding-uk\/cradley-heath-freight-forwarder\/\">Spedit\u00f6r Cradley Heath<\/a><br \/><a href=\"https:\/\/moverdb.com\/sv\/speditor\/freight-forwarding-uk\/twickenham-freight-forwarder\/\">Twickenham Spedit\u00f6r<\/a><\/p>","protected":false},"excerpt":{"rendered":"<p>Below we look at the 1 &#8220;best&#8221; Freight Forwarding companies in Coulsdon out of 1. To learn more about how we chose the best please consult our FAQ section at the end. Please not the following listings are in no particular order and we are not making any recommendations for any particular company. JPN SHIPPING [&hellip;]<\/p>\n","protected":false},"author":1,"featured_media":0,"parent":13427,"menu_order":0,"comment_status":"open","ping_status":"open","template":"","meta":{"_genesis_hide_title":false,"_genesis_hide_breadcrumbs":false,"_genesis_hide_singular_image":false,"_genesis_hide_footer_widgets":false,"_genesis_custom_body_class":"","_genesis_custom_post_class":"","_genesis_layout":"","footnotes":""},"class_list":{"0":"post-14290","1":"page","2":"type-page","3":"status-publish","5":"entry"},"_links":{"self":[{"href":"https:\/\/moverdb.com\/sv\/wp-json\/wp\/v2\/pages\/14290","targetHints":{"allow":["GET"]}}],"collection":[{"href":"https:\/\/moverdb.com\/sv\/wp-json\/wp\/v2\/pages"}],"about":[{"href":"https:\/\/moverdb.com\/sv\/wp-json\/wp\/v2\/types\/page"}],"author":[{"embeddable":true,"href":"https:\/\/moverdb.com\/sv\/wp-json\/wp\/v2\/users\/1"}],"replies":[{"embeddable":true,"href":"https:\/\/moverdb.com\/sv\/wp-json\/wp\/v2\/comments?post=14290"}],"version-history":[{"count":1,"href":"https:\/\/moverdb.com\/sv\/wp-json\/wp\/v2\/pages\/14290\/revisions"}],"predecessor-version":[{"id":15562,"href":"https:\/\/moverdb.com\/sv\/wp-json\/wp\/v2\/pages\/14290\/revisions\/15562"}],"up":[{"embeddable":true,"href":"https:\/\/moverdb.com\/sv\/wp-json\/wp\/v2\/pages\/13427"}],"wp:attachment":[{"href":"https:\/\/moverdb.com\/sv\/wp-json\/wp\/v2\/media?parent=14290"}],"curies":[{"name":"wp","href":"https:\/\/api.w.org\/{rel}","templated":true}]}}