{"id":14272,"date":"2023-11-08T15:55:37","date_gmt":"2023-11-08T15:55:37","guid":{"rendered":"https:\/\/moverdb.com\/freight-forwarder\/freight-forwarding-uk\/batley-freight-forwarder\/"},"modified":"2026-01-08T14:50:47","modified_gmt":"2026-01-08T14:50:47","slug":"batley-freight-forwarder","status":"publish","type":"page","link":"https:\/\/moverdb.com\/sv\/freight-forwarder\/freight-forwarding-uk\/batley-freight-forwarder\/","title":{"rendered":"1 B\u00e4sta speditionsf\u00f6retag i Batley (2024)"},"content":{"rendered":"<p>Nedan tittar vi p\u00e5 1 <em>\"b\u00e4sta\"<\/em> Speditionsf\u00f6retag i Batley av 1.<\/p>\n<p>Om du vill veta mer om hur vi v\u00e4ljer de b\u00e4sta kan du l\u00e4sa v\u00e5r FAQ-sektion i slutet.<\/p>\n<p><em>Observera att f\u00f6ljande listor inte \u00e4r i n\u00e5gon s\u00e4rskild ordning och att vi inte ger n\u00e5gra rekommendationer f\u00f6r n\u00e5got s\u00e4rskilt f\u00f6retag.<\/em><\/p>\n<h2>Future Forwarding Co Ltd<\/h2>\n<p><img decoding=\"async\" src=\"https:\/\/moverdb.com\/wp-content\/uploads\/AF1QipOxYbpHup-uwNdzluKbE5BW4Rvq2Pf42owykMLJw633-h240-k-no.jpg\" alt='Future Forwarding Co Ltd' class=\"aligncenter\"><\/p>\n<p><strong>Beskrivning av verksamheten: <\/strong>Future Forwarding \u00e4r ett globalt logistikf\u00f6retag som t\u00e4cker alla transports\u00e4tt, inklusive internationell frakt och supply chain-l\u00f6sningar<\/p>\n<p><strong>Ytterligare tj\u00e4nster:<\/strong><\/p>\n<p>Tullavdelningen<\/p>\n<p>Distributionstj\u00e4nst<\/p>\n<p>Import Export F\u00f6retag<\/p>\n<p>Logistiktj\u00e4nster<\/p>\n<p>Lager<\/p>\n<p><strong>Adress:<\/strong> Hawthorne House, Dark Ln, Birstall, Batley WF17 9LW<\/p>\n<p><a href=\"https:\/\/www.futureforwarding.com\/\" target=\"_new\" rel=\"noopener\">Webbplats f\u00f6r Future Forwarding Co Ltd<\/a><\/p>\n<p><strong>Granskningsresultat: <\/strong>4.7<br \/> <strong>Antal recensioner:<\/strong> 9<br \/><a href=\"https:\/\/www.google.co.uk\/maps?cid=3221947493736206533&#038;hl=en&#038;gl=GB\" target=\"_new\" rel=\"noopener\">L\u00e4s recensioner<\/a><\/p>\n<h2>Hur vi valde de b\u00e4sta speditionsf\u00f6retagen i Batley<\/h2>\n<p>Vi b\u00f6rjade med ett dataset p\u00e5 1 Batley speditionsf\u00f6retag som vi kunde hitta via Google Maps och minskade ner det till de b\u00e4sta 1.<\/p>\n<p>F\u00f6r att g\u00f6ra detta tog vi bort alla f\u00f6retag som:<\/p>\n<ul>\n<li> Hade ingen webbplats<\/li>\n<li> Hade inga recensioner<\/li>\n<li> Hade ett genomsnittligt omd\u00f6me under 2,0<\/li>\n<\/ul>\n<p>Om vi vid denna tidpunkt hade 17 eller f\u00e4rre skotare listade vi dem alla.<\/p>\n<p>F\u00f6r st\u00e4der d\u00e4r vi hade kvar fler \u00e4n 17 spedit\u00f6rer gjorde vi ytterligare revideringar genom att antingen h\u00f6ja det erforderliga omd\u00f6met (t.ex. fr\u00e5n minst 2,0 till 4,0) och\/eller \u00f6ka det minsta antalet erforderliga omd\u00f6men (t.ex. fr\u00e5n minst 1 omd\u00f6me till minst 10).<\/p>\n<p>Observera att vi endast anv\u00e4nde granskningsdata fr\u00e5n Google Maps och inga andra webbplatser fr\u00e5n tredje part.<\/p>\n<p>Fler st\u00e4der:<\/p>\n<p><a href=\"https:\/\/moverdb.com\/sv\/speditor\/freight-forwarding-uk\/lutterworth-freight-forwarder\/\">Lutterworth Spedit\u00f6r<\/a><br \/><a href=\"https:\/\/moverdb.com\/sv\/speditor\/freight-forwarding-uk\/stallingborough-freight-forwarder\/\">Stallingborough Spedit\u00f6r<\/a><br \/><a href=\"https:\/\/moverdb.com\/sv\/speditor\/freight-forwarding-uk\/macclesfield-freight-forwarder\/\">Macclesfield Spedit\u00f6r<\/a><br \/><a href=\"https:\/\/moverdb.com\/sv\/speditor\/freight-forwarding-uk\/halifax-freight-forwarder\/\">Halifax spedit\u00f6r<\/a><br \/><a href=\"https:\/\/moverdb.com\/sv\/speditor\/freight-forwarding-uk\/maidenhead-freight-forwarder\/\">Maidenhead Spedit\u00f6r<\/a><\/p>","protected":false},"excerpt":{"rendered":"<p>Below we look at the 1 &#8220;best&#8221; Freight Forwarding companies in Batley out of 1. To learn more about how we chose the best please consult our FAQ section at the end. Please not the following listings are in no particular order and we are not making any recommendations for any particular company. Future Forwarding [&hellip;]<\/p>\n","protected":false},"author":1,"featured_media":0,"parent":13427,"menu_order":0,"comment_status":"open","ping_status":"open","template":"","meta":{"_genesis_hide_title":false,"_genesis_hide_breadcrumbs":false,"_genesis_hide_singular_image":false,"_genesis_hide_footer_widgets":false,"_genesis_custom_body_class":"","_genesis_custom_post_class":"","_genesis_layout":"","footnotes":""},"class_list":{"0":"post-14272","1":"page","2":"type-page","3":"status-publish","5":"entry"},"_links":{"self":[{"href":"https:\/\/moverdb.com\/sv\/wp-json\/wp\/v2\/pages\/14272","targetHints":{"allow":["GET"]}}],"collection":[{"href":"https:\/\/moverdb.com\/sv\/wp-json\/wp\/v2\/pages"}],"about":[{"href":"https:\/\/moverdb.com\/sv\/wp-json\/wp\/v2\/types\/page"}],"author":[{"embeddable":true,"href":"https:\/\/moverdb.com\/sv\/wp-json\/wp\/v2\/users\/1"}],"replies":[{"embeddable":true,"href":"https:\/\/moverdb.com\/sv\/wp-json\/wp\/v2\/comments?post=14272"}],"version-history":[{"count":1,"href":"https:\/\/moverdb.com\/sv\/wp-json\/wp\/v2\/pages\/14272\/revisions"}],"predecessor-version":[{"id":15531,"href":"https:\/\/moverdb.com\/sv\/wp-json\/wp\/v2\/pages\/14272\/revisions\/15531"}],"up":[{"embeddable":true,"href":"https:\/\/moverdb.com\/sv\/wp-json\/wp\/v2\/pages\/13427"}],"wp:attachment":[{"href":"https:\/\/moverdb.com\/sv\/wp-json\/wp\/v2\/media?parent=14272"}],"curies":[{"name":"wp","href":"https:\/\/api.w.org\/{rel}","templated":true}]}}