{"id":14252,"date":"2023-11-08T15:55:37","date_gmt":"2023-11-08T15:55:37","guid":{"rendered":"https:\/\/moverdb.com\/freight-forwarder\/freight-forwarding-uk\/worthing-freight-forwarder\/"},"modified":"2026-01-08T14:55:20","modified_gmt":"2026-01-08T14:55:20","slug":"worthing-freight-forwarder","status":"publish","type":"page","link":"https:\/\/moverdb.com\/sv\/freight-forwarder\/freight-forwarding-uk\/worthing-freight-forwarder\/","title":{"rendered":"1 B\u00e4sta speditionsf\u00f6retag i Worthing (2024)"},"content":{"rendered":"<p>Nedan tittar vi p\u00e5 1 <em>\"b\u00e4sta\"<\/em> Speditionsf\u00f6retag i Worthing av 1.<\/p>\n<p>Om du vill veta mer om hur vi v\u00e4ljer de b\u00e4sta kan du l\u00e4sa v\u00e5r FAQ-sektion i slutet.<\/p>\n<p><em>Observera att f\u00f6ljande listor inte \u00e4r i n\u00e5gon s\u00e4rskild ordning och att vi inte ger n\u00e5gra rekommendationer f\u00f6r n\u00e5got s\u00e4rskilt f\u00f6retag.<\/em><\/p>\n<h2>Spicer International Ltd Kurirtj\u00e4nster Worthing<\/h2>\n<p><img decoding=\"async\" src=\"https:\/\/moverdb.com\/wp-content\/uploads\/AF1QipOUq_GAzE3wCuLAU_Ci4QSHdFpGBvl9Vneea4ngw426-h240-k-no.jpg\" alt='Spicer International Ltd Kurirtj\u00e4nster Worthing' class=\"aligncenter\"><\/p>\n<p><strong>Beskrivning av verksamheten: <\/strong>V\u00e4lkommen till Spicer International, din partner f\u00f6r internationella paket.<\/p>\n<p> Med \u00f6ver 25 \u00e5rs erfarenhet av att erbjuda h\u00f6gkvalitativa frakttj\u00e4nster har vi byggt upp ett avundsv\u00e4rt rykte.<\/p>\n<p> Och inte bara det! Vi erbjuder ocks\u00e5 de b\u00e4sta lagringstj\u00e4nsterna i West Sussex.<\/p>\n<p> Vi s\u00e4tter alltid v\u00e5ra kunder i f\u00f6rsta rummet och ser till att v\u00e5r leverans- och h\u00e4mtningstj\u00e4nst uppfyller och \u00f6vertr\u00e4ffar deras f\u00f6rv\u00e4ntningar.<\/p>\n<p> S\u00e5 oavsett om du har lagringsbehov eller vill skicka ett paket n\u00e5gonstans i landet, kan experterna p\u00e5 Spicer International erbjuda en anpassningsbar lagringsl\u00f6sning och hantera snabb leverans av ditt paket.<\/p>\n<p> F\u00f6r att beg\u00e4ra en offert, v\u00e4nligen fyll i informationen i v\u00e5r offertgenerator.<\/p>\n<p> Samtal <a href=\"https:\/\/moverdb.com\/sv\/moving-to-the-united-states\/\" data-internallinksmanager029f6b8e52c=\"94\" title=\"Flyttar du till USA? 2026 Levnadskostnader och flyttningstips\">oss<\/a> nu eller l\u00e4mna ett meddelande.<\/p>\n<p><strong>Ytterligare tj\u00e4nster:<\/strong><\/p>\n<p>Kurirservice<\/p>\n<p>Leveransf\u00f6retag<\/p>\n<p>Anl\u00e4ggning f\u00f6r lagring<\/p>\n<p>Lager<\/p>\n<p>Rabattbutik<\/p>\n<p><strong>Adress:<\/strong> Northbrook Business Park, Enheter 13-14, Northbrook Rd, Worthing BN14 8PQ<\/p>\n<p><a href=\"http:\/\/www.spicerinternational.com\/\" target=\"_new\" rel=\"noopener\">Spicer International Ltd Courier Services Worthing webbplats<\/a><\/p>\n<p><strong>Granskningsresultat: <\/strong>4.9<br \/> <strong>Antal recensioner:<\/strong> 18<br \/><a href=\"https:\/\/www.google.co.uk\/maps?cid=16544897627600685036&#038;hl=en&#038;gl=GB\" target=\"_new\" rel=\"noopener\">L\u00e4s recensioner<\/a><\/p>\n<h2>Hur vi valde de b\u00e4sta speditionsfirmorna i Worthing<\/h2>\n<p>Vi b\u00f6rjade med ett dataset med 1 Worthing speditionsf\u00f6retag som vi kunde hitta via Google Maps och minskade ner det till de b\u00e4sta 1.<\/p>\n<p>F\u00f6r att g\u00f6ra detta tog vi bort alla f\u00f6retag som:<\/p>\n<ul>\n<li> Hade ingen webbplats<\/li>\n<li> Hade inga recensioner<\/li>\n<li> Hade ett genomsnittligt omd\u00f6me under 2,0<\/li>\n<\/ul>\n<p>Om vi vid denna tidpunkt hade 17 eller f\u00e4rre skotare listade vi dem alla.<\/p>\n<p>F\u00f6r st\u00e4der d\u00e4r vi hade kvar fler \u00e4n 17 spedit\u00f6rer gjorde vi ytterligare revideringar genom att antingen h\u00f6ja det erforderliga omd\u00f6met (t.ex. fr\u00e5n minst 2,0 till 4,0) och\/eller \u00f6ka det minsta antalet erforderliga omd\u00f6men (t.ex. fr\u00e5n minst 1 omd\u00f6me till minst 10).<\/p>\n<p>Observera att vi endast anv\u00e4nde granskningsdata fr\u00e5n Google Maps och inga andra webbplatser fr\u00e5n tredje part.<\/p>\n<p>Fler st\u00e4der:<\/p>\n<p><a href=\"https:\/\/moverdb.com\/sv\/speditor\/freight-forwarding-uk\/llanfyrnach-freight-forwarder\/\">Llanfyrnach Spedit\u00f6r<\/a><br \/><a href=\"https:\/\/moverdb.com\/sv\/speditor\/freight-forwarding-uk\/bromley-freight-forwarder\/\">Spedit\u00f6r Bromley<\/a><br \/><a href=\"https:\/\/moverdb.com\/sv\/speditor\/freight-forwarding-uk\/colnbrook-slough-freight-forwarder\/\">Colnbrook Slough Spedit\u00f6r<\/a><br \/><a href=\"https:\/\/moverdb.com\/sv\/speditor\/freight-forwarding-uk\/selby-freight-forwarder\/\">Selby spedit\u00f6r<\/a><br \/><a href=\"https:\/\/moverdb.com\/sv\/speditor\/freight-forwarding-uk\/cookstown-freight-forwarder\/\">Spedit\u00f6r Cookstown<\/a><\/p>","protected":false},"excerpt":{"rendered":"<p>Below we look at the 1 &#8220;best&#8221; Freight Forwarding companies in Worthing out of 1. To learn more about how we chose the best please consult our FAQ section at the end. Please not the following listings are in no particular order and we are not making any recommendations for any particular company. Spicer International [&hellip;]<\/p>\n","protected":false},"author":1,"featured_media":0,"parent":13427,"menu_order":0,"comment_status":"open","ping_status":"open","template":"","meta":{"_genesis_hide_title":false,"_genesis_hide_breadcrumbs":false,"_genesis_hide_singular_image":false,"_genesis_hide_footer_widgets":false,"_genesis_custom_body_class":"","_genesis_custom_post_class":"","_genesis_layout":"","footnotes":""},"class_list":{"0":"post-14252","1":"page","2":"type-page","3":"status-publish","5":"entry"},"_links":{"self":[{"href":"https:\/\/moverdb.com\/sv\/wp-json\/wp\/v2\/pages\/14252","targetHints":{"allow":["GET"]}}],"collection":[{"href":"https:\/\/moverdb.com\/sv\/wp-json\/wp\/v2\/pages"}],"about":[{"href":"https:\/\/moverdb.com\/sv\/wp-json\/wp\/v2\/types\/page"}],"author":[{"embeddable":true,"href":"https:\/\/moverdb.com\/sv\/wp-json\/wp\/v2\/users\/1"}],"replies":[{"embeddable":true,"href":"https:\/\/moverdb.com\/sv\/wp-json\/wp\/v2\/comments?post=14252"}],"version-history":[{"count":1,"href":"https:\/\/moverdb.com\/sv\/wp-json\/wp\/v2\/pages\/14252\/revisions"}],"predecessor-version":[{"id":15675,"href":"https:\/\/moverdb.com\/sv\/wp-json\/wp\/v2\/pages\/14252\/revisions\/15675"}],"up":[{"embeddable":true,"href":"https:\/\/moverdb.com\/sv\/wp-json\/wp\/v2\/pages\/13427"}],"wp:attachment":[{"href":"https:\/\/moverdb.com\/sv\/wp-json\/wp\/v2\/media?parent=14252"}],"curies":[{"name":"wp","href":"https:\/\/api.w.org\/{rel}","templated":true}]}}