{"id":14244,"date":"2023-11-08T15:55:37","date_gmt":"2023-11-08T15:55:37","guid":{"rendered":"https:\/\/moverdb.com\/freight-forwarder\/freight-forwarding-uk\/west-bromwich-freight-forwarder\/"},"modified":"2026-01-08T14:55:09","modified_gmt":"2026-01-08T14:55:09","slug":"west-bromwich-freight-forwarder","status":"publish","type":"page","link":"https:\/\/moverdb.com\/sv\/freight-forwarder\/freight-forwarding-uk\/west-bromwich-freight-forwarder\/","title":{"rendered":"1 B\u00e4sta speditionsf\u00f6retag i West Bromwich (2024)"},"content":{"rendered":"<p>Nedan tittar vi p\u00e5 1 <em>\"b\u00e4sta\"<\/em> Speditionsf\u00f6retag i West Bromwich av 5.<\/p>\n<p>Om du vill veta mer om hur vi v\u00e4ljer de b\u00e4sta kan du l\u00e4sa v\u00e5r FAQ-sektion i slutet.<\/p>\n<p><em>Observera att f\u00f6ljande listor inte \u00e4r i n\u00e5gon s\u00e4rskild ordning och att vi inte ger n\u00e5gra rekommendationer f\u00f6r n\u00e5got s\u00e4rskilt f\u00f6retag.<\/em><\/p>\n<h2>GenX Frakt<\/h2>\n<p><img decoding=\"async\" src=\"https:\/\/moverdb.com\/wp-content\/uploads\/thumbnailpanoidS8RNjXOD44wDYfzB5QdMygcb_clientsearch.gws-prod.gpsw408h240yaw250.jpg\" alt='GenX Frakt' class=\"aligncenter\"><\/p>\n<p><strong>Beskrivning av verksamheten: <\/strong>GenX Freight har \u00f6ppnat upp f\u00f6r de senaste metoderna f\u00f6r spedition, samtidigt som kunderna fortfarande f\u00e5r insyn i hela processen.<\/p>\n<p> Vi erbjuder uppgraderade transport- och logistikl\u00f6sningar med b\u00e5de pris och optimerade frakttj\u00e4nster i \u00e5tanke.<\/p>\n<p> Vi \u00e4r tillg\u00e4ngliga dygnet runt f\u00f6r att garantera att dina varor levereras s\u00e4kert och i r\u00e4tt tid.<\/p>\n<p> V\u00e5ra tekniskt kunniga medarbetare anv\u00e4nder tekniken p\u00e5 b\u00e4sta s\u00e4tt f\u00f6r att g\u00f6ra godstransportprocessen smidigare.<\/p>\n<p><strong>Ytterligare tj\u00e4nster:<\/strong><\/p>\n<p>Ingen listad<\/p>\n<p><strong>Adress:<\/strong> Guardian House, Cronehills Linkway, West Bromwich B70 8GS<\/p>\n<p><a href=\"https:\/\/genxfreight.co.uk\/\" target=\"_new\" rel=\"noopener\">GenX Freights webbplats<\/a><\/p>\n<p><strong>Granskningsresultat: <\/strong>5<br \/> <strong>Antal recensioner:<\/strong> 1<br \/><a href=\"https:\/\/www.google.co.uk\/maps?cid=4572832678056520042&#038;hl=en&#038;gl=GB\" target=\"_new\" rel=\"noopener\">L\u00e4s recensioner<\/a><\/p>\n<h2>Hur vi valde de b\u00e4sta speditionsf\u00f6retagen i West Bromwich<\/h2>\n<p>Vi b\u00f6rjade med ett dataset med 5 speditionsf\u00f6retag i West Bromwich som vi kunde hitta via Google Maps och begr\u00e4nsade det till de 1 b\u00e4sta.<\/p>\n<p>F\u00f6r att g\u00f6ra detta tog vi bort alla f\u00f6retag som:<\/p>\n<ul>\n<li> Hade ingen webbplats<\/li>\n<li> Hade inga recensioner<\/li>\n<li> Hade ett genomsnittligt omd\u00f6me under 2,0<\/li>\n<\/ul>\n<p>Om vi vid denna tidpunkt hade 17 eller f\u00e4rre skotare listade vi dem alla.<\/p>\n<p>F\u00f6r st\u00e4der d\u00e4r vi hade kvar fler \u00e4n 17 spedit\u00f6rer gjorde vi ytterligare revideringar genom att antingen h\u00f6ja det erforderliga omd\u00f6met (t.ex. fr\u00e5n minst 2,0 till 4,0) och\/eller \u00f6ka det minsta antalet erforderliga omd\u00f6men (t.ex. fr\u00e5n minst 1 omd\u00f6me till minst 10).<\/p>\n<p>Observera att vi endast anv\u00e4nde granskningsdata fr\u00e5n Google Maps och inga andra webbplatser fr\u00e5n tredje part.<\/p>\n<p>Fler st\u00e4der:<\/p>\n<p><a href=\"https:\/\/moverdb.com\/sv\/speditor\/freight-forwarding-uk\/colnbrook-freight-forwarder\/\">Colnbrook Spedit\u00f6r<\/a><br \/><a href=\"https:\/\/moverdb.com\/sv\/speditor\/freight-forwarding-uk\/wilnecote-freight-forwarder\/\">Wilnecote Spedit\u00f6r<\/a><br \/><a href=\"https:\/\/moverdb.com\/sv\/speditor\/freight-forwarding-uk\/llanelli-freight-forwarder\/\">Spedit\u00f6r i Llanelli<\/a><br \/><a href=\"https:\/\/moverdb.com\/sv\/speditor\/freight-forwarding-uk\/worthing-freight-forwarder\/\">Worthing Spedit\u00f6r<\/a><br \/><a href=\"https:\/\/moverdb.com\/sv\/speditor\/freight-forwarding-uk\/llanfyrnach-freight-forwarder\/\">Llanfyrnach Spedit\u00f6r<\/a><\/p>","protected":false},"excerpt":{"rendered":"<p>Below we look at the 1 &#8220;best&#8221; Freight Forwarding companies in West Bromwich out of 5. To learn more about how we chose the best please consult our FAQ section at the end. Please not the following listings are in no particular order and we are not making any recommendations for any particular company. GenX [&hellip;]<\/p>\n","protected":false},"author":1,"featured_media":0,"parent":13427,"menu_order":0,"comment_status":"open","ping_status":"open","template":"","meta":{"_genesis_hide_title":false,"_genesis_hide_breadcrumbs":false,"_genesis_hide_singular_image":false,"_genesis_hide_footer_widgets":false,"_genesis_custom_body_class":"","_genesis_custom_post_class":"","_genesis_layout":"","footnotes":""},"class_list":{"0":"post-14244","1":"page","2":"type-page","3":"status-publish","5":"entry"},"_links":{"self":[{"href":"https:\/\/moverdb.com\/sv\/wp-json\/wp\/v2\/pages\/14244","targetHints":{"allow":["GET"]}}],"collection":[{"href":"https:\/\/moverdb.com\/sv\/wp-json\/wp\/v2\/pages"}],"about":[{"href":"https:\/\/moverdb.com\/sv\/wp-json\/wp\/v2\/types\/page"}],"author":[{"embeddable":true,"href":"https:\/\/moverdb.com\/sv\/wp-json\/wp\/v2\/users\/1"}],"replies":[{"embeddable":true,"href":"https:\/\/moverdb.com\/sv\/wp-json\/wp\/v2\/comments?post=14244"}],"version-history":[{"count":1,"href":"https:\/\/moverdb.com\/sv\/wp-json\/wp\/v2\/pages\/14244\/revisions"}],"predecessor-version":[{"id":15665,"href":"https:\/\/moverdb.com\/sv\/wp-json\/wp\/v2\/pages\/14244\/revisions\/15665"}],"up":[{"embeddable":true,"href":"https:\/\/moverdb.com\/sv\/wp-json\/wp\/v2\/pages\/13427"}],"wp:attachment":[{"href":"https:\/\/moverdb.com\/sv\/wp-json\/wp\/v2\/media?parent=14244"}],"curies":[{"name":"wp","href":"https:\/\/api.w.org\/{rel}","templated":true}]}}