{"id":14216,"date":"2023-11-08T15:55:21","date_gmt":"2023-11-08T15:55:21","guid":{"rendered":"https:\/\/moverdb.com\/freight-forwarder\/freight-forwarding-uk\/saltash-freight-forwarder\/"},"modified":"2026-01-08T14:54:36","modified_gmt":"2026-01-08T14:54:36","slug":"saltash-freight-forwarder","status":"publish","type":"page","link":"https:\/\/moverdb.com\/sv\/freight-forwarder\/freight-forwarding-uk\/saltash-freight-forwarder\/","title":{"rendered":"1 B\u00e4sta speditionsf\u00f6retag i Saltash (2024)"},"content":{"rendered":"<p>Nedan tittar vi p\u00e5 1 <em>\"b\u00e4sta\"<\/em> Speditionsf\u00f6retag i Saltash av 1.<\/p>\n<p>Om du vill veta mer om hur vi v\u00e4ljer de b\u00e4sta kan du l\u00e4sa v\u00e5r FAQ-sektion i slutet.<\/p>\n<p><em>Observera att f\u00f6ljande listor inte \u00e4r i n\u00e5gon s\u00e4rskild ordning och att vi inte ger n\u00e5gra rekommendationer f\u00f6r n\u00e5got s\u00e4rskilt f\u00f6retag.<\/em><\/p>\n<h2>Bra logistik<\/h2>\n<p><img decoding=\"async\" src=\"https:\/\/moverdb.com\/wp-content\/uploads\/thumbnailpanoidJcJWU1j69Dq1R5_ecAbh_gcb_clientsearch.gws-prod.gpsw408h240yaw347.jpg\" alt='Bra logistik' class=\"aligncenter\"><\/p>\n<p><strong>Beskrivning av verksamheten: <\/strong>Good Logistics \u00e4r en prisbel\u00f6nt speditions- och logistikpartner som hundratals sm\u00e5, medelstora och stora f\u00f6retag litar p\u00e5.<\/p>\n<p> Med v\u00e5ra effektiva l\u00f6sningar f\u00e5r du dina produkter fr\u00e5n A till B i tid, oavsett om det g\u00e4ller sj\u00f6-, luft- eller landtransporter.<\/p>\n<p> Vi ser ocks\u00e5 till att dina produkter \u00e4r trygga och s\u00e4kra med v\u00e5ra utm\u00e4rkta lager- och distributionsl\u00f6sningar.<\/p>\n<p> Dessutom har vi ett engagerat team f\u00f6r att s\u00e4kerst\u00e4lla snabba och framg\u00e5ngsrika tullklareringar av dina varor.<\/p>\n<p> Om du beh\u00f6ver import- och exporttj\u00e4nster f\u00f6r EU kan v\u00e5ra engagerade medarbetare ta hand om dina varor, fr\u00e5n lagerh\u00e5llning och distribution till tullklarering inom kontinenten.<\/p>\n<p><strong>Ytterligare tj\u00e4nster:<\/strong><\/p>\n<p>Leveransservice<\/p>\n<p>Logistiktj\u00e4nster<\/p>\n<p>Leveransf\u00f6retag<\/p>\n<p>Frakttj\u00e4nst<\/p>\n<p><strong>Adress:<\/strong> Tamar House, Forge Ln, Saltash PL12 6LX<\/p>\n<p><a href=\"https:\/\/goodlogisticsgroup.com\/\" target=\"_new\" rel=\"noopener\">Bra webbplats f\u00f6r logistik<\/a><\/p>\n<p><strong>Granskningsresultat: <\/strong>5<br \/> <strong>Antal recensioner:<\/strong> 1<br \/><a href=\"https:\/\/www.google.co.uk\/maps?cid=6637056882237691555&#038;hl=en&#038;gl=GB\" target=\"_new\" rel=\"noopener\">L\u00e4s recensioner<\/a><\/p>\n<h2>Hur vi valde de b\u00e4sta speditionsf\u00f6retagen i Saltash<\/h2>\n<p>Vi b\u00f6rjade med ett dataset p\u00e5 1 Saltash speditionsf\u00f6retag som vi kunde hitta via Google Maps och minskade ner det till de 1 b\u00e4sta.<\/p>\n<p>F\u00f6r att g\u00f6ra detta tog vi bort alla f\u00f6retag som:<\/p>\n<ul>\n<li> Hade ingen webbplats<\/li>\n<li> Hade inga recensioner<\/li>\n<li> Hade ett genomsnittligt omd\u00f6me under 2,0<\/li>\n<\/ul>\n<p>Om vi vid denna tidpunkt hade 17 eller f\u00e4rre skotare listade vi dem alla.<\/p>\n<p>F\u00f6r st\u00e4der d\u00e4r vi hade kvar fler \u00e4n 17 spedit\u00f6rer gjorde vi ytterligare revideringar genom att antingen h\u00f6ja det erforderliga omd\u00f6met (t.ex. fr\u00e5n minst 2,0 till 4,0) och\/eller \u00f6ka det minsta antalet erforderliga omd\u00f6men (t.ex. fr\u00e5n minst 1 omd\u00f6me till minst 10).<\/p>\n<p>Observera att vi endast anv\u00e4nde granskningsdata fr\u00e5n Google Maps och inga andra webbplatser fr\u00e5n tredje part.<\/p>\n<p>Fler st\u00e4der:<\/p>\n<p><a href=\"https:\/\/moverdb.com\/sv\/speditor\/freight-forwarding-uk\/coalville-freight-forwarder\/\">Coalville Spedit\u00f6r<\/a><br \/><a href=\"https:\/\/moverdb.com\/sv\/speditor\/freight-forwarding-uk\/sidcup-freight-forwarder\/\">Sidcup Spedit\u00f6r<\/a><br \/><a href=\"https:\/\/moverdb.com\/sv\/speditor\/freight-forwarding-uk\/coggeshall-freight-forwarder\/\">Coggeshall Spedit\u00f6r<\/a><br \/><a href=\"https:\/\/moverdb.com\/sv\/speditor\/freight-forwarding-uk\/st-albans-freight-forwarder\/\">St Albans Spedit\u00f6r<\/a><br \/><a href=\"https:\/\/moverdb.com\/sv\/speditor\/freight-forwarding-uk\/leighton-buzzard-freight-forwarder\/\">Leighton Buzzard Spedit\u00f6r<\/a><\/p>","protected":false},"excerpt":{"rendered":"<p>Below we look at the 1 &#8220;best&#8221; Freight Forwarding companies in Saltash out of 1. To learn more about how we chose the best please consult our FAQ section at the end. Please not the following listings are in no particular order and we are not making any recommendations for any particular company. Good Logistics [&hellip;]<\/p>\n","protected":false},"author":1,"featured_media":0,"parent":13427,"menu_order":0,"comment_status":"open","ping_status":"open","template":"","meta":{"_genesis_hide_title":false,"_genesis_hide_breadcrumbs":false,"_genesis_hide_singular_image":false,"_genesis_hide_footer_widgets":false,"_genesis_custom_body_class":"","_genesis_custom_post_class":"","_genesis_layout":"","footnotes":""},"class_list":{"0":"post-14216","1":"page","2":"type-page","3":"status-publish","5":"entry"},"_links":{"self":[{"href":"https:\/\/moverdb.com\/sv\/wp-json\/wp\/v2\/pages\/14216","targetHints":{"allow":["GET"]}}],"collection":[{"href":"https:\/\/moverdb.com\/sv\/wp-json\/wp\/v2\/pages"}],"about":[{"href":"https:\/\/moverdb.com\/sv\/wp-json\/wp\/v2\/types\/page"}],"author":[{"embeddable":true,"href":"https:\/\/moverdb.com\/sv\/wp-json\/wp\/v2\/users\/1"}],"replies":[{"embeddable":true,"href":"https:\/\/moverdb.com\/sv\/wp-json\/wp\/v2\/comments?post=14216"}],"version-history":[{"count":1,"href":"https:\/\/moverdb.com\/sv\/wp-json\/wp\/v2\/pages\/14216\/revisions"}],"predecessor-version":[{"id":15632,"href":"https:\/\/moverdb.com\/sv\/wp-json\/wp\/v2\/pages\/14216\/revisions\/15632"}],"up":[{"embeddable":true,"href":"https:\/\/moverdb.com\/sv\/wp-json\/wp\/v2\/pages\/13427"}],"wp:attachment":[{"href":"https:\/\/moverdb.com\/sv\/wp-json\/wp\/v2\/media?parent=14216"}],"curies":[{"name":"wp","href":"https:\/\/api.w.org\/{rel}","templated":true}]}}