{"id":14177,"date":"2023-11-08T15:55:01","date_gmt":"2023-11-08T15:55:01","guid":{"rendered":"https:\/\/moverdb.com\/freight-forwarder\/freight-forwarding-uk\/salford-freight-forwarder\/"},"modified":"2026-01-08T14:58:30","modified_gmt":"2026-01-08T14:58:30","slug":"salford-freight-forwarder","status":"publish","type":"page","link":"https:\/\/moverdb.com\/sv\/freight-forwarder\/freight-forwarding-uk\/salford-freight-forwarder\/","title":{"rendered":"2 B\u00e4sta speditionsf\u00f6retagen i Salford (2024)"},"content":{"rendered":"<p>Nedan tittar vi p\u00e5 de 2 <em>\"b\u00e4sta\"<\/em> Speditionsf\u00f6retag i Salford av 4.<\/p>\n<p>Om du vill veta mer om hur vi v\u00e4ljer de b\u00e4sta kan du l\u00e4sa v\u00e5r FAQ-sektion i slutet.<\/p>\n<p><em>Observera att f\u00f6ljande listor inte \u00e4r i n\u00e5gon s\u00e4rskild ordning och att vi inte ger n\u00e5gra rekommendationer f\u00f6r n\u00e5got s\u00e4rskilt f\u00f6retag.<\/em><\/p>\n<h2>Warton Freight Services Northern Ltd<\/h2>\n<p><img decoding=\"async\" src=\"https:\/\/moverdb.com\/wp-content\/uploads\/AF1QipP5vg9UtVRKnaktzJ7hZaMYUqmdNda2n3M2IC0Pw408-h408-k-no.jpg\" alt='Warton Freight Services Northern Ltd' class=\"aligncenter\"><\/p>\n<p><strong>Beskrivning av verksamheten: <\/strong>Inga tillhandah\u00e5llna<\/p>\n<p><strong>Ytterligare tj\u00e4nster:<\/strong><\/p>\n<p>Ingen listad<\/p>\n<p><strong>Adress:<\/strong> 9 Worrall St, Salford M5 4TH<\/p>\n<p><a href=\"https:\/\/wartonfreightnorthern.co.uk\/\" target=\"_new\" rel=\"noopener\">Warton Freight Services Northern Ltd webbplats<\/a><\/p>\n<p><strong>Granskningsresultat: <\/strong>4.2<br \/> <strong>Antal recensioner:<\/strong> 6<br \/><a href=\"https:\/\/www.google.co.uk\/maps?cid=13341298722638209777&#038;hl=en&#038;gl=GB\" target=\"_new\" rel=\"noopener\">L\u00e4s recensioner<\/a><\/p>\n<h2>BSM-anslutningar<\/h2>\n<p><img decoding=\"async\" src=\"https:\/\/moverdb.com\/wp-content\/uploads\/AF1QipPEdmQkHU9nn4ji6Sh3iybPqilGKaZv378SEG1Hw408-h285-k-no.jpg\" alt='BSM-anslutningar' class=\"aligncenter\"><\/p>\n<p><strong>Beskrivning av verksamheten: <\/strong>En l\u00f6sning med en enda kontaktpunkt.<\/p>\n<p> V\u00e5r v\u00e4nliga personal finns h\u00e4r f\u00f6r att se till att din leverans h\u00e5ller tidtabell och budget.<\/p>\n<p>BSM Connections \u00e4r engagerade i professionella luft- och sj\u00f6transporter och vi str\u00e4var efter att erbjuda v\u00e5ra kunder tj\u00e4nster av utm\u00e4rkt kvalitet och h\u00f6g effektivitet.<\/p>\n<p> Vi har etablerat l\u00e5ngsiktiga samarbetsrelationer med m\u00e5nga stora rederier och flygbolag, s\u00e5 att vi inte bara kan ge dig ett f\u00f6rm\u00e5nligt pris, utan ocks\u00e5 garantera stabila leveransscheman och fraktutrymme.<\/p>\n<p><strong>Ytterligare tj\u00e4nster:<\/strong><\/p>\n<p>Ingen listad<\/p>\n<p><strong>Adress:<\/strong> 21 Whitsun Ave, Salford M7 1AJ<\/p>\n<p><a href=\"https:\/\/www.bsmconnections.com\/\" target=\"_new\" rel=\"noopener\">BSM Connections webbplats<\/a><\/p>\n<p><strong>Granskningsresultat: <\/strong>5<br \/> <strong>Antal recensioner:<\/strong> 7<br \/><a href=\"https:\/\/www.google.co.uk\/maps?cid=16767173844370242721&#038;hl=en&#038;gl=GB\" target=\"_new\" rel=\"noopener\">L\u00e4s recensioner<\/a><\/p>\n<h2>Hur vi valde de b\u00e4sta speditionsf\u00f6retagen i Salford<\/h2>\n<p>Vi b\u00f6rjade med ett dataset med 4 speditionsf\u00f6retag i Salford som vi kunde hitta via Google Maps och begr\u00e4nsade det till de 2 b\u00e4sta.<\/p>\n<p>F\u00f6r att g\u00f6ra detta tog vi bort alla f\u00f6retag som:<\/p>\n<ul>\n<li> Hade ingen webbplats<\/li>\n<li> Hade inga recensioner<\/li>\n<li> Hade ett genomsnittligt omd\u00f6me under 2,0<\/li>\n<\/ul>\n<p>Om vi vid denna tidpunkt hade 17 eller f\u00e4rre skotare listade vi dem alla.<\/p>\n<p>F\u00f6r st\u00e4der d\u00e4r vi hade kvar fler \u00e4n 17 spedit\u00f6rer gjorde vi ytterligare revideringar genom att antingen h\u00f6ja det erforderliga omd\u00f6met (t.ex. fr\u00e5n minst 2,0 till 4,0) och\/eller \u00f6ka det minsta antalet erforderliga omd\u00f6men (t.ex. fr\u00e5n minst 1 omd\u00f6me till minst 10).<\/p>\n<p>Observera att vi endast anv\u00e4nde granskningsdata fr\u00e5n Google Maps och inga andra webbplatser fr\u00e5n tredje part.<\/p>\n<p>Fler st\u00e4der:<\/p>\n<p><a href=\"https:\/\/moverdb.com\/sv\/speditor\/freight-forwarding-uk\/lichfield-freight-forwarder\/\">Lichfield Spedit\u00f6r<\/a><br \/><a href=\"https:\/\/moverdb.com\/sv\/speditor\/freight-forwarding-uk\/castlederg-freight-forwarder\/\">Castlederg Spedit\u00f6r<\/a><br \/><a href=\"https:\/\/moverdb.com\/sv\/speditor\/freight-forwarding-uk\/great-blakenham-freight-forwarder\/\">Great Blakenham Spedit\u00f6r<\/a><br \/><a href=\"https:\/\/moverdb.com\/sv\/speditor\/freight-forwarding-uk\/bexleyheath-freight-forwarder\/\">Bexleyheath Spedit\u00f6r<\/a><br \/><a href=\"https:\/\/moverdb.com\/sv\/speditor\/freight-forwarding-uk\/immingham-freight-forwarder\/\">Immingham Spedit\u00f6r<\/a><\/p>","protected":false},"excerpt":{"rendered":"<p>Below we look at the 2 &#8220;best&#8221; Freight Forwarding companies in Salford out of 4. To learn more about how we chose the best please consult our FAQ section at the end. Please not the following listings are in no particular order and we are not making any recommendations for any particular company. Warton Freight [&hellip;]<\/p>\n","protected":false},"author":1,"featured_media":0,"parent":13427,"menu_order":0,"comment_status":"open","ping_status":"open","template":"","meta":{"_genesis_hide_title":false,"_genesis_hide_breadcrumbs":false,"_genesis_hide_singular_image":false,"_genesis_hide_footer_widgets":false,"_genesis_custom_body_class":"","_genesis_custom_post_class":"","_genesis_layout":"","footnotes":""},"class_list":{"0":"post-14177","1":"page","2":"type-page","3":"status-publish","5":"entry"},"_links":{"self":[{"href":"https:\/\/moverdb.com\/sv\/wp-json\/wp\/v2\/pages\/14177","targetHints":{"allow":["GET"]}}],"collection":[{"href":"https:\/\/moverdb.com\/sv\/wp-json\/wp\/v2\/pages"}],"about":[{"href":"https:\/\/moverdb.com\/sv\/wp-json\/wp\/v2\/types\/page"}],"author":[{"embeddable":true,"href":"https:\/\/moverdb.com\/sv\/wp-json\/wp\/v2\/users\/1"}],"replies":[{"embeddable":true,"href":"https:\/\/moverdb.com\/sv\/wp-json\/wp\/v2\/comments?post=14177"}],"version-history":[{"count":1,"href":"https:\/\/moverdb.com\/sv\/wp-json\/wp\/v2\/pages\/14177\/revisions"}],"predecessor-version":[{"id":15744,"href":"https:\/\/moverdb.com\/sv\/wp-json\/wp\/v2\/pages\/14177\/revisions\/15744"}],"up":[{"embeddable":true,"href":"https:\/\/moverdb.com\/sv\/wp-json\/wp\/v2\/pages\/13427"}],"wp:attachment":[{"href":"https:\/\/moverdb.com\/sv\/wp-json\/wp\/v2\/media?parent=14177"}],"curies":[{"name":"wp","href":"https:\/\/api.w.org\/{rel}","templated":true}]}}