{"id":14174,"date":"2023-11-08T15:55:01","date_gmt":"2023-11-08T15:55:01","guid":{"rendered":"https:\/\/moverdb.com\/freight-forwarder\/freight-forwarding-uk\/sale-freight-forwarder\/"},"modified":"2026-01-08T14:58:29","modified_gmt":"2026-01-08T14:58:29","slug":"sale-freight-forwarder","status":"publish","type":"page","link":"https:\/\/moverdb.com\/sv\/freight-forwarder\/freight-forwarding-uk\/sale-freight-forwarder\/","title":{"rendered":"2 B\u00e4sta f\u00f6rs\u00e4ljning av speditionsf\u00f6retag (2024)"},"content":{"rendered":"<p>Nedan tittar vi p\u00e5 de 2 <em>\"b\u00e4sta\"<\/em> Speditionsf\u00f6retag i F\u00f6rs\u00e4ljning av 3.<\/p>\n<p>Om du vill veta mer om hur vi v\u00e4ljer de b\u00e4sta kan du l\u00e4sa v\u00e5r FAQ-sektion i slutet.<\/p>\n<p><em>Observera att f\u00f6ljande listor inte \u00e4r i n\u00e5gon s\u00e4rskild ordning och att vi inte ger n\u00e5gra rekommendationer f\u00f6r n\u00e5got s\u00e4rskilt f\u00f6retag.<\/em><\/p>\n<h2>LK Shipping UK LTD<\/h2>\n<p><img decoding=\"async\" src=\"https:\/\/moverdb.com\/wp-content\/uploads\/AF1QipN4q5M3f3YnnvKiRsukiMsuTiRp0w4PT4AVyWGMw602-h240-k-no.jpg\" alt='LK Shipping UK LTD' class=\"aligncenter\"><\/p>\n<p><strong>Beskrivning av verksamheten: <\/strong>LK Frakt <a href=\"https:\/\/moverdb.com\/sv\/moving-to-the-uk\/\" data-internallinksmanager029f6b8e52c=\"93\" title=\"Flyttar du till Storbritannien? 2026 Levnadskostnader och flyttningstips\">STORBRITANNIEN<\/a> LTD \u00e4r ett speditionsf\u00f6retag som tillhandah\u00e5ller frakttj\u00e4nster fr\u00e5n Storbritannien till Sri Lanka.<\/p>\n<p> V\u00e5rt fr\u00e4msta m\u00e5l \u00e4r att tillhandah\u00e5lla en utm\u00e4rkt, professionell och effektiv service till v\u00e5ra v\u00e4rdefulla kunder.<\/p>\n<p> V\u00e5r verksamhet str\u00e4cker sig till v\u00e5r srilankesiska gemenskap som bor l\u00e4ngst bort fr\u00e5n Aberdeen i Skottland till Point Pedro i Jaffna i Sri Lanka.<\/p>\n<p> Vi \u00e4r stolta \u00f6ver att kunna s\u00e4ga att \u00e4ven under nedst\u00e4ngningsperioden i v\u00e4rlden har v\u00e5rt team gjort sitt b\u00e4sta f\u00f6r att smidigt driva verksamheten utan n\u00e5gra hicka.<\/p>\n<p> Trots de olika sv\u00e5righeter vi m\u00f6ter varje dag i samband med v\u00e5r verksamhet tar vi v\u00e5ra jobb p\u00e5 st\u00f6rsta allvar och ser detta som en tj\u00e4nst som vi g\u00f6r f\u00f6r v\u00e5ra v\u00e4rdefulla kunder eftersom det \u00e4r DIN LEVERANS, V\u00c5R PASSION.<\/p>\n<p>.<\/p>\n<p>.<\/p>\n<p><strong>Ytterligare tj\u00e4nster:<\/strong><\/p>\n<p>Ingen listad<\/p>\n<p><strong>Adress:<\/strong> 289 Norris Rd, F\u00f6rs\u00e4ljning M33 2UN<\/p>\n<p><a href=\"https:\/\/www.lkshipping.co.uk\/\" target=\"_new\" rel=\"noopener\">LK Shipping UK LTD webbplats<\/a><\/p>\n<p><strong>Granskningsresultat: <\/strong>4.7<br \/> <strong>Antal recensioner:<\/strong> 86<br \/><a href=\"https:\/\/www.google.co.uk\/maps?cid=14364698465914922896&#038;hl=en&#038;gl=GB\" target=\"_new\" rel=\"noopener\">L\u00e4s recensioner<\/a><\/p>\n<h2>M &amp; W Frakt Ltd<\/h2>\n<p><img decoding=\"async\" src=\"https:\/\/moverdb.com\/wp-content\/uploads\/thumbnailpanoidOqvFBOtvNBt6aiATYCnIyAcb_clientsearch.gws-prod.gpsw408h240yaw41.jpg\" alt='M &amp; W Frakt Ltd' class=\"aligncenter\"><\/p>\n<p><strong>Beskrivning av verksamheten: <\/strong>Inga tillhandah\u00e5llna<\/p>\n<p><strong>Ytterligare tj\u00e4nster:<\/strong><\/p>\n<p>Ingen listad<\/p>\n<p><strong>Adress:<\/strong> Mirwell House, Carrington Ln., Sale M33 5NL<\/p>\n<p><a href=\"http:\/\/www.mwfreight.co.uk\/\" target=\"_new\" rel=\"noopener\">M &amp; W Freight Ltd webbplats<\/a><\/p>\n<p><strong>Granskningsresultat: <\/strong>5<br \/> <strong>Antal recensioner:<\/strong> 2<br \/><a href=\"https:\/\/www.google.co.uk\/maps?cid=4026578439507615308&#038;hl=en&#038;gl=GB\" target=\"_new\" rel=\"noopener\">L\u00e4s recensioner<\/a><\/p>\n<h2>Hur vi valde de b\u00e4sta speditionsf\u00f6retagen f\u00f6r f\u00f6rs\u00e4ljning<\/h2>\n<p>Vi b\u00f6rjade med ett dataset med 3 f\u00f6rs\u00e4ljningsspeditionsf\u00f6retag som vi kunde hitta via Google Maps och begr\u00e4nsade det till de 2 b\u00e4sta.<\/p>\n<p>F\u00f6r att g\u00f6ra detta tog vi bort alla f\u00f6retag som:<\/p>\n<ul>\n<li> Hade ingen webbplats<\/li>\n<li> Hade inga recensioner<\/li>\n<li> Hade ett genomsnittligt omd\u00f6me under 2,0<\/li>\n<\/ul>\n<p>Om vi vid denna tidpunkt hade 17 eller f\u00e4rre skotare listade vi dem alla.<\/p>\n<p>F\u00f6r st\u00e4der d\u00e4r vi hade kvar fler \u00e4n 17 spedit\u00f6rer gjorde vi ytterligare revideringar genom att antingen h\u00f6ja det erforderliga omd\u00f6met (t.ex. fr\u00e5n minst 2,0 till 4,0) och\/eller \u00f6ka det minsta antalet erforderliga omd\u00f6men (t.ex. fr\u00e5n minst 1 omd\u00f6me till minst 10).<\/p>\n<p>Observera att vi endast anv\u00e4nde granskningsdata fr\u00e5n Google Maps och inga andra webbplatser fr\u00e5n tredje part.<\/p>\n<p>Fler st\u00e4der:<\/p>\n<p><a href=\"https:\/\/moverdb.com\/sv\/speditor\/freight-forwarding-uk\/salford-freight-forwarder\/\">Salford Spedit\u00f6r<\/a><br \/><a href=\"https:\/\/moverdb.com\/sv\/speditor\/freight-forwarding-uk\/lichfield-freight-forwarder\/\">Lichfield Spedit\u00f6r<\/a><br \/><a href=\"https:\/\/moverdb.com\/sv\/speditor\/freight-forwarding-uk\/castlederg-freight-forwarder\/\">Castlederg Spedit\u00f6r<\/a><br \/><a href=\"https:\/\/moverdb.com\/sv\/speditor\/freight-forwarding-uk\/great-blakenham-freight-forwarder\/\">Great Blakenham Spedit\u00f6r<\/a><br \/><a href=\"https:\/\/moverdb.com\/sv\/speditor\/freight-forwarding-uk\/bexleyheath-freight-forwarder\/\">Bexleyheath Spedit\u00f6r<\/a><\/p>","protected":false},"excerpt":{"rendered":"<p>Below we look at the 2 &#8220;best&#8221; Freight Forwarding companies in Sale out of 3. To learn more about how we chose the best please consult our FAQ section at the end. Please not the following listings are in no particular order and we are not making any recommendations for any particular company. LK Shipping [&hellip;]<\/p>\n","protected":false},"author":1,"featured_media":0,"parent":13427,"menu_order":0,"comment_status":"open","ping_status":"open","template":"","meta":{"_genesis_hide_title":false,"_genesis_hide_breadcrumbs":false,"_genesis_hide_singular_image":false,"_genesis_hide_footer_widgets":false,"_genesis_custom_body_class":"","_genesis_custom_post_class":"","_genesis_layout":"","footnotes":""},"class_list":{"0":"post-14174","1":"page","2":"type-page","3":"status-publish","5":"entry"},"_links":{"self":[{"href":"https:\/\/moverdb.com\/sv\/wp-json\/wp\/v2\/pages\/14174","targetHints":{"allow":["GET"]}}],"collection":[{"href":"https:\/\/moverdb.com\/sv\/wp-json\/wp\/v2\/pages"}],"about":[{"href":"https:\/\/moverdb.com\/sv\/wp-json\/wp\/v2\/types\/page"}],"author":[{"embeddable":true,"href":"https:\/\/moverdb.com\/sv\/wp-json\/wp\/v2\/users\/1"}],"replies":[{"embeddable":true,"href":"https:\/\/moverdb.com\/sv\/wp-json\/wp\/v2\/comments?post=14174"}],"version-history":[{"count":1,"href":"https:\/\/moverdb.com\/sv\/wp-json\/wp\/v2\/pages\/14174\/revisions"}],"predecessor-version":[{"id":15743,"href":"https:\/\/moverdb.com\/sv\/wp-json\/wp\/v2\/pages\/14174\/revisions\/15743"}],"up":[{"embeddable":true,"href":"https:\/\/moverdb.com\/sv\/wp-json\/wp\/v2\/pages\/13427"}],"wp:attachment":[{"href":"https:\/\/moverdb.com\/sv\/wp-json\/wp\/v2\/media?parent=14174"}],"curies":[{"name":"wp","href":"https:\/\/api.w.org\/{rel}","templated":true}]}}