{"id":14162,"date":"2023-11-08T15:55:01","date_gmt":"2023-11-08T15:55:01","guid":{"rendered":"https:\/\/moverdb.com\/freight-forwarder\/freight-forwarding-uk\/brentford-freight-forwarder\/"},"modified":"2026-01-08T14:55:56","modified_gmt":"2026-01-08T14:55:56","slug":"brentford-freight-forwarder","status":"publish","type":"page","link":"https:\/\/moverdb.com\/sv\/freight-forwarder\/freight-forwarding-uk\/brentford-freight-forwarder\/","title":{"rendered":"2 b\u00e4sta speditionsf\u00f6retag i Brentford (2024)"},"content":{"rendered":"<p>Nedan tittar vi p\u00e5 de 2 <em>\"b\u00e4sta\"<\/em> Speditionsf\u00f6retag i Brentford av 4.<\/p>\n<p>Om du vill veta mer om hur vi v\u00e4ljer de b\u00e4sta kan du l\u00e4sa v\u00e5r FAQ-sektion i slutet.<\/p>\n<p><em>Observera att f\u00f6ljande listor inte \u00e4r i n\u00e5gon s\u00e4rskild ordning och att vi inte ger n\u00e5gra rekommendationer f\u00f6r n\u00e5got s\u00e4rskilt f\u00f6retag.<\/em><\/p>\n<h2>Eleven International Freight Forwarding Limited<\/h2>\n<p><img decoding=\"async\" src=\"https:\/\/moverdb.com\/wp-content\/uploads\/thumbnailpanoidVmY36SRKjmuDT4ozLKoqXAcb_clientsearch.gws-prod.gpsw408h240yaw321.jpg\" alt='Eleven International Freight Forwarding Limited' class=\"aligncenter\"><\/p>\n<p><strong>Beskrivning av verksamheten: <\/strong>Eleven International Freight Forwarding Ltd.<\/p>\n<p> din erfarna partner inom logistik.<\/p>\n<p>\u00e2\u20ac'<br \/>\nVi erbjuder f\u00f6rstklassiga speditionstj\u00e4nster \u00f6ver hela v\u00e4rlden <a href=\"https:\/\/moverdb.com\/sv\/moving-to-the-uk\/\" data-internallinksmanager029f6b8e52c=\"93\" title=\"Flyttar du till Storbritannien? 2026 Levnadskostnader och flyttningstips\">STORBRITANNIEN<\/a> och Europa.<\/p>\n<p> Vi anser att varje kund f\u00f6rtj\u00e4nar den b\u00e4sta m\u00f6jliga upplevelsen.<\/p>\n<p>\u00e2\u20ac'<br \/>\nVi erbjuder v\u00e5ra kunder en kostnadsfri offert p\u00e5 f\u00f6rhand.<\/p>\n<p> Eftersom vi \u00e4r s\u00e5 s\u00e4kra p\u00e5 v\u00e5ra priser tar vi inte ut n\u00e5gra dolda avgifter eller till\u00e4gg.<\/p>\n<p>\u00e2\u20ac'<br \/>\nV\u00e5rt f\u00f6retag bygger p\u00e5 en grund av integritet, h\u00e5rt arbete och beslutsamhet.<\/p>\n<p> Vi \u00e4r stolta \u00f6ver v\u00e5r f\u00f6rm\u00e5ga att hantera alla aspekter av inrikes och internationell godstransport.<\/p>\n<p><strong>Ytterligare tj\u00e4nster:<\/strong><\/p>\n<p>Flyttj\u00e4nster<\/p>\n<p>Transport och eskortservice<\/p>\n<p>Lager<\/p>\n<p><strong>Adress:<\/strong> 1000 Great West Rd, Brentford TW8 9HH<\/p>\n<p><a href=\"http:\/\/eleven-transport.co.uk\/\" target=\"_new\" rel=\"noopener\">Eleven International Freight Forwarding Limited webbplats<\/a><\/p>\n<p><strong>Granskningsresultat: <\/strong>3.6<br \/> <strong>Antal recensioner:<\/strong> 14<br \/><a href=\"https:\/\/www.google.co.uk\/maps?cid=9761716854989961092&#038;hl=en&#038;gl=GB\" target=\"_new\" rel=\"noopener\">L\u00e4s recensioner<\/a><\/p>\n<h2>Tull och frakt<\/h2>\n<p><img decoding=\"async\" src=\"https:\/\/moverdb.com\/wp-content\/uploads\/AF1QipPWvBCIA2t-qRJkVoRfgvCYtFs36Sg1ht4zKmStw534-h240-k-no.jpg\" alt='Tull och frakt' class=\"aligncenter\"><\/p>\n<p><strong>Beskrivning av verksamheten: <\/strong>Customs &amp; Freight erbjuder professionell global handelsr\u00e5dgivning, tullklarering och spedition till n\u00e4ringsidkare som importerar och\/eller exporterar varor fr\u00e5n\/till l\u00e4nder utanf\u00f6r Storbritannien.<\/p>\n<p>F\u00f6retaget \u00e4r ett digitalt och m\u00e4nskligt f\u00f6retag som n\u00e4rmar sig tullm\u00e4klar- och speditionsbranschen med expert\u00f6gon och ett tekniskt aff\u00e4rsperspektiv.<\/p>\n<p> Vi utnyttjar specialistkunskaper och ny teknik f\u00f6r att erbjuda v\u00e5ra kunder tj\u00e4nster av h\u00f6gsta kvalitet.<\/p>\n<p><strong>Ytterligare tj\u00e4nster:<\/strong><\/p>\n<p>Leverant\u00f6r av beh\u00e5llare<\/p>\n<p>Tullm\u00e4klare<\/p>\n<p>F\u00f6rs\u00e4kringsm\u00e4klare<\/p>\n<p>Konsult inom internationell handel<\/p>\n<p><strong>Adress:<\/strong> 981 Great West Rd, Brentford TW8 9DN<\/p>\n<p><a href=\"http:\/\/www.customsandfreight.com\/\" target=\"_new\" rel=\"noopener\">Webbplats f\u00f6r tull och frakt<\/a><\/p>\n<p><strong>Granskningsresultat: <\/strong>5<br \/> <strong>Antal recensioner:<\/strong> 1<br \/><a href=\"https:\/\/www.google.co.uk\/maps?cid=13007949798119682037&#038;hl=en&#038;gl=GB\" target=\"_new\" rel=\"noopener\">L\u00e4s recensioner<\/a><\/p>\n<h2>Hur vi valde de b\u00e4sta speditionsf\u00f6retagen i Brentford<\/h2>\n<p>Vi b\u00f6rjade med ett dataset med 4 Brentford speditionsf\u00f6retag som vi kunde hitta via Google Maps och minskade ner det till de b\u00e4sta 2.<\/p>\n<p>F\u00f6r att g\u00f6ra detta tog vi bort alla f\u00f6retag som:<\/p>\n<ul>\n<li> Hade ingen webbplats<\/li>\n<li> Hade inga recensioner<\/li>\n<li> Hade ett genomsnittligt omd\u00f6me under 2,0<\/li>\n<\/ul>\n<p>Om vi vid denna tidpunkt hade 17 eller f\u00e4rre skotare listade vi dem alla.<\/p>\n<p>F\u00f6r st\u00e4der d\u00e4r vi hade kvar fler \u00e4n 17 spedit\u00f6rer gjorde vi ytterligare revideringar genom att antingen h\u00f6ja det erforderliga omd\u00f6met (t.ex. fr\u00e5n minst 2,0 till 4,0) och\/eller \u00f6ka det minsta antalet erforderliga omd\u00f6men (t.ex. fr\u00e5n minst 1 omd\u00f6me till minst 10).<\/p>\n<p>Observera att vi endast anv\u00e4nde granskningsdata fr\u00e5n Google Maps och inga andra webbplatser fr\u00e5n tredje part.<\/p>\n<p>Fler st\u00e4der:<\/p>\n<p><a href=\"https:\/\/moverdb.com\/sv\/speditor\/freight-forwarding-uk\/widnes-freight-forwarder\/\">Widnes Spedit\u00f6r<\/a><br \/><a href=\"https:\/\/moverdb.com\/sv\/speditor\/freight-forwarding-uk\/runcorn-freight-forwarder\/\">Spedit\u00f6r i Runcorn<\/a><br \/><a href=\"https:\/\/moverdb.com\/sv\/speditor\/freight-forwarding-uk\/manningtree-freight-forwarder\/\">Manningtree Spedit\u00f6r<\/a><br \/><a href=\"https:\/\/moverdb.com\/sv\/speditor\/freight-forwarding-uk\/sale-freight-forwarder\/\">F\u00f6rs\u00e4ljning Spedit\u00f6r<\/a><br \/><a href=\"https:\/\/moverdb.com\/sv\/speditor\/freight-forwarding-uk\/salford-freight-forwarder\/\">Salford Spedit\u00f6r<\/a><\/p>","protected":false},"excerpt":{"rendered":"<p>Below we look at the 2 &#8220;best&#8221; Freight Forwarding companies in Brentford out of 4. To learn more about how we chose the best please consult our FAQ section at the end. Please not the following listings are in no particular order and we are not making any recommendations for any particular company. Eleven International [&hellip;]<\/p>\n","protected":false},"author":1,"featured_media":0,"parent":13427,"menu_order":0,"comment_status":"open","ping_status":"open","template":"","meta":{"_genesis_hide_title":false,"_genesis_hide_breadcrumbs":false,"_genesis_hide_singular_image":false,"_genesis_hide_footer_widgets":false,"_genesis_custom_body_class":"","_genesis_custom_post_class":"","_genesis_layout":"","footnotes":""},"class_list":{"0":"post-14162","1":"page","2":"type-page","3":"status-publish","5":"entry"},"_links":{"self":[{"href":"https:\/\/moverdb.com\/sv\/wp-json\/wp\/v2\/pages\/14162","targetHints":{"allow":["GET"]}}],"collection":[{"href":"https:\/\/moverdb.com\/sv\/wp-json\/wp\/v2\/pages"}],"about":[{"href":"https:\/\/moverdb.com\/sv\/wp-json\/wp\/v2\/types\/page"}],"author":[{"embeddable":true,"href":"https:\/\/moverdb.com\/sv\/wp-json\/wp\/v2\/users\/1"}],"replies":[{"embeddable":true,"href":"https:\/\/moverdb.com\/sv\/wp-json\/wp\/v2\/comments?post=14162"}],"version-history":[{"count":1,"href":"https:\/\/moverdb.com\/sv\/wp-json\/wp\/v2\/pages\/14162\/revisions"}],"predecessor-version":[{"id":15706,"href":"https:\/\/moverdb.com\/sv\/wp-json\/wp\/v2\/pages\/14162\/revisions\/15706"}],"up":[{"embeddable":true,"href":"https:\/\/moverdb.com\/sv\/wp-json\/wp\/v2\/pages\/13427"}],"wp:attachment":[{"href":"https:\/\/moverdb.com\/sv\/wp-json\/wp\/v2\/media?parent=14162"}],"curies":[{"name":"wp","href":"https:\/\/api.w.org\/{rel}","templated":true}]}}