{"id":14151,"date":"2023-11-08T15:54:40","date_gmt":"2023-11-08T15:54:40","guid":{"rendered":"https:\/\/moverdb.com\/freight-forwarder\/freight-forwarding-uk\/rochester-freight-forwarder\/"},"modified":"2026-01-08T14:58:26","modified_gmt":"2026-01-08T14:58:26","slug":"rochester-freight-forwarder","status":"publish","type":"page","link":"https:\/\/moverdb.com\/sv\/freight-forwarder\/freight-forwarding-uk\/rochester-freight-forwarder\/","title":{"rendered":"2 B\u00e4sta speditionsf\u00f6retagen i Rochester (2024)"},"content":{"rendered":"<p>Nedan tittar vi p\u00e5 de 2 <em>\"b\u00e4sta\"<\/em> Speditionsf\u00f6retag i Rochester av 7.<\/p>\n<p>Om du vill veta mer om hur vi v\u00e4ljer de b\u00e4sta kan du l\u00e4sa v\u00e5r FAQ-sektion i slutet.<\/p>\n<p><em>Observera att f\u00f6ljande listor inte \u00e4r i n\u00e5gon s\u00e4rskild ordning och att vi inte ger n\u00e5gra rekommendationer f\u00f6r n\u00e5got s\u00e4rskilt f\u00f6retag.<\/em><\/p>\n<h2>UK Import Services Limited<\/h2>\n<p><img decoding=\"async\" src=\"https:\/\/moverdb.com\/wp-content\/uploads\/thumbnailpanoid-UDcNTkFBjN8zpjHUM8_Sgcb_clientsearch.gws-prod.gpsw408h240yaw359.jpg\" alt='UK Import Services Limited' class=\"aligncenter\"><\/p>\n<p><strong>Beskrivning av verksamheten: <\/strong>Inga tillhandah\u00e5llna<\/p>\n<p><strong>Ytterligare tj\u00e4nster:<\/strong><\/p>\n<p>Ingen listad<\/p>\n<p><strong>Adress:<\/strong> Reg. Adress: Svit 7 Cobalt House Centre Court, Rochester ME2 4BQ<\/p>\n<p><a href=\"http:\/\/www.ukimportservices.com\/\" target=\"_new\" rel=\"noopener\">UK Import Services Limiteds webbplats<\/a><\/p>\n<p><strong>Granskningsresultat: <\/strong>3<br \/> <strong>Antal recensioner:<\/strong> 2<br \/><a href=\"https:\/\/www.google.co.uk\/maps?cid=10190696061651857157&#038;hl=en&#038;gl=GB\" target=\"_new\" rel=\"noopener\">L\u00e4s recensioner<\/a><\/p>\n<h2>CCT Worldwide Ltd<\/h2>\n<p><img decoding=\"async\" src=\"https:\/\/moverdb.com\/wp-content\/uploads\/AF1QipOx-fcZ6F1-QIKnLwynuUO79zAiB2ztxi2aS02Bw720-h240-k-no.jpg\" alt='CCT Worldwide Ltd' class=\"aligncenter\"><\/p>\n<p><strong>Beskrivning av verksamheten: <\/strong>CCT Worldwide \u00e4r en av de st\u00f6rsta oberoende internationella <a href=\"https:\/\/moverdb.com\/sv\/moving-to-the-uk\/\" data-internallinksmanager029f6b8e52c=\"93\" title=\"Flyttar du till Storbritannien? 2026 Levnadskostnader och flyttningstips\">STORBRITANNIEN<\/a> speditionsf\u00f6retag.<\/p>\n<p> Vi arrangerar internationella transporter av v\u00e5ra kunders gods fr\u00e5n ursprung till destination \u00f6ver hela v\u00e4rlden.<\/p>\n<p> Vi grundades 1984 och har tillhandah\u00e5llit ett komplett utbud av globala frakthanteringstj\u00e4nster i \u00f6ver 30 \u00e5r.<\/p>\n<p>Dessa <a href=\"https:\/\/moverdb.com\/sv\/freight-forwarder\/\" data-internallinksmanager029f6b8e52c=\"17\" title=\"Guide f\u00f6r internationella kostnader och f\u00f6retag f\u00f6r spedit\u00f6rer och NVOCC\">spedit\u00f6r<\/a> Tj\u00e4nsterna omfattar flygfrakt, full containerlast (FCL) och mindre \u00e4n containerlast (LCL) sj\u00f6frakt, v\u00e4gtransporter, kontraktslogistik och tullm\u00e4kleri.<\/p>\n<p> Oavsett kundens behov skapar och levererar vi en rad skr\u00e4ddarsydda fraktl\u00f6sningar med st\u00f6d av v\u00e5rt kunniga team och branschledande IT-tj\u00e4nster.<\/p>\n<p><strong>Ytterligare tj\u00e4nster:<\/strong><\/p>\n<p>Ingen listad<\/p>\n<p><strong>Adress:<\/strong> Ashford House Beaufort Court, Enhet 3, Rochester ME2 4FA<\/p>\n<p><a href=\"https:\/\/cctworldwidelogistics.com\/\" target=\"_new\" rel=\"noopener\">CCT Worldwide Ltd webbplats<\/a><\/p>\n<p><strong>Granskningsresultat: <\/strong>4.7<br \/> <strong>Antal recensioner:<\/strong> 12<br \/><a href=\"https:\/\/www.google.co.uk\/maps?cid=2798323899266473835&#038;hl=en&#038;gl=GB\" target=\"_new\" rel=\"noopener\">L\u00e4s recensioner<\/a><\/p>\n<h2>Hur vi valde de b\u00e4sta speditionsf\u00f6retagen i Rochester<\/h2>\n<p>Vi b\u00f6rjade med ett dataset med 7 speditionsf\u00f6retag i Rochester som vi kunde hitta via Google Maps och begr\u00e4nsade det till de 2 b\u00e4sta.<\/p>\n<p>F\u00f6r att g\u00f6ra detta tog vi bort alla f\u00f6retag som:<\/p>\n<ul>\n<li> Hade ingen webbplats<\/li>\n<li> Hade inga recensioner<\/li>\n<li> Hade ett genomsnittligt omd\u00f6me under 2,0<\/li>\n<\/ul>\n<p>Om vi vid denna tidpunkt hade 17 eller f\u00e4rre skotare listade vi dem alla.<\/p>\n<p>F\u00f6r st\u00e4der d\u00e4r vi hade kvar fler \u00e4n 17 spedit\u00f6rer gjorde vi ytterligare revideringar genom att antingen h\u00f6ja det erforderliga omd\u00f6met (t.ex. fr\u00e5n minst 2,0 till 4,0) och\/eller \u00f6ka det minsta antalet erforderliga omd\u00f6men (t.ex. fr\u00e5n minst 1 omd\u00f6me till minst 10).<\/p>\n<p>Observera att vi endast anv\u00e4nde granskningsdata fr\u00e5n Google Maps och inga andra webbplatser fr\u00e5n tredje part.<\/p>\n<p>Fler st\u00e4der:<\/p>\n<p><a href=\"https:\/\/moverdb.com\/sv\/speditor\/freight-forwarding-uk\/watford-freight-forwarder\/\">Watford Spedit\u00f6r<\/a><br \/><a href=\"https:\/\/moverdb.com\/sv\/speditor\/freight-forwarding-uk\/romford-freight-forwarder\/\">Romford Spedit\u00f6r<\/a><br \/><a href=\"https:\/\/moverdb.com\/sv\/speditor\/freight-forwarding-uk\/chelmsford-freight-forwarder\/\">Chelmsford Spedit\u00f6r<\/a><br \/><a href=\"https:\/\/moverdb.com\/sv\/speditor\/freight-forwarding-uk\/brentford-freight-forwarder\/\">Spedit\u00f6r Brentford<\/a><br \/><a href=\"https:\/\/moverdb.com\/sv\/speditor\/freight-forwarding-uk\/widnes-freight-forwarder\/\">Widnes Spedit\u00f6r<\/a><\/p>","protected":false},"excerpt":{"rendered":"<p>Below we look at the 2 &#8220;best&#8221; Freight Forwarding companies in Rochester out of 7. To learn more about how we chose the best please consult our FAQ section at the end. Please not the following listings are in no particular order and we are not making any recommendations for any particular company. UK Import [&hellip;]<\/p>\n","protected":false},"author":1,"featured_media":0,"parent":13427,"menu_order":0,"comment_status":"open","ping_status":"open","template":"","meta":{"_genesis_hide_title":false,"_genesis_hide_breadcrumbs":false,"_genesis_hide_singular_image":false,"_genesis_hide_footer_widgets":false,"_genesis_custom_body_class":"","_genesis_custom_post_class":"","_genesis_layout":"","footnotes":""},"class_list":{"0":"post-14151","1":"page","2":"type-page","3":"status-publish","5":"entry"},"_links":{"self":[{"href":"https:\/\/moverdb.com\/sv\/wp-json\/wp\/v2\/pages\/14151","targetHints":{"allow":["GET"]}}],"collection":[{"href":"https:\/\/moverdb.com\/sv\/wp-json\/wp\/v2\/pages"}],"about":[{"href":"https:\/\/moverdb.com\/sv\/wp-json\/wp\/v2\/types\/page"}],"author":[{"embeddable":true,"href":"https:\/\/moverdb.com\/sv\/wp-json\/wp\/v2\/users\/1"}],"replies":[{"embeddable":true,"href":"https:\/\/moverdb.com\/sv\/wp-json\/wp\/v2\/comments?post=14151"}],"version-history":[{"count":1,"href":"https:\/\/moverdb.com\/sv\/wp-json\/wp\/v2\/pages\/14151\/revisions"}],"predecessor-version":[{"id":15740,"href":"https:\/\/moverdb.com\/sv\/wp-json\/wp\/v2\/pages\/14151\/revisions\/15740"}],"up":[{"embeddable":true,"href":"https:\/\/moverdb.com\/sv\/wp-json\/wp\/v2\/pages\/13427"}],"wp:attachment":[{"href":"https:\/\/moverdb.com\/sv\/wp-json\/wp\/v2\/media?parent=14151"}],"curies":[{"name":"wp","href":"https:\/\/api.w.org\/{rel}","templated":true}]}}