{"id":14124,"date":"2023-11-08T15:54:40","date_gmt":"2023-11-08T15:54:40","guid":{"rendered":"https:\/\/moverdb.com\/freight-forwarder\/freight-forwarding-uk\/horley-freight-forwarder\/"},"modified":"2026-01-08T14:58:03","modified_gmt":"2026-01-08T14:58:03","slug":"horley-freight-forwarder","status":"publish","type":"page","link":"https:\/\/moverdb.com\/sv\/freight-forwarder\/freight-forwarding-uk\/horley-freight-forwarder\/","title":{"rendered":"2 B\u00e4sta speditionsf\u00f6retag i Horley (2024)"},"content":{"rendered":"<p>Nedan tittar vi p\u00e5 de 2 <em>\"b\u00e4sta\"<\/em> Speditionsf\u00f6retag i Horley av 5.<\/p>\n<p>Om du vill veta mer om hur vi v\u00e4ljer de b\u00e4sta kan du l\u00e4sa v\u00e5r FAQ-sektion i slutet.<\/p>\n<p><em>Observera att f\u00f6ljande listor inte \u00e4r i n\u00e5gon s\u00e4rskild ordning och att vi inte ger n\u00e5gra rekommendationer f\u00f6r n\u00e5got s\u00e4rskilt f\u00f6retag.<\/em><\/p>\n<h2>DMS International Ltd<\/h2>\n<p><img decoding=\"async\" src=\"https:\/\/moverdb.com\/wp-content\/uploads\/AF1QipPUGYskWBvhLSFrApRfWm5-GRtv3dDiA4EUyQ4_w408-h691-k-no.jpg\" alt='DMS International Ltd' class=\"aligncenter\"><\/p>\n<p><strong>Beskrivning av verksamheten: <\/strong>DMS International Limited \u00e4r internationella logistikexperter med specialisering p\u00e5;<br \/>\nTidskritiskt arbete 24\/7 \u00f6ver hela v\u00e4rlden<br \/>\nOBC-transporter (On Board Courier) dygnet runt \u00f6ver hela v\u00e4rlden<br \/>\nExperter p\u00e5 flygplan p\u00e5 marken (AOG) 24 timmar om dygnet, 7 dagar i veckan<br \/>\nNext Flight Out (NFO)-specialister dygnet runt \u00f6ver hela v\u00e4rlden<br \/>\nFulfilment, plock och pack och distribution underl\u00e4ttar b\u00e5de 3PL och 4PL<br \/>\nDedikerad fordonsleverans (rusningsk\u00f6rningar) 24\/7 <a href=\"https:\/\/moverdb.com\/sv\/moving-to-the-uk\/\" data-internallinksmanager029f6b8e52c=\"93\" title=\"Flyttar du till Storbritannien? 2026 Levnadskostnader och flyttningstips\">STORBRITANNIEN<\/a> och hela Europa och d\u00e4rut\u00f6ver<br \/>\nV\u00e5r kurirdivision erbjuder fordon fr\u00e5n sm\u00e5 sk\u00e5pbilar till ledade fordon f\u00f6r leveranser fr\u00e5n d\u00f6rr till d\u00f6rr<br \/>\nMusik-\/underh\u00e5llningsbranschen S\u00e4rskilda evenemang arbete \u00f6ver hela v\u00e4rlden<br \/>\nSkr\u00e4ddarsytt internt sp\u00e5rningssystem f\u00f6r informationsteknik f\u00f6r alla r\u00f6relser<br \/>\nVi har ocks\u00e5 en HUMS-avdelning och \u00e4r specialister p\u00e5 global repatriering av m\u00e4nskliga kvarlevor<\/p>\n<p><strong>Ytterligare tj\u00e4nster:<\/strong><\/p>\n<p>Kurirservice<\/p>\n<p>Distributionstj\u00e4nst<\/p>\n<p>Logistiktj\u00e4nster<\/p>\n<p>Transporttj\u00e4nster<\/p>\n<p>Lager<\/p>\n<p><strong>Adress:<\/strong> Enheter 1 &amp; 11, Bridge Industrial Estate, Balcombe Rd, Horley RH6 9HU<\/p>\n<p><a href=\"https:\/\/dms-intl.com\/\" target=\"_new\" rel=\"noopener\">DMS International Ltd webbplats<\/a><\/p>\n<p><strong>Granskningsresultat: <\/strong>4.5<br \/> <strong>Antal recensioner:<\/strong> 2<br \/><a href=\"https:\/\/www.google.co.uk\/maps?cid=16688674639725830230&#038;hl=en&#038;gl=GB\" target=\"_new\" rel=\"noopener\">L\u00e4s recensioner<\/a><\/p>\n<h2>Seaspace internationella spedit\u00f6rer<\/h2>\n<p><img decoding=\"async\" src=\"https:\/\/moverdb.com\/wp-content\/uploads\/thumbnailpanoidcf9WcnxAC8u-SvFzzOtosgcb_clientsearch.gws-prod.gpsw408h240yaw253.jpg\" alt='Seaspace internationella spedit\u00f6rer' class=\"aligncenter\"><\/p>\n<p><strong>Beskrivning av verksamheten: <\/strong>Inga tillhandah\u00e5llna<\/p>\n<p><strong>Ytterligare tj\u00e4nster:<\/strong><\/p>\n<p>Logistiktj\u00e4nster<\/p>\n<p>Anl\u00e4ggning f\u00f6r lagring<\/p>\n<p><strong>Adress:<\/strong> Gatwick House, Peeks Brook Ln, Horley RH6 9ST<\/p>\n<p><a href=\"https:\/\/www.seaspace-int.com\/?utm_source=gmblisting&#038;utm_medium=organic&#038;utm_campaign=gmb\" target=\"_new\" rel=\"noopener\">Seaspace International Forwarders webbplats<\/a><\/p>\n<p><strong>Granskningsresultat: <\/strong>4.2<br \/> <strong>Antal recensioner:<\/strong> 12<br \/><a href=\"https:\/\/www.google.co.uk\/maps?cid=6167122230326718562&#038;hl=en&#038;gl=GB\" target=\"_new\" rel=\"noopener\">L\u00e4s recensioner<\/a><\/p>\n<h2>Hur vi valde de b\u00e4sta speditionsf\u00f6retagen i Horley<\/h2>\n<p>Vi b\u00f6rjade med ett dataset med 5 Horley speditionsf\u00f6retag som vi kunde hitta via Google Maps och minskade ner det till de b\u00e4sta 2.<\/p>\n<p>F\u00f6r att g\u00f6ra detta tog vi bort alla f\u00f6retag som:<\/p>\n<ul>\n<li> Hade ingen webbplats<\/li>\n<li> Hade inga recensioner<\/li>\n<li> Hade ett genomsnittligt omd\u00f6me under 2,0<\/li>\n<\/ul>\n<p>Om vi vid denna tidpunkt hade 17 eller f\u00e4rre skotare listade vi dem alla.<\/p>\n<p>F\u00f6r st\u00e4der d\u00e4r vi hade kvar fler \u00e4n 17 spedit\u00f6rer gjorde vi ytterligare revideringar genom att antingen h\u00f6ja det erforderliga omd\u00f6met (t.ex. fr\u00e5n minst 2,0 till 4,0) och\/eller \u00f6ka det minsta antalet erforderliga omd\u00f6men (t.ex. fr\u00e5n minst 1 omd\u00f6me till minst 10).<\/p>\n<p>Observera att vi endast anv\u00e4nde granskningsdata fr\u00e5n Google Maps och inga andra webbplatser fr\u00e5n tredje part.<\/p>\n<p>Fler st\u00e4der:<\/p>\n<p><a href=\"https:\/\/moverdb.com\/sv\/speditor\/freight-forwarding-uk\/enfield-freight-forwarder\/\">Spedit\u00f6r Enfield<\/a><br \/><a href=\"https:\/\/moverdb.com\/sv\/speditor\/freight-forwarding-uk\/sutton-coldfield-freight-forwarder\/\">Sutton Coldfield Spedit\u00f6r<\/a><br \/><a href=\"https:\/\/moverdb.com\/sv\/speditor\/freight-forwarding-uk\/redditch-freight-forwarder\/\">Redditch Spedit\u00f6r<\/a><br \/><a href=\"https:\/\/moverdb.com\/sv\/speditor\/freight-forwarding-uk\/greenhithe-freight-forwarder\/\">Greenhithe Spedit\u00f6r<\/a><br \/><a href=\"https:\/\/moverdb.com\/sv\/speditor\/freight-forwarding-uk\/loughborough-freight-forwarder\/\">Spedit\u00f6r i Loughborough<\/a><\/p>","protected":false},"excerpt":{"rendered":"<p>Below we look at the 2 &#8220;best&#8221; Freight Forwarding companies in Horley out of 5. To learn more about how we chose the best please consult our FAQ section at the end. Please not the following listings are in no particular order and we are not making any recommendations for any particular company. DMS International [&hellip;]<\/p>\n","protected":false},"author":1,"featured_media":0,"parent":13427,"menu_order":0,"comment_status":"open","ping_status":"open","template":"","meta":{"_genesis_hide_title":false,"_genesis_hide_breadcrumbs":false,"_genesis_hide_singular_image":false,"_genesis_hide_footer_widgets":false,"_genesis_custom_body_class":"","_genesis_custom_post_class":"","_genesis_layout":"","footnotes":""},"class_list":{"0":"post-14124","1":"page","2":"type-page","3":"status-publish","5":"entry"},"_links":{"self":[{"href":"https:\/\/moverdb.com\/sv\/wp-json\/wp\/v2\/pages\/14124","targetHints":{"allow":["GET"]}}],"collection":[{"href":"https:\/\/moverdb.com\/sv\/wp-json\/wp\/v2\/pages"}],"about":[{"href":"https:\/\/moverdb.com\/sv\/wp-json\/wp\/v2\/types\/page"}],"author":[{"embeddable":true,"href":"https:\/\/moverdb.com\/sv\/wp-json\/wp\/v2\/users\/1"}],"replies":[{"embeddable":true,"href":"https:\/\/moverdb.com\/sv\/wp-json\/wp\/v2\/comments?post=14124"}],"version-history":[{"count":1,"href":"https:\/\/moverdb.com\/sv\/wp-json\/wp\/v2\/pages\/14124\/revisions"}],"predecessor-version":[{"id":15721,"href":"https:\/\/moverdb.com\/sv\/wp-json\/wp\/v2\/pages\/14124\/revisions\/15721"}],"up":[{"embeddable":true,"href":"https:\/\/moverdb.com\/sv\/wp-json\/wp\/v2\/pages\/13427"}],"wp:attachment":[{"href":"https:\/\/moverdb.com\/sv\/wp-json\/wp\/v2\/media?parent=14124"}],"curies":[{"name":"wp","href":"https:\/\/api.w.org\/{rel}","templated":true}]}}