{"id":14087,"date":"2023-11-08T15:54:18","date_gmt":"2023-11-08T15:54:18","guid":{"rendered":"https:\/\/moverdb.com\/freight-forwarder\/freight-forwarding-uk\/huntingdon-freight-forwarder\/"},"modified":"2026-01-08T14:58:05","modified_gmt":"2026-01-08T14:58:05","slug":"huntingdon-freight-forwarder","status":"publish","type":"page","link":"https:\/\/moverdb.com\/sv\/freight-forwarder\/freight-forwarding-uk\/huntingdon-freight-forwarder\/","title":{"rendered":"2 B\u00e4sta speditionsf\u00f6retag i Huntingdon (2024)"},"content":{"rendered":"<p>Nedan tittar vi p\u00e5 de 2 <em>\"b\u00e4sta\"<\/em> Speditionsf\u00f6retag i Huntingdon av 2.<\/p>\n<p>Om du vill veta mer om hur vi v\u00e4ljer de b\u00e4sta kan du l\u00e4sa v\u00e5r FAQ-sektion i slutet.<\/p>\n<p><em>Observera att f\u00f6ljande listor inte \u00e4r i n\u00e5gon s\u00e4rskild ordning och att vi inte ger n\u00e5gra rekommendationer f\u00f6r n\u00e5got s\u00e4rskilt f\u00f6retag.<\/em><\/p>\n<h2>Manchett's Transport<\/h2>\n<p><img decoding=\"async\" src=\"https:\/\/moverdb.com\/wp-content\/uploads\/AF1QipNSqxwLUBsGGYlsegs9g-F0QtPmcDyKUM8e4913w426-h240-k-no.png\" alt='Manchett's transport\" class=\"aligncenter\"><\/p>\n<p><strong>Beskrivning av verksamheten: <\/strong>Lagerh\u00e5llning, distribution, transport, logistik, avlastning\/lastning av containrar, konsolidering, cross dock, transport.<\/p>\n<p><strong>Ytterligare tj\u00e4nster:<\/strong><\/p>\n<p>Ingen listad<\/p>\n<p><strong>Adress:<\/strong> Heath Rd, Warboys, Huntingdon PE28 2UU<\/p>\n<p><a href=\"http:\/\/www.manchettsgroup.co.uk\/\" target=\"_new\" rel=\"noopener\">Manchett's Transport webbplats<\/a><\/p>\n<p><strong>Granskningsresultat: <\/strong>4.6<br \/> <strong>Antal recensioner:<\/strong> 17<br \/><a href=\"https:\/\/www.google.co.uk\/maps?cid=5925921316114603321&#038;hl=en&#038;gl=GB\" target=\"_new\" rel=\"noopener\">L\u00e4s recensioner<\/a><\/p>\n<h2>Park Project Freight Limited<\/h2>\n<p><img decoding=\"async\" src=\"https:\/\/moverdb.com\/wp-content\/uploads\/AF1QipMW_5e_odZHAnA8-d5USM5kADcmRdbPAkpjbE0Pw408-h306-k-no.jpg\" alt='Park Project Freight Limited' class=\"aligncenter\"><\/p>\n<p><strong>Beskrivning av verksamheten: <\/strong>Inga tillhandah\u00e5llna<\/p>\n<p><strong>Ytterligare tj\u00e4nster:<\/strong><\/p>\n<p>Ingen listad<\/p>\n<p><strong>Adress:<\/strong> St Georges House, 14 George St, Huntingdon PE29 3GH<\/p>\n<p><a href=\"http:\/\/parkprojectfreight.com\/\" target=\"_new\" rel=\"noopener\">Webbplats f\u00f6r Park Project Freight Limited<\/a><\/p>\n<p><strong>Granskningsresultat: <\/strong>5<br \/> <strong>Antal recensioner:<\/strong> 1<br \/><a href=\"https:\/\/www.google.co.uk\/maps?cid=16499068111778540495&#038;hl=en&#038;gl=GB\" target=\"_new\" rel=\"noopener\">L\u00e4s recensioner<\/a><\/p>\n<h2>Hur vi valde de b\u00e4sta speditionsf\u00f6retagen i Huntingdon<\/h2>\n<p>Vi b\u00f6rjade med ett dataset med 2 Huntingdon speditionsf\u00f6retag som vi kunde hitta via Google Maps och minskade ner det till de b\u00e4sta 2.<\/p>\n<p>F\u00f6r att g\u00f6ra detta tog vi bort alla f\u00f6retag som:<\/p>\n<ul>\n<li> Hade ingen webbplats<\/li>\n<li> Hade inga recensioner<\/li>\n<li> Hade ett genomsnittligt omd\u00f6me under 2,0<\/li>\n<\/ul>\n<p>Om vi vid denna tidpunkt hade 17 eller f\u00e4rre skotare listade vi dem alla.<\/p>\n<p>F\u00f6r st\u00e4der d\u00e4r vi hade kvar fler \u00e4n 17 spedit\u00f6rer gjorde vi ytterligare revideringar genom att antingen h\u00f6ja det erforderliga omd\u00f6met (t.ex. fr\u00e5n minst 2,0 till 4,0) och\/eller \u00f6ka det minsta antalet erforderliga omd\u00f6men (t.ex. fr\u00e5n minst 1 omd\u00f6me till minst 10).<\/p>\n<p>Observera att vi endast anv\u00e4nde granskningsdata fr\u00e5n Google Maps och inga andra webbplatser fr\u00e5n tredje part.<\/p>\n<p>Fler st\u00e4der:<\/p>\n<p><a href=\"https:\/\/moverdb.com\/sv\/speditor\/freight-forwarding-uk\/hornchurch-freight-forwarder\/\">Hornchurch Spedit\u00f6r<\/a><br \/><a href=\"https:\/\/moverdb.com\/sv\/speditor\/freight-forwarding-uk\/pontypridd-freight-forwarder\/\">Pontypridd Spedit\u00f6r<\/a><br \/><a href=\"https:\/\/moverdb.com\/sv\/speditor\/freight-forwarding-uk\/shipley-freight-forwarder\/\">Shipley Spedit\u00f6r<\/a><br \/><a href=\"https:\/\/moverdb.com\/sv\/speditor\/freight-forwarding-uk\/poole-freight-forwarder\/\">Poole Spedit\u00f6r<\/a><br \/><a href=\"https:\/\/moverdb.com\/sv\/speditor\/freight-forwarding-uk\/abingdon-freight-forwarder\/\">Abingdon Spedit\u00f6r<\/a><\/p>","protected":false},"excerpt":{"rendered":"<p>Nedan ser vi p\u00e5 de 2 \"b\u00e4sta\" Speditionsfirmorna i Huntingdon av 2. F\u00f6r att l\u00e4ra dig mer om hur vi valde det b\u00e4sta, v\u00e4nligen se v\u00e5rt FAQ-avsnitt i slutet. Observera att f\u00f6ljande listor inte \u00e4r i n\u00e5gon s\u00e4rskild ordning och att vi inte g\u00f6r n\u00e5gra rekommendationer f\u00f6r n\u00e5got s\u00e4rskilt f\u00f6retag. Manchett's Transport<\/p>","protected":false},"author":1,"featured_media":0,"parent":13427,"menu_order":0,"comment_status":"open","ping_status":"open","template":"","meta":{"_genesis_hide_title":false,"_genesis_hide_breadcrumbs":false,"_genesis_hide_singular_image":false,"_genesis_hide_footer_widgets":false,"_genesis_custom_body_class":"","_genesis_custom_post_class":"","_genesis_layout":"","footnotes":""},"class_list":{"0":"post-14087","1":"page","2":"type-page","3":"status-publish","5":"entry"},"_links":{"self":[{"href":"https:\/\/moverdb.com\/sv\/wp-json\/wp\/v2\/pages\/14087","targetHints":{"allow":["GET"]}}],"collection":[{"href":"https:\/\/moverdb.com\/sv\/wp-json\/wp\/v2\/pages"}],"about":[{"href":"https:\/\/moverdb.com\/sv\/wp-json\/wp\/v2\/types\/page"}],"author":[{"embeddable":true,"href":"https:\/\/moverdb.com\/sv\/wp-json\/wp\/v2\/users\/1"}],"replies":[{"embeddable":true,"href":"https:\/\/moverdb.com\/sv\/wp-json\/wp\/v2\/comments?post=14087"}],"version-history":[{"count":1,"href":"https:\/\/moverdb.com\/sv\/wp-json\/wp\/v2\/pages\/14087\/revisions"}],"predecessor-version":[{"id":15723,"href":"https:\/\/moverdb.com\/sv\/wp-json\/wp\/v2\/pages\/14087\/revisions\/15723"}],"up":[{"embeddable":true,"href":"https:\/\/moverdb.com\/sv\/wp-json\/wp\/v2\/pages\/13427"}],"wp:attachment":[{"href":"https:\/\/moverdb.com\/sv\/wp-json\/wp\/v2\/media?parent=14087"}],"curies":[{"name":"wp","href":"https:\/\/api.w.org\/{rel}","templated":true}]}}