{"id":14075,"date":"2023-11-08T15:54:18","date_gmt":"2023-11-08T15:54:18","guid":{"rendered":"https:\/\/moverdb.com\/freight-forwarder\/freight-forwarding-uk\/leyland-freight-forwarder\/"},"modified":"2026-01-08T14:58:06","modified_gmt":"2026-01-08T14:58:06","slug":"leyland-freight-forwarder","status":"publish","type":"page","link":"https:\/\/moverdb.com\/sv\/freight-forwarder\/freight-forwarding-uk\/leyland-freight-forwarder\/","title":{"rendered":"2 B\u00e4sta Leyland speditionsf\u00f6retag (2024)"},"content":{"rendered":"<p>Nedan tittar vi p\u00e5 de 2 <em>\"b\u00e4sta\"<\/em> Speditionsf\u00f6retag i Leyland av 3.<\/p>\n<p>Om du vill veta mer om hur vi v\u00e4ljer de b\u00e4sta kan du l\u00e4sa v\u00e5r FAQ-sektion i slutet.<\/p>\n<p><em>Observera att f\u00f6ljande listor inte \u00e4r i n\u00e5gon s\u00e4rskild ordning och att vi inte ger n\u00e5gra rekommendationer f\u00f6r n\u00e5got s\u00e4rskilt f\u00f6retag.<\/em><\/p>\n<h2>Straightforward Transport ltd<\/h2>\n<p><img decoding=\"async\" src=\"https:\/\/moverdb.com\/wp-content\/uploads\/thumbnailpanoidUvn_dcm3_rvpNjLE-pJ5xwcb_clientsearch.gws-prod.gpsw408h240yaw152.jpg\" alt='Straightforward Transport ltd' class=\"aligncenter\"><\/p>\n<p><strong>Beskrivning av verksamheten: <\/strong>Vi \u00e4r specialiserade p\u00e5 den europeiska marknaden f\u00f6r import, export och cross-trade shipping.<\/p>\n<p> V\u00e5ra tj\u00e4nster omfattar styckegods, dellaster, hellaster, semi-expressbilar och dedikerade sk\u00e5pbilstj\u00e4nster.<\/p>\n<p> Vi t\u00e4cker \u00e4ven fulla laster och expressleveranser i och runt <a href=\"https:\/\/moverdb.com\/sv\/moving-to-the-uk\/\" data-internallinksmanager029f6b8e52c=\"93\" title=\"Flyttar du till Storbritannien? 2026 Levnadskostnader och flyttningstips\">STORBRITANNIEN<\/a>.<\/p>\n<p>Inget jobb \u00e4r f\u00f6r stort eller f\u00f6r litet f\u00f6r <a href=\"https:\/\/moverdb.com\/sv\/moving-to-the-united-states\/\" data-internallinksmanager029f6b8e52c=\"94\" title=\"Flyttar du till USA? 2026 Levnadskostnader och flyttningstips\">oss<\/a>, fr\u00e5n det minsta kuvertet till det st\u00f6rsta<br \/>\nlast kan SFT erbjuda ett komplett utbud av logistikl\u00f6sningar som passar alla budgetar och f\u00f6retagstyper.<\/p>\n<p> S\u00e5 oavsett om ditt f\u00f6rem\u00e5l \u00e4r br\u00e5dskande, \u00f6mt\u00e5ligt, onormalt eller tidsk\u00e4nsligt kan du vara s\u00e4ker p\u00e5 att v\u00e5rt v\u00e4nliga och kunniga team kommer att arbeta med dig fr\u00e5n b\u00f6rjan f\u00f6r att se till att r\u00e4tt l\u00f6sning finns p\u00e5 plats f\u00f6r att m\u00f6ta dina individuella behov.<\/p>\n<p><strong>Ytterligare tj\u00e4nster:<\/strong><\/p>\n<p>Ingen listad<\/p>\n<p><strong>Adress:<\/strong> 15 Thetford Dr, Clayton-le-Woods, Leyland PR25 5PG<\/p>\n<p><a href=\"https:\/\/www.straightforwardtransportltd.com\/\" target=\"_new\" rel=\"noopener\">Enkel webbplats f\u00f6r Transport ltd<\/a><\/p>\n<p><strong>Granskningsresultat: <\/strong>5<br \/> <strong>Antal recensioner:<\/strong> 2<br \/><a href=\"https:\/\/www.google.co.uk\/maps?cid=14192114853144307509&#038;hl=en&#038;gl=GB\" target=\"_new\" rel=\"noopener\">L\u00e4s recensioner<\/a><\/p>\n<h2>Frakt n\u00e4sta dag<\/h2>\n<p><img decoding=\"async\" src=\"https:\/\/moverdb.com\/wp-content\/uploads\/thumbnailpanoidO7jJuzG2YYqm33Gh3vIBEAcb_clientsearch.gws-prod.gpsw408h240yaw352.jpg\" alt='Frakt n\u00e4sta dag' class=\"aligncenter\"><\/p>\n<p><strong>Beskrivning av verksamheten: <\/strong>Inga tillhandah\u00e5llna<\/p>\n<p><strong>Ytterligare tj\u00e4nster:<\/strong><\/p>\n<p>Ingen listad<\/p>\n<p><strong>Adress:<\/strong> Leyland Business Park, Centurion House, Centurion Way, Farington, Leyland PR25 3GR<\/p>\n<p><a href=\"http:\/\/www.nextdayfreight.co.uk\/\" target=\"_new\" rel=\"noopener\">Webbplats f\u00f6r frakt n\u00e4sta dag<\/a><\/p>\n<p><strong>Granskningsresultat: <\/strong>4.7<br \/> <strong>Antal recensioner:<\/strong> 3<br \/><a href=\"https:\/\/www.google.co.uk\/maps?cid=14012449689363139539&#038;hl=en&#038;gl=GB\" target=\"_new\" rel=\"noopener\">L\u00e4s recensioner<\/a><\/p>\n<h2>Hur vi valde de b\u00e4sta speditionsf\u00f6retagen i Leyland<\/h2>\n<p>Vi b\u00f6rjade med ett dataset med 3 Leyland speditionsf\u00f6retag som vi kunde hitta via Google Maps och minskade ner det till de b\u00e4sta 2.<\/p>\n<p>F\u00f6r att g\u00f6ra detta tog vi bort alla f\u00f6retag som:<\/p>\n<ul>\n<li> Hade ingen webbplats<\/li>\n<li> Hade inga recensioner<\/li>\n<li> Hade ett genomsnittligt omd\u00f6me under 2,0<\/li>\n<\/ul>\n<p>Om vi vid denna tidpunkt hade 17 eller f\u00e4rre skotare listade vi dem alla.<\/p>\n<p>F\u00f6r st\u00e4der d\u00e4r vi hade kvar fler \u00e4n 17 spedit\u00f6rer gjorde vi ytterligare revideringar genom att antingen h\u00f6ja det erforderliga omd\u00f6met (t.ex. fr\u00e5n minst 2,0 till 4,0) och\/eller \u00f6ka det minsta antalet erforderliga omd\u00f6men (t.ex. fr\u00e5n minst 1 omd\u00f6me till minst 10).<\/p>\n<p>Observera att vi endast anv\u00e4nde granskningsdata fr\u00e5n Google Maps och inga andra webbplatser fr\u00e5n tredje part.<\/p>\n<p>Fler st\u00e4der:<\/p>\n<p><a href=\"https:\/\/moverdb.com\/sv\/speditor\/freight-forwarding-uk\/cheadle-freight-forwarder\/\">Cheadle Spedit\u00f6r<\/a><br \/><a href=\"https:\/\/moverdb.com\/sv\/speditor\/freight-forwarding-uk\/oldbury-freight-forwarder\/\">Oldbury Spedit\u00f6r<\/a><br \/><a href=\"https:\/\/moverdb.com\/sv\/speditor\/freight-forwarding-uk\/chertsey-freight-forwarder\/\">Chertsey Spedit\u00f6r<\/a><br \/><a href=\"https:\/\/moverdb.com\/sv\/speditor\/freight-forwarding-uk\/huntingdon-freight-forwarder\/\">Huntingdon Spedit\u00f6r<\/a><br \/><a href=\"https:\/\/moverdb.com\/sv\/speditor\/freight-forwarding-uk\/hornchurch-freight-forwarder\/\">Hornchurch Spedit\u00f6r<\/a><\/p>","protected":false},"excerpt":{"rendered":"<p>Below we look at the 2 &#8220;best&#8221; Freight Forwarding companies in Leyland out of 3. To learn more about how we chose the best please consult our FAQ section at the end. Please not the following listings are in no particular order and we are not making any recommendations for any particular company. Straightforward Transport [&hellip;]<\/p>\n","protected":false},"author":1,"featured_media":0,"parent":13427,"menu_order":0,"comment_status":"open","ping_status":"open","template":"","meta":{"_genesis_hide_title":false,"_genesis_hide_breadcrumbs":false,"_genesis_hide_singular_image":false,"_genesis_hide_footer_widgets":false,"_genesis_custom_body_class":"","_genesis_custom_post_class":"","_genesis_layout":"","footnotes":""},"class_list":{"0":"post-14075","1":"page","2":"type-page","3":"status-publish","5":"entry"},"_links":{"self":[{"href":"https:\/\/moverdb.com\/sv\/wp-json\/wp\/v2\/pages\/14075","targetHints":{"allow":["GET"]}}],"collection":[{"href":"https:\/\/moverdb.com\/sv\/wp-json\/wp\/v2\/pages"}],"about":[{"href":"https:\/\/moverdb.com\/sv\/wp-json\/wp\/v2\/types\/page"}],"author":[{"embeddable":true,"href":"https:\/\/moverdb.com\/sv\/wp-json\/wp\/v2\/users\/1"}],"replies":[{"embeddable":true,"href":"https:\/\/moverdb.com\/sv\/wp-json\/wp\/v2\/comments?post=14075"}],"version-history":[{"count":1,"href":"https:\/\/moverdb.com\/sv\/wp-json\/wp\/v2\/pages\/14075\/revisions"}],"predecessor-version":[{"id":15724,"href":"https:\/\/moverdb.com\/sv\/wp-json\/wp\/v2\/pages\/14075\/revisions\/15724"}],"up":[{"embeddable":true,"href":"https:\/\/moverdb.com\/sv\/wp-json\/wp\/v2\/pages\/13427"}],"wp:attachment":[{"href":"https:\/\/moverdb.com\/sv\/wp-json\/wp\/v2\/media?parent=14075"}],"curies":[{"name":"wp","href":"https:\/\/api.w.org\/{rel}","templated":true}]}}