{"id":14023,"date":"2023-11-08T15:53:54","date_gmt":"2023-11-08T15:53:54","guid":{"rendered":"https:\/\/moverdb.com\/freight-forwarder\/freight-forwarding-uk\/middlesex-freight-forwarder\/"},"modified":"2026-01-08T14:58:10","modified_gmt":"2026-01-08T14:58:10","slug":"middlesex-freight-forwarder","status":"publish","type":"page","link":"https:\/\/moverdb.com\/sv\/freight-forwarder\/freight-forwarding-uk\/middlesex-freight-forwarder\/","title":{"rendered":"2 B\u00e4sta speditionsf\u00f6retag i Middlesex (2024)"},"content":{"rendered":"<p>Nedan tittar vi p\u00e5 de 2 <em>\"b\u00e4sta\"<\/em> Speditionsf\u00f6retag i Middlesex av 5.<\/p>\n<p>Om du vill veta mer om hur vi v\u00e4ljer de b\u00e4sta kan du l\u00e4sa v\u00e5r FAQ-sektion i slutet.<\/p>\n<p><em>Observera att f\u00f6ljande listor inte \u00e4r i n\u00e5gon s\u00e4rskild ordning och att vi inte ger n\u00e5gra rekommendationer f\u00f6r n\u00e5got s\u00e4rskilt f\u00f6retag.<\/em><\/p>\n<h2>J J Freight Solutions Ltd<\/h2>\n<p><img decoding=\"async\" src=\"https:\/\/moverdb.com\/wp-content\/uploads\/AF1QipPvOqLphcc66DJrQp8oQRalNsN9f2KZCrDFOcWew494-h240-k-no.jpg\" alt='J J Freight Solutions Ltd' class=\"aligncenter\"><\/p>\n<p><strong>Beskrivning av verksamheten: <\/strong>JJ Freight \u00e4r ett f\u00f6retag som har etablerat sig som en av de ledande akt\u00f6rerna inom branschen f\u00f6r \u00f6verskottsbagage och internationell flyttning.<\/p>\n<p> V\u00e5rt f\u00f6retag kan ordna d\u00f6rr-till-d\u00f6rr-transporter av egenf\u00f6rpackat gods med b\u00e5t, flyg eller lastbil \u00f6ver hela v\u00e4rlden och \u00e4r \u00e4n idag en specialist p\u00e5 denna marknad.<\/p>\n<p>Vi \u00e4r specialiserade p\u00e5 att transportera allt fr\u00e5n personliga tillh\u00f6righeter och husdjur till bilar, motorcyklar etc. och ser till att alla f\u00f6rem\u00e5l packas s\u00e4kert och n\u00e5r sin destination i tid.<\/p>\n<p><strong>Ytterligare tj\u00e4nster:<\/strong><\/p>\n<p>Kurirservice<\/p>\n<p>Import Export F\u00f6retag<\/p>\n<p>Butik f\u00f6r f\u00f6rpackningsleveranser<\/p>\n<p>Leveransf\u00f6retag<\/p>\n<p>Frakttj\u00e4nst<\/p>\n<p>Transporttj\u00e4nster<\/p>\n<p>Export\u00f6r av fordon<\/p>\n<p><strong>Adress:<\/strong> Enhet 60, <a href=\"https:\/\/moverdb.com\/sv\/moving-to-phoenix\/\" data-internallinksmanager029f6b8e52c=\"62\" title=\"Flyttar du till Phoenix? 2026 Levnadskostnader och flyttningstips\">Phoenix<\/a> Distribution Park, Phoenix Way, Heston, Middlesex TW5 9NB<\/p>\n<p><a href=\"http:\/\/www.jjfreight.co.uk\/\" target=\"_new\" rel=\"noopener\">J J Freight Solutions Ltd webbplats<\/a><\/p>\n<p><strong>Granskningsresultat: <\/strong>4.8<br \/> <strong>Antal recensioner:<\/strong> 4<br \/><a href=\"https:\/\/www.google.co.uk\/maps?cid=17068642107029710430&#038;hl=en&#038;gl=GB\" target=\"_new\" rel=\"noopener\">L\u00e4s recensioner<\/a><\/p>\n<h2>Luftst\u00f6dstj\u00e4nster<\/h2>\n<p><img decoding=\"async\" src=\"\" alt=\"Luftst\u00f6dstj\u00e4nster\" class=\"aligncenter\"><\/p>\n<p><strong>Beskrivning av verksamheten: <\/strong>Inga tillhandah\u00e5llna<\/p>\n<p><strong>Ytterligare tj\u00e4nster:<\/strong><\/p>\n<p>Rekryterare<\/p>\n<p><strong>Adress:<\/strong> Northumberland Close, 1st Floor Westpoint, Stanwell, Middlesex TW19 7LN<\/p>\n<p><a href=\"http:\/\/airuk.net\/\" target=\"_new\" rel=\"noopener\">Air Support Services webbplats<\/a><\/p>\n<p><strong>Granskningsresultat: <\/strong>4.5<br \/> <strong>Antal recensioner:<\/strong> 8<br \/><a href=\"https:\/\/www.google.co.uk\/maps?cid=501882555168221795&#038;hl=en&#038;gl=GB\" target=\"_new\" rel=\"noopener\">L\u00e4s recensioner<\/a><\/p>\n<h2>Hur vi valde de b\u00e4sta speditionsfirmorna i Middlesex<\/h2>\n<p>Vi b\u00f6rjade med ett dataset med 5 Middlesex speditionsf\u00f6retag som vi kunde hitta via Google Maps och minskade ner det till de b\u00e4sta 2.<\/p>\n<p>F\u00f6r att g\u00f6ra detta tog vi bort alla f\u00f6retag som:<\/p>\n<ul>\n<li> Hade ingen webbplats<\/li>\n<li> Hade inga recensioner<\/li>\n<li> Hade ett genomsnittligt omd\u00f6me under 2,0<\/li>\n<\/ul>\n<p>Om vi vid denna tidpunkt hade 17 eller f\u00e4rre skotare listade vi dem alla.<\/p>\n<p>F\u00f6r st\u00e4der d\u00e4r vi hade kvar fler \u00e4n 17 spedit\u00f6rer gjorde vi ytterligare revideringar genom att antingen h\u00f6ja det erforderliga omd\u00f6met (t.ex. fr\u00e5n minst 2,0 till 4,0) och\/eller \u00f6ka det minsta antalet erforderliga omd\u00f6men (t.ex. fr\u00e5n minst 1 omd\u00f6me till minst 10).<\/p>\n<p>Observera att vi endast anv\u00e4nde granskningsdata fr\u00e5n Google Maps och inga andra webbplatser fr\u00e5n tredje part.<\/p>\n<p>Fler st\u00e4der:<\/p>\n<p><a href=\"https:\/\/moverdb.com\/sv\/speditor\/freight-forwarding-uk\/wisbech-freight-forwarder\/\">Wisbech Spedit\u00f6r<\/a><br \/><a href=\"https:\/\/moverdb.com\/sv\/speditor\/freight-forwarding-uk\/east-cowes-freight-forwarder\/\">East Cowes Spedit\u00f6r<\/a><br \/><a href=\"https:\/\/moverdb.com\/sv\/speditor\/freight-forwarding-uk\/bury-freight-forwarder\/\">Bury Fraktspedit\u00f6r<\/a><br \/><a href=\"https:\/\/moverdb.com\/sv\/speditor\/freight-forwarding-uk\/newcastle-upon-tyne-freight-forwarder\/\">Spedit\u00f6r Newcastle upon Tyne<\/a><br \/><a href=\"https:\/\/moverdb.com\/sv\/speditor\/freight-forwarding-uk\/great-yarmouth-freight-forwarder\/\">Great Yarmouth Spedit\u00f6r<\/a><\/p>","protected":false},"excerpt":{"rendered":"<p>Below we look at the 2 &#8220;best&#8221; Freight Forwarding companies in Middlesex out of 5. To learn more about how we chose the best please consult our FAQ section at the end. Please not the following listings are in no particular order and we are not making any recommendations for any particular company. J J [&hellip;]<\/p>\n","protected":false},"author":1,"featured_media":0,"parent":13427,"menu_order":0,"comment_status":"open","ping_status":"open","template":"","meta":{"_genesis_hide_title":false,"_genesis_hide_breadcrumbs":false,"_genesis_hide_singular_image":false,"_genesis_hide_footer_widgets":false,"_genesis_custom_body_class":"","_genesis_custom_post_class":"","_genesis_layout":"","footnotes":""},"class_list":{"0":"post-14023","1":"page","2":"type-page","3":"status-publish","5":"entry"},"_links":{"self":[{"href":"https:\/\/moverdb.com\/sv\/wp-json\/wp\/v2\/pages\/14023","targetHints":{"allow":["GET"]}}],"collection":[{"href":"https:\/\/moverdb.com\/sv\/wp-json\/wp\/v2\/pages"}],"about":[{"href":"https:\/\/moverdb.com\/sv\/wp-json\/wp\/v2\/types\/page"}],"author":[{"embeddable":true,"href":"https:\/\/moverdb.com\/sv\/wp-json\/wp\/v2\/users\/1"}],"replies":[{"embeddable":true,"href":"https:\/\/moverdb.com\/sv\/wp-json\/wp\/v2\/comments?post=14023"}],"version-history":[{"count":1,"href":"https:\/\/moverdb.com\/sv\/wp-json\/wp\/v2\/pages\/14023\/revisions"}],"predecessor-version":[{"id":15728,"href":"https:\/\/moverdb.com\/sv\/wp-json\/wp\/v2\/pages\/14023\/revisions\/15728"}],"up":[{"embeddable":true,"href":"https:\/\/moverdb.com\/sv\/wp-json\/wp\/v2\/pages\/13427"}],"wp:attachment":[{"href":"https:\/\/moverdb.com\/sv\/wp-json\/wp\/v2\/media?parent=14023"}],"curies":[{"name":"wp","href":"https:\/\/api.w.org\/{rel}","templated":true}]}}