{"id":14001,"date":"2023-11-08T15:53:54","date_gmt":"2023-11-08T15:53:54","guid":{"rendered":"https:\/\/moverdb.com\/freight-forwarder\/freight-forwarding-uk\/middlesbrough-freight-forwarder\/"},"modified":"2026-01-08T13:17:38","modified_gmt":"2026-01-08T13:17:38","slug":"middlesbrough-freight-forwarder","status":"publish","type":"page","link":"https:\/\/moverdb.com\/sv\/freight-forwarder\/freight-forwarding-uk\/middlesbrough-freight-forwarder\/","title":{"rendered":"3 B\u00e4sta speditionsf\u00f6retag i Middlesbrough (2024)"},"content":{"rendered":"<p>Nedan tittar vi p\u00e5 de 3 <em>\"b\u00e4sta\"<\/em> Speditionsf\u00f6retag i Middlesbrough av 6.<\/p>\n<p>Om du vill veta mer om hur vi v\u00e4ljer de b\u00e4sta kan du l\u00e4sa v\u00e5r FAQ-sektion i slutet.<\/p>\n<p><em>Observera att f\u00f6ljande listor inte \u00e4r i n\u00e5gon s\u00e4rskild ordning och att vi inte ger n\u00e5gra rekommendationer f\u00f6r n\u00e5got s\u00e4rskilt f\u00f6retag.<\/em><\/p>\n<div id=\"ez-toc-container\" class=\"ez-toc-v2_0_82_2 ez-toc-wrap-left counter-hierarchy ez-toc-counter ez-toc-transparent ez-toc-container-direction\">\n<div class=\"ez-toc-title-container\">\n<p class=\"ez-toc-title\" style=\"cursor:inherit\">Avsnitt<\/p>\n<span class=\"ez-toc-title-toggle\"><a href=\"#\" class=\"ez-toc-pull-right ez-toc-btn ez-toc-btn-xs ez-toc-btn-default ez-toc-toggle\" aria-label=\"V\u00e4xla till inneh\u00e5llsf\u00f6rteckning\"><span class=\"ez-toc-js-icon-con\"><span class=\"\"><span class=\"eztoc-hide\" style=\"display:none;\">V\u00e4xel<\/span><span class=\"ez-toc-icon-toggle-span\"><svg style=\"fill: #999;color:#999\" xmlns=\"http:\/\/www.w3.org\/2000\/svg\" class=\"list-377408\" width=\"20px\" height=\"20px\" viewbox=\"0 0 24 24\" fill=\"none\"><path d=\"M6 6H4v2h2V6zm14 0H8v2h12V6zM4 11h2v2H4v-2zm16 0H8v2h12v-2zM4 16h2v2H4v-2zm16 0H8v2h12v-2z\" fill=\"currentColor\"><\/path><\/svg><svg style=\"fill: #999;color:#999\" class=\"arrow-unsorted-368013\" xmlns=\"http:\/\/www.w3.org\/2000\/svg\" width=\"10px\" height=\"10px\" viewbox=\"0 0 24 24\" version=\"1.2\" baseprofile=\"tiny\"><path d=\"M18.2 9.3l-6.2-6.3-6.2 6.3c-.2.2-.3.4-.3.7s.1.5.3.7c.2.2.4.3.7.3h11c.3 0 .5-.1.7-.3.2-.2.3-.5.3-.7s-.1-.5-.3-.7zM5.8 14.7l6.2 6.3 6.2-6.3c.2-.2.3-.5.3-.7s-.1-.5-.3-.7c-.2-.2-.4-.3-.7-.3h-11c-.3 0-.5.1-.7.3-.2.2-.3.5-.3.7s.1.5.3.7z\"\/><\/svg><\/span><\/span><\/span><\/a><\/span><\/div>\n<nav><ul class='ez-toc-list ez-toc-list-level-1 eztoc-toggle-hide-by-default' ><li class='ez-toc-page-1 ez-toc-heading-level-2'><a class=\"ez-toc-link ez-toc-heading-1\" href=\"https:\/\/moverdb.com\/sv\/freight-forwarder\/freight-forwarding-uk\/middlesbrough-freight-forwarder\/#InstaCargo_Ltd\" >InstaCargo Ltd<\/a><\/li><li class='ez-toc-page-1 ez-toc-heading-level-2'><a class=\"ez-toc-link ez-toc-heading-2\" href=\"https:\/\/moverdb.com\/sv\/freight-forwarder\/freight-forwarding-uk\/middlesbrough-freight-forwarder\/#Evolution_Forwarding\" >Evolution Spedition<\/a><\/li><li class='ez-toc-page-1 ez-toc-heading-level-2'><a class=\"ez-toc-link ez-toc-heading-3\" href=\"https:\/\/moverdb.com\/sv\/freight-forwarder\/freight-forwarding-uk\/middlesbrough-freight-forwarder\/#Johnson_Partners_Ltd\" >Johnson Partners Ltd<\/a><\/li><li class='ez-toc-page-1 ez-toc-heading-level-2'><a class=\"ez-toc-link ez-toc-heading-4\" href=\"https:\/\/moverdb.com\/sv\/freight-forwarder\/freight-forwarding-uk\/middlesbrough-freight-forwarder\/#How_we_picked_the_best_Middlesbrough_Freight_Forwarding_Companies\" >Hur vi valde de b\u00e4sta speditionsfirmorna i Middlesbrough<\/a><\/li><\/ul><\/nav><\/div>\n<h2><span class=\"ez-toc-section\" id=\"InstaCargo_Ltd\"><\/span>InstaCargo Ltd<span class=\"ez-toc-section-end\"><\/span><\/h2>\n<p><img decoding=\"async\" src=\"https:\/\/moverdb.com\/wp-content\/uploads\/thumbnailpanoidBdnaOper1igm1iTb8bZB7Acb_clientsearch.gws-prod.gpsw408h240yaw39.jpg\" alt='InstaCargo Ltd' class=\"aligncenter\"><\/p>\n<p><strong>Beskrivning av verksamheten: <\/strong>H\u00e4r p\u00e5 InstaCargo Ltd har vi \u00e5tagit oss att tillhandah\u00e5lla logistiktj\u00e4nster till ALLA, VAR SOM HELST f\u00f6r ALLT!<br \/>\nALLA<br \/>\nOavsett om du \u00e4r en stor organisation eller ett litet f\u00f6retag, kanske nystartad eller har en eng\u00e5ngsleverans, kontakta <a href=\"https:\/\/moverdb.com\/sv\/moving-to-the-united-states\/\" data-internallinksmanager029f6b8e52c=\"94\" title=\"Flyttar du till USA? 2026 Levnadskostnader och flyttningstips\">oss<\/a>.<\/p>\n<p> Vi har alternativen f\u00f6r dig!<br \/>\nVAR SOM HELST<br \/>\nIngen plats \u00e4r f\u00f6rbjuden.<\/p>\n<p> V\u00e5ra globala f\u00f6rbindelser g\u00f6r alla h\u00e4mtningar och leveranser m\u00f6jliga.<\/p>\n<p>ALLT<br \/>\nFr\u00e5n sm\u00e5 kurirpaket till stora m\u00e5tt, projektlaster, containertransporter och expresstransporter - vi finns h\u00e4r och v\u00e4ntar och hj\u00e4lper dig g\u00e4rna!<\/p>\n<p><strong>Ytterligare tj\u00e4nster:<\/strong><\/p>\n<p>Ingen listad<\/p>\n<p><strong>Adress:<\/strong> Enhet 3A High Force Rd, Riverside Park Industrial Estate, Middlesbrough TS2 1RH<\/p>\n<p><a href=\"http:\/\/www.instacargoltd.co.uk\/\" target=\"_new\" rel=\"noopener\">InstaCargo Ltd webbplats<\/a><\/p>\n<p><strong>Granskningsresultat: <\/strong>5<br \/> <strong>Antal recensioner:<\/strong> 3<br \/><a href=\"https:\/\/www.google.co.uk\/maps?cid=543061409013876172&#038;hl=en&#038;gl=GB\" target=\"_new\" rel=\"noopener\">L\u00e4s recensioner<\/a><\/p>\n<h2><span class=\"ez-toc-section\" id=\"Evolution_Forwarding\"><\/span>Evolution Spedition<span class=\"ez-toc-section-end\"><\/span><\/h2>\n<p><img decoding=\"async\" src=\"https:\/\/moverdb.com\/wp-content\/uploads\/AF1QipNuCGpKcw506tRyB0Uk8-31EOk0wcVd0SSwcQHBw408-h544-k-no.jpg\" alt='Evolution Spedition' class=\"aligncenter\"><\/p>\n<p><strong>Beskrivning av verksamheten: <\/strong>Inga tillhandah\u00e5llna<\/p>\n<p><strong>Ytterligare tj\u00e4nster:<\/strong><\/p>\n<p>Konsult inom internationell handel<\/p>\n<p>F\u00f6rpackningsentrepren\u00f6rer och tj\u00e4nster<\/p>\n<p>Butik f\u00f6r f\u00f6rpackningsleveranser<\/p>\n<p>Leveransf\u00f6retag<\/p>\n<p>Transporttj\u00e4nster<\/p>\n<p><strong>Adress:<\/strong> Skippers Lane Industrial Estate, 37 Metcalfe Rd, Middlesbrough TS6 6PT<\/p>\n<p><a href=\"http:\/\/www.evolutionforwarding.com\/\" target=\"_new\" rel=\"noopener\">Evolution Forwardings webbplats<\/a><\/p>\n<p><strong>Granskningsresultat: <\/strong>5<br \/> <strong>Antal recensioner:<\/strong> 1<br \/><a href=\"https:\/\/www.google.co.uk\/maps?cid=10721676880161420298&#038;hl=en&#038;gl=GB\" target=\"_new\" rel=\"noopener\">L\u00e4s recensioner<\/a><\/p>\n<h2><span class=\"ez-toc-section\" id=\"Johnson_Partners_Ltd\"><\/span>Johnson Partners Ltd<span class=\"ez-toc-section-end\"><\/span><\/h2>\n<p><img decoding=\"async\" src=\"https:\/\/moverdb.com\/wp-content\/uploads\/AF1QipMpELKdZQijzhOo-vvsfD7BqNjFLknQWjB18Tqvw408-h306-k-no.jpg\" alt='Johnson Partners Ltd' class=\"aligncenter\"><\/p>\n<p><strong>Beskrivning av verksamheten: <\/strong>Johnson Partners grundades 2004 med m\u00e5let att tillhandah\u00e5lla en personlig, professionell och kompetent speditionstj\u00e4nst.<\/p>\n<p> Genom att ta hand om alla transport- och speditionskrav kan vi l\u00e5ta kunderna fokusera p\u00e5 sin k\u00e4rnverksamhet.<\/p>\n<p>Vi arbetar med b\u00e5de multinationella f\u00f6retag och mindre f\u00f6retag, och v\u00e5ra kunder litar p\u00e5 att vi tar hand om deras v\u00e4rdefulla gods.<\/p>\n<p> Vi har stor erfarenhet av att hantera transporter utanf\u00f6r m\u00e4tomr\u00e5det, onormala laster och projektlast och arbetar tillsammans med kunderna fr\u00e5n planeringsstadiet till f\u00e4rdigst\u00e4llandet.<\/p>\n<p>#teamjpl<\/p>\n<p><strong>Ytterligare tj\u00e4nster:<\/strong><\/p>\n<p>Leveransf\u00f6retag<\/p>\n<p><strong>Adress:<\/strong> 7 River Court, Brighouse Business Village, Brighouse Road, Middlesbrough TS2 1RT<\/p>\n<p><a href=\"http:\/\/www.johnsonpartners.co.uk\/\" target=\"_new\" rel=\"noopener\">Johnson Partners Ltd webbplats<\/a><\/p>\n<p><strong>Granskningsresultat: <\/strong>5<br \/> <strong>Antal recensioner:<\/strong> 7<br \/><a href=\"https:\/\/www.google.co.uk\/maps?cid=17648057514071181519&#038;hl=en&#038;gl=GB\" target=\"_new\" rel=\"noopener\">L\u00e4s recensioner<\/a><\/p>\n<h2><span class=\"ez-toc-section\" id=\"How_we_picked_the_best_Middlesbrough_Freight_Forwarding_Companies\"><\/span>Hur vi valde de b\u00e4sta speditionsfirmorna i Middlesbrough<span class=\"ez-toc-section-end\"><\/span><\/h2>\n<p>Vi b\u00f6rjade med ett dataset med 6 speditionsf\u00f6retag fr\u00e5n Middlesbrough som vi kunde hitta via Google Maps och begr\u00e4nsade det till de 3 b\u00e4sta.<\/p>\n<p>F\u00f6r att g\u00f6ra detta tog vi bort alla f\u00f6retag som:<\/p>\n<ul>\n<li> Hade ingen webbplats<\/li>\n<li> Hade inga recensioner<\/li>\n<li> Hade ett genomsnittligt omd\u00f6me under 2,0<\/li>\n<\/ul>\n<p>Om vi vid denna tidpunkt hade 17 eller f\u00e4rre skotare listade vi dem alla.<\/p>\n<p>F\u00f6r st\u00e4der d\u00e4r vi hade kvar fler \u00e4n 17 spedit\u00f6rer gjorde vi ytterligare revideringar genom att antingen h\u00f6ja det erforderliga omd\u00f6met (t.ex. fr\u00e5n minst 2,0 till 4,0) och\/eller \u00f6ka det minsta antalet erforderliga omd\u00f6men (t.ex. fr\u00e5n minst 1 omd\u00f6me till minst 10).<\/p>\n<p>Observera att vi endast anv\u00e4nde granskningsdata fr\u00e5n Google Maps och inga andra webbplatser fr\u00e5n tredje part.<\/p>\n<p>Fler st\u00e4der:<\/p>\n<p><a href=\"https:\/\/moverdb.com\/sv\/speditor\/freight-forwarding-uk\/hessle-freight-forwarder\/\">Hessle Spedit\u00f6r<\/a><br \/><a href=\"https:\/\/moverdb.com\/sv\/speditor\/freight-forwarding-uk\/newtownabbey-freight-forwarder\/\">Spedit\u00f6r Newtownabbey<\/a><br \/><a href=\"https:\/\/moverdb.com\/sv\/speditor\/freight-forwarding-uk\/preston-freight-forwarder\/\">Preston Spedit\u00f6r<\/a><br \/><a href=\"https:\/\/moverdb.com\/sv\/speditor\/freight-forwarding-uk\/skelmersdale-freight-forwarder\/\">Skelmersdale Spedit\u00f6r<\/a><br \/><a href=\"https:\/\/moverdb.com\/sv\/speditor\/freight-forwarding-uk\/walsall-freight-forwarder\/\">Walsall Spedit\u00f6r<\/a><\/p>","protected":false},"excerpt":{"rendered":"<p>Below we look at the 3 &#8220;best&#8221; Freight Forwarding companies in Middlesbrough out of 6. To learn more about how we chose the best please consult our FAQ section at the end. Please not the following listings are in no particular order and we are not making any recommendations for any particular company. InstaCargo Ltd [&hellip;]<\/p>\n","protected":false},"author":1,"featured_media":0,"parent":13427,"menu_order":0,"comment_status":"open","ping_status":"open","template":"","meta":{"_genesis_hide_title":false,"_genesis_hide_breadcrumbs":false,"_genesis_hide_singular_image":false,"_genesis_hide_footer_widgets":false,"_genesis_custom_body_class":"","_genesis_custom_post_class":"","_genesis_layout":"","footnotes":""},"class_list":{"0":"post-14001","1":"page","2":"type-page","3":"status-publish","5":"entry"},"_links":{"self":[{"href":"https:\/\/moverdb.com\/sv\/wp-json\/wp\/v2\/pages\/14001","targetHints":{"allow":["GET"]}}],"collection":[{"href":"https:\/\/moverdb.com\/sv\/wp-json\/wp\/v2\/pages"}],"about":[{"href":"https:\/\/moverdb.com\/sv\/wp-json\/wp\/v2\/types\/page"}],"author":[{"embeddable":true,"href":"https:\/\/moverdb.com\/sv\/wp-json\/wp\/v2\/users\/1"}],"replies":[{"embeddable":true,"href":"https:\/\/moverdb.com\/sv\/wp-json\/wp\/v2\/comments?post=14001"}],"version-history":[{"count":1,"href":"https:\/\/moverdb.com\/sv\/wp-json\/wp\/v2\/pages\/14001\/revisions"}],"predecessor-version":[{"id":15771,"href":"https:\/\/moverdb.com\/sv\/wp-json\/wp\/v2\/pages\/14001\/revisions\/15771"}],"up":[{"embeddable":true,"href":"https:\/\/moverdb.com\/sv\/wp-json\/wp\/v2\/pages\/13427"}],"wp:attachment":[{"href":"https:\/\/moverdb.com\/sv\/wp-json\/wp\/v2\/media?parent=14001"}],"curies":[{"name":"wp","href":"https:\/\/api.w.org\/{rel}","templated":true}]}}