{"id":13989,"date":"2023-11-08T15:53:54","date_gmt":"2023-11-08T15:53:54","guid":{"rendered":"https:\/\/moverdb.com\/freight-forwarder\/freight-forwarding-uk\/renfrew-freight-forwarder\/"},"modified":"2026-01-08T13:17:44","modified_gmt":"2026-01-08T13:17:44","slug":"renfrew-freight-forwarder","status":"publish","type":"page","link":"https:\/\/moverdb.com\/sv\/freight-forwarder\/freight-forwarding-uk\/renfrew-freight-forwarder\/","title":{"rendered":"3 B\u00e4sta speditionsf\u00f6retagen i Renfrew (2024)"},"content":{"rendered":"<p>Nedan tittar vi p\u00e5 de 3 <em>\"b\u00e4sta\"<\/em> Speditionsf\u00f6retag i Renfrew av 3.<\/p>\n<p>Om du vill veta mer om hur vi v\u00e4ljer de b\u00e4sta kan du l\u00e4sa v\u00e5r FAQ-sektion i slutet.<\/p>\n<p><em>Observera att f\u00f6ljande listor inte \u00e4r i n\u00e5gon s\u00e4rskild ordning och att vi inte ger n\u00e5gra rekommendationer f\u00f6r n\u00e5got s\u00e4rskilt f\u00f6retag.<\/em><\/p>\n<div id=\"ez-toc-container\" class=\"ez-toc-v2_0_82_2 ez-toc-wrap-left counter-hierarchy ez-toc-counter ez-toc-transparent ez-toc-container-direction\">\n<div class=\"ez-toc-title-container\">\n<p class=\"ez-toc-title\" style=\"cursor:inherit\">Avsnitt<\/p>\n<span class=\"ez-toc-title-toggle\"><a href=\"#\" class=\"ez-toc-pull-right ez-toc-btn ez-toc-btn-xs ez-toc-btn-default ez-toc-toggle\" aria-label=\"V\u00e4xla till inneh\u00e5llsf\u00f6rteckning\"><span class=\"ez-toc-js-icon-con\"><span class=\"\"><span class=\"eztoc-hide\" style=\"display:none;\">V\u00e4xel<\/span><span class=\"ez-toc-icon-toggle-span\"><svg style=\"fill: #999;color:#999\" xmlns=\"http:\/\/www.w3.org\/2000\/svg\" class=\"list-377408\" width=\"20px\" height=\"20px\" viewbox=\"0 0 24 24\" fill=\"none\"><path d=\"M6 6H4v2h2V6zm14 0H8v2h12V6zM4 11h2v2H4v-2zm16 0H8v2h12v-2zM4 16h2v2H4v-2zm16 0H8v2h12v-2z\" fill=\"currentColor\"><\/path><\/svg><svg style=\"fill: #999;color:#999\" class=\"arrow-unsorted-368013\" xmlns=\"http:\/\/www.w3.org\/2000\/svg\" width=\"10px\" height=\"10px\" viewbox=\"0 0 24 24\" version=\"1.2\" baseprofile=\"tiny\"><path d=\"M18.2 9.3l-6.2-6.3-6.2 6.3c-.2.2-.3.4-.3.7s.1.5.3.7c.2.2.4.3.7.3h11c.3 0 .5-.1.7-.3.2-.2.3-.5.3-.7s-.1-.5-.3-.7zM5.8 14.7l6.2 6.3 6.2-6.3c.2-.2.3-.5.3-.7s-.1-.5-.3-.7c-.2-.2-.4-.3-.7-.3h-11c-.3 0-.5.1-.7.3-.2.2-.3.5-.3.7s.1.5.3.7z\"\/><\/svg><\/span><\/span><\/span><\/a><\/span><\/div>\n<nav><ul class='ez-toc-list ez-toc-list-level-1 eztoc-toggle-hide-by-default' ><li class='ez-toc-page-1 ez-toc-heading-level-2'><a class=\"ez-toc-link ez-toc-heading-1\" href=\"https:\/\/moverdb.com\/sv\/freight-forwarder\/freight-forwarding-uk\/renfrew-freight-forwarder\/#Air_Sea_Scotland_Ltd\" >Air Sea Scotland Ltd<\/a><\/li><li class='ez-toc-page-1 ez-toc-heading-level-2'><a class=\"ez-toc-link ez-toc-heading-2\" href=\"https:\/\/moverdb.com\/sv\/freight-forwarder\/freight-forwarding-uk\/renfrew-freight-forwarder\/#KWE_Kintetsu_World_Express_UK_LtdGlasgow\" >KWE, Kintetsu World Express (U.K.) Ltd,Glasgow<\/a><\/li><li class='ez-toc-page-1 ez-toc-heading-level-2'><a class=\"ez-toc-link ez-toc-heading-3\" href=\"https:\/\/moverdb.com\/sv\/freight-forwarder\/freight-forwarding-uk\/renfrew-freight-forwarder\/#Allways_Freight_Solutions\" >Allways Fraktl\u00f6sningar<\/a><\/li><li class='ez-toc-page-1 ez-toc-heading-level-2'><a class=\"ez-toc-link ez-toc-heading-4\" href=\"https:\/\/moverdb.com\/sv\/freight-forwarder\/freight-forwarding-uk\/renfrew-freight-forwarder\/#How_we_picked_the_best_Renfrew_Freight_Forwarding_Companies\" >Hur vi valde de b\u00e4sta speditionsf\u00f6retagen i Renfrew<\/a><\/li><\/ul><\/nav><\/div>\n<h2><span class=\"ez-toc-section\" id=\"Air_Sea_Scotland_Ltd\"><\/span>Air Sea Scotland Ltd<span class=\"ez-toc-section-end\"><\/span><\/h2>\n<p><img decoding=\"async\" src=\"https:\/\/moverdb.com\/wp-content\/uploads\/thumbnailpanoidUrnhMeok-Y9X2k1-Fm6cqgcb_clientsearch.gws-prod.gpsw408h240yaw209.jpg\" alt='Air Sea Scotland Ltd' class=\"aligncenter\"><\/p>\n<p><strong>Beskrivning av verksamheten: <\/strong>Inga tillhandah\u00e5llna<\/p>\n<p><strong>Ytterligare tj\u00e4nster:<\/strong><\/p>\n<p>Ingen listad<\/p>\n<p><strong>Adress:<\/strong> Eagle House, 20 Barnwell St, Paisley, Renfrew PA3 2EE<\/p>\n<p><a href=\"http:\/\/www.airseascotland.co.uk\/\" target=\"_new\" rel=\"noopener\">Air Sea Scotland Ltd webbplats<\/a><\/p>\n<p><strong>Granskningsresultat: <\/strong>4.6<br \/> <strong>Antal recensioner:<\/strong> 9<br \/><a href=\"https:\/\/www.google.co.uk\/maps?cid=2366763308029905962&#038;hl=en&#038;gl=GB\" target=\"_new\" rel=\"noopener\">L\u00e4s recensioner<\/a><\/p>\n<h2><span class=\"ez-toc-section\" id=\"KWE_Kintetsu_World_Express_UK_LtdGlasgow\"><\/span>KWE, Kintetsu World Express (U.K.) Ltd,Glasgow<span class=\"ez-toc-section-end\"><\/span><\/h2>\n<p><img decoding=\"async\" src=\"https:\/\/moverdb.com\/wp-content\/uploads\/AF1QipNW31jFsRyD9iswhvje_1vTBOxA2uIBOx-Lhw7hw408-h306-k-no.jpg\" alt='KWE, Kintetsu World Express (U.K.) Ltd,Glasgow' class=\"aligncenter\"><\/p>\n<p><strong>Beskrivning av verksamheten: <\/strong>Huvudkontor i Tokyo , <a href=\"https:\/\/moverdb.com\/sv\/moving-to-japan\/\" data-internallinksmanager029f6b8e52c=\"342\" title=\"Flytta till Japan? 2026 Levnadskostnader och tips om flytt\">Japan<\/a>KWE, Kintetsu World Express, grundades 1948 och har blivit en av de 15 st\u00f6rsta globala akt\u00f6rerna inom logistikbranschen.<\/p>\n<p>En integrerad global logistikpartner som erbjuder prisbel\u00f6nta tj\u00e4nster inom supply chain management - upphandling, leverant\u00f6rshantering, sj\u00f6- och flygfrakt, 3pl-lagerh\u00e5llning, transport och tullklarering.<\/p>\n<p>KWE har \u00f6ver 18.<\/p>\n<p>000 anst\u00e4llda och bedriver verksamhet i 46 l\u00e4nder med \u00f6ver 850 anl\u00e4ggningar<\/p>\n<p>KWE \u00e4r specialist p\u00e5 logistik inom fordonsindustrin, l\u00e4kemedel och h\u00e4lsov\u00e5rd, flyg- och rymdindustrin, elektronik och detaljhandel<\/p>\n<p>I maj 2015 f\u00f6rv\u00e4rvade KWE APL Logistics, vilket ytterligare st\u00e4rkte portf\u00f6ljen f\u00f6r logistiktj\u00e4nster<\/p>\n<p><strong>Ytterligare tj\u00e4nster:<\/strong><\/p>\n<p>Logistiktj\u00e4nster<\/p>\n<p>Lager<\/p>\n<p><strong>Adress:<\/strong> Porterfield Rd, Renfrew PA4 8DJ<\/p>\n<p><a href=\"http:\/\/www.kwe.com\/\" target=\"_new\" rel=\"noopener\">KWE, Kintetsu World Express (U.K.) Ltd,Glasgows webbplats<\/a><\/p>\n<p><strong>Granskningsresultat: <\/strong>4.3<br \/> <strong>Antal recensioner:<\/strong> 25<br \/><a href=\"https:\/\/www.google.co.uk\/maps?cid=7930332561988000379&#038;hl=en&#038;gl=GB\" target=\"_new\" rel=\"noopener\">L\u00e4s recensioner<\/a><\/p>\n<h2><span class=\"ez-toc-section\" id=\"Allways_Freight_Solutions\"><\/span>Allways Fraktl\u00f6sningar<span class=\"ez-toc-section-end\"><\/span><\/h2>\n<p><img decoding=\"async\" src=\"https:\/\/moverdb.com\/wp-content\/uploads\/thumbnailpanoidLem1dJygJocNiwqbxJirQQcb_clientsearch.gws-prod.gpsw408h240yaw280.jpg\" alt='Allways Fraktl\u00f6sningar' class=\"aligncenter\"><\/p>\n<p><strong>Beskrivning av verksamheten: <\/strong>Inga tillhandah\u00e5llna<\/p>\n<p><strong>Ytterligare tj\u00e4nster:<\/strong><\/p>\n<p>Kurirservice<\/p>\n<p>Leveransf\u00f6retag<\/p>\n<p><strong>Adress:<\/strong> Argyll Ave, Renfrew PA4 9EB<\/p>\n<p><a href=\"https:\/\/allwaysfreight.co.uk\/\" target=\"_new\" rel=\"noopener\">Allways Freight Solutions webbplats<\/a><\/p>\n<p><strong>Granskningsresultat: <\/strong>4.3<br \/> <strong>Antal recensioner:<\/strong> 7<br \/><a href=\"https:\/\/www.google.co.uk\/maps?cid=4625963927368453667&#038;hl=en&#038;gl=GB\" target=\"_new\" rel=\"noopener\">L\u00e4s recensioner<\/a><\/p>\n<h2><span class=\"ez-toc-section\" id=\"How_we_picked_the_best_Renfrew_Freight_Forwarding_Companies\"><\/span>Hur vi valde de b\u00e4sta speditionsf\u00f6retagen i Renfrew<span class=\"ez-toc-section-end\"><\/span><\/h2>\n<p>Vi b\u00f6rjade med ett dataset med 3 Renfrew speditionsf\u00f6retag som vi kunde hitta via Google Maps och minskade ner det till de b\u00e4sta 3.<\/p>\n<p>F\u00f6r att g\u00f6ra detta tog vi bort alla f\u00f6retag som:<\/p>\n<ul>\n<li> Hade ingen webbplats<\/li>\n<li> Hade inga recensioner<\/li>\n<li> Hade ett genomsnittligt omd\u00f6me under 2,0<\/li>\n<\/ul>\n<p>Om vi vid denna tidpunkt hade 17 eller f\u00e4rre skotare listade vi dem alla.<\/p>\n<p>F\u00f6r st\u00e4der d\u00e4r vi hade kvar fler \u00e4n 17 spedit\u00f6rer gjorde vi ytterligare revideringar genom att antingen h\u00f6ja det erforderliga omd\u00f6met (t.ex. fr\u00e5n minst 2,0 till 4,0) och\/eller \u00f6ka det minsta antalet erforderliga omd\u00f6men (t.ex. fr\u00e5n minst 1 omd\u00f6me till minst 10).<\/p>\n<p>Observera att vi endast anv\u00e4nde granskningsdata fr\u00e5n Google Maps och inga andra webbplatser fr\u00e5n tredje part.<\/p>\n<p>Fler st\u00e4der:<\/p>\n<p><a href=\"https:\/\/moverdb.com\/sv\/speditor\/freight-forwarding-uk\/maldon-freight-forwarder\/\">Maldon Spedit\u00f6r<\/a><br \/><a href=\"https:\/\/moverdb.com\/sv\/speditor\/freight-forwarding-uk\/bellshill-freight-forwarder\/\">Bellshill Spedit\u00f6r<\/a><br \/><a href=\"https:\/\/moverdb.com\/sv\/speditor\/freight-forwarding-uk\/middlesbrough-freight-forwarder\/\">Spedit\u00f6r Middlesbrough<\/a><br \/><a href=\"https:\/\/moverdb.com\/sv\/speditor\/freight-forwarding-uk\/hessle-freight-forwarder\/\">Hessle Spedit\u00f6r<\/a><br \/><a href=\"https:\/\/moverdb.com\/sv\/speditor\/freight-forwarding-uk\/newtownabbey-freight-forwarder\/\">Spedit\u00f6r Newtownabbey<\/a><\/p>","protected":false},"excerpt":{"rendered":"<p>Below we look at the 3 &#8220;best&#8221; Freight Forwarding companies in Renfrew out of 3. To learn more about how we chose the best please consult our FAQ section at the end. Please not the following listings are in no particular order and we are not making any recommendations for any particular company. Air Sea [&hellip;]<\/p>\n","protected":false},"author":1,"featured_media":0,"parent":13427,"menu_order":0,"comment_status":"open","ping_status":"open","template":"","meta":{"_genesis_hide_title":false,"_genesis_hide_breadcrumbs":false,"_genesis_hide_singular_image":false,"_genesis_hide_footer_widgets":false,"_genesis_custom_body_class":"","_genesis_custom_post_class":"","_genesis_layout":"","footnotes":""},"class_list":{"0":"post-13989","1":"page","2":"type-page","3":"status-publish","5":"entry"},"_links":{"self":[{"href":"https:\/\/moverdb.com\/sv\/wp-json\/wp\/v2\/pages\/13989","targetHints":{"allow":["GET"]}}],"collection":[{"href":"https:\/\/moverdb.com\/sv\/wp-json\/wp\/v2\/pages"}],"about":[{"href":"https:\/\/moverdb.com\/sv\/wp-json\/wp\/v2\/types\/page"}],"author":[{"embeddable":true,"href":"https:\/\/moverdb.com\/sv\/wp-json\/wp\/v2\/users\/1"}],"replies":[{"embeddable":true,"href":"https:\/\/moverdb.com\/sv\/wp-json\/wp\/v2\/comments?post=13989"}],"version-history":[{"count":1,"href":"https:\/\/moverdb.com\/sv\/wp-json\/wp\/v2\/pages\/13989\/revisions"}],"predecessor-version":[{"id":15777,"href":"https:\/\/moverdb.com\/sv\/wp-json\/wp\/v2\/pages\/13989\/revisions\/15777"}],"up":[{"embeddable":true,"href":"https:\/\/moverdb.com\/sv\/wp-json\/wp\/v2\/pages\/13427"}],"wp:attachment":[{"href":"https:\/\/moverdb.com\/sv\/wp-json\/wp\/v2\/media?parent=13989"}],"curies":[{"name":"wp","href":"https:\/\/api.w.org\/{rel}","templated":true}]}}