{"id":13938,"date":"2023-11-08T15:53:26","date_gmt":"2023-11-08T15:53:26","guid":{"rendered":"https:\/\/moverdb.com\/freight-forwarder\/freight-forwarding-uk\/edinburgh-freight-forwarder\/"},"modified":"2026-01-08T13:17:29","modified_gmt":"2026-01-08T13:17:29","slug":"edinburgh-freight-forwarder","status":"publish","type":"page","link":"https:\/\/moverdb.com\/sv\/freight-forwarder\/freight-forwarding-uk\/edinburgh-freight-forwarder\/","title":{"rendered":"3 b\u00e4sta speditionsf\u00f6retag i Edinburgh (2024)"},"content":{"rendered":"<p>Nedan tittar vi p\u00e5 de 3 <em>\"b\u00e4sta\"<\/em> Speditionsf\u00f6retag i <a href=\"\" data-internallinksmanager029f6b8e52c=\"44\" title=\"Edinburgh\">Edinburgh<\/a> av 4.<\/p>\n<p>Om du vill veta mer om hur vi v\u00e4ljer de b\u00e4sta kan du l\u00e4sa v\u00e5r FAQ-sektion i slutet.<\/p>\n<p><em>Observera att f\u00f6ljande listor inte \u00e4r i n\u00e5gon s\u00e4rskild ordning och att vi inte ger n\u00e5gra rekommendationer f\u00f6r n\u00e5got s\u00e4rskilt f\u00f6retag.<\/em><\/p>\n<div id=\"ez-toc-container\" class=\"ez-toc-v2_0_82_2 ez-toc-wrap-left counter-hierarchy ez-toc-counter ez-toc-transparent ez-toc-container-direction\">\n<div class=\"ez-toc-title-container\">\n<p class=\"ez-toc-title\" style=\"cursor:inherit\">Avsnitt<\/p>\n<span class=\"ez-toc-title-toggle\"><a href=\"#\" class=\"ez-toc-pull-right ez-toc-btn ez-toc-btn-xs ez-toc-btn-default ez-toc-toggle\" aria-label=\"V\u00e4xla till inneh\u00e5llsf\u00f6rteckning\"><span class=\"ez-toc-js-icon-con\"><span class=\"\"><span class=\"eztoc-hide\" style=\"display:none;\">V\u00e4xel<\/span><span class=\"ez-toc-icon-toggle-span\"><svg style=\"fill: #999;color:#999\" xmlns=\"http:\/\/www.w3.org\/2000\/svg\" class=\"list-377408\" width=\"20px\" height=\"20px\" viewbox=\"0 0 24 24\" fill=\"none\"><path d=\"M6 6H4v2h2V6zm14 0H8v2h12V6zM4 11h2v2H4v-2zm16 0H8v2h12v-2zM4 16h2v2H4v-2zm16 0H8v2h12v-2z\" fill=\"currentColor\"><\/path><\/svg><svg style=\"fill: #999;color:#999\" class=\"arrow-unsorted-368013\" xmlns=\"http:\/\/www.w3.org\/2000\/svg\" width=\"10px\" height=\"10px\" viewbox=\"0 0 24 24\" version=\"1.2\" baseprofile=\"tiny\"><path d=\"M18.2 9.3l-6.2-6.3-6.2 6.3c-.2.2-.3.4-.3.7s.1.5.3.7c.2.2.4.3.7.3h11c.3 0 .5-.1.7-.3.2-.2.3-.5.3-.7s-.1-.5-.3-.7zM5.8 14.7l6.2 6.3 6.2-6.3c.2-.2.3-.5.3-.7s-.1-.5-.3-.7c-.2-.2-.4-.3-.7-.3h-11c-.3 0-.5.1-.7.3-.2.2-.3.5-.3.7s.1.5.3.7z\"\/><\/svg><\/span><\/span><\/span><\/a><\/span><\/div>\n<nav><ul class='ez-toc-list ez-toc-list-level-1 eztoc-toggle-hide-by-default' ><li class='ez-toc-page-1 ez-toc-heading-level-2'><a class=\"ez-toc-link ez-toc-heading-1\" href=\"https:\/\/moverdb.com\/sv\/freight-forwarder\/freight-forwarding-uk\/edinburgh-freight-forwarder\/#SM_Globally_Sorted_Ltd\" >SM Globally Sorted Ltd<\/a><\/li><li class='ez-toc-page-1 ez-toc-heading-level-2'><a class=\"ez-toc-link ez-toc-heading-2\" href=\"https:\/\/moverdb.com\/sv\/freight-forwarder\/freight-forwarding-uk\/edinburgh-freight-forwarder\/#W_F_S_Worldwide_Flight_Services\" >W F S V\u00e4rldsomsp\u00e4nnande flygtj\u00e4nster<\/a><\/li><li class='ez-toc-page-1 ez-toc-heading-level-2'><a class=\"ez-toc-link ez-toc-heading-3\" href=\"https:\/\/moverdb.com\/sv\/freight-forwarder\/freight-forwarding-uk\/edinburgh-freight-forwarder\/#SeaRatescom\" >SeaRates.com<\/a><\/li><li class='ez-toc-page-1 ez-toc-heading-level-2'><a class=\"ez-toc-link ez-toc-heading-4\" href=\"https:\/\/moverdb.com\/sv\/freight-forwarder\/freight-forwarding-uk\/edinburgh-freight-forwarder\/#How_we_picked_the_best_Edinburgh_Freight_Forwarding_Companies\" >Hur vi valde de b\u00e4sta speditionsf\u00f6retagen i Edinburgh<\/a><\/li><\/ul><\/nav><\/div>\n<h2><span class=\"ez-toc-section\" id=\"SM_Globally_Sorted_Ltd\"><\/span>SM Globally Sorted Ltd<span class=\"ez-toc-section-end\"><\/span><\/h2>\n<p><img decoding=\"async\" src=\"https:\/\/moverdb.com\/wp-content\/uploads\/AF1QipOorZq_NRmHUfR9a8a0Zo8rZlJrHoPOt5J04PX9w408-h306-k-no.jpg\" alt='SM Globally Sorted Ltd' class=\"aligncenter\"><\/p>\n<p><strong>Beskrivning av verksamheten: <\/strong>Vi arbetar dygnet runt f\u00f6r att s\u00e4kerst\u00e4lla att vi levererar i tid - varje g\u00e5ng.<\/p>\n<p>Ta de f\u00f6rsta stegen s\u00e5 visar vi dig vad vi kan g\u00f6ra.<\/p>\n<p>.<\/p>\n<p>.<\/p>\n<p>.<\/p>\n<p>* Penningtj\u00e4nster<br \/>\n* Produktion av evenemang<br \/>\n* Bokning av containrar\/transporter<br \/>\n* Spedition av gods<br \/>\n* Avl\u00e4mnings-\/uppsamlingsplats f\u00f6r paket<\/p>\n<p><strong>Ytterligare tj\u00e4nster:<\/strong><\/p>\n<p>Leverant\u00f6r av containrar<\/p>\n<p>Management och marknadsf\u00f6ring av musik<\/p>\n<p><strong>Adress:<\/strong> 36 Great Jct St, Leith, Edinburgh EH6 5LA<\/p>\n<p><a href=\"http:\/\/www.smgloballysorted.com\/\" target=\"_new\" rel=\"noopener\">SM Globally Sorted Ltd webbplats<\/a><\/p>\n<p><strong>Granskningsresultat: <\/strong>4.9<br \/> <strong>Antal recensioner:<\/strong> 15<br \/><a href=\"https:\/\/www.google.co.uk\/maps?cid=16894534534254457382&#038;hl=en&#038;gl=GB\" target=\"_new\" rel=\"noopener\">L\u00e4s recensioner<\/a><\/p>\n<h2><span class=\"ez-toc-section\" id=\"W_F_S_Worldwide_Flight_Services\"><\/span>W F S V\u00e4rldsomsp\u00e4nnande flygtj\u00e4nster<span class=\"ez-toc-section-end\"><\/span><\/h2>\n<p><img decoding=\"async\" src=\"https:\/\/moverdb.com\/wp-content\/uploads\/thumbnailpanoid2OkUi80ZislwqT5KAKk3HAcb_clientsearch.gws-prod.gpsw408h240yaw239.jpg\" alt='W F S V\u00e4rldsomsp\u00e4nnande flygtj\u00e4nster' class=\"aligncenter\"><\/p>\n<p><strong>Beskrivning av verksamheten: <\/strong>Tj\u00e4nster f\u00f6r frakthantering<\/p>\n<p><strong>Ytterligare tj\u00e4nster:<\/strong><\/p>\n<p>Ingen listad<\/p>\n<p><strong>Adress:<\/strong> Cargo Terminal, Turnhouse Rd, Edinburgh EH12 0AL<\/p>\n<p><a href=\"http:\/\/www.wfs.aero\/\" target=\"_new\" rel=\"noopener\">W F S Worldwide Flight Services webbplats<\/a><\/p>\n<p><strong>Granskningsresultat: <\/strong>4.4<br \/> <strong>Antal recensioner:<\/strong> 31<br \/><a href=\"https:\/\/www.google.co.uk\/maps?cid=9592439010681384546&#038;hl=en&#038;gl=GB\" target=\"_new\" rel=\"noopener\">L\u00e4s recensioner<\/a><\/p>\n<h2><span class=\"ez-toc-section\" id=\"SeaRatescom\"><\/span>SeaRates.com<span class=\"ez-toc-section-end\"><\/span><\/h2>\n<p><img decoding=\"async\" src=\"https:\/\/moverdb.com\/wp-content\/uploads\/thumbnailpanoidUuONa3h8VoqRKpoir87Ikgcb_clientsearch.gws-prod.gpsw408h240yaw332.jpg\" alt='SeaRates.com' class=\"aligncenter\"><\/p>\n<p><strong>Beskrivning av verksamheten: <\/strong>Inga tillhandah\u00e5llna<\/p>\n<p><strong>Ytterligare tj\u00e4nster:<\/strong><\/p>\n<p>Leveransf\u00f6retag<\/p>\n<p><strong>Adress:<\/strong> 101 Rose St S Ln, Edinburgh EH4 4UQ<\/p>\n<p><a href=\"https:\/\/www.searates.com\/\" target=\"_new\" rel=\"noopener\">Webbplats SeaRates.com<\/a><\/p>\n<p><strong>Granskningsresultat: <\/strong>4.4<br \/> <strong>Antal recensioner:<\/strong> 16<br \/><a href=\"https:\/\/www.google.co.uk\/maps?cid=1187702434461284683&#038;hl=en&#038;gl=GB\" target=\"_new\" rel=\"noopener\">L\u00e4s recensioner<\/a><\/p>\n<h2><span class=\"ez-toc-section\" id=\"How_we_picked_the_best_Edinburgh_Freight_Forwarding_Companies\"><\/span>Hur vi valde de b\u00e4sta speditionsf\u00f6retagen i Edinburgh<span class=\"ez-toc-section-end\"><\/span><\/h2>\n<p>Vi b\u00f6rjade med ett dataset med 4 speditionsf\u00f6retag fr\u00e5n Edinburgh som vi kunde hitta via Google Maps och begr\u00e4nsade det till de 3 b\u00e4sta.<\/p>\n<p>F\u00f6r att g\u00f6ra detta tog vi bort alla f\u00f6retag som:<\/p>\n<ul>\n<li> Hade ingen webbplats<\/li>\n<li> Hade inga recensioner<\/li>\n<li> Hade ett genomsnittligt omd\u00f6me under 2,0<\/li>\n<\/ul>\n<p>Om vi vid denna tidpunkt hade 17 eller f\u00e4rre skotare listade vi dem alla.<\/p>\n<p>F\u00f6r st\u00e4der d\u00e4r vi hade kvar fler \u00e4n 17 spedit\u00f6rer gjorde vi ytterligare revideringar genom att antingen h\u00f6ja det erforderliga omd\u00f6met (t.ex. fr\u00e5n minst 2,0 till 4,0) och\/eller \u00f6ka det minsta antalet erforderliga omd\u00f6men (t.ex. fr\u00e5n minst 1 omd\u00f6me till minst 10).<\/p>\n<p>Observera att vi endast anv\u00e4nde granskningsdata fr\u00e5n Google Maps och inga andra webbplatser fr\u00e5n tredje part.<\/p>\n<p>Fler st\u00e4der:<\/p>\n<p><a href=\"https:\/\/moverdb.com\/sv\/speditor\/freight-forwarding-uk\/wakefield-freight-forwarder\/\">Wakefield Spedit\u00f6r<\/a><br \/><a href=\"https:\/\/moverdb.com\/sv\/speditor\/freight-forwarding-uk\/christchurch-freight-forwarder\/\">Christchurch spedit\u00f6r<\/a><br \/><a href=\"https:\/\/moverdb.com\/sv\/speditor\/freight-forwarding-uk\/braintree-freight-forwarder\/\">Braintree spedit\u00f6r<\/a><br \/><a href=\"https:\/\/moverdb.com\/sv\/speditor\/freight-forwarding-uk\/ilford-freight-forwarder\/\">Ilford Spedit\u00f6r<\/a><br \/><a href=\"https:\/\/moverdb.com\/sv\/speditor\/freight-forwarding-uk\/stockport-freight-forwarder\/\">Stockport Spedit\u00f6r<\/a><\/p>","protected":false},"excerpt":{"rendered":"<p>Below we look at the 3 &#8220;best&#8221; Freight Forwarding companies in Edinburgh out of 4. To learn more about how we chose the best please consult our FAQ section at the end. Please not the following listings are in no particular order and we are not making any recommendations for any particular company. SM Globally [&hellip;]<\/p>\n","protected":false},"author":1,"featured_media":0,"parent":13427,"menu_order":0,"comment_status":"open","ping_status":"open","template":"","meta":{"_genesis_hide_title":false,"_genesis_hide_breadcrumbs":false,"_genesis_hide_singular_image":false,"_genesis_hide_footer_widgets":false,"_genesis_custom_body_class":"","_genesis_custom_post_class":"","_genesis_layout":"","footnotes":""},"class_list":{"0":"post-13938","1":"page","2":"type-page","3":"status-publish","5":"entry"},"_links":{"self":[{"href":"https:\/\/moverdb.com\/sv\/wp-json\/wp\/v2\/pages\/13938","targetHints":{"allow":["GET"]}}],"collection":[{"href":"https:\/\/moverdb.com\/sv\/wp-json\/wp\/v2\/pages"}],"about":[{"href":"https:\/\/moverdb.com\/sv\/wp-json\/wp\/v2\/types\/page"}],"author":[{"embeddable":true,"href":"https:\/\/moverdb.com\/sv\/wp-json\/wp\/v2\/users\/1"}],"replies":[{"embeddable":true,"href":"https:\/\/moverdb.com\/sv\/wp-json\/wp\/v2\/comments?post=13938"}],"version-history":[{"count":1,"href":"https:\/\/moverdb.com\/sv\/wp-json\/wp\/v2\/pages\/13938\/revisions"}],"predecessor-version":[{"id":15765,"href":"https:\/\/moverdb.com\/sv\/wp-json\/wp\/v2\/pages\/13938\/revisions\/15765"}],"up":[{"embeddable":true,"href":"https:\/\/moverdb.com\/sv\/wp-json\/wp\/v2\/pages\/13427"}],"wp:attachment":[{"href":"https:\/\/moverdb.com\/sv\/wp-json\/wp\/v2\/media?parent=13938"}],"curies":[{"name":"wp","href":"https:\/\/api.w.org\/{rel}","templated":true}]}}