{"id":13893,"date":"2023-11-08T15:53:26","date_gmt":"2023-11-08T15:53:26","guid":{"rendered":"https:\/\/moverdb.com\/freight-forwarder\/freight-forwarding-uk\/nottingham-freight-forwarder\/"},"modified":"2026-01-08T13:17:55","modified_gmt":"2026-01-08T13:17:55","slug":"nottingham-freight-forwarder","status":"publish","type":"page","link":"https:\/\/moverdb.com\/sv\/freight-forwarder\/freight-forwarding-uk\/nottingham-freight-forwarder\/","title":{"rendered":"4 B\u00e4sta speditionsf\u00f6retagen i Nottingham (2024)"},"content":{"rendered":"<p>Nedan tittar vi p\u00e5 de 4 <em>\"b\u00e4sta\"<\/em> Speditionsf\u00f6retag i Nottingham av 11.<\/p>\n<p>Om du vill veta mer om hur vi v\u00e4ljer de b\u00e4sta kan du l\u00e4sa v\u00e5r FAQ-sektion i slutet.<\/p>\n<p><em>Observera att f\u00f6ljande listor inte \u00e4r i n\u00e5gon s\u00e4rskild ordning och att vi inte ger n\u00e5gra rekommendationer f\u00f6r n\u00e5got s\u00e4rskilt f\u00f6retag.<\/em><\/p>\n<div id=\"ez-toc-container\" class=\"ez-toc-v2_0_82_2 ez-toc-wrap-left counter-hierarchy ez-toc-counter ez-toc-transparent ez-toc-container-direction\">\n<div class=\"ez-toc-title-container\">\n<p class=\"ez-toc-title\" style=\"cursor:inherit\">Avsnitt<\/p>\n<span class=\"ez-toc-title-toggle\"><a href=\"#\" class=\"ez-toc-pull-right ez-toc-btn ez-toc-btn-xs ez-toc-btn-default ez-toc-toggle\" aria-label=\"V\u00e4xla till inneh\u00e5llsf\u00f6rteckning\"><span class=\"ez-toc-js-icon-con\"><span class=\"\"><span class=\"eztoc-hide\" style=\"display:none;\">V\u00e4xel<\/span><span class=\"ez-toc-icon-toggle-span\"><svg style=\"fill: #999;color:#999\" xmlns=\"http:\/\/www.w3.org\/2000\/svg\" class=\"list-377408\" width=\"20px\" height=\"20px\" viewbox=\"0 0 24 24\" fill=\"none\"><path d=\"M6 6H4v2h2V6zm14 0H8v2h12V6zM4 11h2v2H4v-2zm16 0H8v2h12v-2zM4 16h2v2H4v-2zm16 0H8v2h12v-2z\" fill=\"currentColor\"><\/path><\/svg><svg style=\"fill: #999;color:#999\" class=\"arrow-unsorted-368013\" xmlns=\"http:\/\/www.w3.org\/2000\/svg\" width=\"10px\" height=\"10px\" viewbox=\"0 0 24 24\" version=\"1.2\" baseprofile=\"tiny\"><path d=\"M18.2 9.3l-6.2-6.3-6.2 6.3c-.2.2-.3.4-.3.7s.1.5.3.7c.2.2.4.3.7.3h11c.3 0 .5-.1.7-.3.2-.2.3-.5.3-.7s-.1-.5-.3-.7zM5.8 14.7l6.2 6.3 6.2-6.3c.2-.2.3-.5.3-.7s-.1-.5-.3-.7c-.2-.2-.4-.3-.7-.3h-11c-.3 0-.5.1-.7.3-.2.2-.3.5-.3.7s.1.5.3.7z\"\/><\/svg><\/span><\/span><\/span><\/a><\/span><\/div>\n<nav><ul class='ez-toc-list ez-toc-list-level-1 eztoc-toggle-hide-by-default' ><li class='ez-toc-page-1 ez-toc-heading-level-2'><a class=\"ez-toc-link ez-toc-heading-1\" href=\"https:\/\/moverdb.com\/sv\/freight-forwarder\/freight-forwarding-uk\/nottingham-freight-forwarder\/#Transatlantic_Shipping_Ltd_incorporating_TransAtlantic_Line_UK_Ltd\" >Transatlantic Shipping Ltd (med inf\u00f6rlivande av TransAtlantic Line UK Ltd)<\/a><\/li><li class='ez-toc-page-1 ez-toc-heading-level-2'><a class=\"ez-toc-link ez-toc-heading-2\" href=\"https:\/\/moverdb.com\/sv\/freight-forwarder\/freight-forwarding-uk\/nottingham-freight-forwarder\/#Energy_Freight_Forwarding_Limited\" >Energy Freight Forwarding Limited<\/a><\/li><li class='ez-toc-page-1 ez-toc-heading-level-2'><a class=\"ez-toc-link ez-toc-heading-3\" href=\"https:\/\/moverdb.com\/sv\/freight-forwarder\/freight-forwarding-uk\/nottingham-freight-forwarder\/#Page_Freight_Services\" >Page Frakttj\u00e4nster<\/a><\/li><li class='ez-toc-page-1 ez-toc-heading-level-2'><a class=\"ez-toc-link ez-toc-heading-4\" href=\"https:\/\/moverdb.com\/sv\/freight-forwarder\/freight-forwarding-uk\/nottingham-freight-forwarder\/#Baxter_Freight_Ltd\" >Baxter Freight Ltd<\/a><\/li><li class='ez-toc-page-1 ez-toc-heading-level-2'><a class=\"ez-toc-link ez-toc-heading-5\" href=\"https:\/\/moverdb.com\/sv\/freight-forwarder\/freight-forwarding-uk\/nottingham-freight-forwarder\/#How_we_picked_the_best_Nottingham_Freight_Forwarding_Companies\" >Hur vi valde de b\u00e4sta speditionsf\u00f6retagen i Nottingham<\/a><\/li><\/ul><\/nav><\/div>\n<h2><span class=\"ez-toc-section\" id=\"Transatlantic_Shipping_Ltd_incorporating_TransAtlantic_Line_UK_Ltd\"><\/span>Transatlantic Shipping Ltd (med inf\u00f6rlivande av TransAtlantic Line UK Ltd)<span class=\"ez-toc-section-end\"><\/span><\/h2>\n<p><img decoding=\"async\" src=\"https:\/\/moverdb.com\/wp-content\/uploads\/thumbnailpanoidL1AeGUQ4uasBSZ4JikVVRgcb_clientsearch.gws-prod.gpsw408h240yaw336.jpg\" alt='Transatlantic Shipping Ltd (med inf\u00f6rlivande av TransAtlantic Line UK Ltd)' class=\"aligncenter\"><\/p>\n<p><strong>Beskrivning av verksamheten: <\/strong>Inga tillhandah\u00e5llna<\/p>\n<p><strong>Ytterligare tj\u00e4nster:<\/strong><\/p>\n<p>Tullm\u00e4klare<\/p>\n<p>Frakttj\u00e4nst<\/p>\n<p><strong>Adress:<\/strong> Enhet 11, Ash Court, Engine Ln, Newthorpe, Nottingham NG16 3RP<\/p>\n<p><a href=\"http:\/\/www.transatlantic-shipping.co.uk\/\" target=\"_new\" rel=\"noopener\">Transatlantic Shipping Ltd (med TransAtlantic Line UK Ltd) webbplats<\/a><\/p>\n<p><strong>Granskningsresultat: <\/strong>4.6<br \/> <strong>Antal recensioner:<\/strong> 9<br \/><a href=\"https:\/\/www.google.co.uk\/maps?cid=1290499519586239723&#038;hl=en&#038;gl=GB\" target=\"_new\" rel=\"noopener\">L\u00e4s recensioner<\/a><\/p>\n<h2><span class=\"ez-toc-section\" id=\"Energy_Freight_Forwarding_Limited\"><\/span>Energy Freight Forwarding Limited<span class=\"ez-toc-section-end\"><\/span><\/h2>\n<p><img decoding=\"async\" src=\"https:\/\/moverdb.com\/wp-content\/uploads\/thumbnailpanoidt7LKqqAIOdMupRxAYDsdaAcb_clientsearch.gws-prod.gpsw408h240yaw124.jpg\" alt='Energy Freight Forwarding Limited' class=\"aligncenter\"><\/p>\n<p><strong>Beskrivning av verksamheten: <\/strong>Inga tillhandah\u00e5llna<\/p>\n<p><strong>Ytterligare tj\u00e4nster:<\/strong><\/p>\n<p>Ingen listad<\/p>\n<p><strong>Adress:<\/strong> Cemetery Walk, Eastwood, Nottingham NG16 3TU<\/p>\n<p><a href=\"https:\/\/www.energy-freight.com\/\" target=\"_new\" rel=\"noopener\">Energy Freight Forwarding Limited webbplats<\/a><\/p>\n<p><strong>Granskningsresultat: <\/strong>5<br \/> <strong>Antal recensioner:<\/strong> 1<br \/><a href=\"https:\/\/www.google.co.uk\/maps?cid=4179558663476636128&#038;hl=en&#038;gl=GB\" target=\"_new\" rel=\"noopener\">L\u00e4s recensioner<\/a><\/p>\n<h2><span class=\"ez-toc-section\" id=\"Page_Freight_Services\"><\/span>Page Frakttj\u00e4nster<span class=\"ez-toc-section-end\"><\/span><\/h2>\n<p><img decoding=\"async\" src=\"https:\/\/moverdb.com\/wp-content\/uploads\/thumbnailpanoidO0zddtK-cDwYcujmDuaDvAcb_clientsearch.gws-prod.gpsw408h240yaw124.jpg\" alt='Page Frakttj\u00e4nster' class=\"aligncenter\"><\/p>\n<p><strong>Beskrivning av verksamheten: <\/strong>Page Freight Services har den kapacitet och erfarenhet som kr\u00e4vs f\u00f6r att uppfylla alla dina behov av paketdistribution, oavsett om de \u00e4r v\u00e4rldsomsp\u00e4nnande eller europeiska, <a href=\"https:\/\/moverdb.com\/sv\/moving-to-the-uk\/\" data-internallinksmanager029f6b8e52c=\"93\" title=\"Flyttar du till Storbritannien? 2026 Levnadskostnader och flyttningstips\">STORBRITANNIEN<\/a> eller i n\u00e4rheten av Nottingham.<\/p>\n<p> Vi tillhandah\u00e5ller en helt\u00e4ckande tj\u00e4nst, fr\u00e5n lagring och lagerh\u00e5llning till plockning och packning hela v\u00e4gen fram till leveransdestinationen.<\/p>\n<p> Dessutom inneb\u00e4r v\u00e5r h\u00f6ga niv\u00e5 av lokal kundservice att du kan fokusera p\u00e5 att driva din verksamhet och veta att ditt paket \u00e4r i goda h\u00e4nder.<\/p>\n<p><strong>Ytterligare tj\u00e4nster:<\/strong><\/p>\n<p>Ingen listad<\/p>\n<p><strong>Adress:<\/strong> Huvudkontor, 2 Ernest Rd, Carlton, Nottingham NG4 1JU<\/p>\n<p><a href=\"https:\/\/pagefreight.co.uk\/\" target=\"_new\" rel=\"noopener\">Page Freight Services webbplats<\/a><\/p>\n<p><strong>Granskningsresultat: <\/strong>5<br \/> <strong>Antal recensioner:<\/strong> 2<br \/><a href=\"https:\/\/www.google.co.uk\/maps?cid=13782312718122494679&#038;hl=en&#038;gl=GB\" target=\"_new\" rel=\"noopener\">L\u00e4s recensioner<\/a><\/p>\n<h2><span class=\"ez-toc-section\" id=\"Baxter_Freight_Ltd\"><\/span>Baxter Freight Ltd<span class=\"ez-toc-section-end\"><\/span><\/h2>\n<p><img decoding=\"async\" src=\"https:\/\/moverdb.com\/wp-content\/uploads\/AF1QipN-2cmmjLatV4B4ljscxN907XUMvbVpf1qLuiE6w408-h272-k-no.jpg\" alt='Baxter Freight Ltd' class=\"aligncenter\"><\/p>\n<p><strong>Beskrivning av verksamheten: <\/strong>Vi \u00e4r en kundservicedriven logistikleverant\u00f6r baserad i Storbritannien.<\/p>\n<p> Oavsett om det g\u00e4ller v\u00e4g eller j\u00e4rnv\u00e4g, sj\u00f6 eller luft \u00e4r vi specialiserade p\u00e5 att flytta ditt gods fr\u00e5n A till B p\u00e5 det mest kostnadseffektiva och tidseffektiva s\u00e4ttet som \u00e4r m\u00f6jligt.<\/p>\n<p> V\u00e5ra engagerade kundansvariga ger personlig service med global r\u00e4ckvidd och utnyttjar v\u00e5ra partnerskap med DHL Freight och Gerlach Customs f\u00f6r att skapa en komplett logistikl\u00f6sning.<\/p>\n<p> Vi kombinerar kundservice med ett expansivt n\u00e4tverk f\u00f6r v\u00e4gfrakt och marknadsledande tulltj\u00e4nster.<\/p>\n<p> Vi \u00e4r ocks\u00e5 AEO-ackrediterade, med interna tullexperter.<\/p>\n<p><strong>Ytterligare tj\u00e4nster:<\/strong><\/p>\n<p>Ingen listad<\/p>\n<p><strong>Adress:<\/strong> Abbeyfield Court, Abbott House, Abbeyfield Rd, Nottingham NG7 2SZ<\/p>\n<p><a href=\"https:\/\/baxterfreight.com\/\" target=\"_new\" rel=\"noopener\">Baxter Freight Ltd webbplats<\/a><\/p>\n<p><strong>Granskningsresultat: <\/strong>3.8<br \/> <strong>Antal recensioner:<\/strong> 19<br \/><a href=\"https:\/\/www.google.co.uk\/maps?cid=9037623678773980102&#038;hl=en&#038;gl=GB\" target=\"_new\" rel=\"noopener\">L\u00e4s recensioner<\/a><\/p>\n<h2><span class=\"ez-toc-section\" id=\"How_we_picked_the_best_Nottingham_Freight_Forwarding_Companies\"><\/span>Hur vi valde de b\u00e4sta speditionsf\u00f6retagen i Nottingham<span class=\"ez-toc-section-end\"><\/span><\/h2>\n<p>Vi b\u00f6rjade med ett dataset med 11 speditionsf\u00f6retag fr\u00e5n Nottingham som vi kunde hitta via Google Maps och begr\u00e4nsade det till de 4 b\u00e4sta.<\/p>\n<p>F\u00f6r att g\u00f6ra detta tog vi bort alla f\u00f6retag som:<\/p>\n<ul>\n<li> Hade ingen webbplats<\/li>\n<li> Hade inga recensioner<\/li>\n<li> Hade ett genomsnittligt omd\u00f6me under 2,0<\/li>\n<\/ul>\n<p>Om vi vid denna tidpunkt hade 17 eller f\u00e4rre skotare listade vi dem alla.<\/p>\n<p>F\u00f6r st\u00e4der d\u00e4r vi hade kvar fler \u00e4n 17 spedit\u00f6rer gjorde vi ytterligare revideringar genom att antingen h\u00f6ja det erforderliga omd\u00f6met (t.ex. fr\u00e5n minst 2,0 till 4,0) och\/eller \u00f6ka det minsta antalet erforderliga omd\u00f6men (t.ex. fr\u00e5n minst 1 omd\u00f6me till minst 10).<\/p>\n<p>Observera att vi endast anv\u00e4nde granskningsdata fr\u00e5n Google Maps och inga andra webbplatser fr\u00e5n tredje part.<\/p>\n<p>Fler st\u00e4der:<\/p>\n<p><a href=\"https:\/\/moverdb.com\/sv\/speditor\/freight-forwarding-uk\/rotherham-freight-forwarder\/\">Spedit\u00f6r i Rotherham<\/a><br \/><a href=\"https:\/\/moverdb.com\/sv\/speditor\/freight-forwarding-uk\/crawley-freight-forwarder\/\">Crawley Spedit\u00f6r<\/a><br \/><a href=\"https:\/\/moverdb.com\/sv\/speditor\/freight-forwarding-uk\/warrington-freight-forwarder\/\">Warrington Spedit\u00f6r<\/a><br \/><a href=\"https:\/\/moverdb.com\/sv\/speditor\/freight-forwarding-uk\/grimsby-freight-forwarder\/\">Grimsby Spedit\u00f6r<\/a><br \/><a href=\"https:\/\/moverdb.com\/sv\/speditor\/freight-forwarding-uk\/cardiff-freight-forwarder\/\">Cardiff Spedit\u00f6r<\/a><\/p>","protected":false},"excerpt":{"rendered":"<p>Below we look at the 4 &#8220;best&#8221; Freight Forwarding companies in Nottingham out of 11. To learn more about how we chose the best please consult our FAQ section at the end. Please not the following listings are in no particular order and we are not making any recommendations for any particular company. Transatlantic Shipping [&hellip;]<\/p>\n","protected":false},"author":1,"featured_media":0,"parent":13427,"menu_order":0,"comment_status":"open","ping_status":"open","template":"","meta":{"_genesis_hide_title":false,"_genesis_hide_breadcrumbs":false,"_genesis_hide_singular_image":false,"_genesis_hide_footer_widgets":false,"_genesis_custom_body_class":"","_genesis_custom_post_class":"","_genesis_layout":"","footnotes":""},"class_list":{"0":"post-13893","1":"page","2":"type-page","3":"status-publish","5":"entry"},"_links":{"self":[{"href":"https:\/\/moverdb.com\/sv\/wp-json\/wp\/v2\/pages\/13893","targetHints":{"allow":["GET"]}}],"collection":[{"href":"https:\/\/moverdb.com\/sv\/wp-json\/wp\/v2\/pages"}],"about":[{"href":"https:\/\/moverdb.com\/sv\/wp-json\/wp\/v2\/types\/page"}],"author":[{"embeddable":true,"href":"https:\/\/moverdb.com\/sv\/wp-json\/wp\/v2\/users\/1"}],"replies":[{"embeddable":true,"href":"https:\/\/moverdb.com\/sv\/wp-json\/wp\/v2\/comments?post=13893"}],"version-history":[{"count":1,"href":"https:\/\/moverdb.com\/sv\/wp-json\/wp\/v2\/pages\/13893\/revisions"}],"predecessor-version":[{"id":15787,"href":"https:\/\/moverdb.com\/sv\/wp-json\/wp\/v2\/pages\/13893\/revisions\/15787"}],"up":[{"embeddable":true,"href":"https:\/\/moverdb.com\/sv\/wp-json\/wp\/v2\/pages\/13427"}],"wp:attachment":[{"href":"https:\/\/moverdb.com\/sv\/wp-json\/wp\/v2\/media?parent=13893"}],"curies":[{"name":"wp","href":"https:\/\/api.w.org\/{rel}","templated":true}]}}