{"id":13855,"date":"2023-11-08T15:52:42","date_gmt":"2023-11-08T15:52:42","guid":{"rendered":"https:\/\/moverdb.com\/freight-forwarder\/freight-forwarding-uk\/exeter-freight-forwarder\/"},"modified":"2026-01-08T13:17:59","modified_gmt":"2026-01-08T13:17:59","slug":"exeter-freight-forwarder","status":"publish","type":"page","link":"https:\/\/moverdb.com\/sv\/freight-forwarder\/freight-forwarding-uk\/exeter-freight-forwarder\/","title":{"rendered":"5 b\u00e4sta speditionsf\u00f6retag i Exeter (2024)"},"content":{"rendered":"<p>Nedan tittar vi p\u00e5 de 5 <em>\"b\u00e4sta\"<\/em> Speditionsf\u00f6retag i Exeter av 5.<\/p>\n<p>Om du vill veta mer om hur vi v\u00e4ljer de b\u00e4sta kan du l\u00e4sa v\u00e5r FAQ-sektion i slutet.<\/p>\n<p><em>Observera att f\u00f6ljande listor inte \u00e4r i n\u00e5gon s\u00e4rskild ordning och att vi inte ger n\u00e5gra rekommendationer f\u00f6r n\u00e5got s\u00e4rskilt f\u00f6retag.<\/em><\/p>\n<div id=\"ez-toc-container\" class=\"ez-toc-v2_0_82_2 ez-toc-wrap-left counter-hierarchy ez-toc-counter ez-toc-transparent ez-toc-container-direction\">\n<div class=\"ez-toc-title-container\">\n<p class=\"ez-toc-title\" style=\"cursor:inherit\">Avsnitt<\/p>\n<span class=\"ez-toc-title-toggle\"><a href=\"#\" class=\"ez-toc-pull-right ez-toc-btn ez-toc-btn-xs ez-toc-btn-default ez-toc-toggle\" aria-label=\"V\u00e4xla till inneh\u00e5llsf\u00f6rteckning\"><span class=\"ez-toc-js-icon-con\"><span class=\"\"><span class=\"eztoc-hide\" style=\"display:none;\">V\u00e4xel<\/span><span class=\"ez-toc-icon-toggle-span\"><svg style=\"fill: #999;color:#999\" xmlns=\"http:\/\/www.w3.org\/2000\/svg\" class=\"list-377408\" width=\"20px\" height=\"20px\" viewbox=\"0 0 24 24\" fill=\"none\"><path d=\"M6 6H4v2h2V6zm14 0H8v2h12V6zM4 11h2v2H4v-2zm16 0H8v2h12v-2zM4 16h2v2H4v-2zm16 0H8v2h12v-2z\" fill=\"currentColor\"><\/path><\/svg><svg style=\"fill: #999;color:#999\" class=\"arrow-unsorted-368013\" xmlns=\"http:\/\/www.w3.org\/2000\/svg\" width=\"10px\" height=\"10px\" viewbox=\"0 0 24 24\" version=\"1.2\" baseprofile=\"tiny\"><path d=\"M18.2 9.3l-6.2-6.3-6.2 6.3c-.2.2-.3.4-.3.7s.1.5.3.7c.2.2.4.3.7.3h11c.3 0 .5-.1.7-.3.2-.2.3-.5.3-.7s-.1-.5-.3-.7zM5.8 14.7l6.2 6.3 6.2-6.3c.2-.2.3-.5.3-.7s-.1-.5-.3-.7c-.2-.2-.4-.3-.7-.3h-11c-.3 0-.5.1-.7.3-.2.2-.3.5-.3.7s.1.5.3.7z\"\/><\/svg><\/span><\/span><\/span><\/a><\/span><\/div>\n<nav><ul class='ez-toc-list ez-toc-list-level-1 eztoc-toggle-hide-by-default' ><li class='ez-toc-page-1 ez-toc-heading-level-2'><a class=\"ez-toc-link ez-toc-heading-1\" href=\"https:\/\/moverdb.com\/sv\/freight-forwarder\/freight-forwarding-uk\/exeter-freight-forwarder\/#SWS_Global\" >SWS Global<\/a><\/li><li class='ez-toc-page-1 ez-toc-heading-level-2'><a class=\"ez-toc-link ez-toc-heading-2\" href=\"https:\/\/moverdb.com\/sv\/freight-forwarder\/freight-forwarding-uk\/exeter-freight-forwarder\/#Templar_Freight_Services\" >Templar Frakttj\u00e4nster<\/a><\/li><li class='ez-toc-page-1 ez-toc-heading-level-2'><a class=\"ez-toc-link ez-toc-heading-3\" href=\"https:\/\/moverdb.com\/sv\/freight-forwarder\/freight-forwarding-uk\/exeter-freight-forwarder\/#Power_Packing_Export_Services_Ltd\" >Power Packing Export Services Ltd<\/a><\/li><li class='ez-toc-page-1 ez-toc-heading-level-2'><a class=\"ez-toc-link ez-toc-heading-4\" href=\"https:\/\/moverdb.com\/sv\/freight-forwarder\/freight-forwarding-uk\/exeter-freight-forwarder\/#UPakWeShip_UK\" >UPakWeShip Storbritannien<\/a><\/li><li class='ez-toc-page-1 ez-toc-heading-level-2'><a class=\"ez-toc-link ez-toc-heading-5\" href=\"https:\/\/moverdb.com\/sv\/freight-forwarder\/freight-forwarding-uk\/exeter-freight-forwarder\/#Circle_Express\" >Circle Express<\/a><\/li><li class='ez-toc-page-1 ez-toc-heading-level-2'><a class=\"ez-toc-link ez-toc-heading-6\" href=\"https:\/\/moverdb.com\/sv\/freight-forwarder\/freight-forwarding-uk\/exeter-freight-forwarder\/#How_we_picked_the_best_Exeter_Freight_Forwarding_Companies\" >Hur vi valde de b\u00e4sta speditionsf\u00f6retagen i Exeter<\/a><\/li><\/ul><\/nav><\/div>\n<h2><span class=\"ez-toc-section\" id=\"SWS_Global\"><\/span>SWS Global<span class=\"ez-toc-section-end\"><\/span><\/h2>\n<p><img decoding=\"async\" src=\"https:\/\/moverdb.com\/wp-content\/uploads\/thumbnailpanoidBHKMMYTeHpROsx0_n36KaQcb_clientsearch.gws-prod.gpsw408h240yaw44.jpg\" alt='SWS Global' class=\"aligncenter\"><\/p>\n<p><strong>Beskrivning av verksamheten: <\/strong>Vi hette tidigare South West Shipping och har fortsatt att bygga upp en portf\u00f6lj av mycket lojala kunder som f\u00f6rlitar sig p\u00e5 v\u00e5r h\u00f6gkvalitativa service, kunskap och expertis, och v\u00e5r tillg\u00e4nglighet dygnet runt n\u00e4r det beh\u00f6vs.<\/p>\n<p>Vi arbetar p\u00e5 alla st\u00f6rre handelsmarknader och flyger, skeppar och lastar en otrolig m\u00e4ngd olika produkter, fr\u00e5n dinosaurieben till biobr\u00e4nsleomvandlare.<\/p>\n<p> Samtidigt ser v\u00e5rt fantastiska team till att VARJE kund f\u00e5r personlig uppm\u00e4rksamhet och en service med vita handskar.<\/p>\n<p><strong>Ytterligare tj\u00e4nster:<\/strong><\/p>\n<p>Leveransf\u00f6retag<\/p>\n<p><strong>Adress:<\/strong> kings wharf, HQ: The Generator Quay House The Gallery, The Quay, Exeter EX2 4AN<\/p>\n<p><a href=\"http:\/\/southwestshipping.com\/\" target=\"_new\" rel=\"noopener\">SWS Globals webbplats<\/a><\/p>\n<p><strong>Granskningsresultat: <\/strong>5<br \/> <strong>Antal recensioner:<\/strong> 2<br \/><a href=\"https:\/\/www.google.co.uk\/maps?cid=5369720603877887539&#038;hl=en&#038;gl=GB\" target=\"_new\" rel=\"noopener\">L\u00e4s recensioner<\/a><\/p>\n<h2><span class=\"ez-toc-section\" id=\"Templar_Freight_Services\"><\/span>Templar Frakttj\u00e4nster<span class=\"ez-toc-section-end\"><\/span><\/h2>\n<p><img decoding=\"async\" src=\"https:\/\/moverdb.com\/wp-content\/uploads\/thumbnailpanoidie1uex8ZcP_WOvYSyT6K_wcb_clientsearch.gws-prod.gpsw408h240yaw215.jpg\" alt='Templar Frakttj\u00e4nster' class=\"aligncenter\"><\/p>\n<p><strong>Beskrivning av verksamheten: <\/strong>Inga tillhandah\u00e5llna<\/p>\n<p><strong>Ytterligare tj\u00e4nster:<\/strong><\/p>\n<p>Ingen listad<\/p>\n<p><strong>Adress:<\/strong> Queensgate House, 48 Queen St, Exeter EX4 3SR<\/p>\n<p><a href=\"http:\/\/www.templar-freight.co.uk\/\" target=\"_new\" rel=\"noopener\">Templar Freight Services webbplats<\/a><\/p>\n<p><strong>Granskningsresultat: <\/strong>3.8<br \/> <strong>Antal recensioner:<\/strong> 4<br \/><a href=\"https:\/\/www.google.co.uk\/maps?cid=6305628420204893757&#038;hl=en&#038;gl=GB\" target=\"_new\" rel=\"noopener\">L\u00e4s recensioner<\/a><\/p>\n<h2><span class=\"ez-toc-section\" id=\"Power_Packing_Export_Services_Ltd\"><\/span>Power Packing Export Services Ltd<span class=\"ez-toc-section-end\"><\/span><\/h2>\n<p><img decoding=\"async\" src=\"https:\/\/moverdb.com\/wp-content\/uploads\/thumbnailpanoidCkbIsyBBkW-GTam9ln_IBgcb_clientsearch.gws-prod.gpsw408h240yaw357.jpg\" alt='Power Packing Export Services Ltd' class=\"aligncenter\"><\/p>\n<p><strong>Beskrivning av verksamheten: <\/strong>Inga tillhandah\u00e5llna<\/p>\n<p><strong>Ytterligare tj\u00e4nster:<\/strong><\/p>\n<p>F\u00f6rpackningsentrepren\u00f6rer och tj\u00e4nster<\/p>\n<p>Anl\u00e4ggning f\u00f6r lagring<\/p>\n<p><strong>Adress:<\/strong> Power Ho\/Vennybridge, Exeter EX4 8JN<\/p>\n<p><a href=\"http:\/\/www.powerpacking.co.uk\/\" target=\"_new\" rel=\"noopener\">Power Packing Export Services Ltd webbplats<\/a><\/p>\n<p><strong>Granskningsresultat: <\/strong>5<br \/> <strong>Antal recensioner:<\/strong> 2<br \/><a href=\"https:\/\/www.google.co.uk\/maps?cid=10136241177451253717&#038;hl=en&#038;gl=GB\" target=\"_new\" rel=\"noopener\">L\u00e4s recensioner<\/a><\/p>\n<h2><span class=\"ez-toc-section\" id=\"UPakWeShip_UK\"><\/span>UPakWeShip Storbritannien<span class=\"ez-toc-section-end\"><\/span><\/h2>\n<p><img decoding=\"async\" src=\"https:\/\/moverdb.com\/wp-content\/uploads\/AF1QipODCjiiBBApj4ZO-EJlBopk1yG7TEtvMGo002YTw427-h240-k-no.png\" alt='UPakWeShip Storbritannien' class=\"aligncenter\"><\/p>\n<p><strong>Beskrivning av verksamheten: <\/strong>Inga tillhandah\u00e5llna<\/p>\n<p><strong>Ytterligare tj\u00e4nster:<\/strong><\/p>\n<p>Ingen listad<\/p>\n<p><strong>Adress:<\/strong> 43 Elm Cl, Broadclyst, Exeter EX5 3LT<\/p>\n<p><a href=\"https:\/\/upakweship.uk.com\/\" target=\"_new\" rel=\"noopener\">UPakWeShip UK webbplats<\/a><\/p>\n<p><strong>Granskningsresultat: <\/strong>4.7<br \/> <strong>Antal recensioner:<\/strong> 44<br \/><a href=\"https:\/\/www.google.co.uk\/maps?cid=2083311866746132313&#038;hl=en&#038;gl=GB\" target=\"_new\" rel=\"noopener\">L\u00e4s recensioner<\/a><\/p>\n<h2><span class=\"ez-toc-section\" id=\"Circle_Express\"><\/span>Circle Express<span class=\"ez-toc-section-end\"><\/span><\/h2>\n<p><img decoding=\"async\" src=\"https:\/\/moverdb.com\/wp-content\/uploads\/AF1QipNUedaM38-b-KK2C4OJAoa6FYiSii4GQk80Ngi5w408-h306-k-no.jpg\" alt='Circle Express' class=\"aligncenter\"><\/p>\n<p><strong>Beskrivning av verksamheten: <\/strong>Inga tillhandah\u00e5llna<\/p>\n<p><strong>Ytterligare tj\u00e4nster:<\/strong><\/p>\n<p>Ingen listad<\/p>\n<p><strong>Adress:<\/strong> Enhet 6, 7 Lancaster Cl, Clyst Honiton, Exeter EX5 2DP<\/p>\n<p><a href=\"https:\/\/www.tvsscs.com\/specialist-logistics-services\/\" target=\"_new\" rel=\"noopener\">Circle Express webbplats<\/a><\/p>\n<p><strong>Granskningsresultat: <\/strong>4.1<br \/> <strong>Antal recensioner:<\/strong> 11<br \/><a href=\"https:\/\/www.google.co.uk\/maps?cid=85537528789077200&#038;hl=en&#038;gl=GB\" target=\"_new\" rel=\"noopener\">L\u00e4s recensioner<\/a><\/p>\n<h2><span class=\"ez-toc-section\" id=\"How_we_picked_the_best_Exeter_Freight_Forwarding_Companies\"><\/span>Hur vi valde de b\u00e4sta speditionsf\u00f6retagen i Exeter<span class=\"ez-toc-section-end\"><\/span><\/h2>\n<p>Vi b\u00f6rjade med ett dataset med 5 speditionsf\u00f6retag fr\u00e5n Exeter som vi kunde hitta via Google Maps och begr\u00e4nsade det till de 5 b\u00e4sta.<\/p>\n<p>F\u00f6r att g\u00f6ra detta tog vi bort alla f\u00f6retag som:<\/p>\n<ul>\n<li> Hade ingen webbplats<\/li>\n<li> Hade inga recensioner<\/li>\n<li> Hade ett genomsnittligt omd\u00f6me under 2,0<\/li>\n<\/ul>\n<p>Om vi vid denna tidpunkt hade 17 eller f\u00e4rre skotare listade vi dem alla.<\/p>\n<p>F\u00f6r st\u00e4der d\u00e4r vi hade kvar fler \u00e4n 17 spedit\u00f6rer gjorde vi ytterligare revideringar genom att antingen h\u00f6ja det erforderliga omd\u00f6met (t.ex. fr\u00e5n minst 2,0 till 4,0) och\/eller \u00f6ka det minsta antalet erforderliga omd\u00f6men (t.ex. fr\u00e5n minst 1 omd\u00f6me till minst 10).<\/p>\n<p>Observera att vi endast anv\u00e4nde granskningsdata fr\u00e5n Google Maps och inga andra webbplatser fr\u00e5n tredje part.<\/p>\n<p>Fler st\u00e4der:<\/p>\n<p><a href=\"https:\/\/moverdb.com\/sv\/speditor\/freight-forwarding-uk\/tilbury-freight-forwarder\/\">Tilbury spedit\u00f6r<\/a><br \/><a href=\"https:\/\/moverdb.com\/sv\/speditor\/freight-forwarding-uk\/wickford-freight-forwarder\/\">Wickford Spedit\u00f6r<\/a><br \/><a href=\"https:\/\/moverdb.com\/sv\/speditor\/freight-forwarding-uk\/wolverhampton-freight-forwarder\/\">Wolverhampton Spedit\u00f6r<\/a><br \/><a href=\"https:\/\/moverdb.com\/sv\/speditor\/freight-forwarding-uk\/rainham-freight-forwarder\/\">Rainham spedit\u00f6r<\/a><br \/><a href=\"https:\/\/moverdb.com\/sv\/speditor\/freight-forwarding-uk\/gravesend-freight-forwarder\/\">Gravesend Spedit\u00f6r<\/a><\/p>","protected":false},"excerpt":{"rendered":"<p>Below we look at the 5 &#8220;best&#8221; Freight Forwarding companies in Exeter out of 5. To learn more about how we chose the best please consult our FAQ section at the end. Please not the following listings are in no particular order and we are not making any recommendations for any particular company. SWS Global [&hellip;]<\/p>\n","protected":false},"author":1,"featured_media":0,"parent":13427,"menu_order":0,"comment_status":"open","ping_status":"open","template":"","meta":{"_genesis_hide_title":false,"_genesis_hide_breadcrumbs":false,"_genesis_hide_singular_image":false,"_genesis_hide_footer_widgets":false,"_genesis_custom_body_class":"","_genesis_custom_post_class":"","_genesis_layout":"","footnotes":""},"class_list":{"0":"post-13855","1":"page","2":"type-page","3":"status-publish","5":"entry"},"_links":{"self":[{"href":"https:\/\/moverdb.com\/sv\/wp-json\/wp\/v2\/pages\/13855","targetHints":{"allow":["GET"]}}],"collection":[{"href":"https:\/\/moverdb.com\/sv\/wp-json\/wp\/v2\/pages"}],"about":[{"href":"https:\/\/moverdb.com\/sv\/wp-json\/wp\/v2\/types\/page"}],"author":[{"embeddable":true,"href":"https:\/\/moverdb.com\/sv\/wp-json\/wp\/v2\/users\/1"}],"replies":[{"embeddable":true,"href":"https:\/\/moverdb.com\/sv\/wp-json\/wp\/v2\/comments?post=13855"}],"version-history":[{"count":1,"href":"https:\/\/moverdb.com\/sv\/wp-json\/wp\/v2\/pages\/13855\/revisions"}],"predecessor-version":[{"id":15790,"href":"https:\/\/moverdb.com\/sv\/wp-json\/wp\/v2\/pages\/13855\/revisions\/15790"}],"up":[{"embeddable":true,"href":"https:\/\/moverdb.com\/sv\/wp-json\/wp\/v2\/pages\/13427"}],"wp:attachment":[{"href":"https:\/\/moverdb.com\/sv\/wp-json\/wp\/v2\/media?parent=13855"}],"curies":[{"name":"wp","href":"https:\/\/api.w.org\/{rel}","templated":true}]}}