{"id":13796,"date":"2023-11-08T15:52:42","date_gmt":"2023-11-08T15:52:42","guid":{"rendered":"https:\/\/moverdb.com\/freight-forwarder\/freight-forwarding-uk\/leicester-freight-forwarder\/"},"modified":"2026-01-08T13:18:15","modified_gmt":"2026-01-08T13:18:15","slug":"leicester-freight-forwarder","status":"publish","type":"page","link":"https:\/\/moverdb.com\/sv\/freight-forwarder\/freight-forwarding-uk\/leicester-freight-forwarder\/","title":{"rendered":"8 b\u00e4sta speditionsf\u00f6retagen i Leicester (2024)"},"content":{"rendered":"<p>Nedan tittar vi p\u00e5 de 8 <em>\"b\u00e4sta\"<\/em> Speditionsf\u00f6retag i Leicester av 21.<\/p>\n<p>Om du vill veta mer om hur vi v\u00e4ljer de b\u00e4sta kan du l\u00e4sa v\u00e5r FAQ-sektion i slutet.<\/p>\n<p><em>Observera att f\u00f6ljande listor inte \u00e4r i n\u00e5gon s\u00e4rskild ordning och att vi inte ger n\u00e5gra rekommendationer f\u00f6r n\u00e5got s\u00e4rskilt f\u00f6retag.<\/em><\/p>\n<div id=\"ez-toc-container\" class=\"ez-toc-v2_0_82_2 ez-toc-wrap-left counter-hierarchy ez-toc-counter ez-toc-transparent ez-toc-container-direction\">\n<div class=\"ez-toc-title-container\">\n<p class=\"ez-toc-title\" style=\"cursor:inherit\">Avsnitt<\/p>\n<span class=\"ez-toc-title-toggle\"><a href=\"#\" class=\"ez-toc-pull-right ez-toc-btn ez-toc-btn-xs ez-toc-btn-default ez-toc-toggle\" aria-label=\"V\u00e4xla till inneh\u00e5llsf\u00f6rteckning\"><span class=\"ez-toc-js-icon-con\"><span class=\"\"><span class=\"eztoc-hide\" style=\"display:none;\">V\u00e4xel<\/span><span class=\"ez-toc-icon-toggle-span\"><svg style=\"fill: #999;color:#999\" xmlns=\"http:\/\/www.w3.org\/2000\/svg\" class=\"list-377408\" width=\"20px\" height=\"20px\" viewbox=\"0 0 24 24\" fill=\"none\"><path d=\"M6 6H4v2h2V6zm14 0H8v2h12V6zM4 11h2v2H4v-2zm16 0H8v2h12v-2zM4 16h2v2H4v-2zm16 0H8v2h12v-2z\" fill=\"currentColor\"><\/path><\/svg><svg style=\"fill: #999;color:#999\" class=\"arrow-unsorted-368013\" xmlns=\"http:\/\/www.w3.org\/2000\/svg\" width=\"10px\" height=\"10px\" viewbox=\"0 0 24 24\" version=\"1.2\" baseprofile=\"tiny\"><path d=\"M18.2 9.3l-6.2-6.3-6.2 6.3c-.2.2-.3.4-.3.7s.1.5.3.7c.2.2.4.3.7.3h11c.3 0 .5-.1.7-.3.2-.2.3-.5.3-.7s-.1-.5-.3-.7zM5.8 14.7l6.2 6.3 6.2-6.3c.2-.2.3-.5.3-.7s-.1-.5-.3-.7c-.2-.2-.4-.3-.7-.3h-11c-.3 0-.5.1-.7.3-.2.2-.3.5-.3.7s.1.5.3.7z\"\/><\/svg><\/span><\/span><\/span><\/a><\/span><\/div>\n<nav><ul class='ez-toc-list ez-toc-list-level-1 eztoc-toggle-hide-by-default' ><li class='ez-toc-page-1 ez-toc-heading-level-2'><a class=\"ez-toc-link ez-toc-heading-1\" href=\"https:\/\/moverdb.com\/sv\/freight-forwarder\/freight-forwarding-uk\/leicester-freight-forwarder\/#United_Pallet_Network\" >N\u00e4tverket United Pallet<\/a><\/li><li class='ez-toc-page-1 ez-toc-heading-level-2'><a class=\"ez-toc-link ez-toc-heading-2\" href=\"https:\/\/moverdb.com\/sv\/freight-forwarder\/freight-forwarding-uk\/leicester-freight-forwarder\/#Pinnacle_International_Freight_Ltd\" >Pinnacle International Freight Ltd<\/a><\/li><li class='ez-toc-page-1 ez-toc-heading-level-2'><a class=\"ez-toc-link ez-toc-heading-3\" href=\"https:\/\/moverdb.com\/sv\/freight-forwarder\/freight-forwarding-uk\/leicester-freight-forwarder\/#Coedma_Freight_International_Ltd\" >Coedma Freight International Ltd<\/a><\/li><li class='ez-toc-page-1 ez-toc-heading-level-2'><a class=\"ez-toc-link ez-toc-heading-4\" href=\"https:\/\/moverdb.com\/sv\/freight-forwarder\/freight-forwarding-uk\/leicester-freight-forwarder\/#Al-Noor_Logistics_Ltd\" >Al-Noor Logistics Ltd<\/a><\/li><li class='ez-toc-page-1 ez-toc-heading-level-2'><a class=\"ez-toc-link ez-toc-heading-5\" href=\"https:\/\/moverdb.com\/sv\/freight-forwarder\/freight-forwarding-uk\/leicester-freight-forwarder\/#DTDC_Courier_Cargo_Ltd\" >DTDC Courier &amp; Cargo Ltd<\/a><\/li><li class='ez-toc-page-1 ez-toc-heading-level-2'><a class=\"ez-toc-link ez-toc-heading-6\" href=\"https:\/\/moverdb.com\/sv\/freight-forwarder\/freight-forwarding-uk\/leicester-freight-forwarder\/#Apex_Cargo_Office\" >Apex Cargo Kontor<\/a><\/li><li class='ez-toc-page-1 ez-toc-heading-level-2'><a class=\"ez-toc-link ez-toc-heading-7\" href=\"https:\/\/moverdb.com\/sv\/freight-forwarder\/freight-forwarding-uk\/leicester-freight-forwarder\/#Apex_Cargo_Warehouse\" >Apex lastlager<\/a><\/li><li class='ez-toc-page-1 ez-toc-heading-level-2'><a class=\"ez-toc-link ez-toc-heading-8\" href=\"https:\/\/moverdb.com\/sv\/freight-forwarder\/freight-forwarding-uk\/leicester-freight-forwarder\/#CLA_UK_Ltd\" >CLA UK Ltd<\/a><\/li><li class='ez-toc-page-1 ez-toc-heading-level-2'><a class=\"ez-toc-link ez-toc-heading-9\" href=\"https:\/\/moverdb.com\/sv\/freight-forwarder\/freight-forwarding-uk\/leicester-freight-forwarder\/#How_we_picked_the_best_Leicester_Freight_Forwarding_Companies\" >Hur vi valde de b\u00e4sta speditionsf\u00f6retagen i Leicester<\/a><\/li><\/ul><\/nav><\/div>\n<h2><span class=\"ez-toc-section\" id=\"United_Pallet_Network\"><\/span>N\u00e4tverket United Pallet<span class=\"ez-toc-section-end\"><\/span><\/h2>\n<p><img decoding=\"async\" src=\"https:\/\/moverdb.com\/wp-content\/uploads\/thumbnailpanoidHUForZabvUoKg1en1qa_cgcb_clientsearch.gws-prod.gpsw408h240yaw147.jpg\" alt='N\u00e4tverket United Pallet' class=\"aligncenter\"><\/p>\n<p><strong>Beskrivning av verksamheten: <\/strong>Inga tillhandah\u00e5llna<\/p>\n<p><strong>Ytterligare tj\u00e4nster:<\/strong><\/p>\n<p>Ingen listad<\/p>\n<p><strong>Adress:<\/strong> Vantage Business Park, 8 High View Cl, Leicester LE4 9LJ<\/p>\n<p><a href=\"https:\/\/www.upn.co.uk\/\" target=\"_new\" rel=\"noopener\">United Pallet Network webbplats<\/a><\/p>\n<p><strong>Granskningsresultat: <\/strong>5<br \/> <strong>Antal recensioner:<\/strong> 1<br \/><a href=\"https:\/\/www.google.co.uk\/maps?cid=3603698490243004051&#038;hl=en&#038;gl=GB\" target=\"_new\" rel=\"noopener\">L\u00e4s recensioner<\/a><\/p>\n<h2><span class=\"ez-toc-section\" id=\"Pinnacle_International_Freight_Ltd\"><\/span>Pinnacle International Freight Ltd<span class=\"ez-toc-section-end\"><\/span><\/h2>\n<p><img decoding=\"async\" src=\"https:\/\/lh5.googleusercontent.com\/p\/AF1QipO-3htqxL83v2kb1oQf5MWZib2Hyc9zXU3hHXlX=w408-h297-k-no\" alt=\"Pinnacle International Freight Ltd\" class=\"aligncenter\"><\/p>\n<p><strong>Beskrivning av verksamheten: <\/strong>Pinnacle har varit privat\u00e4gt sedan 1972 och \u00e4r ett h\u00f6gkvalitativt speditionsf\u00f6retag med kontor och lageranl\u00e4ggningar i <a href=\"https:\/\/moverdb.com\/sv\/moving-to-the-uk\/\" data-internallinksmanager029f6b8e52c=\"93\" title=\"Flyttar du till Storbritannien? 2026 Levnadskostnader och flyttningstips\">STORBRITANNIEN<\/a> och <a href=\"https:\/\/moverdb.com\/sv\/moving-to-the-united-states\/\" data-internallinksmanager029f6b8e52c=\"94\" title=\"Flyttar du till USA? 2026 Levnadskostnader och flyttningstips\">USA<\/a>.<\/p>\n<p> Pinnacle hj\u00e4lper f\u00f6retag med import, export, korshandel, lagring och distribution.<\/p>\n<p>Vi erbjuder godstransporttj\u00e4nster f\u00f6r en m\u00e4ngd olika typer av gods, inklusive gods som inte kan m\u00e4tas och tunga f\u00f6rem\u00e5l.<\/p>\n<p> Vi tillhandah\u00e5ller ocks\u00e5 en intern, h\u00f6gkvalitativ exportpackningstj\u00e4nst och kan hantera farligt gods, inklusive radioaktivt gods.<\/p>\n<p>V\u00e5ra viktigaste tj\u00e4nster:<br \/>\nLuftfrakt<br \/>\nSj\u00f6frakt<br \/>\nLagerh\u00e5llning (lagring, fulfilment, e-handel, systemintegration)<br \/>\nF\u00f6rpackning f\u00f6r export<br \/>\nTransatlantisk sj\u00f6fart<br \/>\nF\u00f6rpackning och transport av farligt gods<br \/>\nF\u00f6rsvars- och rymdlogistik<br \/>\nS\u00e4rskilda projekt<\/p>\n<p>Kontakta v\u00e5rt team f\u00f6r mer information.<\/p>\n<p><strong>Ytterligare tj\u00e4nster:<\/strong><\/p>\n<p>E-handelstj\u00e4nst<\/p>\n<p>Import Export F\u00f6retag<\/p>\n<p>F\u00f6rpackningsmaskiner<\/p>\n<p>Lager<\/p>\n<p><strong>Adress:<\/strong> 1 Swannington Rd, Cottage Lane Industrial Estate, Leicester LE9 6TU<\/p>\n<p><a href=\"https:\/\/www.pinnaclefreight.com\/\" target=\"_new\" rel=\"noopener\">Pinnacle International Freight Ltd webbplats<\/a><\/p>\n<p><strong>Granskningsresultat: <\/strong>4.4<br \/> <strong>Antal recensioner:<\/strong> 22<br \/><a href=\"https:\/\/www.google.co.uk\/maps?cid=10859720116746224536&#038;hl=en&#038;gl=GB\" target=\"_new\" rel=\"noopener\">L\u00e4s recensioner<\/a><\/p>\n<h2><span class=\"ez-toc-section\" id=\"Coedma_Freight_International_Ltd\"><\/span>Coedma Freight International Ltd<span class=\"ez-toc-section-end\"><\/span><\/h2>\n<p><img decoding=\"async\" src=\"https:\/\/moverdb.com\/wp-content\/uploads\/AF1QipP8WGcbuB23ZdwnwbtBnjObo9c4oryvSdFaMR4_w408-h306-k-no.jpg\" alt='Coedma Freight International Ltd' class=\"aligncenter\"><\/p>\n<p><strong>Beskrivning av verksamheten: <\/strong>Inga tillhandah\u00e5llna<\/p>\n<p><strong>Ytterligare tj\u00e4nster:<\/strong><\/p>\n<p>Ingen listad<\/p>\n<p><strong>Adress:<\/strong> 8 Eldon St, Leicester LE1 3QL<\/p>\n<p><a href=\"http:\/\/www.coedmafreight.com\/\" target=\"_new\" rel=\"noopener\">Coedma Freight International Ltd webbplats<\/a><\/p>\n<p><strong>Granskningsresultat: <\/strong>4.2<br \/> <strong>Antal recensioner:<\/strong> 63<br \/><a href=\"https:\/\/www.google.co.uk\/maps?cid=2698514720895051628&#038;hl=en&#038;gl=GB\" target=\"_new\" rel=\"noopener\">L\u00e4s recensioner<\/a><\/p>\n<h2><span class=\"ez-toc-section\" id=\"Al-Noor_Logistics_Ltd\"><\/span>Al-Noor Logistics Ltd<span class=\"ez-toc-section-end\"><\/span><\/h2>\n<p><img decoding=\"async\" src=\"https:\/\/moverdb.com\/wp-content\/uploads\/AF1QipMtAEadfQ9Va3ZQAb5JymQKmlITShC_bpHp6BAbw408-h544-k-no.jpg\" alt='Al-Noor Logistics Ltd' class=\"aligncenter\"><\/p>\n<p><strong>Beskrivning av verksamheten: <\/strong>Al-Noor Logistics Ltd erbjuder sj\u00f6frakt, kurir-, transport- och expeditionstj\u00e4nster till Gambia och inom Storbritannien och EU som du alltid kan lita p\u00e5.<\/p>\n<p> Med ett p\u00e5litligt team kan v\u00e5rt f\u00f6retag hantera varje kund och last med t\u00e5lamod och omsorg.<\/p>\n<p> Al-Noor Logistics Ltd erbjuder ocks\u00e5 personligt anpassade tj\u00e4nster f\u00f6r varje kund.<\/p>\n<p> Detta s\u00e4kerst\u00e4ller att information och tj\u00e4nster ges i r\u00e4tt tid.<\/p>\n<p><strong>Ytterligare tj\u00e4nster:<\/strong><\/p>\n<p>Kurirservice<\/p>\n<p>Flyttj\u00e4nster<\/p>\n<p><strong>Adress:<\/strong> 12A Navigation St, Leicester LE1 3UR<\/p>\n<p><a href=\"https:\/\/www.al-noorlogistics.com\/\" target=\"_new\" rel=\"noopener\">Al-Noor Logistics Ltd webbplats<\/a><\/p>\n<p><strong>Granskningsresultat: <\/strong>5<br \/> <strong>Antal recensioner:<\/strong> 1<br \/><a href=\"https:\/\/www.google.co.uk\/maps?cid=13842802265785484999&#038;hl=en&#038;gl=GB\" target=\"_new\" rel=\"noopener\">L\u00e4s recensioner<\/a><\/p>\n<h2><span class=\"ez-toc-section\" id=\"DTDC_Courier_Cargo_Ltd\"><\/span>DTDC Courier &amp; Cargo Ltd<span class=\"ez-toc-section-end\"><\/span><\/h2>\n<p><img decoding=\"async\" src=\"https:\/\/moverdb.com\/wp-content\/uploads\/thumbnailpanoidvZ8q_uBB_32CgH8HAuWo9gcb_clientsearch.gws-prod.gpsw408h240yaw286.jpg\" alt='DTDC Courier &amp; Cargo Ltd' class=\"aligncenter\"><\/p>\n<p><strong>Beskrivning av verksamheten: <\/strong>Skicka paket \/ Skicka flygfrakt \/ Skicka kurir \/ Skicka dokument \/ Skicka frakt \/ Skicka sj\u00f6frakt \/ Skicka br\u00e5dskande pappersarbete \/ Skicka kuvert \/ Skicka brev i A4-storlek till <a href=\"https:\/\/moverdb.com\/sv\/moving-to-india\/\" data-internallinksmanager029f6b8e52c=\"356\" title=\"Flytta till Indien? 2026 Levnadskostnader och tips om flyttning\">Indien<\/a>Pakistan, <a href=\"https:\/\/moverdb.com\/sv\/moving-to-dubai\/\" data-internallinksmanager029f6b8e52c=\"246\" title=\"Flytta till Dubai? 2026 Levnadskostnader och flyttningstips\">Dubai<\/a>, Srilanka, <a href=\"https:\/\/moverdb.com\/sv\/moving-companies\/moving-companies-kenya\/\" data-internallinksmanager029f6b8e52c=\"305\" title=\"4 b\u00e4sta internationella flyttfirmor i Kenya\">Kenya<\/a>, Tanzania, Zambia, USA, <a href=\"https:\/\/moverdb.com\/sv\/moving-to-canada\/\" data-internallinksmanager029f6b8e52c=\"265\" title=\"Flytta till Kanada? 2026 Levnadskostnader och flyttningstips\">Kanada<\/a>, <a href=\"https:\/\/moverdb.com\/sv\/moving-to-australia\/living-in-australia\/\" data-internallinksmanager029f6b8e52c=\"240\" title=\"21 hemligheter om att bo i Australien som du b\u00f6r k\u00e4nna till innan du flyttar\">Australien<\/a>, <a href=\"https:\/\/moverdb.com\/sv\/moving-to-new-zealand\/\" data-internallinksmanager029f6b8e52c=\"324\" title=\"Flyttar du till Nya Zeeland? 2026 Levnadskostnader och flyttningstips\">Nya Zeeland<\/a>, <a href=\"https:\/\/moverdb.com\/sv\/moving-to-germany\/\" data-internallinksmanager029f6b8e52c=\"321\" title=\"Flyttar du till Tyskland? 2026 Levnadskostnader och flyttningstips\">Tyskland<\/a>, <a href=\"https:\/\/moverdb.com\/sv\/moving-to-switzerland\/\" data-internallinksmanager029f6b8e52c=\"327\" title=\"Flyttar du till Schweiz? 2026 Levnadskostnader och flyttningstips\">Schweiz<\/a>, <a href=\"https:\/\/moverdb.com\/sv\/moving-to-italy\/\" data-internallinksmanager029f6b8e52c=\"346\" title=\"Flytta till Italien? 2026 Levnadskostnader &amp; tips om flytt\">Italien<\/a>, <a href=\"https:\/\/moverdb.com\/sv\/moving-to-spain\/\" data-internallinksmanager029f6b8e52c=\"266\" title=\"Flyttar du till Spanien? 2026 Levnadskostnader och flyttningstips\">Spanien<\/a>, <a href=\"https:\/\/moverdb.com\/sv\/moving-companies\/moving-companies-nigeria\/\" data-internallinksmanager029f6b8e52c=\"280\" title=\"10 b\u00e4sta internationella flyttfirmor i Nigeria\">Nigeria<\/a>, <a href=\"https:\/\/moverdb.com\/sv\/moving-companies\/moving-companies-ghana\/\" data-internallinksmanager029f6b8e52c=\"228\" title=\"2 b\u00e4sta internationella flyttfirmor i Ghana\">Ghana<\/a>, <a href=\"https:\/\/moverdb.com\/sv\/moving-to-portugal\/\" data-internallinksmanager029f6b8e52c=\"316\" title=\"Flyttar du till Portugal? 2026 Levnadskostnader och flyttningstips\">Portugal<\/a>Rum\u00e4nien, <a href=\"https:\/\/moverdb.com\/sv\/moving-to-norway\/\" data-internallinksmanager029f6b8e52c=\"325\" title=\"Flyttar du till Norge? 2026 Levnadskostnader och flyttningstips\">Norge<\/a>, <a href=\"https:\/\/moverdb.com\/sv\/moving-to-bulgaria\/\" data-internallinksmanager029f6b8e52c=\"322\" title=\"Flyttar du till Bulgarien? 2026 Levnadskostnader och flyttningstips\">Bulgarien<\/a>, <a href=\"https:\/\/moverdb.com\/sv\/moving-to-belgium\/\" data-internallinksmanager029f6b8e52c=\"323\" title=\"Flyttar du till Belgien? 2026 Levnadskostnader och flyttningstips\">Belgien<\/a>, <a href=\"https:\/\/moverdb.com\/sv\/moving-to-the-netherlands\/\" data-internallinksmanager029f6b8e52c=\"328\" title=\"Flyttar du till Nederl\u00e4nderna? 2026 Levnadskostnader och flyttningstips\">Nederl\u00e4nderna<\/a>, <a href=\"https:\/\/moverdb.com\/sv\/moving-to-ireland\/\" data-internallinksmanager029f6b8e52c=\"320\" title=\"Flyttar du till Irland? 2026 Levnadskostnader och flyttningstips\">Irland<\/a>, <a href=\"https:\/\/moverdb.com\/sv\/moving-to-hong-kong\/\" data-internallinksmanager029f6b8e52c=\"350\" title=\"Flytta till Hong Kong? 2026 Levnadskostnader och tips om flytt\">Hong Kong<\/a>.<\/p>\n<p>vi g\u00f6r allt med konkurrenskraftiga priser och utm\u00e4rkt leveransservice.<\/p>\n<p>Expressleverans av paket \u00f6ver hela v\u00e4rlden.<\/p>\n<p>Import Tullklarering.<\/p>\n<p>Extra bagage.<\/p>\n<p>Flygfrakt Export Internationell Hemflyttning.<\/p>\n<p>Europeiska v\u00e4gtransporter.<\/p>\n<p>Specialiserad pakettj\u00e4nst till Indien, USA, <a href=\"https:\/\/moverdb.com\/sv\/moving-to-china\/\" data-internallinksmanager029f6b8e52c=\"357\" title=\"Flytta till Kina? 2026 Levnadskostnader och tips om omlokalisering\">Kina<\/a>, Hongkong, Kenya, Tanzania, Sri Lanka, Dubai, <a href=\"https:\/\/moverdb.com\/sv\/moving-to-the-uae\/\" data-internallinksmanager029f6b8e52c=\"329\" title=\"Ska du flytta till F\u00f6renade Arabemiraten (UAE)? 2024 Levnadskostnader och flytttips\">F\u00d6RENADE ARABEMIRATEN<\/a>Pakistan, <a href=\"https:\/\/moverdb.com\/sv\/moving-companies\/moving-companies-nepal\/\" data-internallinksmanager029f6b8e52c=\"283\" title=\"De b\u00e4sta internationella flyttf\u00f6retagen i Nepal\">Nepal<\/a> och i hela v\u00e4rlden.<\/p>\n<p><strong>Ytterligare tj\u00e4nster:<\/strong><\/p>\n<p>Kurirservice<\/p>\n<p>Logistiktj\u00e4nster<\/p>\n<p>Leveransf\u00f6retag<\/p>\n<p><strong>Adress:<\/strong> Bredvid Domino's Pizza, 30c Melton Rd, Leicester LE4 5EA<\/p>\n<p><a href=\"http:\/\/dtdexpress.co.uk\/\" target=\"_new\" rel=\"noopener\">DTDC Courier &amp; Cargo Ltd webbplats<\/a><\/p>\n<p><strong>Granskningsresultat: <\/strong>4.1<br \/> <strong>Antal recensioner:<\/strong> 23<br \/><a href=\"https:\/\/www.google.co.uk\/maps?cid=76148574372916641&#038;hl=en&#038;gl=GB\" target=\"_new\" rel=\"noopener\">L\u00e4s recensioner<\/a><\/p>\n<h2><span class=\"ez-toc-section\" id=\"Apex_Cargo_Office\"><\/span>Apex Cargo Kontor<span class=\"ez-toc-section-end\"><\/span><\/h2>\n<p><img decoding=\"async\" src=\"https:\/\/moverdb.com\/wp-content\/uploads\/AF1QipM8vh-2Tw_s8sO4CitLdq-oeZwgV31Jl1JTVMcyw648-h240-k-no.jpg\" alt='Apex Cargo Kontor' class=\"aligncenter\"><\/p>\n<p><strong>Beskrivning av verksamheten: <\/strong>Kommersiella och personliga spedit\u00f6rer baserade i Leicester, Storbritannien.<\/p>\n<p> Vi finns h\u00e4r f\u00f6r alla dina flyg-, sj\u00f6-, kurir-, RORO- och f\u00f6rpackningsbehov!<\/p>\n<p><strong>Ytterligare tj\u00e4nster:<\/strong><\/p>\n<p>Ingen listad<\/p>\n<p><strong>Adress:<\/strong> 93 Evington Rd, Leicester LE2 1QH<\/p>\n<p><a href=\"http:\/\/www.apexcargo.co.uk\/\" target=\"_new\" rel=\"noopener\">Apex Cargo Office webbplats<\/a><\/p>\n<p><strong>Granskningsresultat: <\/strong>4.7<br \/> <strong>Antal recensioner:<\/strong> 143<br \/><a href=\"https:\/\/www.google.co.uk\/maps?cid=5683667821203236023&#038;hl=en&#038;gl=GB\" target=\"_new\" rel=\"noopener\">L\u00e4s recensioner<\/a><\/p>\n<h2><span class=\"ez-toc-section\" id=\"Apex_Cargo_Warehouse\"><\/span>Apex lastlager<span class=\"ez-toc-section-end\"><\/span><\/h2>\n<p><img decoding=\"async\" src=\"https:\/\/moverdb.com\/wp-content\/uploads\/AF1QipN5VJnTa3s9DusD7tnTtF1LdkY-oD6z8kqOS0ZGw408-h327-k-no.jpg\" alt='Apex lastlager' class=\"aligncenter\"><\/p>\n<p><strong>Beskrivning av verksamheten: <\/strong>Kommersiella och personliga fraktagenter baserade i Leicester, Storbritannien.<\/p>\n<p> Vi finns h\u00e4r f\u00f6r alla dina flyg-, sj\u00f6-, kurir-, RORO- och f\u00f6rpackningsbehov!<\/p>\n<p><strong>Ytterligare tj\u00e4nster:<\/strong><\/p>\n<p>Ingen listad<\/p>\n<p><strong>Adress:<\/strong> Enhet 3 Wheat St, Leicester LE1 2AG<\/p>\n<p><a href=\"https:\/\/apexcargo.co.uk\/\" target=\"_new\" rel=\"noopener\">Apex Cargo Warehouse webbplats<\/a><\/p>\n<p><strong>Granskningsresultat: <\/strong>5<br \/> <strong>Antal recensioner:<\/strong> 6<br \/><a href=\"https:\/\/www.google.co.uk\/maps?cid=13453460755086086291&#038;hl=en&#038;gl=GB\" target=\"_new\" rel=\"noopener\">L\u00e4s recensioner<\/a><\/p>\n<h2><span class=\"ez-toc-section\" id=\"CLA_UK_Ltd\"><\/span>CLA UK Ltd<span class=\"ez-toc-section-end\"><\/span><\/h2>\n<p><img decoding=\"async\" src=\"https:\/\/moverdb.com\/wp-content\/uploads\/AF1QipPYmWVhQ4mONrV_yzKPziNFhOGqzBVZFoyv7yr_w408-h408-k-no.jpg\" alt='CLA UK Ltd' class=\"aligncenter\"><\/p>\n<p><strong>Beskrivning av verksamheten: <\/strong>Specialiserade frakttj\u00e4nster inom paneuropeisk logistik<\/p>\n<p><strong>Ytterligare tj\u00e4nster:<\/strong><\/p>\n<p>Ingen listad<\/p>\n<p><strong>Adress:<\/strong> 15 Nursery Ct, Kibworth Harcourt, Leicester LE8 0EX<\/p>\n<p><a href=\"http:\/\/www.cla-uk.com\/\" target=\"_new\" rel=\"noopener\">CLA UK Ltd webbplats<\/a><\/p>\n<p><strong>Granskningsresultat: <\/strong>5<br \/> <strong>Antal recensioner:<\/strong> 1<br \/><a href=\"https:\/\/www.google.co.uk\/maps?cid=12756722996247192377&#038;hl=en&#038;gl=GB\" target=\"_new\" rel=\"noopener\">L\u00e4s recensioner<\/a><\/p>\n<h2><span class=\"ez-toc-section\" id=\"How_we_picked_the_best_Leicester_Freight_Forwarding_Companies\"><\/span>Hur vi valde de b\u00e4sta speditionsf\u00f6retagen i Leicester<span class=\"ez-toc-section-end\"><\/span><\/h2>\n<p>Vi b\u00f6rjade med ett dataset med 21 speditionsf\u00f6retag fr\u00e5n Leicester som vi kunde hitta via Google Maps och begr\u00e4nsade det till de 8 b\u00e4sta.<\/p>\n<p>F\u00f6r att g\u00f6ra detta tog vi bort alla f\u00f6retag som:<\/p>\n<ul>\n<li> Hade ingen webbplats<\/li>\n<li> Hade inga recensioner<\/li>\n<li> Hade ett genomsnittligt omd\u00f6me under 2,0<\/li>\n<\/ul>\n<p>Om vi vid denna tidpunkt hade 17 eller f\u00e4rre skotare listade vi dem alla.<\/p>\n<p>F\u00f6r st\u00e4der d\u00e4r vi hade kvar fler \u00e4n 17 spedit\u00f6rer gjorde vi ytterligare revideringar genom att antingen h\u00f6ja det erforderliga omd\u00f6met (t.ex. fr\u00e5n minst 2,0 till 4,0) och\/eller \u00f6ka det minsta antalet erforderliga omd\u00f6men (t.ex. fr\u00e5n minst 1 omd\u00f6me till minst 10).<\/p>\n<p>Observera att vi endast anv\u00e4nde granskningsdata fr\u00e5n Google Maps och inga andra webbplatser fr\u00e5n tredje part.<\/p>\n<p>Fler st\u00e4der:<\/p>\n<p><a href=\"https:\/\/moverdb.com\/sv\/speditor\/freight-forwarding-uk\/dartford-freight-forwarder\/\">Spedit\u00f6r i Dartford<\/a><br \/><a href=\"https:\/\/moverdb.com\/sv\/speditor\/freight-forwarding-uk\/grays-freight-forwarder\/\">Grays spedit\u00f6r<\/a><br \/><a href=\"https:\/\/moverdb.com\/sv\/speditor\/freight-forwarding-uk\/sunbury-on-thames-freight-forwarder\/\">Sunbury-on-Thames Spedit\u00f6r<\/a><br \/><a href=\"https:\/\/moverdb.com\/sv\/speditor\/freight-forwarding-uk\/hull-freight-forwarder\/\">Hull spedit\u00f6r<\/a><br \/><a href=\"https:\/\/moverdb.com\/sv\/speditor\/freight-forwarding-uk\/witham-freight-forwarder\/\">Witham Spedit\u00f6r<\/a><\/p>","protected":false},"excerpt":{"rendered":"<p>Below we look at the 8 &#8220;best&#8221; Freight Forwarding companies in Leicester out of 21. To learn more about how we chose the best please consult our FAQ section at the end. Please not the following listings are in no particular order and we are not making any recommendations for any particular company. United Pallet [&hellip;]<\/p>\n","protected":false},"author":1,"featured_media":0,"parent":13427,"menu_order":0,"comment_status":"open","ping_status":"open","template":"","meta":{"_genesis_hide_title":false,"_genesis_hide_breadcrumbs":false,"_genesis_hide_singular_image":false,"_genesis_hide_footer_widgets":false,"_genesis_custom_body_class":"","_genesis_custom_post_class":"","_genesis_layout":"","footnotes":""},"class_list":{"0":"post-13796","1":"page","2":"type-page","3":"status-publish","5":"entry"},"_links":{"self":[{"href":"https:\/\/moverdb.com\/sv\/wp-json\/wp\/v2\/pages\/13796","targetHints":{"allow":["GET"]}}],"collection":[{"href":"https:\/\/moverdb.com\/sv\/wp-json\/wp\/v2\/pages"}],"about":[{"href":"https:\/\/moverdb.com\/sv\/wp-json\/wp\/v2\/types\/page"}],"author":[{"embeddable":true,"href":"https:\/\/moverdb.com\/sv\/wp-json\/wp\/v2\/users\/1"}],"replies":[{"embeddable":true,"href":"https:\/\/moverdb.com\/sv\/wp-json\/wp\/v2\/comments?post=13796"}],"version-history":[{"count":1,"href":"https:\/\/moverdb.com\/sv\/wp-json\/wp\/v2\/pages\/13796\/revisions"}],"predecessor-version":[{"id":15805,"href":"https:\/\/moverdb.com\/sv\/wp-json\/wp\/v2\/pages\/13796\/revisions\/15805"}],"up":[{"embeddable":true,"href":"https:\/\/moverdb.com\/sv\/wp-json\/wp\/v2\/pages\/13427"}],"wp:attachment":[{"href":"https:\/\/moverdb.com\/sv\/wp-json\/wp\/v2\/media?parent=13796"}],"curies":[{"name":"wp","href":"https:\/\/api.w.org\/{rel}","templated":true}]}}