{"id":13779,"date":"2023-11-08T15:52:42","date_gmt":"2023-11-08T15:52:42","guid":{"rendered":"https:\/\/moverdb.com\/freight-forwarder\/freight-forwarding-uk\/barking-freight-forwarder\/"},"modified":"2026-01-08T13:18:10","modified_gmt":"2026-01-08T13:18:10","slug":"barking-freight-forwarder","status":"publish","type":"page","link":"https:\/\/moverdb.com\/sv\/freight-forwarder\/freight-forwarding-uk\/barking-freight-forwarder\/","title":{"rendered":"8 b\u00e4sta f\u00f6retag inom fraktspedition i Barking (2024)"},"content":{"rendered":"<p>Nedan tittar vi p\u00e5 de 8 <em>\"b\u00e4sta\"<\/em> Speditionsf\u00f6retag i Barking av 14.<\/p>\n<p>Om du vill veta mer om hur vi v\u00e4ljer de b\u00e4sta kan du l\u00e4sa v\u00e5r FAQ-sektion i slutet.<\/p>\n<p><em>Observera att f\u00f6ljande listor inte \u00e4r i n\u00e5gon s\u00e4rskild ordning och att vi inte ger n\u00e5gra rekommendationer f\u00f6r n\u00e5got s\u00e4rskilt f\u00f6retag.<\/em><\/p>\n<div id=\"ez-toc-container\" class=\"ez-toc-v2_0_82_2 ez-toc-wrap-left counter-hierarchy ez-toc-counter ez-toc-transparent ez-toc-container-direction\">\n<div class=\"ez-toc-title-container\">\n<p class=\"ez-toc-title\" style=\"cursor:inherit\">Avsnitt<\/p>\n<span class=\"ez-toc-title-toggle\"><a href=\"#\" class=\"ez-toc-pull-right ez-toc-btn ez-toc-btn-xs ez-toc-btn-default ez-toc-toggle\" aria-label=\"V\u00e4xla till inneh\u00e5llsf\u00f6rteckning\"><span class=\"ez-toc-js-icon-con\"><span class=\"\"><span class=\"eztoc-hide\" style=\"display:none;\">V\u00e4xel<\/span><span class=\"ez-toc-icon-toggle-span\"><svg style=\"fill: #999;color:#999\" xmlns=\"http:\/\/www.w3.org\/2000\/svg\" class=\"list-377408\" width=\"20px\" height=\"20px\" viewbox=\"0 0 24 24\" fill=\"none\"><path d=\"M6 6H4v2h2V6zm14 0H8v2h12V6zM4 11h2v2H4v-2zm16 0H8v2h12v-2zM4 16h2v2H4v-2zm16 0H8v2h12v-2z\" fill=\"currentColor\"><\/path><\/svg><svg style=\"fill: #999;color:#999\" class=\"arrow-unsorted-368013\" xmlns=\"http:\/\/www.w3.org\/2000\/svg\" width=\"10px\" height=\"10px\" viewbox=\"0 0 24 24\" version=\"1.2\" baseprofile=\"tiny\"><path d=\"M18.2 9.3l-6.2-6.3-6.2 6.3c-.2.2-.3.4-.3.7s.1.5.3.7c.2.2.4.3.7.3h11c.3 0 .5-.1.7-.3.2-.2.3-.5.3-.7s-.1-.5-.3-.7zM5.8 14.7l6.2 6.3 6.2-6.3c.2-.2.3-.5.3-.7s-.1-.5-.3-.7c-.2-.2-.4-.3-.7-.3h-11c-.3 0-.5.1-.7.3-.2.2-.3.5-.3.7s.1.5.3.7z\"\/><\/svg><\/span><\/span><\/span><\/a><\/span><\/div>\n<nav><ul class='ez-toc-list ez-toc-list-level-1 eztoc-toggle-hide-by-default' ><li class='ez-toc-page-1 ez-toc-heading-level-2'><a class=\"ez-toc-link ez-toc-heading-1\" href=\"https:\/\/moverdb.com\/sv\/freight-forwarder\/freight-forwarding-uk\/barking-freight-forwarder\/#Miracle_Shipping_Cargo_Services\" >Miracle Shipping &amp; Frakttj\u00e4nster<\/a><\/li><li class='ez-toc-page-1 ez-toc-heading-level-2'><a class=\"ez-toc-link ez-toc-heading-2\" href=\"https:\/\/moverdb.com\/sv\/freight-forwarder\/freight-forwarding-uk\/barking-freight-forwarder\/#Uneek_Group\" >Uneek-koncernen<\/a><\/li><li class='ez-toc-page-1 ez-toc-heading-level-2'><a class=\"ez-toc-link ez-toc-heading-3\" href=\"https:\/\/moverdb.com\/sv\/freight-forwarder\/freight-forwarding-uk\/barking-freight-forwarder\/#Uneek_Forwarding_Ltd\" >Uneek Spedition Ltd<\/a><\/li><li class='ez-toc-page-1 ez-toc-heading-level-2'><a class=\"ez-toc-link ez-toc-heading-4\" href=\"https:\/\/moverdb.com\/sv\/freight-forwarder\/freight-forwarding-uk\/barking-freight-forwarder\/#Lontex_Exports_Ltd\" >Lontex Exports Ltd<\/a><\/li><li class='ez-toc-page-1 ez-toc-heading-level-2'><a class=\"ez-toc-link ez-toc-heading-5\" href=\"https:\/\/moverdb.com\/sv\/freight-forwarder\/freight-forwarding-uk\/barking-freight-forwarder\/#Trans_Marine_London_Ltd\" >Trans Marine (London) Ltd<\/a><\/li><li class='ez-toc-page-1 ez-toc-heading-level-2'><a class=\"ez-toc-link ez-toc-heading-6\" href=\"https:\/\/moverdb.com\/sv\/freight-forwarder\/freight-forwarding-uk\/barking-freight-forwarder\/#HGRent_Company_Highbury_Limited\" >H.G.Rent &amp; Company (Highbury) Limited<\/a><\/li><li class='ez-toc-page-1 ez-toc-heading-level-2'><a class=\"ez-toc-link ez-toc-heading-7\" href=\"https:\/\/moverdb.com\/sv\/freight-forwarder\/freight-forwarding-uk\/barking-freight-forwarder\/#Amba_Forwarding_London_Ltd\" >Amba Forwarding (London) Ltd<\/a><\/li><li class='ez-toc-page-1 ez-toc-heading-level-2'><a class=\"ez-toc-link ez-toc-heading-8\" href=\"https:\/\/moverdb.com\/sv\/freight-forwarder\/freight-forwarding-uk\/barking-freight-forwarder\/#West_Indies_FreightWI_Freight\" >V\u00e4stindien Freight\/WI Freight<\/a><\/li><li class='ez-toc-page-1 ez-toc-heading-level-2'><a class=\"ez-toc-link ez-toc-heading-9\" href=\"https:\/\/moverdb.com\/sv\/freight-forwarder\/freight-forwarding-uk\/barking-freight-forwarder\/#How_we_picked_the_best_Barking_Freight_Forwarding_Companies\" >Hur vi valde de b\u00e4sta Barking Freight Forwarding-f\u00f6retagen<\/a><\/li><\/ul><\/nav><\/div>\n<h2><span class=\"ez-toc-section\" id=\"Miracle_Shipping_Cargo_Services\"><\/span>Miracle Shipping &amp; Frakttj\u00e4nster<span class=\"ez-toc-section-end\"><\/span><\/h2>\n<p><img decoding=\"async\" src=\"https:\/\/moverdb.com\/wp-content\/uploads\/thumbnailpanoidkPhAIxuIw8m_97SdU9ieewcb_clientsearch.gws-prod.gpsw408h240yaw19.jpg\" alt='Miracle Shipping &amp; Frakttj\u00e4nster' class=\"aligncenter\"><\/p>\n<p><strong>Beskrivning av verksamheten: <\/strong>Miracle Cargo \u00e4r ett v\u00e4lrenommerat speditionsf\u00f6retag som kan tillgodose alla dina behov av spedition, logistik och frakt fr\u00e5n var som helst i v\u00e4rlden <a href=\"https:\/\/moverdb.com\/sv\/moving-to-the-uk\/\" data-internallinksmanager029f6b8e52c=\"93\" title=\"Flyttar du till Storbritannien? 2026 Levnadskostnader och flyttningstips\">STORBRITANNIEN<\/a> till <a href=\"https:\/\/moverdb.com\/sv\/moving-companies\/moving-companies-nigeria\/\" data-internallinksmanager029f6b8e52c=\"280\" title=\"10 b\u00e4sta internationella flyttfirmor i Nigeria\">Nigeria<\/a>.<\/p>\n<p> Miracle Cargo har byggt upp sitt rykte som en av de mest p\u00e5litliga spedit\u00f6rerna f\u00f6r internationell sj\u00f6frakt genom att erbjuda ett brett utbud av flexibla tj\u00e4nster.<\/p>\n<p> V\u00e5rt engagerade och professionella arbetss\u00e4tt s\u00e4kerst\u00e4ller att ditt gods transporteras s\u00e4kert och till ett konkurrenskraftigt pris.<\/p>\n<p><strong>Ytterligare tj\u00e4nster:<\/strong><\/p>\n<p>Ingen listad<\/p>\n<p><strong>Adress:<\/strong> Nr 5, Clockhouse Ave, Barking IG11 7RX<\/p>\n<p><a href=\"http:\/\/miraclecargo.co.uk\/\" target=\"_new\" rel=\"noopener\">Miracle Shipping &amp; Cargo Services webbplats<\/a><\/p>\n<p><strong>Granskningsresultat: <\/strong>3<br \/> <strong>Antal recensioner:<\/strong> 6<br \/><a href=\"https:\/\/www.google.co.uk\/maps?cid=7694554560746990111&#038;hl=en&#038;gl=GB\" target=\"_new\" rel=\"noopener\">L\u00e4s recensioner<\/a><\/p>\n<h2><span class=\"ez-toc-section\" id=\"Uneek_Group\"><\/span>Uneek-koncernen<span class=\"ez-toc-section-end\"><\/span><\/h2>\n<p><img decoding=\"async\" src=\"https:\/\/moverdb.com\/wp-content\/uploads\/AF1QipMIi16VQYaCkXdC8ogRKY1gmudBI2ajweHhqhvOw408-h408-k-no.jpg\" alt='Uneek-koncernen' class=\"aligncenter\"><\/p>\n<p><strong>Beskrivning av verksamheten: <\/strong>Inga tillhandah\u00e5llna<\/p>\n<p><strong>Ytterligare tj\u00e4nster:<\/strong><\/p>\n<p>Ingen listad<\/p>\n<p><strong>Adress:<\/strong> Renwick Industrial Estate, Renwick Rd, Barking IG11 0SD<\/p>\n<p><a href=\"http:\/\/www.uneek-group.com\/\" target=\"_new\" rel=\"noopener\">Uneek Groups webbplats<\/a><\/p>\n<p><strong>Granskningsresultat: <\/strong>5<br \/> <strong>Antal recensioner:<\/strong> 1<br \/><a href=\"https:\/\/www.google.co.uk\/maps?cid=1474583292350769297&#038;hl=en&#038;gl=GB\" target=\"_new\" rel=\"noopener\">L\u00e4s recensioner<\/a><\/p>\n<h2><span class=\"ez-toc-section\" id=\"Uneek_Forwarding_Ltd\"><\/span>Uneek Spedition Ltd<span class=\"ez-toc-section-end\"><\/span><\/h2>\n<p><img decoding=\"async\" src=\"https:\/\/moverdb.com\/wp-content\/uploads\/AF1QipNaAYmBfg2yKln1VZX8UkK0BwB9FSJWVaa4jN9vw452-h240-k-no.jpg\" alt='Uneek Spedition Ltd' class=\"aligncenter\"><\/p>\n<p><strong>Beskrivning av verksamheten: <\/strong>Uneek Group erbjuder tillf\u00f6rlitliga och professionella globala frakttj\u00e4nster.<\/p>\n<p> N\u00e4r du transporterar dina v\u00e4rdefulla varor och \u00e4godelar runt om i v\u00e4rlden vill du veta att de kommer att hanteras av n\u00e5gon med r\u00e4tt kunskap, expertis och erfarenhet.<\/p>\n<p> Du vill vara s\u00e4ker p\u00e5 att det kommer att g\u00f6ras effektivt, p\u00e5litligt och professionellt p\u00e5 kortast m\u00f6jliga tid.<\/p>\n<p><strong>Ytterligare tj\u00e4nster:<\/strong><\/p>\n<p>Tullm\u00e4klare<\/p>\n<p>Tullager<\/p>\n<p>Anl\u00e4ggning f\u00f6r lagring<\/p>\n<p>Lager<\/p>\n<p><strong>Adress:<\/strong> 1-2, Renwick Industrial Estate, Renwick Rd, Barking IG11 0SD<\/p>\n<p><a href=\"http:\/\/www.uneek-group.com\/\" target=\"_new\" rel=\"noopener\">Uneek Forwarding Ltd webbplats<\/a><\/p>\n<p><strong>Granskningsresultat: <\/strong>4.7<br \/> <strong>Antal recensioner:<\/strong> 41<br \/><a href=\"https:\/\/www.google.co.uk\/maps?cid=1474583292350769297&#038;hl=en&#038;gl=GB\" target=\"_new\" rel=\"noopener\">L\u00e4s recensioner<\/a><\/p>\n<h2><span class=\"ez-toc-section\" id=\"Lontex_Exports_Ltd\"><\/span>Lontex Exports Ltd<span class=\"ez-toc-section-end\"><\/span><\/h2>\n<p><img decoding=\"async\" src=\"https:\/\/moverdb.com\/wp-content\/uploads\/AF1QipNeyNOtlS_OpZ22Iay1-CQMn3nJI2pYvAWCPo4Tw408-h306-k-no.jpg\" alt='Lontex Exports Ltd' class=\"aligncenter\"><\/p>\n<p><strong>Beskrivning av verksamheten: <\/strong>Inga tillhandah\u00e5llna<\/p>\n<p><strong>Ytterligare tj\u00e4nster:<\/strong><\/p>\n<p>Leveransf\u00f6retag<\/p>\n<p>Frakttj\u00e4nst<\/p>\n<p><a href=\"https:\/\/moverdb.com\/sv\/car-transport-shipping\/\" data-internallinksmanager029f6b8e52c=\"2\" title=\"2026 Internationella offerter f\u00f6r biltransport och fordonsfrakt\">Transport av fordon<\/a> agent<\/p>\n<p><strong>Adress:<\/strong> 2a Thames Rd, Barking IG11 0HZ<\/p>\n<p><a href=\"http:\/\/lontexcargo.com\/\" target=\"_new\" rel=\"noopener\">Lontex Exports Ltd webbplats<\/a><\/p>\n<p><strong>Granskningsresultat: <\/strong>4.7<br \/> <strong>Antal recensioner:<\/strong> 32<br \/><a href=\"https:\/\/www.google.co.uk\/maps?cid=4734165018320499719&#038;hl=en&#038;gl=GB\" target=\"_new\" rel=\"noopener\">L\u00e4s recensioner<\/a><\/p>\n<h2><span class=\"ez-toc-section\" id=\"Trans_Marine_London_Ltd\"><\/span>Trans Marine (London) Ltd<span class=\"ez-toc-section-end\"><\/span><\/h2>\n<p><img decoding=\"async\" src=\"\" alt=\"Trans Marine (London) Ltd\" class=\"aligncenter\"><\/p>\n<p><strong>Beskrivning av verksamheten: <\/strong>Inga tillhandah\u00e5llna<\/p>\n<p><strong>Ytterligare tj\u00e4nster:<\/strong><\/p>\n<p>Ingen listad<\/p>\n<p><strong>Adress:<\/strong> Industrial Park, 59-60 Alfreds Way, Barking IG11 0TJ<\/p>\n<p><a href=\"https:\/\/www.trans-marine.com\/\" target=\"_new\" rel=\"noopener\">Trans Marine (London) Ltd webbplats<\/a><\/p>\n<p><strong>Granskningsresultat: <\/strong>5<br \/> <strong>Antal recensioner:<\/strong> 2<br \/><a href=\"https:\/\/www.google.co.uk\/maps?cid=14491191066260530261&#038;hl=en&#038;gl=GB\" target=\"_new\" rel=\"noopener\">L\u00e4s recensioner<\/a><\/p>\n<h2><span class=\"ez-toc-section\" id=\"HGRent_Company_Highbury_Limited\"><\/span>H.G.Rent &amp; Company (Highbury) Limited<span class=\"ez-toc-section-end\"><\/span><\/h2>\n<p><img decoding=\"async\" src=\"https:\/\/moverdb.com\/wp-content\/uploads\/thumbnailpanoidDV6YrzOYiGAmR_wrKQLjzQcb_clientsearch.gws-prod.gpsw408h240yaw156.jpg\" alt='H.G.Rent &amp; Company (Highbury) Limited' class=\"aligncenter\"><\/p>\n<p><strong>Beskrivning av verksamheten: <\/strong>Inga tillhandah\u00e5llna<\/p>\n<p><strong>Ytterligare tj\u00e4nster:<\/strong><\/p>\n<p>Anl\u00e4ggning f\u00f6r sj\u00e4lvlagring<\/p>\n<p>Leveransf\u00f6retag<\/p>\n<p>Frakttj\u00e4nst<\/p>\n<p>Lager<\/p>\n<p><strong>Adress:<\/strong> Maybells Commercial Estate, Ripple Rd, Barking IG11 0TP<\/p>\n<p><a href=\"https:\/\/www.hgrent.com\/\" target=\"_new\" rel=\"noopener\">H.G.Rent &amp; Company (Highbury) Limited webbplats<\/a><\/p>\n<p><strong>Granskningsresultat: <\/strong>4<br \/> <strong>Antal recensioner:<\/strong> 10<br \/><a href=\"https:\/\/www.google.co.uk\/maps?cid=12251068360846409758&#038;hl=en&#038;gl=GB\" target=\"_new\" rel=\"noopener\">L\u00e4s recensioner<\/a><\/p>\n<h2><span class=\"ez-toc-section\" id=\"Amba_Forwarding_London_Ltd\"><\/span>Amba Forwarding (London) Ltd<span class=\"ez-toc-section-end\"><\/span><\/h2>\n<p><img decoding=\"async\" src=\"https:\/\/moverdb.com\/wp-content\/uploads\/thumbnailpanoidaoqLjYt4SiM-TC0y9gqp-gcb_clientsearch.gws-prod.gpsw408h240yaw106.jpg\" alt='Amba Forwarding (London) Ltd' class=\"aligncenter\"><\/p>\n<p><strong>Beskrivning av verksamheten: <\/strong>Inga tillhandah\u00e5llna<\/p>\n<p><strong>Ytterligare tj\u00e4nster:<\/strong><\/p>\n<p>Ingen listad<\/p>\n<p><strong>Adress:<\/strong> 77-87 River Rd., Barking IG11 0JU<\/p>\n<p><a href=\"http:\/\/www.ambaforwarding.com\/\" target=\"_new\" rel=\"noopener\">Amba Forwarding (London) Ltd webbplats<\/a><\/p>\n<p><strong>Granskningsresultat: <\/strong>4.3<br \/> <strong>Antal recensioner:<\/strong> 9<br \/><a href=\"https:\/\/www.google.co.uk\/maps?cid=13212541154013940074&#038;hl=en&#038;gl=GB\" target=\"_new\" rel=\"noopener\">L\u00e4s recensioner<\/a><\/p>\n<h2><span class=\"ez-toc-section\" id=\"West_Indies_FreightWI_Freight\"><\/span>V\u00e4stindien Freight\/WI Freight<span class=\"ez-toc-section-end\"><\/span><\/h2>\n<p><img decoding=\"async\" src=\"https:\/\/moverdb.com\/wp-content\/uploads\/AF1QipOC8DD4aml3itGkO7gNaRrA-lFm1UmlJvsyzA46w408-h306-k-no.jpg\" alt='V\u00e4stindien Freight\/WI Freight' class=\"aligncenter\"><\/p>\n<p><strong>Beskrivning av verksamheten: <\/strong>Inga tillhandah\u00e5llna<\/p>\n<p><strong>Ytterligare tj\u00e4nster:<\/strong><\/p>\n<p>Frakttj\u00e4nst<\/p>\n<p><strong>Adress:<\/strong> Enhet 2, Algor Wharf, 42 River Rd., Barking IG11 0DW<\/p>\n<p><a href=\"http:\/\/wifreight.com\/\" target=\"_new\" rel=\"noopener\">West Indies Freight\/WI Freight webbplats<\/a><\/p>\n<p><strong>Granskningsresultat: <\/strong>4.7<br \/> <strong>Antal recensioner:<\/strong> 42<br \/><a href=\"https:\/\/www.google.co.uk\/maps?cid=11354177762167069588&#038;hl=en&#038;gl=GB\" target=\"_new\" rel=\"noopener\">L\u00e4s recensioner<\/a><\/p>\n<h2><span class=\"ez-toc-section\" id=\"How_we_picked_the_best_Barking_Freight_Forwarding_Companies\"><\/span>Hur vi valde de b\u00e4sta Barking Freight Forwarding-f\u00f6retagen<span class=\"ez-toc-section-end\"><\/span><\/h2>\n<p>Vi b\u00f6rjade med ett dataset med 14 speditionsf\u00f6retag i Barking som vi kunde hitta via Google Maps och begr\u00e4nsade det till de 8 b\u00e4sta.<\/p>\n<p>F\u00f6r att g\u00f6ra detta tog vi bort alla f\u00f6retag som:<\/p>\n<ul>\n<li> Hade ingen webbplats<\/li>\n<li> Hade inga recensioner<\/li>\n<li> Hade ett genomsnittligt omd\u00f6me under 2,0<\/li>\n<\/ul>\n<p>Om vi vid denna tidpunkt hade 17 eller f\u00e4rre skotare listade vi dem alla.<\/p>\n<p>F\u00f6r st\u00e4der d\u00e4r vi hade kvar fler \u00e4n 17 spedit\u00f6rer gjorde vi ytterligare revideringar genom att antingen h\u00f6ja det erforderliga omd\u00f6met (t.ex. fr\u00e5n minst 2,0 till 4,0) och\/eller \u00f6ka det minsta antalet erforderliga omd\u00f6men (t.ex. fr\u00e5n minst 1 omd\u00f6me till minst 10).<\/p>\n<p>Observera att vi endast anv\u00e4nde granskningsdata fr\u00e5n Google Maps och inga andra webbplatser fr\u00e5n tredje part.<\/p>\n<p>Fler st\u00e4der:<\/p>\n<p><a href=\"https:\/\/moverdb.com\/sv\/speditor\/freight-forwarding-uk\/staines-freight-forwarder\/\">Staines Spedit\u00f6r<\/a><br \/><a href=\"https:\/\/moverdb.com\/sv\/speditor\/freight-forwarding-uk\/leicester-freight-forwarder\/\">Spedit\u00f6r i Leicester<\/a><br \/><a href=\"https:\/\/moverdb.com\/sv\/speditor\/freight-forwarding-uk\/dartford-freight-forwarder\/\">Spedit\u00f6r i Dartford<\/a><br \/><a href=\"https:\/\/moverdb.com\/sv\/speditor\/freight-forwarding-uk\/grays-freight-forwarder\/\">Grays spedit\u00f6r<\/a><br \/><a href=\"https:\/\/moverdb.com\/sv\/speditor\/freight-forwarding-uk\/sunbury-on-thames-freight-forwarder\/\">Sunbury-on-Thames Spedit\u00f6r<\/a><\/p>","protected":false},"excerpt":{"rendered":"<p>Below we look at the 8 &#8220;best&#8221; Freight Forwarding companies in Barking out of 14. To learn more about how we chose the best please consult our FAQ section at the end. Please not the following listings are in no particular order and we are not making any recommendations for any particular company. Miracle Shipping [&hellip;]<\/p>\n","protected":false},"author":1,"featured_media":0,"parent":13427,"menu_order":0,"comment_status":"open","ping_status":"open","template":"","meta":{"_genesis_hide_title":false,"_genesis_hide_breadcrumbs":false,"_genesis_hide_singular_image":false,"_genesis_hide_footer_widgets":false,"_genesis_custom_body_class":"","_genesis_custom_post_class":"","_genesis_layout":"","footnotes":""},"class_list":{"0":"post-13779","1":"page","2":"type-page","3":"status-publish","5":"entry"},"_links":{"self":[{"href":"https:\/\/moverdb.com\/sv\/wp-json\/wp\/v2\/pages\/13779","targetHints":{"allow":["GET"]}}],"collection":[{"href":"https:\/\/moverdb.com\/sv\/wp-json\/wp\/v2\/pages"}],"about":[{"href":"https:\/\/moverdb.com\/sv\/wp-json\/wp\/v2\/types\/page"}],"author":[{"embeddable":true,"href":"https:\/\/moverdb.com\/sv\/wp-json\/wp\/v2\/users\/1"}],"replies":[{"embeddable":true,"href":"https:\/\/moverdb.com\/sv\/wp-json\/wp\/v2\/comments?post=13779"}],"version-history":[{"count":1,"href":"https:\/\/moverdb.com\/sv\/wp-json\/wp\/v2\/pages\/13779\/revisions"}],"predecessor-version":[{"id":15801,"href":"https:\/\/moverdb.com\/sv\/wp-json\/wp\/v2\/pages\/13779\/revisions\/15801"}],"up":[{"embeddable":true,"href":"https:\/\/moverdb.com\/sv\/wp-json\/wp\/v2\/pages\/13427"}],"wp:attachment":[{"href":"https:\/\/moverdb.com\/sv\/wp-json\/wp\/v2\/media?parent=13779"}],"curies":[{"name":"wp","href":"https:\/\/api.w.org\/{rel}","templated":true}]}}