{"id":13725,"date":"2023-11-08T15:51:25","date_gmt":"2023-11-08T15:51:25","guid":{"rendered":"https:\/\/moverdb.com\/freight-forwarder\/freight-forwarding-uk\/bradford-freight-forwarder\/"},"modified":"2026-01-08T14:55:27","modified_gmt":"2026-01-08T14:55:27","slug":"bradford-freight-forwarder","status":"publish","type":"page","link":"https:\/\/moverdb.com\/sv\/freight-forwarder\/freight-forwarding-uk\/bradford-freight-forwarder\/","title":{"rendered":"De 11 b\u00e4sta speditionsf\u00f6retagen i Bradford (2024)"},"content":{"rendered":"<p>Nedan tittar vi p\u00e5 de 11 <em>\"b\u00e4sta\"<\/em> Speditionsf\u00f6retag i Bradford av 23.<\/p>\n<p>Om du vill veta mer om hur vi v\u00e4ljer de b\u00e4sta kan du l\u00e4sa v\u00e5r FAQ-sektion i slutet.<\/p>\n<p><em>Observera att f\u00f6ljande listor inte \u00e4r i n\u00e5gon s\u00e4rskild ordning och att vi inte ger n\u00e5gra rekommendationer f\u00f6r n\u00e5got s\u00e4rskilt f\u00f6retag.<\/em><\/p>\n<div id=\"ez-toc-container\" class=\"ez-toc-v2_0_82_2 ez-toc-wrap-left counter-hierarchy ez-toc-counter ez-toc-transparent ez-toc-container-direction\">\n<div class=\"ez-toc-title-container\">\n<p class=\"ez-toc-title\" style=\"cursor:inherit\">Avsnitt<\/p>\n<span class=\"ez-toc-title-toggle\"><a href=\"#\" class=\"ez-toc-pull-right ez-toc-btn ez-toc-btn-xs ez-toc-btn-default ez-toc-toggle\" aria-label=\"V\u00e4xla till inneh\u00e5llsf\u00f6rteckning\"><span class=\"ez-toc-js-icon-con\"><span class=\"\"><span class=\"eztoc-hide\" style=\"display:none;\">V\u00e4xel<\/span><span class=\"ez-toc-icon-toggle-span\"><svg style=\"fill: #999;color:#999\" xmlns=\"http:\/\/www.w3.org\/2000\/svg\" class=\"list-377408\" width=\"20px\" height=\"20px\" viewbox=\"0 0 24 24\" fill=\"none\"><path d=\"M6 6H4v2h2V6zm14 0H8v2h12V6zM4 11h2v2H4v-2zm16 0H8v2h12v-2zM4 16h2v2H4v-2zm16 0H8v2h12v-2z\" fill=\"currentColor\"><\/path><\/svg><svg style=\"fill: #999;color:#999\" class=\"arrow-unsorted-368013\" xmlns=\"http:\/\/www.w3.org\/2000\/svg\" width=\"10px\" height=\"10px\" viewbox=\"0 0 24 24\" version=\"1.2\" baseprofile=\"tiny\"><path d=\"M18.2 9.3l-6.2-6.3-6.2 6.3c-.2.2-.3.4-.3.7s.1.5.3.7c.2.2.4.3.7.3h11c.3 0 .5-.1.7-.3.2-.2.3-.5.3-.7s-.1-.5-.3-.7zM5.8 14.7l6.2 6.3 6.2-6.3c.2-.2.3-.5.3-.7s-.1-.5-.3-.7c-.2-.2-.4-.3-.7-.3h-11c-.3 0-.5.1-.7.3-.2.2-.3.5-.3.7s.1.5.3.7z\"\/><\/svg><\/span><\/span><\/span><\/a><\/span><\/div>\n<nav><ul class='ez-toc-list ez-toc-list-level-1 eztoc-toggle-hide-by-default' ><li class='ez-toc-page-1 ez-toc-heading-level-2'><a class=\"ez-toc-link ez-toc-heading-1\" href=\"https:\/\/moverdb.com\/sv\/freight-forwarder\/freight-forwarding-uk\/bradford-freight-forwarder\/#Rhenus_Logistics_Ltd\" >Rhenus Logistics Ltd<\/a><\/li><li class='ez-toc-page-1 ez-toc-heading-level-2'><a class=\"ez-toc-link ez-toc-heading-2\" href=\"https:\/\/moverdb.com\/sv\/freight-forwarder\/freight-forwarding-uk\/bradford-freight-forwarder\/#Vantage_Cargo\" >Vantage Cargo<\/a><\/li><li class='ez-toc-page-1 ez-toc-heading-level-2'><a class=\"ez-toc-link ez-toc-heading-3\" href=\"https:\/\/moverdb.com\/sv\/freight-forwarder\/freight-forwarding-uk\/bradford-freight-forwarder\/#A_H_SPRINTERS_LTD\" >A &amp; H SPRINTERS LTD<\/a><\/li><li class='ez-toc-page-1 ez-toc-heading-level-2'><a class=\"ez-toc-link ez-toc-heading-4\" href=\"https:\/\/moverdb.com\/sv\/freight-forwarder\/freight-forwarding-uk\/bradford-freight-forwarder\/#Uniexpress_Limited\" >Uniexpress Limited<\/a><\/li><li class='ez-toc-page-1 ez-toc-heading-level-2'><a class=\"ez-toc-link ez-toc-heading-5\" href=\"https:\/\/moverdb.com\/sv\/freight-forwarder\/freight-forwarding-uk\/bradford-freight-forwarder\/#Vantage_Trdaing_Ltd\" >Vantage Trdaing Ltd<\/a><\/li><li class='ez-toc-page-1 ez-toc-heading-level-2'><a class=\"ez-toc-link ez-toc-heading-6\" href=\"https:\/\/moverdb.com\/sv\/freight-forwarder\/freight-forwarding-uk\/bradford-freight-forwarder\/#Transmec_Bradford\" >Transmec Bradford<\/a><\/li><li class='ez-toc-page-1 ez-toc-heading-level-2'><a class=\"ez-toc-link ez-toc-heading-7\" href=\"https:\/\/moverdb.com\/sv\/freight-forwarder\/freight-forwarding-uk\/bradford-freight-forwarder\/#Circle_Express\" >Circle Express<\/a><\/li><li class='ez-toc-page-1 ez-toc-heading-level-2'><a class=\"ez-toc-link ez-toc-heading-8\" href=\"https:\/\/moverdb.com\/sv\/freight-forwarder\/freight-forwarding-uk\/bradford-freight-forwarder\/#CMI_Logistics_Ltd\" >CMI Logistics Ltd<\/a><\/li><li class='ez-toc-page-1 ez-toc-heading-level-2'><a class=\"ez-toc-link ez-toc-heading-9\" href=\"https:\/\/moverdb.com\/sv\/freight-forwarder\/freight-forwarding-uk\/bradford-freight-forwarder\/#MC_Logistics_Ltd\" >MC Logistik Ltd<\/a><\/li><li class='ez-toc-page-1 ez-toc-heading-level-2'><a class=\"ez-toc-link ez-toc-heading-10\" href=\"https:\/\/moverdb.com\/sv\/freight-forwarder\/freight-forwarding-uk\/bradford-freight-forwarder\/#PAK_Asia_Cargo_Services_Ltd\" >PAK Asia Cargo Services Ltd<\/a><\/li><li class='ez-toc-page-1 ez-toc-heading-level-2'><a class=\"ez-toc-link ez-toc-heading-11\" href=\"https:\/\/moverdb.com\/sv\/freight-forwarder\/freight-forwarding-uk\/bradford-freight-forwarder\/#Andante_Freight_Ltd\" >Andante Freight Ltd<\/a><\/li><li class='ez-toc-page-1 ez-toc-heading-level-2'><a class=\"ez-toc-link ez-toc-heading-12\" href=\"https:\/\/moverdb.com\/sv\/freight-forwarder\/freight-forwarding-uk\/bradford-freight-forwarder\/#How_we_picked_the_best_Bradford_Freight_Forwarding_Companies\" >Hur vi valde de b\u00e4sta speditionsf\u00f6retagen i Bradford<\/a><\/li><\/ul><\/nav><\/div>\n<h2><span class=\"ez-toc-section\" id=\"Rhenus_Logistics_Ltd\"><\/span>Rhenus Logistics Ltd<span class=\"ez-toc-section-end\"><\/span><\/h2>\n<p><img decoding=\"async\" src=\"https:\/\/moverdb.com\/wp-content\/uploads\/AF1QipP8m7fh1rLI-Cdro-YIqDmbeTJrEh44sSMMzk_Ww408-h252-k-no.jpg\" alt='Rhenus Logistics Ltd' class=\"aligncenter\"><\/p>\n<p><strong>Beskrivning av verksamheten: <\/strong>Vi erbjuder h\u00f6gkvalitativa och kostnadseffektiva fraktlogistikl\u00f6sningar f\u00f6r export\u00f6rer och import\u00f6rer.<\/p>\n<p> Med 75 \u00e5rs bepr\u00f6vad erfarenhet och ett engagemang f\u00f6r resultat har Rhenus Logistics etablerat sig som en stor operat\u00f6r, direkt till landbaserade marknader, och nu med ytterligare tj\u00e4nster till globala destinationer.<\/p>\n<p> Vi har ett avundsv\u00e4rt rykte f\u00f6r snabb, flexibel, frekvent och v\u00e4nlig service.<\/p>\n<p><strong>Ytterligare tj\u00e4nster:<\/strong><\/p>\n<p>Distributionstj\u00e4nst<\/p>\n<p>Logistiktj\u00e4nster<\/p>\n<p>Leveransf\u00f6retag<\/p>\n<p>Transporttj\u00e4nster<\/p>\n<p><strong>Adress:<\/strong> Brighouse Rd, Low Moor, Bradford BD12 0QF<\/p>\n<p><a href=\"https:\/\/www.rhenus.group\/uk\/en\/\" target=\"_new\" rel=\"noopener\">Rhenus Logistics Ltd webbplats<\/a><\/p>\n<p><strong>Granskningsresultat: <\/strong>3.4<br \/> <strong>Antal recensioner:<\/strong> 198<br \/><a href=\"https:\/\/www.google.co.uk\/maps?cid=7795098104302593572&#038;hl=en&#038;gl=GB\" target=\"_new\" rel=\"noopener\">L\u00e4s recensioner<\/a><\/p>\n<h2><span class=\"ez-toc-section\" id=\"Vantage_Cargo\"><\/span>Vantage Cargo<span class=\"ez-toc-section-end\"><\/span><\/h2>\n<p><img decoding=\"async\" src=\"https:\/\/moverdb.com\/wp-content\/uploads\/AF1QipOMzSTB6Cz9m4OeigEXyPbKm33o5qiz1TdMdRMaw408-h306-k-no.jpg\" alt='Vantage Cargo' class=\"aligncenter\"><\/p>\n<p><strong>Beskrivning av verksamheten: <\/strong>Inga tillhandah\u00e5llna<\/p>\n<p><strong>Ytterligare tj\u00e4nster:<\/strong><\/p>\n<p>Ingen listad<\/p>\n<p><strong>Adress:<\/strong> UNIT 55, Listerhills Science Park, Campus Road, Bradford BD7 1HR<\/p>\n<p><a href=\"http:\/\/www.vantagecargo.com\/\" target=\"_new\" rel=\"noopener\">Vantage Cargos webbplats<\/a><\/p>\n<p><strong>Granskningsresultat: <\/strong>4.8<br \/> <strong>Antal recensioner:<\/strong> 4<br \/><a href=\"https:\/\/www.google.co.uk\/maps?cid=7008974209818324067&#038;hl=en&#038;gl=GB\" target=\"_new\" rel=\"noopener\">L\u00e4s recensioner<\/a><\/p>\n<h2><span class=\"ez-toc-section\" id=\"A_H_SPRINTERS_LTD\"><\/span>A &amp; H SPRINTERS LTD<span class=\"ez-toc-section-end\"><\/span><\/h2>\n<p><img decoding=\"async\" src=\"https:\/\/moverdb.com\/wp-content\/uploads\/thumbnailpanoidy9Te__xK62aTIaec47C1vgcb_clientsearch.gws-prod.gpsw408h240yaw83.jpg\" alt='A &amp; H SPRINTERS LTD' class=\"aligncenter\"><\/p>\n<p><strong>Beskrivning av verksamheten: <\/strong>Vi \u00e4r specialiserade p\u00e5 kurirservice samma dag och n\u00e4sta dag i hela <a href=\"https:\/\/moverdb.com\/sv\/moving-to-the-uk\/\" data-internallinksmanager029f6b8e52c=\"93\" title=\"Flyttar du till Storbritannien? 2026 Levnadskostnader och flyttningstips\">STORBRITANNIEN<\/a> och rikst\u00e4ckande, vi betj\u00e4nar fr\u00e5n b2b till slutanv\u00e4ndare.<\/p>\n<p>Vad som helst, n\u00e4r som helst, var som helst - vi kan g\u00f6ra det \u00e5t dig p\u00e5 bara ett samtals avst\u00e5nd.<\/p>\n<p><strong>Ytterligare tj\u00e4nster:<\/strong><\/p>\n<p>Ingen listad<\/p>\n<p><strong>Adress:<\/strong> 5 Hedge Cl, Bradford BD8 0AB<\/p>\n<p><a href=\"http:\/\/www.anhsprinters.com\/\" target=\"_new\" rel=\"noopener\">A &amp; H SPRINTERS LTD webbplats<\/a><\/p>\n<p><strong>Granskningsresultat: <\/strong>5<br \/> <strong>Antal recensioner:<\/strong> 5<br \/><a href=\"https:\/\/www.google.co.uk\/maps?cid=16732559495961320132&#038;hl=en&#038;gl=GB\" target=\"_new\" rel=\"noopener\">L\u00e4s recensioner<\/a><\/p>\n<h2><span class=\"ez-toc-section\" id=\"Uniexpress_Limited\"><\/span>Uniexpress Limited<span class=\"ez-toc-section-end\"><\/span><\/h2>\n<p><img decoding=\"async\" src=\"https:\/\/moverdb.com\/wp-content\/uploads\/AF1QipOq-OIQ5ff5uOldLm9v98W1tG4Prt8V98ZgmTtzw662-h240-k-no.jpg\" alt='Uniexpress Limited' class=\"aligncenter\"><\/p>\n<p><strong>Beskrivning av verksamheten: <\/strong>Inga tillhandah\u00e5llna<\/p>\n<p><strong>Ytterligare tj\u00e4nster:<\/strong><\/p>\n<p>Ingen listad<\/p>\n<p><strong>Adress:<\/strong> Navigation Point, 30 North St, Bradford BD1 4EW<\/p>\n<p><a href=\"https:\/\/uniexpress.co.uk\/\" target=\"_new\" rel=\"noopener\">Uniexpress Limited webbplats<\/a><\/p>\n<p><strong>Granskningsresultat: <\/strong>3.7<br \/> <strong>Antal recensioner:<\/strong> 12<br \/><a href=\"https:\/\/www.google.co.uk\/maps?cid=5416788757439321935&#038;hl=en&#038;gl=GB\" target=\"_new\" rel=\"noopener\">L\u00e4s recensioner<\/a><\/p>\n<h2><span class=\"ez-toc-section\" id=\"Vantage_Trdaing_Ltd\"><\/span>Vantage Trdaing Ltd<span class=\"ez-toc-section-end\"><\/span><\/h2>\n<p><img decoding=\"async\" src=\"https:\/\/moverdb.com\/wp-content\/uploads\/thumbnailpanoidVimcEANIeEE48O1E_Z0xpQcb_clientsearch.gws-prod.gpsw408h240yaw3.jpg\" alt='Vantage Trdaing Ltd' class=\"aligncenter\"><\/p>\n<p><strong>Beskrivning av verksamheten: <\/strong>Vantage Tarding Aka Vantage Cargo \u00e4r ett p\u00e5litligt namn inom internationell spedition och tullklarering.<\/p>\n<p> Vi hj\u00e4lper till med export och import av varor och tillhandah\u00e5ller frakt- och tulltj\u00e4nster med flyg, till sj\u00f6ss och p\u00e5 v\u00e4g.<\/p>\n<p><strong>Ytterligare tj\u00e4nster:<\/strong><\/p>\n<p>Tullkonsult<\/p>\n<p>Logistiktj\u00e4nster<\/p>\n<p><strong>Adress:<\/strong> Enhet 55, Listerhills Science Park, Campus Rd, Bradford BD7 1HR<\/p>\n<p><a href=\"https:\/\/vantagecargo.com\/\" target=\"_new\" rel=\"noopener\">Vantage Trdaing Ltd webbplats<\/a><\/p>\n<p><strong>Granskningsresultat: <\/strong>5<br \/> <strong>Antal recensioner:<\/strong> 1<br \/><a href=\"https:\/\/www.google.co.uk\/maps?cid=8597106068897191230&#038;hl=en&#038;gl=GB\" target=\"_new\" rel=\"noopener\">L\u00e4s recensioner<\/a><\/p>\n<h2><span class=\"ez-toc-section\" id=\"Transmec_Bradford\"><\/span>Transmec Bradford<span class=\"ez-toc-section-end\"><\/span><\/h2>\n<p><img decoding=\"async\" src=\"https:\/\/moverdb.com\/wp-content\/uploads\/AF1QipPBF2gPenbaUEb_Sh61s4APdtFNolsMP3bExFCZw700-h240-k-no.jpg\" alt='Transmec Bradford' class=\"aligncenter\"><\/p>\n<p><strong>Beskrivning av verksamheten: <\/strong>Inga tillhandah\u00e5llna<\/p>\n<p><strong>Ytterligare tj\u00e4nster:<\/strong><\/p>\n<p>Logistiktj\u00e4nster<\/p>\n<p>Leveransf\u00f6retag<\/p>\n<p>Lastbilsf\u00f6retag<\/p>\n<p><strong>Adress:<\/strong> Woodroyd Industrial Estate, Dealburn Rd, Low Moor, Bradford BD12 0RG<\/p>\n<p><a href=\"http:\/\/www.transmecgroup.com\/\" target=\"_new\" rel=\"noopener\">Transmec Bradford webbplats<\/a><\/p>\n<p><strong>Granskningsresultat: <\/strong>4.6<br \/> <strong>Antal recensioner:<\/strong> 63<br \/><a href=\"https:\/\/www.google.co.uk\/maps?cid=15368583186989161569&#038;hl=en&#038;gl=GB\" target=\"_new\" rel=\"noopener\">L\u00e4s recensioner<\/a><\/p>\n<h2><span class=\"ez-toc-section\" id=\"Circle_Express\"><\/span>Circle Express<span class=\"ez-toc-section-end\"><\/span><\/h2>\n<p><img decoding=\"async\" src=\"https:\/\/moverdb.com\/wp-content\/uploads\/thumbnailpanoidvlSehEvrEl7hsC1_SDqKywcb_clientsearch.gws-prod.gpsw408h240yaw240.jpg\" alt='Circle Express' class=\"aligncenter\"><\/p>\n<p><strong>Beskrivning av verksamheten: <\/strong>Inga tillhandah\u00e5llna<\/p>\n<p><strong>Ytterligare tj\u00e4nster:<\/strong><\/p>\n<p>Logistik<\/p>\n<p><strong>Adress:<\/strong> 8 Wharfedale Rd, Euroway Industrial Estate, Bradford BD4 6SG<\/p>\n<p><a href=\"https:\/\/www.circleexpress.co.uk\/\" target=\"_new\" rel=\"noopener\">Circle Express webbplats<\/a><\/p>\n<p><strong>Granskningsresultat: <\/strong>2.6<br \/> <strong>Antal recensioner:<\/strong> 5<br \/><a href=\"https:\/\/www.google.co.uk\/maps?cid=11390195525846399046&#038;hl=en&#038;gl=GB\" target=\"_new\" rel=\"noopener\">L\u00e4s recensioner<\/a><\/p>\n<h2><span class=\"ez-toc-section\" id=\"CMI_Logistics_Ltd\"><\/span>CMI Logistics Ltd<span class=\"ez-toc-section-end\"><\/span><\/h2>\n<p><img decoding=\"async\" src=\"https:\/\/moverdb.com\/wp-content\/uploads\/AF1QipN2BTmrtNkRm59mHNRraJcrdIaG2ZqSk6Js9AWew408-h306-k-no.jpg\" alt='CMI Logistics Ltd' class=\"aligncenter\"><\/p>\n<p><strong>Beskrivning av verksamheten: <\/strong>Internationellt <a href=\"https:\/\/moverdb.com\/sv\/freight-forwarder\/\" data-internallinksmanager029f6b8e52c=\"17\" title=\"Guide f\u00f6r internationella kostnader och f\u00f6retag f\u00f6r spedit\u00f6rer och NVOCC\">Spedit\u00f6r<\/a><\/p>\n<p><strong>Ytterligare tj\u00e4nster:<\/strong><\/p>\n<p>Kurirservice<\/p>\n<p>Tullm\u00e4klare<\/p>\n<p>Import Export F\u00f6retag<\/p>\n<p>Logistiktj\u00e4nster<\/p>\n<p>Leveransf\u00f6retag<\/p>\n<p>Frakttj\u00e4nst<\/p>\n<p>Lager<\/p>\n<p><strong>Adress:<\/strong> Sapphire House, Albion Rd, Greengates, Bradford BD10 9TQ<\/p>\n<p><a href=\"http:\/\/www.cmilogistics.co.uk\/\" target=\"_new\" rel=\"noopener\">CMI Logistics Ltd webbplats<\/a><\/p>\n<p><strong>Granskningsresultat: <\/strong>4.2<br \/> <strong>Antal recensioner:<\/strong> 11<br \/><a href=\"https:\/\/www.google.co.uk\/maps?cid=5455479875644729029&#038;hl=en&#038;gl=GB\" target=\"_new\" rel=\"noopener\">L\u00e4s recensioner<\/a><\/p>\n<h2><span class=\"ez-toc-section\" id=\"MC_Logistics_Ltd\"><\/span>MC Logistik Ltd<span class=\"ez-toc-section-end\"><\/span><\/h2>\n<p><img decoding=\"async\" src=\"https:\/\/moverdb.com\/wp-content\/uploads\/AF1QipMCm8X_Y7UGF0mp1-QAdWai80hmi62wH09t-OWfw408-h306-k-no.jpg\" alt='MC Logistik Ltd' class=\"aligncenter\"><\/p>\n<p><strong>Beskrivning av verksamheten: <\/strong>Inga tillhandah\u00e5llna<\/p>\n<p><strong>Ytterligare tj\u00e4nster:<\/strong><\/p>\n<p>F\u00f6rpackningsentrepren\u00f6rer och tj\u00e4nster<\/p>\n<p>Leveransf\u00f6retag<\/p>\n<p><strong>Adress:<\/strong> MacLean House, New Works Rd, Low Moor, Bradford BD12 0LZ<\/p>\n<p><a href=\"http:\/\/www.mc3logistics.com\/\" target=\"_new\" rel=\"noopener\">MC Logistics Ltd webbplats<\/a><\/p>\n<p><strong>Granskningsresultat: <\/strong>4<br \/> <strong>Antal recensioner:<\/strong> 3<br \/><a href=\"https:\/\/www.google.co.uk\/maps?cid=5476343764991484590&#038;hl=en&#038;gl=GB\" target=\"_new\" rel=\"noopener\">L\u00e4s recensioner<\/a><\/p>\n<h2><span class=\"ez-toc-section\" id=\"PAK_Asia_Cargo_Services_Ltd\"><\/span>PAK Asia Cargo Services Ltd<span class=\"ez-toc-section-end\"><\/span><\/h2>\n<p><img decoding=\"async\" src=\"https:\/\/moverdb.com\/wp-content\/uploads\/AF1QipMJr3orvg_FkMHKiznDoJJ8VHIXtHIfDw3Fxf4yw426-h240-k-no.jpg\" alt='PAK Asia Cargo Services Ltd' class=\"aligncenter\"><\/p>\n<p><strong>Beskrivning av verksamheten: <\/strong>last till Pakistan<\/p>\n<p><strong>Ytterligare tj\u00e4nster:<\/strong><\/p>\n<p>Ingen listad<\/p>\n<p><strong>Adress:<\/strong> 74A Lumb Ln, Bradford BD8 8JZ<\/p>\n<p><a href=\"http:\/\/www.pakasiacargoservice.co.uk\/\" target=\"_new\" rel=\"noopener\">PAK Asia Cargo Services Ltd webbplats<\/a><\/p>\n<p><strong>Granskningsresultat: <\/strong>4<br \/> <strong>Antal recensioner:<\/strong> 4<br \/><a href=\"https:\/\/www.google.co.uk\/maps?cid=14078454204797251788&#038;hl=en&#038;gl=GB\" target=\"_new\" rel=\"noopener\">L\u00e4s recensioner<\/a><\/p>\n<h2><span class=\"ez-toc-section\" id=\"Andante_Freight_Ltd\"><\/span>Andante Freight Ltd<span class=\"ez-toc-section-end\"><\/span><\/h2>\n<p><img decoding=\"async\" src=\"https:\/\/moverdb.com\/wp-content\/uploads\/thumbnailpanoidCDa-NU-iq_6I0XBrpsKeawcb_clientsearch.gws-prod.gpsw408h240yaw157.jpg\" alt='Andante Freight Ltd' class=\"aligncenter\"><\/p>\n<p><strong>Beskrivning av verksamheten: <\/strong>Inga tillhandah\u00e5llna<\/p>\n<p><strong>Ytterligare tj\u00e4nster:<\/strong><\/p>\n<p>Leveransf\u00f6retag<\/p>\n<p>Transporttj\u00e4nster<\/p>\n<p><strong>Adress:<\/strong> 183 Thornton Rd, Bradford BD1 2JD<\/p>\n<p><a href=\"http:\/\/www.andantefreight.com\/\" target=\"_new\" rel=\"noopener\">Andante Freight Ltd webbplats<\/a><\/p>\n<p><strong>Granskningsresultat: <\/strong>4.1<br \/> <strong>Antal recensioner:<\/strong> 27<br \/><a href=\"https:\/\/www.google.co.uk\/maps?cid=15644654208551577984&#038;hl=en&#038;gl=GB\" target=\"_new\" rel=\"noopener\">L\u00e4s recensioner<\/a><\/p>\n<h2><span class=\"ez-toc-section\" id=\"How_we_picked_the_best_Bradford_Freight_Forwarding_Companies\"><\/span>Hur vi valde de b\u00e4sta speditionsf\u00f6retagen i Bradford<span class=\"ez-toc-section-end\"><\/span><\/h2>\n<p>Vi b\u00f6rjade med ett dataset med 23 Bradford-fraktspeditionsf\u00f6retag som vi kunde hitta via Google Maps och begr\u00e4nsade det till de 11 b\u00e4sta.<\/p>\n<p>F\u00f6r att g\u00f6ra detta tog vi bort alla f\u00f6retag som:<\/p>\n<ul>\n<li> Hade ingen webbplats<\/li>\n<li> Hade inga recensioner<\/li>\n<li> Hade ett genomsnittligt omd\u00f6me under 2,0<\/li>\n<\/ul>\n<p>Om vi vid denna tidpunkt hade 17 eller f\u00e4rre skotare listade vi dem alla.<\/p>\n<p>F\u00f6r st\u00e4der d\u00e4r vi hade kvar fler \u00e4n 17 spedit\u00f6rer gjorde vi ytterligare revideringar genom att antingen h\u00f6ja det erforderliga omd\u00f6met (t.ex. fr\u00e5n minst 2,0 till 4,0) och\/eller \u00f6ka det minsta antalet erforderliga omd\u00f6men (t.ex. fr\u00e5n minst 1 omd\u00f6me till minst 10).<\/p>\n<p>Observera att vi endast anv\u00e4nde granskningsdata fr\u00e5n Google Maps och inga andra webbplatser fr\u00e5n tredje part.<\/p>\n<p>Fler st\u00e4der:<\/p>\n<p><a href=\"https:\/\/moverdb.com\/sv\/speditor\/freight-forwarding-uk\/derby-freight-forwarder\/\">Derby Spedit\u00f6r<\/a><br \/><a href=\"https:\/\/moverdb.com\/sv\/speditor\/freight-forwarding-uk\/southall-freight-forwarder\/\">Southall spedit\u00f6r<\/a><br \/><a href=\"https:\/\/moverdb.com\/sv\/speditor\/freight-forwarding-uk\/coventry-freight-forwarder\/\">Spedit\u00f6r Coventry<\/a><br \/><a href=\"https:\/\/moverdb.com\/sv\/speditor\/freight-forwarding-uk\/west-drayton-freight-forwarder\/\">West Drayton Spedit\u00f6r<\/a><br \/><a href=\"https:\/\/moverdb.com\/sv\/speditor\/freight-forwarding-uk\/glasgow-freight-forwarder\/\">Spedit\u00f6r Glasgow<\/a><\/p>","protected":false},"excerpt":{"rendered":"<p>Below we look at the 11 &#8220;best&#8221; Freight Forwarding companies in Bradford out of 23. To learn more about how we chose the best please consult our FAQ section at the end. Please not the following listings are in no particular order and we are not making any recommendations for any particular company. Rhenus Logistics [&hellip;]<\/p>\n","protected":false},"author":1,"featured_media":0,"parent":13427,"menu_order":0,"comment_status":"open","ping_status":"open","template":"","meta":{"_genesis_hide_title":false,"_genesis_hide_breadcrumbs":false,"_genesis_hide_singular_image":false,"_genesis_hide_footer_widgets":false,"_genesis_custom_body_class":"","_genesis_custom_post_class":"","_genesis_layout":"","footnotes":""},"class_list":{"0":"post-13725","1":"page","2":"type-page","3":"status-publish","5":"entry"},"_links":{"self":[{"href":"https:\/\/moverdb.com\/sv\/wp-json\/wp\/v2\/pages\/13725","targetHints":{"allow":["GET"]}}],"collection":[{"href":"https:\/\/moverdb.com\/sv\/wp-json\/wp\/v2\/pages"}],"about":[{"href":"https:\/\/moverdb.com\/sv\/wp-json\/wp\/v2\/types\/page"}],"author":[{"embeddable":true,"href":"https:\/\/moverdb.com\/sv\/wp-json\/wp\/v2\/users\/1"}],"replies":[{"embeddable":true,"href":"https:\/\/moverdb.com\/sv\/wp-json\/wp\/v2\/comments?post=13725"}],"version-history":[{"count":1,"href":"https:\/\/moverdb.com\/sv\/wp-json\/wp\/v2\/pages\/13725\/revisions"}],"predecessor-version":[{"id":15681,"href":"https:\/\/moverdb.com\/sv\/wp-json\/wp\/v2\/pages\/13725\/revisions\/15681"}],"up":[{"embeddable":true,"href":"https:\/\/moverdb.com\/sv\/wp-json\/wp\/v2\/pages\/13427"}],"wp:attachment":[{"href":"https:\/\/moverdb.com\/sv\/wp-json\/wp\/v2\/media?parent=13725"}],"curies":[{"name":"wp","href":"https:\/\/api.w.org\/{rel}","templated":true}]}}