{"id":13614,"date":"2023-11-08T15:51:25","date_gmt":"2023-11-08T15:51:25","guid":{"rendered":"https:\/\/moverdb.com\/freight-forwarder\/freight-forwarding-uk\/hounslow-freight-forwarder\/"},"modified":"2026-01-08T14:55:37","modified_gmt":"2026-01-08T14:55:37","slug":"hounslow-freight-forwarder","status":"publish","type":"page","link":"https:\/\/moverdb.com\/sv\/freight-forwarder\/freight-forwarding-uk\/hounslow-freight-forwarder\/","title":{"rendered":"15 b\u00e4sta speditionsf\u00f6retag i Hounslow (2024)"},"content":{"rendered":"<p>Nedan tittar vi p\u00e5 de 15 <em>\"b\u00e4sta\"<\/em> Speditionsf\u00f6retag i Hounslow av 51.<\/p>\n<p>Om du vill veta mer om hur vi v\u00e4ljer de b\u00e4sta kan du l\u00e4sa v\u00e5r FAQ-sektion i slutet.<\/p>\n<p><em>Observera att f\u00f6ljande listor inte \u00e4r i n\u00e5gon s\u00e4rskild ordning och att vi inte ger n\u00e5gra rekommendationer f\u00f6r n\u00e5got s\u00e4rskilt f\u00f6retag.<\/em><\/p>\n<div id=\"ez-toc-container\" class=\"ez-toc-v2_0_82_2 ez-toc-wrap-left counter-hierarchy ez-toc-counter ez-toc-transparent ez-toc-container-direction\">\n<div class=\"ez-toc-title-container\">\n<p class=\"ez-toc-title\" style=\"cursor:inherit\">Avsnitt<\/p>\n<span class=\"ez-toc-title-toggle\"><a href=\"#\" class=\"ez-toc-pull-right ez-toc-btn ez-toc-btn-xs ez-toc-btn-default ez-toc-toggle\" aria-label=\"V\u00e4xla till inneh\u00e5llsf\u00f6rteckning\"><span class=\"ez-toc-js-icon-con\"><span class=\"\"><span class=\"eztoc-hide\" style=\"display:none;\">V\u00e4xel<\/span><span class=\"ez-toc-icon-toggle-span\"><svg style=\"fill: #999;color:#999\" xmlns=\"http:\/\/www.w3.org\/2000\/svg\" class=\"list-377408\" width=\"20px\" height=\"20px\" viewbox=\"0 0 24 24\" fill=\"none\"><path d=\"M6 6H4v2h2V6zm14 0H8v2h12V6zM4 11h2v2H4v-2zm16 0H8v2h12v-2zM4 16h2v2H4v-2zm16 0H8v2h12v-2z\" fill=\"currentColor\"><\/path><\/svg><svg style=\"fill: #999;color:#999\" class=\"arrow-unsorted-368013\" xmlns=\"http:\/\/www.w3.org\/2000\/svg\" width=\"10px\" height=\"10px\" viewbox=\"0 0 24 24\" version=\"1.2\" baseprofile=\"tiny\"><path d=\"M18.2 9.3l-6.2-6.3-6.2 6.3c-.2.2-.3.4-.3.7s.1.5.3.7c.2.2.4.3.7.3h11c.3 0 .5-.1.7-.3.2-.2.3-.5.3-.7s-.1-.5-.3-.7zM5.8 14.7l6.2 6.3 6.2-6.3c.2-.2.3-.5.3-.7s-.1-.5-.3-.7c-.2-.2-.4-.3-.7-.3h-11c-.3 0-.5.1-.7.3-.2.2-.3.5-.3.7s.1.5.3.7z\"\/><\/svg><\/span><\/span><\/span><\/a><\/span><\/div>\n<nav><ul class='ez-toc-list ez-toc-list-level-1 eztoc-toggle-hide-by-default' ><li class='ez-toc-page-1 ez-toc-heading-level-2'><a class=\"ez-toc-link ez-toc-heading-1\" href=\"https:\/\/moverdb.com\/sv\/freight-forwarder\/freight-forwarding-uk\/hounslow-freight-forwarder\/#Globe_Air_Cargo\" >Globe Air Cargo<\/a><\/li><li class='ez-toc-page-1 ez-toc-heading-level-2'><a class=\"ez-toc-link ez-toc-heading-2\" href=\"https:\/\/moverdb.com\/sv\/freight-forwarder\/freight-forwarding-uk\/hounslow-freight-forwarder\/#Expressway_Handling_Ltd\" >Expressway Handling Ltd<\/a><\/li><li class='ez-toc-page-1 ez-toc-heading-level-2'><a class=\"ez-toc-link ez-toc-heading-3\" href=\"https:\/\/moverdb.com\/sv\/freight-forwarder\/freight-forwarding-uk\/hounslow-freight-forwarder\/#Freight-link_Heathrow_Ltd\" >Fraktl\u00e4nk Heathrow Ltd<\/a><\/li><li class='ez-toc-page-1 ez-toc-heading-level-2'><a class=\"ez-toc-link ez-toc-heading-4\" href=\"https:\/\/moverdb.com\/sv\/freight-forwarder\/freight-forwarding-uk\/hounslow-freight-forwarder\/#Air_Marine_Ltd\" >Air Marine Ltd<\/a><\/li><li class='ez-toc-page-1 ez-toc-heading-level-2'><a class=\"ez-toc-link ez-toc-heading-5\" href=\"https:\/\/moverdb.com\/sv\/freight-forwarder\/freight-forwarding-uk\/hounslow-freight-forwarder\/#American_Airlines_Cargo\" >American Airlines Frakt<\/a><\/li><li class='ez-toc-page-1 ez-toc-heading-level-2'><a class=\"ez-toc-link ez-toc-heading-6\" href=\"https:\/\/moverdb.com\/sv\/freight-forwarder\/freight-forwarding-uk\/hounslow-freight-forwarder\/#Airport_Perishable_Handling_Ltd\" >Airport Perishable Handling Ltd<\/a><\/li><li class='ez-toc-page-1 ez-toc-heading-level-2'><a class=\"ez-toc-link ez-toc-heading-7\" href=\"https:\/\/moverdb.com\/sv\/freight-forwarder\/freight-forwarding-uk\/hounslow-freight-forwarder\/#E_S_F_Freight_Ltd\" >E S F Frakt Ltd<\/a><\/li><li class='ez-toc-page-1 ez-toc-heading-level-2'><a class=\"ez-toc-link ez-toc-heading-8\" href=\"https:\/\/moverdb.com\/sv\/freight-forwarder\/freight-forwarding-uk\/hounslow-freight-forwarder\/#Rohlig_UK_Ltd\" >Rohlig UK Ltd<\/a><\/li><li class='ez-toc-page-1 ez-toc-heading-level-2'><a class=\"ez-toc-link ez-toc-heading-9\" href=\"https:\/\/moverdb.com\/sv\/freight-forwarder\/freight-forwarding-uk\/hounslow-freight-forwarder\/#Apxcel_Freight_Services_Ltd\" >Apxcel Freight Services Ltd<\/a><\/li><li class='ez-toc-page-1 ez-toc-heading-level-2'><a class=\"ez-toc-link ez-toc-heading-10\" href=\"https:\/\/moverdb.com\/sv\/freight-forwarder\/freight-forwarding-uk\/hounslow-freight-forwarder\/#Morrison_Express_Corporation_UK_Ltd\" >Morrison Express Corporation UK Ltd<\/a><\/li><li class='ez-toc-page-1 ez-toc-heading-level-2'><a class=\"ez-toc-link ez-toc-heading-11\" href=\"https:\/\/moverdb.com\/sv\/freight-forwarder\/freight-forwarding-uk\/hounslow-freight-forwarder\/#Yamato_Transport_Europe_B_V\" >Yamato Transport Europe B V<\/a><\/li><li class='ez-toc-page-1 ez-toc-heading-level-2'><a class=\"ez-toc-link ez-toc-heading-12\" href=\"https:\/\/moverdb.com\/sv\/freight-forwarder\/freight-forwarding-uk\/hounslow-freight-forwarder\/#ASM_Freight_Services_UK_Customs_Clearance_Agent\" >ASM Freight Services UK Tullklareringsombud<\/a><\/li><li class='ez-toc-page-1 ez-toc-heading-level-2'><a class=\"ez-toc-link ez-toc-heading-13\" href=\"https:\/\/moverdb.com\/sv\/freight-forwarder\/freight-forwarding-uk\/hounslow-freight-forwarder\/#GR_FREIGHT_SERVICES_UK_CUSTOM_CLEARANCE_AGENT\" >GR FREIGHT SERVICES BRITTISK TULLKLARERARE<\/a><\/li><li class='ez-toc-page-1 ez-toc-heading-level-2'><a class=\"ez-toc-link ez-toc-heading-14\" href=\"https:\/\/moverdb.com\/sv\/freight-forwarder\/freight-forwarding-uk\/hounslow-freight-forwarder\/#Ligentia\" >Ligentia<\/a><\/li><li class='ez-toc-page-1 ez-toc-heading-level-2'><a class=\"ez-toc-link ez-toc-heading-15\" href=\"https:\/\/moverdb.com\/sv\/freight-forwarder\/freight-forwarding-uk\/hounslow-freight-forwarder\/#Global_Freight_Systems\" >Globala fraktsystem<\/a><\/li><li class='ez-toc-page-1 ez-toc-heading-level-2'><a class=\"ez-toc-link ez-toc-heading-16\" href=\"https:\/\/moverdb.com\/sv\/freight-forwarder\/freight-forwarding-uk\/hounslow-freight-forwarder\/#How_we_picked_the_best_Hounslow_Freight_Forwarding_Companies\" >Hur vi valde de b\u00e4sta speditionsf\u00f6retagen i Hounslow<\/a><\/li><\/ul><\/nav><\/div>\n<h2><span class=\"ez-toc-section\" id=\"Globe_Air_Cargo\"><\/span>Globe Air Cargo<span class=\"ez-toc-section-end\"><\/span><\/h2>\n<p><img decoding=\"async\" src=\"https:\/\/moverdb.com\/wp-content\/uploads\/AF1QipNNdu4AMbqsTW2QB8ny0p7xePBSqz2mYQwupFnqw426-h240-k-no.jpg\" alt='Globe Air Cargo' class=\"aligncenter\"><\/p>\n<p><strong>Beskrivning av verksamheten: <\/strong>Inga tillhandah\u00e5llna<\/p>\n<p><strong>Ytterligare tj\u00e4nster:<\/strong><\/p>\n<p>Ingen listad<\/p>\n<p><strong>Adress:<\/strong> 550 Shoreham Rd E, Hounslow TW6 3UA<\/p>\n<p><a href=\"https:\/\/ecsgroup.aero\/\" target=\"_new\" rel=\"noopener\">Globe Air Cargos webbplats<\/a><\/p>\n<p><strong>Granskningsresultat: <\/strong>4<br \/> <strong>Antal recensioner:<\/strong> 4<br \/><a href=\"https:\/\/www.google.co.uk\/maps?cid=18184129094433607559&#038;hl=en&#038;gl=GB\" target=\"_new\" rel=\"noopener\">L\u00e4s recensioner<\/a><\/p>\n<h2><span class=\"ez-toc-section\" id=\"Expressway_Handling_Ltd\"><\/span>Expressway Handling Ltd<span class=\"ez-toc-section-end\"><\/span><\/h2>\n<p><img decoding=\"async\" src=\"https:\/\/moverdb.com\/wp-content\/uploads\/AF1QipPpoxWmh-py9KzNsR0O0sEOLKbBVqW6dQNW82Yqw408-h306-k-no.jpg\" alt=\"Expressway Handling Ltd\" class=\"aligncenter\"><\/p>\n<p><strong>Beskrivning av verksamheten: <\/strong>Expressway Handling \u00e4r ett privat\u00e4gt f\u00f6retag med s\u00e4te p\u00e5 Heathrow Airport.<\/p>\n<p> Vi \u00e4r stolta \u00f6ver v\u00e5r service som vi uppn\u00e5r genom en blandning av st\u00e4ndigt utvecklande I.<\/p>\n<p>T.<\/p>\n<p> system och gamla hederliga kundrelationer.<\/p>\n<p>Fr\u00e5n v\u00e5ra kontor i Heathrow erbjuder vi <a href=\"https:\/\/moverdb.com\/sv\/moving-to-the-uk\/\" data-internallinksmanager029f6b8e52c=\"93\" title=\"Flyttar du till Storbritannien? 2026 Levnadskostnader och flyttningstips\">STORBRITANNIEN<\/a> och European Distribution-tj\u00e4nster samt frakthantering och screening av flygfrakt.<\/p>\n<p>Vi inser att i logistikbranschen \u00e4r tid mycket v\u00e4rdefull f\u00f6r v\u00e5ra kunder, s\u00e5 vi vill erbjuda en \"One Stop Shop\"-strategi.<\/p>\n<p> Oavsett om detta sker genom v\u00e5r m\u00e5ngsidiga fordonsflotta som t\u00e4cker Storbritannien och Europa, eller genom v\u00e5r egen lageranl\u00e4ggning som godk\u00e4nts av Civil Aviation Authority med fullst\u00e4ndig kontroll av flygfrakt p\u00e5 plats.<\/p>\n<p>.<\/p>\n<p>.<\/p>\n<p>.<\/p>\n<p>.<\/p>\n<p>.<\/p>\n<p>.<\/p>\n<p> kan vi hj\u00e4lpa till.<\/p>\n<p><strong>Ytterligare tj\u00e4nster:<\/strong><\/p>\n<p>Leveransf\u00f6retag<\/p>\n<p><strong>Adress:<\/strong> Enhet 5 Central Park Estate, Staines Rd TW4 5DJ<\/p>\n<p><a href=\"http:\/\/expresswayhandling.co.uk\/\" target=\"_new\" rel=\"noopener\">Expressway Handling Ltd webbplats<\/a><\/p>\n<p><strong>Granskningsresultat: <\/strong>4.2<br \/> <strong>Antal recensioner:<\/strong> 14<br \/><a href=\"https:\/\/www.google.co.uk\/maps?cid=14018976019360760688&#038;hl=en&#038;gl=GB\" target=\"_new\" rel=\"noopener\">L\u00e4s recensioner<\/a><\/p>\n<h2><span class=\"ez-toc-section\" id=\"Freight-link_Heathrow_Ltd\"><\/span>Fraktl\u00e4nk Heathrow Ltd<span class=\"ez-toc-section-end\"><\/span><\/h2>\n<p><img decoding=\"async\" src=\"https:\/\/moverdb.com\/wp-content\/uploads\/thumbnailpanoidG5H1AQFtvGKCDGCb9jcOJAcb_clientsearch.gws-prod.gpsw408h240yaw328.jpg\" alt='Fraktl\u00e4nk Heathrow Ltd' class=\"aligncenter\"><\/p>\n<p><strong>Beskrivning av verksamheten: <\/strong>Inga tillhandah\u00e5llna<\/p>\n<p><strong>Ytterligare tj\u00e4nster:<\/strong><\/p>\n<p>Ingen listad<\/p>\n<p><strong>Adress:<\/strong> Upper Level X2, Eastern Perimeter Road, Hounslow TW6 2GE<\/p>\n<p><a href=\"http:\/\/www.freight-linkheathrow.net\/\" target=\"_new\" rel=\"noopener\">Freight-link Heathrow Ltd webbplats<\/a><\/p>\n<p><strong>Granskningsresultat: <\/strong>4<br \/> <strong>Antal recensioner:<\/strong> 4<br \/><a href=\"https:\/\/www.google.co.uk\/maps?cid=11902433720063367172&#038;hl=en&#038;gl=GB\" target=\"_new\" rel=\"noopener\">L\u00e4s recensioner<\/a><\/p>\n<h2><span class=\"ez-toc-section\" id=\"Air_Marine_Ltd\"><\/span>Air Marine Ltd<span class=\"ez-toc-section-end\"><\/span><\/h2>\n<p><img decoding=\"async\" src=\"\" alt=\"Air Marine Ltd\" class=\"aligncenter\"><\/p>\n<p><strong>Beskrivning av verksamheten: <\/strong>Inga tillhandah\u00e5llna<\/p>\n<p><strong>Ytterligare tj\u00e4nster:<\/strong><\/p>\n<p>Ingen listad<\/p>\n<p><strong>Adress:<\/strong> Byggnad\/202 Elgin Cres, Hounslow TW6 2RX<\/p>\n<p><a href=\"http:\/\/www.airmarine.co.uk\/\" target=\"_new\" rel=\"noopener\">Air Marine Ltd webbplats<\/a><\/p>\n<p><strong>Granskningsresultat: <\/strong>4.8<br \/> <strong>Antal recensioner:<\/strong> 5<br \/><a href=\"https:\/\/www.google.co.uk\/maps?cid=10321598327856490311&#038;hl=en&#038;gl=GB\" target=\"_new\" rel=\"noopener\">L\u00e4s recensioner<\/a><\/p>\n<h2><span class=\"ez-toc-section\" id=\"American_Airlines_Cargo\"><\/span>American Airlines Frakt<span class=\"ez-toc-section-end\"><\/span><\/h2>\n<p><img decoding=\"async\" src=\"https:\/\/moverdb.com\/wp-content\/uploads\/AF1QipNVK7JRlQZo6S851rSq1f3zzXlbYKpS0_Aoh44jw408-h272-k-no.jpg\" alt='American Airlines Frakt' class=\"aligncenter\"><\/p>\n<p><strong>Beskrivning av verksamheten: <\/strong>Inga tillhandah\u00e5llna<\/p>\n<p><strong>Ytterligare tj\u00e4nster:<\/strong><\/p>\n<p>Ingen listad<\/p>\n<p><strong>Adress:<\/strong> 552 Shoreham Rd E, Hounslow TW6 3NH<\/p>\n<p><a href=\"https:\/\/www.aacargo.com\/index.html\" target=\"_new\" rel=\"noopener\">American Airlines Cargo webbplats<\/a><\/p>\n<p><strong>Granskningsresultat: <\/strong>4<br \/> <strong>Antal recensioner:<\/strong> 58<br \/><a href=\"https:\/\/www.google.co.uk\/maps?cid=8823833653476083562&#038;hl=en&#038;gl=GB\" target=\"_new\" rel=\"noopener\">L\u00e4s recensioner<\/a><\/p>\n<h2><span class=\"ez-toc-section\" id=\"Airport_Perishable_Handling_Ltd\"><\/span>Airport Perishable Handling Ltd<span class=\"ez-toc-section-end\"><\/span><\/h2>\n<p><img decoding=\"async\" src=\"\" alt=\"Airport Perishable Handling Ltd\" class=\"aligncenter\"><\/p>\n<p><strong>Beskrivning av verksamheten: <\/strong>Inga tillhandah\u00e5llna<\/p>\n<p><strong>Ytterligare tj\u00e4nster:<\/strong><\/p>\n<p>Ingen listad<\/p>\n<p><strong>Adress:<\/strong> 588 Sandringham Rd, Hounslow TW6 3SF<\/p>\n<p><a href=\"https:\/\/www.airportperishablehandling.com\/pages\/contact-us\" target=\"_new\" rel=\"noopener\">Airport Perishable Handling Ltd webbplats<\/a><\/p>\n<p><strong>Granskningsresultat: <\/strong>5<br \/> <strong>Antal recensioner:<\/strong> 2<br \/><a href=\"https:\/\/www.google.co.uk\/maps?cid=1137786957161513222&#038;hl=en&#038;gl=GB\" target=\"_new\" rel=\"noopener\">L\u00e4s recensioner<\/a><\/p>\n<h2><span class=\"ez-toc-section\" id=\"E_S_F_Freight_Ltd\"><\/span>E S F Frakt Ltd<span class=\"ez-toc-section-end\"><\/span><\/h2>\n<p><img decoding=\"async\" src=\"https:\/\/moverdb.com\/wp-content\/uploads\/thumbnailpanoidBmgANQm8T3qvsz1nPiduMAcb_clientsearch.gws-prod.gpsw408h240yaw266.jpg\" alt='E S F Frakt Ltd' class=\"aligncenter\"><\/p>\n<p><strong>Beskrivning av verksamheten: <\/strong>Inga tillhandah\u00e5llna<\/p>\n<p><strong>Ytterligare tj\u00e4nster:<\/strong><\/p>\n<p>Ingen listad<\/p>\n<p><strong>Adress:<\/strong> 50 Salisbury Rd, Hounslow TW4 6JQ<\/p>\n<p><a href=\"http:\/\/esffreight.co.uk\/\" target=\"_new\" rel=\"noopener\">E S F Freight Ltd webbplats<\/a><\/p>\n<p><strong>Granskningsresultat: <\/strong>5<br \/> <strong>Antal recensioner:<\/strong> 1<br \/><a href=\"https:\/\/www.google.co.uk\/maps?cid=8565816224196322685&#038;hl=en&#038;gl=GB\" target=\"_new\" rel=\"noopener\">L\u00e4s recensioner<\/a><\/p>\n<h2><span class=\"ez-toc-section\" id=\"Rohlig_UK_Ltd\"><\/span>Rohlig UK Ltd<span class=\"ez-toc-section-end\"><\/span><\/h2>\n<p><img decoding=\"async\" src=\"https:\/\/moverdb.com\/wp-content\/uploads\/AF1QipNVvr88LWiuTG2fiHevQnNRtaOAZoNeSFo4yLxYw460-h240-k-no.png\" alt='Rohlig UK Ltd' class=\"aligncenter\"><\/p>\n<p><strong>Beskrivning av verksamheten: <\/strong>Inga tillhandah\u00e5llna<\/p>\n<p><strong>Ytterligare tj\u00e4nster:<\/strong><\/p>\n<p>Ingen listad<\/p>\n<p><strong>Adress:<\/strong> World Business Centre, Newall Rd, Hounslow TW6 2TA<\/p>\n<p><a href=\"http:\/\/www.rohlig.com\/\" target=\"_new\" rel=\"noopener\">Rohlig UK Ltd webbplats<\/a><\/p>\n<p><strong>Granskningsresultat: <\/strong>5<br \/> <strong>Antal recensioner:<\/strong> 1<br \/><a href=\"https:\/\/www.google.co.uk\/maps?cid=4362682240548828503&#038;hl=en&#038;gl=GB\" target=\"_new\" rel=\"noopener\">L\u00e4s recensioner<\/a><\/p>\n<h2><span class=\"ez-toc-section\" id=\"Apxcel_Freight_Services_Ltd\"><\/span>Apxcel Freight Services Ltd<span class=\"ez-toc-section-end\"><\/span><\/h2>\n<p><img decoding=\"async\" src=\"https:\/\/moverdb.com\/wp-content\/uploads\/thumbnailpanoidBmgANQm8T3qvsz1nPiduMAcb_clientsearch.gws-prod.gpsw408h240yaw276.jpg\" alt='Apxcel Freight Services Ltd' class=\"aligncenter\"><\/p>\n<p><strong>Beskrivning av verksamheten: <\/strong>Tullm\u00e4klare, sj\u00f6frakt, flygfrakt, spedition, import- och exportr\u00e5dgivning<\/p>\n<p><strong>Ytterligare tj\u00e4nster:<\/strong><\/p>\n<p>Tullm\u00e4klare<\/p>\n<p>Tullkonsult<\/p>\n<p><strong>Adress:<\/strong> Suite 12a, 3rd Floor, Vista Centre, 50 Salisbury Rd, Hounslow TW4 6JQ<\/p>\n<p><a href=\"http:\/\/www.apxcel.com\/\" target=\"_new\" rel=\"noopener\">Apxcel Freight Services Ltd webbplats<\/a><\/p>\n<p><strong>Granskningsresultat: <\/strong>5<br \/> <strong>Antal recensioner:<\/strong> 3<br \/><a href=\"https:\/\/www.google.co.uk\/maps?cid=5505076040473385360&#038;hl=en&#038;gl=GB\" target=\"_new\" rel=\"noopener\">L\u00e4s recensioner<\/a><\/p>\n<h2><span class=\"ez-toc-section\" id=\"Morrison_Express_Corporation_UK_Ltd\"><\/span>Morrison Express Corporation UK Ltd<span class=\"ez-toc-section-end\"><\/span><\/h2>\n<p><img decoding=\"async\" src=\"https:\/\/moverdb.com\/wp-content\/uploads\/thumbnailpanoidtVxhUDEsv8IcgsjA5horeQcb_clientsearch.gws-prod.gpsw408h240yaw299.jpg\" alt='Morrison Express Corporation UK Ltd' class=\"aligncenter\"><\/p>\n<p><strong>Beskrivning av verksamheten: <\/strong>Morrison Express Corporation \u00f6ppnade sina d\u00f6rrar 1972.<\/p>\n<p> Uppkallad efter det h\u00f6gsta berget i Taiwan, Morrison Peak i Jadebergskedjan.<\/p>\n<p> N\u00e4r vi inledde v\u00e5r verksamhet var v\u00e5r anda stark och v\u00e5rt m\u00e5l h\u00f6gt st\u00e4llt.<\/p>\n<p> Helt enkelt f\u00f6r att leva upp till v\u00e5rt namn.<\/p>\n<p> Att str\u00e4va efter att n\u00e5 den absoluta toppen, den h\u00f6gsta toppen inom global transport och logistik<\/p>\n<p><strong>Ytterligare tj\u00e4nster:<\/strong><\/p>\n<p>Ingen listad<\/p>\n<p><strong>Adress:<\/strong> Enhet 6, X2 Building, Eastern Perimeter Rd, Hatton, Hounslow UB7 0EX<\/p>\n<p><a href=\"http:\/\/www.morrisonexpress.com\/index.php\" target=\"_new\" rel=\"noopener\">Morrison Express Corporation UK Ltd webbplats<\/a><\/p>\n<p><strong>Granskningsresultat: <\/strong>5<br \/> <strong>Antal recensioner:<\/strong> 1<br \/><a href=\"https:\/\/www.google.co.uk\/maps?cid=13042134536585827117&#038;hl=en&#038;gl=GB\" target=\"_new\" rel=\"noopener\">L\u00e4s recensioner<\/a><\/p>\n<h2><span class=\"ez-toc-section\" id=\"Yamato_Transport_Europe_B_V\"><\/span>Yamato Transport Europe B V<span class=\"ez-toc-section-end\"><\/span><\/h2>\n<p><img decoding=\"async\" src=\"\" alt=\"Yamato Transport Europe B V\" class=\"aligncenter\"><\/p>\n<p><strong>Beskrivning av verksamheten: <\/strong>Inga tillhandah\u00e5llna<\/p>\n<p><strong>Ytterligare tj\u00e4nster:<\/strong><\/p>\n<p>Ingen listad<\/p>\n<p><strong>Adress:<\/strong> Enhet 2, Heathrow International Trading Estate, Green Ln, Hounslow TW4 6HB<\/p>\n<p><a href=\"https:\/\/www.yamatoeurope.com\/\" target=\"_new\" rel=\"noopener\">Yamato Transport Europe B V webbplats<\/a><\/p>\n<p><strong>Granskningsresultat: <\/strong>5<br \/> <strong>Antal recensioner:<\/strong> 5<br \/><a href=\"https:\/\/www.google.co.uk\/maps?cid=13699711474701205415&#038;hl=en&#038;gl=GB\" target=\"_new\" rel=\"noopener\">L\u00e4s recensioner<\/a><\/p>\n<h2><span class=\"ez-toc-section\" id=\"ASM_Freight_Services_UK_Customs_Clearance_Agent\"><\/span>ASM Freight Services UK Tullklareringsombud<span class=\"ez-toc-section-end\"><\/span><\/h2>\n<p><img decoding=\"async\" src=\"https:\/\/moverdb.com\/wp-content\/uploads\/AF1QipMBZnPnADmo57P5gYeXtHl6Xt9qeww3cAmGNgS4w408-h306-k-no.png\" alt='ASM Freight Services UK Tullklareringsombud' class=\"aligncenter\"><\/p>\n<p><strong>Beskrivning av verksamheten: <\/strong>ASM har vuxit till en ledande leverant\u00f6r av globala supply chain- och logistikl\u00f6sningar med hj\u00e4lp av flyg, sj\u00f6fart, lagerh\u00e5llning och tillh\u00f6rande branschpraxis och l\u00f6sningar.<\/p>\n<p> Vi erbjuder tullklarering Heathrow, import Heathrow, sj\u00f6frakt Heathrow, flygfrakt Heathrow, containerklarering Heathrow och logistikl\u00f6sningar.<\/p>\n<p> V\u00e5r fortsatta tillv\u00e4xt i denna snabba milj\u00f6 \u00e4r ett bevis p\u00e5 v\u00e5rt engagemang fr\u00e5n dag ett att tillhandah\u00e5lla en unik, h\u00f6gkvalitativ, boutique-liknande serviceniv\u00e5 samtidigt som vi alltid forts\u00e4tter att utmana normerna f\u00f6r konventionella logistikleverant\u00f6rer.<\/p>\n<p><strong>Ytterligare tj\u00e4nster:<\/strong><\/p>\n<p>Tullm\u00e4klare<\/p>\n<p>Tullager<\/p>\n<p>Import Export F\u00f6retag<\/p>\n<p>Logistiktj\u00e4nster<\/p>\n<p>Leveransf\u00f6retag<\/p>\n<p><strong>Adress:<\/strong> Heathrow Airport, Jolyon House, Amberley Way, Hounslow TW4 6BH<\/p>\n<p><a href=\"https:\/\/asmfreight.co.uk\/\" target=\"_new\" rel=\"noopener\">ASM Freight Services webbplats f\u00f6r tullklarering i Storbritannien<\/a><\/p>\n<p><strong>Granskningsresultat: <\/strong>5<br \/> <strong>Antal recensioner:<\/strong> 67<br \/><a href=\"https:\/\/www.google.co.uk\/maps?cid=10709402844354100596&#038;hl=en&#038;gl=GB\" target=\"_new\" rel=\"noopener\">L\u00e4s recensioner<\/a><\/p>\n<h2><span class=\"ez-toc-section\" id=\"GR_FREIGHT_SERVICES_UK_CUSTOM_CLEARANCE_AGENT\"><\/span>GR FREIGHT SERVICES BRITTISK TULLKLARERARE<span class=\"ez-toc-section-end\"><\/span><\/h2>\n<p><img decoding=\"async\" src=\"https:\/\/moverdb.com\/wp-content\/uploads\/AF1QipO359fre5KsBdit3U_HXEbB4w7zihF8p6CDOFTBw408-h289-k-no.jpg\" alt='GR FREIGHT SERVICES BRITTISK TULLKLARERARE' class=\"aligncenter\"><\/p>\n<p><strong>Beskrivning av verksamheten: <\/strong>GR Freight Services erbjuder dig de b\u00e4sta tj\u00e4nsterna till mycket rimliga priser.<\/p>\n<p> Vi \u00e4r ett oberoende UK-baserat frakt- och tullklareringsf\u00f6retag f\u00f6r export\/import<\/p>\n<p><strong>Ytterligare tj\u00e4nster:<\/strong><\/p>\n<p>Ingen listad<\/p>\n<p><strong>Adress:<\/strong> VISTA CENTRE, 50 Salisbury Rd, Hounslow TW4 6JQ<\/p>\n<p><a href=\"https:\/\/grfreightservices.com\/\" target=\"_new\" rel=\"noopener\">GR FREIGHT SERVICES UK CUSTOM CLEARANCE AGENT webbplats<\/a><\/p>\n<p><strong>Granskningsresultat: <\/strong>4.9<br \/> <strong>Antal recensioner:<\/strong> 103<br \/><a href=\"https:\/\/www.google.co.uk\/maps?cid=4914496501845168104&#038;hl=en&#038;gl=GB\" target=\"_new\" rel=\"noopener\">L\u00e4s recensioner<\/a><\/p>\n<h2><span class=\"ez-toc-section\" id=\"Ligentia\"><\/span>Ligentia<span class=\"ez-toc-section-end\"><\/span><\/h2>\n<p><img decoding=\"async\" src=\"https:\/\/moverdb.com\/wp-content\/uploads\/AF1QipMp-rdB8OLG27ZYzeaSre2H-uCmWQ9hC38qc5L2w408-h725-k-no.jpg\" alt='Ligentia' class=\"aligncenter\"><\/p>\n<p><strong>Beskrivning av verksamheten: <\/strong>Inga tillhandah\u00e5llna<\/p>\n<p><strong>Ytterligare tj\u00e4nster:<\/strong><\/p>\n<p>Logistik<\/p>\n<p><strong>Adress:<\/strong> Enhet C Parkway West, Cranford Ln, Heston TW5 9QA<\/p>\n<p><a href=\"http:\/\/www.ligentia.com\/\" target=\"_new\" rel=\"noopener\">Ligentias webbplats<\/a><\/p>\n<p><strong>Granskningsresultat: <\/strong>4.8<br \/> <strong>Antal recensioner:<\/strong> 9<br \/><a href=\"https:\/\/www.google.co.uk\/maps?cid=8622497080151257850&#038;hl=en&#038;gl=GB\" target=\"_new\" rel=\"noopener\">L\u00e4s recensioner<\/a><\/p>\n<h2><span class=\"ez-toc-section\" id=\"Global_Freight_Systems\"><\/span>Globala fraktsystem<span class=\"ez-toc-section-end\"><\/span><\/h2>\n<p><img decoding=\"async\" src=\"\" alt=\"Globala fraktsystem\" class=\"aligncenter\"><\/p>\n<p><strong>Beskrivning av verksamheten: <\/strong>Inga tillhandah\u00e5llna<\/p>\n<p><strong>Ytterligare tj\u00e4nster:<\/strong><\/p>\n<p>Ingen listad<\/p>\n<p><strong>Adress:<\/strong> Heathrow Airport, Enhet 5, X2 Building, Eastern Perimeter Rd, Hatton TW6 2GE<\/p>\n<p><a href=\"http:\/\/globalfreightsystems.co.uk\/\" target=\"_new\" rel=\"noopener\">Global Freight Systems webbplats<\/a><\/p>\n<p><strong>Granskningsresultat: <\/strong>5<br \/> <strong>Antal recensioner:<\/strong> 1<br \/><a href=\"https:\/\/www.google.co.uk\/maps?cid=14963894912548206567&#038;hl=en&#038;gl=GB\" target=\"_new\" rel=\"noopener\">L\u00e4s recensioner<\/a><\/p>\n<h2><span class=\"ez-toc-section\" id=\"How_we_picked_the_best_Hounslow_Freight_Forwarding_Companies\"><\/span>Hur vi valde de b\u00e4sta speditionsf\u00f6retagen i Hounslow<span class=\"ez-toc-section-end\"><\/span><\/h2>\n<p>Vi b\u00f6rjade med ett dataset med 51 Hounslow speditionsf\u00f6retag som vi kunde hitta via Google Maps och begr\u00e4nsade det till de 15 b\u00e4sta.<\/p>\n<p>F\u00f6r att g\u00f6ra detta tog vi bort alla f\u00f6retag som:<\/p>\n<ul>\n<li> Hade ingen webbplats<\/li>\n<li> Hade inga recensioner<\/li>\n<li> Hade ett genomsnittligt omd\u00f6me under 2,0<\/li>\n<\/ul>\n<p>Om vi vid denna tidpunkt hade 17 eller f\u00e4rre skotare listade vi dem alla.<\/p>\n<p>F\u00f6r st\u00e4der d\u00e4r vi hade kvar fler \u00e4n 17 spedit\u00f6rer gjorde vi ytterligare revideringar genom att antingen h\u00f6ja det erforderliga omd\u00f6met (t.ex. fr\u00e5n minst 2,0 till 4,0) och\/eller \u00f6ka det minsta antalet erforderliga omd\u00f6men (t.ex. fr\u00e5n minst 1 omd\u00f6me till minst 10).<\/p>\n<p>Observera att vi endast anv\u00e4nde granskningsdata fr\u00e5n Google Maps och inga andra webbplatser fr\u00e5n tredje part.<\/p>\n<p>Fler st\u00e4der:<\/p>\n<p><a href=\"https:\/\/moverdb.com\/sv\/speditor\/freight-forwarding-uk\/bristol-freight-forwarder\/\">Bristol Spedit\u00f6r<\/a><br \/><a href=\"https:\/\/moverdb.com\/sv\/speditor\/freight-forwarding-uk\/sheffield-freight-forwarder\/\">Sheffield spedit\u00f6r<\/a><br \/><a href=\"https:\/\/moverdb.com\/sv\/speditor\/freight-forwarding-uk\/dover-freight-forwarder\/\">Dover spedit\u00f6r<\/a><br \/><a href=\"https:\/\/moverdb.com\/sv\/speditor\/freight-forwarding-uk\/ashford-freight-forwarder\/\">Ashford spedit\u00f6r<\/a><br \/><a href=\"https:\/\/moverdb.com\/sv\/speditor\/freight-forwarding-uk\/egham-freight-forwarder\/\">Egham Spedit\u00f6r<\/a><\/p>","protected":false},"excerpt":{"rendered":"<p>Below we look at the 15 &#8220;best&#8221; Freight Forwarding companies in Hounslow out of 51. To learn more about how we chose the best please consult our FAQ section at the end. Please not the following listings are in no particular order and we are not making any recommendations for any particular company. Globe Air [&hellip;]<\/p>\n","protected":false},"author":1,"featured_media":0,"parent":13427,"menu_order":0,"comment_status":"open","ping_status":"open","template":"","meta":{"_genesis_hide_title":false,"_genesis_hide_breadcrumbs":false,"_genesis_hide_singular_image":false,"_genesis_hide_footer_widgets":false,"_genesis_custom_body_class":"","_genesis_custom_post_class":"","_genesis_layout":"","footnotes":""},"class_list":{"0":"post-13614","1":"page","2":"type-page","3":"status-publish","5":"entry","6":"has-post-thumbnail"},"_links":{"self":[{"href":"https:\/\/moverdb.com\/sv\/wp-json\/wp\/v2\/pages\/13614","targetHints":{"allow":["GET"]}}],"collection":[{"href":"https:\/\/moverdb.com\/sv\/wp-json\/wp\/v2\/pages"}],"about":[{"href":"https:\/\/moverdb.com\/sv\/wp-json\/wp\/v2\/types\/page"}],"author":[{"embeddable":true,"href":"https:\/\/moverdb.com\/sv\/wp-json\/wp\/v2\/users\/1"}],"replies":[{"embeddable":true,"href":"https:\/\/moverdb.com\/sv\/wp-json\/wp\/v2\/comments?post=13614"}],"version-history":[{"count":1,"href":"https:\/\/moverdb.com\/sv\/wp-json\/wp\/v2\/pages\/13614\/revisions"}],"predecessor-version":[{"id":15690,"href":"https:\/\/moverdb.com\/sv\/wp-json\/wp\/v2\/pages\/13614\/revisions\/15690"}],"up":[{"embeddable":true,"href":"https:\/\/moverdb.com\/sv\/wp-json\/wp\/v2\/pages\/13427"}],"wp:attachment":[{"href":"https:\/\/moverdb.com\/sv\/wp-json\/wp\/v2\/media?parent=13614"}],"curies":[{"name":"wp","href":"https:\/\/api.w.org\/{rel}","templated":true}]}}