{"id":11671,"date":"2023-11-29T10:19:29","date_gmt":"2023-11-29T10:19:29","guid":{"rendered":"https:\/\/moverdb.com\/?page_id=11671"},"modified":"2026-01-08T15:23:52","modified_gmt":"2026-01-08T15:23:52","slug":"moving-companies-us-utah","status":"publish","type":"page","link":"https:\/\/moverdb.com\/sv\/moving-companies\/moving-companies-us-utah\/","title":{"rendered":"2 b\u00e4sta internationella flyttfirmor i Utah"},"content":{"rendered":"<p>Att flytta kan vara en av de mest stressiga perioderna i livet, s\u00e5 varf\u00f6r inte ta hj\u00e4lp av en <a href=\"https:\/\/moverdb.com\/sv\/moving-companies\/\" data-internallinksmanager029f6b8e52c=\"79\" title=\"Topp 25 internationella flyttfirmor p\u00e5 n\u00e4tet\">flyttfirma<\/a> f\u00f6r att minska trycket? En flyttfirma kan planera din flytt, ordna transport och packa dina tillh\u00f6righeter samt hantera tullen om du flyttar till ett annat land. Nedan har vi sammanst\u00e4llt en lista \u00f6ver <a href=\"https:\/\/moverdb.com\/sv\/moving-to-the-united-states\/moving-to-utah\/\" data-internallinksmanager029f6b8e52c=\"439\" title=\"Flyttar du till Utah? 2026 Levnadskostnader och tips om flyttning\">Utah<\/a> . <a href=\"https:\/\/moverdb.com\/sv\/international-removals\/\" data-internallinksmanager029f6b8e52c=\"27\" title=\"36 b\u00e4sta internationella flyttfirmor i Storbritannien\">flyttfirmor<\/a> som \u00e4r medlemmar i <a href=\"https:\/\/moverdb.com\/sv\/iam\/\" data-internallinksmanager029f6b8e52c=\"23\" title=\"International Association of Movers (IAM) f\u00f6rklaras\">Internationella sammanslutningen av flyttfirmor<\/a> (IAM) och\/eller <a href=\"https:\/\/moverdb.com\/sv\/fidi-faim\/\" data-internallinksmanager029f6b8e52c=\"16\" title=\"FIDI &amp; FAIM (FIDI Accredited International Mover) f\u00f6rklaras\">FIDI<\/a> Accredited International Mover (FAIM) som kan hj\u00e4lpa dig med din flytt.<\/p>\n<h2><strong>1. Legacy Moving<\/strong><\/h2>\n<p><img loading=\"lazy\" decoding=\"async\" class=\"alignnone size-full wp-image-11363\" src=\"https:\/\/moverdb.com\/wp-content\/uploads\/Legacy-Moving-international-moving-company.png\" alt=\"Legacy Moving internationell flyttfirma\" width=\"1440\" height=\"675\" data-wp-pid=\"11363\" srcset=\"https:\/\/moverdb.com\/wp-content\/uploads\/Legacy-Moving-international-moving-company.png 1440w, https:\/\/moverdb.com\/wp-content\/uploads\/Legacy-Moving-international-moving-company-300x141.png 300w, https:\/\/moverdb.com\/wp-content\/uploads\/Legacy-Moving-international-moving-company-1024x480.png 1024w, https:\/\/moverdb.com\/wp-content\/uploads\/Legacy-Moving-international-moving-company-18x8.png 18w, https:\/\/moverdb.com\/wp-content\/uploads\/Legacy-Moving-international-moving-company-600x281.png 600w\" sizes=\"auto, (max-width: 1440px) 100vw, 1440px\" \/><\/p>\n<ul>\n<li>Nationella flyttningar<\/li>\n<li>Internationella flyttar<\/li>\n<li>Flyttning av bost\u00e4der<\/li>\n<li>Kommersiella flyttar och kontorsflyttar<\/li>\n<li>Flyttj\u00e4nster med full service<\/li>\n<li>F\u00f6rpackningstj\u00e4nst<\/li>\n<li>Arrangemang av transporter<\/li>\n<li>Erfarna konsulter<\/li>\n<li>F\u00f6rs\u00e4krad<\/li>\n<li>S\u00e4ker lagring<\/li>\n<\/ul>\n<p>Legacy Moving \u00e4r en flytt- och lagerfirma baserad i St George. De \u00e4r medlemmar i IAM och har sex \u00e5rs erfarenhet, vilket ger dem ett nationellt och internationellt n\u00e4tverk av flyttfirmor att arbeta med.<\/p>\n<p>Legacy Moving erbjuder bostads-, aff\u00e4rs- och kontorsflyttar \u00f6ver l\u00e5nga avst\u00e5nd och internationellt. De erbjuder en packningstj\u00e4nst som anv\u00e4nder professionella packningsmaterial och utbildad personal f\u00f6r att s\u00e4kerst\u00e4lla att dina tillh\u00f6righeter packas s\u00e4kert. De tillhandah\u00e5ller erfarna konsulter som hj\u00e4lper dig genom din flytt och deras tj\u00e4nster \u00e4r licensierade och f\u00f6rs\u00e4krade. De erbjuder ocks\u00e5 s\u00e4kra f\u00f6rvaringsutrymmen om du beh\u00f6ver dem n\u00e4r du flyttar ut eller innan du flyttar in.<\/p>\n<p>Webbplats: <a href=\"https:\/\/legacymovingstgeorge.com\/\" target=\"_blank\" rel=\"noopener\">https:\/\/legacymovingstgeorge.com\/<\/a><\/p>\n<h2><strong>2. Mesa Flyttning &amp; Lagring<\/strong><\/h2>\n<p><img loading=\"lazy\" decoding=\"async\" class=\"alignnone size-full wp-image-11375\" src=\"https:\/\/moverdb.com\/wp-content\/uploads\/Mesa-Moving-Storage-international-moving-company.png\" alt=\"Mesa Moving &amp; Storage internationell flyttfirma\" width=\"1440\" height=\"678\" data-wp-pid=\"11375\" srcset=\"https:\/\/moverdb.com\/wp-content\/uploads\/Mesa-Moving-Storage-international-moving-company.png 1440w, https:\/\/moverdb.com\/wp-content\/uploads\/Mesa-Moving-Storage-international-moving-company-300x141.png 300w, https:\/\/moverdb.com\/wp-content\/uploads\/Mesa-Moving-Storage-international-moving-company-1024x482.png 1024w, https:\/\/moverdb.com\/wp-content\/uploads\/Mesa-Moving-Storage-international-moving-company-18x8.png 18w, https:\/\/moverdb.com\/wp-content\/uploads\/Mesa-Moving-Storage-international-moving-company-600x283.png 600w\" sizes=\"auto, (max-width: 1440px) 100vw, 1440px\" \/><\/p>\n<ul>\n<li>Lokala flyttningar<\/li>\n<li>Flyttar p\u00e5 l\u00e5nga avst\u00e5nd<\/li>\n<li>Hush\u00e5llsflyttar<\/li>\n<li>Kontors- och f\u00f6retagsflyttar<\/li>\n<li>F\u00f6rpackningstj\u00e4nst<\/li>\n<li>Transportarrangemang<\/li>\n<li>Hantering av konst och antikviteter<\/li>\n<li><a href=\"https:\/\/moverdb.com\/sv\/car-transport-shipping\/\" data-internallinksmanager029f6b8e52c=\"2\" title=\"2026 Internationella offerter f\u00f6r biltransport och fordonsfrakt\">Transport av fordon<\/a><\/li>\n<li>F\u00f6rvaringsutrymmen<\/li>\n<\/ul>\n<p>Mesa Moving &amp; Storage \u00e4r en flyttfirma som grundades 1981 med kontor i Salt Lake City, <a href=\"https:\/\/moverdb.com\/sv\/moving-to-the-united-states\/moving-to-colorado\/\" data-internallinksmanager029f6b8e52c=\"399\" title=\"Flyttar du till Colorado? 2026 Levnadskostnader och tips om flytt\">Colorado<\/a> <a href=\"https:\/\/moverdb.com\/sv\/moving-to-the-united-states\/moving-to-idaho\/\" data-internallinksmanager029f6b8e52c=\"405\" title=\"Flyttar du till Idaho? 2026 Levnadskostnader &amp; Tips f\u00f6r flytt\">Idaho<\/a> och <a href=\"https:\/\/moverdb.com\/sv\/moving-to-the-united-states\/moving-to-montana\/\" data-internallinksmanager029f6b8e52c=\"461\" title=\"Flyttar du till Montana? 2024 Levnadskostnader &amp; tips f\u00f6r flytt\">Montana<\/a>. De \u00e4r agent f\u00f6r United Van Lines vilket ger dem ett n\u00e4tverk av nationella flyttfirmor att arbeta med. De \u00e4r medlemmar i IAM med 12 \u00e5rs erfarenhet och \u00e4r ackrediterade av FIDI.<\/p>\n<p>Mesa Moving &amp; Storage erbjuder flyttj\u00e4nster f\u00f6r hem och kontor lokalt och nationellt. De tillhandah\u00e5ller en professionell packningstj\u00e4nst med skickliga och utbildade flyttare som ser till att dina f\u00f6rem\u00e5l packas p\u00e5 l\u00e4mpligt och s\u00e4kert s\u00e4tt f\u00f6r transport oavsett form och storlek.<\/p>\n<p>Webbplats: <a href=\"https:\/\/mesamoving.com\/\" target=\"_blank\" rel=\"noopener\">https:\/\/mesamoving.com\/<\/a><\/p>","protected":false},"excerpt":{"rendered":"<p>Moving can be one of the most stressful times in your life, so why not enlist the support of a moving company to reduce the pressure? A moving company can plan your move, arrange transportation and pack your belongings as well as handle customs if moving countries. Below we have compiled a list of Utah [&hellip;]<\/p>\n","protected":false},"author":4,"featured_media":11363,"parent":190,"menu_order":0,"comment_status":"closed","ping_status":"closed","template":"","meta":{"_genesis_hide_title":false,"_genesis_hide_breadcrumbs":false,"_genesis_hide_singular_image":false,"_genesis_hide_footer_widgets":false,"_genesis_custom_body_class":"","_genesis_custom_post_class":"","_genesis_layout":"","footnotes":""},"class_list":{"0":"post-11671","1":"page","2":"type-page","3":"status-publish","4":"has-post-thumbnail","6":"entry"},"_links":{"self":[{"href":"https:\/\/moverdb.com\/sv\/wp-json\/wp\/v2\/pages\/11671","targetHints":{"allow":["GET"]}}],"collection":[{"href":"https:\/\/moverdb.com\/sv\/wp-json\/wp\/v2\/pages"}],"about":[{"href":"https:\/\/moverdb.com\/sv\/wp-json\/wp\/v2\/types\/page"}],"author":[{"embeddable":true,"href":"https:\/\/moverdb.com\/sv\/wp-json\/wp\/v2\/users\/4"}],"replies":[{"embeddable":true,"href":"https:\/\/moverdb.com\/sv\/wp-json\/wp\/v2\/comments?post=11671"}],"version-history":[{"count":1,"href":"https:\/\/moverdb.com\/sv\/wp-json\/wp\/v2\/pages\/11671\/revisions"}],"predecessor-version":[{"id":11672,"href":"https:\/\/moverdb.com\/sv\/wp-json\/wp\/v2\/pages\/11671\/revisions\/11672"}],"up":[{"embeddable":true,"href":"https:\/\/moverdb.com\/sv\/wp-json\/wp\/v2\/pages\/190"}],"wp:featuredmedia":[{"embeddable":true,"href":"https:\/\/moverdb.com\/sv\/wp-json\/wp\/v2\/media\/11363"}],"wp:attachment":[{"href":"https:\/\/moverdb.com\/sv\/wp-json\/wp\/v2\/media?parent=11671"}],"curies":[{"name":"wp","href":"https:\/\/api.w.org\/{rel}","templated":true}]}}