{"id":11661,"date":"2023-11-29T10:50:19","date_gmt":"2023-11-29T10:50:19","guid":{"rendered":"https:\/\/moverdb.com\/?page_id=11661"},"modified":"2026-01-08T15:29:26","modified_gmt":"2026-01-08T15:29:26","slug":"moving-companies-us-sterling","status":"publish","type":"page","link":"https:\/\/moverdb.com\/sv\/moving-companies\/moving-companies-us-sterling\/","title":{"rendered":"6 b\u00e4sta internationella flyttfirmor i Sterling"},"content":{"rendered":"<p>Att flytta kan vara en hektisk tid, s\u00e5 att f\u00e5 lite hj\u00e4lp kan verkligen l\u00e4tta p\u00e5 b\u00f6rdan. Du kan anlita en <a href=\"https:\/\/moverdb.com\/sv\/moving-companies\/\" data-internallinksmanager029f6b8e52c=\"79\" title=\"Topp 25 internationella flyttfirmor p\u00e5 n\u00e4tet\">flyttfirma<\/a> f\u00f6r att hj\u00e4lpa till med en rad olika flyttuppgifter, inklusive planering av din flytt, packning av dina f\u00f6rem\u00e5l, arrangemang av transport och hantering av eventuell tulldokumentation. Nedan har vi sammanst\u00e4llt en lista \u00f6ver Sterling-baserade <a href=\"https:\/\/moverdb.com\/sv\/international-removals\/\" data-internallinksmanager029f6b8e52c=\"27\" title=\"36 b\u00e4sta internationella flyttfirmor i Storbritannien\">flyttfirmor<\/a> som \u00e4r medlemmar i <a href=\"https:\/\/moverdb.com\/sv\/iam\/\" data-internallinksmanager029f6b8e52c=\"23\" title=\"International Association of Movers (IAM) f\u00f6rklaras\">Internationella sammanslutningen av flyttfirmor<\/a> (IAM) och\/eller <a href=\"https:\/\/moverdb.com\/sv\/fidi-faim\/\" data-internallinksmanager029f6b8e52c=\"16\" title=\"FIDI &amp; FAIM (FIDI Accredited International Mover) f\u00f6rklaras\">FIDI<\/a> Accredited International Mover (FAIM) som kan hj\u00e4lpa dig med din flytt.<\/p>\n<div id=\"ez-toc-container\" class=\"ez-toc-v2_0_82_2 ez-toc-wrap-left counter-hierarchy ez-toc-counter ez-toc-transparent ez-toc-container-direction\">\n<div class=\"ez-toc-title-container\">\n<p class=\"ez-toc-title\" style=\"cursor:inherit\">Avsnitt<\/p>\n<span class=\"ez-toc-title-toggle\"><a href=\"#\" class=\"ez-toc-pull-right ez-toc-btn ez-toc-btn-xs ez-toc-btn-default ez-toc-toggle\" aria-label=\"V\u00e4xla till inneh\u00e5llsf\u00f6rteckning\"><span class=\"ez-toc-js-icon-con\"><span class=\"\"><span class=\"eztoc-hide\" style=\"display:none;\">V\u00e4xel<\/span><span class=\"ez-toc-icon-toggle-span\"><svg style=\"fill: #999;color:#999\" xmlns=\"http:\/\/www.w3.org\/2000\/svg\" class=\"list-377408\" width=\"20px\" height=\"20px\" viewbox=\"0 0 24 24\" fill=\"none\"><path d=\"M6 6H4v2h2V6zm14 0H8v2h12V6zM4 11h2v2H4v-2zm16 0H8v2h12v-2zM4 16h2v2H4v-2zm16 0H8v2h12v-2z\" fill=\"currentColor\"><\/path><\/svg><svg style=\"fill: #999;color:#999\" class=\"arrow-unsorted-368013\" xmlns=\"http:\/\/www.w3.org\/2000\/svg\" width=\"10px\" height=\"10px\" viewbox=\"0 0 24 24\" version=\"1.2\" baseprofile=\"tiny\"><path d=\"M18.2 9.3l-6.2-6.3-6.2 6.3c-.2.2-.3.4-.3.7s.1.5.3.7c.2.2.4.3.7.3h11c.3 0 .5-.1.7-.3.2-.2.3-.5.3-.7s-.1-.5-.3-.7zM5.8 14.7l6.2 6.3 6.2-6.3c.2-.2.3-.5.3-.7s-.1-.5-.3-.7c-.2-.2-.4-.3-.7-.3h-11c-.3 0-.5.1-.7.3-.2.2-.3.5-.3.7s.1.5.3.7z\"\/><\/svg><\/span><\/span><\/span><\/a><\/span><\/div>\n<nav><ul class='ez-toc-list ez-toc-list-level-1 eztoc-toggle-hide-by-default' ><li class='ez-toc-page-1 ez-toc-heading-level-2'><a class=\"ez-toc-link ez-toc-heading-1\" href=\"https:\/\/moverdb.com\/sv\/moving-companies\/moving-companies-us-sterling\/#1_Brauns_International\" >1. Brauns International<\/a><\/li><li class='ez-toc-page-1 ez-toc-heading-level-2'><a class=\"ez-toc-link ez-toc-heading-2\" href=\"https:\/\/moverdb.com\/sv\/moving-companies\/moving-companies-us-sterling\/#2_DN_Van_Lines\" >2. DN Van Lines<\/a><\/li><li class='ez-toc-page-1 ez-toc-heading-level-2'><a class=\"ez-toc-link ez-toc-heading-3\" href=\"https:\/\/moverdb.com\/sv\/moving-companies\/moving-companies-us-sterling\/#3_JK_Moving_Services\" >3. JK Flyttj\u00e4nster<\/a><\/li><li class='ez-toc-page-1 ez-toc-heading-level-2'><a class=\"ez-toc-link ez-toc-heading-4\" href=\"https:\/\/moverdb.com\/sv\/moving-companies\/moving-companies-us-sterling\/#4_Laing_International\" >4. Laing International<\/a><\/li><li class='ez-toc-page-1 ez-toc-heading-level-2'><a class=\"ez-toc-link ez-toc-heading-5\" href=\"https:\/\/moverdb.com\/sv\/moving-companies\/moving-companies-us-sterling\/#5_RelogistiX\" >5. RelogistiX<\/a><\/li><li class='ez-toc-page-1 ez-toc-heading-level-2'><a class=\"ez-toc-link ez-toc-heading-6\" href=\"https:\/\/moverdb.com\/sv\/moving-companies\/moving-companies-us-sterling\/#6_Star_Moving_Solutions\" >6. Star Moving Solutions<\/a><\/li><\/ul><\/nav><\/div>\n<h2><span class=\"ez-toc-section\" id=\"1_Brauns_International\"><\/span><strong>1. Brauns International<\/strong><span class=\"ez-toc-section-end\"><\/span><\/h2>\n<p><img loading=\"lazy\" decoding=\"async\" class=\"alignnone size-full wp-image-7421\" src=\"https:\/\/moverdb.com\/wp-content\/uploads\/Brauns-International-moving-company.png\" alt=\"Brauns International flyttfirma\" width=\"1440\" height=\"683\" data-wp-pid=\"7421\" srcset=\"https:\/\/moverdb.com\/wp-content\/uploads\/Brauns-International-moving-company.png 1440w, https:\/\/moverdb.com\/wp-content\/uploads\/Brauns-International-moving-company-300x142.png 300w, https:\/\/moverdb.com\/wp-content\/uploads\/Brauns-International-moving-company-1024x486.png 1024w, https:\/\/moverdb.com\/wp-content\/uploads\/Brauns-International-moving-company-18x9.png 18w, https:\/\/moverdb.com\/wp-content\/uploads\/Brauns-International-moving-company-600x285.png 600w\" sizes=\"auto, (max-width: 1440px) 100vw, 1440px\" \/><\/p>\n<ul>\n<li>Lokala och nationella flyttningar<\/li>\n<li>Internationella flyttar<\/li>\n<li>Hush\u00e5llsflyttar<\/li>\n<li>F\u00f6retagsflyttar<\/li>\n<li>Personlig flyttr\u00e5dgivare<\/li>\n<li>F\u00f6rpackningstj\u00e4nst<\/li>\n<li>Lastbils-, flyg- och sj\u00f6transporter<\/li>\n<li>F\u00f6rberedelse av dokument<\/li>\n<li>F\u00f6rs\u00e4kring<\/li>\n<li>Lagringstj\u00e4nster<\/li>\n<\/ul>\n<p>Brauns International \u00e4r ett internationellt flytt- och magasineringsf\u00f6retag som grundades 1992 i <a href=\"https:\/\/moverdb.com\/sv\/moving-to-the-united-states\/moving-to-virginia\/\" data-internallinksmanager029f6b8e52c=\"442\" title=\"Flytta till Virginia? 2026 Levnadskostnader &amp; tips om flytt\">Virginia<\/a>och \u00e4r verksamt i Sterling. De har ett n\u00e4tverk av globala partneragenter som de arbetar med f\u00f6r att leverera flyttj\u00e4nster internationellt. De \u00e4r medlemmar i IAM med 31 \u00e5rs erfarenhet.<\/p>\n<p>Brauns International erbjuder en skr\u00e4ddarsydd flyttj\u00e4nst med en personlig flyttkonsult som samordnar alla aspekter av din flytt. De erbjuder en packningstj\u00e4nst med packning och inslagning av h\u00f6gsta kvalitet f\u00f6r att skydda dina tillh\u00f6righeter. De kommer att arrangera och sp\u00e5ra transporten av dina tillh\u00f6righeter och slutf\u00f6ra och sammanst\u00e4lla allt pappersarbete och dokumentation f\u00f6r tullklarering.<\/p>\n<p>Webbplats: <a href=\"https:\/\/www.braunsusa.com\/\" target=\"_blank\" rel=\"noopener\">https:\/\/www.braunsusa.com\/<\/a><\/p>\n<h2><span class=\"ez-toc-section\" id=\"2_DN_Van_Lines\"><\/span><strong>2. DN Van Lines<\/strong><span class=\"ez-toc-section-end\"><\/span><\/h2>\n<p><img loading=\"lazy\" decoding=\"async\" class=\"alignnone size-full wp-image-11307\" src=\"https:\/\/moverdb.com\/wp-content\/uploads\/DN-Van-Lines-international-moving-company.png\" alt=\"DN Van Lines internationell flyttfirma\" width=\"1440\" height=\"670\" data-wp-pid=\"11307\" srcset=\"https:\/\/moverdb.com\/wp-content\/uploads\/DN-Van-Lines-international-moving-company.png 1440w, https:\/\/moverdb.com\/wp-content\/uploads\/DN-Van-Lines-international-moving-company-300x140.png 300w, https:\/\/moverdb.com\/wp-content\/uploads\/DN-Van-Lines-international-moving-company-1024x476.png 1024w, https:\/\/moverdb.com\/wp-content\/uploads\/DN-Van-Lines-international-moving-company-18x8.png 18w, https:\/\/moverdb.com\/wp-content\/uploads\/DN-Van-Lines-international-moving-company-600x279.png 600w\" sizes=\"auto, (max-width: 1440px) 100vw, 1440px\" \/><\/p>\n<ul>\n<li>Lokala och mellanstatliga flyttar<\/li>\n<li>Flyttar p\u00e5 l\u00e5nga avst\u00e5nd<\/li>\n<li>Flyttning av bost\u00e4der<\/li>\n<li>Kontors- och f\u00f6retagsflyttar<\/li>\n<li>Dedikerad flyttkoordinator<\/li>\n<li>F\u00f6rpackningstj\u00e4nst<\/li>\n<li>Detaljerad lagerhantering<\/li>\n<li>Transportarrangemang<\/li>\n<li>Sp\u00e5rning av f\u00f6rs\u00e4ndelser<\/li>\n<li>S\u00e4ker kort- och l\u00e5ngtidslagring<\/li>\n<\/ul>\n<p>DN Van Lines \u00e4r ett flytt- och magasineringsf\u00f6retag som grundades 2001 med kontor i Sterling, <a href=\"https:\/\/moverdb.com\/sv\/moving-to-the-united-states\/moving-to-florida\/\" data-internallinksmanager029f6b8e52c=\"331\" title=\"Flytta till Florida? 2026 Levnadskostnader &amp; Flytttips\">Florida<\/a> och <a href=\"https:\/\/moverdb.com\/sv\/moving-to-the-united-states\/moving-to-massachusetts\/\" data-internallinksmanager029f6b8e52c=\"412\" title=\"Flyttar du till Massachusetts? 2026 Levnadskostnader &amp; Tips f\u00f6r flytt\">Massachusetts<\/a>. De \u00e4r medlemmar i IAM och har 20 \u00e5rs erfarenhet, vilket ger dem tillg\u00e5ng till ett internationellt n\u00e4tverk av flyttfirmor.<\/p>\n<p>DN Van Lines erbjuder en unders\u00f6kning i hemmet eller virtuellt f\u00f6r att uppskatta volymen p\u00e5 din flytt och de tillhandah\u00e5ller en dedikerad Move Coordinator. De tillhandah\u00e5ller en packningstj\u00e4nst som anv\u00e4nder utbildade bes\u00e4ttningar f\u00f6r att s\u00e4kert packa dina f\u00f6rem\u00e5l och g\u00f6ra en detaljerad inventering som lagras s\u00e4kert i deras system. De ordnar med transport av dina f\u00f6rem\u00e5l till din destination och f\u00f6rs\u00e4ndelserna sp\u00e5ras med GPS.<\/p>\n<p>Webbplats: <a href=\"https:\/\/dnvanlines.com\/\" target=\"_blank\" rel=\"noopener\">https:\/\/dnvanlines.com\/<\/a><\/p>\n<h2><span class=\"ez-toc-section\" id=\"3_JK_Moving_Services\"><\/span><strong>3. JK Flyttj\u00e4nster<\/strong><span class=\"ez-toc-section-end\"><\/span><\/h2>\n<p><img loading=\"lazy\" decoding=\"async\" class=\"alignnone size-full wp-image-11662\" src=\"https:\/\/moverdb.com\/wp-content\/uploads\/JK-Moving-Services-international-moving-company.png\" alt=\"JK Flyttj\u00e4nster internationell flyttfirma\" width=\"1440\" height=\"678\" data-wp-pid=\"11662\" srcset=\"https:\/\/moverdb.com\/wp-content\/uploads\/JK-Moving-Services-international-moving-company.png 1440w, https:\/\/moverdb.com\/wp-content\/uploads\/JK-Moving-Services-international-moving-company-300x141.png 300w, https:\/\/moverdb.com\/wp-content\/uploads\/JK-Moving-Services-international-moving-company-1024x482.png 1024w, https:\/\/moverdb.com\/wp-content\/uploads\/JK-Moving-Services-international-moving-company-18x8.png 18w, https:\/\/moverdb.com\/wp-content\/uploads\/JK-Moving-Services-international-moving-company-600x283.png 600w\" sizes=\"auto, (max-width: 1440px) 100vw, 1440px\" \/><\/p>\n<ul>\n<li>Lokala och l\u00e5ngv\u00e4ga flyttningar<\/li>\n<li>Internationella flyttar<\/li>\n<li>Flyttning av bost\u00e4der<\/li>\n<li>Kommersiella flyttar<\/li>\n<li>D\u00f6rr-till-d\u00f6rr-tj\u00e4nster<\/li>\n<li>En dedikerad flyttledare<\/li>\n<li>F\u00f6rpackningstj\u00e4nst<\/li>\n<li>Lastbils-, j\u00e4rnv\u00e4gs-, sj\u00f6- och flygfrakt<\/li>\n<li>Tullklarering<\/li>\n<li>S\u00e4ker lagring<\/li>\n<\/ul>\n<p>JK Moving Services \u00e4r ett flytt- och logistikf\u00f6retag som har varit verksamt i \u00f6ver 40 \u00e5r och de har anl\u00e4ggningar i Sterling, <a href=\"https:\/\/moverdb.com\/sv\/moving-to-the-united-states\/moving-to-maryland\/\" data-internallinksmanager029f6b8e52c=\"467\" title=\"Flyttar du till Maryland? 2024 Levnadskostnader &amp; tips f\u00f6r flytt\">Maryland<\/a> och Washington. De har ett omfattande globalt flyttn\u00e4tverk som hj\u00e4lper dem att leverera internationella tj\u00e4nster. De \u00e4r medlemmar i IAM med 44 \u00e5rs erfarenhet och \u00e4r ackrediterade av FIDI.<\/p>\n<p>JK Moving Services erbjuder d\u00f6rr-till-d\u00f6rr flyttj\u00e4nster f\u00f6r bost\u00e4der och kommersiella kunder med en dedikerad flyttchef som samordnar all din logistik. De tillhandah\u00e5ller professionella, utbildade flyttgubbar som packar och lastar dina f\u00f6rem\u00e5l p\u00e5 ett s\u00e4kert s\u00e4tt och vid leveransen lossar och packar upp dem.<\/p>\n<p>Webbplats: <a href=\"https:\/\/www.jkmoving.com\/\" target=\"_blank\" rel=\"noopener\">https:\/\/www.jkmoving.com\/<\/a><\/p>\n<h2><span class=\"ez-toc-section\" id=\"4_Laing_International\"><\/span><strong>4. Laing International<\/strong><span class=\"ez-toc-section-end\"><\/span><\/h2>\n<p><img loading=\"lazy\" decoding=\"async\" class=\"alignnone size-full wp-image-11361\" src=\"https:\/\/moverdb.com\/wp-content\/uploads\/Laing-International-moving-company.png\" alt=\"Laing International flyttfirma\" width=\"1440\" height=\"681\" data-wp-pid=\"11361\" srcset=\"https:\/\/moverdb.com\/wp-content\/uploads\/Laing-International-moving-company.png 1440w, https:\/\/moverdb.com\/wp-content\/uploads\/Laing-International-moving-company-300x142.png 300w, https:\/\/moverdb.com\/wp-content\/uploads\/Laing-International-moving-company-1024x484.png 1024w, https:\/\/moverdb.com\/wp-content\/uploads\/Laing-International-moving-company-18x9.png 18w, https:\/\/moverdb.com\/wp-content\/uploads\/Laing-International-moving-company-600x284.png 600w\" sizes=\"auto, (max-width: 1440px) 100vw, 1440px\" \/><\/p>\n<ul>\n<li>Lokala frakttj\u00e4nster<\/li>\n<li>Internationell frakt<\/li>\n<li>Individuella varor<\/li>\n<li>Kommersiella varor<\/li>\n<li>Hantering av s\u00e4ndningar<\/li>\n<li>F\u00f6rpackningstj\u00e4nst<\/li>\n<li>F\u00f6rvaring i kasse<\/li>\n<li>Transportarrangemang<\/li>\n<li>Tullklarering<\/li>\n<li>F\u00f6rs\u00e4kring<\/li>\n<\/ul>\n<p>Laing International \u00e4r en tullklarerare och <a href=\"https:\/\/moverdb.com\/sv\/freight-forwarder\/\" data-internallinksmanager029f6b8e52c=\"17\" title=\"Guide f\u00f6r internationella kostnader och f\u00f6retag f\u00f6r spedit\u00f6rer och NVOCC\">spedit\u00f6r<\/a> baserat i Sterling och Maryland som grundades 1979. De \u00e4r medlemmar i IAM med 44 \u00e5rs erfarenhet, vilket ger dem ett internationellt n\u00e4tverk av f\u00f6retag som hj\u00e4lper dem att leverera sina tj\u00e4nster \u00f6ver hela v\u00e4rlden.<\/p>\n<p>Laing International \u00e4r en specialist p\u00e5 tullklarering och spedition som str\u00e4var efter att minska f\u00f6rseningar och spara pengar n\u00e4r du flyttar dina varor lokalt eller internationellt. De erbjuder lokala transporttj\u00e4nster och speditionstj\u00e4nster f\u00f6r flygfrakt, inklusive s\u00e4ker packning och emballering av dina f\u00f6rem\u00e5l med inkluderad f\u00f6rs\u00e4kring. De hanterar \u00e4ven tullklarering f\u00f6r \u00f6verf\u00f6ring av dina varor mellan l\u00e4nder.<\/p>\n<p>Webbplats: <a href=\"http:\/\/www.lainginternational.com\/\" target=\"_blank\" rel=\"noopener\">http:\/\/www.lainginternational.com\/<\/a><\/p>\n<h2><span class=\"ez-toc-section\" id=\"5_RelogistiX\"><\/span><strong>5. RelogistiX<\/strong><span class=\"ez-toc-section-end\"><\/span><\/h2>\n<p><img loading=\"lazy\" decoding=\"async\" class=\"alignnone size-full wp-image-11663\" src=\"https:\/\/moverdb.com\/wp-content\/uploads\/Relogistix-international-moving-company.png\" alt=\"Relogistix internationell flyttfirma\" width=\"1440\" height=\"680\" data-wp-pid=\"11663\" srcset=\"https:\/\/moverdb.com\/wp-content\/uploads\/Relogistix-international-moving-company.png 1440w, https:\/\/moverdb.com\/wp-content\/uploads\/Relogistix-international-moving-company-300x142.png 300w, https:\/\/moverdb.com\/wp-content\/uploads\/Relogistix-international-moving-company-1024x484.png 1024w, https:\/\/moverdb.com\/wp-content\/uploads\/Relogistix-international-moving-company-18x9.png 18w, https:\/\/moverdb.com\/wp-content\/uploads\/Relogistix-international-moving-company-600x283.png 600w\" sizes=\"auto, (max-width: 1440px) 100vw, 1440px\" \/><\/p>\n<ul>\n<li>Internationella flyttningar<\/li>\n<li>Hush\u00e5llsflyttar<\/li>\n<li>D\u00f6rr-till-d\u00f6rr-tj\u00e4nster<\/li>\n<li>S\u00e4rskild samordnare<\/li>\n<li>Unders\u00f6kning i hemmet<\/li>\n<li>F\u00f6rpackningstj\u00e4nst<\/li>\n<li>F\u00f6rpackningsmaterial av h\u00f6g kvalitet<\/li>\n<li>Land-, luft- och sj\u00f6transporter<\/li>\n<li>Tullklarering<\/li>\n<li>Uppackning och borttagning av skr\u00e4p<\/li>\n<\/ul>\n<p>RelogistiX \u00e4r ett flytt- och logistikf\u00f6retag med kontor i Sterling och Alexandria. De \u00e4r medlemmar i IAM och har 36 \u00e5rs erfarenhet, vilket ger dem tillg\u00e5ng till ett internationellt n\u00e4tverk av flyttfirmor som kan hj\u00e4lpa dem.<\/p>\n<p>RelogistiX erbjuder en kostnadsfri konsultation f\u00f6re flytten f\u00f6r att diskutera dina behov och kommer att genomf\u00f6ra en unders\u00f6kning och offert i hemmet. De kommer att tillhandah\u00e5lla en utsedd samordnare som kommer att vara din prim\u00e4ra kontakt under hela flytten. De anv\u00e4nder de b\u00e4sta f\u00f6rpackningsmaterialen som uppfyller internationella standarder och anpassade l\u00e5dor f\u00f6r att skydda dina f\u00f6rem\u00e5l. Vid ankomsten lastar de av och packar upp dina f\u00f6rem\u00e5l och tar bort allt skr\u00e4p.<\/p>\n<p>Webbplats: <a href=\"https:\/\/www.relogistix.net\/\" target=\"_blank\" rel=\"noopener\">https:\/\/www.relogistix.net\/<\/a><\/p>\n<h2><span class=\"ez-toc-section\" id=\"6_Star_Moving_Solutions\"><\/span><strong>6. Star Moving Solutions<\/strong><span class=\"ez-toc-section-end\"><\/span><\/h2>\n<p><img loading=\"lazy\" decoding=\"async\" class=\"alignnone size-full wp-image-5207\" src=\"https:\/\/moverdb.com\/wp-content\/uploads\/Star-Moving-international-moving-company.png\" alt=\"Star Moving internationell flyttfirma\" width=\"1440\" height=\"683\" data-wp-pid=\"5207\" srcset=\"https:\/\/moverdb.com\/wp-content\/uploads\/Star-Moving-international-moving-company.png 1440w, https:\/\/moverdb.com\/wp-content\/uploads\/Star-Moving-international-moving-company-300x142.png 300w, https:\/\/moverdb.com\/wp-content\/uploads\/Star-Moving-international-moving-company-1024x486.png 1024w, https:\/\/moverdb.com\/wp-content\/uploads\/Star-Moving-international-moving-company-18x9.png 18w, https:\/\/moverdb.com\/wp-content\/uploads\/Star-Moving-international-moving-company-600x285.png 600w\" sizes=\"auto, (max-width: 1440px) 100vw, 1440px\" \/><\/p>\n<ul>\n<li>Nationella flyttningar<\/li>\n<li>Internationella flyttar<\/li>\n<li>Hush\u00e5llsflyttar<\/li>\n<li>Flyttning av f\u00f6retag<\/li>\n<li>D\u00f6rr-till-d\u00f6rr-tj\u00e4nster<\/li>\n<li>F\u00f6rpackningstj\u00e4nster<\/li>\n<li>Transportarrangemang<\/li>\n<li>Tullst\u00f6d<\/li>\n<li>System f\u00f6r sp\u00e5rning<\/li>\n<li>F\u00f6rvaringsl\u00f6sningar<\/li>\n<\/ul>\n<p>Star Moving Solutions \u00e4r en nationell och internationell flyttfirma som grundades 1998. De \u00e4r en Van Line-medlem med ett omfattande v\u00e4rldsomsp\u00e4nnande n\u00e4tverk av flyttfirmor som st\u00f6der dem med internationella tj\u00e4nster i \u00f6ver 160 l\u00e4nder. De \u00e4r medlemmar i IAM med 25 \u00e5rs erfarenhet.<\/p>\n<p>Star Moving Solutions erbjuder en unders\u00f6kning i hemmet f\u00f6r att fastst\u00e4lla dina flyttvolymer och ge en offert. De erbjuder en enda kontaktpunkt som hj\u00e4lper dig under hela din flytt och de har ett sp\u00e5rningssystem f\u00f6r att \u00f6vervaka framstegen. De erbjuder specialiserad packning och inslagning f\u00f6r utlandsflyttar och hj\u00e4lper till med tullklarering.<\/p>\n<p>Webbplats: <a href=\"https:\/\/starint.com\/\" target=\"_blank\" rel=\"noopener\">https:\/\/starint.com\/<\/a><\/p>","protected":false},"excerpt":{"rendered":"<p>Moving can be a busy time so getting some help can really lighten the load. You can engage a moving company to help with a range of moving tasks including planning your move, packing your items, arranging transport and handling any customs documentation. Below we have compiled a list of Sterling based removal companies that [&hellip;]<\/p>\n","protected":false},"author":4,"featured_media":7421,"parent":190,"menu_order":0,"comment_status":"closed","ping_status":"closed","template":"","meta":{"_genesis_hide_title":false,"_genesis_hide_breadcrumbs":false,"_genesis_hide_singular_image":false,"_genesis_hide_footer_widgets":false,"_genesis_custom_body_class":"","_genesis_custom_post_class":"","_genesis_layout":"","footnotes":""},"class_list":{"0":"post-11661","1":"page","2":"type-page","3":"status-publish","4":"has-post-thumbnail","6":"entry"},"_links":{"self":[{"href":"https:\/\/moverdb.com\/sv\/wp-json\/wp\/v2\/pages\/11661","targetHints":{"allow":["GET"]}}],"collection":[{"href":"https:\/\/moverdb.com\/sv\/wp-json\/wp\/v2\/pages"}],"about":[{"href":"https:\/\/moverdb.com\/sv\/wp-json\/wp\/v2\/types\/page"}],"author":[{"embeddable":true,"href":"https:\/\/moverdb.com\/sv\/wp-json\/wp\/v2\/users\/4"}],"replies":[{"embeddable":true,"href":"https:\/\/moverdb.com\/sv\/wp-json\/wp\/v2\/comments?post=11661"}],"version-history":[{"count":2,"href":"https:\/\/moverdb.com\/sv\/wp-json\/wp\/v2\/pages\/11661\/revisions"}],"predecessor-version":[{"id":11665,"href":"https:\/\/moverdb.com\/sv\/wp-json\/wp\/v2\/pages\/11661\/revisions\/11665"}],"up":[{"embeddable":true,"href":"https:\/\/moverdb.com\/sv\/wp-json\/wp\/v2\/pages\/190"}],"wp:featuredmedia":[{"embeddable":true,"href":"https:\/\/moverdb.com\/sv\/wp-json\/wp\/v2\/media\/7421"}],"wp:attachment":[{"href":"https:\/\/moverdb.com\/sv\/wp-json\/wp\/v2\/media?parent=11661"}],"curies":[{"name":"wp","href":"https:\/\/api.w.org\/{rel}","templated":true}]}}