{"id":11659,"date":"2023-11-29T10:20:43","date_gmt":"2023-11-29T10:20:43","guid":{"rendered":"https:\/\/moverdb.com\/?page_id=11659"},"modified":"2026-01-08T15:23:50","modified_gmt":"2026-01-08T15:23:50","slug":"moving-companies-us-south-carolina","status":"publish","type":"page","link":"https:\/\/moverdb.com\/sv\/moving-companies\/moving-companies-us-south-carolina\/","title":{"rendered":"2 b\u00e4sta internationella flyttfirmor i South Carolina"},"content":{"rendered":"<p>Att flytta kan vara \u00f6verv\u00e4ldigande eftersom det \u00e4r s\u00e5 mycket att g\u00f6ra, t.ex. planering, packning, transport och tullhantering om du flyttar utomlands. A <a href=\"https:\/\/moverdb.com\/sv\/moving-companies\/\" data-internallinksmanager029f6b8e52c=\"79\" title=\"Topp 25 internationella flyttfirmor p\u00e5 n\u00e4tet\">flyttfirma<\/a> kan hj\u00e4lpa dig med n\u00e5gra eller alla av dessa fr\u00e5gor. Nedan har vi sammanst\u00e4llt en lista \u00f6ver <a href=\"https:\/\/moverdb.com\/sv\/moving-to-the-united-states\/moving-to-south-carolina\/\" data-internallinksmanager029f6b8e52c=\"408\" title=\"Flyttar till South Carolina? 2026 Levnadskostnader &amp; tips om flytt\">South Carolina<\/a> . <a href=\"https:\/\/moverdb.com\/sv\/international-removals\/\" data-internallinksmanager029f6b8e52c=\"27\" title=\"36 b\u00e4sta internationella flyttfirmor i Storbritannien\">flyttfirmor<\/a> som \u00e4r medlemmar i <a href=\"https:\/\/moverdb.com\/sv\/iam\/\" data-internallinksmanager029f6b8e52c=\"23\" title=\"International Association of Movers (IAM) f\u00f6rklaras\">Internationella sammanslutningen av flyttfirmor<\/a> (IAM) och\/eller <a href=\"https:\/\/moverdb.com\/sv\/fidi-faim\/\" data-internallinksmanager029f6b8e52c=\"16\" title=\"FIDI &amp; FAIM (FIDI Accredited International Mover) f\u00f6rklaras\">FIDI<\/a> Accredited International Mover (FAIM) som kan hj\u00e4lpa dig med din flytt.<\/p>\n<h2><strong>1. Carrie internationella frakttj\u00e4nster<\/strong><\/h2>\n<p><img loading=\"lazy\" decoding=\"async\" class=\"alignnone size-full wp-image-11282\" src=\"https:\/\/moverdb.com\/wp-content\/uploads\/Carrie-International-Freight-Services-moving-company.png\" alt=\"Carrie Internationella frakttj\u00e4nster flyttfirma\" width=\"1440\" height=\"675\" data-wp-pid=\"11282\" srcset=\"https:\/\/moverdb.com\/wp-content\/uploads\/Carrie-International-Freight-Services-moving-company.png 1440w, https:\/\/moverdb.com\/wp-content\/uploads\/Carrie-International-Freight-Services-moving-company-300x141.png 300w, https:\/\/moverdb.com\/wp-content\/uploads\/Carrie-International-Freight-Services-moving-company-1024x480.png 1024w, https:\/\/moverdb.com\/wp-content\/uploads\/Carrie-International-Freight-Services-moving-company-18x8.png 18w, https:\/\/moverdb.com\/wp-content\/uploads\/Carrie-International-Freight-Services-moving-company-600x281.png 600w\" sizes=\"auto, (max-width: 1440px) 100vw, 1440px\" \/><\/p>\n<ul>\n<li>Import- och exporttj\u00e4nster<\/li>\n<li>Internationell frakt<\/li>\n<li>Hush\u00e5llsflyttar<\/li>\n<li>Kommersiell frakt<\/li>\n<li>Personliga tj\u00e4nster<\/li>\n<li>Hantering av transporter<\/li>\n<li>Sj\u00f6frakt<\/li>\n<li>Tullf\u00f6rmedling<\/li>\n<li>Antik hantering<\/li>\n<li><a href=\"https:\/\/moverdb.com\/sv\/car-transport-shipping\/\" data-internallinksmanager029f6b8e52c=\"2\" title=\"2026 Internationella offerter f\u00f6r biltransport och fordonsfrakt\">Transport av fordon<\/a><\/li>\n<\/ul>\n<p>Carrie International Freight Services \u00e4r en sj\u00f6farts <a href=\"https:\/\/moverdb.com\/sv\/freight-forwarder\/\" data-internallinksmanager029f6b8e52c=\"17\" title=\"Guide f\u00f6r internationella kostnader och f\u00f6retag f\u00f6r spedit\u00f6rer och NVOCC\">spedit\u00f6r<\/a> och tullm\u00e4klare med huvudkontor i Charleston. De tillhandah\u00e5ller sina tj\u00e4nster i hela <a href=\"https:\/\/moverdb.com\/sv\/moving-to-the-united-states\/\" data-internallinksmanager029f6b8e52c=\"94\" title=\"Flyttar du till USA? 2026 Levnadskostnader och flyttningstips\">USA<\/a> och till och fr\u00e5n m\u00e5nga l\u00e4nder runt om i v\u00e4rlden. De \u00e4r medlemmar i IAM, vilket ger dem tillg\u00e5ng till ett internationellt n\u00e4tverk av flyttfirmor att arbeta med.<\/p>\n<p>Carrie International Freight Services erbjuder personliga och professionella tj\u00e4nster som \u00e4r skr\u00e4ddarsydda efter kundens behov. De tillhandah\u00e5ller frakttj\u00e4nster endast med sj\u00f6frakt och de hanterar alla import- och exporttj\u00e4nster f\u00f6r ett brett spektrum av varor, inklusive hush\u00e5llsartiklar, antikviteter och motorfordon.<\/p>\n<p>Webbplats: <a href=\"http:\/\/www.cifservices.com\" target=\"_blank\" rel=\"noopener\">http:\/\/www.cifservices.com<\/a><\/p>\n<h2><strong>2. Nilson Van &amp; Storage<\/strong><\/h2>\n<p><img loading=\"lazy\" decoding=\"async\" class=\"alignnone size-full wp-image-11395\" src=\"https:\/\/moverdb.com\/wp-content\/uploads\/Nilson-Van-Storage-international-moving-company.png\" alt=\"Nilson Van &amp; Storage internationell flyttfirma\" width=\"1440\" height=\"675\" data-wp-pid=\"11395\" srcset=\"https:\/\/moverdb.com\/wp-content\/uploads\/Nilson-Van-Storage-international-moving-company.png 1440w, https:\/\/moverdb.com\/wp-content\/uploads\/Nilson-Van-Storage-international-moving-company-300x141.png 300w, https:\/\/moverdb.com\/wp-content\/uploads\/Nilson-Van-Storage-international-moving-company-1024x480.png 1024w, https:\/\/moverdb.com\/wp-content\/uploads\/Nilson-Van-Storage-international-moving-company-18x8.png 18w, https:\/\/moverdb.com\/wp-content\/uploads\/Nilson-Van-Storage-international-moving-company-600x281.png 600w\" sizes=\"auto, (max-width: 1440px) 100vw, 1440px\" \/><\/p>\n<ul>\n<li>Lokala och l\u00e5ngv\u00e4ga flyttningar<\/li>\n<li>Internationella flyttar<\/li>\n<li>Flyttning av bost\u00e4der<\/li>\n<li>Kommersiella flyttar<\/li>\n<li>Flyttning av f\u00f6retag<\/li>\n<li>F\u00f6rpackningstj\u00e4nst<\/li>\n<li>Transporter p\u00e5 land, i luften och till sj\u00f6ss<\/li>\n<li>Transport av fordon<\/li>\n<li>F\u00f6rs\u00e4kring<\/li>\n<li>F\u00f6rvaringsalternativ<\/li>\n<\/ul>\n<p>Nilson Van &amp; Storage \u00e4r ett packnings-, flytt- och lagerf\u00f6retag som grundades 1938 och har sitt s\u00e4te i Columbia, South Carolina. De \u00e4r en del av Mayflower Movers som ut\u00f6kar sitt n\u00e4tverk av flyttagenter som kan st\u00f6dja dem med leverans av sina tj\u00e4nster till \u00f6ver 160 l\u00e4nder. De \u00e4r medlemmar i IAM och har 85 \u00e5rs erfarenhet.<\/p>\n<p>Nilson Van &amp; Storage erbjuder en packningstj\u00e4nst med skickliga flyttgubbar som packar dina tillh\u00f6righeter s\u00e4kert och g\u00f6r en detaljerad inventering. De ordnar med transport av dina f\u00f6rem\u00e5l med sp\u00e5rningsinformation, s\u00e5 att du vet var dina f\u00f6rem\u00e5l befinner sig.<\/p>\n<p>Webbplats: <a href=\"http:\/\/www.nilsonvan.com\/\" target=\"_blank\" rel=\"noopener\">http:\/\/www.nilsonvan.com\/<\/a><\/p>","protected":false},"excerpt":{"rendered":"<p>Moving can be overwhelming as there is so much to do such as planning, packing, arranging transport and if moving abroad customs handling. A moving company can assist you with some or all of this. Below we have compiled a list of South Carolina based removal companies that are members of the International Association of [&hellip;]<\/p>\n","protected":false},"author":4,"featured_media":11282,"parent":190,"menu_order":0,"comment_status":"closed","ping_status":"closed","template":"","meta":{"_genesis_hide_title":false,"_genesis_hide_breadcrumbs":false,"_genesis_hide_singular_image":false,"_genesis_hide_footer_widgets":false,"_genesis_custom_body_class":"","_genesis_custom_post_class":"","_genesis_layout":"","footnotes":""},"class_list":{"0":"post-11659","1":"page","2":"type-page","3":"status-publish","4":"has-post-thumbnail","6":"entry"},"_links":{"self":[{"href":"https:\/\/moverdb.com\/sv\/wp-json\/wp\/v2\/pages\/11659","targetHints":{"allow":["GET"]}}],"collection":[{"href":"https:\/\/moverdb.com\/sv\/wp-json\/wp\/v2\/pages"}],"about":[{"href":"https:\/\/moverdb.com\/sv\/wp-json\/wp\/v2\/types\/page"}],"author":[{"embeddable":true,"href":"https:\/\/moverdb.com\/sv\/wp-json\/wp\/v2\/users\/4"}],"replies":[{"embeddable":true,"href":"https:\/\/moverdb.com\/sv\/wp-json\/wp\/v2\/comments?post=11659"}],"version-history":[{"count":1,"href":"https:\/\/moverdb.com\/sv\/wp-json\/wp\/v2\/pages\/11659\/revisions"}],"predecessor-version":[{"id":11660,"href":"https:\/\/moverdb.com\/sv\/wp-json\/wp\/v2\/pages\/11659\/revisions\/11660"}],"up":[{"embeddable":true,"href":"https:\/\/moverdb.com\/sv\/wp-json\/wp\/v2\/pages\/190"}],"wp:featuredmedia":[{"embeddable":true,"href":"https:\/\/moverdb.com\/sv\/wp-json\/wp\/v2\/media\/11282"}],"wp:attachment":[{"href":"https:\/\/moverdb.com\/sv\/wp-json\/wp\/v2\/media?parent=11659"}],"curies":[{"name":"wp","href":"https:\/\/api.w.org\/{rel}","templated":true}]}}