{"id":11651,"date":"2023-11-29T10:38:44","date_gmt":"2023-11-29T10:38:44","guid":{"rendered":"https:\/\/moverdb.com\/?page_id=11651"},"modified":"2026-01-08T15:24:50","modified_gmt":"2026-01-08T15:24:50","slug":"moving-companies-us-pennsylvania","status":"publish","type":"page","link":"https:\/\/moverdb.com\/sv\/moving-companies\/moving-companies-us-pennsylvania\/","title":{"rendered":"4 b\u00e4sta internationella flyttfirmor i Pennsylvania"},"content":{"rendered":"<p>N\u00e4r du flyttar \u00e4r det s\u00e5 mycket att g\u00f6ra, som att organisera, packa, ordna med transport och hantera tullen om du flyttar utomlands, men du beh\u00f6ver inte g\u00f6ra det ensam. A <a href=\"https:\/\/moverdb.com\/sv\/moving-companies\/\" data-internallinksmanager029f6b8e52c=\"79\" title=\"Topp 25 internationella flyttfirmor p\u00e5 n\u00e4tet\">flyttfirma<\/a> kan hj\u00e4lpa till med alla eller n\u00e5gra av dessa uppgifter f\u00f6r att g\u00f6ra flytten enklare. Nedan har vi sammanst\u00e4llt en lista \u00f6ver <a href=\"https:\/\/moverdb.com\/sv\/moving-to-the-united-states\/moving-to-pennsylvania\/\" data-internallinksmanager029f6b8e52c=\"404\" title=\"Flyttar du till Pennsylvania? 2026 Levnadskostnader och tips om flytt\">Pennsylvania<\/a> . <a href=\"https:\/\/moverdb.com\/sv\/international-removals\/\" data-internallinksmanager029f6b8e52c=\"27\" title=\"36 b\u00e4sta internationella flyttfirmor i Storbritannien\">flyttfirmor<\/a> som \u00e4r medlemmar i <a href=\"https:\/\/moverdb.com\/sv\/iam\/\" data-internallinksmanager029f6b8e52c=\"23\" title=\"International Association of Movers (IAM) f\u00f6rklaras\">Internationella sammanslutningen av flyttfirmor<\/a> (IAM) och\/eller <a href=\"https:\/\/moverdb.com\/sv\/fidi-faim\/\" data-internallinksmanager029f6b8e52c=\"16\" title=\"FIDI &amp; FAIM (FIDI Accredited International Mover) f\u00f6rklaras\">FIDI<\/a> Accredited International Mover (FAIM) som kan hj\u00e4lpa dig med din flytt.<\/p>\n<div id=\"ez-toc-container\" class=\"ez-toc-v2_0_82_2 ez-toc-wrap-left counter-hierarchy ez-toc-counter ez-toc-transparent ez-toc-container-direction\">\n<div class=\"ez-toc-title-container\">\n<p class=\"ez-toc-title\" style=\"cursor:inherit\">Avsnitt<\/p>\n<span class=\"ez-toc-title-toggle\"><a href=\"#\" class=\"ez-toc-pull-right ez-toc-btn ez-toc-btn-xs ez-toc-btn-default ez-toc-toggle\" aria-label=\"V\u00e4xla till inneh\u00e5llsf\u00f6rteckning\"><span class=\"ez-toc-js-icon-con\"><span class=\"\"><span class=\"eztoc-hide\" style=\"display:none;\">V\u00e4xel<\/span><span class=\"ez-toc-icon-toggle-span\"><svg style=\"fill: #999;color:#999\" xmlns=\"http:\/\/www.w3.org\/2000\/svg\" class=\"list-377408\" width=\"20px\" height=\"20px\" viewbox=\"0 0 24 24\" fill=\"none\"><path d=\"M6 6H4v2h2V6zm14 0H8v2h12V6zM4 11h2v2H4v-2zm16 0H8v2h12v-2zM4 16h2v2H4v-2zm16 0H8v2h12v-2z\" fill=\"currentColor\"><\/path><\/svg><svg style=\"fill: #999;color:#999\" class=\"arrow-unsorted-368013\" xmlns=\"http:\/\/www.w3.org\/2000\/svg\" width=\"10px\" height=\"10px\" viewbox=\"0 0 24 24\" version=\"1.2\" baseprofile=\"tiny\"><path d=\"M18.2 9.3l-6.2-6.3-6.2 6.3c-.2.2-.3.4-.3.7s.1.5.3.7c.2.2.4.3.7.3h11c.3 0 .5-.1.7-.3.2-.2.3-.5.3-.7s-.1-.5-.3-.7zM5.8 14.7l6.2 6.3 6.2-6.3c.2-.2.3-.5.3-.7s-.1-.5-.3-.7c-.2-.2-.4-.3-.7-.3h-11c-.3 0-.5.1-.7.3-.2.2-.3.5-.3.7s.1.5.3.7z\"\/><\/svg><\/span><\/span><\/span><\/a><\/span><\/div>\n<nav><ul class='ez-toc-list ez-toc-list-level-1 eztoc-toggle-hide-by-default' ><li class='ez-toc-page-1 ez-toc-heading-level-2'><a class=\"ez-toc-link ez-toc-heading-1\" href=\"https:\/\/moverdb.com\/sv\/moving-companies\/moving-companies-us-pennsylvania\/#1_Aires\" >1. Aires<\/a><\/li><li class='ez-toc-page-1 ez-toc-heading-level-2'><a class=\"ez-toc-link ez-toc-heading-2\" href=\"https:\/\/moverdb.com\/sv\/moving-companies\/moving-companies-us-pennsylvania\/#2_Champion_International_Moving\" >2. Champion Internationell flyttverksamhet<\/a><\/li><li class='ez-toc-page-1 ez-toc-heading-level-2'><a class=\"ez-toc-link ez-toc-heading-3\" href=\"https:\/\/moverdb.com\/sv\/moving-companies\/moving-companies-us-pennsylvania\/#3_Movers_Specialty_Service\" >3. Specialtj\u00e4nster f\u00f6r flyttfirmor<\/a><\/li><li class='ez-toc-page-1 ez-toc-heading-level-2'><a class=\"ez-toc-link ez-toc-heading-4\" href=\"https:\/\/moverdb.com\/sv\/moving-companies\/moving-companies-us-pennsylvania\/#4_Reads_Moving_Systems\" >4. Reads R\u00f6rliga system<\/a><\/li><\/ul><\/nav><\/div>\n<h2><span class=\"ez-toc-section\" id=\"1_Aires\"><\/span><strong>1. Aires<\/strong><span class=\"ez-toc-section-end\"><\/span><\/h2>\n<p><img loading=\"lazy\" decoding=\"async\" class=\"alignnone size-full wp-image-11247\" src=\"https:\/\/moverdb.com\/wp-content\/uploads\/Aires-international-moving-company.png\" alt=\"Aires internationell flyttfirma\" width=\"1440\" height=\"678\" data-wp-pid=\"11247\" srcset=\"https:\/\/moverdb.com\/wp-content\/uploads\/Aires-international-moving-company.png 1440w, https:\/\/moverdb.com\/wp-content\/uploads\/Aires-international-moving-company-300x141.png 300w, https:\/\/moverdb.com\/wp-content\/uploads\/Aires-international-moving-company-1024x482.png 1024w, https:\/\/moverdb.com\/wp-content\/uploads\/Aires-international-moving-company-18x8.png 18w, https:\/\/moverdb.com\/wp-content\/uploads\/Aires-international-moving-company-600x283.png 600w\" sizes=\"auto, (max-width: 1440px) 100vw, 1440px\" \/><\/p>\n<ul>\n<li>Nationella omlokaliseringar<\/li>\n<li>Internationella flyttningar<\/li>\n<li>Flyttning av hush\u00e5ll<\/li>\n<li>Flyttning av anst\u00e4llda<\/li>\n<li>Tj\u00e4nster vid avresa<\/li>\n<li>Tj\u00e4nster f\u00f6r destination och inflyttning<\/li>\n<li>Invandringstj\u00e4nster<\/li>\n<li>Fastighetstj\u00e4nster<\/li>\n<li>S\u00f6kning av skola<\/li>\n<li>Kulturell och spr\u00e5klig utbildning<\/li>\n<\/ul>\n<p>Aires \u00e4r ett flytt- och speditionsf\u00f6retag som grundades 1981 med huvudkontor i Pittsburgh och fem andra <a href=\"https:\/\/moverdb.com\/sv\/moving-to-the-united-states\/\" data-internallinksmanager029f6b8e52c=\"94\" title=\"Flyttar du till USA? 2026 Levnadskostnader och flyttningstips\">USA<\/a> kontor och internationella kontor i <a href=\"https:\/\/moverdb.com\/sv\/moving-to-hong-kong\/\" data-internallinksmanager029f6b8e52c=\"350\" title=\"Flytta till Hong Kong? 2026 Levnadskostnader och tips om flytt\">Hong Kong<\/a>, London, <a href=\"https:\/\/moverdb.com\/sv\/moving-to-singapore\/\" data-internallinksmanager029f6b8e52c=\"68\" title=\"Flyttar du till Singapore? 2026 Levnadskostnader och flyttningstips\">Singapore<\/a>, Shanghai och Mumbai. De har ett omfattande n\u00e4tverk av betrodda tj\u00e4nsteleverant\u00f6rer som st\u00f6der dem. De \u00e4r medlemmar i IAM med 42 \u00e5rs erfarenhet och \u00e4r ackrediterade av FIDI.<\/p>\n<p>Aires \u00e4r specialiserade p\u00e5 att hj\u00e4lpa f\u00f6retag att omplacera sina anst\u00e4llda och erbjuder ett brett utbud av tj\u00e4nster f\u00f6r att hj\u00e4lpa anst\u00e4llda att flytta och etablera sig i sitt nya hem. Deras tj\u00e4nster omfattar avg\u00e5ngstj\u00e4nster som flytt och immigration, och destinationstj\u00e4nster som att hitta ett hem och en skola.<\/p>\n<p>Webbplats: <a href=\"https:\/\/www.aires.com\/\" target=\"_blank\" rel=\"noopener\">https:\/\/www.aires.com\/<\/a><\/p>\n<h2><span class=\"ez-toc-section\" id=\"2_Champion_International_Moving\"><\/span><strong>2. Champion Internationell flyttverksamhet<\/strong><span class=\"ez-toc-section-end\"><\/span><\/h2>\n<p><img loading=\"lazy\" decoding=\"async\" class=\"alignnone size-full wp-image-11285\" src=\"https:\/\/moverdb.com\/wp-content\/uploads\/Champion-International-Moving-company.png\" alt=\"Champion International flyttfirma\" width=\"1440\" height=\"676\" data-wp-pid=\"11285\" srcset=\"https:\/\/moverdb.com\/wp-content\/uploads\/Champion-International-Moving-company.png 1440w, https:\/\/moverdb.com\/wp-content\/uploads\/Champion-International-Moving-company-300x141.png 300w, https:\/\/moverdb.com\/wp-content\/uploads\/Champion-International-Moving-company-1024x481.png 1024w, https:\/\/moverdb.com\/wp-content\/uploads\/Champion-International-Moving-company-18x8.png 18w, https:\/\/moverdb.com\/wp-content\/uploads\/Champion-International-Moving-company-600x282.png 600w\" sizes=\"auto, (max-width: 1440px) 100vw, 1440px\" \/><\/p>\n<ul>\n<li>Nationella flyttningar<\/li>\n<li>Internationella flyttar<\/li>\n<li>Flyttning av bost\u00e4der<\/li>\n<li>Aff\u00e4rsr\u00f6relser<\/li>\n<li>Dedikerad specialist p\u00e5 omlokalisering<\/li>\n<li>F\u00f6rpackningstj\u00e4nst<\/li>\n<li>Flyttning av husdjur<\/li>\n<li>Transport av fordon<\/li>\n<li>F\u00f6rs\u00e4kring<\/li>\n<li>Lagringstj\u00e4nster<\/li>\n<\/ul>\n<p>Champion International Moving \u00e4r ett flyttledningsf\u00f6retag som grundades 1991 och har sitt s\u00e4te i Pittsburgh. De \u00e4r en del av <a href=\"https:\/\/moverdb.com\/sv\/harmony-relocation-network\/\" data-internallinksmanager029f6b8e52c=\"20\" title=\"F\u00f6rklaring av Harmony Relocation Network (HRN)\">Harmony Relocation Network<\/a> vilket inneb\u00e4r att de arbetar p\u00e5 ett socialt ansvarsfullt s\u00e4tt och har ett n\u00e4tverk av flyttfirmor att arbeta med som arbetar p\u00e5 samma s\u00e4tt. De \u00e4r medlemmar i IAM med 32 \u00e5rs erfarenhet och \u00e4r ackrediterade av FIDI.<\/p>\n<p>Champion International Moving erbjuder nationella och internationella flyttar f\u00f6r privat- och f\u00f6retagskunder med en enda kontaktpunkt som \u00e4r en dedikerad flyttspecialist. De tillhandah\u00e5ller en packningstj\u00e4nst f\u00f6r att skydda dina tillh\u00f6righeter och kommer att ordna transport och sedan lossa vid ankomsten.<\/p>\n<p>Webbplats: <a href=\"http:\/\/www.champmove.com\" target=\"_blank\" rel=\"noopener\">http:\/\/www.champmove.com<\/a><\/p>\n<h2><span class=\"ez-toc-section\" id=\"3_Movers_Specialty_Service\"><\/span><strong>3. Specialtj\u00e4nster f\u00f6r flyttfirmor<\/strong><span class=\"ez-toc-section-end\"><\/span><\/h2>\n<p><img loading=\"lazy\" decoding=\"async\" class=\"alignnone size-full wp-image-11384\" src=\"https:\/\/moverdb.com\/wp-content\/uploads\/Movers-Specialty-Service-international-moving-company.png\" alt=\"Movers Specialty Service internationell flyttfirma\" width=\"1440\" height=\"677\" data-wp-pid=\"11384\" srcset=\"https:\/\/moverdb.com\/wp-content\/uploads\/Movers-Specialty-Service-international-moving-company.png 1440w, https:\/\/moverdb.com\/wp-content\/uploads\/Movers-Specialty-Service-international-moving-company-300x141.png 300w, https:\/\/moverdb.com\/wp-content\/uploads\/Movers-Specialty-Service-international-moving-company-1024x481.png 1024w, https:\/\/moverdb.com\/wp-content\/uploads\/Movers-Specialty-Service-international-moving-company-18x8.png 18w, https:\/\/moverdb.com\/wp-content\/uploads\/Movers-Specialty-Service-international-moving-company-600x282.png 600w\" sizes=\"auto, (max-width: 1440px) 100vw, 1440px\" \/><\/p>\n<ul>\n<li>Nationella tj\u00e4nster<\/li>\n<li>Flyttj\u00e4nster f\u00f6r hush\u00e5ll<\/li>\n<li>Flyttj\u00e4nster f\u00f6r kommersiella \u00e4ndam\u00e5l<\/li>\n<li>Flytthantering p\u00e5 plats<\/li>\n<li>Kistningstj\u00e4nster<\/li>\n<li>Hantering av konst<\/li>\n<li>Demontera och montera m\u00f6bler<\/li>\n<li>Tj\u00e4nster f\u00f6r flyttning och installation<\/li>\n<li>Specialiserade tj\u00e4nster f\u00f6r flytt av f\u00f6rem\u00e5l<\/li>\n<li>St\u00e4dservice<\/li>\n<\/ul>\n<p>Movers Specialty Service \u00e4r ett tredjepartsf\u00f6retag inom flyttj\u00e4nster som grundades 1978 och \u00e4r baserat i Montgomeryville. De tillhandah\u00e5ller tj\u00e4nster i hela USA med hj\u00e4lp av ett noggrant sammanst\u00e4llt n\u00e4tverk av utbildade yrkesm\u00e4n. De \u00e4r medlemmar i IAM och har 45 \u00e5rs erfarenhet.<\/p>\n<p>Movers Specialty Service tillhandah\u00e5ller specialiserade st\u00f6dtj\u00e4nster till flyttare och flyttfirmor vid deras ursprung eller destination inom USA. De erbjuder specialiserade flyttj\u00e4nster som inkluderar fr\u00e5nkoppling\/anslutning av apparater, demontering\/montering av utrustning och m\u00f6bler, demontering\/montering av TV-apparater, borttagning\/installation av fixturer och emballering av gods. De kan ocks\u00e5 flytta \u00f6mt\u00e5liga och skrymmande f\u00f6rem\u00e5l som pianon och farfarsur.<\/p>\n<p>Webbplats: <a href=\"http:\/\/mss1.com\" target=\"_blank\" rel=\"noopener\">http:\/\/mss1.com<\/a><\/p>\n<h2><span class=\"ez-toc-section\" id=\"4_Reads_Moving_Systems\"><\/span><strong>4. Reads R\u00f6rliga system<\/strong><span class=\"ez-toc-section-end\"><\/span><\/h2>\n<p><img loading=\"lazy\" decoding=\"async\" class=\"alignnone size-full wp-image-11418\" src=\"https:\/\/moverdb.com\/wp-content\/uploads\/Reads-Moving-Systems-international-moving-company.png\" alt=\"Reads Moving Systems internationell flyttfirma\" width=\"1440\" height=\"677\" data-wp-pid=\"11418\" srcset=\"https:\/\/moverdb.com\/wp-content\/uploads\/Reads-Moving-Systems-international-moving-company.png 1440w, https:\/\/moverdb.com\/wp-content\/uploads\/Reads-Moving-Systems-international-moving-company-300x141.png 300w, https:\/\/moverdb.com\/wp-content\/uploads\/Reads-Moving-Systems-international-moving-company-1024x481.png 1024w, https:\/\/moverdb.com\/wp-content\/uploads\/Reads-Moving-Systems-international-moving-company-18x8.png 18w, https:\/\/moverdb.com\/wp-content\/uploads\/Reads-Moving-Systems-international-moving-company-600x282.png 600w\" sizes=\"auto, (max-width: 1440px) 100vw, 1440px\" \/><\/p>\n<ul>\n<li>Lokala flyttningar<\/li>\n<li>Internationella flyttar<\/li>\n<li>Hush\u00e5llsflyttar<\/li>\n<li>Kontors- och industrif\u00f6rflyttningar<\/li>\n<li>Planering f\u00f6re flytten<\/li>\n<li>F\u00f6rpackningstj\u00e4nst<\/li>\n<li>F\u00f6rvaring i kasse<\/li>\n<li>Arrangemang av transporter<\/li>\n<li>Tj\u00e4nster f\u00f6r ursprung och destination<\/li>\n<li>F\u00f6rvaringsutrymmen<\/li>\n<\/ul>\n<p>Reads Moving Systems \u00e4r ett flytt- och magasineringsf\u00f6retag som bildades 1937 och har sitt s\u00e4te i Huntingdon Valley med verksamhet \u00e4ven i <a href=\"https:\/\/moverdb.com\/sv\/moving-to-the-united-states\/moving-to-florida\/\" data-internallinksmanager029f6b8e52c=\"331\" title=\"Flytta till Florida? 2026 Levnadskostnader &amp; Flytttips\">Florida<\/a> och <a href=\"https:\/\/moverdb.com\/sv\/moving-to-the-united-states\/moving-to-georgia\/\" data-internallinksmanager029f6b8e52c=\"402\" title=\"Flytta till Georgia? 2026 Levnadskostnader &amp; tips om flytt\">Georgien<\/a>. De \u00e4r en Atlas Van Lines-agent som ger dem ett n\u00e4tverk av flyttfirmor att arbeta med. De \u00e4r medlemmar i IAM med 50 \u00e5rs erfarenhet.<\/p>\n<p>Reads Moving Systems erbjuder konkurrenskraftiga priser f\u00f6r sina flyttj\u00e4nster. De erbjuder planering f\u00f6re flytten med sina flytthanteringskoordinatorer f\u00f6r att ordna med din flytt. De erbjuder en packnings- och inslagningstj\u00e4nst f\u00f6r att skydda dina f\u00f6rem\u00e5l och lastar dem i en container f\u00f6r internationella flyttar.<\/p>\n<p>Webbplats: <a href=\"http:\/\/www.readsmoving.com\" target=\"_blank\" rel=\"noopener\">http:\/\/www.readsmoving.com<\/a><\/p>","protected":false},"excerpt":{"rendered":"<p>When you are moving there is so much to do like organising, packing, arranging transportation and managing customs if moving abroad, but you don\u2019t have to do this alone. A moving company can help with all or some of these tasks to make moving easier. Below we have compiled a list of Pennsylvania based removal [&hellip;]<\/p>\n","protected":false},"author":4,"featured_media":11247,"parent":190,"menu_order":0,"comment_status":"closed","ping_status":"closed","template":"","meta":{"_genesis_hide_title":false,"_genesis_hide_breadcrumbs":false,"_genesis_hide_singular_image":false,"_genesis_hide_footer_widgets":false,"_genesis_custom_body_class":"","_genesis_custom_post_class":"","_genesis_layout":"","footnotes":""},"class_list":{"0":"post-11651","1":"page","2":"type-page","3":"status-publish","4":"has-post-thumbnail","6":"entry"},"_links":{"self":[{"href":"https:\/\/moverdb.com\/sv\/wp-json\/wp\/v2\/pages\/11651","targetHints":{"allow":["GET"]}}],"collection":[{"href":"https:\/\/moverdb.com\/sv\/wp-json\/wp\/v2\/pages"}],"about":[{"href":"https:\/\/moverdb.com\/sv\/wp-json\/wp\/v2\/types\/page"}],"author":[{"embeddable":true,"href":"https:\/\/moverdb.com\/sv\/wp-json\/wp\/v2\/users\/4"}],"replies":[{"embeddable":true,"href":"https:\/\/moverdb.com\/sv\/wp-json\/wp\/v2\/comments?post=11651"}],"version-history":[{"count":2,"href":"https:\/\/moverdb.com\/sv\/wp-json\/wp\/v2\/pages\/11651\/revisions"}],"predecessor-version":[{"id":11653,"href":"https:\/\/moverdb.com\/sv\/wp-json\/wp\/v2\/pages\/11651\/revisions\/11653"}],"up":[{"embeddable":true,"href":"https:\/\/moverdb.com\/sv\/wp-json\/wp\/v2\/pages\/190"}],"wp:featuredmedia":[{"embeddable":true,"href":"https:\/\/moverdb.com\/sv\/wp-json\/wp\/v2\/media\/11247"}],"wp:attachment":[{"href":"https:\/\/moverdb.com\/sv\/wp-json\/wp\/v2\/media?parent=11651"}],"curies":[{"name":"wp","href":"https:\/\/api.w.org\/{rel}","templated":true}]}}