{"id":11648,"date":"2023-11-29T10:50:54","date_gmt":"2023-11-29T10:50:54","guid":{"rendered":"https:\/\/moverdb.com\/?page_id=11648"},"modified":"2026-01-08T15:29:25","modified_gmt":"2026-01-08T15:29:25","slug":"moving-companies-us-ohio","status":"publish","type":"page","link":"https:\/\/moverdb.com\/sv\/moving-companies\/moving-companies-us-ohio\/","title":{"rendered":"6 b\u00e4sta internationella flyttfirmor i Ohio"},"content":{"rendered":"<p>Planerar du en flytt? D\u00e5 kanske du vill ta hj\u00e4lp av en <a href=\"https:\/\/moverdb.com\/sv\/moving-companies\/\" data-internallinksmanager029f6b8e52c=\"79\" title=\"Topp 25 internationella flyttfirmor p\u00e5 n\u00e4tet\">flyttfirma<\/a> f\u00f6r att minska arbetsb\u00f6rdan och pressen vid en flytt. De kan organisera, packa och transportera dina tillh\u00f6righeter samt hantera tullen om du flyttar till ett annat land. Nedan har vi sammanst\u00e4llt en lista \u00f6ver <a href=\"https:\/\/moverdb.com\/sv\/moving-to-the-united-states\/moving-to-ohio\/\" data-internallinksmanager029f6b8e52c=\"409\" title=\"Flyttar du till Ohio? 2026 Levnadskostnader &amp; Tips f\u00f6r flytt\">Ohio<\/a> . <a href=\"https:\/\/moverdb.com\/sv\/international-removals\/\" data-internallinksmanager029f6b8e52c=\"27\" title=\"36 b\u00e4sta internationella flyttfirmor i Storbritannien\">flyttfirmor<\/a> som \u00e4r medlemmar i <a href=\"https:\/\/moverdb.com\/sv\/iam\/\" data-internallinksmanager029f6b8e52c=\"23\" title=\"International Association of Movers (IAM) f\u00f6rklaras\">Internationella sammanslutningen av flyttfirmor<\/a> (IAM) och\/eller <a href=\"https:\/\/moverdb.com\/sv\/fidi-faim\/\" data-internallinksmanager029f6b8e52c=\"16\" title=\"FIDI &amp; FAIM (FIDI Accredited International Mover) f\u00f6rklaras\">FIDI<\/a> Accredited International Mover (FAIM) som kan hj\u00e4lpa dig med din flytt.<\/p>\n<div id=\"ez-toc-container\" class=\"ez-toc-v2_0_82_2 ez-toc-wrap-left counter-hierarchy ez-toc-counter ez-toc-transparent ez-toc-container-direction\">\n<div class=\"ez-toc-title-container\">\n<p class=\"ez-toc-title\" style=\"cursor:inherit\">Avsnitt<\/p>\n<span class=\"ez-toc-title-toggle\"><a href=\"#\" class=\"ez-toc-pull-right ez-toc-btn ez-toc-btn-xs ez-toc-btn-default ez-toc-toggle\" aria-label=\"V\u00e4xla till inneh\u00e5llsf\u00f6rteckning\"><span class=\"ez-toc-js-icon-con\"><span class=\"\"><span class=\"eztoc-hide\" style=\"display:none;\">V\u00e4xel<\/span><span class=\"ez-toc-icon-toggle-span\"><svg style=\"fill: #999;color:#999\" xmlns=\"http:\/\/www.w3.org\/2000\/svg\" class=\"list-377408\" width=\"20px\" height=\"20px\" viewbox=\"0 0 24 24\" fill=\"none\"><path d=\"M6 6H4v2h2V6zm14 0H8v2h12V6zM4 11h2v2H4v-2zm16 0H8v2h12v-2zM4 16h2v2H4v-2zm16 0H8v2h12v-2z\" fill=\"currentColor\"><\/path><\/svg><svg style=\"fill: #999;color:#999\" class=\"arrow-unsorted-368013\" xmlns=\"http:\/\/www.w3.org\/2000\/svg\" width=\"10px\" height=\"10px\" viewbox=\"0 0 24 24\" version=\"1.2\" baseprofile=\"tiny\"><path d=\"M18.2 9.3l-6.2-6.3-6.2 6.3c-.2.2-.3.4-.3.7s.1.5.3.7c.2.2.4.3.7.3h11c.3 0 .5-.1.7-.3.2-.2.3-.5.3-.7s-.1-.5-.3-.7zM5.8 14.7l6.2 6.3 6.2-6.3c.2-.2.3-.5.3-.7s-.1-.5-.3-.7c-.2-.2-.4-.3-.7-.3h-11c-.3 0-.5.1-.7.3-.2.2-.3.5-.3.7s.1.5.3.7z\"\/><\/svg><\/span><\/span><\/span><\/a><\/span><\/div>\n<nav><ul class='ez-toc-list ez-toc-list-level-1 eztoc-toggle-hide-by-default' ><li class='ez-toc-page-1 ez-toc-heading-level-2'><a class=\"ez-toc-link ez-toc-heading-1\" href=\"https:\/\/moverdb.com\/sv\/moving-companies\/moving-companies-us-ohio\/#1_Andrews_Moving_Storage\" >1. Andrews flyttning och lagring<\/a><\/li><li class='ez-toc-page-1 ez-toc-heading-level-2'><a class=\"ez-toc-link ez-toc-heading-2\" href=\"https:\/\/moverdb.com\/sv\/moving-companies\/moving-companies-us-ohio\/#2_Corrigan_Moving_Systems\" >2. Corrigan Moving Systems<\/a><\/li><li class='ez-toc-page-1 ez-toc-heading-level-2'><a class=\"ez-toc-link ez-toc-heading-3\" href=\"https:\/\/moverdb.com\/sv\/moving-companies\/moving-companies-us-ohio\/#3_CSNS_Relocation_Services\" >3. CSNS Flyttj\u00e4nster<\/a><\/li><li class='ez-toc-page-1 ez-toc-heading-level-2'><a class=\"ez-toc-link ez-toc-heading-4\" href=\"https:\/\/moverdb.com\/sv\/moving-companies\/moving-companies-us-ohio\/#4_Letz_Get_Moving\" >4. Letz Get Moving<\/a><\/li><li class='ez-toc-page-1 ez-toc-heading-level-2'><a class=\"ez-toc-link ez-toc-heading-5\" href=\"https:\/\/moverdb.com\/sv\/moving-companies\/moving-companies-us-ohio\/#5_Moving_Ahead_Services\" >5. Moving Ahead-tj\u00e4nster<\/a><\/li><li class='ez-toc-page-1 ez-toc-heading-level-2'><a class=\"ez-toc-link ez-toc-heading-6\" href=\"https:\/\/moverdb.com\/sv\/moving-companies\/moving-companies-us-ohio\/#6_Planes_Moving_Storage\" >6. Planes Flytt &amp; Lagring<\/a><\/li><\/ul><\/nav><\/div>\n<h2><span class=\"ez-toc-section\" id=\"1_Andrews_Moving_Storage\"><\/span><strong>1. Andrews flyttning och lagring<\/strong><span class=\"ez-toc-section-end\"><\/span><\/h2>\n<p><img loading=\"lazy\" decoding=\"async\" class=\"alignnone size-full wp-image-11255\" src=\"https:\/\/moverdb.com\/wp-content\/uploads\/Andrews-Moving-Storage-international-moving-company.png\" alt=\"Andrews Moving &amp; Storage internationell flyttfirma\" width=\"1440\" height=\"679\" data-wp-pid=\"11255\" srcset=\"https:\/\/moverdb.com\/wp-content\/uploads\/Andrews-Moving-Storage-international-moving-company.png 1440w, https:\/\/moverdb.com\/wp-content\/uploads\/Andrews-Moving-Storage-international-moving-company-300x141.png 300w, https:\/\/moverdb.com\/wp-content\/uploads\/Andrews-Moving-Storage-international-moving-company-1024x483.png 1024w, https:\/\/moverdb.com\/wp-content\/uploads\/Andrews-Moving-Storage-international-moving-company-18x8.png 18w, https:\/\/moverdb.com\/wp-content\/uploads\/Andrews-Moving-Storage-international-moving-company-600x283.png 600w\" sizes=\"auto, (max-width: 1440px) 100vw, 1440px\" \/><\/p>\n<ul>\n<li>Lokala och l\u00e5ngv\u00e4ga flyttningar<\/li>\n<li>Internationella flyttar<\/li>\n<li>Flyttning av bost\u00e4der<\/li>\n<li>Kommersiella flyttar och kontorsflyttar<\/li>\n<li>Flyttning av anst\u00e4llda<\/li>\n<li>F\u00f6rpackningstj\u00e4nst<\/li>\n<li>Transportarrangemang<\/li>\n<li>Tullst\u00f6d<\/li>\n<li>Sp\u00e5rning av f\u00f6rs\u00e4ndelser<\/li>\n<li>Kort- och l\u00e5ngtidsf\u00f6rvaring<\/li>\n<\/ul>\n<p>Andrews Moving &amp; Storage \u00e4r ett familje\u00e4gt flyttf\u00f6retag som grundades 1908 och \u00e4r baserat i Streetsboro. De \u00e4r en agent f\u00f6r United Van Lines som har ett v\u00e4rldsomsp\u00e4nnande n\u00e4tverk av flyttagenter som arbetar med h\u00f6ga standarder f\u00f6r dem att arbeta med. De \u00e4r medlemmar i IAM.<\/p>\n<p>Andrews Moving &amp; Storage erbjuder personliga flyttj\u00e4nster som tar hand om hela din flytt. De tillhandah\u00e5ller en fullst\u00e4ndig packningstj\u00e4nst f\u00f6r att skydda dina tillh\u00f6righeter under transporten med hj\u00e4lp av utbildade packningsteam. Vid ankomsten till din destination packar de ocks\u00e5 upp dina tillh\u00f6righeter. De kommer att ordna transporten av dina tillh\u00f6righeter med tullst\u00f6d och de kommer att tillhandah\u00e5lla sp\u00e5rning online.<\/p>\n<p>Webbplats: <a href=\"http:\/\/www.andrewsmoving.com\" target=\"_blank\" rel=\"noopener\">http:\/\/www.andrewsmoving.com<\/a><\/p>\n<h2><span class=\"ez-toc-section\" id=\"2_Corrigan_Moving_Systems\"><\/span><strong>2. Corrigan Moving Systems<\/strong><span class=\"ez-toc-section-end\"><\/span><\/h2>\n<p><img loading=\"lazy\" decoding=\"async\" class=\"alignnone size-full wp-image-11297\" src=\"https:\/\/moverdb.com\/wp-content\/uploads\/Corrigan-Moving-Systems-international-moving-company.png\" alt=\"Corrigan Moving Systems internationell flyttfirma\" width=\"1440\" height=\"675\" data-wp-pid=\"11297\" srcset=\"https:\/\/moverdb.com\/wp-content\/uploads\/Corrigan-Moving-Systems-international-moving-company.png 1440w, https:\/\/moverdb.com\/wp-content\/uploads\/Corrigan-Moving-Systems-international-moving-company-300x141.png 300w, https:\/\/moverdb.com\/wp-content\/uploads\/Corrigan-Moving-Systems-international-moving-company-1024x480.png 1024w, https:\/\/moverdb.com\/wp-content\/uploads\/Corrigan-Moving-Systems-international-moving-company-18x8.png 18w, https:\/\/moverdb.com\/wp-content\/uploads\/Corrigan-Moving-Systems-international-moving-company-600x281.png 600w\" sizes=\"auto, (max-width: 1440px) 100vw, 1440px\" \/><\/p>\n<ul>\n<li>Lokala och l\u00e5ngv\u00e4ga flyttningar<\/li>\n<li>Internationella flyttar<\/li>\n<li>Flyttning av bost\u00e4der<\/li>\n<li>Kommersiella flyttar<\/li>\n<li>Flyttning av f\u00f6retag<\/li>\n<li>D\u00f6rr-till-d\u00f6rr-tj\u00e4nster<\/li>\n<li>F\u00f6rpackningstj\u00e4nst<\/li>\n<li>Tullst\u00f6d<\/li>\n<li><a href=\"https:\/\/moverdb.com\/sv\/car-transport-shipping\/\" data-internallinksmanager029f6b8e52c=\"2\" title=\"2026 Internationella offerter f\u00f6r biltransport och fordonsfrakt\">Transport av fordon<\/a><\/li>\n<li>Lagringstj\u00e4nster<\/li>\n<\/ul>\n<p>Corrigan Moving Systems \u00e4r ett fullservicef\u00f6retag inom flytt och logistik som grundades 1929 med 13 anl\u00e4ggningar i Ohio, <a href=\"https:\/\/moverdb.com\/sv\/moving-to-the-united-states\/moving-to-michigan\/\" data-internallinksmanager029f6b8e52c=\"414\" title=\"Flytta till Michigan? 2026 Levnadskostnader &amp; tips om flytt\">Michigan<\/a>, <a href=\"https:\/\/moverdb.com\/sv\/moving-to-the-united-states\/moving-to-new-york\/\" data-internallinksmanager029f6b8e52c=\"332\" title=\"Flyttar du till New York (State)? 2026 Levnadskostnader &amp; Tips om flyttning\">New York<\/a> och <a href=\"https:\/\/moverdb.com\/sv\/moving-to-the-united-states\/moving-to-pennsylvania\/\" data-internallinksmanager029f6b8e52c=\"404\" title=\"Flyttar du till Pennsylvania? 2026 Levnadskostnader och tips om flytt\">Pennsylvania<\/a>. Deras Ohio-platser finns i Cleveland och Toledo. De \u00e4r en del av United Van Lines vilket ger dem ett n\u00e4tverk av flyttagenter att arbeta med. De \u00e4r medlemmar i IAM med 75 \u00e5rs erfarenhet och \u00e4r ackrediterade av FIDI.<\/p>\n<p>Corrigan Moving Systems erbjuder d\u00f6rr-till-d\u00f6rr-flyttj\u00e4nster f\u00f6r privatpersoner och f\u00f6retag. De erbjuder personliga flyttpaket och din flyttkoordinator kommer att skr\u00e4ddarsy en flyttstrategi f\u00f6r din situation. Detta b\u00f6rjar med en kostnadsfri offert och besiktning p\u00e5 plats eller virtuellt.<\/p>\n<p>Webbplats: <a href=\"https:\/\/www.corriganmoving.com\/\" target=\"_blank\" rel=\"noopener\">https:\/\/www.corriganmoving.com\/<\/a><\/p>\n<h2><span class=\"ez-toc-section\" id=\"3_CSNS_Relocation_Services\"><\/span><strong>3. CSNS Flyttj\u00e4nster<\/strong><span class=\"ez-toc-section-end\"><\/span><\/h2>\n<p><img loading=\"lazy\" decoding=\"async\" class=\"alignnone size-full wp-image-11301\" src=\"https:\/\/moverdb.com\/wp-content\/uploads\/CSNS-Relocation-Services-international-moving-company.png\" alt=\"CSNS Relocation Services internationell flyttfirma\" width=\"1440\" height=\"680\" data-wp-pid=\"11301\" srcset=\"https:\/\/moverdb.com\/wp-content\/uploads\/CSNS-Relocation-Services-international-moving-company.png 1440w, https:\/\/moverdb.com\/wp-content\/uploads\/CSNS-Relocation-Services-international-moving-company-300x142.png 300w, https:\/\/moverdb.com\/wp-content\/uploads\/CSNS-Relocation-Services-international-moving-company-1024x484.png 1024w, https:\/\/moverdb.com\/wp-content\/uploads\/CSNS-Relocation-Services-international-moving-company-18x9.png 18w, https:\/\/moverdb.com\/wp-content\/uploads\/CSNS-Relocation-Services-international-moving-company-600x283.png 600w\" sizes=\"auto, (max-width: 1440px) 100vw, 1440px\" \/><\/p>\n<ul>\n<li>Nationella flyttj\u00e4nster<\/li>\n<li>Tj\u00e4nster f\u00f6r flytt av hush\u00e5ll<\/li>\n<li>Ursprungstj\u00e4nster<\/li>\n<li>Tj\u00e4nster p\u00e5 destinationen<\/li>\n<li>Professionell packning<\/li>\n<li>Demontering och montering av m\u00f6bler<\/li>\n<li>Installationstj\u00e4nster<\/li>\n<li>St\u00e4dservice<\/li>\n<li>Bortforsling av avfall<\/li>\n<\/ul>\n<p>CSNS Relocation Services \u00e4r ett nationellt f\u00f6retag inom omlokaliseringstj\u00e4nster som grundades 2002 i <a href=\"https:\/\/moverdb.com\/sv\/moving-to-dublin\/\" data-internallinksmanager029f6b8e52c=\"260\" title=\"Flyttar du till Dublin? 2026 Levnadskostnader och flyttningstips\">Dublin<\/a>. De har ett omfattande n\u00e4tverk av flyttfirmor som de samarbetar med f\u00f6r att leverera sina tj\u00e4nster. De \u00e4r medlemmar i IAM med 21 \u00e5rs erfarenhet.<\/p>\n<p>CSNS Relocation Services erbjuder flyttj\u00e4nster fr\u00e5n tredje part f\u00f6r att hj\u00e4lpa dig b\u00e5de vid din start och destination inom <a href=\"https:\/\/moverdb.com\/sv\/moving-to-the-united-states\/\" data-internallinksmanager029f6b8e52c=\"94\" title=\"Flyttar du till USA? 2026 Levnadskostnader och flyttningstips\">USA<\/a>. De erbjuder ett brett utbud av tj\u00e4nster som flyttfirmor ofta inte erbjuder f\u00f6r att hj\u00e4lpa dig att f\u00f6rbereda flytten eller komma till r\u00e4tta i ditt nya hem, till exempel installation av vitvaror, installation av audiovisuell utrustning, installation av inventarier och st\u00e4dtj\u00e4nster.<\/p>\n<p>Webbplats: <a href=\"http:\/\/www.csnsrelo.com\" target=\"_blank\" rel=\"noopener\">http:\/\/www.csnsrelo.com<\/a><\/p>\n<h2><span class=\"ez-toc-section\" id=\"4_Letz_Get_Moving\"><\/span><strong>4. Letz Get Moving<\/strong><span class=\"ez-toc-section-end\"><\/span><\/h2>\n<p><img loading=\"lazy\" decoding=\"async\" class=\"alignnone size-full wp-image-11364\" src=\"https:\/\/moverdb.com\/wp-content\/uploads\/Letz-Get-Moving-international-moving-company.png\" alt=\"Letz Get Moving internationell flyttfirma\" width=\"1440\" height=\"674\" data-wp-pid=\"11364\" srcset=\"https:\/\/moverdb.com\/wp-content\/uploads\/Letz-Get-Moving-international-moving-company.png 1440w, https:\/\/moverdb.com\/wp-content\/uploads\/Letz-Get-Moving-international-moving-company-300x140.png 300w, https:\/\/moverdb.com\/wp-content\/uploads\/Letz-Get-Moving-international-moving-company-1024x479.png 1024w, https:\/\/moverdb.com\/wp-content\/uploads\/Letz-Get-Moving-international-moving-company-18x8.png 18w, https:\/\/moverdb.com\/wp-content\/uploads\/Letz-Get-Moving-international-moving-company-600x281.png 600w\" sizes=\"auto, (max-width: 1440px) 100vw, 1440px\" \/><\/p>\n<ul>\n<li>Nationella omlokaliseringar<\/li>\n<li>Internationella flyttningar<\/li>\n<li>Flyttning av hush\u00e5ll<\/li>\n<li>D\u00f6rr-till-d\u00f6rr-tj\u00e4nster<\/li>\n<li>F\u00f6rpackningstj\u00e4nst<\/li>\n<li>Transport<\/li>\n<li>Val av beh\u00e5llaralternativ<\/li>\n<li>Tullklarering<\/li>\n<li>Transport av fordon<\/li>\n<li>S\u00e4ker lagring<\/li>\n<\/ul>\n<p>Letz Get Moving \u00e4r ett f\u00f6retag med 10 \u00e5rs erfarenhet av interurbana och internationella flyttningar och har kontor i Twinsburg, Baltimore och <a href=\"https:\/\/moverdb.com\/sv\/moving-to-los-angeles\/\" data-internallinksmanager029f6b8e52c=\"51\" title=\"Flyttar du till Los Angeles? 2026 LA Levnadskostnader och tips om flyttning\">Los Angeles<\/a>. De \u00e4r medlemmar i IAM och har sex \u00e5rs erfarenhet.<\/p>\n<p>Letz Get Moving erbjuder omfattande flyttj\u00e4nster som hanterar din flytt fr\u00e5n b\u00f6rjan till slut. De tillhandah\u00e5ller en prim\u00e4r kontaktpunkt som samordnar och planerar din flytt. De packar dina tillh\u00f6righeter professionellt och erbjuder anpassade l\u00e5dtj\u00e4nster. De m\u00e4rker dina tillh\u00f6righeter och skapar en inventarielista. Vid ankomsten packar de upp och monterar m\u00f6bler samt tar bort eventuellt skr\u00e4p.<\/p>\n<p>Webbplats: <a href=\"http:\/\/www.letzgetmoving.com\" target=\"_blank\" rel=\"noopener\">http:\/\/www.letzgetmoving.com<\/a><\/p>\n<h2><span class=\"ez-toc-section\" id=\"5_Moving_Ahead_Services\"><\/span><strong>5. Moving Ahead-tj\u00e4nster<\/strong><span class=\"ez-toc-section-end\"><\/span><\/h2>\n<p><img loading=\"lazy\" decoding=\"async\" class=\"alignnone size-full wp-image-11387\" src=\"https:\/\/moverdb.com\/wp-content\/uploads\/Moving-Ahead-Services-international-moving-company.png\" alt=\"Moving Ahead Services internationell flyttfirma\" width=\"1440\" height=\"672\" data-wp-pid=\"11387\" srcset=\"https:\/\/moverdb.com\/wp-content\/uploads\/Moving-Ahead-Services-international-moving-company.png 1440w, https:\/\/moverdb.com\/wp-content\/uploads\/Moving-Ahead-Services-international-moving-company-300x140.png 300w, https:\/\/moverdb.com\/wp-content\/uploads\/Moving-Ahead-Services-international-moving-company-1024x478.png 1024w, https:\/\/moverdb.com\/wp-content\/uploads\/Moving-Ahead-Services-international-moving-company-18x8.png 18w, https:\/\/moverdb.com\/wp-content\/uploads\/Moving-Ahead-Services-international-moving-company-600x280.png 600w\" sizes=\"auto, (max-width: 1440px) 100vw, 1440px\" \/><\/p>\n<ul>\n<li>Lokala flyttningar och flyttningar \u00f6ver l\u00e5nga avst\u00e5nd<\/li>\n<li>Internationella flyttar<\/li>\n<li>Hush\u00e5llsflyttar<\/li>\n<li>Kommersiella flyttar<\/li>\n<li>Flyttning av f\u00f6retag<\/li>\n<li>Anpassad flyttplan<\/li>\n<li>Val mellan fullservice eller endast arbete<\/li>\n<li>F\u00f6rpackningstj\u00e4nster<\/li>\n<li>Arrangemang av transporter<\/li>\n<li>F\u00f6rvaringsutrymmen<\/li>\n<\/ul>\n<p>Moving Ahead Services \u00e4r en flyttfirma med kontor i Cleveland, Columbus, Cincinnati, Charlotte och Pittsburgh. De \u00e4r medlemmar i IAM med 18 \u00e5rs erfarenhet vilket ger dem tillg\u00e5ng till ett n\u00e4tverk av flyttfirmor att arbeta med.<\/p>\n<p>Moving Ahead Services kommer att genomf\u00f6ra en online- eller telefonintervju <a href=\"https:\/\/moverdb.com\/sv\/quotes\/\" data-internallinksmanager029f6b8e52c=\"26\" title=\"Citat fr\u00e5n internationella flyttningar: 12 fr\u00e5gor att st\u00e4lla till din flyttare\">Flyttofferter<\/a>. De skapar en skr\u00e4ddarsydd flyttplan som tillgodoser dina behov. De erbjuder full service till endast arbetskraft alternativ f\u00f6r packning och lagring och ett urval av ytterligare tj\u00e4nster. Din kundtj\u00e4nstrepresentant kommer att v\u00e4gleda dig genom flytten och alternativen.<\/p>\n<p>Webbplats: <a href=\"https:\/\/movingaheadservices.com\/\" target=\"_blank\" rel=\"noopener\">https:\/\/movingaheadservices.com\/<\/a><\/p>\n<h2><span class=\"ez-toc-section\" id=\"6_Planes_Moving_Storage\"><\/span><strong>6. Planes Flytt &amp; Lagring<\/strong><span class=\"ez-toc-section-end\"><\/span><\/h2>\n<p><img loading=\"lazy\" decoding=\"async\" class=\"alignnone size-full wp-image-11410\" src=\"https:\/\/moverdb.com\/wp-content\/uploads\/Planes-Moving-Storage-international-moving-company.png\" alt=\"Planes Moving &amp; Storage internationell flyttfirma\" width=\"1440\" height=\"660\" data-wp-pid=\"11410\" srcset=\"https:\/\/moverdb.com\/wp-content\/uploads\/Planes-Moving-Storage-international-moving-company.png 1440w, https:\/\/moverdb.com\/wp-content\/uploads\/Planes-Moving-Storage-international-moving-company-300x138.png 300w, https:\/\/moverdb.com\/wp-content\/uploads\/Planes-Moving-Storage-international-moving-company-1024x469.png 1024w, https:\/\/moverdb.com\/wp-content\/uploads\/Planes-Moving-Storage-international-moving-company-18x8.png 18w, https:\/\/moverdb.com\/wp-content\/uploads\/Planes-Moving-Storage-international-moving-company-600x275.png 600w\" sizes=\"auto, (max-width: 1440px) 100vw, 1440px\" \/><\/p>\n<ul>\n<li>Lokala och l\u00e5ngv\u00e4ga flyttningar<\/li>\n<li>Internationella flyttar<\/li>\n<li>Flyttning av hush\u00e5ll<\/li>\n<li>Aff\u00e4rsr\u00f6relser<\/li>\n<li>F\u00f6rflyttningshantering<\/li>\n<li>F\u00f6rpackningstj\u00e4nst<\/li>\n<li>Frakt med flyg, b\u00e5t och j\u00e4rnv\u00e4g<\/li>\n<li>St\u00f6d f\u00f6r dokumentation<\/li>\n<li>Transport av fordon<\/li>\n<li>F\u00f6rvaringsutrymmen<\/li>\n<\/ul>\n<p>Planes Moving &amp; Storage \u00e4r en flyttfirma som grundades 1921 med kontor i Cincinnati, Dayton och Columbus i Ohio samt i Indianapolis och <a href=\"https:\/\/moverdb.com\/sv\/moving-to-chicago\/\" data-internallinksmanager029f6b8e52c=\"39\" title=\"Flyttar du till Chicago? 2022 levnadskostnader och flyttningstips\">Chicago<\/a>.  De \u00e4r en partner till United Van Lines och de har en stark leveranskedja av partners f\u00f6r att leverera sina tj\u00e4nster internationellt. De \u00e4r medlemmar i IAM med 103 \u00e5rs erfarenhet och \u00e4r ackrediterade av FIDI.<\/p>\n<p>Planes Moving &amp; Storage tillhandah\u00e5ller en erfaren flyttkoordinator som arbetar med dig och utvecklar en anpassad flyttplan f\u00f6r att uppfylla dina behov. De erbjuder en komplett packningstj\u00e4nst med utbildade packningsteam och de skyddar v\u00e4rdefulla och \u00f6mt\u00e5liga f\u00f6rem\u00e5l.<\/p>\n<p>Webbplats: <a href=\"http:\/\/www.planescompanies.com\/\" target=\"_blank\" rel=\"noopener\">http:\/\/www.planescompanies.com\/<\/a><\/p>","protected":false},"excerpt":{"rendered":"<p>Are you planning a move? Then you may want to engage the services of a moving company to reduce the workload and pressure of moving. They can organise, pack and transport your belongings as well as handle customs if you are moving country. Below we have compiled a list of Ohio based removal companies that [&hellip;]<\/p>\n","protected":false},"author":4,"featured_media":11255,"parent":190,"menu_order":0,"comment_status":"closed","ping_status":"closed","template":"","meta":{"_genesis_hide_title":false,"_genesis_hide_breadcrumbs":false,"_genesis_hide_singular_image":false,"_genesis_hide_footer_widgets":false,"_genesis_custom_body_class":"","_genesis_custom_post_class":"","_genesis_layout":"","footnotes":""},"class_list":{"0":"post-11648","1":"page","2":"type-page","3":"status-publish","4":"has-post-thumbnail","6":"entry"},"_links":{"self":[{"href":"https:\/\/moverdb.com\/sv\/wp-json\/wp\/v2\/pages\/11648","targetHints":{"allow":["GET"]}}],"collection":[{"href":"https:\/\/moverdb.com\/sv\/wp-json\/wp\/v2\/pages"}],"about":[{"href":"https:\/\/moverdb.com\/sv\/wp-json\/wp\/v2\/types\/page"}],"author":[{"embeddable":true,"href":"https:\/\/moverdb.com\/sv\/wp-json\/wp\/v2\/users\/4"}],"replies":[{"embeddable":true,"href":"https:\/\/moverdb.com\/sv\/wp-json\/wp\/v2\/comments?post=11648"}],"version-history":[{"count":2,"href":"https:\/\/moverdb.com\/sv\/wp-json\/wp\/v2\/pages\/11648\/revisions"}],"predecessor-version":[{"id":11650,"href":"https:\/\/moverdb.com\/sv\/wp-json\/wp\/v2\/pages\/11648\/revisions\/11650"}],"up":[{"embeddable":true,"href":"https:\/\/moverdb.com\/sv\/wp-json\/wp\/v2\/pages\/190"}],"wp:featuredmedia":[{"embeddable":true,"href":"https:\/\/moverdb.com\/sv\/wp-json\/wp\/v2\/media\/11255"}],"wp:attachment":[{"href":"https:\/\/moverdb.com\/sv\/wp-json\/wp\/v2\/media?parent=11648"}],"curies":[{"name":"wp","href":"https:\/\/api.w.org\/{rel}","templated":true}]}}