{"id":11624,"date":"2023-11-22T15:50:03","date_gmt":"2023-11-22T15:50:03","guid":{"rendered":"https:\/\/moverdb.com\/?page_id=11624"},"modified":"2026-01-08T15:30:12","modified_gmt":"2026-01-08T15:30:12","slug":"moving-companies-nevada","status":"publish","type":"page","link":"https:\/\/moverdb.com\/sv\/moving-companies\/moving-companies-nevada\/","title":{"rendered":"B\u00e4sta internationella flyttfirmor i Nevada"},"content":{"rendered":"<p>Att flytta kan vara en av de mest stressiga perioderna i livet, s\u00e5 varf\u00f6r f\u00f6rs\u00f6ka g\u00f6ra allt sj\u00e4lv? A <a href=\"https:\/\/moverdb.com\/sv\/moving-companies\/\" data-internallinksmanager029f6b8e52c=\"79\" title=\"Topp 25 internationella flyttfirmor p\u00e5 n\u00e4tet\">flyttfirma<\/a> kan ta p\u00e5 sig m\u00e5nga av uppgifterna som att organisera flytten, ordna med transport, packa och fylla i pappersarbete. Nedan har vi sammanst\u00e4llt en lista \u00f6ver <a href=\"https:\/\/moverdb.com\/sv\/moving-to-the-united-states\/moving-to-nevada\/\" data-internallinksmanager029f6b8e52c=\"457\" title=\"Flytta till Nevada? 2024 Levnadskostnader &amp; tips om flytt\">Nevada<\/a> . <a href=\"https:\/\/moverdb.com\/sv\/international-removals\/\" data-internallinksmanager029f6b8e52c=\"27\" title=\"36 b\u00e4sta internationella flyttfirmor i Storbritannien\">flyttfirmor<\/a> som \u00e4r medlemmar i <a href=\"https:\/\/moverdb.com\/sv\/iam\/\" data-internallinksmanager029f6b8e52c=\"23\" title=\"International Association of Movers (IAM) f\u00f6rklaras\">Internationella sammanslutningen av flyttfirmor<\/a> (IAM) och\/eller <a href=\"https:\/\/moverdb.com\/sv\/fidi-faim\/\" data-internallinksmanager029f6b8e52c=\"16\" title=\"FIDI &amp; FAIM (FIDI Accredited International Mover) f\u00f6rklaras\">FIDI<\/a> Accredited International Mover (FAIM) som kan hj\u00e4lpa dig med din flytt.<\/p>\n<h2><strong>RenoRelo<\/strong><\/h2>\n<p><img loading=\"lazy\" decoding=\"async\" class=\"alignnone size-full wp-image-11423\" src=\"https:\/\/moverdb.com\/wp-content\/uploads\/RenoRelo-international-moving-company.png\" alt=\"RenoRelo internationell flyttfirma\" width=\"1440\" height=\"679\" data-wp-pid=\"11423\" srcset=\"https:\/\/moverdb.com\/wp-content\/uploads\/RenoRelo-international-moving-company.png 1440w, https:\/\/moverdb.com\/wp-content\/uploads\/RenoRelo-international-moving-company-300x141.png 300w, https:\/\/moverdb.com\/wp-content\/uploads\/RenoRelo-international-moving-company-1024x483.png 1024w, https:\/\/moverdb.com\/wp-content\/uploads\/RenoRelo-international-moving-company-18x8.png 18w, https:\/\/moverdb.com\/wp-content\/uploads\/RenoRelo-international-moving-company-600x283.png 600w\" sizes=\"auto, (max-width: 1440px) 100vw, 1440px\" \/><\/p>\n<ul>\n<li>Lokala och nationella flyttningar<\/li>\n<li>Globala r\u00f6relser<\/li>\n<li>Flyttning av bost\u00e4der<\/li>\n<li>Kommersiella flyttar och kontorsflyttar<\/li>\n<li>Flyttning av f\u00f6retag<\/li>\n<li>Fullservicel\u00f6sningar<\/li>\n<li>F\u00f6rpackningstj\u00e4nst<\/li>\n<li>F\u00f6rvaring i kasse<\/li>\n<li>Transportarrangemang<\/li>\n<li>F\u00f6rvaringsutrymmen<\/li>\n<\/ul>\n<p>RenoRelo \u00e4r en fullserviceflyttfirma med kontor i Reno, Spokane och Boise. De \u00e4r en agent f\u00f6r United Van Lines vilket ger dem ett n\u00e4tverk av flyttfirmor att arbeta med f\u00f6r att leverera sina tj\u00e4nster utanf\u00f6r sina verksamhetsomr\u00e5den. De \u00e4r medlemmar i IAM och har fem \u00e5rs erfarenhet.<\/p>\n<p>RenoRelo erbjuder kompletta flyttl\u00f6sningar f\u00f6r bostads-, aff\u00e4rs- och kontorsflyttar samt f\u00f6retagsflyttar inom <a href=\"https:\/\/moverdb.com\/sv\/moving-to-the-united-states\/\" data-internallinksmanager029f6b8e52c=\"94\" title=\"Flyttar du till USA? 2026 Levnadskostnader och flyttningstips\">USA<\/a> och internationellt. De tillhandah\u00e5ller packnings- och l\u00e5dtj\u00e4nster f\u00f6r att skydda dina tillh\u00f6righeter under transporten. De ordnar med transport av dina tillh\u00f6righeter och samordnar med eventuella tredje parter f\u00f6r leverans till din destination.<\/p>\n<p>Webbplats: <a href=\"http:\/\/renoreloww.com\" target=\"_blank\" rel=\"noopener\">http:\/\/renoreloww.com<\/a><\/p>\n<h2>Andra anv\u00e4ndbara guider till USA<\/h2>\n<ul>\n<li> <a href=\"https:\/\/moverdb.com\/sv\/flytta-till-usa-2022-boendekostnader-tips-om-flyttning\/moving-to-las-vegas\/\">Flyttar du till Las Vegas? 2024 Levnadskostnader och tips om omlokalisering<\/a><\/li>\n<li> <a href=\"https:\/\/moverdb.com\/sv\/flytta-till-usa-2022-boendekostnader-tips-om-flyttning\/moving-to-nevada\/\">Flytta till Nevada? 2024 Levnadskostnader &amp; tips om flytt<\/a><\/li>\n<li> <a href=\"https:\/\/moverdb.com\/sv\/flytta-till-usa-2022-boendekostnader-tips-om-flyttning\/movers-cost\/\">Hur mycket kostar det att anlita flyttfirmor? Amerikansk sparguide 2024<\/a><\/li>\n<li> <a href=\"https:\/\/moverdb.com\/sv\/flytta-till-usa-2022-boendekostnader-tips-om-flyttning\/\">Flyttar du till USA? 2026 Levnadskostnader och flyttningstips<\/a><\/li>\n<li> <a href=\"https:\/\/moverdb.com\/sv\/flytta-till-usa-2022-boendekostnader-tips-om-flyttning\/places-to-live-in-the-us\/\">13 b\u00e4sta st\u00e4llen att bo p\u00e5 i USA<\/a><\/li>\n<li> <a href=\"https:\/\/moverdb.com\/sv\/flytta-till-usa-2022-boendekostnader-tips-om-flyttning\/boende\/\">21 hemligheter om att bo i USA som du b\u00f6r k\u00e4nna till innan du flyttar<\/a><\/li>\n<\/ul>","protected":false},"excerpt":{"rendered":"<p>Moving can be one of the most stressful times in your life so why try to do it all by yourself? A moving company can take on many of the tasks such as organising the move, arranging transport, packing and completing paperwork. Below we have compiled a list of Nevada based removal companies that are [&hellip;]<\/p>\n","protected":false},"author":4,"featured_media":11423,"parent":190,"menu_order":0,"comment_status":"closed","ping_status":"closed","template":"","meta":{"_genesis_hide_title":false,"_genesis_hide_breadcrumbs":false,"_genesis_hide_singular_image":false,"_genesis_hide_footer_widgets":false,"_genesis_custom_body_class":"","_genesis_custom_post_class":"","_genesis_layout":"","footnotes":""},"class_list":{"0":"post-11624","1":"page","2":"type-page","3":"status-publish","4":"has-post-thumbnail","6":"entry"},"_links":{"self":[{"href":"https:\/\/moverdb.com\/sv\/wp-json\/wp\/v2\/pages\/11624","targetHints":{"allow":["GET"]}}],"collection":[{"href":"https:\/\/moverdb.com\/sv\/wp-json\/wp\/v2\/pages"}],"about":[{"href":"https:\/\/moverdb.com\/sv\/wp-json\/wp\/v2\/types\/page"}],"author":[{"embeddable":true,"href":"https:\/\/moverdb.com\/sv\/wp-json\/wp\/v2\/users\/4"}],"replies":[{"embeddable":true,"href":"https:\/\/moverdb.com\/sv\/wp-json\/wp\/v2\/comments?post=11624"}],"version-history":[{"count":4,"href":"https:\/\/moverdb.com\/sv\/wp-json\/wp\/v2\/pages\/11624\/revisions"}],"predecessor-version":[{"id":17660,"href":"https:\/\/moverdb.com\/sv\/wp-json\/wp\/v2\/pages\/11624\/revisions\/17660"}],"up":[{"embeddable":true,"href":"https:\/\/moverdb.com\/sv\/wp-json\/wp\/v2\/pages\/190"}],"wp:featuredmedia":[{"embeddable":true,"href":"https:\/\/moverdb.com\/sv\/wp-json\/wp\/v2\/media\/11423"}],"wp:attachment":[{"href":"https:\/\/moverdb.com\/sv\/wp-json\/wp\/v2\/media?parent=11624"}],"curies":[{"name":"wp","href":"https:\/\/api.w.org\/{rel}","templated":true}]}}