{"id":11619,"date":"2023-11-29T10:52:33","date_gmt":"2023-11-29T10:52:33","guid":{"rendered":"https:\/\/moverdb.com\/?page_id=11619"},"modified":"2026-01-08T15:28:59","modified_gmt":"2026-01-08T15:28:59","slug":"moving-companies-us-missouri","status":"publish","type":"page","link":"https:\/\/moverdb.com\/sv\/moving-companies\/moving-companies-us-missouri\/","title":{"rendered":"5 b\u00e4sta internationella flyttfirmor i Missouri"},"content":{"rendered":"<p>N\u00e4r du planerar din flytt, kommer du att g\u00f6ra allt sj\u00e4lv eller kommer du att f\u00e5 hj\u00e4lp av en <a href=\"https:\/\/moverdb.com\/sv\/moving-companies\/\" data-internallinksmanager029f6b8e52c=\"79\" title=\"Topp 25 internationella flyttfirmor p\u00e5 n\u00e4tet\">flyttfirma<\/a>? De kan hj\u00e4lpa till med packning, transport och dokumentation f\u00f6r att minska trycket p\u00e5 dig. Nedan har vi sammanst\u00e4llt en lista \u00f6ver <a href=\"https:\/\/moverdb.com\/sv\/moving-to-the-united-states\/moving-to-missouri\/\" data-internallinksmanager029f6b8e52c=\"460\" title=\"Flytta till Missouri? 2024 Levnadskostnader &amp; tips om flytt\">Missouri<\/a> . <a href=\"https:\/\/moverdb.com\/sv\/international-removals\/\" data-internallinksmanager029f6b8e52c=\"27\" title=\"36 b\u00e4sta internationella flyttfirmor i Storbritannien\">flyttfirmor<\/a> som \u00e4r medlemmar i <a href=\"https:\/\/moverdb.com\/sv\/iam\/\" data-internallinksmanager029f6b8e52c=\"23\" title=\"International Association of Movers (IAM) f\u00f6rklaras\">Internationella sammanslutningen av flyttfirmor<\/a> (IAM) och\/eller <a href=\"https:\/\/moverdb.com\/sv\/fidi-faim\/\" data-internallinksmanager029f6b8e52c=\"16\" title=\"FIDI &amp; FAIM (FIDI Accredited International Mover) f\u00f6rklaras\">FIDI<\/a> Accredited International Mover (FAIM) som kan hj\u00e4lpa dig med din flytt.<\/p>\n<div id=\"ez-toc-container\" class=\"ez-toc-v2_0_82_2 ez-toc-wrap-left counter-hierarchy ez-toc-counter ez-toc-transparent ez-toc-container-direction\">\n<div class=\"ez-toc-title-container\">\n<p class=\"ez-toc-title\" style=\"cursor:inherit\">Avsnitt<\/p>\n<span class=\"ez-toc-title-toggle\"><a href=\"#\" class=\"ez-toc-pull-right ez-toc-btn ez-toc-btn-xs ez-toc-btn-default ez-toc-toggle\" aria-label=\"V\u00e4xla till inneh\u00e5llsf\u00f6rteckning\"><span class=\"ez-toc-js-icon-con\"><span class=\"\"><span class=\"eztoc-hide\" style=\"display:none;\">V\u00e4xel<\/span><span class=\"ez-toc-icon-toggle-span\"><svg style=\"fill: #999;color:#999\" xmlns=\"http:\/\/www.w3.org\/2000\/svg\" class=\"list-377408\" width=\"20px\" height=\"20px\" viewbox=\"0 0 24 24\" fill=\"none\"><path d=\"M6 6H4v2h2V6zm14 0H8v2h12V6zM4 11h2v2H4v-2zm16 0H8v2h12v-2zM4 16h2v2H4v-2zm16 0H8v2h12v-2z\" fill=\"currentColor\"><\/path><\/svg><svg style=\"fill: #999;color:#999\" class=\"arrow-unsorted-368013\" xmlns=\"http:\/\/www.w3.org\/2000\/svg\" width=\"10px\" height=\"10px\" viewbox=\"0 0 24 24\" version=\"1.2\" baseprofile=\"tiny\"><path d=\"M18.2 9.3l-6.2-6.3-6.2 6.3c-.2.2-.3.4-.3.7s.1.5.3.7c.2.2.4.3.7.3h11c.3 0 .5-.1.7-.3.2-.2.3-.5.3-.7s-.1-.5-.3-.7zM5.8 14.7l6.2 6.3 6.2-6.3c.2-.2.3-.5.3-.7s-.1-.5-.3-.7c-.2-.2-.4-.3-.7-.3h-11c-.3 0-.5.1-.7.3-.2.2-.3.5-.3.7s.1.5.3.7z\"\/><\/svg><\/span><\/span><\/span><\/a><\/span><\/div>\n<nav><ul class='ez-toc-list ez-toc-list-level-1 eztoc-toggle-hide-by-default' ><li class='ez-toc-page-1 ez-toc-heading-level-2'><a class=\"ez-toc-link ez-toc-heading-1\" href=\"https:\/\/moverdb.com\/sv\/moving-companies\/moving-companies-us-missouri\/#1_Compass_Moving\" >1. Kompass i r\u00f6relse<\/a><\/li><li class='ez-toc-page-1 ez-toc-heading-level-2'><a class=\"ez-toc-link ez-toc-heading-2\" href=\"https:\/\/moverdb.com\/sv\/moving-companies\/moving-companies-us-missouri\/#2_Day_Transfer_Company\" >2. Dag Transfer F\u00f6retag<\/a><\/li><li class='ez-toc-page-1 ez-toc-heading-level-2'><a class=\"ez-toc-link ez-toc-heading-3\" href=\"https:\/\/moverdb.com\/sv\/moving-companies\/moving-companies-us-missouri\/#3_Mayflower\" >3. Majblomman<\/a><\/li><li class='ez-toc-page-1 ez-toc-heading-level-2'><a class=\"ez-toc-link ez-toc-heading-4\" href=\"https:\/\/moverdb.com\/sv\/moving-companies\/moving-companies-us-missouri\/#4_The_Cartwright_Co\" >4. Cartwright Co<\/a><\/li><li class='ez-toc-page-1 ez-toc-heading-level-2'><a class=\"ez-toc-link ez-toc-heading-5\" href=\"https:\/\/moverdb.com\/sv\/moving-companies\/moving-companies-us-missouri\/#5_United_Van_Lines\" >5. United Van Lines<\/a><\/li><\/ul><\/nav><\/div>\n<h2><span class=\"ez-toc-section\" id=\"1_Compass_Moving\"><\/span><strong>1. Kompass i r\u00f6relse<\/strong><span class=\"ez-toc-section-end\"><\/span><\/h2>\n<p><img loading=\"lazy\" decoding=\"async\" class=\"alignnone size-full wp-image-11290\" src=\"https:\/\/moverdb.com\/wp-content\/uploads\/Compass-Moving-international-moving-company.png\" alt=\"Compass Moving internationell flyttfirma\" width=\"1440\" height=\"676\" data-wp-pid=\"11290\" srcset=\"https:\/\/moverdb.com\/wp-content\/uploads\/Compass-Moving-international-moving-company.png 1440w, https:\/\/moverdb.com\/wp-content\/uploads\/Compass-Moving-international-moving-company-300x141.png 300w, https:\/\/moverdb.com\/wp-content\/uploads\/Compass-Moving-international-moving-company-1024x481.png 1024w, https:\/\/moverdb.com\/wp-content\/uploads\/Compass-Moving-international-moving-company-18x8.png 18w, https:\/\/moverdb.com\/wp-content\/uploads\/Compass-Moving-international-moving-company-600x282.png 600w\" sizes=\"auto, (max-width: 1440px) 100vw, 1440px\" \/><\/p>\n<ul>\n<li>Nationella flyttningar<\/li>\n<li>Internationella flyttar<\/li>\n<li>Flyttning av bost\u00e4der<\/li>\n<li>Milit\u00e4ra f\u00f6rflyttningar<\/li>\n<li>Fullservice-erbjudande<\/li>\n<li>F\u00f6rpackningstj\u00e4nst<\/li>\n<li>Land- och sj\u00f6transporter<\/li>\n<li><a href=\"https:\/\/moverdb.com\/sv\/top-49-container-ports\/\" data-internallinksmanager029f6b8e52c=\"80\" title=\"Topp 49 st\u00f6rsta och mest trafikerade containerhamnar 2025\">Hamn<\/a> tj\u00e4nster<\/li>\n<li><a href=\"https:\/\/moverdb.com\/sv\/car-transport-shipping\/\" data-internallinksmanager029f6b8e52c=\"2\" title=\"2026 Internationella offerter f\u00f6r biltransport och fordonsfrakt\">Transport av fordon<\/a><\/li>\n<li>F\u00f6rs\u00e4kring<\/li>\n<\/ul>\n<p>Compass Moving \u00e4r en fullservice flyttfirma som grundades 1982 och \u00e4r baserad i Grandview. De \u00e4r medlemmar i IAM och har 41 \u00e5rs erfarenhet, vilket ger dem tillg\u00e5ng till ett internationellt n\u00e4tverk av flyttfirmor att arbeta med.<\/p>\n<p>Compass Moving erbjuder omfattande <a href=\"https:\/\/moverdb.com\/sv\/quotes\/\" data-internallinksmanager029f6b8e52c=\"26\" title=\"Citat fr\u00e5n internationella flyttningar: 12 fr\u00e5gor att st\u00e4lla till din flyttare\">Flyttningsanbud<\/a> utan dolda avgifter. De erbjuder en professionell packningstj\u00e4nst i hemmet f\u00f6r att s\u00e4kert packa dina tillh\u00f6righeter f\u00f6r transit i f\u00f6rseglade beh\u00e5llare. De ordnar transport med lastbil och sj\u00f6frakt om du flyttar internationellt. De hanterar alla hamnprocedurer och alla kostnader ing\u00e5r i priset, liksom en grundl\u00e4ggande f\u00f6rs\u00e4kring.<\/p>\n<p>Webbplats: <a href=\"http:\/\/www.compassmoving.com\" target=\"_blank\" rel=\"noopener\">http:\/\/www.compassmoving.com<\/a><\/p>\n<h2><span class=\"ez-toc-section\" id=\"2_Day_Transfer_Company\"><\/span><strong>2. Dag Transfer F\u00f6retag<\/strong><span class=\"ez-toc-section-end\"><\/span><\/h2>\n<p><img loading=\"lazy\" decoding=\"async\" class=\"alignnone size-full wp-image-11304\" src=\"https:\/\/moverdb.com\/wp-content\/uploads\/Day-Transfer-Moving-Storage-international-moving-company.png\" alt=\"Day Transfer Moving &amp; Storage internationell flyttfirma\" width=\"1440\" height=\"677\" data-wp-pid=\"11304\" srcset=\"https:\/\/moverdb.com\/wp-content\/uploads\/Day-Transfer-Moving-Storage-international-moving-company.png 1440w, https:\/\/moverdb.com\/wp-content\/uploads\/Day-Transfer-Moving-Storage-international-moving-company-300x141.png 300w, https:\/\/moverdb.com\/wp-content\/uploads\/Day-Transfer-Moving-Storage-international-moving-company-1024x481.png 1024w, https:\/\/moverdb.com\/wp-content\/uploads\/Day-Transfer-Moving-Storage-international-moving-company-18x8.png 18w, https:\/\/moverdb.com\/wp-content\/uploads\/Day-Transfer-Moving-Storage-international-moving-company-600x282.png 600w\" sizes=\"auto, (max-width: 1440px) 100vw, 1440px\" \/><\/p>\n<ul>\n<li>Lokala flyttningar<\/li>\n<li>Flyttar p\u00e5 l\u00e5nga avst\u00e5nd<\/li>\n<li>Flyttning av bost\u00e4der<\/li>\n<li>Flyttning av kontor<\/li>\n<li>Flyttning av f\u00f6retag<\/li>\n<li>Konsult inom omlokalisering<\/li>\n<li>F\u00f6rpackningstj\u00e4nster<\/li>\n<li>Transportarrangemang<\/li>\n<li>F\u00f6rs\u00e4kring<\/li>\n<li>L\u00e5ngsiktig och tillf\u00e4llig lagring<\/li>\n<\/ul>\n<p>Day Transfer Company \u00e4r en fullservice flyttfirma med kontor i Cape Girardeau, Clarksville, Fayetteville och Montgomery. De \u00e4r en mellanstatlig agent f\u00f6r National Van Lines vilket ger dem ett n\u00e4tverk av flyttfirmor att arbeta med f\u00f6r att leverera sina tj\u00e4nster. De \u00e4r medlemmar i IAM med 90 \u00e5rs erfarenhet.<\/p>\n<p>Day Transfer Company erbjuder fullservice flyttl\u00f6sningar med en Relocation Consultant som hj\u00e4lper dig, eller s\u00e5 erbjuder de frist\u00e5ende packningstj\u00e4nster. De erbjuder packningstj\u00e4nster med en professionellt utbildad packningspersonal som skyddar dina f\u00f6rem\u00e5l f\u00f6r transport och ger f\u00f6rs\u00e4kringsskydd f\u00f6r sinnesfrid. De packar ocks\u00e5 upp vid ankomsten.<\/p>\n<p>Webbplats: <a href=\"http:\/\/www.daytransferco.com\" target=\"_blank\" rel=\"noopener\">http:\/\/www.daytransferco.com<\/a><\/p>\n<h2><span class=\"ez-toc-section\" id=\"3_Mayflower\"><\/span><strong>3. Majblomman<\/strong><span class=\"ez-toc-section-end\"><\/span><\/h2>\n<p><img loading=\"lazy\" decoding=\"async\" class=\"alignnone size-full wp-image-11372\" src=\"https:\/\/moverdb.com\/wp-content\/uploads\/Mayflower-international-moving-company.png\" alt=\"Mayflower internationell flyttfirma\" width=\"1440\" height=\"680\" data-wp-pid=\"11372\" srcset=\"https:\/\/moverdb.com\/wp-content\/uploads\/Mayflower-international-moving-company.png 1440w, https:\/\/moverdb.com\/wp-content\/uploads\/Mayflower-international-moving-company-300x142.png 300w, https:\/\/moverdb.com\/wp-content\/uploads\/Mayflower-international-moving-company-1024x484.png 1024w, https:\/\/moverdb.com\/wp-content\/uploads\/Mayflower-international-moving-company-18x9.png 18w, https:\/\/moverdb.com\/wp-content\/uploads\/Mayflower-international-moving-company-600x283.png 600w\" sizes=\"auto, (max-width: 1440px) 100vw, 1440px\" \/><\/p>\n<ul>\n<li>Lokala och nationella flyttningar<\/li>\n<li>Internationella flyttar<\/li>\n<li>Hush\u00e5llsflyttar<\/li>\n<li>Flyttning av f\u00f6retag<\/li>\n<li>Personlig flyttsamordnare<\/li>\n<li>F\u00f6rpackningstj\u00e4nst<\/li>\n<li>Transporter p\u00e5 land, till sj\u00f6ss och i luften<\/li>\n<li>Tullklarering<\/li>\n<li>Transport av fordon<\/li>\n<li>Kort- och l\u00e5ngtidsf\u00f6rvaring<\/li>\n<\/ul>\n<p>Mayflower \u00e4r ett flytt- och omlokaliseringsf\u00f6retag som grundades 1927 och ing\u00e5r i UniGroup. De har ett rikst\u00e4ckande n\u00e4tverk av agenter som hj\u00e4lper dem att leverera flyttj\u00e4nster samt internationella partners som tillhandah\u00e5ller globala tj\u00e4nster i \u00f6ver 150 l\u00e4nder. De \u00e4r medlemmar i IAM och har 37 \u00e5rs erfarenhet.<\/p>\n<p>Mayflowers personliga flyttkoordinator hj\u00e4lper dig att planera din flytt och hj\u00e4lper dig att fatta beslut f\u00f6r din skr\u00e4ddarsydda flytt i en flyttplan. De erbjuder en komplett packningstj\u00e4nst f\u00f6r att skydda dina f\u00f6rem\u00e5l och effektivisera tullhanteringen. Om du packar sj\u00e4lv kommer de att genomf\u00f6ra en inspektion f\u00f6r att s\u00e4kerst\u00e4lla att inga f\u00f6rem\u00e5l som omfattas av restriktioner ing\u00e5r.<\/p>\n<p>Webbplats: <a href=\"https:\/\/www.mayflower.com\/\" target=\"_blank\" rel=\"noopener\">https:\/\/www.mayflower.com\/<\/a><\/p>\n<h2><span class=\"ez-toc-section\" id=\"4_The_Cartwright_Co\"><\/span><strong>4. Cartwright Co<\/strong><span class=\"ez-toc-section-end\"><\/span><\/h2>\n<p><img loading=\"lazy\" decoding=\"async\" class=\"alignnone size-full wp-image-11454\" src=\"https:\/\/moverdb.com\/wp-content\/uploads\/The-Cartwright-Co-international-moving-company.png\" alt=\"The Cartwright Co internationell flyttfirma\" width=\"1440\" height=\"679\" data-wp-pid=\"11454\" srcset=\"https:\/\/moverdb.com\/wp-content\/uploads\/The-Cartwright-Co-international-moving-company.png 1440w, https:\/\/moverdb.com\/wp-content\/uploads\/The-Cartwright-Co-international-moving-company-300x141.png 300w, https:\/\/moverdb.com\/wp-content\/uploads\/The-Cartwright-Co-international-moving-company-1024x483.png 1024w, https:\/\/moverdb.com\/wp-content\/uploads\/The-Cartwright-Co-international-moving-company-18x8.png 18w, https:\/\/moverdb.com\/wp-content\/uploads\/The-Cartwright-Co-international-moving-company-600x283.png 600w\" sizes=\"auto, (max-width: 1440px) 100vw, 1440px\" \/><\/p>\n<ul>\n<li>Nationella flyttningar<\/li>\n<li>Internationella flyttar<\/li>\n<li>Hush\u00e5llsflyttar<\/li>\n<li>Aff\u00e4rsr\u00f6relser<\/li>\n<li>Flyttning av f\u00f6retag<\/li>\n<li>R\u00f6relser fr\u00e5n b\u00f6rjan till slut<\/li>\n<li>F\u00f6rflyttningshantering<\/li>\n<li>Flyttning av husdjur<\/li>\n<li>Transport av fordon<\/li>\n<li>Tj\u00e4nster p\u00e5 destinationen<\/li>\n<\/ul>\n<p>The Cartwright Co \u00e4r ett globalt mobilitets-, flytt- och flyttf\u00f6retag som startade 1934 och \u00e4r baserat i Grandview. Deras f\u00f6retag inkluderar AmWorld Transport, Cox Moving, Foremost Forwarders och Domestic Military Services. De \u00e4r medlemmar i IAM och har 55 \u00e5rs erfarenhet.<\/p>\n<p>The Cartwright Co betj\u00e4nar 187 l\u00e4nder och \u00e4r specialiserade p\u00e5 att betj\u00e4na f\u00f6retag och myndigheter, inklusive milit\u00e4r personal, men \u00e4ven p\u00e5 privata hush\u00e5llsflyttar. De erbjuder flexibla flyttl\u00f6sningar som skr\u00e4ddarsys efter dina behov och som kan omfatta packning, transport och destinationstj\u00e4nster. Deras ytterligare tj\u00e4nster inkluderar husdjursflyttar, fordonsfrakt, tillf\u00e4lligt boende, hitta skolor och conciergetj\u00e4nster.<\/p>\n<p>Webbplats: <a href=\"https:\/\/cartwrightcompanies.com\" target=\"_blank\" rel=\"noopener\">https:\/\/cartwrightcompanies.com<\/a><\/p>\n<h2><span class=\"ez-toc-section\" id=\"5_United_Van_Lines\"><\/span><strong>5. United Van Lines<\/strong><span class=\"ez-toc-section-end\"><\/span><\/h2>\n<p><img loading=\"lazy\" decoding=\"async\" class=\"alignnone size-full wp-image-11468\" src=\"https:\/\/moverdb.com\/wp-content\/uploads\/United-Van-Lines-US-international-moving-company.png\" alt=\"United Van Lines Amerikansk internationell flyttfirma\" width=\"1440\" height=\"678\" data-wp-pid=\"11468\" srcset=\"https:\/\/moverdb.com\/wp-content\/uploads\/United-Van-Lines-US-international-moving-company.png 1440w, https:\/\/moverdb.com\/wp-content\/uploads\/United-Van-Lines-US-international-moving-company-300x141.png 300w, https:\/\/moverdb.com\/wp-content\/uploads\/United-Van-Lines-US-international-moving-company-1024x482.png 1024w, https:\/\/moverdb.com\/wp-content\/uploads\/United-Van-Lines-US-international-moving-company-18x8.png 18w, https:\/\/moverdb.com\/wp-content\/uploads\/United-Van-Lines-US-international-moving-company-600x283.png 600w\" sizes=\"auto, (max-width: 1440px) 100vw, 1440px\" \/><\/p>\n<ul>\n<li>Lokala och l\u00e5ngv\u00e4ga flyttningar<\/li>\n<li>Internationella flyttar<\/li>\n<li>Flyttning av bost\u00e4der<\/li>\n<li>F\u00f6retagsflyttar<\/li>\n<li>Personlig service<\/li>\n<li>Personlig flyttsamordnare<\/li>\n<li>F\u00f6rpackningstj\u00e4nst<\/li>\n<li>Biltransporter<\/li>\n<li>F\u00f6rs\u00e4kring<\/li>\n<li>Kort- och l\u00e5ngtidsf\u00f6rvaring<\/li>\n<\/ul>\n<p>United Van Lines \u00e4r en grupp flyttfirmor som erbjuder skr\u00e4ddarsydda tj\u00e4nster och \u00e4r baserade i Fenton. Deras breda n\u00e4tverk av flyttfirmor g\u00f6r att de kan leverera sina tj\u00e4nster b\u00e5de nationellt och internationellt. De \u00e4r medlemmar i IAM med 81 \u00e5rs erfarenhet och \u00e4r ackrediterade av FIDI.<\/p>\n<p>United Van Lines erbjuder fullservice flyttl\u00f6sningar som inkluderar en personlig flyttkoordinator med fullv\u00e4rdigt skydd f\u00f6r dina tillh\u00f6righeter. De erbjuder ocks\u00e5 en anpassad strategi som g\u00f6r att du kan v\u00e4lja vilka flyttj\u00e4nster du vill ha hj\u00e4lp med.  De erbjuder anpassningsbara packningstj\u00e4nster f\u00f6r att hj\u00e4lpa dig att skydda dina tillh\u00f6righeter och kan hj\u00e4lpa till med uppackning vid ankomsten.<\/p>\n<p>Webbplats: <a href=\"https:\/\/www.unitedvanlines.com\" target=\"_blank\" rel=\"noopener\">https:\/\/www.unitedvanlines.com<\/a><\/p>","protected":false},"excerpt":{"rendered":"<p>When you are planning your move will you do everything yourself or will you get some help from a moving company? They can help with packing, transportation and documentation to reduce the pressure on you. Below we have compiled a list of Missouri based removal companies that are members of the International Association of Movers [&hellip;]<\/p>\n","protected":false},"author":4,"featured_media":11290,"parent":190,"menu_order":0,"comment_status":"closed","ping_status":"closed","template":"","meta":{"_genesis_hide_title":false,"_genesis_hide_breadcrumbs":false,"_genesis_hide_singular_image":false,"_genesis_hide_footer_widgets":false,"_genesis_custom_body_class":"","_genesis_custom_post_class":"","_genesis_layout":"","footnotes":""},"class_list":{"0":"post-11619","1":"page","2":"type-page","3":"status-publish","4":"has-post-thumbnail","6":"entry"},"_links":{"self":[{"href":"https:\/\/moverdb.com\/sv\/wp-json\/wp\/v2\/pages\/11619","targetHints":{"allow":["GET"]}}],"collection":[{"href":"https:\/\/moverdb.com\/sv\/wp-json\/wp\/v2\/pages"}],"about":[{"href":"https:\/\/moverdb.com\/sv\/wp-json\/wp\/v2\/types\/page"}],"author":[{"embeddable":true,"href":"https:\/\/moverdb.com\/sv\/wp-json\/wp\/v2\/users\/4"}],"replies":[{"embeddable":true,"href":"https:\/\/moverdb.com\/sv\/wp-json\/wp\/v2\/comments?post=11619"}],"version-history":[{"count":2,"href":"https:\/\/moverdb.com\/sv\/wp-json\/wp\/v2\/pages\/11619\/revisions"}],"predecessor-version":[{"id":11621,"href":"https:\/\/moverdb.com\/sv\/wp-json\/wp\/v2\/pages\/11619\/revisions\/11621"}],"up":[{"embeddable":true,"href":"https:\/\/moverdb.com\/sv\/wp-json\/wp\/v2\/pages\/190"}],"wp:featuredmedia":[{"embeddable":true,"href":"https:\/\/moverdb.com\/sv\/wp-json\/wp\/v2\/media\/11290"}],"wp:attachment":[{"href":"https:\/\/moverdb.com\/sv\/wp-json\/wp\/v2\/media?parent=11619"}],"curies":[{"name":"wp","href":"https:\/\/api.w.org\/{rel}","templated":true}]}}