{"id":11617,"date":"2023-11-29T10:32:37","date_gmt":"2023-11-29T10:32:37","guid":{"rendered":"https:\/\/moverdb.com\/?page_id=11617"},"modified":"2026-01-08T15:24:23","modified_gmt":"2026-01-08T15:24:23","slug":"moving-companies-us-minnesota","status":"publish","type":"page","link":"https:\/\/moverdb.com\/sv\/moving-companies\/moving-companies-us-minnesota\/","title":{"rendered":"3 b\u00e4sta internationella flyttfirmor i Minnesota"},"content":{"rendered":"<p>Att flytta kan vara en stor omv\u00e4lvning och det \u00e4r mycket som ska ordnas, s\u00e5 varf\u00f6r inte l\u00e4tta p\u00e5 trycket genom att l\u00e5ta en <a href=\"https:\/\/moverdb.com\/sv\/moving-companies\/\" data-internallinksmanager029f6b8e52c=\"79\" title=\"Topp 25 internationella flyttfirmor p\u00e5 n\u00e4tet\">flyttfirma<\/a> hantera dina tillh\u00f6righeter? De kan organisera logistiken f\u00f6r din flytt samt packning och hantera tullen om det beh\u00f6vs. Nedan har vi sammanst\u00e4llt en lista \u00f6ver <a href=\"https:\/\/moverdb.com\/sv\/moving-to-the-united-states\/moving-to-minnesota\/\" data-internallinksmanager029f6b8e52c=\"443\" title=\"Flyttar till Minnesota? 2026 Levnadskostnader &amp; tips om flyttning\">Minnesota<\/a> . <a href=\"https:\/\/moverdb.com\/sv\/international-removals\/\" data-internallinksmanager029f6b8e52c=\"27\" title=\"36 b\u00e4sta internationella flyttfirmor i Storbritannien\">flyttfirmor<\/a> som \u00e4r medlemmar i <a href=\"https:\/\/moverdb.com\/sv\/iam\/\" data-internallinksmanager029f6b8e52c=\"23\" title=\"International Association of Movers (IAM) f\u00f6rklaras\">Internationella sammanslutningen av flyttfirmor<\/a> (IAM) och\/eller <a href=\"https:\/\/moverdb.com\/sv\/fidi-faim\/\" data-internallinksmanager029f6b8e52c=\"16\" title=\"FIDI &amp; FAIM (FIDI Accredited International Mover) f\u00f6rklaras\">FIDI<\/a> Accredited International Mover (FAIM) som kan hj\u00e4lpa dig med din flytt.<\/p>\n<h2><strong>1. Handling flyttj\u00e4nster<\/strong><\/h2>\n<p><img loading=\"lazy\" decoding=\"async\" class=\"alignnone size-full wp-image-11242\" src=\"https:\/\/moverdb.com\/wp-content\/uploads\/Action-Moving-Services-international-moving-company.png\" alt=\"Action Moving Services internationell flyttfirma\" width=\"1440\" height=\"678\" data-wp-pid=\"11242\" srcset=\"https:\/\/moverdb.com\/wp-content\/uploads\/Action-Moving-Services-international-moving-company.png 1440w, https:\/\/moverdb.com\/wp-content\/uploads\/Action-Moving-Services-international-moving-company-300x141.png 300w, https:\/\/moverdb.com\/wp-content\/uploads\/Action-Moving-Services-international-moving-company-1024x482.png 1024w, https:\/\/moverdb.com\/wp-content\/uploads\/Action-Moving-Services-international-moving-company-18x8.png 18w, https:\/\/moverdb.com\/wp-content\/uploads\/Action-Moving-Services-international-moving-company-600x283.png 600w\" sizes=\"auto, (max-width: 1440px) 100vw, 1440px\" \/><\/p>\n<ul>\n<li>Lokala och l\u00e5ngv\u00e4ga flyttningar<\/li>\n<li>Internationella flyttar<\/li>\n<li>Hush\u00e5llsflyttar<\/li>\n<li>Kontors- och industrif\u00f6rflyttningar<\/li>\n<li>Flyttning av f\u00f6retag<\/li>\n<li>Slutgiltiga l\u00f6sningar<\/li>\n<li>F\u00f6rpackningstj\u00e4nst<\/li>\n<li>Tullst\u00f6d<\/li>\n<li>Hantering av konstverk<\/li>\n<li>Lagringstj\u00e4nster<\/li>\n<\/ul>\n<p>Action Moving Services \u00e4r en lokal och internationell flyttfirma baserad i South Burnsville. De \u00e4r en mellanstatlig agent f\u00f6r Atlas Van Lines som ger dem ett nationellt och internationellt n\u00e4tverk av flyttagenter att arbeta med. De \u00e4r medlemmar i IAM med 42 \u00e5rs erfarenhet.<\/p>\n<p>Action Moving Services erbjuder helt\u00e4ckande flytt- och omlokaliseringstj\u00e4nster som tar hand om alla aspekter av din flytt. Deras tj\u00e4nster inkluderar att packa dina tillh\u00f6righeter s\u00e4kert f\u00f6r transport och packa upp dem vid ankomsten till din destination. De ordnar med transport av dina tillh\u00f6righeter och hj\u00e4lper dig med tullfr\u00e5gor.<\/p>\n<p>Webbplats: <a href=\"http:\/\/actionmoving.com\/\" target=\"_blank\" rel=\"noopener\">http:\/\/actionmoving.com\/<\/a><\/p>\n<h2><strong>2. Beltmann Flyttning &amp; Lagring<\/strong><\/h2>\n<p><img loading=\"lazy\" decoding=\"async\" class=\"alignnone size-full wp-image-11269\" src=\"https:\/\/moverdb.com\/wp-content\/uploads\/Beltmann-Relocation-Group-international-moving-company.png\" alt=\"Beltmann Relocation Group internationell flyttfirma\" width=\"1440\" height=\"682\" data-wp-pid=\"11269\" srcset=\"https:\/\/moverdb.com\/wp-content\/uploads\/Beltmann-Relocation-Group-international-moving-company.png 1440w, https:\/\/moverdb.com\/wp-content\/uploads\/Beltmann-Relocation-Group-international-moving-company-300x142.png 300w, https:\/\/moverdb.com\/wp-content\/uploads\/Beltmann-Relocation-Group-international-moving-company-1024x485.png 1024w, https:\/\/moverdb.com\/wp-content\/uploads\/Beltmann-Relocation-Group-international-moving-company-18x9.png 18w, https:\/\/moverdb.com\/wp-content\/uploads\/Beltmann-Relocation-Group-international-moving-company-600x284.png 600w\" sizes=\"auto, (max-width: 1440px) 100vw, 1440px\" \/><\/p>\n<ul>\n<li>Lokala och nationella flyttningar<\/li>\n<li>Internationella flyttar<\/li>\n<li>Flyttning av bost\u00e4der<\/li>\n<li>Flyttning av kontor<\/li>\n<li>Flyttning av f\u00f6retag<\/li>\n<li>Samordnare f\u00f6r flyttning<\/li>\n<li>F\u00f6rpackningstj\u00e4nst<\/li>\n<li>Arrangemang f\u00f6r transport<\/li>\n<li>Tullhantering<\/li>\n<li>S\u00e4ker kort- och l\u00e5ngtidslagring<\/li>\n<\/ul>\n<p>Beltmann Moving &amp; Storage \u00e4r en flyttfirma som varit verksam sedan 1923 med 11 anl\u00e4ggningar \u00f6ver hela <a href=\"https:\/\/moverdb.com\/sv\/moving-to-the-united-states\/\" data-internallinksmanager029f6b8e52c=\"94\" title=\"Flyttar du till USA? 2026 Levnadskostnader och flyttningstips\">USA<\/a> inklusive Roseville. De \u00e4r agent f\u00f6r North American Van Lines, vilket ger dem tillg\u00e5ng till ett globalt n\u00e4tverk av flytt- och lagerf\u00f6retag. De \u00e4r medlemmar i IAM med 25 \u00e5rs erfarenhet.<\/p>\n<p>Beltmann Moving &amp; Storage hj\u00e4lper dig att effektivisera din flytt genom att b\u00f6rja med en kostnadsfri flyttuppskattning. De tillhandah\u00e5ller en flyttkoordinator som hj\u00e4lper dig och de anpassar sina tj\u00e4nster f\u00f6r att uppfylla dina behov. De tillhandah\u00e5ller en packningstj\u00e4nst som inkluderar demontering och montering av m\u00f6bler samt uppackning vid ankomst.<\/p>\n<p>Webbplats: <a href=\"http:\/\/www.beltmann.com\" target=\"_blank\" rel=\"noopener\">http:\/\/www.beltmann.com<\/a><\/p>\n<h2><strong>3. Berger flyttning och magasinering<\/strong><\/h2>\n<p><img loading=\"lazy\" decoding=\"async\" class=\"alignnone size-full wp-image-11270\" src=\"https:\/\/moverdb.com\/wp-content\/uploads\/Berger-Moving-Storage-international-moving-company.png\" alt=\"Berger Moving &amp; Storage internationell flyttfirma\" width=\"1440\" height=\"677\" data-wp-pid=\"11270\" srcset=\"https:\/\/moverdb.com\/wp-content\/uploads\/Berger-Moving-Storage-international-moving-company.png 1440w, https:\/\/moverdb.com\/wp-content\/uploads\/Berger-Moving-Storage-international-moving-company-300x141.png 300w, https:\/\/moverdb.com\/wp-content\/uploads\/Berger-Moving-Storage-international-moving-company-1024x481.png 1024w, https:\/\/moverdb.com\/wp-content\/uploads\/Berger-Moving-Storage-international-moving-company-18x8.png 18w, https:\/\/moverdb.com\/wp-content\/uploads\/Berger-Moving-Storage-international-moving-company-600x282.png 600w\" sizes=\"auto, (max-width: 1440px) 100vw, 1440px\" \/><\/p>\n<ul>\n<li>Lokala och l\u00e5ngv\u00e4ga flyttningar<\/li>\n<li>Internationella flyttar<\/li>\n<li>Hush\u00e5llsflyttar<\/li>\n<li>Kommersiella flyttar<\/li>\n<li>Samordnare f\u00f6r flyttning<\/li>\n<li>F\u00f6rpackningstj\u00e4nst<\/li>\n<li>Inventering av artiklar<\/li>\n<li>Arrangemang f\u00f6r transport<\/li>\n<li>Tullklarering<\/li>\n<li>Kortfristig lagring<\/li>\n<\/ul>\n<p>Berger Moving &amp; Storage \u00e4r ett transportservicef\u00f6retag som bildades 1910 och \u00e4r baserat i Saint Paul med ett n\u00e4tverk av 16 rikst\u00e4ckande platser. De \u00e4r en agent f\u00f6r Allied Van Lines som \u00e4r ett internationellt n\u00e4tverk av flyttagenter. De \u00e4r medlemmar i IAM med 113 \u00e5rs erfarenhet.<\/p>\n<p>Berger Moving &amp; Storage erbjuder en kostnadsfri flyttuppskattning i hemmet eller virtuellt med en internationell flyttkonsult. En flyttkoordinator hj\u00e4lper dig genom processen och identifierar vilket pappersarbete som kr\u00e4vs. Deras packningstj\u00e4nst anv\u00e4nder internationella packningsmetoder och material f\u00f6r att skydda dina f\u00f6rem\u00e5l och kommer att skapa en inventarief\u00f6rteckning.<\/p>\n<p>Webbplats: <a href=\"https:\/\/www.bergerallied.com\" target=\"_blank\" rel=\"noopener\">https:\/\/www.bergerallied.com<\/a><\/p>","protected":false},"excerpt":{"rendered":"<p>Moving can be a big upheaval and there is a lot to arrange, so why not take some of the pressure off by letting a moving company handle your belongings? They can organise the logistics of your move as well as packing and deal with customs if needed. Below we have compiled a list of [&hellip;]<\/p>\n","protected":false},"author":4,"featured_media":11242,"parent":190,"menu_order":0,"comment_status":"closed","ping_status":"closed","template":"","meta":{"_genesis_hide_title":false,"_genesis_hide_breadcrumbs":false,"_genesis_hide_singular_image":false,"_genesis_hide_footer_widgets":false,"_genesis_custom_body_class":"","_genesis_custom_post_class":"","_genesis_layout":"","footnotes":""},"class_list":{"0":"post-11617","1":"page","2":"type-page","3":"status-publish","4":"has-post-thumbnail","6":"entry"},"_links":{"self":[{"href":"https:\/\/moverdb.com\/sv\/wp-json\/wp\/v2\/pages\/11617","targetHints":{"allow":["GET"]}}],"collection":[{"href":"https:\/\/moverdb.com\/sv\/wp-json\/wp\/v2\/pages"}],"about":[{"href":"https:\/\/moverdb.com\/sv\/wp-json\/wp\/v2\/types\/page"}],"author":[{"embeddable":true,"href":"https:\/\/moverdb.com\/sv\/wp-json\/wp\/v2\/users\/4"}],"replies":[{"embeddable":true,"href":"https:\/\/moverdb.com\/sv\/wp-json\/wp\/v2\/comments?post=11617"}],"version-history":[{"count":1,"href":"https:\/\/moverdb.com\/sv\/wp-json\/wp\/v2\/pages\/11617\/revisions"}],"predecessor-version":[{"id":11618,"href":"https:\/\/moverdb.com\/sv\/wp-json\/wp\/v2\/pages\/11617\/revisions\/11618"}],"up":[{"embeddable":true,"href":"https:\/\/moverdb.com\/sv\/wp-json\/wp\/v2\/pages\/190"}],"wp:featuredmedia":[{"embeddable":true,"href":"https:\/\/moverdb.com\/sv\/wp-json\/wp\/v2\/media\/11242"}],"wp:attachment":[{"href":"https:\/\/moverdb.com\/sv\/wp-json\/wp\/v2\/media?parent=11617"}],"curies":[{"name":"wp","href":"https:\/\/api.w.org\/{rel}","templated":true}]}}