{"id":11613,"date":"2023-11-29T10:44:05","date_gmt":"2023-11-29T10:44:05","guid":{"rendered":"https:\/\/moverdb.com\/?page_id=11613"},"modified":"2026-01-08T15:28:57","modified_gmt":"2026-01-08T15:28:57","slug":"moving-companies-us-michigan","status":"publish","type":"page","link":"https:\/\/moverdb.com\/sv\/moving-companies\/moving-companies-us-michigan\/","title":{"rendered":"5 b\u00e4sta internationella flyttfirmor i Michigan"},"content":{"rendered":"<p>Planerar du en flytt? I s\u00e5 fall kanske du vill anlita en <a href=\"https:\/\/moverdb.com\/sv\/moving-companies\/\" data-internallinksmanager029f6b8e52c=\"79\" title=\"Topp 25 internationella flyttfirmor p\u00e5 n\u00e4tet\">flyttfirma<\/a> f\u00f6r att hj\u00e4lpa dig. De kan hj\u00e4lpa dig med att planera din flytt, packning, logistik och tullprocedurer om du flyttar till ett annat land. Nedan har vi sammanst\u00e4llt en lista \u00f6ver <a href=\"https:\/\/moverdb.com\/sv\/moving-to-the-united-states\/moving-to-michigan\/\" data-internallinksmanager029f6b8e52c=\"414\" title=\"Flytta till Michigan? 2026 Levnadskostnader &amp; tips om flytt\">Michigan<\/a> . <a href=\"https:\/\/moverdb.com\/sv\/international-removals\/\" data-internallinksmanager029f6b8e52c=\"27\" title=\"36 b\u00e4sta internationella flyttfirmor i Storbritannien\">flyttfirmor<\/a> som \u00e4r medlemmar i <a href=\"https:\/\/moverdb.com\/sv\/iam\/\" data-internallinksmanager029f6b8e52c=\"23\" title=\"International Association of Movers (IAM) f\u00f6rklaras\">Internationella sammanslutningen av flyttfirmor<\/a> (IAM) och\/eller <a href=\"https:\/\/moverdb.com\/sv\/fidi-faim\/\" data-internallinksmanager029f6b8e52c=\"16\" title=\"FIDI &amp; FAIM (FIDI Accredited International Mover) f\u00f6rklaras\">FIDI<\/a> Accredited International Mover (FAIM) som kan hj\u00e4lpa dig med din flytt.<\/p>\n<div id=\"ez-toc-container\" class=\"ez-toc-v2_0_82_2 ez-toc-wrap-left counter-hierarchy ez-toc-counter ez-toc-transparent ez-toc-container-direction\">\n<div class=\"ez-toc-title-container\">\n<p class=\"ez-toc-title\" style=\"cursor:inherit\">Avsnitt<\/p>\n<span class=\"ez-toc-title-toggle\"><a href=\"#\" class=\"ez-toc-pull-right ez-toc-btn ez-toc-btn-xs ez-toc-btn-default ez-toc-toggle\" aria-label=\"V\u00e4xla till inneh\u00e5llsf\u00f6rteckning\"><span class=\"ez-toc-js-icon-con\"><span class=\"\"><span class=\"eztoc-hide\" style=\"display:none;\">V\u00e4xel<\/span><span class=\"ez-toc-icon-toggle-span\"><svg style=\"fill: #999;color:#999\" xmlns=\"http:\/\/www.w3.org\/2000\/svg\" class=\"list-377408\" width=\"20px\" height=\"20px\" viewbox=\"0 0 24 24\" fill=\"none\"><path d=\"M6 6H4v2h2V6zm14 0H8v2h12V6zM4 11h2v2H4v-2zm16 0H8v2h12v-2zM4 16h2v2H4v-2zm16 0H8v2h12v-2z\" fill=\"currentColor\"><\/path><\/svg><svg style=\"fill: #999;color:#999\" class=\"arrow-unsorted-368013\" xmlns=\"http:\/\/www.w3.org\/2000\/svg\" width=\"10px\" height=\"10px\" viewbox=\"0 0 24 24\" version=\"1.2\" baseprofile=\"tiny\"><path d=\"M18.2 9.3l-6.2-6.3-6.2 6.3c-.2.2-.3.4-.3.7s.1.5.3.7c.2.2.4.3.7.3h11c.3 0 .5-.1.7-.3.2-.2.3-.5.3-.7s-.1-.5-.3-.7zM5.8 14.7l6.2 6.3 6.2-6.3c.2-.2.3-.5.3-.7s-.1-.5-.3-.7c-.2-.2-.4-.3-.7-.3h-11c-.3 0-.5.1-.7.3-.2.2-.3.5-.3.7s.1.5.3.7z\"\/><\/svg><\/span><\/span><\/span><\/a><\/span><\/div>\n<nav><ul class='ez-toc-list ez-toc-list-level-1 eztoc-toggle-hide-by-default' ><li class='ez-toc-page-1 ez-toc-heading-level-2'><a class=\"ez-toc-link ez-toc-heading-1\" href=\"https:\/\/moverdb.com\/sv\/moving-companies\/moving-companies-us-michigan\/#1_Corrigan_Moving\" >1. Corrigan R\u00f6rlig<\/a><\/li><li class='ez-toc-page-1 ez-toc-heading-level-2'><a class=\"ez-toc-link ez-toc-heading-2\" href=\"https:\/\/moverdb.com\/sv\/moving-companies\/moving-companies-us-michigan\/#2_Palmer_Moving_Services\" >2. Palmer flyttj\u00e4nster<\/a><\/li><li class='ez-toc-page-1 ez-toc-heading-level-2'><a class=\"ez-toc-link ez-toc-heading-3\" href=\"https:\/\/moverdb.com\/sv\/moving-companies\/moving-companies-us-michigan\/#3_Powell_Relocation_Group\" >3. Powell Flyttningsgrupp<\/a><\/li><li class='ez-toc-page-1 ez-toc-heading-level-2'><a class=\"ez-toc-link ez-toc-heading-4\" href=\"https:\/\/moverdb.com\/sv\/moving-companies\/moving-companies-us-michigan\/#4_Rose_Moving_Storage\" >4. Rose Flyttning &amp; Lagring<\/a><\/li><li class='ez-toc-page-1 ez-toc-heading-level-2'><a class=\"ez-toc-link ez-toc-heading-5\" href=\"https:\/\/moverdb.com\/sv\/moving-companies\/moving-companies-us-michigan\/#5_Transphere\" >5. Transphere<\/a><\/li><\/ul><\/nav><\/div>\n<h2><span class=\"ez-toc-section\" id=\"1_Corrigan_Moving\"><\/span><strong>1. Corrigan R\u00f6rlig<\/strong><span class=\"ez-toc-section-end\"><\/span><\/h2>\n<p><img loading=\"lazy\" decoding=\"async\" class=\"alignnone size-full wp-image-11297\" src=\"https:\/\/moverdb.com\/wp-content\/uploads\/Corrigan-Moving-Systems-international-moving-company.png\" alt=\"Corrigan Moving Systems internationell flyttfirma\" width=\"1440\" height=\"675\" data-wp-pid=\"11297\" srcset=\"https:\/\/moverdb.com\/wp-content\/uploads\/Corrigan-Moving-Systems-international-moving-company.png 1440w, https:\/\/moverdb.com\/wp-content\/uploads\/Corrigan-Moving-Systems-international-moving-company-300x141.png 300w, https:\/\/moverdb.com\/wp-content\/uploads\/Corrigan-Moving-Systems-international-moving-company-1024x480.png 1024w, https:\/\/moverdb.com\/wp-content\/uploads\/Corrigan-Moving-Systems-international-moving-company-18x8.png 18w, https:\/\/moverdb.com\/wp-content\/uploads\/Corrigan-Moving-Systems-international-moving-company-600x281.png 600w\" sizes=\"auto, (max-width: 1440px) 100vw, 1440px\" \/><\/p>\n<ul>\n<li>Lokala och l\u00e5ngv\u00e4ga flyttningar<\/li>\n<li>Internationella flyttar<\/li>\n<li>Flyttning av bost\u00e4der<\/li>\n<li>Kommersiella flyttar<\/li>\n<li>Flyttning av f\u00f6retag<\/li>\n<li>D\u00f6rr-till-d\u00f6rr-tj\u00e4nster<\/li>\n<li>Koordinator f\u00f6r flyttning<\/li>\n<li>F\u00f6rpackningstj\u00e4nst<\/li>\n<li>Tullst\u00f6d<\/li>\n<li>F\u00f6rvaringsutrymmen<\/li>\n<\/ul>\n<p>Corrigan Moving \u00e4r ett flytt- och logistikf\u00f6retag som bildades 1929 med 13 kontor i Great Lakes-regionen som omfattar Ann Arbor, Auburn Hills, Bay City, Dearborn, Farmington Hills, Flint och Grand Rapids i Michigan. De \u00e4r en del av United Van Lines vilket ger dem tillg\u00e5ng till ett n\u00e4tverk av flyttfirmor f\u00f6r att underl\u00e4tta leveransen av deras tj\u00e4nster. De \u00e4r medlemmar i IAM med 75 \u00e5rs erfarenhet och \u00e4r ackrediterade av FIDI.<\/p>\n<p>Corrigan Moving erbjuder personliga flyttj\u00e4nster som omfattar en d\u00f6rr-till-d\u00f6rr-service med en flyttkoordinator. De tillhandah\u00e5ller en skr\u00e4ddarsydd packnings- och l\u00e5dtj\u00e4nst f\u00f6r att skydda dina tillh\u00f6righeter under transporten. De hj\u00e4lper till med pappersarbete och logistik.<\/p>\n<p>Webbplats: <a href=\"https:\/\/www.corriganmoving.com\/\" target=\"_blank\" rel=\"noopener\">https:\/\/www.corriganmoving.com\/<\/a><\/p>\n<h2><span class=\"ez-toc-section\" id=\"2_Palmer_Moving_Services\"><\/span><strong>2. Palmer flyttj\u00e4nster<\/strong><span class=\"ez-toc-section-end\"><\/span><\/h2>\n<p><img loading=\"lazy\" decoding=\"async\" class=\"alignnone size-full wp-image-11404\" src=\"https:\/\/moverdb.com\/wp-content\/uploads\/Palmer-Moving-Services-international-moving-company.png\" alt=\"Palmer Flyttj\u00e4nster internationell flyttfirma\" width=\"1440\" height=\"675\" data-wp-pid=\"11404\" srcset=\"https:\/\/moverdb.com\/wp-content\/uploads\/Palmer-Moving-Services-international-moving-company.png 1440w, https:\/\/moverdb.com\/wp-content\/uploads\/Palmer-Moving-Services-international-moving-company-300x141.png 300w, https:\/\/moverdb.com\/wp-content\/uploads\/Palmer-Moving-Services-international-moving-company-1024x480.png 1024w, https:\/\/moverdb.com\/wp-content\/uploads\/Palmer-Moving-Services-international-moving-company-18x8.png 18w, https:\/\/moverdb.com\/wp-content\/uploads\/Palmer-Moving-Services-international-moving-company-600x281.png 600w\" sizes=\"auto, (max-width: 1440px) 100vw, 1440px\" \/><\/p>\n<ul>\n<li>Lokala och l\u00e5ngv\u00e4ga flyttningar<\/li>\n<li>Internationella flyttar<\/li>\n<li>Flyttning av bost\u00e4der<\/li>\n<li>Flyttning av kontor<\/li>\n<li>Flyttning av f\u00f6retag<\/li>\n<li>En enda kontaktpunkt<\/li>\n<li>F\u00f6rpackningstj\u00e4nst<\/li>\n<li>Tullhantering<\/li>\n<li><a href=\"https:\/\/moverdb.com\/sv\/car-transport-shipping\/\" data-internallinksmanager029f6b8e52c=\"2\" title=\"2026 Internationella offerter f\u00f6r biltransport och fordonsfrakt\">Fordonstransporter<\/a><\/li>\n<li>F\u00f6rvaringsutrymmen<\/li>\n<\/ul>\n<p>Palmer Moving Services \u00e4r en flyttfirma som bildades 1910 och ligger i Warren. De \u00e4r en del av Atlas Van Lines vilket ger dem ett nationellt n\u00e4tverk av flyttagenter och ett bredare internationellt n\u00e4tverk av 1 700 agenter. De \u00e4r medlemmar i IAM och har 113 \u00e5rs erfarenhet.<\/p>\n<p>Palmer Moving Services erbjuder en enda kontaktpunkt f\u00f6r att st\u00f6dja dig under hela din flytt. Deras tj\u00e4nster inkluderar en fullst\u00e4ndig packningstj\u00e4nst med anpassade l\u00e5dor f\u00f6r att skydda dina f\u00f6rem\u00e5l och de kommer att hantera tullinformation och dokumentation. De erbjuder ocks\u00e5 ytterligare tj\u00e4nster som inkluderar fordonstransport, lagring och tj\u00e4nster fr\u00e5n tredje part.<\/p>\n<p>Webbplats: <a href=\"http:\/\/www.palmermoving.com\" target=\"_blank\" rel=\"noopener\">http:\/\/www.palmermoving.com<\/a><\/p>\n<h2><span class=\"ez-toc-section\" id=\"3_Powell_Relocation_Group\"><\/span><strong>3. Powell Flyttningsgrupp<\/strong><span class=\"ez-toc-section-end\"><\/span><\/h2>\n<p><img loading=\"lazy\" decoding=\"async\" class=\"alignnone size-full wp-image-11411\" src=\"https:\/\/moverdb.com\/wp-content\/uploads\/Powell-Relocation-Group-international-moving-company.png\" alt=\"Powell Relocation Group internationell flyttfirma\" width=\"1440\" height=\"674\" data-wp-pid=\"11411\" srcset=\"https:\/\/moverdb.com\/wp-content\/uploads\/Powell-Relocation-Group-international-moving-company.png 1440w, https:\/\/moverdb.com\/wp-content\/uploads\/Powell-Relocation-Group-international-moving-company-300x140.png 300w, https:\/\/moverdb.com\/wp-content\/uploads\/Powell-Relocation-Group-international-moving-company-1024x479.png 1024w, https:\/\/moverdb.com\/wp-content\/uploads\/Powell-Relocation-Group-international-moving-company-18x8.png 18w, https:\/\/moverdb.com\/wp-content\/uploads\/Powell-Relocation-Group-international-moving-company-600x281.png 600w\" sizes=\"auto, (max-width: 1440px) 100vw, 1440px\" \/><\/p>\n<ul>\n<li>Lokala och l\u00e5ngv\u00e4ga flyttningar<\/li>\n<li>Internationella flyttar<\/li>\n<li>Flyttning av bost\u00e4der<\/li>\n<li>Kommersiella flyttar<\/li>\n<li>Flyttning av f\u00f6retag<\/li>\n<li>Samordnare f\u00f6r internationella flyttningar<\/li>\n<li>F\u00f6rpackningstj\u00e4nst<\/li>\n<li>Transport p\u00e5 land, till sj\u00f6ss eller i luften<\/li>\n<li>Tullklarering<\/li>\n<li>F\u00f6rvaringsutrymmen<\/li>\n<\/ul>\n<p>Powell Relocation Group \u00e4r en flyttfirma som grundades 1962 med kontor i Grand Rapids, <a href=\"https:\/\/moverdb.com\/sv\/moving-to-houston\/\" data-internallinksmanager029f6b8e52c=\"47\" title=\"Flyttar du till Houston? 2026 Levnadskostnader och flyttningstips\">Houston<\/a>, <a href=\"https:\/\/moverdb.com\/sv\/moving-to-the-united-states\/moving-to-west-virginia\/\" data-internallinksmanager029f6b8e52c=\"441\" title=\"Flyttar till West Virginia? 2026 Levnadskostnader &amp; tips om flytt\">West Virginia<\/a> och Tacoma. De \u00e4r en agent f\u00f6r Atlas Van Lines vilket ger dem ett n\u00e4tverk av flyttagenter att arbeta med. De \u00e4r medlemmar i IAM med 61 \u00e5rs erfarenhet.<\/p>\n<p>Powell Relocation Group erbjuder en virtuell unders\u00f6kning f\u00f6r att ta fram en flyttkalkyl. De skapar en individuell flyttplan och tilldelar en internationell flyttkoordinator. De tillhandah\u00e5ller en komplett flyttj\u00e4nst inklusive packning av dina f\u00f6rem\u00e5l och lastning av dem f\u00f6r transport med mark, hav eller flyg. De tullklarerar dina f\u00f6rem\u00e5l och levererar dem till din destination.<\/p>\n<p>Webbplats: <a href=\"http:\/\/powellmoving.com\" target=\"_blank\" rel=\"noopener\">http:\/\/powellmoving.com<\/a><\/p>\n<h2><span class=\"ez-toc-section\" id=\"4_Rose_Moving_Storage\"><\/span><strong>4. Rose Flyttning &amp; Lagring<\/strong><span class=\"ez-toc-section-end\"><\/span><\/h2>\n<p><img loading=\"lazy\" decoding=\"async\" class=\"alignnone size-full wp-image-11427\" src=\"https:\/\/moverdb.com\/wp-content\/uploads\/Rose-Moving-Storage-international-moving-company.png\" alt=\"Rose Moving &amp; Storage internationell flyttfirma\" width=\"1440\" height=\"678\" data-wp-pid=\"11427\" srcset=\"https:\/\/moverdb.com\/wp-content\/uploads\/Rose-Moving-Storage-international-moving-company.png 1440w, https:\/\/moverdb.com\/wp-content\/uploads\/Rose-Moving-Storage-international-moving-company-300x141.png 300w, https:\/\/moverdb.com\/wp-content\/uploads\/Rose-Moving-Storage-international-moving-company-1024x482.png 1024w, https:\/\/moverdb.com\/wp-content\/uploads\/Rose-Moving-Storage-international-moving-company-18x8.png 18w, https:\/\/moverdb.com\/wp-content\/uploads\/Rose-Moving-Storage-international-moving-company-600x283.png 600w\" sizes=\"auto, (max-width: 1440px) 100vw, 1440px\" \/><\/p>\n<ul>\n<li>Lokala och mellanstatliga flyttar<\/li>\n<li>Internationella flyttar<\/li>\n<li>Hush\u00e5llsflyttar<\/li>\n<li>Kommersiella flyttar<\/li>\n<li>Flyttning av f\u00f6retag<\/li>\n<li>D\u00f6rr-till-d\u00f6rr-tj\u00e4nster<\/li>\n<li>Personlig samordnare f\u00f6r flyttning<\/li>\n<li>Professionell f\u00f6rpackningstj\u00e4nst<\/li>\n<li>Transportarrangemang<\/li>\n<li>S\u00e4kra lagringsalternativ<\/li>\n<\/ul>\n<p>Rose Moving &amp; Storage \u00e4r en flyttfirma som har kontor i Belleville, Canton och Grand Rapid. De \u00e4r en mellanstatlig agent f\u00f6r Allied Van Lines och detta f\u00f6rh\u00e5llande g\u00f6r det m\u00f6jligt f\u00f6r dem att leverera tj\u00e4nster nationellt och internationellt till 42 l\u00e4nder. De \u00e4r medlemmar i IAM och har 59 \u00e5rs erfarenhet.<\/p>\n<p>Rose Moving &amp; Storage erbjuder d\u00f6rr-till-d\u00f6rr-flyttj\u00e4nster i hela landet och internationellt. De kommer att tilldela dig en personlig internationell flyttkoordinator f\u00f6r internationella flyttar som kommer att planera varje detalj och identifiera de tj\u00e4nster du beh\u00f6ver. De tillhandah\u00e5ller en professionell packningstj\u00e4nst med packning av h\u00f6gsta kvalitet.<\/p>\n<p>Webbplats: <a href=\"http:\/\/www.rosemoving.com\" target=\"_blank\" rel=\"noopener\">http:\/\/www.rosemoving.com<\/a><\/p>\n<h2><span class=\"ez-toc-section\" id=\"5_Transphere\"><\/span><strong>5. Transphere<\/strong><span class=\"ez-toc-section-end\"><\/span><\/h2>\n<p><img loading=\"lazy\" decoding=\"async\" class=\"alignnone size-full wp-image-11615\" src=\"https:\/\/moverdb.com\/wp-content\/uploads\/Transphere-international-moving-company.png\" alt=\"Transphere internationell flyttfirma\" width=\"1440\" height=\"677\" data-wp-pid=\"11615\" srcset=\"https:\/\/moverdb.com\/wp-content\/uploads\/Transphere-international-moving-company.png 1440w, https:\/\/moverdb.com\/wp-content\/uploads\/Transphere-international-moving-company-300x141.png 300w, https:\/\/moverdb.com\/wp-content\/uploads\/Transphere-international-moving-company-1024x481.png 1024w, https:\/\/moverdb.com\/wp-content\/uploads\/Transphere-international-moving-company-18x8.png 18w, https:\/\/moverdb.com\/wp-content\/uploads\/Transphere-international-moving-company-600x282.png 600w\" sizes=\"auto, (max-width: 1440px) 100vw, 1440px\" \/><\/p>\n<ul>\n<li>Nationella flyttningar<\/li>\n<li>Internationella flyttar<\/li>\n<li>Hush\u00e5llsflyttar<\/li>\n<li>Kommersiell frakt<\/li>\n<li>D\u00f6rr-till-d\u00f6rr-tj\u00e4nster<\/li>\n<li>F\u00f6rpackningstj\u00e4nst<\/li>\n<li>Sj\u00f6-, land- och lufttransporter<\/li>\n<li>Tullklarering<\/li>\n<li>Transport av fordon<\/li>\n<li>F\u00f6rvaringsutrymmen<\/li>\n<\/ul>\n<p>Transphere \u00e4r ett speditionsf\u00f6retag som grundades 1987 och har sitt s\u00e4te i Westland. De ing\u00e5r i ett v\u00e4rldsomsp\u00e4nnande n\u00e4tverk med 150 f\u00f6retag som kan hj\u00e4lpa dem att leverera sina tj\u00e4nster nationellt och internationellt. De \u00e4r medlemmar i IAM och har 36 \u00e5rs erfarenhet.<\/p>\n<p>Transphere erbjuder speditionstj\u00e4nster fr\u00e5n d\u00f6rr till d\u00f6rr f\u00f6r hush\u00e5llsartiklar, personliga tillh\u00f6righeter, fordon, kommersiella varor och projektlast. De erbjuder en rad olika fraktalternativ, inklusive flyg, land och sj\u00f6 med fulla och mindre \u00e4n fulla containerlaster. De erbjuder \u00e4ven packningstj\u00e4nster och kan underl\u00e4tta tullklarering. De tillhandah\u00e5ller ocks\u00e5 ett webbaserat sp\u00e5rningssystem och en portal f\u00f6r att \u00f6vervaka din f\u00f6rs\u00e4ndelse.<\/p>\n<p>Webbplats: <a href=\"http:\/\/www.transphereinc.com\" target=\"_blank\" rel=\"noopener\">http:\/\/www.transphereinc.com<\/a><\/p>","protected":false},"excerpt":{"rendered":"<p>Are you planning a move? If so you may want to employ a moving company to assist you. They can help with planning your move, packing, logistics and customs procedures if moving countries. Below we have compiled a list of Michigan based removal companies that are members of the International Association of Movers (IAM) and\/or [&hellip;]<\/p>\n","protected":false},"author":4,"featured_media":11297,"parent":190,"menu_order":0,"comment_status":"closed","ping_status":"closed","template":"","meta":{"_genesis_hide_title":false,"_genesis_hide_breadcrumbs":false,"_genesis_hide_singular_image":false,"_genesis_hide_footer_widgets":false,"_genesis_custom_body_class":"","_genesis_custom_post_class":"","_genesis_layout":"","footnotes":""},"class_list":{"0":"post-11613","1":"page","2":"type-page","3":"status-publish","4":"has-post-thumbnail","6":"entry"},"_links":{"self":[{"href":"https:\/\/moverdb.com\/sv\/wp-json\/wp\/v2\/pages\/11613","targetHints":{"allow":["GET"]}}],"collection":[{"href":"https:\/\/moverdb.com\/sv\/wp-json\/wp\/v2\/pages"}],"about":[{"href":"https:\/\/moverdb.com\/sv\/wp-json\/wp\/v2\/types\/page"}],"author":[{"embeddable":true,"href":"https:\/\/moverdb.com\/sv\/wp-json\/wp\/v2\/users\/4"}],"replies":[{"embeddable":true,"href":"https:\/\/moverdb.com\/sv\/wp-json\/wp\/v2\/comments?post=11613"}],"version-history":[{"count":1,"href":"https:\/\/moverdb.com\/sv\/wp-json\/wp\/v2\/pages\/11613\/revisions"}],"predecessor-version":[{"id":11616,"href":"https:\/\/moverdb.com\/sv\/wp-json\/wp\/v2\/pages\/11613\/revisions\/11616"}],"up":[{"embeddable":true,"href":"https:\/\/moverdb.com\/sv\/wp-json\/wp\/v2\/pages\/190"}],"wp:featuredmedia":[{"embeddable":true,"href":"https:\/\/moverdb.com\/sv\/wp-json\/wp\/v2\/media\/11297"}],"wp:attachment":[{"href":"https:\/\/moverdb.com\/sv\/wp-json\/wp\/v2\/media?parent=11613"}],"curies":[{"name":"wp","href":"https:\/\/api.w.org\/{rel}","templated":true}]}}