{"id":11602,"date":"2023-11-29T10:33:42","date_gmt":"2023-11-29T10:33:42","guid":{"rendered":"https:\/\/moverdb.com\/?page_id=11602"},"modified":"2026-01-08T15:24:17","modified_gmt":"2026-01-08T15:24:17","slug":"moving-companies-us-jacksonville","status":"publish","type":"page","link":"https:\/\/moverdb.com\/sv\/moving-companies\/moving-companies-us-jacksonville\/","title":{"rendered":"3 b\u00e4sta internationella flyttfirmor i Jacksonville"},"content":{"rendered":"<p>Om du planerar en lokal, nationell eller internationell flytt till eller fr\u00e5n Jacksonville kanske du vill ha lite hj\u00e4lp p\u00e5 traven. <a href=\"https:\/\/moverdb.com\/sv\/moving-companies\/\" data-internallinksmanager029f6b8e52c=\"79\" title=\"Topp 25 internationella flyttfirmor p\u00e5 n\u00e4tet\">Flyttfirmor<\/a> erbjuder en m\u00e4ngd olika tj\u00e4nster, inklusive planering, packning, transport, tullhantering och uppackning. Nedan har vi sammanst\u00e4llt en lista \u00f6ver Jacksonville-baserade <a href=\"https:\/\/moverdb.com\/sv\/international-removals\/\" data-internallinksmanager029f6b8e52c=\"27\" title=\"36 b\u00e4sta internationella flyttfirmor i Storbritannien\">flyttfirmor<\/a> som \u00e4r medlemmar i <a href=\"https:\/\/moverdb.com\/sv\/iam\/\" data-internallinksmanager029f6b8e52c=\"23\" title=\"International Association of Movers (IAM) f\u00f6rklaras\">Internationella sammanslutningen av flyttfirmor<\/a> (IAM) och\/eller <a href=\"https:\/\/moverdb.com\/sv\/fidi-faim\/\" data-internallinksmanager029f6b8e52c=\"16\" title=\"FIDI &amp; FAIM (FIDI Accredited International Mover) f\u00f6rklaras\">FIDI<\/a> Accredited International Mover (FAIM) som kan hj\u00e4lpa dig med din flytt.<\/p>\n<h2><strong>1. Conser Flyttning &amp; Lagring<\/strong><\/h2>\n<p><img loading=\"lazy\" decoding=\"async\" class=\"alignnone size-full wp-image-11292\" src=\"https:\/\/moverdb.com\/wp-content\/uploads\/Conser-Moving-Storage-international-moving-company.png\" alt=\"Conser Moving &amp; Storage internationell flyttfirma\" width=\"1440\" height=\"681\" data-wp-pid=\"11292\" srcset=\"https:\/\/moverdb.com\/wp-content\/uploads\/Conser-Moving-Storage-international-moving-company.png 1440w, https:\/\/moverdb.com\/wp-content\/uploads\/Conser-Moving-Storage-international-moving-company-300x142.png 300w, https:\/\/moverdb.com\/wp-content\/uploads\/Conser-Moving-Storage-international-moving-company-1024x484.png 1024w, https:\/\/moverdb.com\/wp-content\/uploads\/Conser-Moving-Storage-international-moving-company-18x9.png 18w, https:\/\/moverdb.com\/wp-content\/uploads\/Conser-Moving-Storage-international-moving-company-600x284.png 600w\" sizes=\"auto, (max-width: 1440px) 100vw, 1440px\" \/><\/p>\n<ul>\n<li>Lokala flyttningar<\/li>\n<li>Flyttar p\u00e5 l\u00e5nga avst\u00e5nd<\/li>\n<li>Flyttning av bost\u00e4der<\/li>\n<li>Flyttning av kontor<\/li>\n<li>Skr\u00e4ddarsydd service<\/li>\n<li>Val av flyttalternativ<\/li>\n<li>F\u00f6rflyttningshantering<\/li>\n<li>Transportarrangemang<\/li>\n<li>Flytta skydd<\/li>\n<li>F\u00f6rvaringsutrymmen<\/li>\n<\/ul>\n<p>Conser Moving &amp; Storage \u00e4r en flyttfirma som specialiserar sig p\u00e5 inrikes och milit\u00e4ra flyttar, och de \u00e4r baserade i Jacksonville. De \u00e4r en agent f\u00f6r Mayflower Transit som har tillhandah\u00e5llit flyttj\u00e4nster i \u00f6ver 90 \u00e5r. De \u00e4r medlemmar i IAM och har 11 \u00e5rs erfarenhet.<\/p>\n<p>Conser Moving &amp; Storage ger dig allt st\u00f6d du beh\u00f6ver f\u00f6r din flytt, s\u00e5 att du kan skapa en flyttplan med anpassningsbara alternativ f\u00f6r de tj\u00e4nster du beh\u00f6ver. De hj\u00e4lper dig att hitta r\u00e4tt flyttplan f\u00f6r att uppfylla dina behov, din budget och ditt schema.<\/p>\n<p>Webbplats: <a href=\"https:\/\/consermoving.com\" target=\"_blank\" rel=\"noopener\">https:\/\/consermoving.com<\/a><\/p>\n<h2><strong>2. DN Van Lines<\/strong><\/h2>\n<p><img loading=\"lazy\" decoding=\"async\" class=\"alignnone size-full wp-image-11307\" src=\"https:\/\/moverdb.com\/wp-content\/uploads\/DN-Van-Lines-international-moving-company.png\" alt=\"DN Van Lines internationell flyttfirma\" width=\"1440\" height=\"670\" data-wp-pid=\"11307\" srcset=\"https:\/\/moverdb.com\/wp-content\/uploads\/DN-Van-Lines-international-moving-company.png 1440w, https:\/\/moverdb.com\/wp-content\/uploads\/DN-Van-Lines-international-moving-company-300x140.png 300w, https:\/\/moverdb.com\/wp-content\/uploads\/DN-Van-Lines-international-moving-company-1024x476.png 1024w, https:\/\/moverdb.com\/wp-content\/uploads\/DN-Van-Lines-international-moving-company-18x8.png 18w, https:\/\/moverdb.com\/wp-content\/uploads\/DN-Van-Lines-international-moving-company-600x279.png 600w\" sizes=\"auto, (max-width: 1440px) 100vw, 1440px\" \/><\/p>\n<ul>\n<li>Lokala och mellanstatliga flyttar<\/li>\n<li>Internationella flyttar<\/li>\n<li>Hush\u00e5llsflyttar<\/li>\n<li>Kontors- och f\u00f6retagsflyttar<\/li>\n<li>Personlig chef f\u00f6r omlokalisering<\/li>\n<li>F\u00f6rpackningstj\u00e4nster<\/li>\n<li>F\u00f6rvaltning av inventarier<\/li>\n<li>Transportarrangemang<\/li>\n<li>F\u00f6rs\u00e4kring<\/li>\n<li>Lagringstj\u00e4nster<\/li>\n<\/ul>\n<p>DN Van Lines \u00e4r ett flytt- och magasineringsf\u00f6retag som grundades 2001 med kontor i Jacksonville, <a href=\"https:\/\/moverdb.com\/sv\/moving-to-the-united-states\/moving-to-massachusetts\/\" data-internallinksmanager029f6b8e52c=\"412\" title=\"Flyttar du till Massachusetts? 2026 Levnadskostnader &amp; Tips f\u00f6r flytt\">Massachusetts<\/a> och <a href=\"https:\/\/moverdb.com\/sv\/moving-to-the-united-states\/moving-to-virginia\/\" data-internallinksmanager029f6b8e52c=\"442\" title=\"Flytta till Virginia? 2026 Levnadskostnader &amp; tips om flytt\">Virginia<\/a>. De arbetar med ett p\u00e5litligt n\u00e4tverk av leverant\u00f6rer av flyttj\u00e4nster \u00f6ver hela v\u00e4rlden f\u00f6r att hj\u00e4lpa dem. De \u00e4r medlemmar i IAM med 14 \u00e5rs erfarenhet.<\/p>\n<p>DN Van Lines erbjuder en kostnadsfri uppskattning och unders\u00f6kning i hemmet eller virtuellt f\u00f6r att bed\u00f6ma dina flyttbehov. De tillhandah\u00e5ller en personlig flyttledare som kommer att skapa en detaljerad flyttplan skr\u00e4ddarsydd f\u00f6r dina behov och hj\u00e4lpa dig under hela flytten. De tillhandah\u00e5ller en packningstj\u00e4nst som inkluderar en detaljerad inventering av dina f\u00f6rem\u00e5l.<\/p>\n<p>Webbplats: <a href=\"http:\/\/www.dnvanlines.com\" target=\"_blank\" rel=\"noopener\">http:\/\/www.dnvanlines.com<\/a><\/p>\n<h2><strong>3. Suddath<\/strong><\/h2>\n<p><img loading=\"lazy\" decoding=\"async\" class=\"alignnone size-full wp-image-11450\" src=\"https:\/\/moverdb.com\/wp-content\/uploads\/Suddath-international-moving-company.png\" alt=\"Suddath internationell flyttfirma\" width=\"1440\" height=\"677\" data-wp-pid=\"11450\" srcset=\"https:\/\/moverdb.com\/wp-content\/uploads\/Suddath-international-moving-company.png 1440w, https:\/\/moverdb.com\/wp-content\/uploads\/Suddath-international-moving-company-300x141.png 300w, https:\/\/moverdb.com\/wp-content\/uploads\/Suddath-international-moving-company-1024x481.png 1024w, https:\/\/moverdb.com\/wp-content\/uploads\/Suddath-international-moving-company-18x8.png 18w, https:\/\/moverdb.com\/wp-content\/uploads\/Suddath-international-moving-company-600x282.png 600w\" sizes=\"auto, (max-width: 1440px) 100vw, 1440px\" \/><\/p>\n<ul>\n<li>Lokala och l\u00e5ngv\u00e4ga flyttningar<\/li>\n<li>Internationella flyttar<\/li>\n<li>Hush\u00e5llsflyttar<\/li>\n<li>Kommersiella flyttar<\/li>\n<li>Slutgiltig tj\u00e4nst<\/li>\n<li>F\u00f6rpackningstj\u00e4nst<\/li>\n<li>Tullst\u00f6d<\/li>\n<li>Transport av fordon och husdjur<\/li>\n<li>F\u00f6rs\u00e4kring<\/li>\n<li>Kort- och l\u00e5ngtidsf\u00f6rvaring<\/li>\n<\/ul>\n<p>Suddath \u00e4r ett flytt- och logistikf\u00f6retag som grundades 1919 i Jacksonville och har ytterligare 19 anl\u00e4ggningar i <a href=\"https:\/\/moverdb.com\/sv\/moving-to-the-united-states\/\" data-internallinksmanager029f6b8e52c=\"94\" title=\"Flyttar du till USA? 2026 Levnadskostnader och flyttningstips\">USA<\/a>. De har ett globalt partnern\u00e4tverk av kontrollerade och etablerade f\u00f6retag som hj\u00e4lper dem att leverera end-to-end-tj\u00e4nster till 180 l\u00e4nder runt om i v\u00e4rlden. De \u00e4r medlemmar i IAM med 104 \u00e5rs erfarenhet.<\/p>\n<p>Suddath erbjuder en one-stop-shop f\u00f6r alla dina flyttbehov med en dedikerad flyttr\u00e5dgivare som hj\u00e4lper dig genom varje steg och inom budget. De erbjuder ett personligt tillv\u00e4gag\u00e5ngss\u00e4tt och guidar dig genom tull, dokumentation och f\u00f6rs\u00e4kring. De erbjuder ocks\u00e5 ytterligare tj\u00e4nster, t.ex. inflyttning och st\u00e4dning.<\/p>\n<p>Webbplats: <a href=\"https:\/\/suddath.com\" target=\"_blank\" rel=\"noopener\">https:\/\/suddath.com<\/a><\/p>","protected":false},"excerpt":{"rendered":"<p>If you are planning a move locally, nationally or internationally to or from Jacksonville you may want some assistance. Moving companies offer a variety of help including planning, packing, transportation, customs handling and unpacking services. Below we have compiled a list of Jacksonville based removal companies that are members of the International Association of Movers [&hellip;]<\/p>\n","protected":false},"author":4,"featured_media":11292,"parent":190,"menu_order":0,"comment_status":"closed","ping_status":"closed","template":"","meta":{"_genesis_hide_title":false,"_genesis_hide_breadcrumbs":false,"_genesis_hide_singular_image":false,"_genesis_hide_footer_widgets":false,"_genesis_custom_body_class":"","_genesis_custom_post_class":"","_genesis_layout":"","footnotes":""},"class_list":{"0":"post-11602","1":"page","2":"type-page","3":"status-publish","4":"has-post-thumbnail","6":"entry"},"_links":{"self":[{"href":"https:\/\/moverdb.com\/sv\/wp-json\/wp\/v2\/pages\/11602","targetHints":{"allow":["GET"]}}],"collection":[{"href":"https:\/\/moverdb.com\/sv\/wp-json\/wp\/v2\/pages"}],"about":[{"href":"https:\/\/moverdb.com\/sv\/wp-json\/wp\/v2\/types\/page"}],"author":[{"embeddable":true,"href":"https:\/\/moverdb.com\/sv\/wp-json\/wp\/v2\/users\/4"}],"replies":[{"embeddable":true,"href":"https:\/\/moverdb.com\/sv\/wp-json\/wp\/v2\/comments?post=11602"}],"version-history":[{"count":1,"href":"https:\/\/moverdb.com\/sv\/wp-json\/wp\/v2\/pages\/11602\/revisions"}],"predecessor-version":[{"id":11603,"href":"https:\/\/moverdb.com\/sv\/wp-json\/wp\/v2\/pages\/11602\/revisions\/11603"}],"up":[{"embeddable":true,"href":"https:\/\/moverdb.com\/sv\/wp-json\/wp\/v2\/pages\/190"}],"wp:featuredmedia":[{"embeddable":true,"href":"https:\/\/moverdb.com\/sv\/wp-json\/wp\/v2\/media\/11292"}],"wp:attachment":[{"href":"https:\/\/moverdb.com\/sv\/wp-json\/wp\/v2\/media?parent=11602"}],"curies":[{"name":"wp","href":"https:\/\/api.w.org\/{rel}","templated":true}]}}