{"id":11595,"date":"2023-11-22T15:48:21","date_gmt":"2023-11-22T15:48:21","guid":{"rendered":"https:\/\/moverdb.com\/?page_id=11595"},"modified":"2026-01-08T15:30:02","modified_gmt":"2026-01-08T15:30:02","slug":"moving-companies-idaho","status":"publish","type":"page","link":"https:\/\/moverdb.com\/sv\/moving-companies\/moving-companies-idaho\/","title":{"rendered":"B\u00e4sta internationella flyttfirmor i Idaho"},"content":{"rendered":"<p>N\u00e4r du ska flytta \u00e4r det s\u00e5 mycket som ska organiseras och g\u00f6ras att det kan k\u00e4nnas \u00f6verv\u00e4ldigande. Att anlita en <a href=\"https:\/\/moverdb.com\/sv\/moving-companies\/\" data-internallinksmanager029f6b8e52c=\"79\" title=\"Topp 25 internationella flyttfirmor p\u00e5 n\u00e4tet\">flyttfirma<\/a> kan l\u00e4tta p\u00e5 b\u00f6rdan eftersom de kan hj\u00e4lpa till med planering, packning, transport och tullhantering om du flyttar internationellt. Nedan har vi sammanst\u00e4llt en lista \u00f6ver <a href=\"https:\/\/moverdb.com\/sv\/moving-to-the-united-states\/moving-to-idaho\/\" data-internallinksmanager029f6b8e52c=\"405\" title=\"Flyttar du till Idaho? 2026 Levnadskostnader &amp; Tips f\u00f6r flytt\">Idaho<\/a> . <a href=\"https:\/\/moverdb.com\/sv\/international-removals\/\" data-internallinksmanager029f6b8e52c=\"27\" title=\"36 b\u00e4sta internationella flyttfirmor i Storbritannien\">flyttfirmor<\/a> som \u00e4r medlemmar i <a href=\"https:\/\/moverdb.com\/sv\/iam\/\" data-internallinksmanager029f6b8e52c=\"23\" title=\"International Association of Movers (IAM) f\u00f6rklaras\">Internationella sammanslutningen av flyttfirmor<\/a> (IAM) och\/eller <a href=\"https:\/\/moverdb.com\/sv\/fidi-faim\/\" data-internallinksmanager029f6b8e52c=\"16\" title=\"FIDI &amp; FAIM (FIDI Accredited International Mover) f\u00f6rklaras\">FIDI<\/a> Accredited International Mover (FAIM) som kan hj\u00e4lpa dig med din flytt.<\/p>\n<p><strong>B Transfer Inc<\/strong><\/p>\n<p><img loading=\"lazy\" decoding=\"async\" class=\"alignnone size-full wp-image-11265\" src=\"https:\/\/moverdb.com\/wp-content\/uploads\/B-Transfer-Inc-international-moving-company.png\" alt=\"B Transfer Inc internationell flyttfirma\" width=\"1440\" height=\"679\" data-wp-pid=\"11265\" srcset=\"https:\/\/moverdb.com\/wp-content\/uploads\/B-Transfer-Inc-international-moving-company.png 1440w, https:\/\/moverdb.com\/wp-content\/uploads\/B-Transfer-Inc-international-moving-company-300x141.png 300w, https:\/\/moverdb.com\/wp-content\/uploads\/B-Transfer-Inc-international-moving-company-1024x483.png 1024w, https:\/\/moverdb.com\/wp-content\/uploads\/B-Transfer-Inc-international-moving-company-18x8.png 18w, https:\/\/moverdb.com\/wp-content\/uploads\/B-Transfer-Inc-international-moving-company-600x283.png 600w\" sizes=\"auto, (max-width: 1440px) 100vw, 1440px\" \/><\/p>\n<ul>\n<li>Lokala och l\u00e5ngv\u00e4ga flyttningar<\/li>\n<li>Internationella tj\u00e4nster<\/li>\n<li>Flyttning av hush\u00e5ll<\/li>\n<li>Kommersiella tj\u00e4nster<\/li>\n<li>Flyttning av f\u00f6retag<\/li>\n<li>Varierad fordonspark<\/li>\n<li>Kunnig och erfaren personal<\/li>\n<li>Transportarrangemang<\/li>\n<li>F\u00f6rvaringsutrymmen<\/li>\n<\/ul>\n<p>B Transfer Inc \u00e4r ett flytt- och lagerf\u00f6retag som grundades 1958 och har sitt s\u00e4te i Mountain Home. De \u00e4r medlemmar i IAM med 59 \u00e5rs erfarenhet, vilket ger dem ett v\u00e4rldsomsp\u00e4nnande n\u00e4tverk av flyttagenter som kan hj\u00e4lpa dem med l\u00e5ngdistansflyttningar och internationella flyttningar.<\/p>\n<p>B Transfer Inc erbjuder snabba och prisv\u00e4rda flyttj\u00e4nster i Idaho som inkluderar lokala och l\u00e5ngdistansflyttningar samt internationella tj\u00e4nster. De tillhandah\u00e5ller skicklig och erfaren personal f\u00f6r att slutf\u00f6ra din flytt f\u00f6r att s\u00e4kerst\u00e4lla att dina tillh\u00f6righeter flyttas s\u00e4kert till sitt nya hem. De erbjuder ocks\u00e5 s\u00e4kra f\u00f6rvaringsutrymmen med tillg\u00e5ng dygnet runt.<\/p>\n<p>Webbplats: <a href=\"https:\/\/www.b-transfer.com\/\" target=\"_blank\" rel=\"noopener\">https:\/\/www.b-transfer.com\/<\/a><\/p>","protected":false},"excerpt":{"rendered":"<p>When you are moving there is so many things to organise and do that it can be overwhelming. Employing a moving company can lighten the load as they can help with planning, packing, transportation and customs management if moving internationally. Below we have compiled a list of Idaho based removal companies that are members of [&hellip;]<\/p>\n","protected":false},"author":4,"featured_media":11265,"parent":190,"menu_order":0,"comment_status":"closed","ping_status":"closed","template":"","meta":{"_genesis_hide_title":false,"_genesis_hide_breadcrumbs":false,"_genesis_hide_singular_image":false,"_genesis_hide_footer_widgets":false,"_genesis_custom_body_class":"","_genesis_custom_post_class":"","_genesis_layout":"","footnotes":""},"class_list":{"0":"post-11595","1":"page","2":"type-page","3":"status-publish","4":"has-post-thumbnail","6":"entry"},"_links":{"self":[{"href":"https:\/\/moverdb.com\/sv\/wp-json\/wp\/v2\/pages\/11595","targetHints":{"allow":["GET"]}}],"collection":[{"href":"https:\/\/moverdb.com\/sv\/wp-json\/wp\/v2\/pages"}],"about":[{"href":"https:\/\/moverdb.com\/sv\/wp-json\/wp\/v2\/types\/page"}],"author":[{"embeddable":true,"href":"https:\/\/moverdb.com\/sv\/wp-json\/wp\/v2\/users\/4"}],"replies":[{"embeddable":true,"href":"https:\/\/moverdb.com\/sv\/wp-json\/wp\/v2\/comments?post=11595"}],"version-history":[{"count":1,"href":"https:\/\/moverdb.com\/sv\/wp-json\/wp\/v2\/pages\/11595\/revisions"}],"predecessor-version":[{"id":11596,"href":"https:\/\/moverdb.com\/sv\/wp-json\/wp\/v2\/pages\/11595\/revisions\/11596"}],"up":[{"embeddable":true,"href":"https:\/\/moverdb.com\/sv\/wp-json\/wp\/v2\/pages\/190"}],"wp:featuredmedia":[{"embeddable":true,"href":"https:\/\/moverdb.com\/sv\/wp-json\/wp\/v2\/media\/11265"}],"wp:attachment":[{"href":"https:\/\/moverdb.com\/sv\/wp-json\/wp\/v2\/media?parent=11595"}],"curies":[{"name":"wp","href":"https:\/\/api.w.org\/{rel}","templated":true}]}}