{"id":11571,"date":"2023-11-29T10:40:47","date_gmt":"2023-11-29T10:40:47","guid":{"rendered":"https:\/\/moverdb.com\/?page_id=11571"},"modified":"2026-01-08T15:24:44","modified_gmt":"2026-01-08T15:24:44","slug":"moving-companies-us-hawaii","status":"publish","type":"page","link":"https:\/\/moverdb.com\/sv\/moving-companies\/moving-companies-us-hawaii\/","title":{"rendered":"4 b\u00e4sta internationella flyttfirmor p\u00e5 Hawaii"},"content":{"rendered":"<p>Planerar du att flytta inom, till eller fr\u00e5n <a href=\"https:\/\/moverdb.com\/sv\/moving-to-the-united-states\/moving-to-hawaii\/\" data-internallinksmanager029f6b8e52c=\"403\" title=\"Flyttar du till Hawaii? 2026 Levnadskostnader och tips om flytt\">Hawaii<\/a>? Att f\u00e5 en <a href=\"https:\/\/moverdb.com\/sv\/moving-companies\/\" data-internallinksmanager029f6b8e52c=\"79\" title=\"Topp 25 internationella flyttfirmor p\u00e5 n\u00e4tet\">flyttfirma<\/a> f\u00f6r att hj\u00e4lpa dig med organisation, packning, transport och tullarrangemang kan hj\u00e4lpa dig att g\u00f6ra flytten enklare. Nedan har vi sammanst\u00e4llt en lista \u00f6ver Hawaiian <a href=\"https:\/\/moverdb.com\/sv\/international-removals\/\" data-internallinksmanager029f6b8e52c=\"27\" title=\"36 b\u00e4sta internationella flyttfirmor i Storbritannien\">flyttfirmor<\/a> som \u00e4r medlemmar i <a href=\"https:\/\/moverdb.com\/sv\/iam\/\" data-internallinksmanager029f6b8e52c=\"23\" title=\"International Association of Movers (IAM) f\u00f6rklaras\">Internationella sammanslutningen av flyttfirmor<\/a> (IAM) och\/eller <a href=\"https:\/\/moverdb.com\/sv\/fidi-faim\/\" data-internallinksmanager029f6b8e52c=\"16\" title=\"FIDI &amp; FAIM (FIDI Accredited International Mover) f\u00f6rklaras\">FIDI<\/a> Accredited International Mover (FAIM) som kan hj\u00e4lpa dig med din flytt.<\/p>\n<div id=\"ez-toc-container\" class=\"ez-toc-v2_0_82_2 ez-toc-wrap-left counter-hierarchy ez-toc-counter ez-toc-transparent ez-toc-container-direction\">\n<div class=\"ez-toc-title-container\">\n<p class=\"ez-toc-title\" style=\"cursor:inherit\">Avsnitt<\/p>\n<span class=\"ez-toc-title-toggle\"><a href=\"#\" class=\"ez-toc-pull-right ez-toc-btn ez-toc-btn-xs ez-toc-btn-default ez-toc-toggle\" aria-label=\"V\u00e4xla till inneh\u00e5llsf\u00f6rteckning\"><span class=\"ez-toc-js-icon-con\"><span class=\"\"><span class=\"eztoc-hide\" style=\"display:none;\">V\u00e4xel<\/span><span class=\"ez-toc-icon-toggle-span\"><svg style=\"fill: #999;color:#999\" xmlns=\"http:\/\/www.w3.org\/2000\/svg\" class=\"list-377408\" width=\"20px\" height=\"20px\" viewbox=\"0 0 24 24\" fill=\"none\"><path d=\"M6 6H4v2h2V6zm14 0H8v2h12V6zM4 11h2v2H4v-2zm16 0H8v2h12v-2zM4 16h2v2H4v-2zm16 0H8v2h12v-2z\" fill=\"currentColor\"><\/path><\/svg><svg style=\"fill: #999;color:#999\" class=\"arrow-unsorted-368013\" xmlns=\"http:\/\/www.w3.org\/2000\/svg\" width=\"10px\" height=\"10px\" viewbox=\"0 0 24 24\" version=\"1.2\" baseprofile=\"tiny\"><path d=\"M18.2 9.3l-6.2-6.3-6.2 6.3c-.2.2-.3.4-.3.7s.1.5.3.7c.2.2.4.3.7.3h11c.3 0 .5-.1.7-.3.2-.2.3-.5.3-.7s-.1-.5-.3-.7zM5.8 14.7l6.2 6.3 6.2-6.3c.2-.2.3-.5.3-.7s-.1-.5-.3-.7c-.2-.2-.4-.3-.7-.3h-11c-.3 0-.5.1-.7.3-.2.2-.3.5-.3.7s.1.5.3.7z\"\/><\/svg><\/span><\/span><\/span><\/a><\/span><\/div>\n<nav><ul class='ez-toc-list ez-toc-list-level-1 eztoc-toggle-hide-by-default' ><li class='ez-toc-page-1 ez-toc-heading-level-2'><a class=\"ez-toc-link ez-toc-heading-1\" href=\"https:\/\/moverdb.com\/sv\/moving-companies\/moving-companies-us-hawaii\/#1_Aloha_International_Moving_Services\" >1. Aloha internationella flyttj\u00e4nster<\/a><\/li><li class='ez-toc-page-1 ez-toc-heading-level-2'><a class=\"ez-toc-link ez-toc-heading-2\" href=\"https:\/\/moverdb.com\/sv\/moving-companies\/moving-companies-us-hawaii\/#2_Crown_World_Mobility\" >2. Crown World Mobilitet<\/a><\/li><li class='ez-toc-page-1 ez-toc-heading-level-2'><a class=\"ez-toc-link ez-toc-heading-3\" href=\"https:\/\/moverdb.com\/sv\/moving-companies\/moving-companies-us-hawaii\/#3_M_Dyer_Global\" >3. M Dyer Global<\/a><\/li><li class='ez-toc-page-1 ez-toc-heading-level-2'><a class=\"ez-toc-link ez-toc-heading-4\" href=\"https:\/\/moverdb.com\/sv\/moving-companies\/moving-companies-us-hawaii\/#4_Royal_Hawaiian_Movers\" >4. Royal Hawaiian flyttfirmor<\/a><\/li><\/ul><\/nav><\/div>\n<h2><span class=\"ez-toc-section\" id=\"1_Aloha_International_Moving_Services\"><\/span><strong>1. Aloha internationella flyttj\u00e4nster<\/strong><span class=\"ez-toc-section-end\"><\/span><\/h2>\n<p><img loading=\"lazy\" decoding=\"async\" class=\"alignnone size-full wp-image-11253\" src=\"https:\/\/moverdb.com\/wp-content\/uploads\/Aloha-International-Moving-Services-company.png\" alt=\"Aloha International Moving Services f\u00f6retag\" width=\"1440\" height=\"677\" data-wp-pid=\"11253\" srcset=\"https:\/\/moverdb.com\/wp-content\/uploads\/Aloha-International-Moving-Services-company.png 1440w, https:\/\/moverdb.com\/wp-content\/uploads\/Aloha-International-Moving-Services-company-300x141.png 300w, https:\/\/moverdb.com\/wp-content\/uploads\/Aloha-International-Moving-Services-company-1024x481.png 1024w, https:\/\/moverdb.com\/wp-content\/uploads\/Aloha-International-Moving-Services-company-18x8.png 18w, https:\/\/moverdb.com\/wp-content\/uploads\/Aloha-International-Moving-Services-company-600x282.png 600w\" sizes=\"auto, (max-width: 1440px) 100vw, 1440px\" \/><\/p>\n<ul>\n<li>Lokala flyttningar<\/li>\n<li>Internationella flyttar<\/li>\n<li>Flyttning av bost\u00e4der<\/li>\n<li>Kontors- och f\u00f6retagsflyttar<\/li>\n<li>F\u00f6rpackningstj\u00e4nst<\/li>\n<li>Alternativ f\u00f6r sj\u00e4lvf\u00f6rpackning<\/li>\n<li>Inventering av \u00e4godelar<\/li>\n<li>Kistningstj\u00e4nster<\/li>\n<li>Arrangemang av transporter<\/li>\n<li>S\u00e4ker lagring p\u00e5 kort och l\u00e5ng sikt<\/li>\n<\/ul>\n<p>Aloha International Moving Services \u00e4r en hawaiiansk flyttfirma baserad i Kapolei. De \u00e4r medlemmar i IAM med 28 \u00e5rs erfarenhet vilket ger dem tillg\u00e5ng till ett internationellt n\u00e4tverk av flyttfirmor som hj\u00e4lper dem med flyttar \u00f6ver hela v\u00e4rlden.<\/p>\n<p>Aloha International Moving Services erbjuder flyttj\u00e4nster lokalt, mellan \u00f6ar, till fastlandet <a href=\"https:\/\/moverdb.com\/sv\/moving-to-the-united-states\/\" data-internallinksmanager029f6b8e52c=\"94\" title=\"Flyttar du till USA? 2026 Levnadskostnader och flyttningstips\">USA<\/a> och internationellt f\u00f6r privat- och f\u00f6retagskunder. De erbjuder ett urval av packningstj\u00e4nster som inkluderar en komplett packningstj\u00e4nst eller egen packning med l\u00e5dor som tillhandah\u00e5lls. Deras packningstj\u00e4nst inkluderar packning, demontering och \u00e5termontering av m\u00f6bler och uppackning samt en inventering av dina tillh\u00f6righeter.<\/p>\n<p>Webbplats: <a href=\"http:\/\/www.hawaiimovers.com\" target=\"_blank\" rel=\"noopener\">http:\/\/www.hawaiimovers.com<\/a><\/p>\n<h2><span class=\"ez-toc-section\" id=\"2_Crown_World_Mobility\"><\/span><strong>2. Crown World Mobilitet<\/strong><span class=\"ez-toc-section-end\"><\/span><\/h2>\n<p><img loading=\"lazy\" decoding=\"async\" class=\"alignnone size-full wp-image-11299\" src=\"https:\/\/moverdb.com\/wp-content\/uploads\/Crown-World-Mobility-international-moving-company.png\" alt=\"Crown World Mobility internationell flyttfirma\" width=\"1440\" height=\"675\" data-wp-pid=\"11299\" srcset=\"https:\/\/moverdb.com\/wp-content\/uploads\/Crown-World-Mobility-international-moving-company.png 1440w, https:\/\/moverdb.com\/wp-content\/uploads\/Crown-World-Mobility-international-moving-company-300x141.png 300w, https:\/\/moverdb.com\/wp-content\/uploads\/Crown-World-Mobility-international-moving-company-1024x480.png 1024w, https:\/\/moverdb.com\/wp-content\/uploads\/Crown-World-Mobility-international-moving-company-18x8.png 18w, https:\/\/moverdb.com\/wp-content\/uploads\/Crown-World-Mobility-international-moving-company-600x281.png 600w\" sizes=\"auto, (max-width: 1440px) 100vw, 1440px\" \/><\/p>\n<ul>\n<li>Lokala flyttningar<\/li>\n<li>Internationella flyttar<\/li>\n<li>Flyttning av anst\u00e4llda<\/li>\n<li>St\u00f6d inf\u00f6r planeringen<\/li>\n<li>Omfattande service<\/li>\n<li>Alternativ f\u00f6r sj\u00e4lvbetj\u00e4ning<\/li>\n<li>Tj\u00e4nster f\u00f6r att hitta ett hem<\/li>\n<li>St\u00f6d till invandring<\/li>\n<li>Visum och tillst\u00e5nd<\/li>\n<li>Sp\u00e5rningsm\u00f6jligheter<\/li>\n<\/ul>\n<p>Crown World Mobility \u00e4r ett internationellt flyttf\u00f6retag med s\u00e4te i Mililani Hawaii och 79 kontor runt om i v\u00e4rlden. De har en rad olika divisioner som hanterar olika aspekter av flytt och logistik. De har ett noggrant hanterat leverant\u00f6rsn\u00e4tverk f\u00f6r att st\u00f6dja dem. De \u00e4r medlemmar i IAM och har 44 \u00e5rs erfarenhet.<\/p>\n<p>Crown World Mobility \u00e4r specialiserade p\u00e5 att st\u00f6dja f\u00f6retag med mobilitetstj\u00e4nster f\u00f6r deras anst\u00e4llda. De erbjuder djupg\u00e5ende r\u00e5dgivning och programutformning f\u00f6r att hj\u00e4lpa f\u00f6retag med st\u00f6d av sina mobilitetsteam att oms\u00e4tta planerna i handling. De kan ocks\u00e5 hj\u00e4lpa till med immigrationstj\u00e4nster och att hitta hem.<\/p>\n<p>Webbplats: <a href=\"https:\/\/www.crownworldmobility.com\/en-us\" target=\"_blank\" rel=\"noopener\">https:\/\/www.crownworldmobility.com\/en-us<\/a><\/p>\n<h2><span class=\"ez-toc-section\" id=\"3_M_Dyer_Global\"><\/span><strong>3. M Dyer Global<\/strong><span class=\"ez-toc-section-end\"><\/span><\/h2>\n<p><img loading=\"lazy\" decoding=\"async\" class=\"alignnone size-full wp-image-11368\" src=\"https:\/\/moverdb.com\/wp-content\/uploads\/M-Dyer-Global-international-moving-company.png\" alt=\"M Dyer Global internationell flyttfirma\" width=\"1440\" height=\"680\" data-wp-pid=\"11368\" srcset=\"https:\/\/moverdb.com\/wp-content\/uploads\/M-Dyer-Global-international-moving-company.png 1440w, https:\/\/moverdb.com\/wp-content\/uploads\/M-Dyer-Global-international-moving-company-300x142.png 300w, https:\/\/moverdb.com\/wp-content\/uploads\/M-Dyer-Global-international-moving-company-1024x484.png 1024w, https:\/\/moverdb.com\/wp-content\/uploads\/M-Dyer-Global-international-moving-company-18x9.png 18w, https:\/\/moverdb.com\/wp-content\/uploads\/M-Dyer-Global-international-moving-company-600x283.png 600w\" sizes=\"auto, (max-width: 1440px) 100vw, 1440px\" \/><\/p>\n<ul>\n<li>Lokala flyttningar och flyttningar mellan \u00f6ar<\/li>\n<li>Internationella flyttar<\/li>\n<li>Flyttning av hush\u00e5ll<\/li>\n<li>Flyttning av kontor och industri<\/li>\n<li>F\u00f6rpackningstj\u00e4nst<\/li>\n<li>Transport med lastbil, flyg och b\u00e5t<\/li>\n<li>Val av beh\u00e5llaralternativ<\/li>\n<li>Tullklarering<\/li>\n<li>F\u00f6rs\u00e4kring<\/li>\n<li>Kort- och l\u00e5ngtidsf\u00f6rvaring<\/li>\n<\/ul>\n<p>M Dyer Global \u00e4r ett f\u00f6retag inom omlokalisering, lagring och logistik som grundades 1958 i Honolulu. De arbetar med \u00f6ver 500 h\u00f6gkvalitativa agenter runt om i v\u00e4rlden som de samarbetar med f\u00f6r att leverera sina tj\u00e4nster internationellt. De \u00e4r medlemmar i IAM med 55 \u00e5rs erfarenhet och \u00e4r ackrediterade av FIDI.<\/p>\n<p>M Dyer Global erbjuder en inledande unders\u00f6kning f\u00f6r att bed\u00f6ma dina flyttbehov och ge dig en offert. De erbjuder en professionell packningstj\u00e4nst med utbildade packare som packar och l\u00e5df\u00f6rpackar dina tillh\u00f6righeter p\u00e5 ett s\u00e4kert s\u00e4tt f\u00f6r transport. De ordnar med land-, flyg- och sj\u00f6transporter med m\u00f6jlighet att v\u00e4lja mellan fulla och mindre \u00e4n fulla containerlaster.<\/p>\n<p>Webbplats: <a href=\"https:\/\/www.mdyerglobal.com\/\" target=\"_blank\" rel=\"noopener\">https:\/\/www.mdyerglobal.com\/<\/a><\/p>\n<h2><span class=\"ez-toc-section\" id=\"4_Royal_Hawaiian_Movers\"><\/span><strong>4. Royal Hawaiian flyttfirmor<\/strong><span class=\"ez-toc-section-end\"><\/span><\/h2>\n<p><img loading=\"lazy\" decoding=\"async\" class=\"alignnone size-full wp-image-11429\" src=\"https:\/\/moverdb.com\/wp-content\/uploads\/Royal-Hawaiian-Movers-international-moving-company.png\" alt=\"Royal Hawaiian Movers internationell flyttfirma\" width=\"1440\" height=\"683\" data-wp-pid=\"11429\" srcset=\"https:\/\/moverdb.com\/wp-content\/uploads\/Royal-Hawaiian-Movers-international-moving-company.png 1440w, https:\/\/moverdb.com\/wp-content\/uploads\/Royal-Hawaiian-Movers-international-moving-company-300x142.png 300w, https:\/\/moverdb.com\/wp-content\/uploads\/Royal-Hawaiian-Movers-international-moving-company-1024x486.png 1024w, https:\/\/moverdb.com\/wp-content\/uploads\/Royal-Hawaiian-Movers-international-moving-company-18x9.png 18w, https:\/\/moverdb.com\/wp-content\/uploads\/Royal-Hawaiian-Movers-international-moving-company-600x285.png 600w\" sizes=\"auto, (max-width: 1440px) 100vw, 1440px\" \/><\/p>\n<ul>\n<li>Lokala flyttningar och flyttningar mellan \u00f6ar<\/li>\n<li>Internationella flyttar<\/li>\n<li>Flyttning av bost\u00e4der<\/li>\n<li>F\u00f6retag r\u00f6r sig<\/li>\n<li>Flyttning av anst\u00e4llda<\/li>\n<li>Personlig service<\/li>\n<li>F\u00f6rpackningstj\u00e4nst<\/li>\n<li>Transportarrangemang<\/li>\n<li>Transport av fordon<\/li>\n<li>F\u00f6rvaringsutrymmen<\/li>\n<\/ul>\n<p>Royal Hawaiian Movers \u00e4r ett transport- och flyttf\u00f6retag som grundades 1982 med n\u00e4rvaro p\u00e5 alla fyra Hawaii-\u00f6arna. De \u00e4r en del av DeWitt Companies-gruppen vilket ger dem tillg\u00e5ng till ett bredare n\u00e4tverk av flyttfirmor. De \u00e4r medlemmar i IAM och har 41 \u00e5rs erfarenhet.<\/p>\n<p>Royal Hawaiian Movers erbjuder en personlig service med en virtuell eller personlig unders\u00f6kning f\u00f6r att bed\u00f6ma dina flyttbehov och ge en skr\u00e4ddarsydd offert f\u00f6r att m\u00f6ta dina behov och budget. De guidar och hj\u00e4lper dig under hela flytten f\u00f6r att underl\u00e4tta processen som omfattar packning och uppackning, demontering och \u00e5termontering av m\u00f6bler och transport av dina tillh\u00f6righeter till din destination.<\/p>\n<p>Webbplats: <a href=\"http:\/\/royalhawaiianmovers.com\/\" target=\"_blank\" rel=\"noopener\">http:\/\/royalhawaiianmovers.com\/<\/a><\/p>","protected":false},"excerpt":{"rendered":"<p>Are you planning on moving within, to or from Hawaii? Getting a moving company to assist you with organisation, packing, transportation and customs arrangements can aid you in making the move easier. Below we have compiled a list of Hawaiian removal companies that are members of the International Association of Movers (IAM) and\/or FIDI Accredited [&hellip;]<\/p>\n","protected":false},"author":4,"featured_media":11253,"parent":190,"menu_order":0,"comment_status":"closed","ping_status":"closed","template":"","meta":{"_genesis_hide_title":false,"_genesis_hide_breadcrumbs":false,"_genesis_hide_singular_image":false,"_genesis_hide_footer_widgets":false,"_genesis_custom_body_class":"","_genesis_custom_post_class":"","_genesis_layout":"","footnotes":""},"class_list":{"0":"post-11571","1":"page","2":"type-page","3":"status-publish","4":"has-post-thumbnail","6":"entry"},"_links":{"self":[{"href":"https:\/\/moverdb.com\/sv\/wp-json\/wp\/v2\/pages\/11571","targetHints":{"allow":["GET"]}}],"collection":[{"href":"https:\/\/moverdb.com\/sv\/wp-json\/wp\/v2\/pages"}],"about":[{"href":"https:\/\/moverdb.com\/sv\/wp-json\/wp\/v2\/types\/page"}],"author":[{"embeddable":true,"href":"https:\/\/moverdb.com\/sv\/wp-json\/wp\/v2\/users\/4"}],"replies":[{"embeddable":true,"href":"https:\/\/moverdb.com\/sv\/wp-json\/wp\/v2\/comments?post=11571"}],"version-history":[{"count":1,"href":"https:\/\/moverdb.com\/sv\/wp-json\/wp\/v2\/pages\/11571\/revisions"}],"predecessor-version":[{"id":11573,"href":"https:\/\/moverdb.com\/sv\/wp-json\/wp\/v2\/pages\/11571\/revisions\/11573"}],"up":[{"embeddable":true,"href":"https:\/\/moverdb.com\/sv\/wp-json\/wp\/v2\/pages\/190"}],"wp:featuredmedia":[{"embeddable":true,"href":"https:\/\/moverdb.com\/sv\/wp-json\/wp\/v2\/media\/11253"}],"wp:attachment":[{"href":"https:\/\/moverdb.com\/sv\/wp-json\/wp\/v2\/media?parent=11571"}],"curies":[{"name":"wp","href":"https:\/\/api.w.org\/{rel}","templated":true}]}}