{"id":11566,"date":"2023-11-29T10:45:44","date_gmt":"2023-11-29T10:45:44","guid":{"rendered":"https:\/\/moverdb.com\/?page_id=11566"},"modified":"2026-01-08T15:25:07","modified_gmt":"2026-01-08T15:25:07","slug":"moving-companies-us-georgia","status":"publish","type":"page","link":"https:\/\/moverdb.com\/sv\/moving-companies\/moving-companies-us-georgia\/","title":{"rendered":"5 b\u00e4sta internationella flyttfirmor i Georgia"},"content":{"rendered":"<p>N\u00e4r du ska flytta \u00e4r det mycket som ska g\u00f6ras, t.ex. planera och organisera flytten, v\u00e4lja transportf\u00f6retag och packa dina tillh\u00f6righeter, och om du ska flytta utomlands m\u00e5ste du ocks\u00e5 hantera tullen. M\u00e5nga av dessa aktiviteter kan utf\u00f6ras av en <a href=\"https:\/\/moverdb.com\/sv\/moving-companies\/\" data-internallinksmanager029f6b8e52c=\"79\" title=\"Topp 25 internationella flyttfirmor p\u00e5 n\u00e4tet\">flyttfirma<\/a>. Nedan har vi sammanst\u00e4llt en lista \u00f6ver <a href=\"https:\/\/moverdb.com\/sv\/moving-to-the-united-states\/moving-to-georgia\/\" data-internallinksmanager029f6b8e52c=\"402\" title=\"Flytta till Georgia? 2026 Levnadskostnader &amp; tips om flytt\">Georgien<\/a> . <a href=\"https:\/\/moverdb.com\/sv\/international-removals\/\" data-internallinksmanager029f6b8e52c=\"27\" title=\"36 b\u00e4sta internationella flyttfirmor i Storbritannien\">flyttfirmor<\/a> som \u00e4r medlemmar i <a href=\"https:\/\/moverdb.com\/sv\/iam\/\" data-internallinksmanager029f6b8e52c=\"23\" title=\"International Association of Movers (IAM) f\u00f6rklaras\">Internationella sammanslutningen av flyttfirmor<\/a> (IAM) och\/eller <a href=\"https:\/\/moverdb.com\/sv\/fidi-faim\/\" data-internallinksmanager029f6b8e52c=\"16\" title=\"FIDI &amp; FAIM (FIDI Accredited International Mover) f\u00f6rklaras\">FIDI<\/a> Accredited International Mover (FAIM) som kan hj\u00e4lpa dig med din flytt.<\/p>\n<div id=\"ez-toc-container\" class=\"ez-toc-v2_0_82_2 ez-toc-wrap-left counter-hierarchy ez-toc-counter ez-toc-transparent ez-toc-container-direction\">\n<div class=\"ez-toc-title-container\">\n<p class=\"ez-toc-title\" style=\"cursor:inherit\">Avsnitt<\/p>\n<span class=\"ez-toc-title-toggle\"><a href=\"#\" class=\"ez-toc-pull-right ez-toc-btn ez-toc-btn-xs ez-toc-btn-default ez-toc-toggle\" aria-label=\"V\u00e4xla till inneh\u00e5llsf\u00f6rteckning\"><span class=\"ez-toc-js-icon-con\"><span class=\"\"><span class=\"eztoc-hide\" style=\"display:none;\">V\u00e4xel<\/span><span class=\"ez-toc-icon-toggle-span\"><svg style=\"fill: #999;color:#999\" xmlns=\"http:\/\/www.w3.org\/2000\/svg\" class=\"list-377408\" width=\"20px\" height=\"20px\" viewbox=\"0 0 24 24\" fill=\"none\"><path d=\"M6 6H4v2h2V6zm14 0H8v2h12V6zM4 11h2v2H4v-2zm16 0H8v2h12v-2zM4 16h2v2H4v-2zm16 0H8v2h12v-2z\" fill=\"currentColor\"><\/path><\/svg><svg style=\"fill: #999;color:#999\" class=\"arrow-unsorted-368013\" xmlns=\"http:\/\/www.w3.org\/2000\/svg\" width=\"10px\" height=\"10px\" viewbox=\"0 0 24 24\" version=\"1.2\" baseprofile=\"tiny\"><path d=\"M18.2 9.3l-6.2-6.3-6.2 6.3c-.2.2-.3.4-.3.7s.1.5.3.7c.2.2.4.3.7.3h11c.3 0 .5-.1.7-.3.2-.2.3-.5.3-.7s-.1-.5-.3-.7zM5.8 14.7l6.2 6.3 6.2-6.3c.2-.2.3-.5.3-.7s-.1-.5-.3-.7c-.2-.2-.4-.3-.7-.3h-11c-.3 0-.5.1-.7.3-.2.2-.3.5-.3.7s.1.5.3.7z\"\/><\/svg><\/span><\/span><\/span><\/a><\/span><\/div>\n<nav><ul class='ez-toc-list ez-toc-list-level-1 eztoc-toggle-hide-by-default' ><li class='ez-toc-page-1 ez-toc-heading-level-2'><a class=\"ez-toc-link ez-toc-heading-1\" href=\"https:\/\/moverdb.com\/sv\/moving-companies\/moving-companies-us-georgia\/#1_A1_Freeman_Moving_Group\" >1. A1 Freeman Moving Group<\/a><\/li><li class='ez-toc-page-1 ez-toc-heading-level-2'><a class=\"ez-toc-link ez-toc-heading-2\" href=\"https:\/\/moverdb.com\/sv\/moving-companies\/moving-companies-us-georgia\/#2_Atlantic_Relocation_Systems\" >2. Atlantic flyttningssystem<\/a><\/li><li class='ez-toc-page-1 ez-toc-heading-level-2'><a class=\"ez-toc-link ez-toc-heading-3\" href=\"https:\/\/moverdb.com\/sv\/moving-companies\/moving-companies-us-georgia\/#3_Armstrong\" >3. Armstrong<\/a><\/li><li class='ez-toc-page-1 ez-toc-heading-level-2'><a class=\"ez-toc-link ez-toc-heading-4\" href=\"https:\/\/moverdb.com\/sv\/moving-companies\/moving-companies-us-georgia\/#4_Beltmann_Moving_Storage\" >4. Beltmann Flyttning &amp; Lagring<\/a><\/li><li class='ez-toc-page-1 ez-toc-heading-level-2'><a class=\"ez-toc-link ez-toc-heading-5\" href=\"https:\/\/moverdb.com\/sv\/moving-companies\/moving-companies-us-georgia\/#5_Hilldrup\" >5. Hilldrup<\/a><\/li><\/ul><\/nav><\/div>\n<h2><span class=\"ez-toc-section\" id=\"1_A1_Freeman_Moving_Group\"><\/span><strong>1. A1 Freeman Moving Group<\/strong><span class=\"ez-toc-section-end\"><\/span><\/h2>\n<p><img loading=\"lazy\" decoding=\"async\" class=\"alignnone size-full wp-image-11236\" src=\"https:\/\/moverdb.com\/wp-content\/uploads\/A1-Freeman-Moving-Group-international-moving-company.png\" alt=\"A1 Freeman Moving Group internationell flyttfirma\" width=\"1440\" height=\"675\" data-wp-pid=\"11236\" srcset=\"https:\/\/moverdb.com\/wp-content\/uploads\/A1-Freeman-Moving-Group-international-moving-company.png 1440w, https:\/\/moverdb.com\/wp-content\/uploads\/A1-Freeman-Moving-Group-international-moving-company-300x141.png 300w, https:\/\/moverdb.com\/wp-content\/uploads\/A1-Freeman-Moving-Group-international-moving-company-1024x480.png 1024w, https:\/\/moverdb.com\/wp-content\/uploads\/A1-Freeman-Moving-Group-international-moving-company-18x8.png 18w, https:\/\/moverdb.com\/wp-content\/uploads\/A1-Freeman-Moving-Group-international-moving-company-600x281.png 600w\" sizes=\"auto, (max-width: 1440px) 100vw, 1440px\" \/><\/p>\n<ul>\n<li>Lokala och l\u00e5ngv\u00e4ga flyttningar<\/li>\n<li>Internationella flyttar<\/li>\n<li>Hush\u00e5llsflyttar<\/li>\n<li>Flyttning av f\u00f6retag<\/li>\n<li>Skr\u00e4ddarsydda tj\u00e4nster<\/li>\n<li>Kundtj\u00e4nstr\u00e5dgivare<\/li>\n<li>F\u00f6rpackningstj\u00e4nst<\/li>\n<li>Transportarrangemang<\/li>\n<li>Tullst\u00f6d<\/li>\n<li>Flytt concierge f\u00f6r uppf\u00f6ljning efter flytten<\/li>\n<\/ul>\n<p>A1 Freeman Moving Group \u00e4r ett flytt- och transportf\u00f6retag som har varit verksamt sedan 1974 och \u00e4r baserat i <a href=\"https:\/\/moverdb.com\/sv\/moving-to-atlanta\/\" data-internallinksmanager029f6b8e52c=\"32\" title=\"Flyttar du till Atlanta? 2022 levnadskostnader och flyttningstips\">Atlanta<\/a>. De \u00e4r ett n\u00e4tverk av transportproffs som kan leverera flyttj\u00e4nster lokalt, nationellt och internationellt. De \u00e4r medlemmar i IAM och har 33 \u00e5rs erfarenhet.<\/p>\n<p>A1 Freeman Moving Group erbjuder r\u00e5dgivning f\u00f6re flytten med en av sina representanter som g\u00e5r igenom processen och hj\u00e4lper dig att planera din flytt. De kommer att utse en kundtj\u00e4nstr\u00e5dgivare som kommer att hantera varje steg i din flytt. De kommer att skapa en flyttplan som inkluderar packning, leverans, tull och inflyttningstj\u00e4nster.<\/p>\n<p>Webbplats: <a href=\"http:\/\/www.a1freemanatlanta.com\/\" target=\"_blank\" rel=\"noopener\">http:\/\/www.a1freemanatlanta.com\/<\/a><\/p>\n<h2><span class=\"ez-toc-section\" id=\"2_Atlantic_Relocation_Systems\"><\/span><strong>2. Atlantic flyttningssystem<\/strong><span class=\"ez-toc-section-end\"><\/span><\/h2>\n<p><img loading=\"lazy\" decoding=\"async\" class=\"alignnone size-full wp-image-11262\" src=\"https:\/\/moverdb.com\/wp-content\/uploads\/Atlantic-Relocation-Systems-international-moving-company.png\" alt=\"Atlantic Relocation Systems internationell flyttfirma\" width=\"1440\" height=\"677\" data-wp-pid=\"11262\" srcset=\"https:\/\/moverdb.com\/wp-content\/uploads\/Atlantic-Relocation-Systems-international-moving-company.png 1440w, https:\/\/moverdb.com\/wp-content\/uploads\/Atlantic-Relocation-Systems-international-moving-company-300x141.png 300w, https:\/\/moverdb.com\/wp-content\/uploads\/Atlantic-Relocation-Systems-international-moving-company-1024x481.png 1024w, https:\/\/moverdb.com\/wp-content\/uploads\/Atlantic-Relocation-Systems-international-moving-company-18x8.png 18w, https:\/\/moverdb.com\/wp-content\/uploads\/Atlantic-Relocation-Systems-international-moving-company-600x282.png 600w\" sizes=\"auto, (max-width: 1440px) 100vw, 1440px\" \/><\/p>\n<ul>\n<li>Lokala och l\u00e5ngv\u00e4ga flyttningar<\/li>\n<li>Internationella flyttar<\/li>\n<li>Flyttning av bost\u00e4der<\/li>\n<li>Flyttning av kontor<\/li>\n<li>Samordnare f\u00f6r flyttning<\/li>\n<li>F\u00f6rpackningstj\u00e4nst<\/li>\n<li>Transport p\u00e5 v\u00e4g, till sj\u00f6ss och i luften<\/li>\n<li>Hj\u00e4lp med dokumentation<\/li>\n<li>Frakt av konstverk<\/li>\n<li>Anl\u00e4ggning f\u00f6r lagring<\/li>\n<\/ul>\n<p>Atlantic Relocation Systems \u00e4r en internationell flyttfirma som grundades 1984 och har 13 filialer \u00f6ver hela v\u00e4rlden <a href=\"https:\/\/moverdb.com\/sv\/moving-to-the-united-states\/\" data-internallinksmanager029f6b8e52c=\"94\" title=\"Flyttar du till USA? 2026 Levnadskostnader och flyttningstips\">USA<\/a> med en i Atlanta. De \u00e4r ett Atlas Van Lines-f\u00f6retag vilket ger dem t\u00e4ckning \u00f6ver hela USA och de har tillg\u00e5ng till internationella n\u00e4tverk f\u00f6r att st\u00f6dja dem. De \u00e4r medlemmar i IAM med 52 \u00e5rs erfarenhet.<\/p>\n<p>Atlantic Relocation Systems f\u00f6rser internationella flyttare med en internationell flyttkoordinator som hj\u00e4lper dig under hela din flytt. Lokala flyttar erbjuds en kostnadsfri uppskattning i hemmet. De tillhandah\u00e5ller en packningstj\u00e4nst f\u00f6r att skydda dina tillh\u00f6righeter under transport p\u00e5 v\u00e4g, till sj\u00f6ss eller med flyg samt hj\u00e4lp med att fylla i dokumentation.<\/p>\n<p>Webbplats: <a href=\"https:\/\/www.atlanticrelocation.com\/\" target=\"_blank\" rel=\"noopener\">https:\/\/www.atlanticrelocation.com\/<\/a><\/p>\n<h2><span class=\"ez-toc-section\" id=\"3_Armstrong\"><\/span><strong>3. Armstrong<\/strong><span class=\"ez-toc-section-end\"><\/span><\/h2>\n<p><img loading=\"lazy\" decoding=\"async\" class=\"alignnone size-full wp-image-11261\" src=\"https:\/\/moverdb.com\/wp-content\/uploads\/Armstrong-international-moving-company.png\" alt=\"Armstrong internationell flyttfirma\" width=\"1440\" height=\"676\" data-wp-pid=\"11261\" srcset=\"https:\/\/moverdb.com\/wp-content\/uploads\/Armstrong-international-moving-company.png 1440w, https:\/\/moverdb.com\/wp-content\/uploads\/Armstrong-international-moving-company-300x141.png 300w, https:\/\/moverdb.com\/wp-content\/uploads\/Armstrong-international-moving-company-1024x481.png 1024w, https:\/\/moverdb.com\/wp-content\/uploads\/Armstrong-international-moving-company-18x8.png 18w, https:\/\/moverdb.com\/wp-content\/uploads\/Armstrong-international-moving-company-600x282.png 600w\" sizes=\"auto, (max-width: 1440px) 100vw, 1440px\" \/><\/p>\n<ul>\n<li>Lokala och l\u00e5ngv\u00e4ga flyttningar<\/li>\n<li>Internationella flyttar<\/li>\n<li>Flyttning av bost\u00e4der<\/li>\n<li>Flyttning av kontor<\/li>\n<li>Flyttning av anst\u00e4llda<\/li>\n<li>F\u00f6rpackningsalternativ<\/li>\n<li>Luft-, sj\u00f6- och landtransporter<\/li>\n<li>Tullklarering<\/li>\n<li>Tj\u00e4nster p\u00e5 destinationen<\/li>\n<li>Kort- och l\u00e5ngtidsf\u00f6rvaring<\/li>\n<\/ul>\n<p>Armstrong \u00e4r ett flytt-, relocation- och logistikf\u00f6retag med 32 kontor \u00f6ver hela landet, inklusive ett kontor i Atlanta. De har ett n\u00e4tverk av partners och dotterbolag som hj\u00e4lper dem att leverera sina tj\u00e4nster internationellt. De \u00e4r medlemmar i IAM med 38 \u00e5rs erfarenhet och \u00e4r ackrediterade av FIDI.<\/p>\n<p>Armstrong erbjuder flytthanteringstj\u00e4nster som inkluderar fullst\u00e4ndig eller partiell packning och uppackning, vilket ocks\u00e5 kan inkludera l\u00e5dor och specialpackning samt skydd av din egendom under flytten. De ordnar transport med tullklarering. Ytterligare tj\u00e4nster inkluderar kulturell utbildning, f\u00f6rs\u00e4ljning och uthyrning av bost\u00e4der samt f\u00f6rvaringsalternativ.<\/p>\n<p>Webbplats: <a href=\"https:\/\/www.armstrongrelocation.com\/\" target=\"_blank\" rel=\"noopener\">https:\/\/www.armstrongrelocation.com\/<\/a><\/p>\n<h2><span class=\"ez-toc-section\" id=\"4_Beltmann_Moving_Storage\"><\/span><strong>4. Beltmann Flyttning &amp; Lagring<\/strong><span class=\"ez-toc-section-end\"><\/span><\/h2>\n<p><img loading=\"lazy\" decoding=\"async\" class=\"alignnone size-full wp-image-11269\" src=\"https:\/\/moverdb.com\/wp-content\/uploads\/Beltmann-Relocation-Group-international-moving-company.png\" alt=\"Beltmann Relocation Group internationell flyttfirma\" width=\"1440\" height=\"682\" data-wp-pid=\"11269\" srcset=\"https:\/\/moverdb.com\/wp-content\/uploads\/Beltmann-Relocation-Group-international-moving-company.png 1440w, https:\/\/moverdb.com\/wp-content\/uploads\/Beltmann-Relocation-Group-international-moving-company-300x142.png 300w, https:\/\/moverdb.com\/wp-content\/uploads\/Beltmann-Relocation-Group-international-moving-company-1024x485.png 1024w, https:\/\/moverdb.com\/wp-content\/uploads\/Beltmann-Relocation-Group-international-moving-company-18x9.png 18w, https:\/\/moverdb.com\/wp-content\/uploads\/Beltmann-Relocation-Group-international-moving-company-600x284.png 600w\" sizes=\"auto, (max-width: 1440px) 100vw, 1440px\" \/><\/p>\n<ul>\n<li>Lokala och l\u00e5ngv\u00e4ga flyttningar<\/li>\n<li>Internationella flyttar<\/li>\n<li>Flyttning av bost\u00e4der<\/li>\n<li>Flyttning av kontor<\/li>\n<li>Flyttning av f\u00f6retag<\/li>\n<li>Anpassningsbara tj\u00e4nster<\/li>\n<li>Flytta konsult<\/li>\n<li>F\u00f6rpackningstj\u00e4nst<\/li>\n<li>Transportarrangemang<\/li>\n<li>S\u00e4ker lagring<\/li>\n<\/ul>\n<p>Beltmann Moving &amp; Storage \u00e4r en flyttfirma som grundades 1923 med 11 kontor \u00f6ver hela USA, inklusive Atlanta. De \u00e4r anslutna till North American Van Lines vilket ger dem st\u00f6rre t\u00e4ckning och de har \u00e4ven internationella n\u00e4tverk. De \u00e4r medlemmar i IAM och har 24 \u00e5rs erfarenhet.<\/p>\n<p>Beltmann Moving &amp; Storage erbjuder anpassningsbara paket, s\u00e5 att du bara betalar f\u00f6r de tj\u00e4nster du beh\u00f6ver och hj\u00e4lper dig att h\u00e5lla budgeten. De erbjuder personlig support och all-inclusive-paket som kan ta hand om allt eller s\u00e5 kan du v\u00e4lja enskilda tj\u00e4nster. Deras flyttkonsult arrangerar din flytt inklusive packning och transport till din destination.<\/p>\n<p>Webbplats: <a href=\"http:\/\/www.beltmann.com\/\" target=\"_blank\" rel=\"noopener\">http:\/\/www.beltmann.com\/<\/a><\/p>\n<h2><span class=\"ez-toc-section\" id=\"5_Hilldrup\"><\/span><strong>5. Hilldrup<\/strong><span class=\"ez-toc-section-end\"><\/span><\/h2>\n<p><img loading=\"lazy\" decoding=\"async\" class=\"alignnone size-full wp-image-11339\" src=\"https:\/\/moverdb.com\/wp-content\/uploads\/Hilldrup-international-moving-company.png\" alt=\"Hilldrup internationell flyttfirma\" width=\"1440\" height=\"674\" data-wp-pid=\"11339\" srcset=\"https:\/\/moverdb.com\/wp-content\/uploads\/Hilldrup-international-moving-company.png 1440w, https:\/\/moverdb.com\/wp-content\/uploads\/Hilldrup-international-moving-company-300x140.png 300w, https:\/\/moverdb.com\/wp-content\/uploads\/Hilldrup-international-moving-company-1024x479.png 1024w, https:\/\/moverdb.com\/wp-content\/uploads\/Hilldrup-international-moving-company-18x8.png 18w, https:\/\/moverdb.com\/wp-content\/uploads\/Hilldrup-international-moving-company-600x281.png 600w\" sizes=\"auto, (max-width: 1440px) 100vw, 1440px\" \/><\/p>\n<ul>\n<li>Lokala och l\u00e5ngv\u00e4ga flyttningar<\/li>\n<li>Internationella flyttar<\/li>\n<li>Flyttning av bost\u00e4der<\/li>\n<li>Aff\u00e4rsr\u00f6relser<\/li>\n<li>Val av flyttpaket<\/li>\n<li>Flytta r\u00e5dgivare<\/li>\n<li>F\u00f6rpackningstj\u00e4nst<\/li>\n<li>Transportarrangemang<\/li>\n<li>Sp\u00e5rning av uppdateringar<\/li>\n<li>Kort- och l\u00e5ngtidsf\u00f6rvaring<\/li>\n<\/ul>\n<p>Hilldrup \u00e4r ett flytt- och lagerf\u00f6retag som grundades 1903 och har 10 filialer i syd\u00f6stra och mellersta Atlanten i USA, inklusive en i Atlanta. De har internationella samarbeten med ledande organisationer f\u00f6r att st\u00f6dja sina kunder och leverera internationella tj\u00e4nster, bland annat United Van Lines och Mayflower Transit. De \u00e4r ackrediterade av FIDI.<\/p>\n<p>Hilldrup tillhandah\u00e5ller en flyttr\u00e5dgivare som hj\u00e4lper dig att hantera din flytt och erbjuder ett urval av flyttpaket fr\u00e5n g\u00f6r-det-sj\u00e4lv till packning med full service. De erbjuder en virtuell flyttunders\u00f6kning f\u00f6r att bed\u00f6ma dina behov och ge en offert. De anv\u00e4nder de b\u00e4sta f\u00f6rpackningsmaterialen f\u00f6r att skydda dina tillh\u00f6righeter under transporten och de erbjuder anpassade f\u00f6rpacknings- och l\u00e5dalternativ f\u00f6r \u00f6mt\u00e5liga f\u00f6rem\u00e5l.<\/p>\n<p>Webbplats: <a href=\"https:\/\/www.hilldrup.com\/\" target=\"_blank\" rel=\"noopener\">https:\/\/www.hilldrup.com\/<\/a><\/p>","protected":false},"excerpt":{"rendered":"<p>When you are moving there is a lot to do such as planning and organising the move, selecting a transportation provider and packing your belongings, and if you are moving abroad handling customs too. Many of these activities can be completed by a moving company. Below we have compiled a list of Georgia based removal [&hellip;]<\/p>\n","protected":false},"author":4,"featured_media":11236,"parent":190,"menu_order":0,"comment_status":"closed","ping_status":"closed","template":"","meta":{"_genesis_hide_title":false,"_genesis_hide_breadcrumbs":false,"_genesis_hide_singular_image":false,"_genesis_hide_footer_widgets":false,"_genesis_custom_body_class":"","_genesis_custom_post_class":"","_genesis_layout":"","footnotes":""},"class_list":{"0":"post-11566","1":"page","2":"type-page","3":"status-publish","4":"has-post-thumbnail","6":"entry"},"_links":{"self":[{"href":"https:\/\/moverdb.com\/sv\/wp-json\/wp\/v2\/pages\/11566","targetHints":{"allow":["GET"]}}],"collection":[{"href":"https:\/\/moverdb.com\/sv\/wp-json\/wp\/v2\/pages"}],"about":[{"href":"https:\/\/moverdb.com\/sv\/wp-json\/wp\/v2\/types\/page"}],"author":[{"embeddable":true,"href":"https:\/\/moverdb.com\/sv\/wp-json\/wp\/v2\/users\/4"}],"replies":[{"embeddable":true,"href":"https:\/\/moverdb.com\/sv\/wp-json\/wp\/v2\/comments?post=11566"}],"version-history":[{"count":3,"href":"https:\/\/moverdb.com\/sv\/wp-json\/wp\/v2\/pages\/11566\/revisions"}],"predecessor-version":[{"id":11570,"href":"https:\/\/moverdb.com\/sv\/wp-json\/wp\/v2\/pages\/11566\/revisions\/11570"}],"up":[{"embeddable":true,"href":"https:\/\/moverdb.com\/sv\/wp-json\/wp\/v2\/pages\/190"}],"wp:featuredmedia":[{"embeddable":true,"href":"https:\/\/moverdb.com\/sv\/wp-json\/wp\/v2\/media\/11236"}],"wp:attachment":[{"href":"https:\/\/moverdb.com\/sv\/wp-json\/wp\/v2\/media?parent=11566"}],"curies":[{"name":"wp","href":"https:\/\/api.w.org\/{rel}","templated":true}]}}