{"id":11564,"date":"2023-11-29T10:35:03","date_gmt":"2023-11-29T10:35:03","guid":{"rendered":"https:\/\/moverdb.com\/?page_id=11564"},"modified":"2026-01-08T15:24:15","modified_gmt":"2026-01-08T15:24:15","slug":"moving-companies-us-gaithersburg","status":"publish","type":"page","link":"https:\/\/moverdb.com\/sv\/moving-companies\/moving-companies-us-gaithersburg\/","title":{"rendered":"3 b\u00e4sta internationella flyttfirmor i Gaithersburg"},"content":{"rendered":"<p>N\u00e4r du flyttar hem eller ditt f\u00f6retag finns det mycket att g\u00f6ra, s\u00e5 att anlita tj\u00e4nster fr\u00e5n en <a href=\"https:\/\/moverdb.com\/sv\/moving-companies\/\" data-internallinksmanager029f6b8e52c=\"79\" title=\"Topp 25 internationella flyttfirmor p\u00e5 n\u00e4tet\">flyttfirma<\/a> kan hj\u00e4lpa dig att minska arbetsb\u00f6rdan s\u00e5 att du kan fokusera p\u00e5 andra aspekter av din flytt. Detta kan inkludera packning, arrangemang av transport och tullhantering f\u00f6r internationella flyttar. Nedan har vi sammanst\u00e4llt en lista \u00f6ver Gaithersburg-baserade <a href=\"https:\/\/moverdb.com\/sv\/international-removals\/\" data-internallinksmanager029f6b8e52c=\"27\" title=\"36 b\u00e4sta internationella flyttfirmor i Storbritannien\">flyttfirmor<\/a> som \u00e4r medlemmar i <a href=\"https:\/\/moverdb.com\/sv\/iam\/\" data-internallinksmanager029f6b8e52c=\"23\" title=\"International Association of Movers (IAM) f\u00f6rklaras\">Internationella sammanslutningen av flyttfirmor<\/a> (IAM) och\/eller <a href=\"https:\/\/moverdb.com\/sv\/fidi-faim\/\" data-internallinksmanager029f6b8e52c=\"16\" title=\"FIDI &amp; FAIM (FIDI Accredited International Mover) f\u00f6rklaras\">FIDI<\/a> Accredited International Mover (FAIM) som kan hj\u00e4lpa dig med din flytt.<\/p>\n<h2><strong>1. Transportl\u00f6sningar \u00f6ver hela v\u00e4rlden<\/strong><\/h2>\n<p><img loading=\"lazy\" decoding=\"async\" class=\"alignnone size-full wp-image-11442\" src=\"https:\/\/moverdb.com\/wp-content\/uploads\/Shipping-Solutions-Worldwide-international-moving-company.png\" alt=\"Shipping Solutions Worldwide internationell flyttfirma\" width=\"1440\" height=\"680\" data-wp-pid=\"11442\" srcset=\"https:\/\/moverdb.com\/wp-content\/uploads\/Shipping-Solutions-Worldwide-international-moving-company.png 1440w, https:\/\/moverdb.com\/wp-content\/uploads\/Shipping-Solutions-Worldwide-international-moving-company-300x142.png 300w, https:\/\/moverdb.com\/wp-content\/uploads\/Shipping-Solutions-Worldwide-international-moving-company-1024x484.png 1024w, https:\/\/moverdb.com\/wp-content\/uploads\/Shipping-Solutions-Worldwide-international-moving-company-18x9.png 18w, https:\/\/moverdb.com\/wp-content\/uploads\/Shipping-Solutions-Worldwide-international-moving-company-600x283.png 600w\" sizes=\"auto, (max-width: 1440px) 100vw, 1440px\" \/><\/p>\n<ul>\n<li>Lokala och nationella flyttningar<\/li>\n<li>Internationella flyttar<\/li>\n<li>Flyttning av bost\u00e4der<\/li>\n<li>Kommersiella flyttar och kontorsflyttar<\/li>\n<li>Personlig service<\/li>\n<li>F\u00f6rpackningstj\u00e4nst<\/li>\n<li>Land-, luft- och sj\u00f6transporter<\/li>\n<li>St\u00f6d f\u00f6r dokumentation<\/li>\n<li><a href=\"https:\/\/moverdb.com\/sv\/car-transport-shipping\/\" data-internallinksmanager029f6b8e52c=\"2\" title=\"2026 Internationella offerter f\u00f6r biltransport och fordonsfrakt\">Transport av fordon<\/a><\/li>\n<li>Sp\u00e5rning av f\u00f6rs\u00e4ndelser<\/li>\n<\/ul>\n<p>Shipping Solutions Worldwide \u00e4r ett globalt flyttf\u00f6retag med \u00f6ver 30 \u00e5rs erfarenhet och s\u00e4te i Gaithersburg. De arbetar med ett n\u00e4tverk av globala flyttf\u00f6retag f\u00f6r att tillhandah\u00e5lla tj\u00e4nster \u00f6ver hela v\u00e4rlden. De \u00e4r medlemmar i IAM.<\/p>\n<p>Shipping Solutions Worldwide erbjuder en skr\u00e4ddarsydd flyttj\u00e4nst som anpassas efter dina behov. De tillhandah\u00e5ller en packningstj\u00e4nst som ser till att dina f\u00f6rem\u00e5l transporteras s\u00e4kert under transportf\u00f6rh\u00e5llandena med en fullst\u00e4ndig inventering. De ordnar med land-, flyg- eller sj\u00f6transport och tar \u00e4ven hand om all n\u00f6dv\u00e4ndig dokumentation f\u00f6r transport och sp\u00e5rning av din f\u00f6rs\u00e4ndelse.<\/p>\n<p>Webbplats: <a href=\"https:\/\/shippingsolutionsworldwide.com\/\" target=\"_blank\" rel=\"noopener\">https:\/\/shippingsolutionsworldwide.com\/<\/a><\/p>\n<h2><strong>2. Town &amp; Country flyttfirmor<\/strong><\/h2>\n<p><img loading=\"lazy\" decoding=\"async\" class=\"alignnone size-full wp-image-11458\" src=\"https:\/\/moverdb.com\/wp-content\/uploads\/Town-Country-Movers-international-moving-company.png\" alt=\"Town &amp; Country Movers internationell flyttfirma\" width=\"1440\" height=\"681\" data-wp-pid=\"11458\" srcset=\"https:\/\/moverdb.com\/wp-content\/uploads\/Town-Country-Movers-international-moving-company.png 1440w, https:\/\/moverdb.com\/wp-content\/uploads\/Town-Country-Movers-international-moving-company-300x142.png 300w, https:\/\/moverdb.com\/wp-content\/uploads\/Town-Country-Movers-international-moving-company-1024x484.png 1024w, https:\/\/moverdb.com\/wp-content\/uploads\/Town-Country-Movers-international-moving-company-18x9.png 18w, https:\/\/moverdb.com\/wp-content\/uploads\/Town-Country-Movers-international-moving-company-600x284.png 600w\" sizes=\"auto, (max-width: 1440px) 100vw, 1440px\" \/><\/p>\n<ul>\n<li>Lokala och nationella flyttningar<\/li>\n<li>Internationella flyttar<\/li>\n<li>Hush\u00e5llsflyttar<\/li>\n<li>Aff\u00e4rsr\u00f6relser<\/li>\n<li>D\u00f6rr-till-d\u00f6rr och d\u00f6rr-till-d\u00f6rr<a href=\"https:\/\/moverdb.com\/sv\/top-49-container-ports\/\" data-internallinksmanager029f6b8e52c=\"80\" title=\"Topp 49 st\u00f6rsta och mest trafikerade containerhamnar 2025\">port<\/a> alternativ<\/li>\n<li>F\u00f6rpackningstj\u00e4nst<\/li>\n<li>Arrangemang f\u00f6r transport<\/li>\n<li>Tullklarering<\/li>\n<li>Transport av fordon<\/li>\n<li>S\u00e4ker kort- och l\u00e5ngtidslagring<\/li>\n<\/ul>\n<p>Town &amp; Country Movers \u00e4r en flytt- och magasineringsfirma som grundades 1977 och som \u00e4r baserad i Gaithersburg och betj\u00e4nar <a href=\"https:\/\/moverdb.com\/sv\/moving-to-the-united-states\/moving-to-maryland\/\" data-internallinksmanager029f6b8e52c=\"467\" title=\"Flyttar du till Maryland? 2024 Levnadskostnader &amp; tips f\u00f6r flytt\">Maryland<\/a> och <a href=\"https:\/\/moverdb.com\/sv\/moving-to-the-united-states\/moving-to-virginia\/\" data-internallinksmanager029f6b8e52c=\"442\" title=\"Flytta till Virginia? 2026 Levnadskostnader &amp; tips om flytt\">Virginia<\/a> med lokala, nationella och internationella flyttningar. De samarbetar med p\u00e5litliga internationella spedit\u00f6rer f\u00f6r att leverera sina tj\u00e4nster \u00f6ver hela v\u00e4rlden. De \u00e4r medlemmar i IAM och har 46 \u00e5rs erfarenhet.<\/p>\n<p>Town &amp; Country Movers erbjuder en kostnadsfri uppskattning i hemmet f\u00f6r din flytt och de kommer att anpassa sin service f\u00f6r att m\u00f6ta dina behov. De hj\u00e4lper dig att hitta de b\u00e4sta transportalternativen f\u00f6r dina behov och din budget. De tillhandah\u00e5ller en professionell packningstj\u00e4nst f\u00f6r att skydda dina f\u00f6rem\u00e5l, vilket kan inkludera anpassade l\u00e5dor.<\/p>\n<p>Webbplats: <a href=\"https:\/\/townandcountrymovers.com\/\" target=\"_blank\" rel=\"noopener\">https:\/\/townandcountrymovers.com\/<\/a><\/p>\n<h2><strong>3. Universella omlokaliseringar<\/strong><\/h2>\n<p><img loading=\"lazy\" decoding=\"async\" class=\"alignnone size-full wp-image-11469\" src=\"https:\/\/moverdb.com\/wp-content\/uploads\/Universal-Relocations-international-moving-company-1.png\" alt=\"Universal Relocations internationell flyttfirma\" width=\"1440\" height=\"680\" data-wp-pid=\"11469\" srcset=\"https:\/\/moverdb.com\/wp-content\/uploads\/Universal-Relocations-international-moving-company-1.png 1440w, https:\/\/moverdb.com\/wp-content\/uploads\/Universal-Relocations-international-moving-company-1-300x142.png 300w, https:\/\/moverdb.com\/wp-content\/uploads\/Universal-Relocations-international-moving-company-1-1024x484.png 1024w, https:\/\/moverdb.com\/wp-content\/uploads\/Universal-Relocations-international-moving-company-1-18x9.png 18w, https:\/\/moverdb.com\/wp-content\/uploads\/Universal-Relocations-international-moving-company-1-600x283.png 600w\" sizes=\"auto, (max-width: 1440px) 100vw, 1440px\" \/><\/p>\n<ul>\n<li>Nationella omlokaliseringar<\/li>\n<li>Internationella flyttningar<\/li>\n<li>Flyttning av hush\u00e5ll<\/li>\n<li>Flyttning av f\u00f6retag<\/li>\n<li>D\u00f6rr-till-d\u00f6rr-tj\u00e4nster<\/li>\n<li>F\u00f6rpackningstj\u00e4nst<\/li>\n<li>Tullf\u00f6rmedling<\/li>\n<li>Transport av husdjur och bilar<\/li>\n<li>Hj\u00e4lp med att s\u00f6ka efter bost\u00e4der<\/li>\n<li>F\u00f6rvaringsutrymmen<\/li>\n<\/ul>\n<p>Universal Relocations \u00e4r ett internationellt flytt- och omlokaliseringsf\u00f6retag som grundades i <a href=\"https:\/\/moverdb.com\/sv\/moving-to-india\/\" data-internallinksmanager029f6b8e52c=\"356\" title=\"Flytta till Indien? 2026 Levnadskostnader och tips om flyttning\">Indien<\/a> 1998 som \u00e4ven har kontor i Sverige och <a href=\"https:\/\/moverdb.com\/sv\/moving-to-the-united-states\/\" data-internallinksmanager029f6b8e52c=\"94\" title=\"Flyttar du till USA? 2026 Levnadskostnader och flyttningstips\">USA<\/a> i Gaithersburg, <a href=\"https:\/\/moverdb.com\/sv\/moving-to-the-united-states\/moving-to-new-jersey\/\" data-internallinksmanager029f6b8e52c=\"417\" title=\"Flytta till New Jersey? 2026 Levnadskostnader och tips om flytt\">New Jersey<\/a>, <a href=\"https:\/\/moverdb.com\/sv\/moving-to-the-united-states\/moving-to-california\/\" data-internallinksmanager029f6b8e52c=\"330\" title=\"Flytta till Kalifornien? 2026 Levnadskostnader &amp; Flytttips\">Kalifornien<\/a>, <a href=\"https:\/\/moverdb.com\/sv\/moving-to-the-united-states\/moving-to-texas\/\" data-internallinksmanager029f6b8e52c=\"397\" title=\"Flytta till Texas? 2026 Levnadskostnader &amp; tips om flytt\">Texas<\/a> och <a href=\"https:\/\/moverdb.com\/sv\/moving-to-the-united-states\/moving-to-georgia\/\" data-internallinksmanager029f6b8e52c=\"402\" title=\"Flytta till Georgia? 2026 Levnadskostnader &amp; tips om flytt\">Georgien<\/a>. De har ett globalt n\u00e4tverk med 160 partneragenter som hj\u00e4lper dem med internationella tj\u00e4nster. De \u00e4r medlemmar i IAM med sju \u00e5rs erfarenhet.<\/p>\n<p>Universal Relocations erbjuder en d\u00f6rr-till-d\u00f6rr flyttj\u00e4nst f\u00f6r hush\u00e5ll och f\u00f6retag. De tillhandah\u00e5ller en s\u00e4ker packningstj\u00e4nst f\u00f6r att skydda dina tillh\u00f6righeter under transporten och de kan ocks\u00e5 transportera dina husdjur och fordon. De erbjuder ocks\u00e5 ytterligare tj\u00e4nster som inkluderar hj\u00e4lp med bostadss\u00f6kning, f\u00f6rvaringsm\u00f6jligheter och f\u00f6rs\u00e4kring.<\/p>\n<p>Webbplats: <a href=\"https:\/\/universalrelocations.com\/\" target=\"_blank\" rel=\"noopener\">https:\/\/universalrelocations.com\/<\/a><\/p>","protected":false},"excerpt":{"rendered":"<p>When you are moving home or your business there is a lot to do so engaging the services of a moving company can assist you in reducing the workload so you can focus on other aspects of your move. This can include packing, arranging transport and handling customs for international moves. Below we have compiled [&hellip;]<\/p>\n","protected":false},"author":4,"featured_media":11442,"parent":190,"menu_order":0,"comment_status":"closed","ping_status":"closed","template":"","meta":{"_genesis_hide_title":false,"_genesis_hide_breadcrumbs":false,"_genesis_hide_singular_image":false,"_genesis_hide_footer_widgets":false,"_genesis_custom_body_class":"","_genesis_custom_post_class":"","_genesis_layout":"","footnotes":""},"class_list":{"0":"post-11564","1":"page","2":"type-page","3":"status-publish","4":"has-post-thumbnail","6":"entry"},"_links":{"self":[{"href":"https:\/\/moverdb.com\/sv\/wp-json\/wp\/v2\/pages\/11564","targetHints":{"allow":["GET"]}}],"collection":[{"href":"https:\/\/moverdb.com\/sv\/wp-json\/wp\/v2\/pages"}],"about":[{"href":"https:\/\/moverdb.com\/sv\/wp-json\/wp\/v2\/types\/page"}],"author":[{"embeddable":true,"href":"https:\/\/moverdb.com\/sv\/wp-json\/wp\/v2\/users\/4"}],"replies":[{"embeddable":true,"href":"https:\/\/moverdb.com\/sv\/wp-json\/wp\/v2\/comments?post=11564"}],"version-history":[{"count":1,"href":"https:\/\/moverdb.com\/sv\/wp-json\/wp\/v2\/pages\/11564\/revisions"}],"predecessor-version":[{"id":11565,"href":"https:\/\/moverdb.com\/sv\/wp-json\/wp\/v2\/pages\/11564\/revisions\/11565"}],"up":[{"embeddable":true,"href":"https:\/\/moverdb.com\/sv\/wp-json\/wp\/v2\/pages\/190"}],"wp:featuredmedia":[{"embeddable":true,"href":"https:\/\/moverdb.com\/sv\/wp-json\/wp\/v2\/media\/11442"}],"wp:attachment":[{"href":"https:\/\/moverdb.com\/sv\/wp-json\/wp\/v2\/media?parent=11564"}],"curies":[{"name":"wp","href":"https:\/\/api.w.org\/{rel}","templated":true}]}}