{"id":11558,"date":"2023-11-29T10:29:34","date_gmt":"2023-11-29T10:29:34","guid":{"rendered":"https:\/\/moverdb.com\/?page_id=11558"},"modified":"2026-01-08T15:24:12","modified_gmt":"2026-01-08T15:24:12","slug":"moving-companies-us-danbury","status":"publish","type":"page","link":"https:\/\/moverdb.com\/sv\/moving-companies\/moving-companies-us-danbury\/","title":{"rendered":"3 b\u00e4sta internationella flyttfirmor i Danbury"},"content":{"rendered":"<p>Att planera och hantera en flytt kan vara stressigt, s\u00e5 att f\u00e5 en <a href=\"https:\/\/moverdb.com\/sv\/moving-companies\/\" data-internallinksmanager029f6b8e52c=\"79\" title=\"Topp 25 internationella flyttfirmor p\u00e5 n\u00e4tet\">flyttfirma<\/a> i f\u00f6r att packa och transportera dina tillh\u00f6righeter kan l\u00e4tta p\u00e5 trycket. Nedan har vi sammanst\u00e4llt en lista \u00f6ver Danbury-baserade <a href=\"https:\/\/moverdb.com\/sv\/international-removals\/\" data-internallinksmanager029f6b8e52c=\"27\" title=\"36 b\u00e4sta internationella flyttfirmor i Storbritannien\">flyttfirmor<\/a> som \u00e4r medlemmar i <a href=\"https:\/\/moverdb.com\/sv\/iam\/\" data-internallinksmanager029f6b8e52c=\"23\" title=\"International Association of Movers (IAM) f\u00f6rklaras\">Internationella sammanslutningen av flyttfirmor<\/a> (IAM) och\/eller <a href=\"https:\/\/moverdb.com\/sv\/fidi-faim\/\" data-internallinksmanager029f6b8e52c=\"16\" title=\"FIDI &amp; FAIM (FIDI Accredited International Mover) f\u00f6rklaras\">FIDI<\/a> Accredited International Mover (FAIM) som kan hj\u00e4lpa dig med din flytt.<\/p>\n<h2><strong>1. Internationell kontinuitet<\/strong><\/h2>\n<p><img loading=\"lazy\" decoding=\"async\" class=\"alignnone size-full wp-image-11296\" src=\"https:\/\/moverdb.com\/wp-content\/uploads\/Continuum-International-moving-company.png\" alt=\"Continuum International flyttfirma\" width=\"1440\" height=\"677\" data-wp-pid=\"11296\" srcset=\"https:\/\/moverdb.com\/wp-content\/uploads\/Continuum-International-moving-company.png 1440w, https:\/\/moverdb.com\/wp-content\/uploads\/Continuum-International-moving-company-300x141.png 300w, https:\/\/moverdb.com\/wp-content\/uploads\/Continuum-International-moving-company-1024x481.png 1024w, https:\/\/moverdb.com\/wp-content\/uploads\/Continuum-International-moving-company-18x8.png 18w, https:\/\/moverdb.com\/wp-content\/uploads\/Continuum-International-moving-company-600x282.png 600w\" sizes=\"auto, (max-width: 1440px) 100vw, 1440px\" \/><\/p>\n<ul>\n<li>Nationella omlokaliseringar<\/li>\n<li>Internationella flyttningar<\/li>\n<li>Flyttning av f\u00f6retag<\/li>\n<li>D\u00f6rr-till-d\u00f6rr-tj\u00e4nster<\/li>\n<li>Skr\u00e4ddarsydda tj\u00e4nster<\/li>\n<li>F\u00f6rpackningstj\u00e4nst<\/li>\n<li>Transport med flyg, b\u00e5t eller lastbil<\/li>\n<li>F\u00f6rberedelse av dokument<\/li>\n<li>F\u00f6rs\u00e4kring f\u00f6r transitering<\/li>\n<li>F\u00f6rvaringsutrymmen<\/li>\n<\/ul>\n<p>Continuum International \u00e4r ett globalt tj\u00e4nstef\u00f6retag inom omlokalisering och uppdragshantering som har varit verksamt i \u00f6ver 20 \u00e5r och har kontor i Danbury och Brookfield. De har globala partnerskap som g\u00f6r det m\u00f6jligt f\u00f6r dem att leverera sina tj\u00e4nster internationellt. De \u00e4r medlemmar i IAM med 24 \u00e5rs erfarenhet.<\/p>\n<p>Continuum International erbjuder skr\u00e4ddarsydda d\u00f6rr-till-d\u00f6rr flytt- och relocationtj\u00e4nster med en utsedd Relocation Advisor. De erbjuder en unders\u00f6kning f\u00f6re flytten f\u00f6r att bed\u00f6ma dina flyttbehov och skapa en flyttplan. De packar dina tillh\u00f6righeter och ser till att f\u00f6rpackningsmaterialet \u00e4r l\u00e4mpligt f\u00f6r transports\u00e4ttet och destinationen.<\/p>\n<p>Webbplats: <a href=\"https:\/\/www.continuumrelo.com\/\" target=\"_blank\" rel=\"noopener\">https:\/\/www.continuumrelo.com\/<\/a><\/p>\n<h2><strong>2. Interconex<\/strong><\/h2>\n<p><img loading=\"lazy\" decoding=\"async\" class=\"alignnone size-full wp-image-11345\" src=\"https:\/\/moverdb.com\/wp-content\/uploads\/Interconex-international-moving-company.png\" alt=\"Interconex internationell flyttfirma\" width=\"1440\" height=\"678\" data-wp-pid=\"11345\" srcset=\"https:\/\/moverdb.com\/wp-content\/uploads\/Interconex-international-moving-company.png 1440w, https:\/\/moverdb.com\/wp-content\/uploads\/Interconex-international-moving-company-300x141.png 300w, https:\/\/moverdb.com\/wp-content\/uploads\/Interconex-international-moving-company-1024x482.png 1024w, https:\/\/moverdb.com\/wp-content\/uploads\/Interconex-international-moving-company-18x8.png 18w, https:\/\/moverdb.com\/wp-content\/uploads\/Interconex-international-moving-company-600x283.png 600w\" sizes=\"auto, (max-width: 1440px) 100vw, 1440px\" \/><\/p>\n<ul>\n<li>Nationella flyttningar<\/li>\n<li>Internationella flyttar<\/li>\n<li>Hush\u00e5llsflyttar<\/li>\n<li>F\u00f6retagsflyttar<\/li>\n<li>D\u00f6rr-till-d\u00f6rr-tj\u00e4nster<\/li>\n<li>F\u00f6rpackningstj\u00e4nst<\/li>\n<li>Transportarrangemang<\/li>\n<li>Tullklarering<\/li>\n<li>Flyttning av husdjur<\/li>\n<li>Tj\u00e4nster f\u00f6r s\u00e4ker lagring<\/li>\n<\/ul>\n<p>Interconex \u00e4r ett fullservicef\u00f6retag f\u00f6r flyttning av hush\u00e5llsgods som grundades 1969 och \u00e4r baserat i Danbury. De arbetar med handplockade internationella partners f\u00f6r att leverera sina tj\u00e4nster runt om i v\u00e4rlden. De \u00e4r ackrediterade av FIDI.<\/p>\n<p>Interconex erbjuder en inledande unders\u00f6kning f\u00f6r att fastst\u00e4lla dina flyttbehov. De tillhandah\u00e5ller en packningstj\u00e4nst som anv\u00e4nder packmaterial av h\u00f6gsta kvalitet och utbildade packare f\u00f6r att skydda dina tillh\u00f6righeter. Detta kan inkludera specialiserade f\u00f6rpackningsmaterial och skr\u00e4ddarsydda l\u00e5dor. De erbjuder ytterligare tj\u00e4nster som inkluderar flygplatstransporter, conciergetj\u00e4nster, hantverkarhj\u00e4lp, st\u00e4dservice, tillf\u00e4lligt boende, destinationstj\u00e4nster, husdjursflytt, allriskf\u00f6rs\u00e4kring och f\u00f6rvaring.<\/p>\n<p>Webbplats: <a href=\"https:\/\/www.interconex.com\/\" target=\"_blank\" rel=\"noopener\">https:\/\/www.interconex.com\/<\/a><\/p>\n<h2><strong>3. Intermove Ltd<\/strong><\/h2>\n<p><img loading=\"lazy\" decoding=\"async\" class=\"alignnone size-full wp-image-11346\" src=\"https:\/\/moverdb.com\/wp-content\/uploads\/Intermove-Danbury-international-moving-company.png\" alt=\"Intermove Danbury internationell flyttfirma\" width=\"1440\" height=\"680\" data-wp-pid=\"11346\" srcset=\"https:\/\/moverdb.com\/wp-content\/uploads\/Intermove-Danbury-international-moving-company.png 1440w, https:\/\/moverdb.com\/wp-content\/uploads\/Intermove-Danbury-international-moving-company-300x142.png 300w, https:\/\/moverdb.com\/wp-content\/uploads\/Intermove-Danbury-international-moving-company-1024x484.png 1024w, https:\/\/moverdb.com\/wp-content\/uploads\/Intermove-Danbury-international-moving-company-18x9.png 18w, https:\/\/moverdb.com\/wp-content\/uploads\/Intermove-Danbury-international-moving-company-600x283.png 600w\" sizes=\"auto, (max-width: 1440px) 100vw, 1440px\" \/><\/p>\n<ul>\n<li>Internationella flyttningar<\/li>\n<li>Flyttning av hush\u00e5ll<\/li>\n<li>Flyttning av f\u00f6retag<\/li>\n<li>D\u00f6rr-till-d\u00f6rr-tj\u00e4nster<\/li>\n<li>Gratis uppskattning<\/li>\n<li>Virtuell assistans och assistans p\u00e5 plats<\/li>\n<li>Luft-, sj\u00f6- och landtransporter<\/li>\n<li>St\u00f6d f\u00f6r dokumentation<\/li>\n<li>F\u00f6rs\u00e4kring<\/li>\n<\/ul>\n<p>Intermove Ltd \u00e4r ett internationellt flytt- och relocationf\u00f6retag som grundades 1977 och har sitt s\u00e4te i Danbury. De har ett n\u00e4tverk av p\u00e5litliga internationella flyttfirmor som hj\u00e4lper dem att leverera d\u00f6rr-till-d\u00f6rr-tj\u00e4nster \u00f6ver hela v\u00e4rlden. De \u00e4r medlemmar i IAM och har 46 \u00e5rs erfarenhet.<\/p>\n<p>Intermove Ltd erbjuder en kostnadsfri offert med r\u00e5d och st\u00f6d fr\u00e5n sina internationella flyttspecialister, antingen virtuellt eller p\u00e5 plats f\u00f6r internationella flyttar. De ordnar s\u00e4ker transport av dina tillh\u00f6righeter med flyg, till sj\u00f6ss eller p\u00e5 land och hj\u00e4lper dig med dokumentationen. De erbjuder f\u00f6rs\u00e4kringsskydd f\u00f6r professionellt packade laster.<\/p>\n<p>Webbplats: <a href=\"https:\/\/www.intermove.com\/\" target=\"_blank\" rel=\"noopener\">https:\/\/www.intermove.com\/<\/a><\/p>","protected":false},"excerpt":{"rendered":"<p>Planning and managing your move can be stressful so getting a moving company in to pack and transport your belongings can ease the pressure. Below we have compiled a list of Danbury based removal companies that are members of the International Association of Movers (IAM) and\/or FIDI Accredited International Mover (FAIM) who could assist you [&hellip;]<\/p>\n","protected":false},"author":4,"featured_media":11296,"parent":190,"menu_order":0,"comment_status":"closed","ping_status":"closed","template":"","meta":{"_genesis_hide_title":false,"_genesis_hide_breadcrumbs":false,"_genesis_hide_singular_image":false,"_genesis_hide_footer_widgets":false,"_genesis_custom_body_class":"","_genesis_custom_post_class":"","_genesis_layout":"","footnotes":""},"class_list":{"0":"post-11558","1":"page","2":"type-page","3":"status-publish","4":"has-post-thumbnail","6":"entry"},"_links":{"self":[{"href":"https:\/\/moverdb.com\/sv\/wp-json\/wp\/v2\/pages\/11558","targetHints":{"allow":["GET"]}}],"collection":[{"href":"https:\/\/moverdb.com\/sv\/wp-json\/wp\/v2\/pages"}],"about":[{"href":"https:\/\/moverdb.com\/sv\/wp-json\/wp\/v2\/types\/page"}],"author":[{"embeddable":true,"href":"https:\/\/moverdb.com\/sv\/wp-json\/wp\/v2\/users\/4"}],"replies":[{"embeddable":true,"href":"https:\/\/moverdb.com\/sv\/wp-json\/wp\/v2\/comments?post=11558"}],"version-history":[{"count":1,"href":"https:\/\/moverdb.com\/sv\/wp-json\/wp\/v2\/pages\/11558\/revisions"}],"predecessor-version":[{"id":11559,"href":"https:\/\/moverdb.com\/sv\/wp-json\/wp\/v2\/pages\/11558\/revisions\/11559"}],"up":[{"embeddable":true,"href":"https:\/\/moverdb.com\/sv\/wp-json\/wp\/v2\/pages\/190"}],"wp:featuredmedia":[{"embeddable":true,"href":"https:\/\/moverdb.com\/sv\/wp-json\/wp\/v2\/media\/11296"}],"wp:attachment":[{"href":"https:\/\/moverdb.com\/sv\/wp-json\/wp\/v2\/media?parent=11558"}],"curies":[{"name":"wp","href":"https:\/\/api.w.org\/{rel}","templated":true}]}}