{"id":11556,"date":"2023-11-29T10:30:30","date_gmt":"2023-11-29T10:30:30","guid":{"rendered":"https:\/\/moverdb.com\/?page_id=11556"},"modified":"2026-01-08T15:24:11","modified_gmt":"2026-01-08T15:24:11","slug":"moving-companies-us-connecticut","status":"publish","type":"page","link":"https:\/\/moverdb.com\/sv\/moving-companies\/moving-companies-us-connecticut\/","title":{"rendered":"3 b\u00e4sta internationella flyttfirmor i Connecticut"},"content":{"rendered":"<p>Om du ska flytta kanske du vill ta hj\u00e4lp av en <a href=\"https:\/\/moverdb.com\/sv\/moving-companies\/\" data-internallinksmanager029f6b8e52c=\"79\" title=\"Topp 25 internationella flyttfirmor p\u00e5 n\u00e4tet\">flyttfirma<\/a> f\u00f6r att st\u00f6dja och minska belastningen. De kan hj\u00e4lpa till med att planera flytten, packa dina tillh\u00f6righeter, ordna transport och hantera tullen vid internationella flyttar. Nedan har vi sammanst\u00e4llt en lista \u00f6ver <a href=\"https:\/\/moverdb.com\/sv\/moving-to-the-united-states\/moving-to-connecticut\/\" data-internallinksmanager029f6b8e52c=\"444\" title=\"Flyttar du till Connecticut? 2026 Levnadskostnader och tips om flytt\">Connecticut<\/a> . <a href=\"https:\/\/moverdb.com\/sv\/international-removals\/\" data-internallinksmanager029f6b8e52c=\"27\" title=\"36 b\u00e4sta internationella flyttfirmor i Storbritannien\">flyttfirmor<\/a> som \u00e4r medlemmar i <a href=\"https:\/\/moverdb.com\/sv\/iam\/\" data-internallinksmanager029f6b8e52c=\"23\" title=\"International Association of Movers (IAM) f\u00f6rklaras\">Internationella sammanslutningen av flyttfirmor<\/a> (IAM) och\/eller <a href=\"https:\/\/moverdb.com\/sv\/fidi-faim\/\" data-internallinksmanager029f6b8e52c=\"16\" title=\"FIDI &amp; FAIM (FIDI Accredited International Mover) f\u00f6rklaras\">FIDI<\/a> Accredited International Mover (FAIM) som kan hj\u00e4lpa dig med din flytt.<\/p>\n<h2><strong>1. Brimar Omlokalisering<\/strong><\/h2>\n<p><img loading=\"lazy\" decoding=\"async\" class=\"alignnone size-full wp-image-11277\" src=\"https:\/\/moverdb.com\/wp-content\/uploads\/Brimar-Relocations-international-moving-company.png\" alt=\"Brimar Relocations internationell flyttfirma\" width=\"1440\" height=\"679\" data-wp-pid=\"11277\" srcset=\"https:\/\/moverdb.com\/wp-content\/uploads\/Brimar-Relocations-international-moving-company.png 1440w, https:\/\/moverdb.com\/wp-content\/uploads\/Brimar-Relocations-international-moving-company-300x141.png 300w, https:\/\/moverdb.com\/wp-content\/uploads\/Brimar-Relocations-international-moving-company-1024x483.png 1024w, https:\/\/moverdb.com\/wp-content\/uploads\/Brimar-Relocations-international-moving-company-18x8.png 18w, https:\/\/moverdb.com\/wp-content\/uploads\/Brimar-Relocations-international-moving-company-600x283.png 600w\" sizes=\"auto, (max-width: 1440px) 100vw, 1440px\" \/><\/p>\n<ul>\n<li>Nationella flyttningar<\/li>\n<li>Internationella flyttar<\/li>\n<li>Hush\u00e5llsflyttar<\/li>\n<li>Flyttning av f\u00f6retag<\/li>\n<li>D\u00f6rr-till-d\u00f6rr-tj\u00e4nster<\/li>\n<li>Transportarrangemang<\/li>\n<li>Tullst\u00f6d<\/li>\n<li>Hantering av konst<\/li>\n<li>F\u00f6rs\u00e4kring<\/li>\n<li>F\u00f6rvaringsutrymmen<\/li>\n<\/ul>\n<p>Brimar Relocations \u00e4r en internationell flyttfirma som grundades 2007 och \u00e4r baserad i Stamford och har ett kontor i <a href=\"https:\/\/moverdb.com\/sv\/moving-to-france\/moving-to-paris\/\" data-internallinksmanager029f6b8e52c=\"407\" title=\"Flytta till Paris? 2026 Levnadskostnader och tips om flytt\">Paris<\/a>. De har ett utvecklat n\u00e4tverk av globala agenter som hj\u00e4lper dem att genomf\u00f6ra internationella flyttar. De \u00e4r medlemmar i IAM med 14 \u00e5rs erfarenhet.<\/p>\n<p>Brimar Relocation erbjuder nationella och internationella flytt- och omlokaliseringstj\u00e4nster och \u00e4r specialiserade p\u00e5 f\u00f6retagsflyttar och kan hantera konst. De erbjuder d\u00f6rr-till-d\u00f6rr-flyttj\u00e4nster d\u00e4r de ordnar med transporten av dina tillh\u00f6righeter till din destination, vilket kan inkludera l\u00e5dor och f\u00f6rvaring samt grundl\u00e4ggande f\u00f6rs\u00e4kringsskydd.<\/p>\n<p>Webbplats: <a href=\"http:\/\/www.brimarrelo.com\" target=\"_blank\" rel=\"noopener\">http:\/\/www.brimarrelo.com<\/a><\/p>\n<h2><strong>2. Meyer<\/strong><\/h2>\n<p><img loading=\"lazy\" decoding=\"async\" class=\"alignnone size-full wp-image-11376\" src=\"https:\/\/moverdb.com\/wp-content\/uploads\/Meyer-international-moving-company.png\" alt=\"Meyer internationell flyttfirma\" width=\"1440\" height=\"680\" data-wp-pid=\"11376\" srcset=\"https:\/\/moverdb.com\/wp-content\/uploads\/Meyer-international-moving-company.png 1440w, https:\/\/moverdb.com\/wp-content\/uploads\/Meyer-international-moving-company-300x142.png 300w, https:\/\/moverdb.com\/wp-content\/uploads\/Meyer-international-moving-company-1024x484.png 1024w, https:\/\/moverdb.com\/wp-content\/uploads\/Meyer-international-moving-company-18x9.png 18w, https:\/\/moverdb.com\/wp-content\/uploads\/Meyer-international-moving-company-600x283.png 600w\" sizes=\"auto, (max-width: 1440px) 100vw, 1440px\" \/><\/p>\n<ul>\n<li>Lokala och l\u00e5ngv\u00e4ga flyttningar<\/li>\n<li>Internationella flyttningar<\/li>\n<li>Flyttning av bost\u00e4der<\/li>\n<li>Flyttning av kontor<\/li>\n<li>Flyttning av f\u00f6retag<\/li>\n<li>D\u00f6rr-till-d\u00f6rr-tj\u00e4nster<\/li>\n<li>En dedikerad flyttkoordinator<\/li>\n<li>F\u00f6rpackningsalternativ<\/li>\n<li><a href=\"https:\/\/moverdb.com\/sv\/car-transport-shipping\/\" data-internallinksmanager029f6b8e52c=\"2\" title=\"2026 Internationella offerter f\u00f6r biltransport och fordonsfrakt\">Transport av fordon<\/a><\/li>\n<li>F\u00f6rvaringsl\u00f6sningar<\/li>\n<\/ul>\n<p>Meyer \u00e4r ett f\u00f6retag inom logistik, omlokalisering och f\u00f6rvaringsl\u00f6sningar som grundades 1915 och har sitt s\u00e4te i Stratford. De \u00e4r en del av United Van Lines n\u00e4tverk vilket ger dem tillg\u00e5ng till flyttfirmor som hj\u00e4lper dem att leverera sina tj\u00e4nster. De \u00e4r medlemmar i IAM och har 108 \u00e5rs erfarenhet.<\/p>\n<p>Meyer erbjuder en flyttkonsultation f\u00f6r att bed\u00f6ma dina flyttbehov och din flyttvolym. De tillhandah\u00e5ller en dedikerad flyttkoordinator som en enda kontaktpunkt som hanterar alla aspekter av din flytt. De kommer att hitta den b\u00e4sta flyttl\u00f6sningen f\u00f6r dina behov och tillhandah\u00e5lla en d\u00f6rr-till-d\u00f6rr-tj\u00e4nst med m\u00f6jlighet till fullst\u00e4ndig packningstj\u00e4nst eller egen packning.<\/p>\n<p>Webbplats: <a href=\"http:\/\/www.williambmeyer.com\" target=\"_blank\" rel=\"noopener\">http:\/\/www.williambmeyer.com<\/a><\/p>\n<h2><strong>3. WorldCare transport av s\u00e4llskapsdjur<\/strong><\/h2>\n<p><img loading=\"lazy\" decoding=\"async\" class=\"alignnone size-full wp-image-11481\" src=\"https:\/\/moverdb.com\/wp-content\/uploads\/WorldCare-Pet-Transport-international-moving-company.png\" alt=\"WorldCare Pet Transport internationell flyttfirma\" width=\"1440\" height=\"683\" data-wp-pid=\"11481\" srcset=\"https:\/\/moverdb.com\/wp-content\/uploads\/WorldCare-Pet-Transport-international-moving-company.png 1440w, https:\/\/moverdb.com\/wp-content\/uploads\/WorldCare-Pet-Transport-international-moving-company-300x142.png 300w, https:\/\/moverdb.com\/wp-content\/uploads\/WorldCare-Pet-Transport-international-moving-company-1024x486.png 1024w, https:\/\/moverdb.com\/wp-content\/uploads\/WorldCare-Pet-Transport-international-moving-company-18x9.png 18w, https:\/\/moverdb.com\/wp-content\/uploads\/WorldCare-Pet-Transport-international-moving-company-600x285.png 600w\" sizes=\"auto, (max-width: 1440px) 100vw, 1440px\" \/><\/p>\n<ul>\n<li>Landsomfattande service<\/li>\n<li>Internationell tj\u00e4nst<\/li>\n<li>Privat flytt av husdjur<\/li>\n<li>Omlokalisering av s\u00e4llskapsdjur<\/li>\n<li>Omfattande service<\/li>\n<li>D\u00f6rr-till-d\u00f6rr-tj\u00e4nster<\/li>\n<li>Tar hand om alla typer av husdjur<\/li>\n<li>Arrangemang f\u00f6r effektiv transport<\/li>\n<li>Flygbolag<\/li>\n<li>Veterin\u00e4ra tj\u00e4nster<\/li>\n<\/ul>\n<p>WorldCare Pet Transport \u00e4r ett internationellt transportf\u00f6retag f\u00f6r s\u00e4llskapsdjur som har varit verksamt i \u00f6ver 10 \u00e5r. De arbetar med flyttfirmor f\u00f6r hush\u00e5llsartiklar, omlokaliseringsfirmor och personalansvariga. De \u00e4r registrerade hos USDA som en omedelbar hanterare. De \u00e4r medlemmar i IAM med 22 \u00e5rs erfarenhet.<\/p>\n<p>WorldCare Pet Transport erbjuder en helt\u00e4ckande tj\u00e4nst f\u00f6r omplacering av husdjur och h\u00e4mtar och levererar ditt husdjur var som helst i v\u00e4rlden. De sk\u00f6ter alla researrangemang och v\u00e4ljer de mest direkta och kostnadseffektiva flygen samt tillhandah\u00e5ller godk\u00e4nda transport\u00f6rer i alla storlekar. De ordnar med veterin\u00e4rtj\u00e4nster, inklusive h\u00e4lsounders\u00f6kningar, blodprover, intyg och mikrochips.<\/p>\n<p>Webbplats: <a href=\"http:\/\/www.WorldCarePet.com\" target=\"_blank\" rel=\"noopener\">http:\/\/www.WorldCarePet.com<\/a><\/p>","protected":false},"excerpt":{"rendered":"<p>If you are moving, you may want to employ the services of a moving company to support and lessen the load. They can help with planning the move, packing your belongings, arranging transport and handling customs for international moves. Below we have compiled a list of Connecticut based removal companies that are members of the [&hellip;]<\/p>\n","protected":false},"author":4,"featured_media":11277,"parent":190,"menu_order":0,"comment_status":"closed","ping_status":"closed","template":"","meta":{"_genesis_hide_title":false,"_genesis_hide_breadcrumbs":false,"_genesis_hide_singular_image":false,"_genesis_hide_footer_widgets":false,"_genesis_custom_body_class":"","_genesis_custom_post_class":"","_genesis_layout":"","footnotes":""},"class_list":{"0":"post-11556","1":"page","2":"type-page","3":"status-publish","4":"has-post-thumbnail","6":"entry"},"_links":{"self":[{"href":"https:\/\/moverdb.com\/sv\/wp-json\/wp\/v2\/pages\/11556","targetHints":{"allow":["GET"]}}],"collection":[{"href":"https:\/\/moverdb.com\/sv\/wp-json\/wp\/v2\/pages"}],"about":[{"href":"https:\/\/moverdb.com\/sv\/wp-json\/wp\/v2\/types\/page"}],"author":[{"embeddable":true,"href":"https:\/\/moverdb.com\/sv\/wp-json\/wp\/v2\/users\/4"}],"replies":[{"embeddable":true,"href":"https:\/\/moverdb.com\/sv\/wp-json\/wp\/v2\/comments?post=11556"}],"version-history":[{"count":1,"href":"https:\/\/moverdb.com\/sv\/wp-json\/wp\/v2\/pages\/11556\/revisions"}],"predecessor-version":[{"id":11557,"href":"https:\/\/moverdb.com\/sv\/wp-json\/wp\/v2\/pages\/11556\/revisions\/11557"}],"up":[{"embeddable":true,"href":"https:\/\/moverdb.com\/sv\/wp-json\/wp\/v2\/pages\/190"}],"wp:featuredmedia":[{"embeddable":true,"href":"https:\/\/moverdb.com\/sv\/wp-json\/wp\/v2\/media\/11277"}],"wp:attachment":[{"href":"https:\/\/moverdb.com\/sv\/wp-json\/wp\/v2\/media?parent=11556"}],"curies":[{"name":"wp","href":"https:\/\/api.w.org\/{rel}","templated":true}]}}