{"id":11554,"date":"2023-11-29T10:46:40","date_gmt":"2023-11-29T10:46:40","guid":{"rendered":"https:\/\/moverdb.com\/?page_id=11554"},"modified":"2026-01-08T15:25:05","modified_gmt":"2026-01-08T15:25:05","slug":"moving-companies-us-colorado","status":"publish","type":"page","link":"https:\/\/moverdb.com\/sv\/moving-companies\/moving-companies-us-colorado\/","title":{"rendered":"5 b\u00e4sta internationella flyttfirmor i Colorado"},"content":{"rendered":"<p>Att flytta kan vara en stressig tid med s\u00e5 m\u00e5nga saker att organisera och g\u00f6ra, s\u00e5 att anlita tj\u00e4nster fr\u00e5n en <a href=\"https:\/\/moverdb.com\/sv\/moving-companies\/\" data-internallinksmanager029f6b8e52c=\"79\" title=\"Topp 25 internationella flyttfirmor p\u00e5 n\u00e4tet\">flyttfirma<\/a> kan hj\u00e4lpa till att minska belastningen. De kan hj\u00e4lpa till med planering, packning, tullarrangemang och transport. Nedan har vi sammanst\u00e4llt en lista \u00f6ver <a href=\"https:\/\/moverdb.com\/sv\/moving-to-the-united-states\/moving-to-colorado\/\" data-internallinksmanager029f6b8e52c=\"399\" title=\"Flyttar du till Colorado? 2026 Levnadskostnader och tips om flytt\">Colorado<\/a> . <a href=\"https:\/\/moverdb.com\/sv\/international-removals\/\" data-internallinksmanager029f6b8e52c=\"27\" title=\"36 b\u00e4sta internationella flyttfirmor i Storbritannien\">flyttfirmor<\/a> som \u00e4r medlemmar i <a href=\"https:\/\/moverdb.com\/sv\/iam\/\" data-internallinksmanager029f6b8e52c=\"23\" title=\"International Association of Movers (IAM) f\u00f6rklaras\">Internationella sammanslutningen av flyttfirmor<\/a> (IAM) och\/eller <a href=\"https:\/\/moverdb.com\/sv\/fidi-faim\/\" data-internallinksmanager029f6b8e52c=\"16\" title=\"FIDI &amp; FAIM (FIDI Accredited International Mover) f\u00f6rklaras\">FIDI<\/a> Accredited International Mover (FAIM) som kan hj\u00e4lpa dig med din flytt.<\/p>\n<div id=\"ez-toc-container\" class=\"ez-toc-v2_0_82_2 ez-toc-wrap-left counter-hierarchy ez-toc-counter ez-toc-transparent ez-toc-container-direction\">\n<div class=\"ez-toc-title-container\">\n<p class=\"ez-toc-title\" style=\"cursor:inherit\">Avsnitt<\/p>\n<span class=\"ez-toc-title-toggle\"><a href=\"#\" class=\"ez-toc-pull-right ez-toc-btn ez-toc-btn-xs ez-toc-btn-default ez-toc-toggle\" aria-label=\"V\u00e4xla till inneh\u00e5llsf\u00f6rteckning\"><span class=\"ez-toc-js-icon-con\"><span class=\"\"><span class=\"eztoc-hide\" style=\"display:none;\">V\u00e4xel<\/span><span class=\"ez-toc-icon-toggle-span\"><svg style=\"fill: #999;color:#999\" xmlns=\"http:\/\/www.w3.org\/2000\/svg\" class=\"list-377408\" width=\"20px\" height=\"20px\" viewbox=\"0 0 24 24\" fill=\"none\"><path d=\"M6 6H4v2h2V6zm14 0H8v2h12V6zM4 11h2v2H4v-2zm16 0H8v2h12v-2zM4 16h2v2H4v-2zm16 0H8v2h12v-2z\" fill=\"currentColor\"><\/path><\/svg><svg style=\"fill: #999;color:#999\" class=\"arrow-unsorted-368013\" xmlns=\"http:\/\/www.w3.org\/2000\/svg\" width=\"10px\" height=\"10px\" viewbox=\"0 0 24 24\" version=\"1.2\" baseprofile=\"tiny\"><path d=\"M18.2 9.3l-6.2-6.3-6.2 6.3c-.2.2-.3.4-.3.7s.1.5.3.7c.2.2.4.3.7.3h11c.3 0 .5-.1.7-.3.2-.2.3-.5.3-.7s-.1-.5-.3-.7zM5.8 14.7l6.2 6.3 6.2-6.3c.2-.2.3-.5.3-.7s-.1-.5-.3-.7c-.2-.2-.4-.3-.7-.3h-11c-.3 0-.5.1-.7.3-.2.2-.3.5-.3.7s.1.5.3.7z\"\/><\/svg><\/span><\/span><\/span><\/a><\/span><\/div>\n<nav><ul class='ez-toc-list ez-toc-list-level-1 eztoc-toggle-hide-by-default' ><li class='ez-toc-page-1 ez-toc-heading-level-2'><a class=\"ez-toc-link ez-toc-heading-1\" href=\"https:\/\/moverdb.com\/sv\/moving-companies\/moving-companies-us-colorado\/#1_Atlantic_Relocation_Systems\" >1. Atlantic flyttningssystem<\/a><\/li><li class='ez-toc-page-1 ez-toc-heading-level-2'><a class=\"ez-toc-link ez-toc-heading-2\" href=\"https:\/\/moverdb.com\/sv\/moving-companies\/moving-companies-us-colorado\/#2_Baileys_Moving_Storage\" >2. Baileys flyttning och lagring<\/a><\/li><li class='ez-toc-page-1 ez-toc-heading-level-2'><a class=\"ez-toc-link ez-toc-heading-3\" href=\"https:\/\/moverdb.com\/sv\/moving-companies\/moving-companies-us-colorado\/#3_Gallagher_Transport\" >3. Gallagher Transport<\/a><\/li><li class='ez-toc-page-1 ez-toc-heading-level-2'><a class=\"ez-toc-link ez-toc-heading-4\" href=\"https:\/\/moverdb.com\/sv\/moving-companies\/moving-companies-us-colorado\/#4_Graebel\" >4. Graebel<\/a><\/li><li class='ez-toc-page-1 ez-toc-heading-level-2'><a class=\"ez-toc-link ez-toc-heading-5\" href=\"https:\/\/moverdb.com\/sv\/moving-companies\/moving-companies-us-colorado\/#5_Johnson_Storage_Moving\" >5. Johnson Lagring och flyttning<\/a><\/li><\/ul><\/nav><\/div>\n<h2><span class=\"ez-toc-section\" id=\"1_Atlantic_Relocation_Systems\"><\/span><strong>1. Atlantic flyttningssystem<\/strong><span class=\"ez-toc-section-end\"><\/span><\/h2>\n<p><img loading=\"lazy\" decoding=\"async\" class=\"alignnone size-full wp-image-11262\" src=\"https:\/\/moverdb.com\/wp-content\/uploads\/Atlantic-Relocation-Systems-international-moving-company.png\" alt=\"Atlantic Relocation Systems internationell flyttfirma\" width=\"1440\" height=\"677\" data-wp-pid=\"11262\" srcset=\"https:\/\/moverdb.com\/wp-content\/uploads\/Atlantic-Relocation-Systems-international-moving-company.png 1440w, https:\/\/moverdb.com\/wp-content\/uploads\/Atlantic-Relocation-Systems-international-moving-company-300x141.png 300w, https:\/\/moverdb.com\/wp-content\/uploads\/Atlantic-Relocation-Systems-international-moving-company-1024x481.png 1024w, https:\/\/moverdb.com\/wp-content\/uploads\/Atlantic-Relocation-Systems-international-moving-company-18x8.png 18w, https:\/\/moverdb.com\/wp-content\/uploads\/Atlantic-Relocation-Systems-international-moving-company-600x282.png 600w\" sizes=\"auto, (max-width: 1440px) 100vw, 1440px\" \/><\/p>\n<ul>\n<li>Lokala och l\u00e5ngv\u00e4ga flyttningar<\/li>\n<li>Internationella flyttar<\/li>\n<li>Flyttning av bost\u00e4der<\/li>\n<li>Kommersiella flyttar och kontorsflyttar<\/li>\n<li>Samordnare f\u00f6r internationell flytt<\/li>\n<li>F\u00f6rpackningstj\u00e4nst<\/li>\n<li>Transporter p\u00e5 land, i luften och till sj\u00f6ss<\/li>\n<li>St\u00f6d f\u00f6r dokumentation<\/li>\n<li>Hantering av konstverk<\/li>\n<li>F\u00f6rvaringsutrymmen<\/li>\n<\/ul>\n<p>Atlantic Relocation Systems \u00e4r en flyttfirma f\u00f6r bost\u00e4der och f\u00f6retag som grundades 1984 i <a href=\"https:\/\/moverdb.com\/sv\/moving-to-denver\/\" data-internallinksmanager029f6b8e52c=\"42\" title=\"Flyttar du till Denver? 2022 levnadskostnader och flyttningstips\">Denver<\/a> med lokaliseringar i <a href=\"https:\/\/moverdb.com\/sv\/moving-to-the-united-states\/moving-to-california\/\" data-internallinksmanager029f6b8e52c=\"330\" title=\"Flytta till Kalifornien? 2026 Levnadskostnader &amp; Flytttips\">Kalifornien<\/a>, <a href=\"https:\/\/moverdb.com\/sv\/moving-to-the-united-states\/moving-to-illinois\/\" data-internallinksmanager029f6b8e52c=\"401\" title=\"Flyttar till Illinois? 2026 Levnadskostnader &amp; tips om flyttning\">Illinois<\/a>, <a href=\"https:\/\/moverdb.com\/sv\/moving-to-the-united-states\/moving-to-arizona\/\" data-internallinksmanager029f6b8e52c=\"385\" title=\"Flyttar du till Arizona? 2026 Levnadskostnader och tips om flytt\">Arizona<\/a>, <a href=\"https:\/\/moverdb.com\/sv\/moving-to-the-united-states\/moving-to-florida\/\" data-internallinksmanager029f6b8e52c=\"331\" title=\"Flytta till Florida? 2026 Levnadskostnader &amp; Flytttips\">Florida<\/a>, <a href=\"https:\/\/moverdb.com\/sv\/moving-to-the-united-states\/moving-to-texas\/\" data-internallinksmanager029f6b8e52c=\"397\" title=\"Flytta till Texas? 2026 Levnadskostnader &amp; tips om flytt\">Texas<\/a> och <a href=\"https:\/\/moverdb.com\/sv\/moving-to-the-united-states\/moving-to-georgia\/\" data-internallinksmanager029f6b8e52c=\"402\" title=\"Flytta till Georgia? 2026 Levnadskostnader &amp; tips om flytt\">Georgien<\/a>. De \u00e4r en agent f\u00f6r Atlas Van Lines och har ett n\u00e4tverk av internationella flyttagenter f\u00f6r att hj\u00e4lpa dem med flyttar nationellt och internationellt. De \u00e4r medlemmar i IAM och har 26 \u00e5rs erfarenhet.<\/p>\n<p>Atlantic Relocation Systems erbjuder en kostnadsfri uppskattning i hemmet f\u00f6r lokala flyttar och tilldelar en internationell flyttkoordinator f\u00f6r internationella flyttar. Deras flyttkoordinatorer kommer att organisera all logistik f\u00f6r din flytt, inklusive transportarrangemang och st\u00f6djande dokumentation.<\/p>\n<p>Webbplats: <a href=\"http:\/\/www.atlanticrelocation.com\/denver\/\" target=\"_blank\" rel=\"noopener\">http:\/\/www.atlanticrelocation.com\/denver\/<\/a><\/p>\n<h2><span class=\"ez-toc-section\" id=\"2_Baileys_Moving_Storage\"><\/span><strong>2. Baileys flyttning och lagring<\/strong><span class=\"ez-toc-section-end\"><\/span><\/h2>\n<p><img loading=\"lazy\" decoding=\"async\" class=\"alignnone size-full wp-image-11266\" src=\"https:\/\/moverdb.com\/wp-content\/uploads\/Baileys-Moving-Storage-international-moving-company.png\" alt=\"Baileys Moving &amp; Storage internationell flyttfirma\" width=\"1440\" height=\"680\" data-wp-pid=\"11266\" srcset=\"https:\/\/moverdb.com\/wp-content\/uploads\/Baileys-Moving-Storage-international-moving-company.png 1440w, https:\/\/moverdb.com\/wp-content\/uploads\/Baileys-Moving-Storage-international-moving-company-300x142.png 300w, https:\/\/moverdb.com\/wp-content\/uploads\/Baileys-Moving-Storage-international-moving-company-1024x484.png 1024w, https:\/\/moverdb.com\/wp-content\/uploads\/Baileys-Moving-Storage-international-moving-company-18x9.png 18w, https:\/\/moverdb.com\/wp-content\/uploads\/Baileys-Moving-Storage-international-moving-company-600x283.png 600w\" sizes=\"auto, (max-width: 1440px) 100vw, 1440px\" \/><\/p>\n<ul>\n<li>Lokala och l\u00e5ngv\u00e4ga flyttningar<\/li>\n<li>Internationella flyttar<\/li>\n<li>Hush\u00e5llsflyttar<\/li>\n<li>Aff\u00e4rsr\u00f6relser<\/li>\n<li>F\u00f6rflyttningshantering<\/li>\n<li>F\u00f6rpackningstj\u00e4nst<\/li>\n<li>Transportarrangemang<\/li>\n<li>Tullst\u00f6d<\/li>\n<li>F\u00f6rs\u00e4kring<\/li>\n<li>S\u00e4ker lagring p\u00e5 kort och l\u00e5ng sikt<\/li>\n<\/ul>\n<p>Baileys Moving &amp; Storage \u00e4r ett flyttf\u00f6retag baserat i <a href=\"https:\/\/moverdb.com\/sv\/moving-to-the-united-states\/moving-to-utah\/\" data-internallinksmanager029f6b8e52c=\"439\" title=\"Flyttar du till Utah? 2026 Levnadskostnader och tips om flyttning\">Utah<\/a> och Colorado bildades 1952. De har ett nationellt och internationellt n\u00e4tverk av flyttagenter som hj\u00e4lper dem att tillhandah\u00e5lla sina tj\u00e4nster och de \u00e4r en agent f\u00f6r Allied Van Lines. De \u00e4r medlemmar i IAM med 71 \u00e5rs erfarenhet.<\/p>\n<p>Baileys Moving &amp; Storage erbjuder en kostnadsfri flyttuppskattning och de kommer att ge dig den b\u00e4sta m\u00f6jliga flytten. De tillhandah\u00e5ller en packningstj\u00e4nst med professionellt utbildade packare som anv\u00e4nder l\u00e4mpligt f\u00f6rpackningsmaterial f\u00f6r att skydda dina f\u00f6rem\u00e5l. De kommer att ordna transport av dina tillh\u00f6righeter till din destination oavsett om det \u00e4r lokalt, mellan delstater eller internationellt.<\/p>\n<p>Webbplats: <a href=\"https:\/\/baileysallied.com\" target=\"_blank\" rel=\"noopener\">https:\/\/baileysallied.com<\/a><\/p>\n<h2><span class=\"ez-toc-section\" id=\"3_Gallagher_Transport\"><\/span><strong>3. Gallagher Transport<\/strong><span class=\"ez-toc-section-end\"><\/span><\/h2>\n<p><img loading=\"lazy\" decoding=\"async\" class=\"alignnone size-full wp-image-11324\" src=\"https:\/\/moverdb.com\/wp-content\/uploads\/Gallagher-Transport-international-moving-company.png\" alt=\"Gallagher Transport internationell flyttfirma\" width=\"1440\" height=\"669\" data-wp-pid=\"11324\" srcset=\"https:\/\/moverdb.com\/wp-content\/uploads\/Gallagher-Transport-international-moving-company.png 1440w, https:\/\/moverdb.com\/wp-content\/uploads\/Gallagher-Transport-international-moving-company-300x139.png 300w, https:\/\/moverdb.com\/wp-content\/uploads\/Gallagher-Transport-international-moving-company-1024x476.png 1024w, https:\/\/moverdb.com\/wp-content\/uploads\/Gallagher-Transport-international-moving-company-18x8.png 18w, https:\/\/moverdb.com\/wp-content\/uploads\/Gallagher-Transport-international-moving-company-600x279.png 600w\" sizes=\"auto, (max-width: 1440px) 100vw, 1440px\" \/><\/p>\n<ul>\n<li>Nationell frakt<\/li>\n<li>Internationell frakt<\/li>\n<li>Logistikf\u00f6rvaltning<\/li>\n<li>Personliga l\u00f6sningar<\/li>\n<li>Leverans fr\u00e5n d\u00f6rr till d\u00f6rr<\/li>\n<li>Transport med flyg, p\u00e5 land och till sj\u00f6ss<\/li>\n<li>Sp\u00e5rning av f\u00f6rs\u00e4ndelser<\/li>\n<li>Tullklarering<\/li>\n<li>F\u00f6rs\u00e4kring<\/li>\n<li>F\u00f6rvaringsutrymmen<\/li>\n<\/ul>\n<p>Gallagher Transport \u00e4r en specialm\u00e4klare och <a href=\"https:\/\/moverdb.com\/sv\/freight-forwarder\/\" data-internallinksmanager029f6b8e52c=\"17\" title=\"Guide f\u00f6r internationella kostnader och f\u00f6retag f\u00f6r spedit\u00f6rer och NVOCC\">spedit\u00f6r<\/a> grundades 1990 i <a href=\"https:\/\/moverdb.com\/sv\/moving-to-the-united-states\/moving-to-oregon\/\" data-internallinksmanager029f6b8e52c=\"395\" title=\"Flytta till Oregon? 2026 Levnadskostnader &amp; tips om flytt\">Oregon<\/a> med kontor i Denver, <a href=\"https:\/\/moverdb.com\/sv\/moving-to-houston\/\" data-internallinksmanager029f6b8e52c=\"47\" title=\"Flyttar du till Houston? 2026 Levnadskostnader och flyttningstips\">Houston<\/a>, <a href=\"https:\/\/moverdb.com\/sv\/moving-to-los-angeles\/\" data-internallinksmanager029f6b8e52c=\"51\" title=\"Flyttar du till Los Angeles? 2026 LA Levnadskostnader och tips om flyttning\">Los Angeles<\/a>, Portland och <a href=\"https:\/\/moverdb.com\/sv\/moving-to-san-francisco\/\" data-internallinksmanager029f6b8e52c=\"63\" title=\"Flyttar du till San Francisco? 2026 Levnadskostnader och flyttningstips\">San Francisco<\/a>. De \u00e4r medlemmar i IAM med 29 \u00e5rs erfarenhet, vilket ger dem tillg\u00e5ng till ett internationellt n\u00e4tverk av flyttfirmor som kan hj\u00e4lpa dem.<\/p>\n<p>Gallagher Transport tillhandah\u00e5ller speditionstj\u00e4nster som inkluderar tullklarering men inte n\u00e5gra packningstj\u00e4nster. De hanterar logistiken f\u00f6r att flytta dina tillh\u00f6righeter fr\u00e5n en destination till en annan d\u00f6rr-till-d\u00f6rr via land, luft eller sj\u00f6. De sp\u00e5rar f\u00f6rs\u00e4ndelsen och ser till att den tullklareras och f\u00f6rs\u00e4kras.<\/p>\n<p>Webbplats: <a href=\"http:\/\/www.gallaghertransport.com\" target=\"_blank\" rel=\"noopener\">http:\/\/www.gallaghertransport.com<\/a><\/p>\n<h2><span class=\"ez-toc-section\" id=\"4_Graebel\"><\/span><strong>4. Graebel<\/strong><span class=\"ez-toc-section-end\"><\/span><\/h2>\n<p><img loading=\"lazy\" decoding=\"async\" class=\"alignnone size-full wp-image-11333\" src=\"https:\/\/moverdb.com\/wp-content\/uploads\/Graebel-international-moving-company.png\" alt=\"Graebel internationell flyttfirma\" width=\"1440\" height=\"678\" data-wp-pid=\"11333\" srcset=\"https:\/\/moverdb.com\/wp-content\/uploads\/Graebel-international-moving-company.png 1440w, https:\/\/moverdb.com\/wp-content\/uploads\/Graebel-international-moving-company-300x141.png 300w, https:\/\/moverdb.com\/wp-content\/uploads\/Graebel-international-moving-company-1024x482.png 1024w, https:\/\/moverdb.com\/wp-content\/uploads\/Graebel-international-moving-company-18x8.png 18w, https:\/\/moverdb.com\/wp-content\/uploads\/Graebel-international-moving-company-600x283.png 600w\" sizes=\"auto, (max-width: 1440px) 100vw, 1440px\" \/><\/p>\n<ul>\n<li>Internationella flyttningar<\/li>\n<li>Flyttning av hush\u00e5ll<\/li>\n<li>Flyttning av f\u00f6retag<\/li>\n<li>Personlig service<\/li>\n<li>F\u00f6rpackningstj\u00e4nster<\/li>\n<li>Tj\u00e4nster vid avresa<\/li>\n<li>Tj\u00e4nster p\u00e5 destinationen<\/li>\n<li>Inskolningstj\u00e4nster<\/li>\n<li>S\u00f6kning i hem och skola<\/li>\n<li>Tj\u00e4nster f\u00f6r repatriering<\/li>\n<\/ul>\n<p>Graebel \u00e4r ett fullservicef\u00f6retag som grundades 1950 och har 16 kontor runt om i v\u00e4rlden, inklusive huvudkontoret i Denver. De arbetar med en rad servicepartners f\u00f6r att flytta hush\u00e5llsartiklar \u00f6ver hela v\u00e4rlden till \u00f6ver 165 l\u00e4nder p\u00e5 sex kontinenter. De \u00e4r medlemmar i IAM och har 69 \u00e5rs erfarenhet.<\/p>\n<p>Graebel \u00e4r specialiserade p\u00e5 att omplacera anst\u00e4llda och st\u00f6dja f\u00f6retag med sina globala mobilitetsprogram. De erbjuder avresetj\u00e4nster f\u00f6r anst\u00e4llda, inklusive hantering av f\u00f6rs\u00e4ljning av deras hem eller upps\u00e4gning av deras hyresavtal, packning, visum- och immigrationstj\u00e4nster. Deras destinationstj\u00e4nster omfattar orientering, s\u00f6kning efter hem och skola, hyresg\u00e4sttj\u00e4nster, etableringstj\u00e4nster och uppackning.<\/p>\n<p>Webbplats: <a href=\"http:\/\/www.graebel.com\" target=\"_blank\" rel=\"noopener\">http:\/\/www.graebel.com<\/a><\/p>\n<h2><span class=\"ez-toc-section\" id=\"5_Johnson_Storage_Moving\"><\/span><strong>5. Johnson Lagring och flyttning<\/strong><span class=\"ez-toc-section-end\"><\/span><\/h2>\n<p><img loading=\"lazy\" decoding=\"async\" class=\"alignnone size-full wp-image-11356\" src=\"https:\/\/moverdb.com\/wp-content\/uploads\/Johnson-Storage-Moving-international-moving-company.png\" alt=\"Johnson Storage &amp; Moving internationell flyttfirma\" width=\"1440\" height=\"677\" data-wp-pid=\"11356\" srcset=\"https:\/\/moverdb.com\/wp-content\/uploads\/Johnson-Storage-Moving-international-moving-company.png 1440w, https:\/\/moverdb.com\/wp-content\/uploads\/Johnson-Storage-Moving-international-moving-company-300x141.png 300w, https:\/\/moverdb.com\/wp-content\/uploads\/Johnson-Storage-Moving-international-moving-company-1024x481.png 1024w, https:\/\/moverdb.com\/wp-content\/uploads\/Johnson-Storage-Moving-international-moving-company-18x8.png 18w, https:\/\/moverdb.com\/wp-content\/uploads\/Johnson-Storage-Moving-international-moving-company-600x282.png 600w\" sizes=\"auto, (max-width: 1440px) 100vw, 1440px\" \/><\/p>\n<ul>\n<li>Lokala och l\u00e5ngv\u00e4ga flyttningar<\/li>\n<li>Internationella flyttar<\/li>\n<li>Flyttning av bost\u00e4der<\/li>\n<li>Kommersiella flyttar och kontorsflyttar<\/li>\n<li>Flyttning av f\u00f6retag<\/li>\n<li>Personlig flyttr\u00e5dgivare<\/li>\n<li>F\u00f6rpackningstj\u00e4nst<\/li>\n<li>Transportarrangemang<\/li>\n<li>Tullklarering<\/li>\n<li>F\u00f6rvaringsutrymmen<\/li>\n<\/ul>\n<p>Johnson Storage &amp; Moving \u00e4r ett globalt logistikf\u00f6retag som bildades \u00e5r 1900 i Denver med anl\u00e4ggningar i Colorado och Kalifornien, <a href=\"https:\/\/moverdb.com\/sv\/moving-to-the-united-states\/moving-to-kansas\/\" data-internallinksmanager029f6b8e52c=\"464\" title=\"Flytta till Kansas? 2024 Levnadskostnader &amp; tips om flytt\">Kansas<\/a>, <a href=\"https:\/\/moverdb.com\/sv\/moving-to-the-united-states\/moving-to-new-mexico\/\" data-internallinksmanager029f6b8e52c=\"455\" title=\"Flyttar du till New Mexico? 2024 Levnadskostnader &amp; tips om flytt\">Nya Mexiko<\/a>Texas, <a href=\"https:\/\/moverdb.com\/sv\/moving-to-the-united-states\/moving-to-wyoming\/\" data-internallinksmanager029f6b8e52c=\"449\" title=\"Flyttar du till Wyoming? 2024 Levnadskostnader &amp; tips f\u00f6r flytt\">Wyoming<\/a> och <a href=\"https:\/\/moverdb.com\/sv\/moving-to-the-united-states\/moving-to-missouri\/\" data-internallinksmanager029f6b8e52c=\"460\" title=\"Flytta till Missouri? 2024 Levnadskostnader &amp; tips om flytt\">Missouri<\/a>. De \u00e4r medlemmar i United Van Lines och Mayflower Transit, vilket ger st\u00f6rre t\u00e4ckning \u00f6ver hela <a href=\"https:\/\/moverdb.com\/sv\/moving-to-the-united-states\/\" data-internallinksmanager029f6b8e52c=\"94\" title=\"Flyttar du till USA? 2026 Levnadskostnader och flyttningstips\">USA<\/a>. De \u00e4r medlemmar i IAM med 123 \u00e5rs erfarenhet och \u00e4r ackrediterade av FIDI.<\/p>\n<p>Johnson Storage &amp; Moving erbjuder en kostnadsfri offert i hemmet eller virtuellt och de kommer att ge dig en personlig flyttkonsult som st\u00f6der dig varje steg p\u00e5 v\u00e4gen. De skapar en personlig flyttplan som uppfyller dina behov. De erbjuder en fullst\u00e4ndig packningstj\u00e4nst och hanterar tullklarering.<\/p>\n<p>Webbplats: <a href=\"https:\/\/www.johnsonstorage.com\" target=\"_blank\" rel=\"noopener\">https:\/\/www.johnsonstorage.com<\/a><\/p>","protected":false},"excerpt":{"rendered":"<p>Moving can be a stressful time with so many things to organise and do, so engaging the services of a moving company could help reduce the load. They can assist with planning, packing, customs arrangements and transportation. Below we have compiled a list of Colorado based removal companies that are members of the International Association [&hellip;]<\/p>\n","protected":false},"author":4,"featured_media":11262,"parent":190,"menu_order":0,"comment_status":"closed","ping_status":"closed","template":"","meta":{"_genesis_hide_title":false,"_genesis_hide_breadcrumbs":false,"_genesis_hide_singular_image":false,"_genesis_hide_footer_widgets":false,"_genesis_custom_body_class":"","_genesis_custom_post_class":"","_genesis_layout":"","footnotes":""},"class_list":{"0":"post-11554","1":"page","2":"type-page","3":"status-publish","4":"has-post-thumbnail","6":"entry"},"_links":{"self":[{"href":"https:\/\/moverdb.com\/sv\/wp-json\/wp\/v2\/pages\/11554","targetHints":{"allow":["GET"]}}],"collection":[{"href":"https:\/\/moverdb.com\/sv\/wp-json\/wp\/v2\/pages"}],"about":[{"href":"https:\/\/moverdb.com\/sv\/wp-json\/wp\/v2\/types\/page"}],"author":[{"embeddable":true,"href":"https:\/\/moverdb.com\/sv\/wp-json\/wp\/v2\/users\/4"}],"replies":[{"embeddable":true,"href":"https:\/\/moverdb.com\/sv\/wp-json\/wp\/v2\/comments?post=11554"}],"version-history":[{"count":1,"href":"https:\/\/moverdb.com\/sv\/wp-json\/wp\/v2\/pages\/11554\/revisions"}],"predecessor-version":[{"id":11555,"href":"https:\/\/moverdb.com\/sv\/wp-json\/wp\/v2\/pages\/11554\/revisions\/11555"}],"up":[{"embeddable":true,"href":"https:\/\/moverdb.com\/sv\/wp-json\/wp\/v2\/pages\/190"}],"wp:featuredmedia":[{"embeddable":true,"href":"https:\/\/moverdb.com\/sv\/wp-json\/wp\/v2\/media\/11262"}],"wp:attachment":[{"href":"https:\/\/moverdb.com\/sv\/wp-json\/wp\/v2\/media?parent=11554"}],"curies":[{"name":"wp","href":"https:\/\/api.w.org\/{rel}","templated":true}]}}