{"id":11550,"date":"2023-11-29T10:24:26","date_gmt":"2023-11-29T10:24:26","guid":{"rendered":"https:\/\/moverdb.com\/?page_id=11550"},"modified":"2026-01-08T15:23:37","modified_gmt":"2026-01-08T15:23:37","slug":"moving-companies-us-arizona","status":"publish","type":"page","link":"https:\/\/moverdb.com\/sv\/moving-companies\/moving-companies-us-arizona\/","title":{"rendered":"2 b\u00e4sta internationella flyttfirmor i Arizona"},"content":{"rendered":"<p>Att flytta kan vara en av de mest stressiga perioderna i livet, s\u00e5 varf\u00f6r f\u00f6rs\u00f6ka g\u00f6ra allt p\u00e5 egen hand? <a href=\"https:\/\/moverdb.com\/sv\/moving-companies\/\" data-internallinksmanager029f6b8e52c=\"79\" title=\"Topp 25 internationella flyttfirmor p\u00e5 n\u00e4tet\">Flyttfirmor<\/a> kan hj\u00e4lpa till med organisation, packning, transport och tull vid behov. Nedan har vi sammanst\u00e4llt en lista \u00f6ver <a href=\"https:\/\/moverdb.com\/sv\/moving-to-the-united-states\/moving-to-arizona\/\" data-internallinksmanager029f6b8e52c=\"385\" title=\"Flyttar du till Arizona? 2026 Levnadskostnader och tips om flytt\">Arizona<\/a> . <a href=\"https:\/\/moverdb.com\/sv\/international-removals\/\" data-internallinksmanager029f6b8e52c=\"27\" title=\"36 b\u00e4sta internationella flyttfirmor i Storbritannien\">flyttfirmor<\/a> som \u00e4r medlemmar i <a href=\"https:\/\/moverdb.com\/sv\/iam\/\" data-internallinksmanager029f6b8e52c=\"23\" title=\"International Association of Movers (IAM) f\u00f6rklaras\">Internationella sammanslutningen av flyttfirmor<\/a> (IAM) och\/eller <a href=\"https:\/\/moverdb.com\/sv\/fidi-faim\/\" data-internallinksmanager029f6b8e52c=\"16\" title=\"FIDI &amp; FAIM (FIDI Accredited International Mover) f\u00f6rklaras\">FIDI<\/a> Accredited International Mover (FAIM) som kan hj\u00e4lpa dig med din flytt.<\/p>\n<h2><strong>1. Atlantic flyttningssystem<\/strong><\/h2>\n<p><img loading=\"lazy\" decoding=\"async\" class=\"alignnone size-full wp-image-11262\" src=\"https:\/\/moverdb.com\/wp-content\/uploads\/Atlantic-Relocation-Systems-international-moving-company.png\" alt=\"Atlantic Relocation Systems internationell flyttfirma\" width=\"1440\" height=\"677\" data-wp-pid=\"11262\" srcset=\"https:\/\/moverdb.com\/wp-content\/uploads\/Atlantic-Relocation-Systems-international-moving-company.png 1440w, https:\/\/moverdb.com\/wp-content\/uploads\/Atlantic-Relocation-Systems-international-moving-company-300x141.png 300w, https:\/\/moverdb.com\/wp-content\/uploads\/Atlantic-Relocation-Systems-international-moving-company-1024x481.png 1024w, https:\/\/moverdb.com\/wp-content\/uploads\/Atlantic-Relocation-Systems-international-moving-company-18x8.png 18w, https:\/\/moverdb.com\/wp-content\/uploads\/Atlantic-Relocation-Systems-international-moving-company-600x282.png 600w\" sizes=\"auto, (max-width: 1440px) 100vw, 1440px\" \/><\/p>\n<ul>\n<li>Lokala och l\u00e5ngv\u00e4ga flyttningar<\/li>\n<li>Internationella flyttar<\/li>\n<li>Flyttning av bost\u00e4der<\/li>\n<li>Kommersiella flyttar och kontorsflyttar<\/li>\n<li>Samordnare av internationella omlokaliseringar<\/li>\n<li>F\u00f6rpackningstj\u00e4nster<\/li>\n<li>Transporter p\u00e5 v\u00e4g, i luften och till sj\u00f6ss<\/li>\n<li>St\u00f6d med dokumentation<\/li>\n<li>Hantering av konst<\/li>\n<li>S\u00e4ker lagring<\/li>\n<\/ul>\n<p>Atlantic Relocation Systems \u00e4r en flyttfirma som bildades 1984 med 13 anl\u00e4ggningar i <a href=\"https:\/\/moverdb.com\/sv\/moving-to-phoenix\/\" data-internallinksmanager029f6b8e52c=\"62\" title=\"Flyttar du till Phoenix? 2026 Levnadskostnader och flyttningstips\">Phoenix<\/a> samt <a href=\"https:\/\/moverdb.com\/sv\/moving-to-the-united-states\/moving-to-georgia\/\" data-internallinksmanager029f6b8e52c=\"402\" title=\"Flytta till Georgia? 2026 Levnadskostnader &amp; tips om flytt\">Georgien<\/a>, <a href=\"https:\/\/moverdb.com\/sv\/moving-to-the-united-states\/moving-to-florida\/\" data-internallinksmanager029f6b8e52c=\"331\" title=\"Flytta till Florida? 2026 Levnadskostnader &amp; Flytttips\">Florida<\/a>, <a href=\"https:\/\/moverdb.com\/sv\/moving-to-the-united-states\/moving-to-illinois\/\" data-internallinksmanager029f6b8e52c=\"401\" title=\"Flyttar till Illinois? 2026 Levnadskostnader &amp; tips om flyttning\">Illinois<\/a>, <a href=\"https:\/\/moverdb.com\/sv\/moving-to-the-united-states\/moving-to-colorado\/\" data-internallinksmanager029f6b8e52c=\"399\" title=\"Flyttar du till Colorado? 2026 Levnadskostnader och tips om flytt\">Colorado<\/a>, <a href=\"https:\/\/moverdb.com\/sv\/moving-to-the-united-states\/moving-to-texas\/\" data-internallinksmanager029f6b8e52c=\"397\" title=\"Flytta till Texas? 2026 Levnadskostnader &amp; tips om flytt\">Texas<\/a>, <a href=\"https:\/\/moverdb.com\/sv\/moving-to-the-united-states\/moving-to-indiana\/\" data-internallinksmanager029f6b8e52c=\"445\" title=\"Flytta till Indiana? 2026 Levnadskostnader &amp; tips om flytt\">Indiana<\/a> och Washington. De \u00e4r en del av Atlas Van Lines som erbjuder t\u00e4ckning \u00f6ver hela <a href=\"https:\/\/moverdb.com\/sv\/moving-to-the-united-states\/\" data-internallinksmanager029f6b8e52c=\"94\" title=\"Flyttar du till USA? 2026 Levnadskostnader och flyttningstips\">USA<\/a> och de har ett internationellt n\u00e4tverk av flyttfirmor. De \u00e4r medlemmar i IAM och har 33 \u00e5rs erfarenhet.<\/p>\n<p>Atlantic Relocation Systems erbjuder en kostnadsfri uppskattning i hemmet f\u00f6r lokala flyttar. De tillhandah\u00e5ller en internationell flyttkoordinator f\u00f6r utlandsflyttar som kommer att vara din enda kontaktpunkt och hantera alla aspekter av din flytt. De organiserar packning och lastning av tillh\u00f6righeter och ser till att de kommer fram s\u00e4kert till din destination.<\/p>\n<p>Webbplats: <a href=\"http:\/\/www.atlanticrelocation.com\/phoenix\/\" target=\"_blank\" rel=\"noopener\">http:\/\/www.atlanticrelocation.com\/phoenix\/<\/a><\/p>\n<h2><strong>2. L\u00f6sningar f\u00f6r global r\u00f6rlighet<\/strong><\/h2>\n<p><img loading=\"lazy\" decoding=\"async\" class=\"alignnone size-full wp-image-11326\" src=\"https:\/\/moverdb.com\/wp-content\/uploads\/Global-Mobility-Solutions-international-moving-company.png\" alt=\"Global Mobility Solutions internationell flyttfirma\" width=\"1440\" height=\"676\" data-wp-pid=\"11326\" srcset=\"https:\/\/moverdb.com\/wp-content\/uploads\/Global-Mobility-Solutions-international-moving-company.png 1440w, https:\/\/moverdb.com\/wp-content\/uploads\/Global-Mobility-Solutions-international-moving-company-300x141.png 300w, https:\/\/moverdb.com\/wp-content\/uploads\/Global-Mobility-Solutions-international-moving-company-1024x481.png 1024w, https:\/\/moverdb.com\/wp-content\/uploads\/Global-Mobility-Solutions-international-moving-company-18x8.png 18w, https:\/\/moverdb.com\/wp-content\/uploads\/Global-Mobility-Solutions-international-moving-company-600x282.png 600w\" sizes=\"auto, (max-width: 1440px) 100vw, 1440px\" \/><\/p>\n<ul>\n<li>Lokala och mellanstatliga flyttningar<\/li>\n<li>Internationella flyttningar<\/li>\n<li>Flyttning av f\u00f6retag<\/li>\n<li>Program f\u00f6r global r\u00f6rlighet<\/li>\n<li>Skr\u00e4ddarsydda tj\u00e4nster<\/li>\n<li>St\u00f6d f\u00f6re tilldelning<\/li>\n<li>Flyttj\u00e4nster<\/li>\n<li>Inskolningstj\u00e4nster<\/li>\n<li>Transport av s\u00e4llskapsdjur<\/li>\n<li>Teknik f\u00f6r sp\u00e5rning<\/li>\n<\/ul>\n<p>Global Mobility Solutions \u00e4r ett relocation management-f\u00f6retag som grundades 1987 och har sitt s\u00e4te i Scottsdale. De kan leverera flyttj\u00e4nster till \u00f6ver 140 l\u00e4nder globalt och de \u00e4r medlemmar i IAM med 36 \u00e5rs erfarenhet.<\/p>\n<p>Global Mobility Solutions erbjuder skr\u00e4ddarsydda och helt\u00e4ckande flyttj\u00e4nster. Tj\u00e4nster som erbjuds f\u00f6re uppdraget omfattar visum och immigration, orientering och bostadss\u00f6kning. Tj\u00e4nster f\u00f6re beslut om resa inkluderar kultur- och spr\u00e5kutbildning, transport av husdjur och varutransporter. Flyttj\u00e4nsterna omfattar bos\u00e4ttningsservice, partnerst\u00f6d och skolplacering. De tillhandah\u00e5ller MyRelocation-teknik som g\u00f6r det m\u00f6jligt f\u00f6r arbetsgivare att hantera och sp\u00e5ra omlokaliseringar och hj\u00e4lper till att effektivisera f\u00f6retagsflyttar.<\/p>\n<p>Webbplats: <a href=\"https:\/\/gmsmobility.com\/\" target=\"_blank\" rel=\"noopener\">https:\/\/gmsmobility.com\/<\/a><\/p>","protected":false},"excerpt":{"rendered":"<p>Moving can be one of the most stressful times in our lives, so why try to do it all on your own? Moving companies can help with organisation, packing, transportation and customs if required. Below we have compiled a list of Arizona based removal companies that are members of the International Association of Movers (IAM) [&hellip;]<\/p>\n","protected":false},"author":4,"featured_media":11262,"parent":190,"menu_order":0,"comment_status":"closed","ping_status":"closed","template":"","meta":{"_genesis_hide_title":false,"_genesis_hide_breadcrumbs":false,"_genesis_hide_singular_image":false,"_genesis_hide_footer_widgets":false,"_genesis_custom_body_class":"","_genesis_custom_post_class":"","_genesis_layout":"","footnotes":""},"class_list":{"0":"post-11550","1":"page","2":"type-page","3":"status-publish","4":"has-post-thumbnail","6":"entry"},"_links":{"self":[{"href":"https:\/\/moverdb.com\/sv\/wp-json\/wp\/v2\/pages\/11550","targetHints":{"allow":["GET"]}}],"collection":[{"href":"https:\/\/moverdb.com\/sv\/wp-json\/wp\/v2\/pages"}],"about":[{"href":"https:\/\/moverdb.com\/sv\/wp-json\/wp\/v2\/types\/page"}],"author":[{"embeddable":true,"href":"https:\/\/moverdb.com\/sv\/wp-json\/wp\/v2\/users\/4"}],"replies":[{"embeddable":true,"href":"https:\/\/moverdb.com\/sv\/wp-json\/wp\/v2\/comments?post=11550"}],"version-history":[{"count":1,"href":"https:\/\/moverdb.com\/sv\/wp-json\/wp\/v2\/pages\/11550\/revisions"}],"predecessor-version":[{"id":11551,"href":"https:\/\/moverdb.com\/sv\/wp-json\/wp\/v2\/pages\/11550\/revisions\/11551"}],"up":[{"embeddable":true,"href":"https:\/\/moverdb.com\/sv\/wp-json\/wp\/v2\/pages\/190"}],"wp:featuredmedia":[{"embeddable":true,"href":"https:\/\/moverdb.com\/sv\/wp-json\/wp\/v2\/media\/11262"}],"wp:attachment":[{"href":"https:\/\/moverdb.com\/sv\/wp-json\/wp\/v2\/media?parent=11550"}],"curies":[{"name":"wp","href":"https:\/\/api.w.org\/{rel}","templated":true}]}}