{"id":1076,"date":"2016-08-05T14:53:04","date_gmt":"2016-08-05T14:53:04","guid":{"rendered":"http:\/\/moverdb.com\/?page_id=1076"},"modified":"2026-01-08T15:30:39","modified_gmt":"2026-01-08T15:30:39","slug":"wheaton","status":"publish","type":"page","link":"https:\/\/moverdb.com\/sv\/wheaton\/","title":{"rendered":"Wheaton World Wide Moving: Internationella tj\u00e4nster och recensioner"},"content":{"rendered":"<p>Wheaton World Wide Moving (tidigare Wheaton Van Lines) erbjuder sina kunder en rad olika tj\u00e4nster, fr\u00e5n internationella flyttar till lokala flyttar. Nedan finns en f\u00f6rteckning \u00f6ver dessa tj\u00e4nster, tillsammans med en f\u00f6retagsprofil och recensioner.<\/p>\n<p><strong>Internationella flyttar och hj\u00e4lp med flyttning<\/strong><\/p>\n<ul>\n<li> F\u00f6rflyttning fr\u00e5n d\u00f6rr till d\u00f6rr<\/li>\n<li> F\u00f6rpackning - g\u00f6r det sj\u00e4lv, \u00f6mt\u00e5liga f\u00f6rem\u00e5l eller fullservicef\u00f6rpackning<\/li>\n<li> Demontering och \u00e5termontering av m\u00f6bler<\/li>\n<li> Flyttning av husdjur<\/li>\n<li> <a href=\"https:\/\/moverdb.com\/sv\/biltransport-frakt\/\">Transport och flyttning av fordon<\/a><\/li>\n<li> Invandringstj\u00e4nster<\/li>\n<li> Interkulturell utbildning<\/li>\n<li> Spr\u00e5kutbildning<\/li>\n<li> Tj\u00e4nster f\u00f6r f\u00f6rs\u00e4ljning av bost\u00e4der<\/li>\n<li> Fastighetsf\u00f6rvaltning<\/li>\n<li> F\u00f6rhandsgranska resetj\u00e4nster<\/li>\n<li> Hj\u00e4lp med att hitta ett hem<\/li>\n<li> S\u00f6kning av skola<\/li>\n<li> Orientering efter ankomsten<\/li>\n<li> St\u00f6d till partners karri\u00e4r<\/li>\n<li> Tj\u00e4nster f\u00f6r handyman och hemhj\u00e4lp<\/li>\n<li> Uthyrning av m\u00f6bler<\/li>\n<li> St\u00f6d p\u00e5 uppdrag<\/li>\n<\/ul>\n<p><strong>F\u00f6retagsflyttar<\/strong><\/p>\n<ul>\n<li> Wheatons partner, Crown Relocation, hj\u00e4lper till med flyttar<\/li>\n<\/ul>\n<p><strong>Regeringens och milit\u00e4rens flyttningar<\/strong><\/p>\n<p><strong>Hush\u00e5llsflyttar<\/strong><\/p>\n<ul>\n<li> N\u00e4tverk med 350 agenter i <a href=\"https:\/\/moverdb.com\/sv\/moving-to-the-united-states\/\" data-internallinksmanager029f6b8e52c=\"94\" title=\"Flyttar du till USA? 2026 Levnadskostnader och flyttningstips\">F\u00f6renta staterna<\/a><\/li>\n<li> Packning och uppackning<\/li>\n<li> Specialf\u00f6rpackning f\u00f6r k\u00e4nslig elektronik<\/li>\n<li> Transport<\/li>\n<li> Lagring vid behov<\/li>\n<\/ul>\n<p><strong>Specialiserade och kommersiella flyttar<\/strong><\/p>\n<ul>\n<li> Kontor och industri<\/li>\n<li> G\u00e4stfrihet<\/li>\n<li> S\u00e4rskild vara<\/li>\n<li> Kommersiell flyttning<\/li>\n<\/ul>\n<p><strong>Lagring<\/strong><\/p>\n<ul>\n<li> L\u00e5ngsiktigt<\/li>\n<li> Kort sikt<\/li>\n<li> 207 toppmoderna lager i 58 l\u00e4nder<\/li>\n<\/ul>\n<h2>Wheaton Worldwide Moving F\u00f6retagets profil<\/h2>\n<p>Wheaton Van Lines startades 1945 av Earnest S. Wheaton och hette ursprungligen Clipper Van Lines. F\u00f6retaget b\u00f6rjade med att betj\u00e4na 22 delstater i \u00f6stra USA, men under 1950-talet innebar expansionen att man inte bara t\u00e4ckte hela landet utan \u00e4ven b\u00f6rjade genomf\u00f6ra internationella flyttar.<\/p>\n<p>P\u00e5 1980-talet bytte Wheaton Van Lines namn till Wheaton Worldwide Moving. F\u00f6retaget \u00e4r baserat i Indianapolis, IN. Wheaton str\u00e4var efter att h\u00e5lla sin standard exceptionellt h\u00f6g och f\u00f6ljer och analyserar uppgifter i detta syfte. De tar ocks\u00e5 sina kundomd\u00f6men p\u00e5 stort allvar och har samlat in kundfeedback under de senaste 25 \u00e5ren f\u00f6r att kunna h\u00e5lla sig p\u00e5 topp.<\/p>\n<p>Wheaton Worldwide Moving ger tillbaka till samh\u00e4llet genom olika v\u00e4lg\u00f6renhetsorganisationer. Det \u00e4r ocks\u00e5 ett f\u00f6retag som st\u00e4ndigt str\u00e4var efter att minska sitt koldioxidavtryck.<\/p>\n<p>Wheaton Worldwide Moving har f\u00f6ljande ackrediteringar och anslutningar:<\/p>\n<ul>\n<li> <a href=\"https:\/\/moverdb.com\/sv\/amsa\/\">Amerikansk f\u00f6rening f\u00f6r flyttning och lagring<\/a> (<a href=\"https:\/\/moverdb.com\/sv\/amsa\/\" data-internallinksmanager029f6b8e52c=\"5\" title=\"American Moving &amp; Storage Association (AMSA) f\u00f6rklaras\">AMSA<\/a>) - <a href=\"https:\/\/moverdb.com\/sv\/falg-promover\/\">ProMover<\/a><\/li>\n<li> Nationella sammanslutningen f\u00f6r chefer f\u00f6r flytt av seniorer (NASMM)<\/li>\n<li> Better Business Bureau (BBB) ackrediterat f\u00f6retag A+<\/li>\n<\/ul>\n<h2>Wheaton Worldwide Moving Recensioner<\/h2>\n<p><strong>Positivt:<\/strong><\/p>\n<ul>\n<li> \"<em>Bra f\u00f6retag. Bra v\u00e4rde. Skulle anv\u00e4nda det igen.\"<\/em> - David X via <a href=\"http:\/\/www.yelp.com\/biz\/wheaton-world-wide-moving-indianapolis-5?hrid=i8pH5fVrzdWhgdFkPaCnlQ&#038;utm_campaign=www_review_share_popup&#038;utm_medium=copy_link&#038;utm_source=(direct)\" target=\"_blank\" rel=\"noopener\">Yelp<\/a><\/li>\n<li> \"<em>Wheatons personal i <a href=\"https:\/\/moverdb.com\/sv\/flytt-till-houston\/\">Houston<\/a> blev mina \u00e4nglar under en mycket sv\u00e5r tid i mitt liv.\"<\/em> - Bonnie M via <a href=\"http:\/\/www.bbb.org\/indy\/business-reviews\/movers\/wheaton-world-wide-moving-in-indianapolis-in-22485\/customer-reviews\" target=\"_blank\" rel=\"noopener\">BBB<\/a> <\/li>\n<li> \"<em>De var bara de b\u00e4sta fr\u00e5n b\u00f6rjan till slut.\"<\/em> - Judith via <a href=\"http:\/\/www.mymovingreviews.com\/movers\/wheaton-van-lines-255#54528\" target=\"_blank\" rel=\"noopener\">MyMovingReviews.com<\/a><\/li>\n<li> \"<em>Vi har anv\u00e4nt Wheaton Moving tidigare och hade en mycket bra flytt, s\u00e5 n\u00e4r det var dags att flytta igen visste vi vem vi skulle ringa.\"<\/em> - Freddy Lancaster via <a href=\"http:\/\/reviewamover.com\/review\/Moving-Companies-Reviews\/WHEATON-WORLD-WIDE-53.php?PHPSESSID=a21a9bd572e803d73fcb5f1f02487590\" target=\"_blank\" rel=\"noopener\">Review-A-Mover<\/a> <\/li>\n<\/ul>\n<p><strong>Negativt:<\/strong><\/p>\n<ul>\n<li> <em>\"Wheaton v\u00e4grar \u00e5terigen att ta ansvar f\u00f6r f\u00f6rst\u00f6rda f\u00f6rem\u00e5l. De kastar ut den ena urs\u00e4kten efter den andra och den ena \u00e4r mindre vettig \u00e4n den andra.\"<\/em> - Amy T via <a href=\"http:\/\/www.yelp.com\/biz\/wheaton-world-wide-moving-indianapolis-5?hrid=vRowN7GuFHy3k0yM5ijpgA&#038;utm_campaign=www_review_share_popup&#038;utm_medium=copy_link&#038;utm_source=(direct)\" target=\"_blank\" rel=\"noopener\">Yelp<\/a> <\/li>\n<li> \"<em>Fr\u00e5n b\u00f6rjan till slut var detta f\u00f6retag det v\u00e4rsta <a href=\"https:\/\/moverdb.com\/sv\/moving-companies\/\" data-internallinksmanager029f6b8e52c=\"79\" title=\"Topp 25 internationella flyttfirmor p\u00e5 n\u00e4tet\">flyttfirma<\/a> Vi har haft \u00f6ver 6 professionella flyttar under v\u00e5rt \u00e4ktenskap.\"<\/em> - Nikki F via <a href=\"http:\/\/www.bbb.org\/indy\/business-reviews\/movers\/wheaton-world-wide-moving-in-indianapolis-in-22485\/customer-reviews\" target=\"_blank\" rel=\"noopener\">BBB<\/a><\/li>\n<li> \"<em>Vi fick veta att v\u00e5rt hush\u00e5lls volym kr\u00e4vde hela sl\u00e4pvagnen och att det var vad de fick betalt f\u00f6r. Ist\u00e4llet kl\u00e4mde de in en andra last i v\u00e5r last, vilket ledde till att saker l\u00e4mnades kvar och att containrar och apparater kl\u00e4mdes, skadades, f\u00f6rlorades och f\u00f6rst\u00f6rdes...\"<\/em> - Anthony via <a href=\"http:\/\/www.mymovingreviews.com\/movers\/wheaton-van-lines-255#51475\" target=\"_blank\" rel=\"noopener\">MyMovingReviews.com<\/a> <\/li>\n<li> <em>\"Var f\u00f6rsiktig, spring iv\u00e4g innan du anlitar det h\u00e4r f\u00f6retaget.\"<\/em> - David Gutierrez via <a href=\"http:\/\/reviewamover.com\/review\/reviewer\/davidrafael770.php?PHPSESSID=e2ea8ab20529fed2960f446a83923af0\" target=\"_blank\" rel=\"noopener\">Review-A-Mover<\/a> <\/li>\n<\/ul>\n<div itemprop=\"review\" itemscope itemtype=\"http:\/\/schema.org\/Review\">\n<span itemprop=\"author\" itemscope=\"\" itemtype=\"http:\/\/schema.org\/Organization\"><span itemprop=\"name\">MoverDB.com<\/span><\/span> Webbplatsgranskning p\u00e5 n\u00e4tet f\u00f6r <span itemprop=\"itemreviewed\" itemscope=\"\" itemtype=\"http:\/\/schema.org\/Brand\"><span itemprop=\"name\">Wheaton Worldwide Moving<\/span><\/span>:<\/p>\n<ol>\n<li> Tydliga kontaktuppgifter p\u00e5 webbplatsen (inklusive telefonnummer): <strong>Ja<\/strong><\/li>\n<li> L\u00e4tt att f\u00e5 <a href=\"https:\/\/moverdb.com\/sv\/citat\/\">offerter f\u00f6r internationella flyttningar<\/a>? (Formul\u00e4r f\u00f6r beg\u00e4ran om uppskattning online): <strong>Ja<\/strong><\/li>\n<li> Tydlig information p\u00e5 webbplatsen: <strong>Ja,<\/strong> Det finns m\u00e5nga guider och resurser p\u00e5 webbplatsen.<\/li>\n<li> Medlemskap i internationellt erk\u00e4nda flyttorganisationer: <strong>Ja<\/strong>, se ovan.<\/li>\n<li> F\u00f6rteckning \u00f6ver kunder och\/eller tidigare kundreferenser. <strong>Ja,<\/strong> Kundrecensioner och vittnesm\u00e5l \u00e4r mycket viktiga f\u00f6r f\u00f6retaget.<\/li>\n<\/ol>\n<div itemprop=\"reviewRating\" itemscope itemtype=\"http:\/\/schema.org\/Rating\"><meta itemprop=\"worstRating\" content = \"0\" \/><meta itemprop=\"bestRating\" content=\"5\" \/><meta itemprop=\"ratingValue\" content=\"5\"><\/div>\n<p><strong>Sammanfattande betyg: 5\/5<\/strong><br \/>\n<strong>Datum f\u00f6r granskning:<\/strong> <span itemprop=\"datePublished\" content=\"2016-08-05\">05\/08\/2016<\/span>\n<\/div>\n<p>L\u00e4s mer om <a href=\"https:\/\/moverdb.com\/sv\/flyttfirmor\/\">internationella flyttfirmor<\/a>, <a href=\"https:\/\/moverdb.com\/sv\/us-canada-movers\/\">Flyttf\u00f6retag i USA och Kanada<\/a> och v\u00e5r <a href=\"https:\/\/moverdb.com\/sv\/recensioner\/\">granskningsprocess.<\/a>.<\/p>\n<p><strong>Webbplats:<\/strong> <a href=\"https:\/\/www.wheatonworldwide.com\/\" target=\"_blank\" rel=\"noopener\">https:\/\/www.wheatonworldwide.com<\/a><\/p>","protected":false},"excerpt":{"rendered":"<p>Wheaton World Wide Moving (formerly Wheaton Van Lines) offers its clients a range of services from international moves to local moves. These are listed below, together with a company profile and reviews. International Moves and Relocation Assistance Door to door moving Packing &#8211; do it yourself, fragile items or full service packing Disassembling and reassembling [&hellip;]<\/p>\n","protected":false},"author":1,"featured_media":0,"parent":0,"menu_order":0,"comment_status":"closed","ping_status":"closed","template":"","meta":{"_genesis_hide_title":false,"_genesis_hide_breadcrumbs":false,"_genesis_hide_singular_image":false,"_genesis_hide_footer_widgets":false,"_genesis_custom_body_class":"","_genesis_custom_post_class":"","_genesis_layout":"","footnotes":""},"class_list":{"0":"post-1076","1":"page","2":"type-page","3":"status-publish","5":"entry"},"_links":{"self":[{"href":"https:\/\/moverdb.com\/sv\/wp-json\/wp\/v2\/pages\/1076","targetHints":{"allow":["GET"]}}],"collection":[{"href":"https:\/\/moverdb.com\/sv\/wp-json\/wp\/v2\/pages"}],"about":[{"href":"https:\/\/moverdb.com\/sv\/wp-json\/wp\/v2\/types\/page"}],"author":[{"embeddable":true,"href":"https:\/\/moverdb.com\/sv\/wp-json\/wp\/v2\/users\/1"}],"replies":[{"embeddable":true,"href":"https:\/\/moverdb.com\/sv\/wp-json\/wp\/v2\/comments?post=1076"}],"version-history":[{"count":7,"href":"https:\/\/moverdb.com\/sv\/wp-json\/wp\/v2\/pages\/1076\/revisions"}],"predecessor-version":[{"id":6251,"href":"https:\/\/moverdb.com\/sv\/wp-json\/wp\/v2\/pages\/1076\/revisions\/6251"}],"wp:attachment":[{"href":"https:\/\/moverdb.com\/sv\/wp-json\/wp\/v2\/media?parent=1076"}],"curies":[{"name":"wp","href":"https:\/\/api.w.org\/{rel}","templated":true}]}}