{"id":1075,"date":"2016-08-04T14:25:42","date_gmt":"2016-08-04T14:25:42","guid":{"rendered":"http:\/\/moverdb.com\/?page_id=1075"},"modified":"2026-01-08T15:20:29","modified_gmt":"2026-01-08T15:20:29","slug":"north-american-van-lines","status":"publish","type":"page","link":"https:\/\/moverdb.com\/sv\/north-american-van-lines\/","title":{"rendered":"North American Van Lines: Internationell flyttning Recensioner"},"content":{"rendered":"<p>North American Van Lines erbjuder sina kunder tj\u00e4nster f\u00f6r internationella, f\u00f6retags- och inrikes flyttar. Nedan f\u00f6ljer en f\u00f6rteckning \u00f6ver dessa tj\u00e4nster, tillsammans med en f\u00f6retagsprofil och recensioner.<\/p>\n<p><strong>Internationell flyttning f\u00f6r privatpersoner och f\u00f6retag<\/strong><\/p>\n<ul>\n<li> D\u00f6rr till d\u00f6rr service<\/li>\n<li> F\u00f6rpackning, stoppning och skydd av tillh\u00f6righeter<\/li>\n<li> Demontering av m\u00f6bler<\/li>\n<li> <a href=\"https:\/\/moverdb.com\/sv\/container-transport\/\">Containrar f\u00f6r fartyg<\/a> f\u00f6r alla till\u00e4mpningar<\/li>\n<li> R\u00e5d om vad som ska packas och vad som ska s\u00e4ljas f\u00f6r att vara kostnadseffektivt.<\/li>\n<li> Hj\u00e4lp med tullklarering<\/li>\n<li> Leverans och montering av m\u00f6bler<\/li>\n<li> Sp\u00e5rning av frakt online dygnet runt<\/li>\n<li> Program f\u00f6r v\u00e4rderingsskydd<\/li>\n<li> Kort- och l\u00e5ngtidsf\u00f6rvaring ordnas<\/li>\n<\/ul>\n<p><strong>S\u00e4rskilda tj\u00e4nster f\u00f6r flyttning<\/strong><\/p>\n<ul>\n<li> Ink\u00f6p av bostad och tillf\u00e4lligt st\u00f6d till boende<\/li>\n<li> St\u00f6d till finansiella och f\u00f6rs\u00e4kringsm\u00e4ssiga akt\u00f6rer<\/li>\n<li> Interkulturell utbildning<\/li>\n<li> Spr\u00e5kutbildning<\/li>\n<li> H\u00e4nvisningar till barnomsorg och skolor<\/li>\n<li> Sjukv\u00e5rd och receptbelagda l\u00e4kemedel<\/li>\n<li> Ink\u00f6p av bilar och tj\u00e4nster<\/li>\n<li> K\u00f6rlektioner<\/li>\n<\/ul>\n<p><strong>F\u00f6retagsflyttar<\/strong><\/p>\n<ul>\n<li> F\u00f6rpackning och kasse<\/li>\n<li> Lagring<\/li>\n<li> F\u00f6rs\u00e4ndelse<\/li>\n<li> Personlig samordnare f\u00f6r flyttning<\/li>\n<li> St\u00f6d till f\u00f6rs\u00e4ljning och k\u00f6p av bost\u00e4der<\/li>\n<li> Omr\u00e5desorientering<\/li>\n<li> Bist\u00e5nd till make\/maka<\/li>\n<li> Hypotekstj\u00e4nster<\/li>\n<li> Inskolning i tj\u00e4nsterna<\/li>\n<\/ul>\n<p><strong>Flyttj\u00e4nster<\/strong><\/p>\n<ul>\n<li> Packning och uppackning - g\u00f6r det sj\u00e4lv, endast \u00f6mt\u00e5liga f\u00f6rem\u00e5l eller fullpackning<\/li>\n<li> Stort urval av f\u00f6rpackningsmaterial<\/li>\n<li> Demontering och \u00e5termontering av m\u00f6bler<\/li>\n<li> Avlastning<\/li>\n<li> Uppackning om det beh\u00f6vs<\/li>\n<li> Bortskaffande av skr\u00e4p<\/li>\n<li> L\u00e5ngsiktig och kortsiktig lagring<\/li>\n<li> Flyttning av hush\u00e5ll<\/li>\n<li> Lokal flyttning<\/li>\n<li> Flyttning \u00f6ver l\u00e5nga avst\u00e5nd<\/li>\n<li> Milit\u00e4ra flyttningar<\/li>\n<li> Flyttning i hela landet<\/li>\n<li> Flyttning mellan stater<\/li>\n<li> Express liten s\u00e4ndning<\/li>\n<li> Nationella flyttfirmor<\/li>\n<\/ul>\n<p><strong>Specialiserade flyttar<\/strong><\/p>\n<ul>\n<li> Pianon<\/li>\n<li> Konst och antikviteter<\/li>\n<li> B\u00e5tar<\/li>\n<li> <a href=\"https:\/\/moverdb.com\/sv\/biltransport-frakt\/\">Fordon<\/a><\/li>\n<li> Beh\u00e5llare<\/li>\n<\/ul>\n<h2>North American Van Lines f\u00f6retagsprofil<\/h2>\n<p>North American Van Lines inledde sin lastbilsverksamhet 1933 med 12 agenter. Fem \u00e5r senare hade f\u00f6retaget \u00f6ver 120 agenter. F\u00f6retaget arbetar med hem- och kontorsflyttar, b\u00e5de lokalt, nationellt och internationellt. North American Van Lines blev ett dotterbolag till SIRVA Inc. 1998. <\/p>\n<p>F\u00f6retaget har n\u00e4stan 8 000 anst\u00e4llda och har f\u00f6ljande verksamhet <strong>1 694 lastbilar<\/strong>. Det uppskattas att deras fordon har f\u00e4rdats <strong>37 256 707 mil<\/strong>.<\/p>\n<p>North American Van Lines har \u00f6ver 500 agenter i Nordamerika. De har satellitsp\u00e5rning f\u00f6r att alltid kunna lokalisera alla f\u00f6rs\u00e4ndelser. De anv\u00e4nder ocks\u00e5 kranbilar som g\u00f6r att de kan lasta och lossa stora f\u00f6rem\u00e5l utan lastkaj. <\/p>\n<p>F\u00f6retaget har inf\u00f6rt ett kvalitetsprogram f\u00f6r att utbilda alla anst\u00e4llda och agenter till h\u00f6gsta m\u00f6jliga standard.<\/p>\n<p>North American Van Lines ackrediteringar och anslutningar:<\/p>\n<ul>\n<li> Tull- och handelspartnerskap mot terrorism (C-TPAT)<\/li>\n<li> <a href=\"https:\/\/moverdb.com\/sv\/amsa\/\">Amerikansk f\u00f6rening f\u00f6r flyttning och lagring<\/a> (<a href=\"https:\/\/moverdb.com\/sv\/amsa\/\" data-internallinksmanager029f6b8e52c=\"5\" title=\"American Moving &amp; Storage Association (AMSA) f\u00f6rklaras\">AMSA<\/a>) - <a href=\"https:\/\/moverdb.com\/sv\/falg-promover\/\">ProMover<\/a><\/li>\n<li> BBB-ackrediterat f\u00f6retag<\/li>\n<li> <a href=\"https:\/\/moverdb.com\/sv\/canadian-association-of-movers\/\">Den kanadensiska sammanslutningen av flyttfirmor<\/a> (<a href=\"https:\/\/moverdb.com\/sv\/canadian-association-of-movers\/\" data-internallinksmanager029f6b8e52c=\"11\" title=\"F\u00f6rklaring av Canadian Association of Movers (CAM)\">CAM<\/a>)<\/li>\n<\/ul>\n<h2>Recensioner av North American Van Lines<\/h2>\n<p><strong>Positivt:<\/strong><\/p>\n<ul>\n<li>  <em>\"Vi flyttar hela tiden och det h\u00e4r var den b\u00e4sta flytten vi n\u00e5gonsin haft. Vi har aldrig haft en flytt d\u00e4r det har g\u00e5tt s\u00e5 bra. Allt var helt enkelt underbart.\"<\/em> - Justin P kund <a href=\"https:\/\/www.northamerican.com\/\" target=\"_blank\" rel=\"noopener\">vittnesm\u00e5l fr\u00e5n deras webbplats<\/a>.<\/li>\n<li> <em>\"Alltid i tid, effektiva, personliga och hj\u00e4lpsamma. Vi blev glatt \u00f6verraskade \u00f6ver att vi efter att v\u00e5ra goofs hade lastats och v\u00e4gts faktiskt debiterades mindre \u00e4n det angivna beloppet! Jag skulle definitivt rekommendera dem!<\/em>\" - Candace via <a href=\"http:\/\/www.bbb.org\/northernindiana\/business-reviews\/movers\/north-american-van-lines-in-fort-wayne-in-90077877\/customer-reviews\" target=\"_blank\" rel=\"noopener\">BBB<\/a><\/li>\n<li> <em>\"Att flytta fr\u00e5n ett hus med en l\u00e5ng, bl\u00e5sig och smal uppfart till ett annat hus hundratals kilometer bort var ingen l\u00e4tt uppgift f\u00f6r n\u00e5gon flyttfirma. Men North American Van Lines erbj\u00f6d en underbar upplevelse som gjorde flytten mindre stressig ... och v\u00e5gar jag s\u00e4ga, rolig?\"<\/em> - Phyllis via <a href=\"https:\/\/www.facebook.com\/northAmericanVL\/reviews#\" target=\"_blank\" rel=\"noopener\">Facebook<\/a><\/li>\n<\/ul>\n<p><strong>Negativt:<\/strong><\/p>\n<ul>\n<li> <em>\"En fruktansv\u00e4rd erfarenhet av detta f\u00f6retag. Jag anv\u00e4nde dem f\u00f6r att flytta fr\u00e5n Baltimore till <a href=\"https:\/\/moverdb.com\/sv\/flyttar-till-san-francisco\/\">San Francisco<\/a>.  De anv\u00e4nder lokala <a href=\"https:\/\/moverdb.com\/sv\/moving-companies\/\" data-internallinksmanager029f6b8e52c=\"79\" title=\"Topp 25 internationella flyttfirmor p\u00e5 n\u00e4tet\">flyttfirmor<\/a> har ing\u00e5tt ett avtal med North American om att h\u00e4mta och l\u00e4mna dina saker.\"<\/em> - Nick via <a href=\"http:\/\/www.mymovingreviews.com\/movers\/north-american-van-lines-287#33438\" target=\"_blank\" rel=\"noopener\">MyMovingReviews<\/a><\/li>\n<li> <em>\"Flyttning fr\u00e5n <a href=\"https:\/\/moverdb.com\/sv\/moving-companies\/moving-companies-peru\/\" data-internallinksmanager029f6b8e52c=\"273\" title=\"9 b\u00e4sta internationella flyttfirmor i Peru\">Peru<\/a> till <a href=\"https:\/\/moverdb.com\/sv\/moving-to-the-united-states\/moving-to-iowa\/\" data-internallinksmanager029f6b8e52c=\"463\" title=\"Flyttar du till Iowa? 2024 Levnadskostnader &amp; tips om flytt\">Iowa<\/a> var en mardr\u00f6m. Det v\u00e4rsta var att lastbilen lossades av \"proffs\" fr\u00e5n North American Van Lines.\"<\/em> - Arthur via <a href=\"https:\/\/www.consumeraffairs.com\/movers\/north_american.htm\" target=\"_blank\" rel=\"noopener\">Konsumentfr\u00e5gor<\/a><\/li>\n<li> <em>\"Det har g\u00e5tt 10 dagar sedan mina saker h\u00e4mtades fr\u00e5n <a href=\"https:\/\/moverdb.com\/sv\/moving-to-the-united-states\/moving-to-oklahoma\/\" data-internallinksmanager029f6b8e52c=\"453\" title=\"Flyttar du till Oklahoma? 2024 Levnadskostnader &amp; tips f\u00f6r flytt\">Oklahoma<\/a>Det \u00e4r bara tv\u00e5 arbetsdagar kvar av leveransperioden och de fick just reda p\u00e5 att f\u00f6raren INTE h\u00e4mtade mina saker.\"<\/em> - via <a href=\"http:\/\/north-american-van-lines.pissedconsumer.com\/left-my-stuff-behind-20160401821464.html\" target=\"_blank\" rel=\"noopener\">F\u00f6rbannad konsument<\/a><\/li>\n<\/ul>\n<div itemprop=\"review\" itemscope itemtype=\"http:\/\/schema.org\/Review\">\n<span itemprop=\"author\" itemscope=\"\" itemtype=\"http:\/\/schema.org\/Organization\"><span itemprop=\"name\">MoverDB.com<\/span><\/span> Webbplatsgranskning p\u00e5 n\u00e4tet f\u00f6r <span itemprop=\"itemreviewed\" itemscope=\"\" itemtype=\"http:\/\/schema.org\/Brand\"><span itemprop=\"name\">North American Van Lines<\/span><\/span>:<\/p>\n<ol>\n<li> Tydliga kontaktuppgifter p\u00e5 webbplatsen (inklusive telefonnummer): <strong>Ja<\/strong><\/li>\n<li> L\u00e4tt att f\u00e5 <a href=\"https:\/\/moverdb.com\/sv\/citat\/\">offerter f\u00f6r internationella flyttningar<\/a>? (Formul\u00e4r f\u00f6r beg\u00e4ran om uppskattning online): <strong>Ja<\/strong><\/li>\n<li> Tydlig information p\u00e5 webbplatsen: <strong>Ja<\/strong>, massor av information om inhemska och internationella flyttar.<\/li>\n<li> Medlemskap i internationellt erk\u00e4nda flyttorganisationer: <strong>Ja<\/strong>, se ovan.<\/li>\n<li> F\u00f6rteckning \u00f6ver kunder och\/eller tidigare kundreferenser. <strong>Ja,<\/strong> Det finns m\u00e5nga vittnesm\u00e5l p\u00e5 sidan, men de flesta \u00e4r ganska korta.<\/li>\n<\/ol>\n<div itemprop=\"reviewRating\" itemscope itemtype=\"http:\/\/schema.org\/Rating\"><meta itemprop=\"worstRating\" content = \"0\" \/><meta itemprop=\"bestRating\" content=\"4.5\" \/><meta itemprop=\"ratingValue\" content=\"5\"><\/div>\n<p><strong>Sammanfattande betyg: 4.5\/5<\/strong><br \/>\n<strong>Datum f\u00f6r granskning:<\/strong> <span itemprop=\"datePublished\" content=\"2016-08-24\">04\/08\/2016<\/span>\n<\/div>\n<p>L\u00e4s mer om <a href=\"https:\/\/moverdb.com\/sv\/flyttfirmor\/\">internationella flyttfirmor<\/a>, <a href=\"https:\/\/moverdb.com\/sv\/us-canada-movers\/\">Kanadensiska och amerikanska flyttfirmor<\/a> och v\u00e5r <a href=\"https:\/\/moverdb.com\/sv\/recensioner\/\">\u00d6versyn av flyttningsprocessen.<\/a>.<\/p>\n<p><strong>Webbplatser:<\/strong><br \/>\n<a href=\"https:\/\/moverdb.com\/sv\/moving-to-the-united-states\/\" data-internallinksmanager029f6b8e52c=\"94\" title=\"Flyttar du till USA? 2026 Levnadskostnader och flyttningstips\">USA<\/a>: <a href=\"https:\/\/www.northamerican.com\/\" target=\"_blank\" rel=\"noopener\">https:\/\/www.northamerican.com\/<\/a><br \/>\n<a href=\"https:\/\/moverdb.com\/sv\/moving-to-canada\/\" data-internallinksmanager029f6b8e52c=\"265\" title=\"Flytta till Kanada? 2026 Levnadskostnader och flyttningstips\">Kanada<\/a>: <a href=\"http:\/\/www.northamericanvanlines.ca\/\" target=\"_blank\" rel=\"noopener\">http:\/\/www.northamericanvanlines.ca\/<\/a><\/p>","protected":false},"excerpt":{"rendered":"<p>North American Van Lines offer their customers services for international, corporate and domestic moves. A list of these services follows, together with a company profile and reviews. International Moving for Individuals and Companies Door to door service Packing, padding and protecting belongings Disassembling furniture Ship containers for every application Advice on what to pack and [&hellip;]<\/p>\n","protected":false},"author":1,"featured_media":0,"parent":0,"menu_order":0,"comment_status":"closed","ping_status":"closed","template":"","meta":{"_genesis_hide_title":false,"_genesis_hide_breadcrumbs":false,"_genesis_hide_singular_image":false,"_genesis_hide_footer_widgets":false,"_genesis_custom_body_class":"","_genesis_custom_post_class":"","_genesis_layout":"","footnotes":""},"class_list":{"0":"post-1075","1":"page","2":"type-page","3":"status-publish","5":"entry"},"_links":{"self":[{"href":"https:\/\/moverdb.com\/sv\/wp-json\/wp\/v2\/pages\/1075","targetHints":{"allow":["GET"]}}],"collection":[{"href":"https:\/\/moverdb.com\/sv\/wp-json\/wp\/v2\/pages"}],"about":[{"href":"https:\/\/moverdb.com\/sv\/wp-json\/wp\/v2\/types\/page"}],"author":[{"embeddable":true,"href":"https:\/\/moverdb.com\/sv\/wp-json\/wp\/v2\/users\/1"}],"replies":[{"embeddable":true,"href":"https:\/\/moverdb.com\/sv\/wp-json\/wp\/v2\/comments?post=1075"}],"version-history":[{"count":11,"href":"https:\/\/moverdb.com\/sv\/wp-json\/wp\/v2\/pages\/1075\/revisions"}],"predecessor-version":[{"id":6227,"href":"https:\/\/moverdb.com\/sv\/wp-json\/wp\/v2\/pages\/1075\/revisions\/6227"}],"wp:attachment":[{"href":"https:\/\/moverdb.com\/sv\/wp-json\/wp\/v2\/media?parent=1075"}],"curies":[{"name":"wp","href":"https:\/\/api.w.org\/{rel}","templated":true}]}}