{"id":1065,"date":"2016-08-09T14:39:24","date_gmt":"2016-08-09T14:39:24","guid":{"rendered":"http:\/\/moverdb.com\/?page_id=1065"},"modified":"2026-01-08T14:47:45","modified_gmt":"2026-01-08T14:47:45","slug":"bekins-van-lines","status":"publish","type":"page","link":"https:\/\/moverdb.com\/sv\/bekins-van-lines\/","title":{"rendered":"Bekins Van Lines: Internationella flyttj\u00e4nster och recensioner"},"content":{"rendered":"<p>Bekins Van Lines har sitt s\u00e4te i Indianapolis IN. De erbjuder sina kunder en m\u00e4ngd olika tj\u00e4nster som listas nedan, tillsammans med en f\u00f6retagsprofil och recensioner.<\/p>\n<p><strong>Internationell flyttning<\/strong><\/p>\n<ul>\n<li> Personlig service tillsammans med Crown Relocations<\/li>\n<li> D\u00f6rr till d\u00f6rr service<\/li>\n<li> Packning - g\u00f6r det sj\u00e4lv, utvalda f\u00f6rem\u00e5l eller full service<\/li>\n<li> Lagring - p\u00e5 kort och l\u00e5ng sikt<\/li>\n<li> Flyttning av husdjur<\/li>\n<li> Invandringstj\u00e4nster<\/li>\n<li> Interkulturell utbildning<\/li>\n<li> Spr\u00e5kutbildning<\/li>\n<li> Tj\u00e4nster f\u00f6r f\u00f6rs\u00e4ljning av bost\u00e4der<\/li>\n<li> Fastighetsf\u00f6rvaltning<\/li>\n<li> F\u00f6rhandsgranska resetj\u00e4nster<\/li>\n<li> Hj\u00e4lp med att hitta ett hem<\/li>\n<li> S\u00f6kning av skola<\/li>\n<li> Orientering efter ankomsten<\/li>\n<li> St\u00f6d till partners karri\u00e4r<\/li>\n<li> Tj\u00e4nster f\u00f6r handyman och hemhj\u00e4lp<\/li>\n<li> Uthyrning av m\u00f6bler<\/li>\n<li> St\u00f6d p\u00e5 uppdrag<\/li>\n<\/ul>\n<p><strong>F\u00f6rpackning och f\u00f6rvaring<\/strong><\/p>\n<ul>\n<li> L\u00e5ng- och korttidsf\u00f6rvaring<\/li>\n<li> S\u00e4kra anl\u00e4ggningar<\/li>\n<li> 24 timmars varsel f\u00f6r tilltr\u00e4de<\/li>\n<li> G\u00f6r det sj\u00e4lv, utvalda f\u00f6rem\u00e5l eller full service packning<\/li>\n<li> Kartonger och l\u00e5dor levereras<\/li>\n<li> Skyddsfilm medf\u00f6ljer<\/li>\n<li> Tejp, etiketter och tuschpennor<\/li>\n<\/ul>\n<p><strong>Statliga och milit\u00e4ra flyttj\u00e4nster<\/strong><\/p>\n<ul>\n<li> Leverant\u00f6r av transporttj\u00e4nster fr\u00e5n GSA<\/li>\n<li> Kvalificerad enligt CHAMP och st\u00f6der CHAMP<\/li>\n<li> D\u00f6rr till d\u00f6rr<\/li>\n<\/ul>\n<p><strong>Flyttning av anst\u00e4llda<\/strong><\/p>\n<ul>\n<li> En dedikerad flyttledare<\/li>\n<li> D\u00f6rr till d\u00f6rr<\/li>\n<\/ul>\n<p><strong>Flyttning av bost\u00e4der<\/strong><\/p>\n<ul>\n<li> D\u00f6rr till d\u00f6rr<\/li>\n<li> I hemmet <a href=\"https:\/\/moverdb.com\/sv\/quotes\/\" data-internallinksmanager029f6b8e52c=\"26\" title=\"Citat fr\u00e5n internationella flyttningar: 12 fr\u00e5gor att st\u00e4lla till din flyttare\">Flyttofferter<\/a><\/li>\n<li> Full service f\u00f6r packning, lastning och lossning<\/li>\n<li> Packning - g\u00f6r det sj\u00e4lv, \u00f6mt\u00e5liga f\u00f6rem\u00e5l eller full service<\/li>\n<li> Medf\u00f6ljande f\u00f6rpackningsmaterial<\/li>\n<li> Lagring tillg\u00e4nglig<\/li>\n<li> Demontering och \u00e5termontering av m\u00f6bler<\/li>\n<li> Flytta m\u00f6bler, inventarier och utrustning<\/li>\n<li> Flytta pianon, <a href=\"https:\/\/moverdb.com\/sv\/biltransport-frakt\/\">fordon<\/a>, b\u00e5tar med mera<\/li>\n<li> Flyttskydd<\/li>\n<\/ul>\n<p><strong>Specialiserade flyttj\u00e4nster<\/strong><\/p>\n<ul>\n<li> Transport av medicinsk utrustning<\/li>\n<li> Transport av tunga maskiner<\/li>\n<li> FFE-transporter<\/li>\n<li> Kontorsutrustning<\/li>\n<li> Datorer och IT-utrustning<\/li>\n<li> Unika m\u00f6bler<\/li>\n<li> Flyttning av apparater<\/li>\n<li> Inventarier f\u00f6r butiker<\/li>\n<li> Flyttj\u00e4nster f\u00f6r hotell och restaurang<\/li>\n<\/ul>\n<h2>Bekins Van Lines f\u00f6retagsprofil<\/h2>\n<p>Bekins Van Lines startades f\u00f6r 125 \u00e5r sedan av John och Martin Bekins i Sioux City, <a href=\"https:\/\/moverdb.com\/sv\/moving-to-the-united-states\/moving-to-iowa\/\" data-internallinksmanager029f6b8e52c=\"463\" title=\"Flyttar du till Iowa? 2024 Levnadskostnader &amp; tips om flytt\">Iowa<\/a>. F\u00f6retaget hade 3 h\u00e4stdragna fordon och 12 anst\u00e4llda. Det \u00e4r nu det fj\u00e4rde st\u00f6rsta transportf\u00f6retaget i <a href=\"https:\/\/moverdb.com\/sv\/moving-to-the-united-states\/\" data-internallinksmanager029f6b8e52c=\"94\" title=\"Flyttar du till USA? 2026 Levnadskostnader och flyttningstips\">F\u00f6renta staterna<\/a> och betj\u00e4nar mer \u00e4n 95% av landet. Bekins Van Lines har specialiserat sig p\u00e5 <a href=\"https:\/\/moverdb.com\/sv\/container-transport\/\" target=\"_blank\" rel=\"noopener\">Internationell frakt<\/a>flyttar och flyttar f\u00f6rem\u00e5l av h\u00f6gt v\u00e4rde.<\/p>\n<p>Bekins Van Lines \u00e4gs nu av <a href=\"https:\/\/moverdb.com\/sv\/wheaton\/\" target=\"_blank\" rel=\"noopener\">Wheaton Van Lines<\/a>. F\u00f6retaget forts\u00e4tter att erbjuda hush\u00e5llsflyttar, f\u00f6retagsflyttar, internationella flyttar och milit\u00e4ra flyttar. <\/p>\n<p>Bekins har tillsammans med Wheaton Van Lines samarbetat med Crown Relocations f\u00f6r att hj\u00e4lpa kunder med internationella flyttar. Bekins har 350 agenter och det \u00e4r dessa agenter som g\u00f6r det m\u00f6jligt f\u00f6r f\u00f6retaget att fungera som ett fullservicef\u00f6retag. <a href=\"https:\/\/moverdb.com\/sv\/moving-companies\/\" data-internallinksmanager029f6b8e52c=\"79\" title=\"Topp 25 internationella flyttfirmor p\u00e5 n\u00e4tet\">flyttfirma<\/a>.<\/p>\n<p>Bekins Van Lines anslutningar och ackrediteringar:<\/p>\n<ul>\n<li> <a href=\"https:\/\/moverdb.com\/sv\/amsa\/\" target=\"_blank\" rel=\"noopener\">Amerikansk f\u00f6rening f\u00f6r flyttning och lagring<\/a> (<a href=\"https:\/\/moverdb.com\/sv\/amsa\/\" data-internallinksmanager029f6b8e52c=\"5\" title=\"American Moving &amp; Storage Association (AMSA) f\u00f6rklaras\">AMSA<\/a>) - <a href=\"https:\/\/moverdb.com\/sv\/falg-promover\/\" target=\"_blank\" rel=\"noopener\">ProMover<\/a><\/li>\n<li> Nationella sammanslutningen f\u00f6r chefer f\u00f6r flytt av seniorer (NASMM)<\/li>\n<li> Better Business Bureau (BBB) ackrediterat f\u00f6retag A+<\/li>\n<\/ul>\n<h2>Bekins Van Lines recensioner<\/h2>\n<p><strong>Positivt:<\/strong><\/p>\n<ul>\n<li> <em>\"Jag var livr\u00e4dd f\u00f6r att anv\u00e4nda n\u00e5gon flyttfirma f\u00f6r min flytt fr\u00e5n <a href=\"https:\/\/moverdb.com\/sv\/flyttar-till-san-jose\/\">San Jose<\/a> till <a href=\"https:\/\/moverdb.com\/sv\/moving-to-the-united-states\/moving-to-oregon\/\" data-internallinksmanager029f6b8e52c=\"395\" title=\"Flytta till Oregon? 2026 Levnadskostnader &amp; tips om flytt\">Oregon<\/a>. Jag gjorde en hel del efterforskningar p\u00e5 n\u00e4tet och valde till slut Bekins p\u00e5 grund av tv\u00e5 personliga rekommendationer och deras kostnadsf\u00f6rslag. Det var en enkel process, flyttgubbarna var mycket f\u00f6rsiktiga med mina f\u00f6rem\u00e5l och de levererade n\u00e4r de sa att de skulle.\"<\/em> - S. N. via <a href=\"http:\/\/www.yelp.com\/biz\/bekins-van-lines-indianapolis-4?hrid=sAKPuUdvUtx9Pe5VoZlhZQ&#038;utm_campaign=www_review_share_popup&#038;utm_medium=copy_link&#038;utm_source=(direct)\" target=\"_blank\" rel=\"noopener\">Yelp<\/a><\/li>\n<li> <em>\"Vi fick de vanliga uppskattningarna f\u00f6r v\u00e5r kontorsflytt, och Bekins kom med den b\u00e4sta och mest detaljerade uppskattningen.\"<\/em> - Wanda fr\u00e5n Tampa via <a href=\"https:\/\/www.consumeraffairs.com\/movers\/bekins_van_lines.htm\" target=\"_blank\" rel=\"noopener\">Konsumentfr\u00e5gor<\/a><\/li>\n<li> <em>\"Kunden skulle rekommendera f\u00f6retaget till en v\u00e4n, familjemedlem, granne eller kollega.\"<\/em> - Cindy R via <a href=\"http:\/\/www.bbb.org\/indy\/business-reviews\/movers\/bekins-van-lines-inc-in-indianapolis-in-90013818\/Customer-Reviews\" target=\"_blank\" rel=\"noopener\">BBB<\/a><\/li>\n<li> <em>\"Hela flyttteamet var fantastiskt. Kalkylatorerna och samordnarna var mycket omt\u00e4nksamma.\"<\/em> - Paul D via <a href=\"http:\/\/www.mymovingreviews.com\/movers\/bekins-van-lines-303#54527\" target=\"_blank\" rel=\"noopener\">MyMoivingReviews.com<\/a><\/li>\n<\/ul>\n<p><strong>Negativt:<\/strong><\/p>\n<ul>\n<li> \"<em>Verkligen hemsk upplevelse - massor av skadade varor och oprofessionell service.\" <\/em>Kelly H via <a href=\"http:\/\/www.yelp.com\/biz\/bekins-van-lines-indianapolis-4?hrid=mPlbHKmtD2adpffBELLyBA&#038;utm_campaign=www_review_share_popup&#038;utm_medium=copy_link&#038;utm_source=(direct)\" target=\"_blank\" rel=\"noopener\">Yelp<\/a> <\/li>\n<li> <em>\"Den perfekta flytt som agenten beskrev blev en mardr\u00f6m.\"<\/em> - Marcel fr\u00e5n Lake Park via <a href=\"https:\/\/www.consumeraffairs.com\/movers\/bekins_van_lines.htm\" target=\"_blank\" rel=\"noopener\">Konsumentfr\u00e5gor<\/a> <\/li>\n<li> <em>\"Det fanns flera negativa saker med den h\u00e4r upplevelsen.\"<\/em> - David S via <a href=\"http:\/\/www.bbb.org\/indy\/business-reviews\/movers\/bekins-van-lines-inc-in-indianapolis-in-90013818\/Customer-Reviews\" target=\"_blank\" rel=\"noopener\">BBB<\/a> <\/li>\n<li> \"<em>Jag har funnit att Bekins flytt- och f\u00f6rvaringsf\u00f6retag \u00e4r op\u00e5litliga.\" <\/em> D Langdon via <a href=\"http:\/\/www.mymovingreviews.com\/movers\/bekins-van-lines-303#37287\" target=\"_blank\" rel=\"noopener\">MyMoivingReviews.com<\/a><\/li>\n<\/ul>\n<div itemprop=\"review\" itemscope itemtype=\"http:\/\/schema.org\/Review\">\n<span itemprop=\"author\" itemscope=\"\" itemtype=\"http:\/\/schema.org\/Organization\"><span itemprop=\"name\">MoverDB.com<\/span><\/span> Webbplatsgranskning p\u00e5 n\u00e4tet f\u00f6r <span itemprop=\"itemreviewed\" itemscope=\"\" itemtype=\"http:\/\/schema.org\/Brand\"><span itemprop=\"name\">Bekins Van Lines<\/span><\/span>:<\/p>\n<ol>\n<li> Tydliga kontaktuppgifter p\u00e5 webbplatsen (inklusive telefonnummer): <strong>Ja<\/strong><\/li>\n<li> L\u00e4tt att f\u00e5 <a href=\"https:\/\/moverdb.com\/sv\/citat\/\">offerter f\u00f6r internationella flyttningar<\/a>? (Formul\u00e4r f\u00f6r beg\u00e4ran om uppskattning online): <strong>Ja<\/strong><\/li>\n<li> Tydlig information p\u00e5 webbplatsen: <strong>Ja,<\/strong> Det finns m\u00e5nga guider, videor och andra resurser p\u00e5 webbplatsen.<\/li>\n<li> Medlemskap i internationellt erk\u00e4nda flyttorganisationer: <strong>Ja<\/strong>, se ovan.<\/li>\n<li> F\u00f6rteckning \u00f6ver kunder och\/eller tidigare kundreferenser. <strong>Ja,<\/strong> de har sina egna <a href=\"https:\/\/www.bekins.com\/why-bekins\/reviews-testimonials\/\" target=\"_blank\" rel=\"noopener\">sidan med recensioner och vittnesm\u00e5l.<\/a><\/li>\n<\/ol>\n<div itemprop=\"reviewRating\" itemscope itemtype=\"http:\/\/schema.org\/Rating\"><meta itemprop=\"worstRating\" content = \"0\" \/><meta itemprop=\"bestRating\" content=\"5\" \/><meta itemprop=\"ratingValue\" content=\"5\"><\/div>\n<p><strong>Sammanfattande betyg: 5\/5<\/strong><br \/>\n<strong>Datum f\u00f6r granskning:<\/strong> <span itemprop=\"datePublished\" content=\"2016-08-08\">08\/08\/2016<\/span>\n<\/div>\n<p>L\u00e4s mer om <a href=\"https:\/\/moverdb.com\/sv\/flyttfirmor\/\">internationella flyttfirmor<\/a>, <a href=\"https:\/\/moverdb.com\/sv\/us-canada-movers\/\">Flyttfirmor i USA<\/a> och v\u00e5r <a href=\"https:\/\/moverdb.com\/sv\/recensioner\/\">granskningsprocess.<\/a>.<\/p>\n<p><strong>Webbplats:<\/strong> <a href=\"https:\/\/www.bekins.com\/\" target=\"_blank\" rel=\"noopener\">https:\/\/www.bekins.com<\/a><\/p>","protected":false},"excerpt":{"rendered":"<p>Bekins Van Lines are based in Indianapolis IN. They offer their customers a variety of services which are listed below, together with a company profile and reviews. International Moving Personalised service together with Crown Relocations Door to door service Packing &#8211; do it yourself, selected items or full service Storage &#8211; short and long term [&hellip;]<\/p>\n","protected":false},"author":1,"featured_media":0,"parent":0,"menu_order":0,"comment_status":"closed","ping_status":"closed","template":"","meta":{"_genesis_hide_title":false,"_genesis_hide_breadcrumbs":false,"_genesis_hide_singular_image":false,"_genesis_hide_footer_widgets":false,"_genesis_custom_body_class":"","_genesis_custom_post_class":"","_genesis_layout":"","footnotes":""},"class_list":{"0":"post-1065","1":"page","2":"type-page","3":"status-publish","5":"entry"},"_links":{"self":[{"href":"https:\/\/moverdb.com\/sv\/wp-json\/wp\/v2\/pages\/1065","targetHints":{"allow":["GET"]}}],"collection":[{"href":"https:\/\/moverdb.com\/sv\/wp-json\/wp\/v2\/pages"}],"about":[{"href":"https:\/\/moverdb.com\/sv\/wp-json\/wp\/v2\/types\/page"}],"author":[{"embeddable":true,"href":"https:\/\/moverdb.com\/sv\/wp-json\/wp\/v2\/users\/1"}],"replies":[{"embeddable":true,"href":"https:\/\/moverdb.com\/sv\/wp-json\/wp\/v2\/comments?post=1065"}],"version-history":[{"count":9,"href":"https:\/\/moverdb.com\/sv\/wp-json\/wp\/v2\/pages\/1065\/revisions"}],"predecessor-version":[{"id":6181,"href":"https:\/\/moverdb.com\/sv\/wp-json\/wp\/v2\/pages\/1065\/revisions\/6181"}],"wp:attachment":[{"href":"https:\/\/moverdb.com\/sv\/wp-json\/wp\/v2\/media?parent=1065"}],"curies":[{"name":"wp","href":"https:\/\/api.w.org\/{rel}","templated":true}]}}