{"id":1064,"date":"2016-08-12T14:50:41","date_gmt":"2016-08-12T14:50:41","guid":{"rendered":"http:\/\/moverdb.com\/?page_id=1064"},"modified":"2026-01-08T13:18:24","modified_gmt":"2026-01-08T13:18:24","slug":"graebel-van-lines","status":"publish","type":"page","link":"https:\/\/moverdb.com\/sv\/graebel-van-lines\/","title":{"rendered":"Graebel Van Lines: Internationella flyttj\u00e4nster och recensioner"},"content":{"rendered":"<p>Graebel Van Lines har sitt huvudkontor i Aurora, CO. F\u00f6retaget erbjuder sina kunder ett brett utbud av tj\u00e4nster som listas nedan. D\u00e4r f\u00f6ljer ocks\u00e5 en f\u00f6retagsprofil och recensioner.<\/p>\n<p><strong>Internationell flyttning<\/strong><\/p>\n<ul>\n<li> En s\u00e4rskild samordnare f\u00f6r kundtj\u00e4nst \u00e4r utsedd.<\/li>\n<li> Detaljerad unders\u00f6kning i hemmet<\/li>\n<li> Skr\u00e4ddarsydd flyttplan<\/li>\n<li> D\u00f6rr till d\u00f6rr<\/li>\n<li> Internationellt utbildade packare och lastare<\/li>\n<li> F\u00f6rpackningsmaterial av h\u00f6gsta kvalitet<\/li>\n<li> Anpassad kasse<\/li>\n<li> Samordning med ledande licensierade globala flygbolag<\/li>\n<li> F\u00f6rvaringsutrymmen - vissa \u00e4r klimatkontrollerade<\/li>\n<li> Tullklarering<\/li>\n<li> Leverans och uppackning<\/li>\n<\/ul>\n<p><strong>Flyttning av bost\u00e4der<\/strong><\/p>\n<ul>\n<li> D\u00f6rr till d\u00f6rr service<\/li>\n<li> En enda kontaktpunkt under hela flytten<\/li>\n<li> Packning och uppackning vid behov<\/li>\n<li> Lokala, l\u00e5ngv\u00e4ga och internationella flyttar<\/li>\n<li> L\u00e5ng- och korttidsf\u00f6rvaring<\/li>\n<\/ul>\n<p><strong>Flyttning av arbetsutrymme<\/strong><\/p>\n<ul>\n<li> Planl\u00f6sning f\u00f6re och efter<\/li>\n<li> Detaljerad inventering<\/li>\n<li> L\u00e5ng- och korttidslagring<\/li>\n<li> Avbrytande och \u00e5terinkoppling av datorsystem<\/li>\n<li> Demontering och \u00e5termontering av m\u00f6bler<\/li>\n<li> Ansvarsfullt f\u00f6rfogande \u00f6ver tillg\u00e5ngar<\/li>\n<li> Flytt av huvudkontor, kontor och enstaka kontorsflyttar.<\/li>\n<li> Samordning av underleverant\u00f6rer, data, telefoni och elektricitet.<\/li>\n<li> Exakta uppskattningar av utrustning, personal, material och totalkostnader f\u00f6r kontorsflyttning.<\/li>\n<li> Hantering av Move-Add-Change (MAC).<\/li>\n<li> Bepr\u00f6vade checklistor, planering och processer f\u00f6r kontorsflytt.<\/li>\n<li> Lagring och bortskaffande av register.<\/li>\n<li> Arkivsystem och f\u00f6rvaringsl\u00f6sningar med h\u00f6g densitet.<\/li>\n<li> <a href=\"https:\/\/moverdb.com\/sv\/british-association-of-removers\/\" data-internallinksmanager029f6b8e52c=\"9\" title=\"British Association of Removers (BAR) f\u00f6rklaras\">Bar<\/a>-kodad lagerhantering.<\/li>\n<li> V\u00e4rldsomfattande transporter, inklusive transporter med mindre \u00e4n lastbilsladdning, lastbilsladdning och sk\u00e5pbilar.<\/li>\n<li> Lager- och distributionstj\u00e4nster.<\/li>\n<li> Leveranstj\u00e4nster f\u00f6r leverans i r\u00e4tt tid.<\/li>\n<li> Logistiktj\u00e4nster och logistikhantering fr\u00e5n en enda k\u00e4lla.<\/li>\n<li> Transport, leverans, installation och omkonfigurering av systemm\u00f6bler.<\/li>\n<li> Tj\u00e4nster f\u00f6r m\u00f6bler, inventarier och utrustning (FF&amp;E) inom hotell- och restaurangbranschen.<\/li>\n<li> Flyttj\u00e4nster inom h\u00e4lso- och sjukv\u00e5rdssektorn.<\/li>\n<\/ul>\n<p><strong>F\u00f6retags-, myndighets- och milit\u00e4rflyttar<\/strong><\/p>\n<ul>\n<li> Kriminalv\u00e5rdsstyrelsen<\/li>\n<li> Marshals Service<\/li>\n<li> Narkotikabrottsmyndigheten (DEA)<\/li>\n<li> Veteranavdelningen (VA)<\/li>\n<li> Federal Bureau of Investigation (FBI)<\/li>\n<li> Folkr\u00e4kningskontoret<\/li>\n<li> Centrum f\u00f6r kontroll och f\u00f6rebyggande av sjukdomar (CDC)<\/li>\n<li> Skattemyndigheten (IRS)<\/li>\n<\/ul>\n<h2>Graebel Van Lines f\u00f6retagsprofil<\/h2>\n<p>Graebel Van Lines \u00e4r det st\u00f6rsta privat\u00e4gda f\u00f6retaget f\u00f6r <a href=\"https:\/\/moverdb.com\/sv\/moving-companies\/\" data-internallinksmanager029f6b8e52c=\"79\" title=\"Topp 25 internationella flyttfirmor p\u00e5 n\u00e4tet\">flyttfirma<\/a> i den <a href=\"https:\/\/moverdb.com\/sv\/moving-to-the-united-states\/\" data-internallinksmanager029f6b8e52c=\"94\" title=\"Flyttar du till USA? 2026 Levnadskostnader och flyttningstips\">F\u00f6renta staterna<\/a> och har sitt huvudkontor i Aurora, CO. F\u00f6retaget har i 66 \u00e5r flyttat familjer, f\u00f6retag, myndigheter och milit\u00e4rer runt om i v\u00e4rlden och i USA. <\/p>\n<p>F\u00f6retaget erbjuder fullservicel\u00f6sningar f\u00f6r alla kunders behov, oavsett om det handlar om ett litet jobb som renovering av ett kontor eller en stor uppgift som att flytta ett sjukhus till nya lokaler.<\/p>\n<p>Graebel Van Lines har 4 miljoner kvadratmeter lagringsutrymme runt om i landet och har 828 flyttfordon. All f\u00f6retagets personal \u00e4r utbildad enligt h\u00f6gsta standard.<\/p>\n<p>Graebel Van Lines anslutningar och ackrediteringar:<\/p>\n<ul>\n<li> <a href=\"https:\/\/moverdb.com\/sv\/falg-promover\/\">ProMover<\/a><\/li>\n<li> <a href=\"https:\/\/moverdb.com\/sv\/amsa\/\" target=\"_blank\" rel=\"noopener\">Amerikansk f\u00f6rening f\u00f6r flyttning och lagring<\/a> (<a href=\"https:\/\/moverdb.com\/sv\/amsa\/\" data-internallinksmanager029f6b8e52c=\"5\" title=\"American Moving &amp; Storage Association (AMSA) f\u00f6rklaras\">AMSA<\/a>)<\/li>\n<li> Internationella institutet f\u00f6r kontorsflyttning (IOMI)<\/li>\n<\/ul>\n<h2>Recensioner av Graebel Van Lines<\/h2>\n<p><strong>Positivt:<\/strong><\/p>\n<ul>\n<li> <em>\"Graebel Van Lines gjorde ett enast\u00e5ende arbete med min flytt. De flyttade mig med kort varsel, i tid och allt landade d\u00e4r jag beh\u00f6vde det.\" <\/em> - Michelle T via <a href=\"https:\/\/www.yelp.com\/biz\/graebel-van-lines-kent\" target=\"_blank\" rel=\"noopener\">Yelp<\/a><\/li>\n<li>  <em>\"Jag skriver detta eftersom jag har sett m\u00e5nga d\u00e5liga recensioner om Graebel's och min erfarenhet var positiv.\"<\/em> - Sue Sok via <a href=\"http:\/\/www.mymovingreviews.com\/movers\/graebel-406#28293\" target=\"_blank\" rel=\"noopener\">MyMovingReviews.com<\/a><\/li>\n<\/ul>\n<p><strong>Negativt:<\/strong><\/p>\n<ul>\n<li> \"<em>Jag har anv\u00e4nt Graebel's vid tre flyttar och varje g\u00e5ng blir det s\u00e4mre och s\u00e4mre.\"<\/em> - Michael C via <a href=\"http:\/\/www.yelp.com\/biz\/graebel-van-lines-san-jose?hrid=KdToWSepoqbs7wLCd4UE0A&#038;utm_campaign=www_review_share_popup&#038;utm_medium=copy_link&#038;utm_source=(direct)\" target=\"_blank\" rel=\"noopener\">Yelp<\/a> <\/li>\n<li> \"<em>Jag rekommenderar inte detta f\u00f6retag!!!!\"<\/em> Don Mcnasby via <a href=\"http:\/\/www.mymovingreviews.com\/movers\/graebel-406#47223\" target=\"_blank\" rel=\"noopener\">MyMovingReviews.com<\/a><\/li>\n<\/ul>\n<div itemprop=\"review\" itemscope itemtype=\"http:\/\/schema.org\/Review\">\n<span itemprop=\"author\" itemscope=\"\" itemtype=\"http:\/\/schema.org\/Organization\"><span itemprop=\"name\">MoverDB.com<\/span><\/span> Webbplatsgranskning p\u00e5 n\u00e4tet f\u00f6r <span itemprop=\"itemreviewed\" itemscope=\"\" itemtype=\"http:\/\/schema.org\/Brand\"><span itemprop=\"name\">Graebel Van Lines<\/span><\/span>:<\/p>\n<ol>\n<li> Tydliga kontaktuppgifter p\u00e5 webbplatsen (inklusive telefonnummer): <strong>Ja<\/strong><\/li>\n<li> L\u00e4tt att f\u00e5 <a href=\"https:\/\/moverdb.com\/sv\/citat\/\">offerter f\u00f6r internationella flyttningar<\/a>? (Formul\u00e4r f\u00f6r beg\u00e4ran om uppskattning online): <strong>Ja<\/strong><\/li>\n<li> Tydlig information p\u00e5 webbplatsen: <strong>N\u00e5gra<\/strong>, Webbplatsen inneh\u00e5ller inte mycket detaljerad information. Det f\u00f6ruts\u00e4tts att denna kommer att tillhandah\u00e5llas tillsammans med den anpassade planen.<\/li>\n<li> Medlemskap i internationellt erk\u00e4nda flyttorganisationer: <strong>Ja<\/strong>, (se ovan)<\/li>\n<li> F\u00f6rteckning \u00f6ver kunder och\/eller tidigare kundreferenser: <strong>Ingen<\/strong> P\u00e5 hemsidan n\u00e4mns dock att de \u00e4r en favorit hos regeringen och Fortune 500-f\u00f6retag.<\/li>\n<\/ol>\n<div itemprop=\"reviewRating\" itemscope itemtype=\"http:\/\/schema.org\/Rating\"><meta itemprop=\"worstRating\" content = \"0\" \/><meta itemprop=\"bestRating\" content=\"5\" \/><meta itemprop=\"ratingValue\" content=\"3.5\"><\/div>\n<p><strong>Sammanfattande betyg: 3.5\/5<\/strong><br \/>\n<strong>Datum f\u00f6r granskning:<\/strong> <span itemprop=\"datePublished\" content=\"2016-08-11\">11\/08\/2016<\/span>\n<\/div>\n<p>L\u00e4s mer om <a href=\"https:\/\/moverdb.com\/sv\/flyttfirmor\/\">internationella flyttfirmor<\/a>, <a href=\"https:\/\/moverdb.com\/sv\/us-canada-movers\/\">Amerikanska flyttfirmor<\/a> och v\u00e5r <a href=\"https:\/\/moverdb.com\/sv\/recensioner\/\">granskningsprocess.<\/a>.<\/p>\n<p><strong>Webbplats:<\/strong> <a href=\"https:\/\/www.graebelmoving.com\" target=\"_blank\" rel=\"noopener\">https:\/\/www.graebelmoving.com<\/a><\/p>","protected":false},"excerpt":{"rendered":"<p>Graebel Van Lines is headquartered in Aurora, CO. The company offers its customers a wide range of services which are listed below. There also follows a company profile and reviews. International Moving A dedicated customer service coordinator is assigned Detailed in-home survey Customised move plan Door to door Internationally trained packers and loaders Finest quality [&hellip;]<\/p>\n","protected":false},"author":1,"featured_media":0,"parent":0,"menu_order":0,"comment_status":"closed","ping_status":"closed","template":"","meta":{"_genesis_hide_title":false,"_genesis_hide_breadcrumbs":false,"_genesis_hide_singular_image":false,"_genesis_hide_footer_widgets":false,"_genesis_custom_body_class":"","_genesis_custom_post_class":"","_genesis_layout":"","footnotes":""},"class_list":{"0":"post-1064","1":"page","2":"type-page","3":"status-publish","5":"entry"},"_links":{"self":[{"href":"https:\/\/moverdb.com\/sv\/wp-json\/wp\/v2\/pages\/1064","targetHints":{"allow":["GET"]}}],"collection":[{"href":"https:\/\/moverdb.com\/sv\/wp-json\/wp\/v2\/pages"}],"about":[{"href":"https:\/\/moverdb.com\/sv\/wp-json\/wp\/v2\/types\/page"}],"author":[{"embeddable":true,"href":"https:\/\/moverdb.com\/sv\/wp-json\/wp\/v2\/users\/1"}],"replies":[{"embeddable":true,"href":"https:\/\/moverdb.com\/sv\/wp-json\/wp\/v2\/comments?post=1064"}],"version-history":[{"count":6,"href":"https:\/\/moverdb.com\/sv\/wp-json\/wp\/v2\/pages\/1064\/revisions"}],"predecessor-version":[{"id":6216,"href":"https:\/\/moverdb.com\/sv\/wp-json\/wp\/v2\/pages\/1064\/revisions\/6216"}],"wp:attachment":[{"href":"https:\/\/moverdb.com\/sv\/wp-json\/wp\/v2\/media?parent=1064"}],"curies":[{"name":"wp","href":"https:\/\/api.w.org\/{rel}","templated":true}]}}