{"id":1061,"date":"2016-07-25T20:41:24","date_gmt":"2016-07-25T20:41:24","guid":{"rendered":"http:\/\/moverdb.com\/?page_id=1061"},"modified":"2026-01-08T15:30:30","modified_gmt":"2026-01-08T15:30:30","slug":"u-pack-moving","status":"publish","type":"page","link":"https:\/\/moverdb.com\/sv\/u-pack-moving\/","title":{"rendered":"U-Pack Moving: Internationella flyttj\u00e4nster och recensioner"},"content":{"rendered":"<p>ABF U-Pack Moving erbjuder sina kunder en m\u00e4ngd olika tj\u00e4nster f\u00f6r flyttning och sj\u00e4lvpackning och uppackning inom <a href=\"https:\/\/moverdb.com\/sv\/moving-to-the-united-states\/\" data-internallinksmanager029f6b8e52c=\"94\" title=\"Flyttar du till USA? 2026 Levnadskostnader och flyttningstips\">USA<\/a>, <a href=\"https:\/\/moverdb.com\/sv\/moving-to-canada\/\" data-internallinksmanager029f6b8e52c=\"265\" title=\"Flytta till Kanada? 2026 Levnadskostnader och flyttningstips\">Kanada<\/a> och Puerto Rico. <\/p>\n<p>Dessa tj\u00e4nster listas nedan, tillsammans med en f\u00f6retagsprofil och recensioner.<\/p>\n<p><strong>Typer av flyttar som erbjuds<\/strong><\/p>\n<ul>\n<li> Flyttning \u00f6ver hela landet<\/li>\n<li> Flyttning \u00f6ver l\u00e5nga avst\u00e5nd - USA, Kanada, Puerto Rico<\/li>\n<li> F\u00f6rflyttning fr\u00e5n d\u00f6rr till d\u00f6rr<\/li>\n<li> Sj\u00e4lvg\u00e5ende<\/li>\n<li> Hyr lastare per timme <\/li>\n<li> Milit\u00e4ra flyttningar<\/li>\n<li> Flyttning till en h\u00f6gskola<\/li>\n<li> Sm\u00e5 drag<\/li>\n<\/ul>\n<p><strong>Flyttutrustning<\/strong><\/p>\n<ul>\n<li> Flyttningsvagnar<\/li>\n<li> Flyttning och <a href=\"https:\/\/moverdb.com\/sv\/container-transport\/\" target=\"_blank\" rel=\"noopener\">Skeppscontainrar<\/a><\/li>\n<\/ul>\n<p><strong>Lagring<\/strong><\/p>\n<ul>\n<li> F\u00f6rvaring av sl\u00e4pvagnar<\/li>\n<li> ReloCube-lagring<\/li>\n<li> Lagring p\u00e5 plats<\/li>\n<li> B\u00e4rbar f\u00f6rvaring<\/li>\n<\/ul>\n<h2>U-Pack Moving F\u00f6retagets profil<\/h2>\n<p>ABF U-Pack \u00f6ppnade sin verksamhet den 1<sup>st<\/sup> Oktober 1997 och \u00e4r en del av ABF Freight. F\u00f6retagets syfte var att g\u00f6ra flyttningar mer prisv\u00e4rda genom att erbjuda kunderna ett \"du packar, vi k\u00f6r\"-alternativ. Kunderna packar sina egna saker och lastar dem i en sl\u00e4pvagn eller container som tillhandah\u00e5lls av f\u00f6retaget. <\/p>\n<p>En U-Pack-f\u00f6rare k\u00f6r sedan varorna till destinationen d\u00e4r kunden lastar av och packar upp dem. Kunderna kan sp\u00e5ra sina varor via ett sp\u00e5rningssystem online.<\/p>\n<p>Sedan starten 1997 har ABF Moving U-Pack flyttat \u00f6ver 850 000 familjer och k\u00f6rt \u00f6ver 1 miljard mil. F\u00f6retaget har en direktl\u00e4nk till n\u00e4stan alla st\u00e4der i USA, Kanada och Puerto Rico med en befolkning p\u00e5 \u00f6ver 30 000 inv\u00e5nare, vilket inneb\u00e4r 44 000 olika samh\u00e4llen.<\/p>\n<p><strong>AFB U-Packs ackrediteringar och anslutningar:<\/strong><\/p>\n<ul>\n<li> BBB ackrediterat f\u00f6retag A+<\/li>\n<\/ul>\n<h2>Recensioner av U-Pack Moving<\/h2>\n<p><strong>Positivt<\/strong><\/p>\n<ul>\n<li> \"<em>F\u00f6r gr\u00e4ns\u00f6verskridande leveranser (USA\/Kanada) rekommenderar jag U-Pack.\"<\/em> - Laura J via <a href=\"http:\/\/www.yelp.com\/user_details?userid=MFsoomxJ9wmWksnuhEbsWQ\" target=\"_blank\" rel=\"noopener\">Yelp<\/a> <\/li>\n<li> \"<em>N\u00e4r jag \u00f6verv\u00e4ger mina alternativ Upack vs Uhaul med biltransportbilen \u00e4r Upack utan tvekan det b\u00e4sta alternativet.\"<\/em> - Lee via <a href=\"http:\/\/www.mymovingreviews.com\/movers\/u-pack-2041#54792\" target=\"_blank\" rel=\"noopener\">MyMovingReviews.com<\/a><\/li>\n<li> \"<em>Stor allm\u00e4n kundn\u00f6jdhet tillsammans med det b\u00e4sta priset, punktlighet och professionalism.\"<\/em> - B Anderson via <a href=\"https:\/\/www.trustpilot.com\/users\/563a175f0000ff0001e81099\" target=\"_blank\" rel=\"noopener\">Trustpilot<\/a> <\/li>\n<li> \"<em>B\u00e4st <a href=\"https:\/\/moverdb.com\/sv\/moving-companies\/\" data-internallinksmanager029f6b8e52c=\"79\" title=\"Topp 25 internationella flyttfirmor p\u00e5 n\u00e4tet\">flyttfirma<\/a> Jag skulle rekommendera det till vem som helst.\"<\/em> - Beatrice F via <a href=\"https:\/\/www.sitejabber.com\/reviews\/www.upack.com#6\" target=\"_blank\" rel=\"noopener\">SiteJabber<\/a> <\/li>\n<\/ul>\n<p><strong>Negativ<\/strong><\/p>\n<ul>\n<li> \"<em>Anv\u00e4nd inte detta f\u00f6retag. Du kommer att \u00e5ngra dig. Det v\u00e4rsta misstaget jag gjort. Kostade mig mer pengar \u00e4n vad jag skulle spara.\"<\/em> - Christina via <a href=\"http:\/\/www.yelp.com\/user_details?userid=h6i4pikiNvzwmw8VvAOvrw\" target=\"_blank\" rel=\"noopener\">Yelp<\/a> <\/li>\n<li> \"<em>Vi flyttade hela v\u00e5rt liv \u00f6ver hela USA. N\u00e4r vi h\u00e4mtade v\u00e5ra saker var s\u00e5 mycket skadat att det var overkligt.\"<\/em> - Sarah via <a href=\"http:\/\/www.mymovingreviews.com\/movers\/u-pack-2041#54608\" target=\"_blank\" rel=\"noopener\">MyMovingReviews.com<\/a> <\/li>\n<li> \"<em>Lastbilen skulle komma n\u00e5gonstans mellan 14 och 18.00. Vi anlitade flyttare f\u00f6r att hj\u00e4lpa till klockan 17.00. Lastbilen kom inte klockan 18.00.\" <\/em> - Cliff Gragg via <a href=\"https:\/\/www.trustpilot.com\/users\/561008750000ff0001e06238\" target=\"_blank\" rel=\"noopener\">TrustPilot<\/a> <\/li>\n<li> \"<em>Oprofessionellt. Vi \u00e4r fortfarande mitt uppe i en flytt med U-Pack.\"<\/em> - Karen W via <a href=\"https:\/\/www.sitejabber.com\/reviews\/www.upack.com#5\" target=\"_blank\" rel=\"noopener\">SiteJabber<\/a> <\/li>\n<\/ul>\n<div itemprop=\"review\" itemscope itemtype=\"http:\/\/schema.org\/Review\">\n<span itemprop=\"author\" itemscope=\"\" itemtype=\"http:\/\/schema.org\/Organization\"><span itemprop=\"name\">MoverDB.com<\/span><\/span> Webbplatsgranskning p\u00e5 n\u00e4tet f\u00f6r <span itemprop=\"itemreviewed\" itemscope=\"\" itemtype=\"http:\/\/schema.org\/Brand\"><span itemprop=\"name\">U-Pack Moving<\/span><\/span>:<\/p>\n<ol>\n<li> Tydliga kontaktuppgifter p\u00e5 webbplatsen (inklusive telefonnummer): <strong>Ja<\/strong><\/li>\n<li> L\u00e4tt att f\u00e5 <a href=\"https:\/\/moverdb.com\/sv\/citat\/\">offerter f\u00f6r internationella flyttningar<\/a>? (Formul\u00e4r f\u00f6r beg\u00e4ran om uppskattning online): <strong>Ja<\/strong><\/li>\n<li> Tydlig information p\u00e5 webbplatsen: <strong>Ja,<\/strong> Webbplatsen ger en utm\u00e4rkt \u00f6verblick \u00f6ver allt som f\u00f6retaget har att erbjuda.<\/li>\n<li> Medlemskap i internationellt erk\u00e4nda flyttorganisationer: <strong>Ja<\/strong>, se ovan.<\/li>\n<li> F\u00f6rteckning \u00f6ver kunder och\/eller tidigare kundreferenser: <strong>Ja,<\/strong> Det finns m\u00e5nga kundomd\u00f6men p\u00e5 webbplatsen.<\/li>\n<\/ol>\n<div itemprop=\"reviewRating\" itemscope itemtype=\"http:\/\/schema.org\/Rating\"><meta itemprop=\"worstRating\" content = \"0\" \/><meta itemprop=\"bestRating\" content=\"5\" \/><meta itemprop=\"ratingValue\" content=\"5\"><\/div>\n<p><strong>Sammanfattande betyg: 5\/5<\/strong><br \/>\n<strong>Datum f\u00f6r granskning:<\/strong> <span itemprop=\"datePublished\" content=\"2016-07-25\">25\/07\/2016<\/span>\n<\/div>\n<p>L\u00e4s mer om andra <a href=\"https:\/\/moverdb.com\/sv\/flyttfirmor\/\">internationella flyttfirmor<\/a>, <a href=\"https:\/\/moverdb.com\/sv\/us-canada-movers\/\">Flyttfirmor i USA<\/a> och v\u00e5r <a href=\"https:\/\/moverdb.com\/sv\/recensioner\/\">f\u00f6rklaring av granskningsprocessen<\/a>.<\/p>\n<p><strong>Webbplats:<\/strong> <a href=\"http:\/\/www.upack.com\" target=\"_blank\" rel=\"noopener\">http:\/\/www.upack.com<\/a><\/p>","protected":false},"excerpt":{"rendered":"<p>ABF U-Pack Moving offers its customers a variety of services for moving and self-packing and unpacking within the US, Canada and Puerto Rico. These services are listed below, together with a company profile and reviews. Types of Moves on Offer Cross-country moving Long distance moving &#8211; US, Canada, Puerto Rico Door to door moving Self-moving [&hellip;]<\/p>\n","protected":false},"author":1,"featured_media":0,"parent":0,"menu_order":0,"comment_status":"closed","ping_status":"closed","template":"","meta":{"_genesis_hide_title":false,"_genesis_hide_breadcrumbs":false,"_genesis_hide_singular_image":false,"_genesis_hide_footer_widgets":false,"_genesis_custom_body_class":"","_genesis_custom_post_class":"","_genesis_layout":"","footnotes":""},"class_list":{"0":"post-1061","1":"page","2":"type-page","3":"status-publish","5":"entry"},"_links":{"self":[{"href":"https:\/\/moverdb.com\/sv\/wp-json\/wp\/v2\/pages\/1061","targetHints":{"allow":["GET"]}}],"collection":[{"href":"https:\/\/moverdb.com\/sv\/wp-json\/wp\/v2\/pages"}],"about":[{"href":"https:\/\/moverdb.com\/sv\/wp-json\/wp\/v2\/types\/page"}],"author":[{"embeddable":true,"href":"https:\/\/moverdb.com\/sv\/wp-json\/wp\/v2\/users\/1"}],"replies":[{"embeddable":true,"href":"https:\/\/moverdb.com\/sv\/wp-json\/wp\/v2\/comments?post=1061"}],"version-history":[{"count":6,"href":"https:\/\/moverdb.com\/sv\/wp-json\/wp\/v2\/pages\/1061\/revisions"}],"predecessor-version":[{"id":6248,"href":"https:\/\/moverdb.com\/sv\/wp-json\/wp\/v2\/pages\/1061\/revisions\/6248"}],"wp:attachment":[{"href":"https:\/\/moverdb.com\/sv\/wp-json\/wp\/v2\/media?parent=1061"}],"curies":[{"name":"wp","href":"https:\/\/api.w.org\/{rel}","templated":true}]}}